{"id":1496,"date":"2021-02-19T10:13:42","date_gmt":"2021-02-19T03:13:42","guid":{"rendered":"https:\/\/tourdao.com.vn\/?post_type=product&#038;p=1496"},"modified":"2026-03-05T13:30:30","modified_gmt":"2026-03-05T06:30:30","slug":"thue-cano-di-hon-mun","status":"publish","type":"product","link":"https:\/\/tourdaonhatrang.com\/en\/thue-cano-di-hon-mun\/","title":{"rendered":"Rent a canoe to Hon Mun Nha Trang"},"content":{"rendered":"<div id=\"ez-toc-container\" class=\"ez-toc-v2_0_82_2 counter-hierarchy ez-toc-counter ez-toc-grey ez-toc-container-direction\">\n<div class=\"ez-toc-title-container\">\n<p class=\"ez-toc-title\" style=\"cursor:inherit\">Content<\/p>\n<span class=\"ez-toc-title-toggle\"><a href=\"#\" class=\"ez-toc-pull-right ez-toc-btn ez-toc-btn-xs ez-toc-btn-default ez-toc-toggle\" aria-label=\"Toggle Table of Content\"><span class=\"ez-toc-js-icon-con\"><span class=\"\"><span class=\"eztoc-hide\" style=\"display:none;\">Toggle<\/span><span class=\"ez-toc-icon-toggle-span\"><svg style=\"fill: #999;color:#999\" xmlns=\"http:\/\/www.w3.org\/2000\/svg\" class=\"list-377408\" width=\"20px\" height=\"20px\" viewbox=\"0 0 24 24\" fill=\"none\"><path d=\"M6 6H4v2h2V6zm14 0H8v2h12V6zM4 11h2v2H4v-2zm16 0H8v2h12v-2zM4 16h2v2H4v-2zm16 0H8v2h12v-2z\" fill=\"currentColor\"><\/path><\/svg><svg style=\"fill: #999;color:#999\" class=\"arrow-unsorted-368013\" xmlns=\"http:\/\/www.w3.org\/2000\/svg\" width=\"10px\" height=\"10px\" viewbox=\"0 0 24 24\" version=\"1.2\" baseprofile=\"tiny\"><path d=\"M18.2 9.3l-6.2-6.3-6.2 6.3c-.2.2-.3.4-.3.7s.1.5.3.7c.2.2.4.3.7.3h11c.3 0 .5-.1.7-.3.2-.2.3-.5.3-.7s-.1-.5-.3-.7zM5.8 14.7l6.2 6.3 6.2-6.3c.2-.2.3-.5.3-.7s-.1-.5-.3-.7c-.2-.2-.4-.3-.7-.3h-11c-.3 0-.5.1-.7.3-.2.2-.3.5-.3.7s.1.5.3.7z\"\/><\/svg><\/span><\/span><\/span><\/a><\/span><\/div>\n<nav><ul class='ez-toc-list ez-toc-list-level-1' ><li class='ez-toc-page-1 ez-toc-heading-level-1'><a class=\"ez-toc-link ez-toc-heading-1\" href=\"https:\/\/tourdaonhatrang.com\/en\/thue-cano-di-hon-mun\/#Thue_Cano_Di_Hon_Mun_Nha_Trang_%E2%80%93_Trai_Nghiem_Bien_Dao_Hoan_Hao\" >Thu\u00ea Cano \u0110i H\u00f2n Mun Nha Trang \u2013 Tr\u1ea3i Nghi\u1ec7m Bi\u1ec3n \u0110\u1ea3o Ho\u00e0n H\u1ea3o<\/a><ul class='ez-toc-list-level-2' ><li class='ez-toc-heading-level-2'><a class=\"ez-toc-link ez-toc-heading-2\" href=\"https:\/\/tourdaonhatrang.com\/en\/thue-cano-di-hon-mun\/#Gioi_thieu_dich_vu_thue_cano_di_Hon_Mun\" >Gi\u1edbi thi\u1ec7u d\u1ecbch v\u1ee5 thu\u00ea cano \u0111i H\u00f2n Mun<\/a><ul class='ez-toc-list-level-3' ><li class='ez-toc-heading-level-3'><a class=\"ez-toc-link ez-toc-heading-3\" href=\"https:\/\/tourdaonhatrang.com\/en\/thue-cano-di-hon-mun\/#Vi_sao_nen_chon_Hon_Mun\" >V\u00ec sao n\u00ean ch\u1ecdn H\u00f2n Mun?<\/a><\/li><li class='ez-toc-page-1 ez-toc-heading-level-3'><a class=\"ez-toc-link ez-toc-heading-4\" href=\"https:\/\/tourdaonhatrang.com\/en\/thue-cano-di-hon-mun\/#Dich_vu_thue_cano_%E2%80%93_thong_tin_co_ban\" >D\u1ecbch v\u1ee5 thu\u00ea cano \u2013 th\u00f4ng tin c\u01a1 b\u1ea3n<\/a><\/li><li class='ez-toc-page-1 ez-toc-heading-level-3'><a class=\"ez-toc-link ez-toc-heading-5\" href=\"https:\/\/tourdaonhatrang.com\/en\/thue-cano-di-hon-mun\/#Bang_gia_lich_trinh_linh_hoat\" >B\u1ea3ng gi\u00e1 &amp; l\u1ecbch tr\u00ecnh linh ho\u1ea1t<\/a><\/li><\/ul><\/li><li class='ez-toc-page-1 ez-toc-heading-level-2'><a class=\"ez-toc-link ez-toc-heading-6\" href=\"https:\/\/tourdaonhatrang.com\/en\/thue-cano-di-hon-mun\/#Kinh_nghiem_thue_cano_di_Hon_Mun_tu_A_toi_Z\" >Kinh nghi\u1ec7m thu\u00ea cano \u0111i H\u00f2n Mun t\u1eeb A t\u1edbi Z<\/a><ul class='ez-toc-list-level-3' ><li class='ez-toc-heading-level-3'><a class=\"ez-toc-link ez-toc-heading-7\" href=\"https:\/\/tourdaonhatrang.com\/en\/thue-cano-di-hon-mun\/#Len_lich_som_va_chon_khung_gio_phu_hop\" >L\u00ean l\u1ecbch s\u1edbm v\u00e0 ch\u1ecdn khung gi\u1edd ph\u00f9 h\u1ee3p<\/a><\/li><li class='ez-toc-page-1 ez-toc-heading-level-3'><a class=\"ez-toc-link ez-toc-heading-8\" href=\"https:\/\/tourdaonhatrang.com\/en\/thue-cano-di-hon-mun\/#Kiem_tra_chat_luong_va_uy_tin_don_vi_cho_thue\" >Ki\u1ec3m tra ch\u1ea5t l\u01b0\u1ee3ng v\u00e0 uy t\u00edn \u0111\u01a1n v\u1ecb cho thu\u00ea<\/a><\/li><li class='ez-toc-page-1 ez-toc-heading-level-3'><a class=\"ez-toc-link ez-toc-heading-9\" href=\"https:\/\/tourdaonhatrang.com\/en\/thue-cano-di-hon-mun\/#Chuan_bi_hanh_trang_can_thiet\" >Chu\u1ea9n b\u1ecb h\u00e0nh trang c\u1ea7n thi\u1ebft<\/a><\/li><li class='ez-toc-page-1 ez-toc-heading-level-3'><a class=\"ez-toc-link ez-toc-heading-10\" href=\"https:\/\/tourdaonhatrang.com\/en\/thue-cano-di-hon-mun\/#Lua_chon_thoi_diem_va_luu_y_thoi_tiet\" >L\u1ef1a ch\u1ecdn th\u1eddi \u0111i\u1ec3m v\u00e0 l\u01b0u \u00fd th\u1eddi ti\u1ebft<\/a><\/li><li class='ez-toc-page-1 ez-toc-heading-level-3'><a class=\"ez-toc-link ez-toc-heading-11\" href=\"https:\/\/tourdaonhatrang.com\/en\/thue-cano-di-hon-mun\/#Loi_ich_khi_chon_thue_cano_rieng\" >L\u1ee3i \u00edch khi ch\u1ecdn thu\u00ea cano ri\u00eang<\/a><\/li><li class='ez-toc-page-1 ez-toc-heading-level-3'><a class=\"ez-toc-link ez-toc-heading-12\" href=\"https:\/\/tourdaonhatrang.com\/en\/thue-cano-di-hon-mun\/#Luu_y_bao_ve_moi_truong_va_tuan_thu_quy_dinh\" >L\u01b0u \u00fd b\u1ea3o v\u1ec7 m\u00f4i tr\u01b0\u1eddng v\u00e0 tu\u00e2n th\u1ee7 quy \u0111\u1ecbnh<\/a><\/li><li class='ez-toc-page-1 ez-toc-heading-level-3'><a class=\"ez-toc-link ez-toc-heading-13\" href=\"https:\/\/tourdaonhatrang.com\/en\/thue-cano-di-hon-mun\/#Loi_ket\" >Conclusion<\/a><\/li><\/ul><\/li><\/ul><\/li><\/ul><\/nav><\/div>\n<h1><span class=\"ez-toc-section\" id=\"Thue_Cano_Di_Hon_Mun_Nha_Trang_%E2%80%93_Trai_Nghiem_Bien_Dao_Hoan_Hao\"><\/span>Thu\u00ea Cano \u0110i H\u00f2n Mun Nha Trang \u2013 Tr\u1ea3i Nghi\u1ec7m Bi\u1ec3n \u0110\u1ea3o Ho\u00e0n H\u1ea3o<span class=\"ez-toc-section-end\"><\/span><\/h1>\n<h2><span class=\"ez-toc-section\" id=\"Gioi_thieu_dich_vu_thue_cano_di_Hon_Mun\"><\/span>Gi\u1edbi thi\u1ec7u d\u1ecbch v\u1ee5 thu\u00ea cano \u0111i H\u00f2n Mun<span class=\"ez-toc-section-end\"><\/span><\/h2>\n<p>N\u1ebfu b\u1ea1n \u0111ang t\u00ecm m\u1ed9t ph\u01b0\u01a1ng ti\u1ec7n nhanh, an to\u00e0n v\u00e0 linh ho\u1ea1t \u0111\u1ec3 kh\u00e1m ph\u00e1 c\u00e1c \u0111\u1ea3o \u0111\u1eb9p quanh V\u1ecbnh Nha Trang, th\u00ec vi\u1ec7c thu\u00ea cano \u0111i H\u00f2n Mun Nha Trang ch\u00ednh l\u00e0 l\u1ef1a ch\u1ecdn l\u00fd t\u01b0\u1edfng. D\u1ecbch v\u1ee5 n\u00e0y mang \u0111\u1ebfn cho b\u1ea1n tr\u1ea3i nghi\u1ec7m ri\u00eang t\u01b0, tho\u1ea3i m\u00e1i v\u00e0<\/p>\n<p>ch\u1ee7 \u0111\u1ed9ng \u2013 kh\u00e1c h\u1eb3n v\u1edbi tour chung \u0111\u00f4ng ng\u01b0\u1eddi.<\/p>\n<p>T\u1eeb c\u1ea3ng kh\u1edfi h\u00e0nh t\u1ea1i C\u1ea7u \u0110\u00e1 (Nha Trang) b\u1ea1n s\u1ebd l\u01b0\u1edbt s\u00f3ng cano cao t\u1ed1c \u0111\u1ebfn H\u00f2n Mun, v\u1edbi th\u1eddi gian di chuy\u1ec3n nhanh v\u00e0 kh\u00f4ng b\u1ecb g\u00f2 b\u00f3 kh\u1edfi h\u00e0nh nh\u01b0 c\u00e1c tour l\u1edbn.<\/p>\n<h3><span class=\"ez-toc-section\" id=\"Vi_sao_nen_chon_Hon_Mun\"><\/span>V\u00ec sao n\u00ean ch\u1ecdn H\u00f2n Mun?<span class=\"ez-toc-section-end\"><\/span><\/h3>\n<p>H\u00f2n Mun kh\u00f4ng ch\u1ec9 l\u00e0 m\u1ed9t h\u00f2n \u0111\u1ea3o \u0111\u1eb9p m\u00e0 c\u00f2n l\u00e0 khu b\u1ea3o t\u1ed3n r\u1ea1n san h\u00f4 n\u1ed5i ti\u1ebfng c\u1ee7a Vi\u1ec7t Nam.<\/p>\n<p>N\u01b0\u1edbc bi\u1ec3n trong xanh, t\u1ea7m nh\u00ecn t\u1edbi \u0111\u00e1y, r\u1ea5t l\u00fd t\u01b0\u1edfng cho ho\u1ea1t \u0111\u1ed9ng l\u1eb7n bi\u1ec3n, snorkeling.<\/p>\n<p>C\u1ea3nh quan thi\u00ean nhi\u00ean hoang s\u01a1 h\u01a1n c\u00e1c \u0111\u1ea3o tham quan \u1ed3 \u00e0 kh\u00e1c, ph\u00f9 h\u1ee3p cho nh\u1eefng ai mu\u1ed1n tr\u00e1nh \u0111\u00f4ng kh\u00e1ch, kh\u00e1m ph\u00e1 s\u00e2u h\u01a1n.<\/p>\n<p>Vi\u1ec7c thu\u00ea cano cho ph\u00e9p b\u1ea1n ch\u1ee7 \u0111\u1ed9ng th\u1eddi gian d\u1eebng, \u0111i v\u1eafng ho\u1eb7c \u1edf l\u00e2u h\u01a1n n\u1ebfu mu\u1ed1n \u2013 thay v\u00ec ph\u1ea3i theo l\u1ecbch c\u1ed1 \u0111\u1ecbnh tour.<\/p>\n<h3><span class=\"ez-toc-section\" id=\"Dich_vu_thue_cano_%E2%80%93_thong_tin_co_ban\"><\/span>D\u1ecbch v\u1ee5 thu\u00ea cano \u2013 th\u00f4ng tin c\u01a1 b\u1ea3n<span class=\"ez-toc-section-end\"><\/span><\/h3>\n<ul>\n<li>\u0110i\u1ec3m kh\u1edfi h\u00e0nh: C\u1ea3ng du l\u1ecbch C\u1ea7u \u0110\u00e1, Nha Trang.<\/li>\n<li>Khung gi\u1edd kh\u1edfi h\u00e0nh: 8:00 \u2013 8:30 \u2013 9:00 \u2013 9:30 \u2013 10:00.<\/li>\n<li>Gi\u1edd v\u1ec1: 15:00 \u2013 15:30 \u2013 16:00.<\/li>\n<li>Bao g\u1ed3m: Cano v\u1eadn chuy\u1ec3n kh\u00e1ch, ph\u00ed c\u1ea3ng, \u00e1o phao.<\/li>\n<li>Ch\u01b0a bao g\u1ed3m: V\u00e9 l\u00ean \u0111\u1ea3o, c\u00e1c m\u00f4n th\u1ec3 thao bi\u1ec3n (kayak, m\u00f4 t\u00f4 n\u01b0\u1edbc, d\u00f9 l\u01b0\u1ee3n, phao chu\u1ed1i\u2026), \u0103n u\u1ed1ng.<\/li>\n<li>L\u01b0u \u00fd ph\u1ee5 thu: Th\u1ee9 7\u2013Ch\u1ee7 nh\u1eadt ph\u1ee5 thu 200.000\u0111\/chuy\u1ebfn, ng\u00e0y l\u1ec5 ph\u1ee5 thu 300.000\u0111\/chuy\u1ebfn.<\/li>\n<li>Tr\u1ebb em: D\u01b0\u1edbi 1 m\u00e9t mi\u1ec5n ph\u00ed.<\/li>\n<\/ul>\n<h3><span class=\"ez-toc-section\" id=\"Bang_gia_lich_trinh_linh_hoat\"><\/span>B\u1ea3ng gi\u00e1 &amp; l\u1ecbch tr\u00ecnh linh ho\u1ea1t<span class=\"ez-toc-section-end\"><\/span><\/h3>\n<p>Gi\u00e1 thu\u00ea cano s\u1ebd ph\u1ee5 thu\u1ed9c v\u00e0o nhi\u1ec1u y\u1ebfu t\u1ed1 nh\u01b0 lo\u1ea1i cano (s\u1ed1 ch\u1ed7 ng\u1ed3i l\u1edbn \u2013 nh\u1ecf), s\u1ed1 l\u01b0\u1ee3ng ng\u01b0\u1eddi, \u0111\u1ea3o tham quan, h\u00e0nh tr\u00ecnh \u0111i nhi\u1ec1u \u0111\u1ea3o hay ch\u1ec9 H\u00f2n Mun.<\/p>\n<p>H\u00ecnh th\u1ee9c l\u1ecbch tr\u00ecnh b\u1ea1n c\u00f3 th\u1ec3 ch\u1ecdn:<\/p>\n<ul>\n<li>H\u00f2n S\u1ecfi \u2013 B\u00e3i Tranh \u2013 V\u1ecbnh San H\u00f4 \u2013 L\u00e0ng Ch\u00e0i<\/li>\n<li>H\u00f2n S\u1ecfi \u2013 B\u00e3i Mini \u2013 H\u00f2n T\u1eb1m \u2013 L\u00e0ng Ch\u00e0i<\/li>\n<li>H\u1ed3 C\u00e1 \u2013 B\u00e3i S\u1ea1n \u2013 B\u00e3i Mini \u2013 L\u00e0ng Ch\u00e0i \u2013 H\u00f2n Mun \u2013 H\u00f2n T\u1eb1m (\u2026v\u00e0 nhi\u1ec1u l\u1ef1a ch\u1ecdn kh\u00e1c)<\/li>\n<li>Vi\u1ec7c b\u1ea1n ch\u1ecdn ch\u1ec9 H\u00f2n Mun ho\u1eb7c H\u00f2n Mun + th\u00eam \u0111\u1ea3o kh\u00e1c s\u1ebd c\u00f3 gi\u00e1 kh\u00e1c nhau \u2013 n\u00ean b\u1ea1n c\u1ea7n th\u01b0\u01a1ng l\u01b0\u1ee3ng r\u00f5 v\u1edbi \u0111\u01a1n v\u1ecb cho thu\u00ea cano.<\/li>\n<\/ul>\n<h2><span class=\"ez-toc-section\" id=\"Kinh_nghiem_thue_cano_di_Hon_Mun_tu_A_toi_Z\"><\/span>Kinh nghi\u1ec7m thu\u00ea cano \u0111i H\u00f2n Mun t\u1eeb A t\u1edbi Z<span class=\"ez-toc-section-end\"><\/span><\/h2>\n<h3><span class=\"ez-toc-section\" id=\"Len_lich_som_va_chon_khung_gio_phu_hop\"><\/span>L\u00ean l\u1ecbch s\u1edbm v\u00e0 ch\u1ecdn khung gi\u1edd ph\u00f9 h\u1ee3p<span class=\"ez-toc-section-end\"><\/span><\/h3>\n<ul>\n<li>V\u00ec H\u00f2n Mun n\u1eb1m \u1edf v\u1ecb tr\u00ed xa h\u01a1n nhi\u1ec1u so v\u1edbi m\u1ed9t s\u1ed1 \u0111\u1ea3o g\u1ea7n b\u1edd, vi\u1ec7c kh\u1edfi h\u00e0nh s\u1edbm gi\u00fap b\u1ea1n c\u00f3 th\u1eddi gian nhi\u1ec1u h\u01a1n \u0111\u1ec3 tham quan v\u00e0 th\u01b0 gi\u00e3n.<\/li>\n<li>H\u1ea1n ch\u1ebf kh\u1edfi h\u00e0nh tr\u1ec5 v\u00ec c\u00f3 th\u1ec3 \u1ea3nh h\u01b0\u1edfng th\u1eddi gian v\u1ec1, \u0111\u1eb7c bi\u1ec7t n\u1ebfu b\u1ea1n c\u00f3 l\u1ecbch kh\u00e1c trong chi\u1ec1u.<\/li>\n<li>Tr\u00e1nh \u0111i v\u00e0o gi\u1edd cao \u0111i\u1ec3m \u0111\u00f4ng kh\u00e1ch \u0111\u1ec3 tr\u00e1nh vi\u1ec7c cano b\u1ecb \u201cgh\u00e9p\u201d nhi\u1ec1u nh\u00f3m.<\/li>\n<\/ul>\n<h3><span class=\"ez-toc-section\" id=\"Kiem_tra_chat_luong_va_uy_tin_don_vi_cho_thue\"><\/span>Ki\u1ec3m tra ch\u1ea5t l\u01b0\u1ee3ng v\u00e0 uy t\u00edn \u0111\u01a1n v\u1ecb cho thu\u00ea<span class=\"ez-toc-section-end\"><\/span><\/h3>\n<ul>\n<li>\u0110\u1ea3m b\u1ea3o cano c\u00f3 \u0111\u1ea7y \u0111\u1ee7 \u00e1o phao, phao c\u1ee9u sinh, \u0111\u1ed9i l\u00e1i c\u00f3 b\u1eb1ng c\u1ea5p, chuy\u00ean nghi\u1ec7p.<\/li>\n<li>H\u1ecfi r\u00f5 v\u1ec1 s\u1ed1 l\u01b0\u1ee3ng kh\u00e1ch s\u1ebd \u0111i c\u00f9ng (n\u1ebfu thu\u00ea chung) ho\u1eb7c \u0111\u1ea3m b\u1ea3o l\u00e0 thu\u00ea ri\u00eang n\u1ebfu b\u1ea1n mu\u1ed1n ri\u00eang t\u01b0.<\/li>\n<li>\u0110\u1eb7t r\u00f5 l\u1ecbch tr\u00ecnh, gi\u1edd kh\u1edfi h\u00e0nh, gi\u1edd v\u1ec1, c\u00e1c \u0111\u1ea3o s\u1ebd \u0111i, gi\u00e1 c\u1ea3 ph\u1ee5 thu n\u1ebfu \u0111i th\u1ee9 7\/ch\u1ee7 nh\u1eadt\/ l\u1ec5.<\/li>\n<li>Ki\u1ec3m tra h\u1ee3p \u0111\u1ed3ng ho\u1eb7c th\u1ecfa thu\u1eadn b\u1eb1ng v\u0103n b\u1ea3n r\u00f5 r\u00e0ng \u0111\u1ec3 tr\u00e1nh ph\u00e1t sinh chi ph\u00ed ngo\u00e0i k\u1ebf ho\u1ea1ch.<\/li>\n<\/ul>\n<h3><span class=\"ez-toc-section\" id=\"Chuan_bi_hanh_trang_can_thiet\"><\/span>Chu\u1ea9n b\u1ecb h\u00e0nh trang c\u1ea7n thi\u1ebft<span class=\"ez-toc-section-end\"><\/span><\/h3>\n<ul>\n<li>Qu\u1ea7n \u00e1o b\u01a1i, kh\u0103n t\u1eafm, \u0111\u1ed3 g\u1ecdn nh\u1eb9 v\u00ec b\u1ea1n s\u1ebd xu\u1ed1ng n\u01b0\u1edbc nhi\u1ec1u.<\/li>\n<li>Kem ch\u1ed1ng n\u1eafng, k\u00ednh m\u00e1t, d\u00e9p l\u00ea ho\u1eb7c gi\u00e0y nh\u1ef1a \u0111\u1ec3 \u0111i tr\u00ean b\u00e3i \u0111\u00e1\/tr\u01a1n.<\/li>\n<li>M\u00e1y \u1ea3nh ho\u1eb7c \u0111i\u1ec7n tho\u1ea1i ch\u1ed1ng n\u01b0\u1edbc n\u1ebfu c\u00f3 \u2013 v\u00ec c\u1ea3nh d\u01b0\u1edbi n\u01b0\u1edbc H\u00f2n Mun r\u1ea5t \u0111\u1eb9p \u0111\u1ec3 l\u01b0u gi\u1eef.<\/li>\n<li>Mang \u00edt ti\u1ec1n ti\u00eau th\u00eam cho c\u00e1c d\u1ecbch v\u1ee5 tr\u00ean \u0111\u1ea3o ho\u1eb7c \u0103n u\u1ed1ng, v\u00ec th\u01b0\u1eddng c\u00e1c tour thu\u00ea cano kh\u00f4ng bao g\u1ed3m \u0103n.<\/li>\n<li>\u0110\u1eebng qu\u00ean mang theo th\u00e1i \u0111\u1ed9 tho\u1ea3i m\u00e1i, b\u1ea3o v\u1ec7 m\u00f4i tr\u01b0\u1eddng bi\u1ec3n (kh\u00f4ng x\u1ea3 r\u00e1c xu\u1ed1ng bi\u1ec3n, kh\u00f4ng ph\u00e1 san h\u00f4).<\/li>\n<\/ul>\n<h3><span class=\"ez-toc-section\" id=\"Lua_chon_thoi_diem_va_luu_y_thoi_tiet\"><\/span>L\u1ef1a ch\u1ecdn th\u1eddi \u0111i\u1ec3m v\u00e0 l\u01b0u \u00fd th\u1eddi ti\u1ebft<span class=\"ez-toc-section-end\"><\/span><\/h3>\n<p>N\u00ean \u0111i v\u00e0o m\u00f9a kh\u00f4 (kho\u1ea3ng th\u00e1ng 2 \u2013 th\u00e1ng 9) khi th\u1eddi ti\u1ebft \u0111\u1eb9p, bi\u1ec3n l\u1eb7ng.<\/p>\n<p>Tr\u00e1nh \u0111i khi c\u00f3 d\u1ef1 b\u00e1o gi\u00f3 m\u1ea1nh, s\u00f3ng l\u1edbn v\u00ec \u1ea3nh h\u01b0\u1edfng \u0111\u1ebfn an to\u00e0n v\u00e0 tr\u1ea3i nghi\u1ec7m.<\/p>\n<p>Tr\u01b0\u1edbc khi kh\u1edfi h\u00e0nh, h\u1ecfi \u0111\u01a1n v\u1ecb cho thu\u00ea cano v\u1ec1 t\u00ecnh tr\u1ea1ng th\u1eddi ti\u1ebft, n\u1ebfu c\u1ea7n \u0111\u1ed5i ng\u00e0y th\u00ec h\u00e3y linh ho\u1ea1t.<\/p>\n<h3><span class=\"ez-toc-section\" id=\"Loi_ich_khi_chon_thue_cano_rieng\"><\/span>L\u1ee3i \u00edch khi ch\u1ecdn thu\u00ea cano ri\u00eang<span class=\"ez-toc-section-end\"><\/span><\/h3>\n<p>T\u1ef1 do l\u1ecbch tr\u00ecnh: B\u1ea1n c\u00f3 th\u1ec3 d\u1eebng \u1edf H\u00f2n Mun l\u00e2u h\u01a1n, t\u00f9y ch\u1ecdn th\u00eam ho\u1eb7c b\u1ecf \u0111i \u0111\u1ea3o kh\u00e1c.<\/p>\n<p>Ri\u00eang t\u01b0 h\u01a1n: n\u1ebfu \u0111i nh\u00f3m b\u1ea1n ho\u1eb7c gia \u0111\u00ecnh, thu\u00ea ri\u00eang cano gi\u00fap t\u1ea1o kh\u00f4ng kh\u00ed ri\u00eang, tho\u1ea3i m\u00e1i h\u01a1n.<\/p>\n<p>Nhanh v\u00e0 thu\u1eadn ti\u1ec7n: Cano cao t\u1ed1c gi\u00fap b\u1ea1n r\u00fat ng\u1eafn th\u1eddi gian di chuy\u1ec3n, t\u1eadn d\u1ee5ng nhi\u1ec1u th\u1eddi gian tr\u00ean \u0111\u1ea3o h\u01a1n.<\/p>\n<p>Ch\u1ee7 \u0111\u1ed9ng h\u01a1n v\u1ec1 s\u1ed1 l\u01b0\u1ee3ng ng\u01b0\u1eddi v\u00e0 chi ph\u00ed: b\u1ea1n ch\u1ec9 tr\u1ea3 cho s\u1ed1 ch\u1ed7 s\u1eed d\u1ee5ng, kh\u00f4ng ph\u1ea3i chia chung v\u1edbi tour \u0111\u00f4ng ng\u01b0\u1eddi.<\/p>\n<h3><span class=\"ez-toc-section\" id=\"Luu_y_bao_ve_moi_truong_va_tuan_thu_quy_dinh\"><\/span>L\u01b0u \u00fd b\u1ea3o v\u1ec7 m\u00f4i tr\u01b0\u1eddng v\u00e0 tu\u00e2n th\u1ee7 quy \u0111\u1ecbnh<span class=\"ez-toc-section-end\"><\/span><\/h3>\n<p>H\u00f2n Mun l\u00e0 khu b\u1ea3o t\u1ed3n r\u1ea1n san h\u00f4, n\u00ean tr\u00e1nh m\u1ecdi h\u00e0nh \u0111\u1ed9ng g\u00e2y h\u1ea1i: kh\u00f4ng \u0111\u00e1 l\u00ean san h\u00f4, kh\u00f4ng mang san h\u00f4 v\u1ec1 nh\u00e0, kh\u00f4ng th\u1ea3 r\u00e1c.<\/p>\n<p>Tu\u00e2n th\u1ee7 h\u01b0\u1edbng d\u1eabn c\u1ee7a \u0111\u1ed9i l\u00e1i cano v\u00e0 nh\u00e2n vi\u00ean tr\u00ean \u0111\u1ea3o v\u1ec1 khu v\u1ef1c an to\u00e0n, kh\u00f4ng \u0111i l\u1eb7n \u1edf n\u01a1i c\u1ea5m.<\/p>\n<p>Chia s\u1ebb kinh nghi\u1ec7m v\u1edbi b\u1ea1n b\u00e8, gia \u0111\u00ecnh vi\u1ec7c gi\u1eef g\u00ecn v\u1ebb \u0111\u1eb9p thi\u00ean nhi\u00ean \u0111\u1ec3 n\u1ebfu b\u1ea1n quay l\u1ea1i sau nhi\u1ec1u n\u0103m v\u1eabn \u0111\u01b0\u1ee3c nh\u01b0 l\u00fac \u0111\u1ea7u.<\/p>\n<h3><span class=\"ez-toc-section\" id=\"Loi_ket\"><\/span>Conclusion<span class=\"ez-toc-section-end\"><\/span><\/h3>\n<p>Vi\u1ec7c thu\u00ea cano \u0111i H\u00f2n Mun Nha Trang l\u00e0 s\u1ef1 l\u1ef1a ch\u1ecdn c\u1ef1c k\u1ef3 h\u1ee3p l\u00fd cho nh\u1eefng ai mu\u1ed1n tr\u1ea3i nghi\u1ec7m bi\u1ec3n \u0111\u1ea3o Nha Trang theo c\u00e1ch ri\u00eang \u2013 nhanh, linh ho\u1ea1t, tr\u1ecdn v\u1eb9n. V\u1edbi bi\u1ec3n xanh, san h\u00f4 r\u1ef1c r\u1ee1, khung c\u1ea3nh thi\u00ean nhi\u00ean t\u0129nh l\u1eb7ng h\u01a1n so v\u1edbi c\u00e1c tour<\/p>\n<p>\u0111o\u00e0n l\u1edbn, H\u00f2n Mun ch\u1eafc ch\u1eafn s\u1ebd \u0111\u1ec3 l\u1ea1i d\u1ea5u \u1ea5n kh\u00f3 qu\u00ean.<\/p>\n<p>N\u1ebfu b\u1ea1n \u0111ang c\u00f3 k\u1ebf ho\u1ea1ch t\u1edbi Nha Trang, \u0111\u1eebng b\u1ecf qua d\u1ecbch v\u1ee5 n\u00e0y. H\u00e3y li\u00ean h\u1ec7 s\u1edbm v\u1edbi \u0111\u01a1n v\u1ecb cho thu\u00ea cano \u0111\u1ec3 \u0111\u1eb7t l\u1ecbch, ki\u1ec3m tra gi\u00e1, v\u00e0 chu\u1ea9n b\u1ecb h\u00e0nh trang th\u1eadt t\u1ed1t cho chuy\u1ebfn \u0111i c\u1ee7a b\u1ea1n.<\/p>\n<p>Ch\u00fac b\u1ea1n c\u00f3 m\u1ed9t chuy\u1ebfn \u0111i ra \u0111\u1ea3o H\u00f2n Mun th\u1eadt nhi\u1ec1u tr\u1ea3i nghi\u1ec7m, ghi l\u1ea1i nhi\u1ec1u kho\u1ea3nh kh\u1eafc \u0111\u1eb9p v\u00e0 l\u01b0u gi\u1eef nh\u1eefng k\u1ef7 ni\u1ec7m \u0111\u00e1ng nh\u1edb<\/p>","protected":false},"excerpt":{"rendered":"<h3><span style=\"color: #0000ff;\"><strong>Rent a canoe to Hon Mun Nha Trang<\/strong><\/span><\/h3>\n<ul>\n<li>Tour 1 island: Mini Beach, Vipearl<\/li>\n<li>2 island tour: Bai Tranh - Hon Soi<\/li>\n<li>3-island tour: Hon Mun \u2013 Fishing Village \u2013 Hon Tam<\/li>\n<li>Canoe rental is calculated by number of people.<\/li>\n<li><strong><span style=\"color: #0000ff;\">Offer 5%<\/span><\/strong><\/li>\n<\/ul>\n<div class=\"hJDwNd-AhqUyc-qWD73c purZT-AhqUyc-II5mzb pSzOP-AhqUyc-qWD73c JNdkSc\">\n<div class=\"JNdkSc-SmKAyb\">\n<div class=\"\">\n<div class=\"oKdM2c Kzv0Me\"><\/div>\n<\/div>\n<\/div>\n<\/div>\n<div class=\"hJDwNd-AhqUyc-qWD73c purZT-AhqUyc-II5mzb pSzOP-AhqUyc-qWD73c JNdkSc\">\n<div class=\"JNdkSc-SmKAyb\">\n<div class=\"\">\n<div class=\"oKdM2c Kzv0Me\">\n<div id=\"h.f128f2fe5256b73_1433\" class=\"hJDwNd-AhqUyc-qWD73c jXK9ad D2fZ2 OjCsFc wHaque GNzUNc\">\n<div class=\"jXK9ad-SmKAyb\">\n<div class=\"tyJCtd mGzaTb baZpAe\">\n<div class=\"row row-small mua-ngay-button\">\n<div class=\"cot1 medium-6 small-12 large-6\">\n<div class=\"col-inner\"><a class=\"button primary is-large lowercase expand\" style=\"border-radius: 3px;\" href=\"https:\/\/zalo.me\/0849256256\" target=\"_blank\" rel=\"noopener noreferrer\"><i class=\"icon-checkmark\"><\/i> Chat Zalo<br \/>\n<\/a><\/div>\n<\/div>\n<div class=\"cot2 medium-6 small-12 large-6\">\n<div class=\"col-inner\"><a class=\"button success is-large lowercase expand\" style=\"border-radius: 3px;\" href=\"https:\/\/tourdaonhatrang.com\/en\/cho-thue-cano-nha-trang\/\" target=\"_self\" rel=\"noopener\">Book a canoe now<\/a><\/div>\n<\/div>\n<\/div>\n<\/div>\n<\/div>\n<\/div>\n<\/div>\n<\/div>\n<\/div>\n<\/div>","protected":false},"featured_media":26915,"comment_status":"open","ping_status":"closed","template":"","meta":[],"product_brand":[],"product_cat":[644],"product_tag":[88],"class_list":{"0":"post-1496","1":"product","2":"type-product","3":"status-publish","4":"has-post-thumbnail","6":"product_cat-thue-cano","7":"product_tag-thue-cano-nha-trang","9":"first","10":"instock","11":"shipping-taxable","12":"product-type-simple"},"_links":{"self":[{"href":"https:\/\/tourdaonhatrang.com\/en\/wp-json\/wp\/v2\/product\/1496","targetHints":{"allow":["GET"]}}],"collection":[{"href":"https:\/\/tourdaonhatrang.com\/en\/wp-json\/wp\/v2\/product"}],"about":[{"href":"https:\/\/tourdaonhatrang.com\/en\/wp-json\/wp\/v2\/types\/product"}],"replies":[{"embeddable":true,"href":"https:\/\/tourdaonhatrang.com\/en\/wp-json\/wp\/v2\/comments?post=1496"}],"wp:featuredmedia":[{"embeddable":true,"href":"https:\/\/tourdaonhatrang.com\/en\/wp-json\/wp\/v2\/media\/26915"}],"wp:attachment":[{"href":"https:\/\/tourdaonhatrang.com\/en\/wp-json\/wp\/v2\/media?parent=1496"}],"wp:term":[{"taxonomy":"product_brand","embeddable":true,"href":"https:\/\/tourdaonhatrang.com\/en\/wp-json\/wp\/v2\/product_brand?post=1496"},{"taxonomy":"product_cat","embeddable":true,"href":"https:\/\/tourdaonhatrang.com\/en\/wp-json\/wp\/v2\/product_cat?post=1496"},{"taxonomy":"product_tag","embeddable":true,"href":"https:\/\/tourdaonhatrang.com\/en\/wp-json\/wp\/v2\/product_tag?post=1496"}],"curies":[{"name":"wp","href":"https:\/\/api.w.org\/{rel}","templated":true}]}}