{"id":1510,"date":"2021-02-15T07:41:57","date_gmt":"2021-02-15T00:41:57","guid":{"rendered":"https:\/\/tourdao.com.vn\/?post_type=product&#038;p=1510"},"modified":"2025-12-10T07:21:58","modified_gmt":"2025-12-10T00:21:58","slug":"thue-cano-di-bai-tranh","status":"publish","type":"product","link":"https:\/\/tourdaonhatrang.com\/en\/thue-cano-di-bai-tranh\/","title":{"rendered":"Rent a canoe to go to Bai Tranh Nha Trang"},"content":{"rendered":"<div id=\"ez-toc-container\" class=\"ez-toc-v2_0_82_2 counter-hierarchy ez-toc-counter ez-toc-grey ez-toc-container-direction\">\n<div class=\"ez-toc-title-container\">\n<p class=\"ez-toc-title\" style=\"cursor:inherit\">Content<\/p>\n<span class=\"ez-toc-title-toggle\"><a href=\"#\" class=\"ez-toc-pull-right ez-toc-btn ez-toc-btn-xs ez-toc-btn-default ez-toc-toggle\" aria-label=\"Toggle Table of Content\"><span class=\"ez-toc-js-icon-con\"><span class=\"\"><span class=\"eztoc-hide\" style=\"display:none;\">Toggle<\/span><span class=\"ez-toc-icon-toggle-span\"><svg style=\"fill: #999;color:#999\" xmlns=\"http:\/\/www.w3.org\/2000\/svg\" class=\"list-377408\" width=\"20px\" height=\"20px\" viewbox=\"0 0 24 24\" fill=\"none\"><path d=\"M6 6H4v2h2V6zm14 0H8v2h12V6zM4 11h2v2H4v-2zm16 0H8v2h12v-2zM4 16h2v2H4v-2zm16 0H8v2h12v-2z\" fill=\"currentColor\"><\/path><\/svg><svg style=\"fill: #999;color:#999\" class=\"arrow-unsorted-368013\" xmlns=\"http:\/\/www.w3.org\/2000\/svg\" width=\"10px\" height=\"10px\" viewbox=\"0 0 24 24\" version=\"1.2\" baseprofile=\"tiny\"><path d=\"M18.2 9.3l-6.2-6.3-6.2 6.3c-.2.2-.3.4-.3.7s.1.5.3.7c.2.2.4.3.7.3h11c.3 0 .5-.1.7-.3.2-.2.3-.5.3-.7s-.1-.5-.3-.7zM5.8 14.7l6.2 6.3 6.2-6.3c.2-.2.3-.5.3-.7s-.1-.5-.3-.7c-.2-.2-.4-.3-.7-.3h-11c-.3 0-.5.1-.7.3-.2.2-.3.5-.3.7s.1.5.3.7z\"\/><\/svg><\/span><\/span><\/span><\/a><\/span><\/div>\n<nav><ul class='ez-toc-list ez-toc-list-level-1' ><li class='ez-toc-page-1 ez-toc-heading-level-1'><a class=\"ez-toc-link ez-toc-heading-1\" href=\"https:\/\/tourdaonhatrang.com\/en\/thue-cano-di-bai-tranh\/#Thue_Cano_Di_Bai_Tranh_Nha_Trang_%E2%80%93_Kham_Pha_Thien_Duong_Bien_Xanh_Muot\" >Thu\u00ea Cano \u0110i B\u00e3i Tranh Nha Trang \u2013 Kh\u00e1m Ph\u00e1 Thi\u00ean \u0110\u01b0\u1eddng Bi\u1ec3n Xanh M\u01b0\u1edbt<\/a><ul class='ez-toc-list-level-2' ><li class='ez-toc-heading-level-2'><a class=\"ez-toc-link ez-toc-heading-2\" href=\"https:\/\/tourdaonhatrang.com\/en\/thue-cano-di-bai-tranh\/#Gioi_thieu_ve_Bai_Tranh_Nha_Trang\" >Gi\u1edbi thi\u1ec7u v\u1ec1 B\u00e3i Tranh Nha Trang<\/a><ul class='ez-toc-list-level-3' ><li class='ez-toc-heading-level-3'><a class=\"ez-toc-link ez-toc-heading-3\" href=\"https:\/\/tourdaonhatrang.com\/en\/thue-cano-di-bai-tranh\/#Ly_Do_Nen_Thue_Cano_Rieng_Di_Bai_Tranh\" >L\u00fd Do N\u00ean Thu\u00ea Cano Ri\u00eang \u0110i B\u00e3i Tranh<\/a><\/li><li class='ez-toc-page-1 ez-toc-heading-level-3'><a class=\"ez-toc-link ez-toc-heading-4\" href=\"https:\/\/tourdaonhatrang.com\/en\/thue-cano-di-bai-tranh\/#Bang_Gia_Thue_Cano_Di_Bai_Tranh_Nha_Trang_Tham_Khao\" >B\u1ea3ng Gi\u00e1 Thu\u00ea Cano \u0110i B\u00e3i Tranh Nha Trang (Tham Kh\u1ea3o)<\/a><\/li><li class='ez-toc-page-1 ez-toc-heading-level-3'><a class=\"ez-toc-link ez-toc-heading-5\" href=\"https:\/\/tourdaonhatrang.com\/en\/thue-cano-di-bai-tranh\/#Trai_Nghiem_Khong_The_Bo_Qua_Tai_Bai_Tranh\" >Tr\u1ea3i Nghi\u1ec7m Kh\u00f4ng Th\u1ec3 B\u1ecf Qua T\u1ea1i B\u00e3i Tranh<\/a><\/li><li class='ez-toc-page-1 ez-toc-heading-level-3'><a class=\"ez-toc-link ez-toc-heading-6\" href=\"https:\/\/tourdaonhatrang.com\/en\/thue-cano-di-bai-tranh\/#Huong_Dan_Thue_Cano_Di_Bai_Tranh_Nha_Trang\" >H\u01b0\u1edbng D\u1eabn Thu\u00ea Cano \u0110i B\u00e3i Tranh Nha Trang<\/a><\/li><li class='ez-toc-page-1 ez-toc-heading-level-3'><a class=\"ez-toc-link ez-toc-heading-7\" href=\"https:\/\/tourdaonhatrang.com\/en\/thue-cano-di-bai-tranh\/#Vi_Sao_Nen_Chon_TourDaoNhaTrangcom\" >V\u00ec Sao N\u00ean Ch\u1ecdn TourDaoNhaTrang.com<\/a><\/li><li class='ez-toc-page-1 ez-toc-heading-level-3'><a class=\"ez-toc-link ez-toc-heading-8\" href=\"https:\/\/tourdaonhatrang.com\/en\/thue-cano-di-bai-tranh\/#Goi_Y_Lich_Trinh_Ket_Hop_Cung_Bai_Tranh\" >G\u1ee3i \u00dd L\u1ecbch Tr\u00ecnh K\u1ebft H\u1ee3p C\u00f9ng B\u00e3i Tranh<\/a><\/li><li class='ez-toc-page-1 ez-toc-heading-level-3'><a class=\"ez-toc-link ez-toc-heading-9\" href=\"https:\/\/tourdaonhatrang.com\/en\/thue-cano-di-bai-tranh\/#Lien_He_Thue_Cano_Di_Bai_Tranh_Nha_Trang\" >Li\u00ean H\u1ec7 Thu\u00ea Cano \u0110i B\u00e3i Tranh Nha Trang<\/a><\/li><\/ul><\/li><\/ul><\/li><\/ul><\/nav><\/div>\n<h1><span class=\"ez-toc-section\" id=\"Thue_Cano_Di_Bai_Tranh_Nha_Trang_%E2%80%93_Kham_Pha_Thien_Duong_Bien_Xanh_Muot\"><\/span>Thu\u00ea Cano \u0110i B\u00e3i Tranh Nha Trang \u2013 Kh\u00e1m Ph\u00e1 Thi\u00ean \u0110\u01b0\u1eddng Bi\u1ec3n Xanh M\u01b0\u1edbt<span class=\"ez-toc-section-end\"><\/span><\/h1>\n<p>N\u1ebfu b\u1ea1n \u0111ang t\u00ecm ki\u1ebfm m\u1ed9t h\u00e0nh tr\u00ecnh nhanh g\u1ecdn, ri\u00eang t\u01b0 v\u00e0 \u0111\u1ea7y tr\u1ea3i nghi\u1ec7m t\u1ea1i Nha Trang, th\u00ec thu\u00ea cano \u0111i B\u00e3i Tranh ch\u00ednh l\u00e0 l\u1ef1a ch\u1ecdn tuy\u1ec7t v\u1eddi. Ch\u1ec9 m\u1ea5t kho\u1ea3ng 15 ph\u00fat di chuy\u1ec3n t\u1eeb c\u1ea3ng C\u1ea7u \u0110\u00e1, du kh\u00e1ch \u0111\u00e3 c\u00f3 th\u1ec3 \u0111\u1eb7t ch\u00e2n l\u00ean m\u1ed9t trong nh\u1eefng b\u00e3i bi\u1ec3n \u0111\u1eb9p nh\u1ea5t v\u1ecbnh Nha Trang \u2013 n\u01a1i h\u1ed9i t\u1ee5 c\u1ea3 bi\u1ec3n xanh, c\u00e1t tr\u1eafng, n\u1eafng v\u00e0ng c\u00f9ng nh\u1eefng ho\u1ea1t \u0111\u1ed9ng gi\u1ea3i tr\u00ed c\u1ef1c k\u1ef3 h\u1ea5p d\u1eabn.<\/p>\n<h2><span class=\"ez-toc-section\" id=\"Gioi_thieu_ve_Bai_Tranh_Nha_Trang\"><\/span>Gi\u1edbi thi\u1ec7u v\u1ec1 B\u00e3i Tranh Nha Trang<span class=\"ez-toc-section-end\"><\/span><\/h2>\n<p>B\u00e3i Tranh n\u1eb1m tr\u00ean \u0111\u1ea3o Tr\u00ed Nguy\u00ean, thu\u1ed9c khu v\u1ef1c v\u1ecbnh Nha Trang, n\u1ed5i ti\u1ebfng v\u1edbi khung c\u1ea3nh thi\u00ean nhi\u00ean h\u00f2a quy\u1ec7n gi\u1eefa bi\u1ec3n v\u00e0 n\u00fai, c\u00f9ng b\u00e3i c\u00e1t tr\u1eafng m\u1ecbn tr\u1ea3i d\u00e0i h\u00e0ng tr\u0103m m\u00e9t. \u0110i\u1ec1u \u0111\u1eb7c bi\u1ec7t t\u1ea1i \u0111\u00e2y l\u00e0 b\u00e3i bi\u1ec3n \u0111\u01b0\u1ee3c chia l\u00e0m hai ph\u1ea7n: m\u1ed9t b\u00ean l\u00e0 b\u00e3i c\u00e1t tr\u1eafng m\u1ecbn, b\u00ean c\u00f2n l\u1ea1i l\u00e0 b\u00e3i s\u1ecfi \u0111\u1ea7y m\u00e0u s\u1eafc \u2013 t\u1ea1o n\u00ean n\u00e9t \u0111\u1ed9c \u0111\u00e1o hi\u1ebfm c\u00f3 m\u00e0 kh\u00f4ng n\u01a1i n\u00e0o kh\u00e1c c\u00f3 \u0111\u01b0\u1ee3c.<\/p>\n<p>Ngo\u00e0i vi\u1ec7c t\u1eafm bi\u1ec3n, du kh\u00e1ch thu\u00ea cano \u0111i B\u00e3i Tranh Nha Trang c\u00f2n c\u00f3 th\u1ec3 tham gia nhi\u1ec1u ho\u1ea1t \u0111\u1ed9ng th\u00fa v\u1ecb nh\u01b0: m\u00f4 t\u00f4 n\u01b0\u1edbc, d\u00f9 bay, l\u1eb7n ng\u1eafm san h\u00f4, ch\u00e8o kayak hay th\u01b0\u1edfng th\u1ee9c h\u1ea3i s\u1ea3n t\u01b0\u01a1i s\u1ed1ng ngay t\u1ea1i nh\u00e0 h\u00e0ng ven bi\u1ec3n.<\/p>\n<h3><span class=\"ez-toc-section\" id=\"Ly_Do_Nen_Thue_Cano_Rieng_Di_Bai_Tranh\"><\/span>L\u00fd Do N\u00ean Thu\u00ea Cano Ri\u00eang \u0110i B\u00e3i Tranh<span class=\"ez-toc-section-end\"><\/span><\/h3>\n<ul>\n<li>Di chuy\u1ec3n nhanh \u2013 Tr\u1ea3i nghi\u1ec7m ri\u00eang t\u01b0<\/li>\n<li>Thay v\u00ec ph\u1ea3i \u0111i chung tour \u0111\u00f4ng ng\u01b0\u1eddi, vi\u1ec7c thu\u00ea cano ri\u00eang gi\u00fap b\u1ea1n t\u1ef1 do th\u1eddi gian, ch\u1ee7 \u0111\u1ed9ng gi\u1edd xu\u1ea5t ph\u00e1t, d\u1eebng l\u1ea1i ch\u1ee5p \u1ea3nh ho\u1eb7c t\u1eafm bi\u1ec3n b\u1ea5t c\u1ee9 l\u00fac n\u00e0o mu\u1ed1n. Cano cao t\u1ed1c ch\u1ec9 m\u1ea5t kho\u1ea3ng 10\u201315 ph\u00fat \u0111\u1ec3 \u0111\u1ebfn \u0111\u1ea3o, r\u1ea5t ph\u00f9 h\u1ee3p cho gia \u0111\u00ecnh, nh\u00f3m b\u1ea1n ho\u1eb7c c\u1eb7p \u0111\u00f4i mu\u1ed1n c\u00f3 kh\u00f4ng gian ri\u00eang.<\/li>\n<li>An to\u00e0n &amp; chuy\u00ean nghi\u1ec7p<\/li>\n<li>C\u00e1c \u0111\u01a1n v\u1ecb cho thu\u00ea cano Nha Trang uy t\u00edn \u0111\u1ec1u c\u00f3 \u0111\u1ed9i ng\u0169 l\u00e1i t\u00e0u gi\u00e0u kinh nghi\u1ec7m, cano \u0111\u0103ng ki\u1ec3m \u0111\u1ecbnh k\u1ef3, \u0111\u1ea7y \u0111\u1ee7 \u00e1o phao c\u1ee9u h\u1ed9. Tr\u01b0\u1edbc khi kh\u1edfi h\u00e0nh, h\u01b0\u1edbng d\u1eabn vi\u00ean s\u1ebd ph\u1ed5 bi\u1ebfn quy \u0111\u1ecbnh an to\u00e0n v\u00e0 h\u1ed7 tr\u1ee3 su\u1ed1t chuy\u1ebfn \u0111i.<\/li>\n<li>T\u1eadn h\u01b0\u1edfng c\u1ea3nh \u0111\u1eb9p tr\u00ean v\u1ecbnh Nha Trang<\/li>\n<li>Tr\u00ean h\u00e0nh tr\u00ecnh \u0111i B\u00e3i Tranh, b\u1ea1n s\u1ebd \u0111\u01b0\u1ee3c chi\u00eam ng\u01b0\u1ee1ng to\u00e0n c\u1ea3nh v\u1ecbnh Nha Trang tuy\u1ec7t \u0111\u1eb9p \u2013 v\u1edbi nh\u1eefng h\u00f2n \u0111\u1ea3o n\u1ed5i ti\u1ebfng nh\u01b0 H\u00f2n Mi\u1ec5u, H\u00f2n Mun, H\u00f2n T\u1eb1m, H\u00f2n M\u1ed9t\u2026 T\u1eebng \u0111\u1ee3t s\u00f3ng nh\u1eb9 v\u1ed7 m\u1ea1n cano, nh\u1eefng c\u00e1nh chim bi\u1ec3n bay l\u01b0\u1ee3n, v\u00e0 b\u1ea7u tr\u1eddi trong xanh t\u1ea1o n\u00ean c\u1ea3m gi\u00e1c c\u1ef1c k\u1ef3 th\u01b0 gi\u00e3n.<\/li>\n<\/ul>\n<h3><span class=\"ez-toc-section\" id=\"Bang_Gia_Thue_Cano_Di_Bai_Tranh_Nha_Trang_Tham_Khao\"><\/span>B\u1ea3ng Gi\u00e1 Thu\u00ea Cano \u0110i B\u00e3i Tranh Nha Trang (Tham Kh\u1ea3o)<span class=\"ez-toc-section-end\"><\/span><\/h3>\n<p>Gi\u00e1 thu\u00ea cano th\u01b0\u1eddng dao \u0111\u1ed9ng t\u00f9y v\u00e0o lo\u1ea1i cano, s\u1ed1 l\u01b0\u1ee3ng kh\u00e1ch v\u00e0 th\u1eddi gian s\u1eed d\u1ee5ng. D\u01b0\u1edbi \u0111\u00e2y l\u00e0 b\u1ea3ng gi\u00e1 ph\u1ed5 bi\u1ebfn:<\/p>\n<table>\n<thead>\n<tr>\n<td><strong>Lo\u1ea1i Cano<\/strong><\/td>\n<td><strong>S\u1ee9c Ch\u1ee9a<\/strong><\/td>\n<td><strong>Gi\u00e1 Thu\u00ea (2 Chi\u1ec1u)<\/strong><\/td>\n<td><strong>Ghi Ch\u00fa<\/strong><\/td>\n<\/tr>\n<\/thead>\n<tbody>\n<tr>\n<td>Cano 10 ch\u1ed7<\/td>\n<td>6\u201310 kh\u00e1ch<\/td>\n<td>1.200.000\u0111 \u2013 1.500.000\u0111<\/td>\n<td>Bao g\u1ed3m \u00e1o phao, l\u00e1i cano<\/td>\n<\/tr>\n<tr>\n<td>Cano 15 ch\u1ed7<\/td>\n<td>11\u201315 kh\u00e1ch<\/td>\n<td>1.600.000\u0111 \u2013 1.800.000\u0111<\/td>\n<td>Ph\u00f9 h\u1ee3p nh\u00f3m \u0111\u00f4ng<\/td>\n<\/tr>\n<tr>\n<td>Cano 20 ch\u1ed7<\/td>\n<td>16\u201320 kh\u00e1ch<\/td>\n<td>2.000.000\u0111 \u2013 2.300.000\u0111<\/td>\n<td>C\u00f3 th\u1ec3 k\u1ebft h\u1ee3p tham quan H\u00f2n Mun ho\u1eb7c H\u00f2n T\u1eb1m<\/td>\n<\/tr>\n<\/tbody>\n<\/table>\n<p>Gi\u00e1 tr\u00ean ch\u01b0a bao g\u1ed3m v\u00e9 v\u00e0o c\u1ed5ng B\u00e3i Tranh v\u00e0 c\u00e1c d\u1ecbch v\u1ee5 th\u1ec3 thao bi\u1ec3n. Du kh\u00e1ch c\u00f3 th\u1ec3 y\u00eau c\u1ea7u l\u1ecbch tr\u00ecnh ri\u00eang ho\u1eb7c k\u1ebft h\u1ee3p th\u00eam c\u00e1c \u0111\u1ea3o kh\u00e1c trong c\u00f9ng chuy\u1ebfn.<\/p>\n<h3><span class=\"ez-toc-section\" id=\"Trai_Nghiem_Khong_The_Bo_Qua_Tai_Bai_Tranh\"><\/span>Tr\u1ea3i Nghi\u1ec7m Kh\u00f4ng Th\u1ec3 B\u1ecf Qua T\u1ea1i B\u00e3i Tranh<span class=\"ez-toc-section-end\"><\/span><\/h3>\n<ul>\n<li>T\u1eafm bi\u1ec3n v\u00e0 th\u01b0 gi\u00e3n<\/li>\n<li>N\u01b0\u1edbc bi\u1ec3n t\u1ea1i B\u00e3i Tranh trong xanh, m\u00e1t l\u1ea1nh quanh n\u0103m. S\u00f3ng \u00eam, c\u00e1t tr\u1eafng m\u1ecbn \u2013 r\u1ea5t l\u00fd t\u01b0\u1edfng cho du kh\u00e1ch t\u1eafm bi\u1ec3n ho\u1eb7c n\u1eb1m ngh\u1ec9 d\u01b0\u1ee1ng d\u01b0\u1edbi nh\u1eefng m\u00e1i d\u00f9 d\u1ecdc b\u00e3i c\u00e1t.<\/li>\n<li>Snorkeling<\/li>\n<li>B\u00e3i Tranh n\u1ed5i ti\u1ebfng v\u1edbi h\u1ec7 sinh th\u00e1i san h\u00f4 \u0111a d\u1ea1ng, ch\u1ec9 c\u1ea7n l\u1eb7n nh\u1eb9 2\u20133 m\u00e9t l\u00e0 b\u1ea1n \u0111\u00e3 th\u1ea5y \u0111\u01b0\u1ee3c nh\u1eefng r\u1ea1n san h\u00f4 r\u1ef1c r\u1ee1 c\u00f9ng h\u00e0ng tr\u0103m lo\u00e0i c\u00e1 \u0111\u1ea7y m\u00e0u s\u1eafc.<\/li>\n<li>Tr\u1ea3i nghi\u1ec7m th\u1ec3 thao bi\u1ec3n<\/li>\n<li>C\u00e1c tr\u00f2 ch\u01a1i nh\u01b0 d\u00f9 bay, m\u00f4 t\u00f4 n\u01b0\u1edbc, k\u00e9o phao chu\u1ed1i, ch\u00e8o kayak l\u00e0 l\u1ef1a ch\u1ecdn tuy\u1ec7t v\u1eddi cho nh\u1eefng ai th\u00edch c\u1ea3m gi\u00e1c m\u1ea1nh. M\u1ed7i tr\u00f2 ch\u1ec9 m\u1ea5t 10\u201315 ph\u00fat nh\u01b0ng mang l\u1ea1i c\u1ea3m gi\u00e1c v\u00f4 c\u00f9ng ph\u1ea5n kh\u00edch.<\/li>\n<li>Th\u01b0\u1edfng th\u1ee9c h\u1ea3i s\u1ea3n t\u01b0\u01a1i s\u1ed1ng<\/li>\n<li>Ngay tr\u00ean \u0111\u1ea3o c\u00f3 nhi\u1ec1u nh\u00e0 h\u00e0ng h\u1ea3i s\u1ea3n ph\u1ee5c v\u1ee5 c\u00e1c m\u00f3n \u0111\u1eb7c s\u1ea3n nh\u01b0 t\u00f4m h\u00f9m, m\u1ef1c n\u01b0\u1edbng, c\u00e1 n\u01b0\u1edbng, h\u00e0u n\u01b0\u1edbng ph\u00f4 mai, c\u00f9ng nhi\u1ec1u m\u00f3n \u0103n d\u00e2n d\u00e3 \u0111\u1eb7c tr\u01b0ng mi\u1ec1n bi\u1ec3n.<\/li>\n<\/ul>\n<h3><span class=\"ez-toc-section\" id=\"Huong_Dan_Thue_Cano_Di_Bai_Tranh_Nha_Trang\"><\/span>H\u01b0\u1edbng D\u1eabn Thu\u00ea Cano \u0110i B\u00e3i Tranh Nha Trang<span class=\"ez-toc-section-end\"><\/span><\/h3>\n<p>Xu\u1ea5t ph\u00e1t t\u1ea1i C\u1ea3ng C\u1ea7u \u0110\u00e1 (s\u1ed1 75 Tr\u1ea7n Ph\u00fa, Nha Trang).<\/p>\n<p>Li\u00ean h\u1ec7 \u0111\u01a1n v\u1ecb cho thu\u00ea cano uy t\u00edn \u0111\u1ec3 \u0111\u1eb7t tr\u01b0\u1edbc 1\u20132 ng\u00e0y, \u0111\u1eb7c bi\u1ec7t l\u00e0 m\u00f9a cao \u0111i\u1ec3m (th\u00e1ng 5\u20138).<\/p>\n<p>Chu\u1ea9n b\u1ecb: \u00c1o kho\u00e1c, k\u00ednh m\u00e1t, kem ch\u1ed1ng n\u1eafng, t\u00fai ch\u1ed1ng n\u01b0\u1edbc cho \u0111i\u1ec7n tho\u1ea1i.<\/p>\n<p>Gi\u1edd ho\u1ea1t \u0111\u1ed9ng: 7h00 \u2013 16h30 h\u1eb1ng ng\u00e0y.<\/p>\n<p>Th\u1eddi gian di chuy\u1ec3n: 10\u201315 ph\u00fat\/l\u01b0\u1ee3t.<\/p>\n<h3><span class=\"ez-toc-section\" id=\"Vi_Sao_Nen_Chon_TourDaoNhaTrangcom\"><\/span>V\u00ec Sao N\u00ean Ch\u1ecdn TourDaoNhaTrang.com<span class=\"ez-toc-section-end\"><\/span><\/h3>\n<p>Gi\u00e1 thu\u00ea cano t\u1ed1t nh\u1ea5t Nha Trang \u2013 c\u00f4ng khai, minh b\u1ea1ch, kh\u00f4ng ph\u00e1t sinh.<\/p>\n<p>Cano m\u1edbi \u2013 \u0111\u1ea3m b\u1ea3o an to\u00e0n tuy\u1ec7t \u0111\u1ed1i, \u0111\u0103ng ki\u1ec3m \u0111\u1ecbnh k\u1ef3.<\/p>\n<p>H\u1ed7 tr\u1ee3 \u0111\u1eb7t v\u00e9 \u0111\u1ea3o, v\u00e9 tham quan v\u00e0 combo tour \u0111\u1ea3o.<\/p>\n<p>T\u01b0 v\u1ea5n t\u1eadn t\u00ecnh, ph\u1ee5c v\u1ee5 24\/7 cho kh\u00e1ch \u0111o\u00e0n, gia \u0111\u00ecnh, doanh nghi\u1ec7p.<\/p>\n<p>C\u00f3 nhi\u1ec1u l\u1ef1a ch\u1ecdn linh ho\u1ea1t: \u0111i ri\u00eang, \u0111i theo tour 3 \u0111\u1ea3o, 4 \u0111\u1ea3o ho\u1eb7c k\u1ebft h\u1ee3p H\u00f2n Mun \u2013 H\u00f2n T\u1eb1m \u2013 B\u00e3i Tranh.<\/p>\n<h3><span class=\"ez-toc-section\" id=\"Goi_Y_Lich_Trinh_Ket_Hop_Cung_Bai_Tranh\"><\/span>G\u1ee3i \u00dd L\u1ecbch Tr\u00ecnh K\u1ebft H\u1ee3p C\u00f9ng B\u00e3i Tranh<span class=\"ez-toc-section-end\"><\/span><\/h3>\n<p>N\u1ebfu b\u1ea1n mu\u1ed1n chuy\u1ebfn \u0111i th\u00eam ph\u1ea7n th\u00fa v\u1ecb, c\u00f3 th\u1ec3 k\u1ebft h\u1ee3p:<\/p>\n<p>B\u00e3i Tranh \u2013 H\u00f2n Mun \u2013 L\u00e0ng Ch\u00e0i (n\u1eeda ng\u00e0y)<\/p>\n<p>H\u00f2n T\u1eb1m \u2013 B\u00e3i Tranh \u2013 Th\u1ee7y Cung Tr\u00ed Nguy\u00ean (1 ng\u00e0y)<\/p>\n<p>Tour 3 \u0111\u1ea3o ri\u00eang b\u1eb1ng cano \u2013 linh ho\u1ea1t \u0111i\u1ec3m \u0111\u1ebfn theo s\u1edf th\u00edch<\/p>\n<h3><span class=\"ez-toc-section\" id=\"Lien_He_Thue_Cano_Di_Bai_Tranh_Nha_Trang\"><\/span>Li\u00ean H\u1ec7 Thu\u00ea Cano \u0110i B\u00e3i Tranh Nha Trang<span class=\"ez-toc-section-end\"><\/span><\/h3>\n<p>Tour \u0110\u1ea3o Nha Trang \u2013 \u0110\u01a1n v\u1ecb chuy\u00ean cung c\u1ea5p d\u1ecbch v\u1ee5 thu\u00ea cano, tour \u0111\u1ea3o v\u00e0 v\u00e9 tham quan tr\u1ecdn g\u00f3i.<br \/>\n\ud83c\udf10 Website: <a href=\"https:\/\/tourdaonhatrang.com\/en\/\">https:\/\/tourdaonhatrang.com<\/a><br \/>\n\ud83d\udcde Hotline: 0914 095 939<br \/>\n\ud83d\udccd \u0110\u1ecba ch\u1ec9: 19 \u0111\u01b0\u1eddng B2, K\u0110T V\u0129nh \u0110i\u1ec1m Trung, Ph\u01b0\u1eddng T\u00e2y Nha Trang, T\u1ec9nh Kh\u00e1nh Ho\u00e0<\/p>\n<p>H\u00e3y \u0111\u1eb7t ngay h\u00f4m nay \u0111\u1ec3 t\u1eadn h\u01b0\u1edfng h\u00e0nh tr\u00ecnh kh\u00e1m ph\u00e1 B\u00e3i Tranh b\u1eb1ng cano ri\u00eang \u2013 nhanh ch\u00f3ng, an to\u00e0n v\u00e0 \u0111\u00e1ng nh\u1edb nh\u1ea5t t\u1ea1i Nha Trang!<\/p>\n<p>&nbsp;<\/p>","protected":false},"excerpt":{"rendered":"<h3><span style=\"color: #0000ff;\"><strong>Rent a canoe to go to Bai Tranh Nha Trang<\/strong><\/span><\/h3>\n<ul>\n<li>Tour 1 island: Mini Beach, Vipearl<\/li>\n<li>2 island tour: Bai Tranh - Hon Soi<\/li>\n<li>3-island tour: Hon Mun \u2013 Fishing Village \u2013 Hon Tam<\/li>\n<li>Canoe rental is calculated by number of people.<\/li>\n<li><strong><span style=\"color: #0000ff;\">Offer 5%<\/span><\/strong><\/li>\n<\/ul>\n<div class=\"hJDwNd-AhqUyc-qWD73c purZT-AhqUyc-II5mzb pSzOP-AhqUyc-qWD73c JNdkSc\">\n<div class=\"JNdkSc-SmKAyb\">\n<div class=\"\">\n<div class=\"oKdM2c Kzv0Me\"><\/div>\n<\/div>\n<\/div>\n<\/div>\n<div class=\"hJDwNd-AhqUyc-qWD73c purZT-AhqUyc-II5mzb pSzOP-AhqUyc-qWD73c JNdkSc\">\n<div class=\"JNdkSc-SmKAyb\">\n<div class=\"\">\n<div class=\"oKdM2c Kzv0Me\">\n<div id=\"h.f128f2fe5256b73_1433\" class=\"hJDwNd-AhqUyc-qWD73c jXK9ad D2fZ2 OjCsFc wHaque GNzUNc\">\n<div class=\"jXK9ad-SmKAyb\">\n<div class=\"tyJCtd mGzaTb baZpAe\">\n<div class=\"row row-small mua-ngay-button\">\n<div class=\"cot1 medium-6 small-12 large-6\">\n<div class=\"col-inner\"><a class=\"button primary is-large lowercase expand\" style=\"border-radius: 3px;\" href=\"https:\/\/zalo.me\/0849256256\" target=\"_blank\" rel=\"noopener noreferrer\"><i class=\"icon-checkmark\"><\/i> Chat Zalo<br \/>\n<\/a><\/div>\n<\/div>\n<div class=\"cot2 medium-6 small-12 large-6\">\n<div class=\"col-inner\"><a class=\"button success is-large lowercase expand\" style=\"border-radius: 3px;\" href=\"https:\/\/tourdaonhatrang.com\/en\/cho-thue-cano-nha-trang\/\" target=\"_self\" rel=\"noopener\">Book a canoe now<\/a><\/div>\n<\/div>\n<\/div>\n<\/div>\n<\/div>\n<\/div>\n<\/div>\n<\/div>\n<\/div>\n<\/div>","protected":false},"featured_media":26913,"comment_status":"open","ping_status":"closed","template":"","meta":[],"product_brand":[],"product_cat":[644],"product_tag":[88],"class_list":{"0":"post-1510","1":"product","2":"type-product","3":"status-publish","4":"has-post-thumbnail","6":"product_cat-thue-cano","7":"product_tag-thue-cano-nha-trang","9":"first","10":"instock","11":"shipping-taxable","12":"product-type-simple"},"_links":{"self":[{"href":"https:\/\/tourdaonhatrang.com\/en\/wp-json\/wp\/v2\/product\/1510","targetHints":{"allow":["GET"]}}],"collection":[{"href":"https:\/\/tourdaonhatrang.com\/en\/wp-json\/wp\/v2\/product"}],"about":[{"href":"https:\/\/tourdaonhatrang.com\/en\/wp-json\/wp\/v2\/types\/product"}],"replies":[{"embeddable":true,"href":"https:\/\/tourdaonhatrang.com\/en\/wp-json\/wp\/v2\/comments?post=1510"}],"wp:featuredmedia":[{"embeddable":true,"href":"https:\/\/tourdaonhatrang.com\/en\/wp-json\/wp\/v2\/media\/26913"}],"wp:attachment":[{"href":"https:\/\/tourdaonhatrang.com\/en\/wp-json\/wp\/v2\/media?parent=1510"}],"wp:term":[{"taxonomy":"product_brand","embeddable":true,"href":"https:\/\/tourdaonhatrang.com\/en\/wp-json\/wp\/v2\/product_brand?post=1510"},{"taxonomy":"product_cat","embeddable":true,"href":"https:\/\/tourdaonhatrang.com\/en\/wp-json\/wp\/v2\/product_cat?post=1510"},{"taxonomy":"product_tag","embeddable":true,"href":"https:\/\/tourdaonhatrang.com\/en\/wp-json\/wp\/v2\/product_tag?post=1510"}],"curies":[{"name":"wp","href":"https:\/\/api.w.org\/{rel}","templated":true}]}}