{"id":1692,"date":"2021-02-21T15:35:22","date_gmt":"2021-02-21T08:35:22","guid":{"rendered":"https:\/\/tourdao.com.vn\/?post_type=product&#038;p=1692"},"modified":"2026-02-11T10:02:17","modified_gmt":"2026-02-11T03:02:17","slug":"gia-ve-vinpearl-nha-trang-moi-nhat","status":"publish","type":"product","link":"https:\/\/tourdaonhatrang.com\/en\/gia-ve-vinpearl-nha-trang-moi-nhat\/","title":{"rendered":"Vinpearl Nha Trang Tickets | Play from 8:00 a.m. to 8:00 p.m. (Vin 1)"},"content":{"rendered":"<p>Gi\u00e1 v\u00e9 Vinpearl Nha Trang \u0111ang c\u00f3 nhi\u1ec1u \u01b0u \u0111\u00e3i, ti\u00eau chu\u1ea9n 5 sao. C\u00f3 \u01b0u \u0111\u00e3i cho kh\u00e1ch \u0111o\u00e0n, c\u1eadp nh\u1eadt th\u00f4ng tin s\u1edbm nh\u1ea5t.<\/p>\n<p>Ti\u1ebft ki\u1ec7m nhi\u1ec1u th\u1eddi gian khi \u0111\u1eb7t qua Hotline 0849256256.\u00a0 C\u00f2n mua t\u1ea1i ph\u00f2ng v\u00e9 Vinpearl Nha Trang th\u00ec c\u00f3 100 v\u00e9 th\u00ec v\u1eabn b\u00e1n \u0111\u00fang gi\u00e1 ni\u00eam y\u1ebft theo quy \u0111\u1ecbnh b\u1eaft bu\u1ed9c.<\/p>\n<p>Hi\u1ec7n t\u1ea1i c\u00e1p treo Vinpearl Nha Trang \u0111ang t\u1ea1m ng\u01b0ng ho\u1ea1t \u0111\u1ed9ng \u0111\u1ec3 ti\u1ebfn h\u00e0nh b\u1ea3o d\u01b0\u1ee1ng, n\u00e2ng c\u1ea5p. Do \u0111\u00f3, du kh\u00e1ch c\u00f3 th\u1ec3 l\u1ef1a ch\u1ecdn \u0111i t\u00e0u cao t\u1ed1c ho\u1eb7c cano \u0111\u1ec3 \u0111\u1ebfn khu ngh\u1ec9 d\u01b0\u1ee1ng, vui ch\u01a1i tr\u00ean \u0111\u1ea3o H\u00f2n Tre v\u1edbi th\u1eddi gian di chuy\u1ec3n r\u1ea5t nhanh ch\u00f3ng.<\/p>\n<div id=\"ez-toc-container\" class=\"ez-toc-v2_0_82_2 counter-hierarchy ez-toc-counter ez-toc-grey ez-toc-container-direction\">\n<div class=\"ez-toc-title-container\">\n<p class=\"ez-toc-title\" style=\"cursor:inherit\">Content<\/p>\n<span class=\"ez-toc-title-toggle\"><a href=\"#\" class=\"ez-toc-pull-right ez-toc-btn ez-toc-btn-xs ez-toc-btn-default ez-toc-toggle\" aria-label=\"Toggle Table of Content\"><span class=\"ez-toc-js-icon-con\"><span class=\"\"><span class=\"eztoc-hide\" style=\"display:none;\">Toggle<\/span><span class=\"ez-toc-icon-toggle-span\"><svg style=\"fill: #999;color:#999\" xmlns=\"http:\/\/www.w3.org\/2000\/svg\" class=\"list-377408\" width=\"20px\" height=\"20px\" viewbox=\"0 0 24 24\" fill=\"none\"><path d=\"M6 6H4v2h2V6zm14 0H8v2h12V6zM4 11h2v2H4v-2zm16 0H8v2h12v-2zM4 16h2v2H4v-2zm16 0H8v2h12v-2z\" fill=\"currentColor\"><\/path><\/svg><svg style=\"fill: #999;color:#999\" class=\"arrow-unsorted-368013\" xmlns=\"http:\/\/www.w3.org\/2000\/svg\" width=\"10px\" height=\"10px\" viewbox=\"0 0 24 24\" version=\"1.2\" baseprofile=\"tiny\"><path d=\"M18.2 9.3l-6.2-6.3-6.2 6.3c-.2.2-.3.4-.3.7s.1.5.3.7c.2.2.4.3.7.3h11c.3 0 .5-.1.7-.3.2-.2.3-.5.3-.7s-.1-.5-.3-.7zM5.8 14.7l6.2 6.3 6.2-6.3c.2-.2.3-.5.3-.7s-.1-.5-.3-.7c-.2-.2-.4-.3-.7-.3h-11c-.3 0-.5.1-.7.3-.2.2-.3.5-.3.7s.1.5.3.7z\"\/><\/svg><\/span><\/span><\/span><\/a><\/span><\/div>\n<nav><ul class='ez-toc-list ez-toc-list-level-1' ><li class='ez-toc-page-1 ez-toc-heading-level-2'><a class=\"ez-toc-link ez-toc-heading-1\" href=\"https:\/\/tourdaonhatrang.com\/en\/gia-ve-vinpearl-nha-trang-moi-nhat\/#Vinpearl_Nha_Trang_o_dau\" >Vinpearl Nha Trang \u1edf \u0111\u00e2u<\/a><\/li><li class='ez-toc-page-1 ez-toc-heading-level-2'><a class=\"ez-toc-link ez-toc-heading-2\" href=\"https:\/\/tourdaonhatrang.com\/en\/gia-ve-vinpearl-nha-trang-moi-nhat\/#Bang_gia_ve_Vinpearl_Nha_Trang_%E2%80%93_CAP_NHAT_MOI_NHAT\" >B\u1ea3ng gi\u00e1 v\u00e9 Vinpearl Nha Trang &#8211; C\u1eacP NH\u1eacT M\u1edaI NH\u1ea4T<\/a><\/li><li class='ez-toc-page-1 ez-toc-heading-level-2'><a class=\"ez-toc-link ez-toc-heading-3\" href=\"https:\/\/tourdaonhatrang.com\/en\/gia-ve-vinpearl-nha-trang-moi-nhat\/#Dat_ve_Vinpearl_Nha_Trang_o_dau_tot_nhat\" >\u0110\u1eb7t v\u00e9 Vinpearl Nha Trang \u1edf \u0111\u00e2u t\u1ed1t nh\u1ea5t<\/a><\/li><li class='ez-toc-page-1 ez-toc-heading-level-2'><a class=\"ez-toc-link ez-toc-heading-4\" href=\"https:\/\/tourdaonhatrang.com\/en\/gia-ve-vinpearl-nha-trang-moi-nhat\/#Gia_ve_Vinpearl_Nha_Trang_bao_gom\" >Gi\u00e1 v\u00e9 Vinpearl Nha Trang bao g\u1ed3m<\/a><ul class='ez-toc-list-level-3' ><li class='ez-toc-heading-level-3'><a class=\"ez-toc-link ez-toc-heading-5\" href=\"https:\/\/tourdaonhatrang.com\/en\/gia-ve-vinpearl-nha-trang-moi-nhat\/#Thu_thach_ban_than_voi_1001_tro_choi_cam_giac_manh\" >Th\u1eed th\u00e1ch b\u1ea3n th\u00e2n v\u1edbi 1001+ tr\u00f2 ch\u01a1i c\u1ea3m gi\u00e1c m\u1ea1nh<\/a><\/li><li class='ez-toc-page-1 ez-toc-heading-level-3'><a class=\"ez-toc-link ez-toc-heading-6\" href=\"https:\/\/tourdaonhatrang.com\/en\/gia-ve-vinpearl-nha-trang-moi-nhat\/#Choang_ngop_voi_show_dien_trieu_do_Tata_Show\" >Cho\u00e1ng ng\u1ee3p v\u1edbi show di\u1ec5n tri\u1ec7u \u0111\u00f4 Tata Show<\/a><\/li><li class='ez-toc-page-1 ez-toc-heading-level-3'><a class=\"ez-toc-link ez-toc-heading-7\" href=\"https:\/\/tourdaonhatrang.com\/en\/gia-ve-vinpearl-nha-trang-moi-nhat\/#Chinh_phuc_duong_Zipline_dai_nhat_Viet_Nam\" >Chinh ph\u1ee5c \u0111\u01b0\u1eddng Zipline d\u00e0i nh\u1ea5t Vi\u1ec7t Nam<\/a><\/li><li class='ez-toc-page-1 ez-toc-heading-level-3'><a class=\"ez-toc-link ez-toc-heading-8\" href=\"https:\/\/tourdaonhatrang.com\/en\/gia-ve-vinpearl-nha-trang-moi-nhat\/#Trai_nghiem_banh_xe_bau_troi_%E2%80%93_Top_10_tro_choi_Vinpearl_Nha_Trang\" >Tr\u1ea3i nghi\u1ec7m b\u00e1nh xe b\u1ea7u tr\u1eddi \u2013 Top 10 tr\u00f2 ch\u01a1i Vinpearl Nha Trang<\/a><\/li><li class='ez-toc-page-1 ez-toc-heading-level-3'><a class=\"ez-toc-link ez-toc-heading-9\" href=\"https:\/\/tourdaonhatrang.com\/en\/gia-ve-vinpearl-nha-trang-moi-nhat\/#Lac_vao_%E2%80%9CKhu_vuon_5_Chau%E2%80%9D_co_tich\" >L\u1ea1c v\u00e0o \u201cKhu v\u01b0\u1eddn 5 Ch\u00e2u\u201d c\u1ed5 t\u00edch<\/a><\/li><li class='ez-toc-page-1 ez-toc-heading-level-3'><a class=\"ez-toc-link ez-toc-heading-10\" href=\"https:\/\/tourdaonhatrang.com\/en\/gia-ve-vinpearl-nha-trang-moi-nhat\/#Quay_tung_bung_tai_vinh_Phao_noi\" >Qu\u1ea9y t\u01b0ng b\u1eebng t\u1ea1i v\u1ecbnh Phao n\u1ed5i<\/a><\/li><li class='ez-toc-page-1 ez-toc-heading-level-3'><a class=\"ez-toc-link ez-toc-heading-11\" href=\"https:\/\/tourdaonhatrang.com\/en\/gia-ve-vinpearl-nha-trang-moi-nhat\/#Ghe_tham_vuon_thu_thu_nho_tai_Kings_Garden\" >Gh\u00e9 th\u0103m v\u01b0\u1eddn th\u00fa thu nh\u1ecf t\u1ea1i King\u2019s Garden<\/a><\/li><li class='ez-toc-page-1 ez-toc-heading-level-3'><a class=\"ez-toc-link ez-toc-heading-12\" href=\"https:\/\/tourdaonhatrang.com\/en\/gia-ve-vinpearl-nha-trang-moi-nhat\/#Ho_het_cuc_da_voi_duong_truot_nui_dai_hon_18km\" >H\u00f2 h\u00e9t c\u1ef1c \u0111\u00e3 v\u1edbi \u0111\u01b0\u1eddng tr\u01b0\u1ee3t n\u00fai d\u00e0i h\u01a1n 1,8km<\/a><\/li><\/ul><\/li><li class='ez-toc-page-1 ez-toc-heading-level-2'><a class=\"ez-toc-link ez-toc-heading-13\" href=\"https:\/\/tourdaonhatrang.com\/en\/gia-ve-vinpearl-nha-trang-moi-nhat\/#Kinh_nghiem_di_Vinpearl_Nha_Trang_ban_can_nho\" >Experience of going to Vinpearl Nha Trang you need to remember<\/a><\/li><\/ul><\/nav><\/div>\n<h2><span class=\"ez-toc-section\" id=\"Vinpearl_Nha_Trang_o_dau\"><\/span>Vinpearl Nha Trang \u1edf \u0111\u00e2u<span class=\"ez-toc-section-end\"><\/span><\/h2>\n<p>Vinpearl Nha Trang l\u00e0 qu\u1ea7n th\u1ec3 du l\u1ecbch ngh\u1ec9 d\u01b0\u1ee1ng n\u1eb1m \u1edf trung t\u00e2m th\u00e0nh ph\u1ed1 Nha Trang v\u00e0 \u0111\u1ea3o H\u00f2n Tre, v\u1ecbnh Nha Trang \u2013 m\u1ed9t trong nh\u1eefng v\u1ecbnh bi\u1ec3n \u0111\u1eb9p nh\u1ea5t th\u1ebf gi\u1edbi. N\u01a1i \u0111\u00e2y c\u00f3 h\u01a1n 300 ng\u00e0y n\u1eafng \u0111\u1eb9p m\u1ed7i n\u0103m, nh\u1ecbp s\u1ed1ng ng\u00e0y \u0111\u00eam s\u00f4i \u0111\u1ed9ng kh\u1eafp 4 m\u00f9a.<\/p>\n<h2><span class=\"ez-toc-section\" id=\"Bang_gia_ve_Vinpearl_Nha_Trang_%E2%80%93_CAP_NHAT_MOI_NHAT\"><\/span>B\u1ea3ng gi\u00e1 v\u00e9 Vinpearl Nha Trang &#8211; C\u1eacP NH\u1eacT M\u1edaI NH\u1ea4T<span class=\"ez-toc-section-end\"><\/span><\/h2>\n<p>Gi\u00e1 v\u00e9 Vinpearl Nha Trang \u0111\u01b0\u1ee3c c\u1eadp nh\u1eadt trong b\u00e0i vi\u1ebft s\u1ebd gi\u00fap b\u1ea1n thu\u1eadn ti\u1ec7n h\u01a1n trong vi\u1ec7c l\u00ean k\u1ebf ho\u1ea1ch v\u00e0 ph\u00e2n b\u1ed5 chi ph\u00ed cho h\u00e0nh tr\u00ecnh du l\u1ecbch s\u1eafp t\u1edbi t\u1ea1i v\u1ecbnh bi\u1ec3n \u0111\u1eb9p b\u1eadc nh\u1ea5t h\u00e0nh tinh.<\/p>\n<p>Gi\u00e1 v\u00e9 v\u00e0o c\u1ed5ng Vinpearl Nha Trang hi\u1ec7n \u0111ang \u0111\u01b0\u1ee3c \u00e1p d\u1ee5ng nh\u01b0 sau:<\/p>\n<p>NG\u01af\u1edcI L\u1edaN: 1.050.000 VN\u0110 &#8211;<\/p>\n<p>TR\u1eba EM (1m \u2013 1m39): 800.000 VN\u0110<\/p>\n<p>V\u00c9 CHO NG\u01af\u1edcI CAO TU\u1ed4I (60 tr\u1edf l\u00ean): 800.000 VN\u0110<\/p>\n<p>For the elderly, please present your ID card\/ Citizen ID card\/ Driver&#039;s license or other photo identification. (Household registration book\/ Birth certificate for guests from 100-140cm).<\/p>\n<p>See also: <strong><a href=\"https:\/\/tourdaonhatrang.com\/en\/tour\/ve-vinpearl-nha-trang-tron-goi\/\">V\u00e9 vinpearl Nha Trang tr\u1ecdn g\u00f3i + \u0103n buffet<\/a><\/strong><\/p>\n<h2><span class=\"ez-toc-section\" id=\"Dat_ve_Vinpearl_Nha_Trang_o_dau_tot_nhat\"><\/span>\u0110\u1eb7t v\u00e9 Vinpearl Nha Trang \u1edf \u0111\u00e2u t\u1ed1t nh\u1ea5t<span class=\"ez-toc-section-end\"><\/span><\/h2>\n<p>Besides organizing island tours, island tour agents support you to book Vinpearl Nha Trang tickets with many attractive benefits and incentives:<\/p>\n<ul>\n<li>Convenient way to book tickets, orders are confirmed instantly.<\/li>\n<li>Special offers for large groups<\/li>\n<li>Support hotel ticket delivery, save time, no need to wait in line.<\/li>\n<li>Buy Vinpearl Nha Trang tickets here and you will get discounts on many Nha Trang tourism services: <a href=\"https:\/\/tourdaonhatrang.com\/en\/3-island-nha-trang-tour-1-day\/\">Nha Trang 3 Island Tour<\/a>, Hon Tam tickets, Nha Trang tourist car rental,\u2026..<\/li>\n<\/ul>\n<p>See also: <strong><a href=\"https:\/\/tourdaonhatrang.com\/en\/vinpearl-nha-trang-opening-hours\/\">Vinpearl Nha Trang opening hours<\/a><\/strong><\/p>\n<h2><span class=\"ez-toc-section\" id=\"Gia_ve_Vinpearl_Nha_Trang_bao_gom\"><\/span>Gi\u00e1 v\u00e9 Vinpearl Nha Trang bao g\u1ed3m<span class=\"ez-toc-section-end\"><\/span><\/h2>\n<p>C\u00f4ng vi\u00ean gi\u1ea3i tr\u00ed c\u1ee7a nh\u1eefng k\u1ef7 l\u1ee5c \u2013 VinWonders Nha Trang s\u1ebd chinh ph\u1ee5c b\u1ea1n b\u1eb1ng h\u1ea3i tr\u00ecnh tr\u1ea3i nghi\u1ec7m v\u0103n ho\u00e1 kh\u1eafp 5 ch\u00e2u c\u00f9ng nh\u1eefng tr\u00f2 ch\u01a1i kh\u00f4ng th\u1ec3 h\u1ea5p d\u1eabn h\u01a1n.<\/p>\n<p><img loading=\"lazy\" decoding=\"async\" src=\"https:\/\/tourdaonhatrang.com\/wp-content\/uploads\/2021\/02\/ve-vinpearl-nha-trang-021.jpeg\" alt=\"v\u00e9 vinpearl nha trang\" width=\"750\" height=\"500\" title=\"\"><\/p>\n<h3><span class=\"ez-toc-section\" id=\"Thu_thach_ban_than_voi_1001_tro_choi_cam_giac_manh\"><\/span>Th\u1eed th\u00e1ch b\u1ea3n th\u00e2n v\u1edbi 1001+ tr\u00f2 ch\u01a1i c\u1ea3m gi\u00e1c m\u1ea1nh<span class=\"ez-toc-section-end\"><\/span><\/h3>\n<p>Vinpearl Nha Trang l\u00e0 \u0111i\u1ec3m d\u1eebng ch\u00e2n c\u1ee7a h\u00e0ng lo\u1ea1t tr\u00f2 ch\u01a1i c\u1ea3m gi\u00e1c m\u1ea1nh, chinh ph\u1ee5c nh\u1eefng tr\u00e1i tim gan d\u1ea1 nh\u1ea5t. Nh\u1eefng tr\u00f2 ch\u01a1i \u0111\u1eb3ng c\u1ea5p th\u1ebf gi\u1edbi s\u1ebd mang \u0111\u1ebfn cho b\u1ea1n kho\u1ea3nh kh\u1eafc \u1ea5n t\u01b0\u1ee3ng \u0111\u1ebfn kh\u00f3 qu\u00ean.<\/p>\n<h3><span class=\"ez-toc-section\" id=\"Choang_ngop_voi_show_dien_trieu_do_Tata_Show\"><\/span>Cho\u00e1ng ng\u1ee3p v\u1edbi show di\u1ec5n tri\u1ec7u \u0111\u00f4 Tata Show<span class=\"ez-toc-section-end\"><\/span><\/h3>\n<p>Show di\u1ec5n th\u1ef1c c\u1ea3nh \u0111a ph\u01b0\u01a1ng ti\u1ec7n Tata Show Vinpearl Nha Trang v\u1edbi h\u1ec7 th\u1ed1ng m\u00e1y chi\u1ebfu 3 chi\u1ec1u, \u00e2m thanh s\u1ed1ng \u0111\u1ed9ng k\u1ebft h\u1ee3p v\u1edbi \u00e1nh s\u00e1ng c\u00f9ng ph\u1ea7n th\u1ec3 hi\u1ec7n chuy\u00ean nghi\u1ec7p c\u1ee7a 170 di\u1ec5n vi\u00ean trong v\u00e0 ngo\u00e0i n\u01b0\u1edbc s\u1ebd \u0111em \u0111\u1ebfn cho du kh\u00e1ch nh\u1eefng \u1ea5n t\u01b0\u1ee3ng th\u1ecb gi\u00e1c m\u1ea1nh, nh\u1eefng tr\u1ea3i nghi\u1ec7m gi\u00e1c quan b\u1eadc nh\u1ea5t.<\/p>\n<p>\u0110\u1ecba \u0111i\u1ec3m: Qu\u1ea3ng tr\u01b0\u1eddng th\u1ea7n tho\u1ea1i<\/p>\n<p>Th\u1eddi gian: 19h30 \u2013 20h15<\/p>\n<h3><span class=\"ez-toc-section\" id=\"Chinh_phuc_duong_Zipline_dai_nhat_Viet_Nam\"><\/span>Chinh ph\u1ee5c \u0111\u01b0\u1eddng Zipline d\u00e0i nh\u1ea5t Vi\u1ec7t Nam<span class=\"ez-toc-section-end\"><\/span><\/h3>\n<p>Tr\u1ea3i nghi\u1ec7m c\u1ea3m gi\u00e1c chinh ph\u1ee5c b\u1ea7u tr\u1eddi v\u1edbi \u0111\u01b0\u1eddng tr\u01b0\u1ee3t Zipline \u0111ang n\u1eafm gi\u1eef 3 k\u1ef7 l\u1ee5c: \u0110\u01b0\u1eddng tr\u01b0\u1ee3t d\u00e0i nh\u1ea5t, \u0111\u01b0\u1eddng tr\u01b0\u1ee3t d\u1ed1c nh\u1ea5t v\u00e0 c\u00f3 c\u00fa nh\u1ea3y ti\u1ebfp \u0111\u1ea5t cao nh\u1ea5t Vi\u1ec7t Nam.<\/p>\n<h3><span class=\"ez-toc-section\" id=\"Trai_nghiem_banh_xe_bau_troi_%E2%80%93_Top_10_tro_choi_Vinpearl_Nha_Trang\"><\/span>Tr\u1ea3i nghi\u1ec7m b\u00e1nh xe b\u1ea7u tr\u1eddi \u2013 Top 10 tr\u00f2 ch\u01a1i Vinpearl Nha Trang<span class=\"ez-toc-section-end\"><\/span><\/h3>\n<p>V\u1edbi kinh nghi\u1ec7m \u0111i VinWonders Nha Trang, b\u1ea1n s\u1ebd kh\u00f4ng th\u1ec3 b\u1ecf qua tr\u1ea3i nghi\u1ec7m th\u00fa v\u1ecb khi ng\u1eafm nh\u00ecn v\u1ecbnh bi\u1ec3n Nha Trang \u1edf \u0111\u1ed9 cao 120m. Top 10 v\u00f2ng xoay l\u1edbn nh\u1ea5t th\u1ebf gi\u1edbi, Vinpearl Sky Wheel mang \u0111\u1ebfn cho du kh\u00e1ch c\u1ea3m gi\u00e1c ph\u1ea5n kh\u00edch, h\u1ed3i h\u1ed9p kh\u00f3 t\u1ea3.<\/p>\n<h3><span class=\"ez-toc-section\" id=\"Lac_vao_%E2%80%9CKhu_vuon_5_Chau%E2%80%9D_co_tich\"><\/span>L\u1ea1c v\u00e0o \u201cKhu v\u01b0\u1eddn 5 Ch\u00e2u\u201d c\u1ed5 t\u00edch<span class=\"ez-toc-section-end\"><\/span><\/h3>\n<p>Kh\u00e1m ph\u00e1 The World Garden v\u1edbi h\u00e0ng ngh\u00ecn lo\u00e0i k\u1ef3 hoa d\u1ecb th\u1ea3o, nh\u1eefng lo\u00e0i hoa qu\u00fd hi\u1ebfm t\u1eeb nhi\u1ec1u n\u01a1i tr\u00ean kh\u1eafp th\u1ebf gi\u1edbi v\u00e0 \u0111\u1eb7c bi\u1ec7t h\u01a1n, \u0111\u00f3 l\u00e0 \u0111\u01b0\u1ee3c chi\u00eam ng\u01b0\u1ee1ng b\u1ed9 s\u01b0u t\u1eadp x\u01b0\u01a1ng r\u1ed3ng \u201ckh\u1ee7ng\u201d nh\u1ea5t Vi\u1ec7t Nam v\u1edbi h\u01a1n 8000 c\u00e2y.<\/p>\n<h3><span class=\"ez-toc-section\" id=\"Quay_tung_bung_tai_vinh_Phao_noi\"><\/span>Qu\u1ea9y t\u01b0ng b\u1eebng t\u1ea1i v\u1ecbnh Phao n\u1ed5i<span class=\"ez-toc-section-end\"><\/span><\/h3>\n<p>V\u1edbi di\u1ec7n t\u00edch 4.200m2 c\u00f9ng s\u1ee9c ch\u1ee9a t\u1edbi 750 ng\u01b0\u1eddi, v\u1ecbnh phao n\u1ed5i l\u1edbn nh\u1ea5t th\u1ebf gi\u1edbi t\u1ea1i VinWonders Nha Trang l\u00e0 n\u01a1i du kh\u00e1ch \u0111\u01b0\u1ee3c tr\u1ea3i nghi\u1ec7m nh\u1eefng tr\u00f2 ch\u01a1i v\u1eadn \u0111\u1ed9ng c\u01b0\u1eddng \u0111\u1ed9 cao, nh\u1eefng th\u1eed th\u00e1ch chinh ph\u1ee5c \u0111\u00f2i h\u1ecfi s\u1ef1 ph\u1ed1i k\u1ebft h\u1ee3p \u0111\u1ed3ng \u0111\u1ed9i ch\u1eb7t ch\u1ebd.<\/p>\n<h3><span class=\"ez-toc-section\" id=\"Ghe_tham_vuon_thu_thu_nho_tai_Kings_Garden\"><\/span>Gh\u00e9 th\u0103m v\u01b0\u1eddn th\u00fa thu nh\u1ecf t\u1ea1i King\u2019s Garden<span class=\"ez-toc-section-end\"><\/span><\/h3>\n<p>Chi\u00eam ng\u01b0\u1ee1ng v\u01b0\u1eddn th\u00fa \u0111\u1ed9c \u0111\u00e1o v\u00e0 duy nh\u1ea5t t\u1ea1i Nha Trang v\u1edbi h\u00e0ng ch\u1ee5c lo\u00e0i th\u00fa qu\u00fd hi\u1ebfm nh\u01b0 h\u00e0 m\u00e3 ch\u00e2u Phi, h\u1ed5 Bengal, h\u1ed3ng h\u1ea1c M\u1ef9 c\u00f9ng nhi\u1ec1u lo\u00e0i chim s\u1eb7c s\u1ee1 kh\u00e1c. T\u1ea5t c\u1ea3 s\u1ebd khi\u1ebfn b\u1ea1n nh\u01b0 l\u1ea1c b\u01b0\u1edbc v\u00e0o th\u1ebf gi\u1edbi thi\u00ean nhi\u00ean \u0111\u1ea7y k\u1ef3 di\u1ec7u.<\/p>\n<h3><span class=\"ez-toc-section\" id=\"Ho_het_cuc_da_voi_duong_truot_nui_dai_hon_18km\"><\/span>H\u00f2 h\u00e9t c\u1ef1c \u0111\u00e3 v\u1edbi \u0111\u01b0\u1eddng tr\u01b0\u1ee3t n\u00fai d\u00e0i h\u01a1n 1,8km<span class=\"ez-toc-section-end\"><\/span><\/h3>\n<p>\u0110\u01b0\u1eddng tr\u01b0\u1ee3t n\u00fai tr\u00ean \u0111\u1ea3o l\u1edbn nh\u1ea5t \u0110\u00f4ng Nam \u00c1 t\u1ea1i VinWonders Nha Trang v\u1edbi chi\u1ec1u d\u00e0i 1.865m v\u1edbi nh\u1eefng kh\u00fac cua \u1ea5n t\u01b0\u1ee3ng, mang \u0111\u1ebfn cho du kh\u00e1ch tr\u1ea3i nghi\u1ec7m kh\u00f3 qu\u00ean c\u0169ng nh\u01b0 c\u1ea3m gi\u00e1c m\u00e3n nh\u00e3n khi \u0111\u01b0\u1ee3c ng\u1eafm nh\u00ecn v\u1ebb \u0111\u1eb9p tr\u00e1ng l\u1ec7 c\u1ee7a \u0111\u1ea3o H\u00f2n Tre.<\/p>\n<h2><span class=\"ez-toc-section\" id=\"Kinh_nghiem_di_Vinpearl_Nha_Trang_ban_can_nho\"><\/span>Experience of going to Vinpearl Nha Trang you need to remember<span class=\"ez-toc-section-end\"><\/span><\/h2>\n<ul>\n<li>Ticket price includes all games, you only have to pay for food or personal expenses.<\/li>\n<li>Vinpearl Nha Trang m\u1edf c\u1eeda h\u1eb1ng ng\u00e0y, ho\u1ea1t \u0111\u1ed9ng t\u1eeb 8h00 \u0111\u1ebfn 20h00<\/li>\n<li>Bring comfortable, loose clothing for ease of movement.<\/li>\n<li>Indoor games require the purchase of coins to participate. Therefore, do not forget to bring small denominations of cash to enjoy the experience.<\/li>\n<\/ul>\n<p>See also: <strong><a href=\"https:\/\/tourdaonhatrang.com\/en\/vinpearl-nha-trang-performance-schedule\/\">Vinpearl Nha Trang Performance Schedule<\/a><\/strong><\/p>","protected":false},"excerpt":{"rendered":"<p><span style=\"text-decoration: underline;\"><strong><span style=\"font-size: 120%; color: #ff0000; text-decoration: underline;\">Vin 1<\/span><\/strong><\/span><\/p>\n<h3><span style=\"color: #0000ff;\">Ng\u01b0\u1eddi l\u1edbn: 1.050,000\u0111 \u2013 Ng\u01b0\u1eddi cao tu\u1ed5i: 800,000\u0111 \u2013 Tr\u1ebb em: 800,000\u0111<\/span><\/h3>\n<ul>\n<li>CABLE CAR + FUN package ticket<\/li>\n<li><span style=\"color: #0000ff;\">Payment promotion 3%<\/span><\/li>\n<li><span style=\"color: #0000ff;\">Hotline: <a href=\"tel:0849256256\">0849 256 256<\/a><\/span><\/li>\n<li><span style=\"color: #0000ff;\">Download:<\/span> <a href=\"https:\/\/tourdaonhatrang.com\/wp-content\/uploads\/2021\/02\/040522_VWNT_GuideMap.pdf\" data-schema-attribute=\"mentions\">Vinpearl Nha Trang Map<\/a><\/li>\n<\/ul>\n<div class=\"hJDwNd-AhqUyc-qWD73c purZT-AhqUyc-II5mzb pSzOP-AhqUyc-qWD73c JNdkSc\">\n<div class=\"JNdkSc-SmKAyb\">\n<div class=\"\">\n<div class=\"oKdM2c Kzv0Me\">\n<div class=\"hJDwNd-AhqUyc-qWD73c purZT-AhqUyc-II5mzb pSzOP-AhqUyc-qWD73c JNdkSc\">\n<div class=\"JNdkSc-SmKAyb\">\n<div class=\"\">\n<div class=\"oKdM2c Kzv0Me\">\n<div id=\"h.f128f2fe5256b73_1433\" class=\"hJDwNd-AhqUyc-qWD73c jXK9ad D2fZ2 OjCsFc wHaque GNzUNc\">\n<div class=\"jXK9ad-SmKAyb\">\n<div class=\"tyJCtd mGzaTb baZpAe\">\n<div class=\"row row-small mua-ngay-button\">\n<div class=\"cot1 medium-6 small-12 large-6\">\n<div class=\"col-inner\"><a class=\"button primary is-large lowercase expand\" style=\"border-radius: 3px;\" href=\"https:\/\/tourdaonhatrang.com\/en\/gia-ve-vinpearl-nha-trang-moi-nhat\/\">See details<\/a><\/div>\n<\/div>\n<div class=\"cot2 medium-6 small-12 large-6\">\n<div class=\"col-inner\"><a class=\"button success is-large lowercase expand\" style=\"border-radius: 3px;\" href=\"https:\/\/tourdaonhatrang.com\/en\/vinwonder-nha-trang\/#dat-ve-vin\" target=\"_self\" rel=\"noopener\"><span style=\"vertical-align: inherit;\">\ud83d\uded2 Book tickets quickly<\/span><\/a><\/div>\n<\/div>\n<\/div>\n<\/div>\n<\/div>\n<\/div>\n<\/div>\n<\/div>\n<\/div>\n<\/div>\n<\/div>\n<\/div>\n<\/div>\n<\/div>","protected":false},"featured_media":29035,"comment_status":"open","ping_status":"closed","template":"","meta":[],"product_brand":[],"product_cat":[45],"product_tag":[],"class_list":{"0":"post-1692","1":"product","2":"type-product","3":"status-publish","4":"has-post-thumbnail","6":"product_cat-ve-vinpearl-nha-trang","8":"first","9":"instock","10":"shipping-taxable","11":"product-type-simple"},"_links":{"self":[{"href":"https:\/\/tourdaonhatrang.com\/en\/wp-json\/wp\/v2\/product\/1692","targetHints":{"allow":["GET"]}}],"collection":[{"href":"https:\/\/tourdaonhatrang.com\/en\/wp-json\/wp\/v2\/product"}],"about":[{"href":"https:\/\/tourdaonhatrang.com\/en\/wp-json\/wp\/v2\/types\/product"}],"replies":[{"embeddable":true,"href":"https:\/\/tourdaonhatrang.com\/en\/wp-json\/wp\/v2\/comments?post=1692"}],"wp:featuredmedia":[{"embeddable":true,"href":"https:\/\/tourdaonhatrang.com\/en\/wp-json\/wp\/v2\/media\/29035"}],"wp:attachment":[{"href":"https:\/\/tourdaonhatrang.com\/en\/wp-json\/wp\/v2\/media?parent=1692"}],"wp:term":[{"taxonomy":"product_brand","embeddable":true,"href":"https:\/\/tourdaonhatrang.com\/en\/wp-json\/wp\/v2\/product_brand?post=1692"},{"taxonomy":"product_cat","embeddable":true,"href":"https:\/\/tourdaonhatrang.com\/en\/wp-json\/wp\/v2\/product_cat?post=1692"},{"taxonomy":"product_tag","embeddable":true,"href":"https:\/\/tourdaonhatrang.com\/en\/wp-json\/wp\/v2\/product_tag?post=1692"}],"curies":[{"name":"wp","href":"https:\/\/api.w.org\/{rel}","templated":true}]}}