{"id":17435,"date":"2022-08-25T18:58:19","date_gmt":"2022-08-25T11:58:19","guid":{"rendered":"https:\/\/biennhatrang.com.vn\/?post_type=product&#038;p=17435"},"modified":"2025-12-08T14:05:30","modified_gmt":"2025-12-08T07:05:30","slug":"ve-hon-tam-nha-trang-seaday-02","status":"publish","type":"product","link":"https:\/\/tourdaonhatrang.com\/en\/ve-hon-tam-nha-trang-seaday-02\/","title":{"rendered":"Hon Tam Nha Trang ticket price \u2013 Nha Trang canoe rental"},"content":{"rendered":"<p>Gi\u00e1 V\u00e9 H\u00f2n T\u1eb1m Nha Trang Seaday 02 v\u1edbi 600,000 \u0111\u1ed3ng Mi\u1ec5n ph\u00ed s\u1eed d\u1ee5ng 8 ti\u1ec7n \u00edch, t\u1eafm bi\u1ec3n H\u00f2n T\u1eb1m, ch\u00e8o Kayak, ti\u1ec7c buffet kh\u00f4ng gi\u1edbi h\u1ea1n v\u00e0 h\u01a1n th\u1ebf n\u1eefa \u0110\u1eb7t v\u00e9 tr\u1ef1c tuy\u1ebfn ho\u1eb7c qua \u0111i\u1ec7n tho\u1ea1i 0849 256 256<\/p>\n<p>Departure at <strong><a href=\"https:\/\/tourdaonhatrang.com\/en\/nha-trang-tourist-boat\/\">Nha Trang tourist wharf<\/a><\/strong> \u2013 Get tickets directly at Hon Tam Island<\/p>\n<div id=\"ez-toc-container\" class=\"ez-toc-v2_0_82_2 counter-hierarchy ez-toc-counter ez-toc-grey ez-toc-container-direction\">\n<div class=\"ez-toc-title-container\">\n<p class=\"ez-toc-title\" style=\"cursor:inherit\">Content<\/p>\n<span class=\"ez-toc-title-toggle\"><a href=\"#\" class=\"ez-toc-pull-right ez-toc-btn ez-toc-btn-xs ez-toc-btn-default ez-toc-toggle\" aria-label=\"Toggle Table of Content\"><span class=\"ez-toc-js-icon-con\"><span class=\"\"><span class=\"eztoc-hide\" style=\"display:none;\">Toggle<\/span><span class=\"ez-toc-icon-toggle-span\"><svg style=\"fill: #999;color:#999\" xmlns=\"http:\/\/www.w3.org\/2000\/svg\" class=\"list-377408\" width=\"20px\" height=\"20px\" viewbox=\"0 0 24 24\" fill=\"none\"><path d=\"M6 6H4v2h2V6zm14 0H8v2h12V6zM4 11h2v2H4v-2zm16 0H8v2h12v-2zM4 16h2v2H4v-2zm16 0H8v2h12v-2z\" fill=\"currentColor\"><\/path><\/svg><svg style=\"fill: #999;color:#999\" class=\"arrow-unsorted-368013\" xmlns=\"http:\/\/www.w3.org\/2000\/svg\" width=\"10px\" height=\"10px\" viewbox=\"0 0 24 24\" version=\"1.2\" baseprofile=\"tiny\"><path d=\"M18.2 9.3l-6.2-6.3-6.2 6.3c-.2.2-.3.4-.3.7s.1.5.3.7c.2.2.4.3.7.3h11c.3 0 .5-.1.7-.3.2-.2.3-.5.3-.7s-.1-.5-.3-.7zM5.8 14.7l6.2 6.3 6.2-6.3c.2-.2.3-.5.3-.7s-.1-.5-.3-.7c-.2-.2-.4-.3-.7-.3h-11c-.3 0-.5.1-.7.3-.2.2-.3.5-.3.7s.1.5.3.7z\"\/><\/svg><\/span><\/span><\/span><\/a><\/span><\/div>\n<nav><ul class='ez-toc-list ez-toc-list-level-1' ><li class='ez-toc-page-1 ez-toc-heading-level-2'><a class=\"ez-toc-link ez-toc-heading-1\" href=\"https:\/\/tourdaonhatrang.com\/en\/ve-hon-tam-nha-trang-seaday-02\/#Khu_vui_choi_Hon_Tam_Sparkling_Waves\" >Hon Tam Sparkling Waves Amusement Park<\/a><\/li><li class='ez-toc-page-1 ez-toc-heading-level-2'><a class=\"ez-toc-link ez-toc-heading-2\" href=\"https:\/\/tourdaonhatrang.com\/en\/ve-hon-tam-nha-trang-seaday-02\/#Gia_ve_Hon_Tam_Nha_Trang_Seaday_02_bao_gom_nhung_gi\" >Gi\u00e1 v\u00e9 H\u00f2n T\u1eb1m Nha Trang Seaday 02 bao g\u1ed3m nh\u1eefng g\u00ec<\/a><ul class='ez-toc-list-level-3' ><li class='ez-toc-heading-level-3'><a class=\"ez-toc-link ez-toc-heading-3\" href=\"https:\/\/tourdaonhatrang.com\/en\/ve-hon-tam-nha-trang-seaday-02\/#Gia_Ve_Hon_Tam_Nha_Trang\" >Gi\u00e1 V\u00e9 H\u00f2n T\u1eb1m Nha Trang<\/a><\/li><li class='ez-toc-page-1 ez-toc-heading-level-3'><a class=\"ez-toc-link ez-toc-heading-4\" href=\"https:\/\/tourdaonhatrang.com\/en\/ve-hon-tam-nha-trang-seaday-02\/#Tour_Hon_Tam_bao_gom\" >Hon Tam Tour includes<\/a><\/li><li class='ez-toc-page-1 ez-toc-heading-level-3'><a class=\"ez-toc-link ez-toc-heading-5\" href=\"https:\/\/tourdaonhatrang.com\/en\/ve-hon-tam-nha-trang-seaday-02\/#Tour_khong_bao_gom\" >Tour does not include<\/a><\/li><\/ul><\/li><li class='ez-toc-page-1 ez-toc-heading-level-2'><a class=\"ez-toc-link ez-toc-heading-6\" href=\"https:\/\/tourdaonhatrang.com\/en\/ve-hon-tam-nha-trang-seaday-02\/#Chuan_bi_mot_so_vat_dung_can_thiet_khi_di_du_lich_Hon_Tam_Nha_Trang\" >Prepare some necessary items when traveling to Hon Tam Nha Trang<\/a><\/li><li class='ez-toc-page-1 ez-toc-heading-level-2'><a class=\"ez-toc-link ez-toc-heading-7\" href=\"https:\/\/tourdaonhatrang.com\/en\/ve-hon-tam-nha-trang-seaday-02\/#Cach_ra_ben_tau_Hon_Tam\" >How to get to Hon Tam wharf<\/a><\/li><\/ul><\/nav><\/div>\n<h2><span class=\"ez-toc-section\" id=\"Khu_vui_choi_Hon_Tam_Sparkling_Waves\"><\/span>Hon Tam Sparkling Waves Amusement Park<span class=\"ez-toc-section-end\"><\/span><\/h2>\n<p>Hon Tam Sparkling Waves is one of the rich and diverse sea entertainment areas, known as the paradise of water sports activities when you visit Nha Trang island tour.<\/p>\n<p>At the amusement park\u00a0<strong><a href=\"https:\/\/hontamnhatrang.com\/khu-vui-choi-sparkling-waves\/\" rel=\"noopener\">Hon Tam Sparkling Waves<\/a><\/strong>, Customers have many diverse and attractive game options such as: kayaking, beach volleyball, flyboard, and inflatable houses on the sea.<\/p>\n<p>Especially the unique experience with the Sea Breacher ship, only available at Hon Tam Island - Nha Trang.<\/p>\n<p><img loading=\"lazy\" decoding=\"async\" src=\"https:\/\/tourdaonhatrang.com\/wp-content\/uploads\/2021\/04\/ve-hon-tam-nha-trang-seaday-02-01.jpeg\" alt=\"v\u00e9 h\u00f2n t\u1eb3m nha trang seaday 02\" width=\"750\" height=\"500\" title=\"\"><\/p>\n<p>Sparkling Waves is a highlight of Hon Tam and brings a new, vibrant feeling to tourists staying or visiting the island through day tours.<\/p>\n<p>This is a great choice for day tours, team building activities or relaxing entertainment with family.<\/p>\n<p><strong>See more &gt;&gt;&gt; <a href=\"https:\/\/hontamnhatrang.com\/ve-hon-tam-nha-trang-tron-goi\/\" rel=\"noopener\">Hon Tam Package Tickets \u2013 1-day Hon Tam Tour Area B<\/a><\/strong><\/p>\n<h2><span class=\"ez-toc-section\" id=\"Gia_ve_Hon_Tam_Nha_Trang_Seaday_02_bao_gom_nhung_gi\"><\/span>Gi\u00e1 v\u00e9 H\u00f2n T\u1eb1m Nha Trang Seaday 02 bao g\u1ed3m nh\u1eefng g\u00ec<span class=\"ez-toc-section-end\"><\/span><\/h2>\n<p>Hon Tam Nha Trang Seaday 02, sightseeing, swimming, enjoying seafood buffet at Hon Tam Sparkling Waves amusement paradise. Hon Tam Nha Trang tour is sold according to the policy announced by Hon Tam Nha Trang Sea Joint Stock Company.<\/p>\n<h3><span class=\"ez-toc-section\" id=\"Gia_Ve_Hon_Tam_Nha_Trang\"><\/span>Gi\u00e1 V\u00e9 H\u00f2n T\u1eb1m Nha Trang<span class=\"ez-toc-section-end\"><\/span><\/h3>\n<p>V\u00e9 ng\u01b0\u1eddi l\u1edbn : 600,000 VN\u0110<\/p>\n<p>V\u00e9 tr\u1ebb em : 420,000 VN\u0110 (t\u1eeb 100cm \u0111\u1ebfn 140cm).<\/p>\n<p>Children under 1m free admission.<\/p>\n<p><img loading=\"lazy\" decoding=\"async\" src=\"https:\/\/tourdaonhatrang.com\/wp-content\/uploads\/2021\/04\/ve-hon-tam-nha-trang-seaday-02-05.jpeg\" alt=\"v\u00e9 h\u00f2n t\u1eb3m nha trang seaday 02\" width=\"750\" height=\"500\" title=\"\"><\/p>\n<h3><span class=\"ez-toc-section\" id=\"Tour_Hon_Tam_bao_gom\"><\/span>Hon Tam Tour includes<span class=\"ez-toc-section-end\"><\/span><\/h3>\n<p>Immerse yourself in the blue sea with crystal clear water and 1km long white sand beach.<\/p>\n<p>Beach amenities: Umbrellas, sun loungers, mattresses provided.<\/p>\n<p>Immerse yourself in our 2,400m\u00b2 swimming pool overlooking Nha Trang Bay.<\/p>\n<p>Water sports kayaking.<\/p>\n<p>Rock the music world with vibrant and fun beach dances.<\/p>\n<p>Th\u01b0\u1edfng th\u1ee9c buffet h\u1ea3i s\u1ea3n t\u1ea1i nh\u00e0 h\u00e0ng Ocean View.<\/p>\n<p>Free use of towels and lockers.<\/p>\n<p>&gt;&gt;&gt; <strong><a href=\"https:\/\/tourdaonhatrang.com\/en\/more-than-three-seaday-tours-in-the-package\/\">Hon Tam Seaday Tour Package Tickets<\/a><\/strong><\/p>\n<h3><span class=\"ez-toc-section\" id=\"Tour_khong_bao_gom\"><\/span>Tour does not include<span class=\"ez-toc-section-end\"><\/span><\/h3>\n<ul>\n<li>Shuttle bus to Hon Tam port<\/li>\n<li>Extra expenses such as scuba diving, floats, banana floats, parachutes, jet skis, hoverboards<\/li>\n<li><strong><a href=\"https:\/\/tambunhontam.com\/\" rel=\"noopener\">Hon Tam Mud Bath<\/a><\/strong><\/li>\n<li>Shuttle boat<\/li>\n<\/ul>\n<h2><span class=\"ez-toc-section\" id=\"Chuan_bi_mot_so_vat_dung_can_thiet_khi_di_du_lich_Hon_Tam_Nha_Trang\"><\/span>Prepare some necessary items when traveling to Hon Tam Nha Trang<span class=\"ez-toc-section-end\"><\/span><\/h2>\n<ul>\n<li>You should bring 2-3 sets of clothes for convenience in changing, taking check-in photos and swimming.<\/li>\n<li>Because it is a coastal area, it is inevitable that <a href=\"https:\/\/tourdaonhatrang.com\/en\/tour-du-lich-dao-hon-tam-nha-trang\/\">Hon Tam Nha Trang<\/a> quite \u201csunny and windy\u201d. Therefore, you should prepare skin care creams and sunscreens carefully if you do not want your skin to \u201close tone\u201d after the trip.<\/li>\n<li>You should bring all personal documents, cash, motion sickness medication, and necessary toiletries.<\/li>\n<\/ul>\n<h2><span class=\"ez-toc-section\" id=\"Cach_ra_ben_tau_Hon_Tam\"><\/span>How to get to Hon Tam wharf<span class=\"ez-toc-section-end\"><\/span><\/h2>\n<ul>\n<li>Mua tour H\u00f2n T\u1eb1m tr\u1ecdn g\u00f3i c\u00f3 \u0111\u01b0a \u0111\u00f3n \u0111\u1ec3 c\u00f3 xe \u0111\u01b0a ra c\u1ea3ng H\u00f2n T\u1eb1m<\/li>\n<li>\u0110\u00f3n taxi hay grad ra c\u1ea3ng H\u00f2n T\u1eb1m<\/li>\n<li>\u0110i xe ri\u00eang ra c\u1ea3ng c\u00f3 b\u00e3i \u0111\u1eadu xe mi\u1ec5n ph\u00ed<\/li>\n<\/ul>\n<p>B\u1ebfn t\u00e0u H\u00f2n T\u1eafm Nha Trang n\u1eb1m ph\u00eda nam th\u00e0nh ph\u1ed1 Nha Trang cu\u1ed1i \u0111\u01b0\u1eddng Tr\u1ea7n Ph\u00fa l\u00e0 c\u1ea3ng ri\u00eang.<\/p>","protected":false},"excerpt":{"rendered":"<h3><span style=\"color: #0000ff;\">Adults: 600,000 VND<\/span><\/h3>\n<h3><span style=\"color: #0000ff;\">Seniors\/children: 420,000 VND<\/span><\/h3>\n<ul>\n<li><span style=\"color: #ff0000;\">Canoe not included<\/span><\/li>\n<li>Area B Services <span style=\"color: #ff0000;\">(t\u1eb7ng khu B b\u00e3i bi\u1ec3n)<\/span><\/li>\n<li>Free umbrella and towel chair<\/li>\n<li>Music program<\/li>\n<li>Kayaking<\/li>\n<li>Lunch buffet<\/li>\n<li>Hotline: <a href=\"tel:0849256256\">0849 256 256<\/a><\/li>\n<li><span style=\"color: #0000ff;\">Payment promotion 5%<\/span><\/li>\n<\/ul>\n<div class=\"hJDwNd-AhqUyc-qWD73c purZT-AhqUyc-II5mzb pSzOP-AhqUyc-qWD73c JNdkSc\">\n<div class=\"JNdkSc-SmKAyb\">\n<div class=\"\">\n<div class=\"oKdM2c Kzv0Me\">\n<div class=\"hJDwNd-AhqUyc-qWD73c purZT-AhqUyc-II5mzb pSzOP-AhqUyc-qWD73c JNdkSc\">\n<div class=\"JNdkSc-SmKAyb\">\n<div class=\"\">\n<div class=\"oKdM2c Kzv0Me\">\n<div id=\"h.f128f2fe5256b73_1433\" class=\"hJDwNd-AhqUyc-qWD73c jXK9ad D2fZ2 OjCsFc wHaque GNzUNc\">\n<div class=\"jXK9ad-SmKAyb\">\n<div class=\"tyJCtd mGzaTb baZpAe\">\n<div class=\"row row-small mua-ngay-button\">\n<div class=\"cot1 medium-6 small-12 large-6\">\n<div class=\"col-inner\"><a class=\"button primary is-large lowercase expand\" style=\"border-radius: 3px;\" href=\"https:\/\/tourdaonhatrang.com\/en\/ve-hon-tam-nha-trang-seaday-02\/\">See details<\/a><\/div>\n<\/div>\n<div class=\"cot2 medium-6 small-12 large-6\">\n<div class=\"col-inner\"><a class=\"button success is-large lowercase expand\" style=\"border-radius: 3px;\" href=\"https:\/\/tourdaonhatrang.com\/en\/#dat-ve\" target=\"_self\" rel=\"noopener\"><span style=\"vertical-align: inherit;\">\ud83d\uded2 Book tickets quickly<\/span><\/a><\/div>\n<\/div>\n<\/div>\n<\/div>\n<\/div>\n<\/div>\n<\/div>\n<\/div>\n<\/div>\n<\/div>\n<\/div>\n<\/div>\n<\/div>\n<\/div>","protected":false},"featured_media":36467,"comment_status":"closed","ping_status":"closed","template":"","meta":[],"product_brand":[],"product_cat":[648,65],"product_tag":[691,730,690,681,722,723,724,687,53,726,728,673],"class_list":{"0":"post-17435","1":"product","2":"type-product","3":"status-publish","4":"has-post-thumbnail","6":"product_cat-tour-hon-tam-sea-day","7":"product_cat-ve-hon-tam-nha-trang","8":"product_tag-buffet-hon-tam","9":"product_tag-cang-du-lich-nha-trang","10":"product_tag-du-lich-hon-tam-tu-tuc","11":"product_tag-gia-ve-hon-tam-nha-trang","12":"product_tag-hon-tam-nha-trang","13":"product_tag-mua-ve-hon-tam-o-dau","14":"product_tag-review-hon-tam-nha-trang","15":"product_tag-tour-1-dao-nha-trang","16":"product_tag-tour-dao-nha-trang","17":"product_tag-tour-dao-nha-trang-1-ngay","18":"product_tag-ve-hon-tam","19":"product_tag-ve-hon-tam-nha-trang","21":"first","22":"instock","23":"shipping-taxable","24":"product-type-simple"},"_links":{"self":[{"href":"https:\/\/tourdaonhatrang.com\/en\/wp-json\/wp\/v2\/product\/17435","targetHints":{"allow":["GET"]}}],"collection":[{"href":"https:\/\/tourdaonhatrang.com\/en\/wp-json\/wp\/v2\/product"}],"about":[{"href":"https:\/\/tourdaonhatrang.com\/en\/wp-json\/wp\/v2\/types\/product"}],"replies":[{"embeddable":true,"href":"https:\/\/tourdaonhatrang.com\/en\/wp-json\/wp\/v2\/comments?post=17435"}],"wp:featuredmedia":[{"embeddable":true,"href":"https:\/\/tourdaonhatrang.com\/en\/wp-json\/wp\/v2\/media\/36467"}],"wp:attachment":[{"href":"https:\/\/tourdaonhatrang.com\/en\/wp-json\/wp\/v2\/media?parent=17435"}],"wp:term":[{"taxonomy":"product_brand","embeddable":true,"href":"https:\/\/tourdaonhatrang.com\/en\/wp-json\/wp\/v2\/product_brand?post=17435"},{"taxonomy":"product_cat","embeddable":true,"href":"https:\/\/tourdaonhatrang.com\/en\/wp-json\/wp\/v2\/product_cat?post=17435"},{"taxonomy":"product_tag","embeddable":true,"href":"https:\/\/tourdaonhatrang.com\/en\/wp-json\/wp\/v2\/product_tag?post=17435"}],"curies":[{"name":"wp","href":"https:\/\/api.w.org\/{rel}","templated":true}]}}