{"id":17496,"date":"2023-03-24T21:48:53","date_gmt":"2023-03-24T14:48:53","guid":{"rendered":"https:\/\/biennhatrang.com.vn\/?post_type=product&#038;p=17496"},"modified":"2026-03-14T06:56:16","modified_gmt":"2026-03-13T23:56:16","slug":"tam-bun-hon-tam-nha-trang-goi-03","status":"publish","type":"product","link":"https:\/\/tourdaonhatrang.com\/en\/tam-bun-hon-tam-nha-trang-goi-03\/","title":{"rendered":"Hon Tam mud bath ticket price - Hon Tam self-sufficient travel (Package 6)"},"content":{"rendered":"<div id=\"ez-toc-container\" class=\"ez-toc-v2_0_82_2 counter-hierarchy ez-toc-counter ez-toc-grey ez-toc-container-direction\">\n<div class=\"ez-toc-title-container\">\n<p class=\"ez-toc-title\" style=\"cursor:inherit\">Content<\/p>\n<span class=\"ez-toc-title-toggle\"><a href=\"#\" class=\"ez-toc-pull-right ez-toc-btn ez-toc-btn-xs ez-toc-btn-default ez-toc-toggle\" aria-label=\"Toggle Table of Content\"><span class=\"ez-toc-js-icon-con\"><span class=\"\"><span class=\"eztoc-hide\" style=\"display:none;\">Toggle<\/span><span class=\"ez-toc-icon-toggle-span\"><svg style=\"fill: #999;color:#999\" xmlns=\"http:\/\/www.w3.org\/2000\/svg\" class=\"list-377408\" width=\"20px\" height=\"20px\" viewbox=\"0 0 24 24\" fill=\"none\"><path d=\"M6 6H4v2h2V6zm14 0H8v2h12V6zM4 11h2v2H4v-2zm16 0H8v2h12v-2zM4 16h2v2H4v-2zm16 0H8v2h12v-2z\" fill=\"currentColor\"><\/path><\/svg><svg style=\"fill: #999;color:#999\" class=\"arrow-unsorted-368013\" xmlns=\"http:\/\/www.w3.org\/2000\/svg\" width=\"10px\" height=\"10px\" viewbox=\"0 0 24 24\" version=\"1.2\" baseprofile=\"tiny\"><path d=\"M18.2 9.3l-6.2-6.3-6.2 6.3c-.2.2-.3.4-.3.7s.1.5.3.7c.2.2.4.3.7.3h11c.3 0 .5-.1.7-.3.2-.2.3-.5.3-.7s-.1-.5-.3-.7zM5.8 14.7l6.2 6.3 6.2-6.3c.2-.2.3-.5.3-.7s-.1-.5-.3-.7c-.2-.2-.4-.3-.7-.3h-11c-.3 0-.5.1-.7.3-.2.2-.3.5-.3.7s.1.5.3.7z\"\/><\/svg><\/span><\/span><\/span><\/a><\/span><\/div>\n<nav><ul class='ez-toc-list ez-toc-list-level-1' ><li class='ez-toc-page-1 ez-toc-heading-level-1'><a class=\"ez-toc-link ez-toc-heading-1\" href=\"https:\/\/tourdaonhatrang.com\/en\/tam-bun-hon-tam-nha-trang-goi-03\/#Gia_ve_tam_bun_Hon_Tam_%E2%80%93_Du_lich_Hon_Tam_tu_tuc\" >Hon Tam mud bath ticket price - Hon Tam self-sufficient travel<\/a><ul class='ez-toc-list-level-2' ><li class='ez-toc-heading-level-2'><a class=\"ez-toc-link ez-toc-heading-2\" href=\"https:\/\/tourdaonhatrang.com\/en\/tam-bun-hon-tam-nha-trang-goi-03\/#Gia_ve_tam_bun_Hon_Tam_Nha_Trang_%E2%80%93_Du_lich_Hon_Tam_tu_tuc\" >Hon Tam Mud Bath Ticket Price in Nha Trang \u2013 Independent travel to Hon Tam<\/a><\/li><li class='ez-toc-page-1 ez-toc-heading-level-2'><a class=\"ez-toc-link ez-toc-heading-3\" href=\"https:\/\/tourdaonhatrang.com\/en\/tam-bun-hon-tam-nha-trang-goi-03\/#Tam_bun_Hon_Tam_khoi_hanh_tai_cang_rieng\" >Hon Tam Mud Bath departs from private port<\/a><\/li><li class='ez-toc-page-1 ez-toc-heading-level-2'><a class=\"ez-toc-link ez-toc-heading-4\" href=\"https:\/\/tourdaonhatrang.com\/en\/tam-bun-hon-tam-nha-trang-goi-03\/#Gia_ve_tam_bun_Hon_Tam_%E2%80%93_Mudbath_03_%E2%80%93_Cano_van_chuyen_tam_bun\" >Hon Tam Mud Bath Ticket Price \u2013 Mudbath 03 \u2013 Canoe transportation + mud bath<\/a><ul class='ez-toc-list-level-3' ><li class='ez-toc-heading-level-3'><a class=\"ez-toc-link ez-toc-heading-5\" href=\"https:\/\/tourdaonhatrang.com\/en\/tam-bun-hon-tam-nha-trang-goi-03\/#Quyen_loi_bao_gom_trong_ve_di_Hon_Tam\" >Benefits included in tickets to Hon Tam<\/a><ul class='ez-toc-list-level-4' ><li class='ez-toc-heading-level-4'><a class=\"ez-toc-link ez-toc-heading-6\" href=\"https:\/\/tourdaonhatrang.com\/en\/tam-bun-hon-tam-nha-trang-goi-03\/#Gia_ve_tam_bun_Hon_Tam_Nha_Trang_Mudbath_03_bao_gom\" >Hon Tam Nha Trang Mudbath 03 mud bath ticket price includes:<\/a><\/li><li class='ez-toc-page-1 ez-toc-heading-level-4'><a class=\"ez-toc-link ez-toc-heading-7\" href=\"https:\/\/tourdaonhatrang.com\/en\/tam-bun-hon-tam-nha-trang-goi-03\/#Gia_ve_chua_bao_gom\" >Ticket price does not include<\/a><\/li><\/ul><\/li><\/ul><\/li><li class='ez-toc-page-1 ez-toc-heading-level-2'><a class=\"ez-toc-link ez-toc-heading-8\" href=\"https:\/\/tourdaonhatrang.com\/en\/tam-bun-hon-tam-nha-trang-goi-03\/#Nhung_quy_dinh_ban_can_biet_ve_ve_Hon_Tam\" >Regulations you need to know about Hon Tam tickets<\/a><\/li><li class='ez-toc-page-1 ez-toc-heading-level-2'><a class=\"ez-toc-link ez-toc-heading-9\" href=\"https:\/\/tourdaonhatrang.com\/en\/tam-bun-hon-tam-nha-trang-goi-03\/#Chuan_bi_nhung_gi_khi_di_tam_bun_Hon_Tam_Nha_Trang\" >What to prepare when going to Hon Tam mud bath Nha Trang<\/a><\/li><li class='ez-toc-page-1 ez-toc-heading-level-2'><a class=\"ez-toc-link ez-toc-heading-10\" href=\"https:\/\/tourdaonhatrang.com\/en\/tam-bun-hon-tam-nha-trang-goi-03\/#Nhung_loi_ich_tuyet_voi_tu_tam_bun_khoang\" >The wonderful benefits of mineral mud baths<\/a><\/li><\/ul><\/li><\/ul><\/nav><\/div>\n<h1><span class=\"ez-toc-section\" id=\"Gia_ve_tam_bun_Hon_Tam_%E2%80%93_Du_lich_Hon_Tam_tu_tuc\"><\/span>Hon Tam mud bath ticket price - Hon Tam self-sufficient travel<span class=\"ez-toc-section-end\"><\/span><\/h1>\n<p>Hon Tam Nha Trang mud bath ticket price does not include lunch buffet, providing a wonderful experience.<\/p>\n<p>This is also a tour package for tourists traveling to Hon Tam on their own who just want to visit, <strong><a href=\"https:\/\/tourdaonhatrang.com\/en\/tour-du-lich-dao-hon-tam-nha-trang\/\">Hon Tam Island tourism<\/a><\/strong> in a morning or afternoon. Since June 2019, Hon Tam mud bath has joined the Nha Trang mud bath service group as a highlight of Nha Trang tourism.<\/p>\n<p><span style=\"color: #ff0000;\"><strong>Latest update: Hon Tam port has temporarily closed for construction and repair. Instead, visitors will depart for Hon Tam at Vinpearl Nha Trang port.<\/strong><\/span><\/p>\n<p><span style=\"color: #0000ff;\"><em>After you book a ticket with your phone number. The consultant will guide you through the journey, pick you up at the port, assist with check-in, and provide other support at the port before you board the ship, so you can rest assured!<\/em><\/span><\/p>\n<h2><span class=\"ez-toc-section\" id=\"Gia_ve_tam_bun_Hon_Tam_Nha_Trang_%E2%80%93_Du_lich_Hon_Tam_tu_tuc\"><\/span>Hon Tam Mud Bath Ticket Price in Nha Trang \u2013 Independent travel to Hon Tam<span class=\"ez-toc-section-end\"><\/span><\/h2>\n<p>Hon Tam mud bath ticket price will definitely not disappoint you, this place with long white sand beach and a 5-star health care area is ideal for those who love Nha Trang mineral mud bath tourism at super cheap price.<\/p>\n<p><img loading=\"lazy\" decoding=\"async\" src=\"https:\/\/tourdaonhatrang.com\/wp-content\/uploads\/2021\/05\/tam-bun-hon-tam-01-2.jpg\" alt=\"\" width=\"750\" height=\"500\" title=\"\"><\/p>\n<p>Area <a href=\"https:\/\/tambunhontam.com\/tam-bun-hon-tam-nha-trang\/\" rel=\"noopener\">Hon Tam Mud Bath<\/a> still preserves the wild and pure beauty with a beautiful location in Nha Trang Bay. Holds the record as the largest mineral mud bath area in Vietnam.<\/p>\n<p>Located on Hon Tam Island, Hon Tam Mud Bath Area with a total area of 16,000m\u00b2, is inspired by terraced fields with an open design interspersed with green trees, blending into the ocean.<\/p>\n<p><strong>See more &gt;&gt;&gt; <a href=\"https:\/\/hontamnhatrang.com\/ve-hon-tam-nha-trang-tron-goi\/\" rel=\"noopener\">Hon Tam Package Tickets \u2013 1-day Hon Tam Tour Area B<\/a><\/strong><\/p>\n<h2><span class=\"ez-toc-section\" id=\"Tam_bun_Hon_Tam_khoi_hanh_tai_cang_rieng\"><\/span>Hon Tam Mud Bath departs from private port<span class=\"ez-toc-section-end\"><\/span><\/h2>\n<p>Hon Tam Nha Trang Port is the main transportation port of Hon Tam Island, serving tourists when buying Hon Tam ferry tickets. The tour by 45-seat Hon Tam high-speed tourist canoe takes only about 7 minutes.<\/p>\n<p>Location: Located in the southeast of Nha Trang city. 7km from Nha Trang city center, in Vinh Nguyen ward.<\/p>\n<ul>\n<li>Canoe hours: 8:00 a.m. \u2013 9:00 a.m. \u2013 10:00 a.m. \u2013 11:00 a.m. \u2013 12:00 p.m.<\/li>\n<li>Canoe return time: 10:20 - 11:20 - 12:20 - 13:20 - 14:20 - 15:20 - 16:20<\/li>\n<\/ul>\n<p><span style=\"color: #0000ff;\"><strong>Note: You need to be at Hon Tam port 10-15 minutes in advance to check in to the island.<\/strong><\/span><\/p>\n<h2><span class=\"ez-toc-section\" id=\"Gia_ve_tam_bun_Hon_Tam_%E2%80%93_Mudbath_03_%E2%80%93_Cano_van_chuyen_tam_bun\"><\/span>Hon Tam Mud Bath Ticket Price \u2013 Mudbath 03 \u2013 Canoe transportation + mud bath<span class=\"ez-toc-section-end\"><\/span><\/h2>\n<p>T\u1eeb ng\u00e0y 20\/11\/2025 \u0111\u1ebfn ng\u00e0y 29\/04\/2026, mua v\u00e9 <strong>Hon Tam mud bath<\/strong>, qu\u00fd kh\u00e1ch \u0111\u01b0\u1ee3c <strong>t\u1eb7ng<\/strong> v\u00e9 tham quan <strong>khu b\u00e3i bi\u1ec3n<\/strong><\/p>\n<ul>\n<li>Adult ticket: 540,000 VND<\/li>\n<li>Children&#039;s ticket: 430,000 VND<\/li>\n<\/ul>\n<hr \/>\n<p>Child ticket policy<\/p>\n<ol>\n<li>Children under 1m free entrance<\/li>\n<li>Children are counted from 1m to 1m39.<\/li>\n<li>Over 1m39 adult ticket.<\/li>\n<\/ol>\n<hr \/>\n<h3><span class=\"ez-toc-section\" id=\"Quyen_loi_bao_gom_trong_ve_di_Hon_Tam\"><\/span>Benefits included in tickets to Hon Tam<span class=\"ez-toc-section-end\"><\/span><\/h3>\n<h4><span class=\"ez-toc-section\" id=\"Gia_ve_tam_bun_Hon_Tam_Nha_Trang_Mudbath_03_bao_gom\"><\/span>Hon Tam Nha Trang Mudbath 03 mud bath ticket price includes:<span class=\"ez-toc-section-end\"><\/span><\/h4>\n<p>Two trips from the mainland to the island and vice versa, by Hon Tam tourist boat.<\/p>\n<figure id=\"attachment_39897\" aria-describedby=\"caption-attachment-39897\" style=\"width: 1020px\" class=\"wp-caption aligncenter\"><img loading=\"lazy\" decoding=\"async\" class=\"size-large wp-image-39897\" src=\"https:\/\/tourdaonhatrang.com\/wp-content\/uploads\/2023\/03\/cano-hon-tam-nha-trang-001-1024x683.jpg\" alt=\"\" width=\"1020\" height=\"680\" title=\"\" srcset=\"https:\/\/tourdaonhatrang.com\/wp-content\/uploads\/2023\/03\/cano-hon-tam-nha-trang-001-1024x683.jpg 1024w, https:\/\/tourdaonhatrang.com\/wp-content\/uploads\/2023\/03\/cano-hon-tam-nha-trang-001-300x200.jpg 300w, https:\/\/tourdaonhatrang.com\/wp-content\/uploads\/2023\/03\/cano-hon-tam-nha-trang-001-768x512.jpg 768w, https:\/\/tourdaonhatrang.com\/wp-content\/uploads\/2023\/03\/cano-hon-tam-nha-trang-001-18x12.jpg 18w, https:\/\/tourdaonhatrang.com\/wp-content\/uploads\/2023\/03\/cano-hon-tam-nha-trang-001-400x267.jpg 400w, https:\/\/tourdaonhatrang.com\/wp-content\/uploads\/2023\/03\/cano-hon-tam-nha-trang-001-600x400.jpg 600w, https:\/\/tourdaonhatrang.com\/wp-content\/uploads\/2023\/03\/cano-hon-tam-nha-trang-001.jpg 1140w\" sizes=\"auto, (max-width: 1020px) 100vw, 1020px\" \/><figcaption id=\"caption-attachment-39897\" class=\"wp-caption-text\">Cano \u0111i H\u00f2n T\u1eb1m Nha Trang<\/figcaption><\/figure>\n<p>Swimsuits, towels, lockers, and keys provided.<\/p>\n<p>Experience hot mineral mud baths with a variety of tubs.<\/p>\n<p><img loading=\"lazy\" decoding=\"async\" src=\"https:\/\/tourdaonhatrang.com\/wp-content\/uploads\/2021\/05\/tam-bun-hon-tam-03-2.jpg\" alt=\"\" width=\"750\" height=\"500\" title=\"\"><\/p>\n<p>Full body massage with hydrotherapy system.<\/p>\n<p><img loading=\"lazy\" decoding=\"async\" src=\"https:\/\/tourdaonhatrang.com\/wp-content\/uploads\/2021\/05\/tam-bun-hon-tam-05.jpg\" alt=\"Hon Tam Mud Bath Package 03\" width=\"750\" height=\"500\" title=\"\"><\/p>\n<p>Freely immerse yourself in the 1,350m\u00b2 hot mineral pool.<\/p>\n<p>Experience mineral waterfall bathing and infinity pool.<\/p>\n<p>Entertainment and swimming in area A<\/p>\n<p><img loading=\"lazy\" decoding=\"async\" src=\"https:\/\/tourdaonhatrang.com\/wp-content\/uploads\/2021\/05\/tam-bun-hon-tam-06.jpg\" alt=\"\" width=\"750\" height=\"500\" title=\"\"><\/p>\n<h4><span class=\"ez-toc-section\" id=\"Gia_ve_chua_bao_gom\"><\/span>Ticket price does not include<span class=\"ez-toc-section-end\"><\/span><\/h4>\n<ul>\n<li>Lunch buffet.<\/li>\n<li>Marine sports, parasailing, scuba diving, etc.<\/li>\n<li>Hotel shuttle service.<\/li>\n<\/ul>\n<h2><span class=\"ez-toc-section\" id=\"Nhung_quy_dinh_ban_can_biet_ve_ve_Hon_Tam\"><\/span>Regulations you need to know about Hon Tam tickets<span class=\"ez-toc-section-end\"><\/span><\/h2>\n<p>Train tickets to Tam Nha Trang have a QR code integrated on the ticket used throughout the journey. Therefore, you need to keep your ticket to use each service.<\/p>\n<p>Please note that the train schedule is fixed according to the time frame. So please arrive at the port earlier than the train departure time!<\/p>\n<p><span style=\"color: #0000ff;\"><strong>Important note: for Hon Tam ticket packages with lunch, visitors should remember to bring their tickets to eat at the restaurant.<\/strong><\/span><\/p>\n<hr \/>\n<h2><span class=\"ez-toc-section\" id=\"Chuan_bi_nhung_gi_khi_di_tam_bun_Hon_Tam_Nha_Trang\"><\/span>What to prepare when going to Hon Tam mud bath Nha Trang<span class=\"ez-toc-section-end\"><\/span><\/h2>\n<p>When going <strong><a href=\"https:\/\/tourdaonhatrang.com\/en\/tam-bun-hon-tam\/\">mud bath at Hon Tam Nha Trang<\/a><\/strong> Tourists should note to prepare all necessary items such as:<\/p>\n<ul>\n<li>Some personal items for mud bath such as: clothes, sunscreen, clothes to change after mud bath.<\/li>\n<li>You should also prepare plastic bags to store wet clothes after the mud bath.<\/li>\n<li>You can bring some extra medicines such as fever reducers, motion sickness medicine, etc. to best protect your health in bad situations.<\/li>\n<\/ul>\n<h2><span class=\"ez-toc-section\" id=\"Nhung_loi_ich_tuyet_voi_tu_tam_bun_khoang\"><\/span>The wonderful benefits of mineral mud baths<span class=\"ez-toc-section-end\"><\/span><\/h2>\n<p>Mineral mud bath should be done for at least 15-30 minutes. If you only soak for 5-10 minutes, it will not be very effective.<\/p>\n<p>During the mud bath, users need to gently massage parts of the whole body. The massage will help the nutrients in the mineral mud penetrate better into the skin.<\/p>\n<p>Mineral mud has high physical and chemical properties, has good antiseptic properties. Soaking in mineral mud will help regenerate cells inside the skin, the skin will be detoxified and become much firmer.<\/p>\n<p>After taking a mud bath, you should rinse with water.<\/p>\n<p>See also: <strong><a href=\"https:\/\/tourdaonhatrang.com\/en\/tam-bun-hon-tam-nha-trang-tron-goi\/\">Hon Tam Mud Bath Nha Trang Package<\/a><\/strong><\/p>","protected":false},"excerpt":{"rendered":"<p><span style=\"text-decoration: underline; color: #ff0000; font-size: 120%;\"><strong>Package 6<\/strong><\/span> <img loading=\"lazy\" decoding=\"async\" class=\"alignnone wp-image-39871\" src=\"https:\/\/tourdaonhatrang.com\/wp-content\/uploads\/2023\/01\/khuyen-mai-ngay.png\" alt=\"\" width=\"88\" height=\"88\" srcset=\"https:\/\/tourdaonhatrang.com\/wp-content\/uploads\/2023\/01\/khuyen-mai-ngay.png 530w, https:\/\/tourdaonhatrang.com\/wp-content\/uploads\/2023\/01\/khuyen-mai-ngay-300x300.png 300w, https:\/\/tourdaonhatrang.com\/wp-content\/uploads\/2023\/01\/khuyen-mai-ngay-150x150.png 150w, https:\/\/tourdaonhatrang.com\/wp-content\/uploads\/2023\/01\/khuyen-mai-ngay-12x12.png 12w, https:\/\/tourdaonhatrang.com\/wp-content\/uploads\/2023\/01\/khuyen-mai-ngay-400x400.png 400w, https:\/\/tourdaonhatrang.com\/wp-content\/uploads\/2023\/01\/khuyen-mai-ngay-100x100.png 100w\" sizes=\"auto, (max-width: 88px) 100vw, 88px\" \/><\/p>\n<p><img loading=\"lazy\" decoding=\"async\" class=\"size-full wp-image-39900\" src=\"https:\/\/tourdaonhatrang.com\/wp-content\/uploads\/2024\/03\/phieu-khuyen-mai-thanh-toan-ngay-1.png\" alt=\"\u01afu \u0111\u00e3i thanh to\u00e1n ngay\" width=\"840\" height=\"360\" srcset=\"https:\/\/tourdaonhatrang.com\/wp-content\/uploads\/2024\/03\/phieu-khuyen-mai-thanh-toan-ngay-1.png 840w, https:\/\/tourdaonhatrang.com\/wp-content\/uploads\/2024\/03\/phieu-khuyen-mai-thanh-toan-ngay-1-300x129.png 300w, https:\/\/tourdaonhatrang.com\/wp-content\/uploads\/2024\/03\/phieu-khuyen-mai-thanh-toan-ngay-1-768x329.png 768w, https:\/\/tourdaonhatrang.com\/wp-content\/uploads\/2024\/03\/phieu-khuyen-mai-thanh-toan-ngay-1-18x8.png 18w, https:\/\/tourdaonhatrang.com\/wp-content\/uploads\/2024\/03\/phieu-khuyen-mai-thanh-toan-ngay-1-400x171.png 400w, https:\/\/tourdaonhatrang.com\/wp-content\/uploads\/2024\/03\/phieu-khuyen-mai-thanh-toan-ngay-1-600x257.png 600w\" sizes=\"auto, (max-width: 840px) 100vw, 840px\" \/><\/p>\n<h3><span style=\"color: #0000ff;\">Adults: 540,000 VND<\/span><\/h3>\n<h3><span style=\"color: #0000ff;\">Seniors\/children: 430,000 VND<\/span><\/h3>\n<ul>\n<li>Departure from Hon Tam port<\/li>\n<li>Two-way shuttle canoe<\/li>\n<li>Area A Services <span style=\"color: #ff0000;\">(t\u1eb7ng khu B b\u00e3i bi\u1ec3n)<\/span><\/li>\n<li>Experience hot mineral mud bath<\/li>\n<li>Mineral bath &amp; infinity pool<\/li>\n<li>Holiday surcharge 15%<\/li>\n<li>Hotline: <a href=\"tel:0849256256\">0849 256 256<\/a><\/li>\n<li><span style=\"color: #0000ff;\">Payment promotion 5%<\/span><\/li>\n<\/ul>\n<div class=\"hJDwNd-AhqUyc-qWD73c purZT-AhqUyc-II5mzb pSzOP-AhqUyc-qWD73c JNdkSc\">\n<div class=\"JNdkSc-SmKAyb\">\n<div class=\"\">\n<div class=\"oKdM2c Kzv0Me\">\n<div class=\"hJDwNd-AhqUyc-qWD73c purZT-AhqUyc-II5mzb pSzOP-AhqUyc-qWD73c JNdkSc\">\n<div class=\"JNdkSc-SmKAyb\">\n<div class=\"\">\n<div class=\"oKdM2c Kzv0Me\">\n<div id=\"h.f128f2fe5256b73_1433\" class=\"hJDwNd-AhqUyc-qWD73c jXK9ad D2fZ2 OjCsFc wHaque GNzUNc\">\n<div class=\"jXK9ad-SmKAyb\">\n<div class=\"tyJCtd mGzaTb baZpAe\">\n<div class=\"row row-small mua-ngay-button\">\n<div class=\"cot1 medium-6 small-12 large-6\">\n<div class=\"col-inner\"><a class=\"button primary is-large lowercase expand\" style=\"border-radius: 3px;\" href=\"https:\/\/tourdaonhatrang.com\/en\/tam-bun-hon-tam-nha-trang-goi-03\/\">See details<\/a><\/div>\n<\/div>\n<div class=\"cot2 medium-6 small-12 large-6\">\n<div class=\"col-inner\"><a class=\"button success is-large lowercase expand\" style=\"border-radius: 3px;\" href=\"https:\/\/hontamnhatrang.com\/tour-hon-tam\/dat-ve-tour-hon-tam-tam-bun-khu-a\/\" target=\"_self\" rel=\"noopener\"><span style=\"vertical-align: inherit;\">\ud83d\uded2 Book tickets quickly<\/span><\/a><\/div>\n<\/div>\n<\/div>\n<\/div>\n<\/div>\n<\/div>\n<\/div>\n<\/div>\n<\/div>\n<\/div>\n<\/div>\n<\/div>\n<\/div>\n<\/div>","protected":false},"featured_media":36462,"comment_status":"closed","ping_status":"closed","template":"","meta":[],"product_brand":[],"product_cat":[50,35,666,65],"product_tag":[721,690,681,722,723,724,675,725,587,687,53,726,679,727,728,673],"class_list":{"0":"post-17496","1":"product","2":"type-product","3":"status-publish","4":"has-post-thumbnail","6":"product_cat-tam-bun-hon-tam","7":"product_cat-tour-cac-dao-nha-trang","8":"product_cat-tour-hon-tam-nha-trang","9":"product_cat-ve-hon-tam-nha-trang","10":"product_tag-du-lich-hon-tam-tron-goi","11":"product_tag-du-lich-hon-tam-tu-tuc","12":"product_tag-gia-ve-hon-tam-nha-trang","13":"product_tag-hon-tam-nha-trang","14":"product_tag-mua-ve-hon-tam-o-dau","15":"product_tag-review-hon-tam-nha-trang","16":"product_tag-review-tam-bun-hon-tam","17":"product_tag-tam-bun-hon-tam","18":"product_tag-tam-bun-hon-tam-tron-goi","19":"product_tag-tour-1-dao-nha-trang","20":"product_tag-tour-dao-nha-trang","21":"product_tag-tour-dao-nha-trang-1-ngay","22":"product_tag-tour-hon-tam-tron-goi","23":"product_tag-ve-cano-di-hon-tam","24":"product_tag-ve-hon-tam","25":"product_tag-ve-hon-tam-nha-trang","27":"first","28":"instock","29":"shipping-taxable","30":"product-type-simple"},"_links":{"self":[{"href":"https:\/\/tourdaonhatrang.com\/en\/wp-json\/wp\/v2\/product\/17496","targetHints":{"allow":["GET"]}}],"collection":[{"href":"https:\/\/tourdaonhatrang.com\/en\/wp-json\/wp\/v2\/product"}],"about":[{"href":"https:\/\/tourdaonhatrang.com\/en\/wp-json\/wp\/v2\/types\/product"}],"replies":[{"embeddable":true,"href":"https:\/\/tourdaonhatrang.com\/en\/wp-json\/wp\/v2\/comments?post=17496"}],"wp:featuredmedia":[{"embeddable":true,"href":"https:\/\/tourdaonhatrang.com\/en\/wp-json\/wp\/v2\/media\/36462"}],"wp:attachment":[{"href":"https:\/\/tourdaonhatrang.com\/en\/wp-json\/wp\/v2\/media?parent=17496"}],"wp:term":[{"taxonomy":"product_brand","embeddable":true,"href":"https:\/\/tourdaonhatrang.com\/en\/wp-json\/wp\/v2\/product_brand?post=17496"},{"taxonomy":"product_cat","embeddable":true,"href":"https:\/\/tourdaonhatrang.com\/en\/wp-json\/wp\/v2\/product_cat?post=17496"},{"taxonomy":"product_tag","embeddable":true,"href":"https:\/\/tourdaonhatrang.com\/en\/wp-json\/wp\/v2\/product_tag?post=17496"}],"curies":[{"name":"wp","href":"https:\/\/api.w.org\/{rel}","templated":true}]}}