{"id":17663,"date":"2024-03-11T19:03:48","date_gmt":"2024-03-11T12:03:48","guid":{"rendered":"https:\/\/tourdao.com.vn\/?post_type=product&#038;p=17663"},"modified":"2026-01-30T16:11:04","modified_gmt":"2026-01-30T09:11:04","slug":"3-island-nha-trang-tour-1-day","status":"publish","type":"product","link":"https:\/\/tourdaonhatrang.com\/en\/3-island-nha-trang-tour-1-day\/","title":{"rendered":"Nha Trang 3-island tour Coral Bay \u2013 Fishing Village \u2013 Tranh Beach (Tour 5)"},"content":{"rendered":"<div id=\"ez-toc-container\" class=\"ez-toc-v2_0_82_2 counter-hierarchy ez-toc-counter ez-toc-grey ez-toc-container-direction\">\n<div class=\"ez-toc-title-container\">\n<p class=\"ez-toc-title\" style=\"cursor:inherit\">Content<\/p>\n<span class=\"ez-toc-title-toggle\"><a href=\"#\" class=\"ez-toc-pull-right ez-toc-btn ez-toc-btn-xs ez-toc-btn-default ez-toc-toggle\" aria-label=\"Toggle Table of Content\"><span class=\"ez-toc-js-icon-con\"><span class=\"\"><span class=\"eztoc-hide\" style=\"display:none;\">Toggle<\/span><span class=\"ez-toc-icon-toggle-span\"><svg style=\"fill: #999;color:#999\" xmlns=\"http:\/\/www.w3.org\/2000\/svg\" class=\"list-377408\" width=\"20px\" height=\"20px\" viewbox=\"0 0 24 24\" fill=\"none\"><path d=\"M6 6H4v2h2V6zm14 0H8v2h12V6zM4 11h2v2H4v-2zm16 0H8v2h12v-2zM4 16h2v2H4v-2zm16 0H8v2h12v-2z\" fill=\"currentColor\"><\/path><\/svg><svg style=\"fill: #999;color:#999\" class=\"arrow-unsorted-368013\" xmlns=\"http:\/\/www.w3.org\/2000\/svg\" width=\"10px\" height=\"10px\" viewbox=\"0 0 24 24\" version=\"1.2\" baseprofile=\"tiny\"><path d=\"M18.2 9.3l-6.2-6.3-6.2 6.3c-.2.2-.3.4-.3.7s.1.5.3.7c.2.2.4.3.7.3h11c.3 0 .5-.1.7-.3.2-.2.3-.5.3-.7s-.1-.5-.3-.7zM5.8 14.7l6.2 6.3 6.2-6.3c.2-.2.3-.5.3-.7s-.1-.5-.3-.7c-.2-.2-.4-.3-.7-.3h-11c-.3 0-.5.1-.7.3-.2.2-.3.5-.3.7s.1.5.3.7z\"\/><\/svg><\/span><\/span><\/span><\/a><\/span><\/div>\n<nav><ul class='ez-toc-list ez-toc-list-level-1' ><li class='ez-toc-page-1 ez-toc-heading-level-1'><a class=\"ez-toc-link ez-toc-heading-1\" href=\"https:\/\/tourdaonhatrang.com\/en\/3-island-nha-trang-tour-1-day\/#Tour_3_dao_Nha_Trang_Vinh_San_Ho_%E2%80%93_Lang_Chai_%E2%80%93_Bai_Tranh\" >Nha Trang 3 Island Tour Coral Bay - Fishing Village - Tranh Beach<\/a><ul class='ez-toc-list-level-2' ><li class='ez-toc-heading-level-2'><a class=\"ez-toc-link ez-toc-heading-2\" href=\"https:\/\/tourdaonhatrang.com\/en\/3-island-nha-trang-tour-1-day\/#Vai_net_ve_Tour_3_dao_Nha_Trang_Vinh_San_Ho_%E2%80%93_Lang_Chai_%E2%80%93_Bai_Tranh\" >Some features of Nha Trang 3-island tour Coral Bay \u2013 Fishing Village \u2013 Tranh Beach<\/a><ul class='ez-toc-list-level-3' ><li class='ez-toc-heading-level-3'><a class=\"ez-toc-link ez-toc-heading-3\" href=\"https:\/\/tourdaonhatrang.com\/en\/3-island-nha-trang-tour-1-day\/#Thu_tuc_khi_di_tour_3_dao_Nha_Trang\" >Procedures when going on a 3-island tour in Nha Trang<\/a><\/li><li class='ez-toc-page-1 ez-toc-heading-level-3'><a class=\"ez-toc-link ez-toc-heading-4\" href=\"https:\/\/tourdaonhatrang.com\/en\/3-island-nha-trang-tour-1-day\/#Nen_di_Hon_Mun_hay_Vinh_San_Ho\" >Should I go to Hon Mun or Coral Bay?<\/a><\/li><li class='ez-toc-page-1 ez-toc-heading-level-3'><a class=\"ez-toc-link ez-toc-heading-5\" href=\"https:\/\/tourdaonhatrang.com\/en\/3-island-nha-trang-tour-1-day\/#Vinh_San_Ho_o_dau\" >Where is Coral Bay?<\/a><\/li><li class='ez-toc-page-1 ez-toc-heading-level-3'><a class=\"ez-toc-link ez-toc-heading-6\" href=\"https:\/\/tourdaonhatrang.com\/en\/3-island-nha-trang-tour-1-day\/#Tour_3_dao_Nha_Trang_Vinh_san_Ho_1_ngay_bang_cano\" >Nha Trang 3-island tour Coral Bay 1 day by canoe<\/a><ul class='ez-toc-list-level-4' ><li class='ez-toc-heading-level-4'><a class=\"ez-toc-link ez-toc-heading-7\" href=\"https:\/\/tourdaonhatrang.com\/en\/3-island-nha-trang-tour-1-day\/#Bai_Tranh_Nha_Trang\" >Tranh Beach Nha Trang<\/a><\/li><li class='ez-toc-page-1 ez-toc-heading-level-4'><a class=\"ez-toc-link ez-toc-heading-8\" href=\"https:\/\/tourdaonhatrang.com\/en\/3-island-nha-trang-tour-1-day\/#Lang_Chai_Nha_Trang\" >Nha Trang Fishing Village<\/a><\/li><li class='ez-toc-page-1 ez-toc-heading-level-4'><a class=\"ez-toc-link ez-toc-heading-9\" href=\"https:\/\/tourdaonhatrang.com\/en\/3-island-nha-trang-tour-1-day\/#Vinh_San_Ho_Nha_Trang\" >Nha Trang Coral Bay<\/a><\/li><\/ul><\/li><\/ul><\/li><li class='ez-toc-page-1 ez-toc-heading-level-2'><a class=\"ez-toc-link ez-toc-heading-10\" href=\"https:\/\/tourdaonhatrang.com\/en\/3-island-nha-trang-tour-1-day\/#Diem_hap_dan_cua_tour_3_dao_Nha_Trang_Vinh_San_Ho\" >Attractive points of Nha Trang 3-island tour Coral Bay<\/a><ul class='ez-toc-list-level-3' ><li class='ez-toc-heading-level-3'><a class=\"ez-toc-link ez-toc-heading-11\" href=\"https:\/\/tourdaonhatrang.com\/en\/3-island-nha-trang-tour-1-day\/#Gia_tour_3_dao_Nha_Trang_Vinh_San_Ho\" >Price of 3 islands tour Nha Trang Coral Bay<\/a><\/li><li class='ez-toc-page-1 ez-toc-heading-level-3'><a class=\"ez-toc-link ez-toc-heading-12\" href=\"https:\/\/tourdaonhatrang.com\/en\/3-island-nha-trang-tour-1-day\/#Review_tour_3_dao_Nha_Trang_Vinh_San_Ho\" >Review of 3-island tour Nha Trang Coral Bay<\/a><\/li><\/ul><\/li><li class='ez-toc-page-1 ez-toc-heading-level-2'><a class=\"ez-toc-link ez-toc-heading-13\" href=\"https:\/\/tourdaonhatrang.com\/en\/3-island-nha-trang-tour-1-day\/#Kinh_nghiem_du_lich_tour_dao_Nha_Trang_ban_can_nam\" >Nha Trang island tour travel experience you need to know<\/a><\/li><\/ul><\/li><\/ul><\/nav><\/div>\n<h1><span class=\"ez-toc-section\" id=\"Tour_3_dao_Nha_Trang_Vinh_San_Ho_%E2%80%93_Lang_Chai_%E2%80%93_Bai_Tranh\"><\/span>Nha Trang 3 Island Tour Coral Bay - Fishing Village - Tranh Beach<span class=\"ez-toc-section-end\"><\/span><\/h1>\n<p>Tour 3 islands Nha Trang Coral Bay. Visit 3 beautiful places in Nha Trang Bay including Coral Bay, Fishing Village, Bai Tranh with a scientific schedule. Always ensure food hygiene and safety, support throughout the route, promotional vouchers for sea sports, etc.<\/p>\n<figure id=\"attachment_36279\" aria-describedby=\"caption-attachment-36279\" style=\"width: 1140px\" class=\"wp-caption alignnone\"><img loading=\"lazy\" decoding=\"async\" class=\"wp-image-36279 size-full\" src=\"https:\/\/tourdaonhatrang.com\/wp-content\/uploads\/2024\/03\/tour-3-dao-nha-trang-vinh-san-ho-03.jpg\" alt=\"Nha Trang 3 Island Tour Coral Bay\" width=\"1140\" height=\"760\" title=\"\" srcset=\"https:\/\/tourdaonhatrang.com\/wp-content\/uploads\/2024\/03\/tour-3-dao-nha-trang-vinh-san-ho-03.jpg 1140w, https:\/\/tourdaonhatrang.com\/wp-content\/uploads\/2024\/03\/tour-3-dao-nha-trang-vinh-san-ho-03-300x200.jpg 300w, https:\/\/tourdaonhatrang.com\/wp-content\/uploads\/2024\/03\/tour-3-dao-nha-trang-vinh-san-ho-03-1024x683.jpg 1024w, https:\/\/tourdaonhatrang.com\/wp-content\/uploads\/2024\/03\/tour-3-dao-nha-trang-vinh-san-ho-03-768x512.jpg 768w, https:\/\/tourdaonhatrang.com\/wp-content\/uploads\/2024\/03\/tour-3-dao-nha-trang-vinh-san-ho-03-400x267.jpg 400w, https:\/\/tourdaonhatrang.com\/wp-content\/uploads\/2024\/03\/tour-3-dao-nha-trang-vinh-san-ho-03-600x400.jpg 600w\" sizes=\"auto, (max-width: 1140px) 100vw, 1140px\" \/><figcaption id=\"caption-attachment-36279\" class=\"wp-caption-text\">High-speed canoe transports tourists to Nha Trang Bay islands<\/figcaption><\/figure>\n<p><strong>See more &gt;&gt;&gt; <a href=\"https:\/\/hontamnhatrang.com\/tour-hon-tam-tron-goi\/\" rel=\"noopener\">Hon Tam 1 Day Package Tour<\/a><\/strong><\/p>\n<h2><span class=\"ez-toc-section\" id=\"Vai_net_ve_Tour_3_dao_Nha_Trang_Vinh_San_Ho_%E2%80%93_Lang_Chai_%E2%80%93_Bai_Tranh\"><\/span><strong>Some features of Nha Trang 3-island tour Coral Bay \u2013 Fishing Village \u2013 Tranh Beach<\/strong><span class=\"ez-toc-section-end\"><\/span><\/h2>\n<p>This is a tour that many tourists are interested in and always receives the most love from tourists today. With the price of only 350,000 VND\/child and 500,000 VND\/adult, your family has visited the tourist destinations worth experiencing at sea.<\/p>\n<h3><span class=\"ez-toc-section\" id=\"Thu_tuc_khi_di_tour_3_dao_Nha_Trang\"><\/span><strong>Procedures when going on a 3-island tour in Nha Trang<\/strong><span class=\"ez-toc-section-end\"><\/span><\/h3>\n<p>You book a Nha Trang island tour in advance. You provide the service user information: Full name, Date of birth, pick-up location of each person to serve the mandatory declaration according to regulations at Nha Trang port authority (Border Guard).<em>In case there is no departure order from Nha Trang Port Authority due to weather reasons, you will receive back 100% of the payment.<\/em><\/p>\n<p>To book a private tour: contact directly via Hotline 0849 256 256 for private canoe and private itinerary<\/p>\n<figure id=\"attachment_36281\" aria-describedby=\"caption-attachment-36281\" style=\"width: 1140px\" class=\"wp-caption alignnone\"><img loading=\"lazy\" decoding=\"async\" class=\"wp-image-36281 size-full\" src=\"https:\/\/tourdaonhatrang.com\/wp-content\/uploads\/2024\/03\/tour-3-dao-nha-trang-vinh-san-ho-01.jpg\" alt=\"Nha Trang 3 Island Tour Coral Bay\" width=\"1140\" height=\"760\" title=\"\" srcset=\"https:\/\/tourdaonhatrang.com\/wp-content\/uploads\/2024\/03\/tour-3-dao-nha-trang-vinh-san-ho-01.jpg 1140w, https:\/\/tourdaonhatrang.com\/wp-content\/uploads\/2024\/03\/tour-3-dao-nha-trang-vinh-san-ho-01-300x200.jpg 300w, https:\/\/tourdaonhatrang.com\/wp-content\/uploads\/2024\/03\/tour-3-dao-nha-trang-vinh-san-ho-01-1024x683.jpg 1024w, https:\/\/tourdaonhatrang.com\/wp-content\/uploads\/2024\/03\/tour-3-dao-nha-trang-vinh-san-ho-01-768x512.jpg 768w, https:\/\/tourdaonhatrang.com\/wp-content\/uploads\/2024\/03\/tour-3-dao-nha-trang-vinh-san-ho-01-400x267.jpg 400w, https:\/\/tourdaonhatrang.com\/wp-content\/uploads\/2024\/03\/tour-3-dao-nha-trang-vinh-san-ho-01-600x400.jpg 600w\" sizes=\"auto, (max-width: 1140px) 100vw, 1140px\" \/><figcaption id=\"caption-attachment-36281\" class=\"wp-caption-text\">Bai Tranh Nha Trang tourist area wharf<\/figcaption><\/figure>\n<h3><span class=\"ez-toc-section\" id=\"Nen_di_Hon_Mun_hay_Vinh_San_Ho\"><\/span><strong>Should I go to Hon Mun or Coral Bay?<\/strong><span class=\"ez-toc-section-end\"><\/span><\/h3>\n<p>Going to Hon Mun or Coral Bay is the choice of many tourists. Hon Mun is the farthest island in Nha Trang Bay, with clear blue water and lots of fish swimming around, a place to preserve Vietnam&#039;s coral reefs. If you like to explore swimming and watching corals, choose a tour with Hon Mun to snorkel here. Coral Bay is the name of a beach that offers scuba diving or walking on the seabed.<\/p>\n<h3><span class=\"ez-toc-section\" id=\"Vinh_San_Ho_o_dau\"><\/span><strong>Where is Coral Bay?<\/strong><span class=\"ez-toc-section-end\"><\/span><\/h3>\n<p>San Ho Bay is the name of the beach located on Hon Tre Island (Vinpearl Island). It takes 20 minutes by speedboat to get here. The beach is 200 meters long, with smooth sand and a peaceful, clear blue sea. There are sea sports services such as: parasailing, inflatable floats, banana floats, jet skiing, scuba diving, sea walking...<\/p>\n<h3><span class=\"ez-toc-section\" id=\"Tour_3_dao_Nha_Trang_Vinh_san_Ho_1_ngay_bang_cano\"><\/span><strong>Nha Trang 3-island tour Coral Bay 1 day by canoe<\/strong><span class=\"ez-toc-section-end\"><\/span><\/h3>\n<p>Nha Trang Coral Bay 3 Island Tour is one of the most popular 1-day Nha Trang tour programs today. You will explore three beautiful tourist attractions of the coastal city with Coral Bay - Fishing Village - Bai Tranh in one day.<\/p>\n<p>&gt;&gt;&gt; Detailed video review <strong><a href=\"https:\/\/www.tiktok.com\/@tourdaonhatrang\" rel=\"noopener\">Nha Trang 3 Island Tour<\/a><\/strong><\/p>\n<h4><span class=\"ez-toc-section\" id=\"Bai_Tranh_Nha_Trang\"><\/span><strong>Tranh Beach Nha Trang<\/strong><span class=\"ez-toc-section-end\"><\/span><\/h4>\n<p>Located in Nha Trang Bay, on the poetic Hon Mieu Island. Tranh Beach fascinates visitors with its clear blue water, famous for its beautiful natural scenery, long beaches with beautiful beaches and clear sea water.\u00a0<strong><a href=\"https:\/\/tourdaonhatrang.com\/en\/nha-trang-painting-with-2-unique-beaches\/\">Tranh Beach Nha Trang<\/a> <\/strong>considered an ideal destination for those who love unique water sports in Vietnam.<\/p>\n<h4><span class=\"ez-toc-section\" id=\"Lang_Chai_Nha_Trang\"><\/span><strong>Nha Trang Fishing Village<\/strong><span class=\"ez-toc-section-end\"><\/span><\/h4>\n<p>Nha Trang Fishing Village possesses a simple, unique beauty that carries the breath of the coastal land. At the Fishing Village restaurant, you will visit and experience rowing a basket boat on the sea like a real fisherman, enjoy a meal on a raft with an extremely attractive menu.<\/p>\n<h4><span class=\"ez-toc-section\" id=\"Vinh_San_Ho_Nha_Trang\"><\/span><strong>Nha Trang Coral Bay<\/strong><span class=\"ez-toc-section-end\"><\/span><\/h4>\n<p><a href=\"https:\/\/tourdaonhatrang.com\/en\/nha-trang-coral-reef\/\"><strong>Nha Trang Coral Bay<\/strong><\/a> Located in Hon Mot Nha Trang in Khanh Hoa province. This place is famous for its beautiful seascape, check-in points and diverse marine ecosystem, rich with many entertainment services. It is a destination not to be missed when going on a Nha Trang island tour.<\/p>\n<figure id=\"attachment_36285\" aria-describedby=\"caption-attachment-36285\" style=\"width: 1140px\" class=\"wp-caption alignnone\"><img loading=\"lazy\" decoding=\"async\" class=\"wp-image-36285 size-full\" src=\"https:\/\/tourdaonhatrang.com\/wp-content\/uploads\/2024\/03\/tour-3-dao-nha-trang-vinh-san-ho-05.jpg\" alt=\"Nha Trang 3 Island Tour Coral Bay\" width=\"1140\" height=\"760\" title=\"\" srcset=\"https:\/\/tourdaonhatrang.com\/wp-content\/uploads\/2024\/03\/tour-3-dao-nha-trang-vinh-san-ho-05.jpg 1140w, https:\/\/tourdaonhatrang.com\/wp-content\/uploads\/2024\/03\/tour-3-dao-nha-trang-vinh-san-ho-05-300x200.jpg 300w, https:\/\/tourdaonhatrang.com\/wp-content\/uploads\/2024\/03\/tour-3-dao-nha-trang-vinh-san-ho-05-1024x683.jpg 1024w, https:\/\/tourdaonhatrang.com\/wp-content\/uploads\/2024\/03\/tour-3-dao-nha-trang-vinh-san-ho-05-768x512.jpg 768w, https:\/\/tourdaonhatrang.com\/wp-content\/uploads\/2024\/03\/tour-3-dao-nha-trang-vinh-san-ho-05-400x267.jpg 400w, https:\/\/tourdaonhatrang.com\/wp-content\/uploads\/2024\/03\/tour-3-dao-nha-trang-vinh-san-ho-05-600x400.jpg 600w\" sizes=\"auto, (max-width: 1140px) 100vw, 1140px\" \/><figcaption id=\"caption-attachment-36285\" class=\"wp-caption-text\">Coral Bay Beach Nha Trang<\/figcaption><\/figure>\n<h2><span class=\"ez-toc-section\" id=\"Diem_hap_dan_cua_tour_3_dao_Nha_Trang_Vinh_San_Ho\"><\/span>Attractive points of Nha Trang 3-island tour Coral Bay<span class=\"ez-toc-section-end\"><\/span><\/h2>\n<ul>\n<li>Swimming, snorkeling at Bai Tranh, immersing yourself in the clear water of the sea.<\/li>\n<li>Visit Nha Trang seafood farm, take pictures and check in.<\/li>\n<li>Enjoy lunch at Lang Chai restaurant with delicious seafood specialties.<\/li>\n<li>Participate in thrilling games such as paragliding, jet skiing, scuba diving, etc.<\/li>\n<li>Tour guide is cheerful, enthusiastic and attentive throughout the route.<\/li>\n<\/ul>\n<p>See also: <strong><a href=\"https:\/\/tourdaonhatrang.com\/en\/tour-3-dao-nha-trang-duoc-yeu-thich-boi-8-dieu\/\">Reasons why Nha Trang 3-island tour is popular<\/a><\/strong><\/p>\n<h3><span class=\"ez-toc-section\" id=\"Gia_tour_3_dao_Nha_Trang_Vinh_San_Ho\"><\/span>Price of 3 islands tour Nha Trang Coral Bay<span class=\"ez-toc-section-end\"><\/span><\/h3>\n<ul>\n<li>Adults: 550,000 VND<\/li>\n<li>Children: 385,000 VND<\/li>\n<\/ul>\n<p><strong>Children&#039;s Pricing Policy<\/strong><\/p>\n<ul>\n<li>Children under 1m free<\/li>\n<li>Children are counted from 1m to 1m30<\/li>\n<li>Children over 1m30 are considered adults<\/li>\n<\/ul>\n<p>Cau Da Nha Trang Port has ceased service and has been replaced by the larger Nha Trang Tourist Port (Vinh Truong Port), which has a large luxury lounge with large seating capacity and private parking. Joining the Nha Trang 3-island tour or Nha Trang 4-island tour both include shuttle bus and speedboat. Departure at <strong><a href=\"https:\/\/tourdaonhatrang.com\/en\/nha-trang-tourist-boat\/\">Nha Trang tourist port<\/a><\/strong><\/p>\n<figure id=\"attachment_36283\" aria-describedby=\"caption-attachment-36283\" style=\"width: 1140px\" class=\"wp-caption alignnone\"><img loading=\"lazy\" decoding=\"async\" class=\"wp-image-36283 size-full\" src=\"https:\/\/tourdaonhatrang.com\/wp-content\/uploads\/2024\/03\/tour-3-dao-nha-trang-vinh-san-ho-06.jpg\" alt=\"Nha Trang 3 Island Tour Coral Bay\" width=\"1140\" height=\"760\" title=\"\" srcset=\"https:\/\/tourdaonhatrang.com\/wp-content\/uploads\/2024\/03\/tour-3-dao-nha-trang-vinh-san-ho-06.jpg 1140w, https:\/\/tourdaonhatrang.com\/wp-content\/uploads\/2024\/03\/tour-3-dao-nha-trang-vinh-san-ho-06-300x200.jpg 300w, https:\/\/tourdaonhatrang.com\/wp-content\/uploads\/2024\/03\/tour-3-dao-nha-trang-vinh-san-ho-06-1024x683.jpg 1024w, https:\/\/tourdaonhatrang.com\/wp-content\/uploads\/2024\/03\/tour-3-dao-nha-trang-vinh-san-ho-06-768x512.jpg 768w, https:\/\/tourdaonhatrang.com\/wp-content\/uploads\/2024\/03\/tour-3-dao-nha-trang-vinh-san-ho-06-400x267.jpg 400w, https:\/\/tourdaonhatrang.com\/wp-content\/uploads\/2024\/03\/tour-3-dao-nha-trang-vinh-san-ho-06-600x400.jpg 600w\" sizes=\"auto, (max-width: 1140px) 100vw, 1140px\" \/><figcaption id=\"caption-attachment-36283\" class=\"wp-caption-text\">Nha Trang 3 Island Tour Coral Bay<\/figcaption><\/figure>\n<p><strong>See more &gt;&gt;&gt; <a href=\"https:\/\/tourdaonhatrang.com\/en\/tour-3-dao-hon-mun-nha-trang\/\">3-island tour Hon Mun Nha Trang<\/a><\/strong><\/p>\n<h3><span class=\"ez-toc-section\" id=\"Review_tour_3_dao_Nha_Trang_Vinh_San_Ho\"><\/span>Review of 3-island tour Nha Trang Coral Bay<span class=\"ez-toc-section-end\"><\/span><\/h3>\n<p>Review of the 3-island tour of Nha Trang Coral Bay with a scientific schedule, any tourist will have their own memorable memories. The journey, although short, is very complete, without causing a feeling of constraint or chaos.<\/p>\n<p><strong>08:00 &#8211; 08:40<\/strong>: Tour guide and company car will pick up guests at the meeting point, hotel.<\/p>\n<p>The Company tour guide will call you in advance and schedule a pick-up time depending on the location of the hotel you are staying at.<\/p>\n<ul>\n<li>Please arrange time to have breakfast before going on the 3-island tour of Nha Trang.<\/li>\n<li>Bring a waterproof phone bag so you can take great pictures under the sea.<\/li>\n<li>And don&#039;t forget to bring your swimsuit for swimming!<\/li>\n<\/ul>\n<p><strong>09:00 \u2013 11:00<\/strong>: Departure to Coral Bay<\/p>\n<p>The tour guide leads the group to the canoe, departs through the Coral Bay tourist area, begins the journey to explore the exciting 1-day Nha Trang 3-island tour. Here you can enjoy Snokerling, swimming, sunbathing. Experience the sea games (at your own expense)<\/p>\n<p><strong>11:00- 12:30<\/strong>: Lunch at Nha Trang Fishing Village restaurant<\/p>\n<p>Continue the journey to Lang Chai Restaurant, visit the raft houses raising many different types of seafood such as fish, snails, lobsters... the largest in Nha Trang Bay.<\/p>\n<p>Guests can choose more seafood and let the restaurant prepare it. Then guests enjoy lunch here with many dishes full of seafood flavor.<\/p>\n<p><strong>12:30 \u2013 15:00<\/strong>: To Bai Tranh Nha Trang<\/p>\n<p>Continuing the journey, after having dinner and resting at the Fishing Village restaurant, the canoe cut through the waves to take the group to Bai Tranh.<\/p>\n<p>Bai Tranh is also in the top of the most attractive islands in Nha Trang Bay, located on the famous Hon Mieu Island opposite the Hon Tam Island tourist area. This place is endowed with a harmonious terrain of mountains and trees, creating a charming and poetic scene.<\/p>\n<p>Not only that, the unique feature of Bai Tranh is the two-pole beach: one side is a long stretch of white sand, the other side is a smooth pebble beach.<\/p>\n<p>You should not miss other entertainment games such as:<\/p>\n<ul>\n<li>Free at the beach: Chairs, swimming<\/li>\n<li>Participate in water games (for a fee) such as parasailing, scuba diving to see corals...<\/li>\n<li>Freshwater shower (fee required)<\/li>\n<\/ul>\n<p><strong>15:30<\/strong>: End of Nha Trang Coral Bay 3-island Tour program<\/p>\n<p>Back to the mainland, the car will take you back to the pick-up point.<\/p>\n<figure id=\"attachment_36284\" aria-describedby=\"caption-attachment-36284\" style=\"width: 1140px\" class=\"wp-caption alignnone\"><img loading=\"lazy\" decoding=\"async\" class=\"wp-image-36284 size-full\" src=\"https:\/\/tourdaonhatrang.com\/wp-content\/uploads\/2024\/03\/tour-3-dao-nha-trang-vinh-san-ho-07.jpg\" alt=\"Nha Trang 3 Island Tour Coral Bay\" width=\"1140\" height=\"760\" title=\"\" srcset=\"https:\/\/tourdaonhatrang.com\/wp-content\/uploads\/2024\/03\/tour-3-dao-nha-trang-vinh-san-ho-07.jpg 1140w, https:\/\/tourdaonhatrang.com\/wp-content\/uploads\/2024\/03\/tour-3-dao-nha-trang-vinh-san-ho-07-300x200.jpg 300w, https:\/\/tourdaonhatrang.com\/wp-content\/uploads\/2024\/03\/tour-3-dao-nha-trang-vinh-san-ho-07-1024x683.jpg 1024w, https:\/\/tourdaonhatrang.com\/wp-content\/uploads\/2024\/03\/tour-3-dao-nha-trang-vinh-san-ho-07-768x512.jpg 768w, https:\/\/tourdaonhatrang.com\/wp-content\/uploads\/2024\/03\/tour-3-dao-nha-trang-vinh-san-ho-07-400x267.jpg 400w, https:\/\/tourdaonhatrang.com\/wp-content\/uploads\/2024\/03\/tour-3-dao-nha-trang-vinh-san-ho-07-600x400.jpg 600w\" sizes=\"auto, (max-width: 1140px) 100vw, 1140px\" \/><figcaption id=\"caption-attachment-36284\" class=\"wp-caption-text\">Rowing at Nha Trang Coral Bay<\/figcaption><\/figure>\n<h2><span class=\"ez-toc-section\" id=\"Kinh_nghiem_du_lich_tour_dao_Nha_Trang_ban_can_nam\"><\/span>Nha Trang island tour travel experience you need to know<span class=\"ez-toc-section-end\"><\/span><\/h2>\n<p>Before the Nha Trang 3-island tour, you need to have enough sleep to ensure the highest alertness. In addition, a not-too-heavy breakfast will help you have enough energy and still stay agile for a day of fun on the island.<\/p>\n<p>The trip will be the best if you have good preparation. Traveling on the sea and islands is often quite sunny, so everyone should bring some of the following personal belongings: Hats, umbrellas, sunscreen, spare batteries, snacks, cash, etc.<\/p>\n<p>Similar to the Phu Quoc 3-island tour, your Nha Trang 3-island tour itinerary usually does not have many changes, with clearly listed destinations, you can estimate the departure and end times to spend on 2 important things: check out (check out of the hotel) and check in (at the airport). The time to return to shore (with a group tour) is usually 3 pm.<\/p>\n<p><strong>See more &gt;&gt;&gt; <a href=\"https:\/\/tourdaonhatrang.com\/en\/tour-dao-nha-trang\/\">Vip 3 Island Tour Nha Trang<\/a><\/strong><\/p>","protected":false},"excerpt":{"rendered":"<p><span style=\"font-size: 120%; color: #ff0000;\"><strong><span style=\"text-decoration: underline;\">Tour 5<\/span><\/strong><\/span><\/p>\n<p><img loading=\"lazy\" decoding=\"async\" class=\"alignnone wp-image-39900\" src=\"https:\/\/tourdaonhatrang.com\/wp-content\/uploads\/2024\/03\/phieu-khuyen-mai-thanh-toan-ngay-1.png\" alt=\"\u01afu \u0111\u00e3i thanh to\u00e1n ngay\" width=\"550\" height=\"236\" srcset=\"https:\/\/tourdaonhatrang.com\/wp-content\/uploads\/2024\/03\/phieu-khuyen-mai-thanh-toan-ngay-1.png 840w, https:\/\/tourdaonhatrang.com\/wp-content\/uploads\/2024\/03\/phieu-khuyen-mai-thanh-toan-ngay-1-300x129.png 300w, https:\/\/tourdaonhatrang.com\/wp-content\/uploads\/2024\/03\/phieu-khuyen-mai-thanh-toan-ngay-1-768x329.png 768w, https:\/\/tourdaonhatrang.com\/wp-content\/uploads\/2024\/03\/phieu-khuyen-mai-thanh-toan-ngay-1-18x8.png 18w, https:\/\/tourdaonhatrang.com\/wp-content\/uploads\/2024\/03\/phieu-khuyen-mai-thanh-toan-ngay-1-400x171.png 400w, https:\/\/tourdaonhatrang.com\/wp-content\/uploads\/2024\/03\/phieu-khuyen-mai-thanh-toan-ngay-1-600x257.png 600w\" sizes=\"auto, (max-width: 550px) 100vw, 550px\" \/><\/p>\n<h3 class=\"product-title product_title entry-title\"><span style=\"color: #0000ff;\">Adults: 550,000 VND - Children: 385,000 VND<\/span><\/h3>\n<ul>\n<li>Group canoe tour<\/li>\n<li>Pick up at meeting point in city<\/li>\n<li>Visit 3 island spots: TRANH BEACH - FISHING VILLAGE - CORAL BAY<\/li>\n<li>Lunch at Fishing Village<\/li>\n<li>Check in at Bai Tranh<\/li>\n<li>Check in Coral Bay<\/li>\n<li>Hotline:\u00a0<a href=\"tel:0849256256\">0849 256 256<\/a><\/li>\n<li><span style=\"color: #0000ff;\">Payment promotion 5%<\/span><\/li>\n<\/ul>\n<div class=\"hJDwNd-AhqUyc-qWD73c purZT-AhqUyc-II5mzb pSzOP-AhqUyc-qWD73c JNdkSc\">\n<div class=\"JNdkSc-SmKAyb\">\n<div class=\"\">\n<div class=\"oKdM2c Kzv0Me\">\n<div class=\"hJDwNd-AhqUyc-qWD73c purZT-AhqUyc-II5mzb pSzOP-AhqUyc-qWD73c JNdkSc\">\n<div class=\"JNdkSc-SmKAyb\">\n<div class=\"\">\n<div class=\"oKdM2c Kzv0Me\">\n<div id=\"h.f128f2fe5256b73_1433\" class=\"hJDwNd-AhqUyc-qWD73c jXK9ad D2fZ2 OjCsFc wHaque GNzUNc\">\n<div class=\"jXK9ad-SmKAyb\">\n<div class=\"tyJCtd mGzaTb baZpAe\">\n<div class=\"row row-small mua-ngay-button\">\n<div class=\"cot1 medium-6 small-12 large-6\">\n<div class=\"col-inner\"><a class=\"button primary is-large lowercase expand\" style=\"border-radius: 3px;\" href=\"https:\/\/tourdaonhatrang.com\/en\/3-island-nha-trang-tour-1-day\/\">See details<br \/>\n<\/a><\/div>\n<\/div>\n<div class=\"cot2 medium-6 small-12 large-6\">\n<div class=\"col-inner\"><a class=\"button success is-large lowercase expand\" style=\"border-radius: 3px;\" href=\"https:\/\/tourdaonhatrang.com\/en\/knife-tour\/dat-ve-tour-3-dao-nha-trang-1-ngay\/\" target=\"_self\" rel=\"noopener\"><span style=\"vertical-align: inherit;\">\ud83d\uded2 Book tickets quickly<\/span><\/a><\/div>\n<\/div>\n<\/div>\n<\/div>\n<\/div>\n<\/div>\n<\/div>\n<\/div>\n<\/div>\n<\/div>\n<\/div>\n<\/div>\n<\/div>\n<\/div>","protected":false},"featured_media":36307,"comment_status":"closed","ping_status":"closed","template":"","meta":[],"product_brand":[],"product_cat":[665],"product_tag":[730,731,73,686,53,732],"class_list":{"0":"post-17663","1":"product","2":"type-product","3":"status-publish","4":"has-post-thumbnail","6":"product_cat-tour-3-dao-nha-trang","7":"product_tag-cang-du-lich-nha-trang","8":"product_tag-lang-chai-nha-trang","9":"product_tag-tour-3-dao-nha-trang","10":"product_tag-tour-3-dao-nha-trang-1-ngay","11":"product_tag-tour-dao-nha-trang","12":"product_tag-vinh-san-ho-nha-trang","14":"first","15":"instock","16":"shipping-taxable","17":"product-type-simple"},"_links":{"self":[{"href":"https:\/\/tourdaonhatrang.com\/en\/wp-json\/wp\/v2\/product\/17663","targetHints":{"allow":["GET"]}}],"collection":[{"href":"https:\/\/tourdaonhatrang.com\/en\/wp-json\/wp\/v2\/product"}],"about":[{"href":"https:\/\/tourdaonhatrang.com\/en\/wp-json\/wp\/v2\/types\/product"}],"replies":[{"embeddable":true,"href":"https:\/\/tourdaonhatrang.com\/en\/wp-json\/wp\/v2\/comments?post=17663"}],"wp:featuredmedia":[{"embeddable":true,"href":"https:\/\/tourdaonhatrang.com\/en\/wp-json\/wp\/v2\/media\/36307"}],"wp:attachment":[{"href":"https:\/\/tourdaonhatrang.com\/en\/wp-json\/wp\/v2\/media?parent=17663"}],"wp:term":[{"taxonomy":"product_brand","embeddable":true,"href":"https:\/\/tourdaonhatrang.com\/en\/wp-json\/wp\/v2\/product_brand?post=17663"},{"taxonomy":"product_cat","embeddable":true,"href":"https:\/\/tourdaonhatrang.com\/en\/wp-json\/wp\/v2\/product_cat?post=17663"},{"taxonomy":"product_tag","embeddable":true,"href":"https:\/\/tourdaonhatrang.com\/en\/wp-json\/wp\/v2\/product_tag?post=17663"}],"curies":[{"name":"wp","href":"https:\/\/api.w.org\/{rel}","templated":true}]}}