{"id":17702,"date":"2024-01-16T11:22:07","date_gmt":"2024-01-16T04:22:07","guid":{"rendered":"https:\/\/tourdao.com.vn\/?post_type=product&#038;p=17702"},"modified":"2026-03-07T16:46:18","modified_gmt":"2026-03-07T09:46:18","slug":"tour-dao-khi-suoi-hoa-lan","status":"publish","type":"product","link":"https:\/\/tourdaonhatrang.com\/en\/tour-dao-khi-suoi-hoa-lan\/","title":{"rendered":"Monkey Island and Orchid Stream Tour Package | Great Deal (Tour 7)"},"content":{"rendered":"<div id=\"ez-toc-container\" class=\"ez-toc-v2_0_82_2 counter-hierarchy ez-toc-counter ez-toc-grey ez-toc-container-direction\">\n<div class=\"ez-toc-title-container\">\n<p class=\"ez-toc-title\" style=\"cursor:inherit\">Content<\/p>\n<span class=\"ez-toc-title-toggle\"><a href=\"#\" class=\"ez-toc-pull-right ez-toc-btn ez-toc-btn-xs ez-toc-btn-default ez-toc-toggle\" aria-label=\"Toggle Table of Content\"><span class=\"ez-toc-js-icon-con\"><span class=\"\"><span class=\"eztoc-hide\" style=\"display:none;\">Toggle<\/span><span class=\"ez-toc-icon-toggle-span\"><svg style=\"fill: #999;color:#999\" xmlns=\"http:\/\/www.w3.org\/2000\/svg\" class=\"list-377408\" width=\"20px\" height=\"20px\" viewbox=\"0 0 24 24\" fill=\"none\"><path d=\"M6 6H4v2h2V6zm14 0H8v2h12V6zM4 11h2v2H4v-2zm16 0H8v2h12v-2zM4 16h2v2H4v-2zm16 0H8v2h12v-2z\" fill=\"currentColor\"><\/path><\/svg><svg style=\"fill: #999;color:#999\" class=\"arrow-unsorted-368013\" xmlns=\"http:\/\/www.w3.org\/2000\/svg\" width=\"10px\" height=\"10px\" viewbox=\"0 0 24 24\" version=\"1.2\" baseprofile=\"tiny\"><path d=\"M18.2 9.3l-6.2-6.3-6.2 6.3c-.2.2-.3.4-.3.7s.1.5.3.7c.2.2.4.3.7.3h11c.3 0 .5-.1.7-.3.2-.2.3-.5.3-.7s-.1-.5-.3-.7zM5.8 14.7l6.2 6.3 6.2-6.3c.2-.2.3-.5.3-.7s-.1-.5-.3-.7c-.2-.2-.4-.3-.7-.3h-11c-.3 0-.5.1-.7.3-.2.2-.3.5-.3.7s.1.5.3.7z\"\/><\/svg><\/span><\/span><\/span><\/a><\/span><\/div>\n<nav><ul class='ez-toc-list ez-toc-list-level-1' ><li class='ez-toc-page-1 ez-toc-heading-level-1'><a class=\"ez-toc-link ez-toc-heading-1\" href=\"https:\/\/tourdaonhatrang.com\/en\/tour-dao-khi-suoi-hoa-lan\/#TOUR_DAO_KHI_SUOI_HOA_LAN_NHA_TRANG\" >TOUR \u0110\u1ea2O KH\u1ec8 SU\u1ed0I HOA LAN NHA TRANG<\/a><ul class='ez-toc-list-level-2' ><li class='ez-toc-heading-level-2'><a class=\"ez-toc-link ez-toc-heading-2\" href=\"https:\/\/tourdaonhatrang.com\/en\/tour-dao-khi-suoi-hoa-lan\/#Vai_net_ve_vinh_Nha_Phu\" >V\u00e0i n\u00e9t v\u1ec1 v\u1ecbnh Nha Phu<\/a><\/li><li class='ez-toc-page-1 ez-toc-heading-level-2'><a class=\"ez-toc-link ez-toc-heading-3\" href=\"https:\/\/tourdaonhatrang.com\/en\/tour-dao-khi-suoi-hoa-lan\/#Gia_tour_dao_Khi_suoi_Hoa_Lan_Nha_Trang\" >Gi\u00e1 tour \u0111\u1ea3o Kh\u1ec9 su\u1ed1i Hoa Lan Nha Trang<\/a><ul class='ez-toc-list-level-3' ><li class='ez-toc-heading-level-3'><a class=\"ez-toc-link ez-toc-heading-4\" href=\"https:\/\/tourdaonhatrang.com\/en\/tour-dao-khi-suoi-hoa-lan\/#Diem_khoi_hanh_tour\" >Tour departure point<\/a><\/li><li class='ez-toc-page-1 ez-toc-heading-level-3'><a class=\"ez-toc-link ez-toc-heading-5\" href=\"https:\/\/tourdaonhatrang.com\/en\/tour-dao-khi-suoi-hoa-lan\/#Tour_dao_Khi_va_Suoi_Hoa_Lan_bao_gom_nhung_gi\" >Tour \u0111\u1ea3o Kh\u1ec9 v\u00e0 Su\u1ed1i Hoa Lan bao g\u1ed3m nh\u1eefng g\u00ec<\/a><\/li><li class='ez-toc-page-1 ez-toc-heading-level-3'><a class=\"ez-toc-link ez-toc-heading-6\" href=\"https:\/\/tourdaonhatrang.com\/en\/tour-dao-khi-suoi-hoa-lan\/#Tour_khong_bao_gom\" >Tour does not include:<\/a><\/li><li class='ez-toc-page-1 ez-toc-heading-level-3'><a class=\"ez-toc-link ez-toc-heading-7\" href=\"https:\/\/tourdaonhatrang.com\/en\/tour-dao-khi-suoi-hoa-lan\/#Thuc_don_an_trua\" >Th\u1ef1c \u0111\u01a1n \u0103n tr\u01b0a<\/a><\/li><\/ul><\/li><li class='ez-toc-page-1 ez-toc-heading-level-2'><a class=\"ez-toc-link ez-toc-heading-8\" href=\"https:\/\/tourdaonhatrang.com\/en\/tour-dao-khi-suoi-hoa-lan\/#Lich_trinh_tour_Dao_Khi_suoi_Hoa_Lan_trong_ngay\" >L\u1ecbch tr\u00ecnh tour \u0110\u1ea3o Kh\u1ec9 su\u1ed1i Hoa Lan trong ng\u00e0y<\/a><\/li><li class='ez-toc-page-1 ez-toc-heading-level-2'><a class=\"ez-toc-link ez-toc-heading-9\" href=\"https:\/\/tourdaonhatrang.com\/en\/tour-dao-khi-suoi-hoa-lan\/#Luu_y_khi_di_tour_dao_Khi_dao_suoi_Hoa_Lan\" >L\u01b0u \u00fd khi \u0111i tour \u0111\u1ea3o Kh\u1ec9 \u0111\u1ea3o su\u1ed1i Hoa Lan<\/a><\/li><\/ul><\/li><\/ul><\/nav><\/div>\n<h1><span class=\"ez-toc-section\" id=\"TOUR_DAO_KHI_SUOI_HOA_LAN_NHA_TRANG\"><\/span>TOUR \u0110\u1ea2O KH\u1ec8 SU\u1ed0I HOA LAN NHA TRANG<span class=\"ez-toc-section-end\"><\/span><\/h1>\n<p>Tour \u0111\u1ea3o kh\u1ec9 v\u00e0 su\u1ed1i Hoa Lan l\u00e0 m\u1ed9t trong nh\u1eefng <strong><a href=\"https:\/\/tourdaonhatrang.com\/en\/product-2\/\">Nha Trang Island Tour<\/a><\/strong> ph\u00f9 h\u1ee3p cho t\u1ea5t c\u1ea3 c\u00e1c th\u00e0nh vi\u00ean trong gia \u0111\u00ecnh, t\u1eeb ng\u01b0\u1eddi l\u1edbn \u0111\u1ebfn tr\u1ebb em. H\u00e0nh tr\u00ecnh tour s\u1ebd k\u1ebft n\u1ed1i t\u00ecnh c\u1ea3m gia \u0111\u00ecnh th\u00eam y\u00eau th\u01b0\u01a1ng sau nh\u1eefng ng\u00e0y b\u1ed9n b\u1ec1 v\u1edbi cu\u1ed9c s\u1ed1ng th\u01b0\u1eddng nh\u1eadt.<\/p>\n<h2><span class=\"ez-toc-section\" id=\"Vai_net_ve_vinh_Nha_Phu\"><\/span>V\u00e0i n\u00e9t v\u1ec1 v\u1ecbnh Nha Phu<span class=\"ez-toc-section-end\"><\/span><\/h2>\n<p>V\u1ecbnh Nha Phu c\u00e1ch th\u00e0nh ph\u1ed1 Nha Trang 15km v\u1ec1 ph\u00eda B\u1eafc, r\u1ed9ng g\u1ea7n 1500ha l\u00e0 n\u01a1i n\u1ed1i li\u1ec1n v\u1ecbnh Nha Trang v\u00e0 v\u1ecbnh V\u00e2n Phong. Nha Phu l\u00e0 m\u1ed9t trong 2 \u0111\u1ea7m l\u1edbn c\u1ee7a t\u1ec9nh Kh\u00e1nh H\u00f2a v\u1eabn c\u00f2n h\u1ed9i \u0111\u1ee7 \u0111\u1eb7c \u0111i\u1ec3m c\u1ee7a m\u1ed9t v\u00f9ng sinh th\u00e1i \u0111\u1ed9c \u0111\u00e1o, qu\u00fd hi\u1ebfm v\u1edbi n\u00fai r\u1eebng, s\u00f4ng su\u1ed1i v\u00e0 bi\u1ec3n \u0111\u1ea3o.<\/p>\n<p><img loading=\"lazy\" decoding=\"async\" src=\"https:\/\/tourdaonhatrang.com\/wp-content\/uploads\/2021\/02\/tour-dao-khi-suoi-hoa-lan-01.jpg\" alt=\"Tour \u0111\u1ea3o kh\u1ec9 su\u1ed1i Hoa Lan\" width=\"750\" height=\"500\" title=\"\"><\/p>\n<p>N\u01a1i \u0111\u00e2y l\u00e0 \u00a0m\u1ed9t trong 2 \u0111\u1ea7m l\u1edbn c\u1ee7a t\u1ec9nh Kh\u00e1nh H\u00f2a v\u1eabn c\u00f2n h\u1ed9i \u0111\u1ee7 \u0111\u1eb7c \u0111i\u1ec3m c\u1ee7a m\u1ed9t v\u00f9ng sinh th\u00e1i \u0111\u1ed9c \u0111\u00e1o, qu\u00fd hi\u1ebfm v\u1edbi n\u00fai r\u1eebng, s\u00f4ng su\u1ed1i v\u00e0 bi\u1ec3n \u0111\u1ea3o n\u1ed5i b\u1eadt trong nh\u1eefng tour Bi\u1ec3n \u0111\u1ea3o t\u1ea1i Nha Trang n\u00f3i ri\u00eang v\u00e0 Vi\u1ec7t Nam n\u00f3i chung.<\/p>\n<p><img loading=\"lazy\" decoding=\"async\" src=\"https:\/\/tourdaonhatrang.com\/wp-content\/uploads\/2021\/02\/tour-dao-khi-suoi-hoa-lan-09.jpg\" alt=\"Tour \u0111\u1ea3o kh\u1ec9 su\u1ed1i Hoa Lan\" width=\"750\" height=\"500\" title=\"\"><\/p>\n<p>Gh\u00e9 th\u0103m v\u1ecbnh Nha Phu, c\u00e1c b\u1ea1n s\u1ebd c\u00f3 c\u01a1 h\u1ed9i \u0111\u01b0\u1ee3c h\u00f2a m\u00ecnh tr\u1ecdn v\u1eb9n trong s\u1ef1 bi\u1ebfn \u0111\u1ed5i k\u1ef3 th\u00fa c\u1ee7a thi\u00ean nhi\u00ean \u1edf 2 h\u00f2n \u0111\u1ea3o: \u0110\u1ea3o Hoa Lan Nha Trang v\u00e0 \u0110\u1ea3o Kh\u1ec9. \u0110\u01b0\u1ee3c t\u1eadn h\u01b0\u1edfng h\u1ebft c\u1ea3 m\u1ed9t v\u00f9ng kh\u00f4ng gian y\u00ean b\u00ecnh, th\u01a1 m\u1ed9ng, trong l\u00e0nh v\u00e0 kh\u00f4ng k\u00e9m ph\u1ea7n th\u00fa v\u1ecb, \u0111\u1ed9c \u0111\u00e1o.<\/p>\n<p><strong>See more &gt;&gt;&gt; <a href=\"https:\/\/hontamnhatrang.com\/tour-hon-tam-tron-goi\/\" rel=\"noopener\">Hon Tam 1 Day Package Tour<\/a><\/strong><\/p>\n<h2><span class=\"ez-toc-section\" id=\"Gia_tour_dao_Khi_suoi_Hoa_Lan_Nha_Trang\"><\/span>Gi\u00e1 tour \u0111\u1ea3o Kh\u1ec9 su\u1ed1i Hoa Lan Nha Trang<span class=\"ez-toc-section-end\"><\/span><\/h2>\n<ul>\n<li>Ng\u01b0\u01a1\u0300i l\u01a1\u0301n: 730.000 VN\u0110\/Kh\u00e1ch<\/li>\n<li>Tr\u1ebb em t\u1eeb 1.0m \u2013 1.4m: 510.000 VN\u0110\/Kh\u00e1ch<\/li>\n<li>Tr\u1ebb em d\u01b0\u01a1\u0301i 1 m\u00e9t: Mi\u00ea\u0303n Ph\u00ed.<\/li>\n<\/ul>\n<h3><span class=\"ez-toc-section\" id=\"Diem_khoi_hanh_tour\"><\/span>Tour departure point<span class=\"ez-toc-section-end\"><\/span><\/h3>\n<p>C\u00f2n \u0111\u01b0\u1ee3c g\u1ecdi v\u1edbi c\u00e1i t\u00ean l\u00e0 C\u1ea3ng \u0111\u00e1 Ch\u1ed3ng,\u00a0<strong><a href=\"https:\/\/tourdaonhatrang.com\/en\/ben-tau-di-dao-khi-nha-trang\/\" target=\"_blank\" rel=\"nofollow noopener\">Pier to Monkey Island Nha Trang<\/a><\/strong>\u00a0n\u1eb1m v\u1ec1 ph\u00eda B\u1eafc c\u00e1ch trung t\u00e2m th\u00e0nh ph\u1ed1 Nha Trang kho\u1ea3ng 22km.<\/p>\n<p>\u0110\u1ecba ch\u1ec9:\u00a0Qu\u1ed1c l\u1ed9 1A, \u0110\u00e1 Ch\u1ed3ng, th\u00f4n C\u00e1t L\u1ee3i, x\u00e3 V\u0129nh L\u01b0\u01a1ng, th\u00e0nh ph\u1ed1 Nha Trang, t\u1ec9nh Kh\u00e1nh H\u00f2a.<\/p>\n<h3><span class=\"ez-toc-section\" id=\"Tour_dao_Khi_va_Suoi_Hoa_Lan_bao_gom_nhung_gi\"><\/span>Tour \u0111\u1ea3o Kh\u1ec9 v\u00e0 Su\u1ed1i Hoa Lan bao g\u1ed3m nh\u1eefng g\u00ec<span class=\"ez-toc-section-end\"><\/span><\/h3>\n<ul>\n<li>Xe \u0111\u01b0a \u0111\u00f3n<\/li>\n<li>T\u00e0u v\u1eadn chuy\u1ec3n 2 \u0111\u1ea3o<\/li>\n<li>V\u00e9 tham quan theo ch\u01b0\u01a1ng tr\u00ecnh<\/li>\n<li>Xem xi\u1ebfc theo ch\u01b0\u01a1ng tr\u00ecnh<\/li>\n<li>Gh\u1ebf ng\u1ed3i + Ch\u00f2i<\/li>\n<li>Lunch as per program<\/li>\n<li>H\u01b0\u1edbng d\u1eabn vi\u00ean su\u1ed1t tuy\u1ebfn<\/li>\n<li>N\u01b0\u1edbc su\u1ed1i<\/li>\n<\/ul>\n<p><img loading=\"lazy\" decoding=\"async\" src=\"https:\/\/tourdaonhatrang.com\/wp-content\/uploads\/2021\/02\/dam-nha-phu-nha-trang-1.jpg\" alt=\"\" width=\"750\" height=\"500\" title=\"\"><\/p>\n<h3><span class=\"ez-toc-section\" id=\"Tour_khong_bao_gom\"><\/span>Tour does not include:<span class=\"ez-toc-section-end\"><\/span><\/h3>\n<p>C\u00e1c chi ph\u00ed kh\u00e1c ngo\u00e0i ch\u01b0\u01a1ng tr\u00ecnh.<\/p>\n<h3><span class=\"ez-toc-section\" id=\"Thuc_don_an_trua\"><\/span>Th\u1ef1c \u0111\u01a1n \u0103n tr\u01b0a<span class=\"ez-toc-section-end\"><\/span><\/h3>\n<figure id=\"attachment_39455\" aria-describedby=\"caption-attachment-39455\" style=\"width: 853px\" class=\"wp-caption aligncenter\"><img loading=\"lazy\" decoding=\"async\" class=\"size-large wp-image-39455\" src=\"https:\/\/tourdaonhatrang.com\/wp-content\/uploads\/2024\/01\/menu-thuc-don-an-trua-dao-khi-suoi-hoa-lan-1-853x1024.jpg\" alt=\"menu th\u1ef1c \u0111\u01a1n \u0103n tr\u01b0a \u0111\u1ea3o kh\u1ec9 su\u1ed1i hoa lan\" width=\"853\" height=\"1024\" title=\"\" srcset=\"https:\/\/tourdaonhatrang.com\/wp-content\/uploads\/2024\/01\/menu-thuc-don-an-trua-dao-khi-suoi-hoa-lan-1-853x1024.jpg 853w, https:\/\/tourdaonhatrang.com\/wp-content\/uploads\/2024\/01\/menu-thuc-don-an-trua-dao-khi-suoi-hoa-lan-1-250x300.jpg 250w, https:\/\/tourdaonhatrang.com\/wp-content\/uploads\/2024\/01\/menu-thuc-don-an-trua-dao-khi-suoi-hoa-lan-1-768x922.jpg 768w, https:\/\/tourdaonhatrang.com\/wp-content\/uploads\/2024\/01\/menu-thuc-don-an-trua-dao-khi-suoi-hoa-lan-1-10x12.jpg 10w, https:\/\/tourdaonhatrang.com\/wp-content\/uploads\/2024\/01\/menu-thuc-don-an-trua-dao-khi-suoi-hoa-lan-1-400x480.jpg 400w, https:\/\/tourdaonhatrang.com\/wp-content\/uploads\/2024\/01\/menu-thuc-don-an-trua-dao-khi-suoi-hoa-lan-1-600x720.jpg 600w, https:\/\/tourdaonhatrang.com\/wp-content\/uploads\/2024\/01\/menu-thuc-don-an-trua-dao-khi-suoi-hoa-lan-1.jpg 1000w\" sizes=\"auto, (max-width: 853px) 100vw, 853px\" \/><figcaption id=\"caption-attachment-39455\" class=\"wp-caption-text\">menu th\u1ef1c \u0111\u01a1n \u0103n tr\u01b0a \u0111\u1ea3o kh\u1ec9 su\u1ed1i hoa lan<\/figcaption><\/figure>\n<p>Th\u1ef1c \u0111\u01a1n c\u01a1m tr\u01b0a Tour Nha Phu 2026 ph\u1ee5c v\u1ee5 theo h\u00ecnh th\u1ee9c buffet l\u00e0 ch\u00ednh. Tuy nhi\u00ean, t\u00f9y t\u1eebng th\u1eddi \u0111i\u1ec3m, nh\u00e0 h\u00e0ng c\u00f3 th\u1ec3 chuy\u1ec3n sang h\u00ecnh th\u1ee9c ph\u1ee5c v\u1ee5 theo set menu.<\/p>\n<h2><span class=\"ez-toc-section\" id=\"Lich_trinh_tour_Dao_Khi_suoi_Hoa_Lan_trong_ngay\"><\/span>L\u1ecbch tr\u00ecnh tour \u0110\u1ea3o Kh\u1ec9 su\u1ed1i Hoa Lan trong ng\u00e0y<span class=\"ez-toc-section-end\"><\/span><\/h2>\n<p>08h00 &#8211; 09h00: \u0110\u00f3n Kh\u00e1ch<\/p>\n<p>Xe c\u1ee7a ch\u00fang t\u00f4i \u0111\u00f3n qu\u00fd kh\u00e1ch t\u1ea1i \u0111i\u1ec3m h\u1eb9n trong th\u00e0nh ph\u1ed1 Nha Trang v\u00e0 kh\u1edfi h\u00e0nh ra b\u1ebfn c\u1ea3ng \u0110\u00e1 Ch\u1ed3ng (Thu\u1ed9c x\u00e3 V\u0129nh L\u01b0\u01a1ng, th\u00e0nh ph\u1ed1 Nha Trang).<\/p>\n<p>\u0110\u1ed1i v\u1edbi du kh\u00e1ch ch\u1ecdn g\u00f3i \u0111\u00f3n t\u1ea1i c\u1ea3ng \u0111i \u0111\u1ea3o Kh\u1ec9 Nha Trang (C\u1ea3ng \u0110\u00e1 Ch\u1ed3ng) th\u00ec vui l\u00f2ng t\u1ef1 t\u00fac di chuy\u1ec3n \u0111\u1ebfn c\u1ea3ng tr\u01b0\u1edbc 9h.<\/p>\n<p>09h00: Kh\u1edfi h\u00e0nh<\/p>\n<p>H\u01b0\u1edbng d\u1eabn vi\u00ean \u0111\u01b0a Qu\u00fd Kh\u00e1ch l\u00ean t\u00e0u \u0111\u1ec3 b\u1eaft \u0111\u1ea7u tham gia ch\u01b0\u01a1ng tr\u00ecnh du ngo\u1ea1n \u0110\u1ea3o Hoa Lan v\u00e0 \u0110\u1ea3o Kh\u1ec9 thu\u1ed9c \u0110\u1ea7m Nha Phu.<\/p>\n<p>09h40: \u0110\u1ebfn \u0111\u1ea3o Hoa Lan<\/p>\n<p>T\u1ea1i <strong><a href=\"https:\/\/tourdaonhatrang.com\/en\/dao-hoa-lan-nha-trang\/\">\u0111\u1ea3o Hoa Lan Nha Trang<\/a><\/strong>, qu\u00fd kh\u00e1ch s\u1ebd \u0111\u01b0\u1ee3c tr\u1ea3i nghi\u1ec7m:<\/p>\n<ul>\n<li>T\u01b0\u0323 do tham quan qua con \u0111\u01b0\u1eddng hoa Lan, v\u01b0\u1eddn nu\u00f4i \u0110\u00e0 \u0111i\u1ec3u, H\u01b0\u01a1u, <strong><a href=\"https:\/\/vi.wikipedia.org\/wiki\/C%C3%B4ng_(chim)\" rel=\"noopener\">chim C\u00f4ng<\/a><\/strong>, khu v\u01b0\u1eddn b\u01b0\u1edbm \u0111\u1ed9c \u0111\u00e1o, khu \u0111a d\u1ea1ng sinh h\u1ecdc r\u1eebng Kha\u0301nh Ho\u0300a.<\/li>\n<li>Ng\u1eafm h\u1ed3 Nghinh Xu\u00e2n, h\u1ed3 Th\u1ee7y Ti\u00ean tuy\u1ec7t \u0111\u1eb9p.<\/li>\n<li>Th\u01b0\u1edfng th\u1ee9c ch\u01b0\u01a1ng tr\u00ecnh xi\u1ebfc Voi, G\u1ea5u, Tr\u0103n \u0111\u1eb7c s\u1eafc.<\/li>\n<li>Qu\u00fd kh\u00e1ch s\u1ebd tham quan v\u00e0 ti\u1ebfp x\u00fac v\u1edbi \u0110\u00e0 \u0110i\u1ec3u Ch\u00e2u Phi v\u00e0 \u0111\u00e0n H\u01b0\u01a1u, Nai trong khu r\u1eebng t\u1ef1 nhi\u00ean v\u00e0 t\u1ea1i \u0111\u00e2y qu\u00fd kh\u00e1ch c\u00f3 th\u1ec3 tr\u1ea3i nghi\u1ec7m c\u1ea3m gi\u00e1c khi ng\u1ed3i tr\u00ean l\u01b0ng c\u1ee7a nh\u1eefng ch\u00fa \u0111\u00e0 \u0111i\u1ec3u ch\u00e2u phi ho\u1eb7c c\u01b0\u1ee1i tr\u00ean l\u01b0ng nh\u1eefng ch\u00fa voi.<\/li>\n<li>Ch\u1ee5p \u1ea3nh l\u01b0u ni\u1ec7m: Khu v\u01b0\u1eddn <a href=\"https:\/\/vi.wikipedia.org\/wiki\/Disneyland\" rel=\"noopener\"><strong>Disneyland<\/strong>,<\/a> c\u00e2y \u0111\u00e0n Guitar kh\u1ed5ng l\u1ed3, h\u1ed3 c\u00e1 koi, su\u1ed1i n\u01b0\u1edbc t\u01b0\u0323 nhi\u00ean, v\u01b0\u1eddn hoa.<\/li>\n<li>Tham quan L\u00e0ng Qu\u00ea Vi\u1ec7t ph\u00e1c h\u1ecda kh\u00f4ng gian l\u00e0ng qu\u00ea thanh b\u00ecnh m\u1ed9c m\u1ea1c v\u1edbi m\u00e1i nh\u00e0 tranh, ao sen, ao c\u00e1, khu v\u01b0\u01a1\u0300n b\u00e2\u0300u, m\u01b0\u1edbp&#8230;<\/li>\n<\/ul>\n<p><img loading=\"lazy\" decoding=\"async\" src=\"https:\/\/tourdaonhatrang.com\/wp-content\/uploads\/2021\/02\/tour-dao-khi-suoi-hoa-lan-06.jpg\" alt=\"Tour \u0111\u1ea3o kh\u1ec9 su\u1ed1i Hoa Lan\" width=\"750\" height=\"500\" title=\"\"><\/p>\n<p>10h45: Th\u01b0\u1edfng th\u1ee9c ch\u01b0\u01a1ng tri\u0300nh bi\u1ec3u di\u1ec5n Xi\u1ebfc Chim \u0111\u1ed9c \u0111\u00e1o.<\/p>\n<p>Sau \u0111\u00f3 qu\u00fd kh\u00e1ch c\u00f3 th\u1ec3 n\u1eb1m ngh\u0129 tr\u00ean nh\u1eefng ng\u00f4i nh\u00e0 n\u1ea5m, ai c\u00f2n s\u1ee9c th\u00ec ti\u1ebfp t\u1ee5c ch\u00e8o thuy\u1ec1n Kayak ho\u1eb7c ch\u01a1i nh\u1eefng tr\u00f2 c\u1ea3m gi\u00e1c m\u1ea1nh nh\u01b0 m\u00f4 t\u00f4 n\u01b0\u1edbc, cano k\u00e9o d\u00f9\u2026<\/p>\n<p>N\u1ebfu ai c\u1ea3m th\u1ea5y \u0111\u00f3i b\u1ee5ng s\u1edbm th\u00ec c\u00f3 th\u1ec3 gh\u00e9 th\u0103m Khu \u1ea9m th\u1ef1c H\u01b0\u01a1ng Vi\u1ec7t mang \u0111\u1eadm n\u00e9t b\u1ea3n s\u1eafc d\u00e2n d\u00e3 v\u1edbi c\u00e1c m\u00f3n \u0103n \u0111\u1ed3ng qu\u00ea v\u00e0 c\u00e1c lo\u1ea1i r\u01b0\u1ee3u \u0111\u1eb7c s\u1ea3n ba mi\u1ec1n k\u1ebft h\u1ee3p c\u00f9ng c\u00e1c lo\u1ea1i ch\u00e8, b\u00e1nh trong c\u1ea3 n\u01b0\u1edbc s\u1ebd khi\u1ebfn du kh\u00e1ch th\u1ea5y th\u00fa v\u1ecb h\u01a1n.<\/p>\n<p>Ngo\u00e0i ra khu du l\u1ecbch c\u00f2n c\u00f3 nh\u00e0 h\u00e0ng H\u01b0\u01a1ng Lan v\u1edbi s\u1ee9c ch\u1ee9a h\u01a1n 600 kh\u00e1ch c\u00f9ng th\u1ef1c \u0111\u01a1n m\u00f3n \u0103n \u0111a d\u1ea1ng.<\/p>\n<p>12h00-13h00: D\u00f9ng c\u01a1m tr\u01b0a<\/p>\n<p>Qu\u00fd kh\u00e1ch v\u1ec1 d\u00f9ng c\u01a1m tr\u01b0a t\u1ea1i Nh\u00e0 H\u00e0ng H\u01b0\u01a1ng Lan v\u1edbi c\u00e1c m\u00f3n nh\u01b0 (Salad tr\u1ed9n, Canh rong bi\u1ec3n, T\u00f4m rim m\u1eafm nh\u1ec9, C\u00e1 h\u1ea5p x\u00ec d\u1ea7u, \u0110\u00e0 \u0111i\u1ec3u l\u00fac l\u1eafc, Tr\u1ee9ng chi\u00ean h\u00e0nh, C\u01a1m tr\u1eafng, Tr\u00e0 \u0111\u00e1 \u0111inh l\u0103ng + Tr\u00e1ng mi\u1ec7ng.) v\u00e0 th\u01b0 gi\u00e3n ngh\u1ec9 ng\u01a1i \u1edf Nh\u00e0 N\u1ea5m b\u00ean b\u1edd bi\u1ec3n xanh.<\/p>\n<p>Trong l\u00fac n\u00e0y qu\u00fd kh\u00e1ch n\u00ean d\u00f9ng 1 ly chanh d\u00e2y nguy\u00ean ch\u1ea5t, ph\u1ea3i n\u00f3i l\u00e0 tuy\u1ec7t v\u1eddi m\u00e0 ch\u1ec9 t\u1ea1i Su\u1ed1i Hoa Lan m\u1edbi c\u00f3.<\/p>\n<p>13h15: \u0110\u1ebfn \u0111\u1ea3o Kh\u1ec9 (H\u00f2n Lao)<\/p>\n<p>Qu\u00fd kh\u00e1ch \u0111\u00e3 \u0111\u1eb7t ch\u00e2n \u0111\u1ebfn v\u01b0\u01a1ng qu\u1ed1c c\u1ee7a T\u00f4n Ng\u1ed9 Kh\u00f4ng v\u1edbi h\u01a1n 1.000 ch\u00fa kh\u1ec9 t\u1ef1 nhi\u00ean v\u00e0 c\u00f3 r\u1ea5t nhi\u1ec1u lo\u00e0i qu\u00fd hi\u1ebfm tr\u00ean th\u1ebf gi\u1edbi.<\/p>\n<p>T\u1ea1i <strong><a href=\"https:\/\/tourdaonhatrang.com\/en\/tour-dao-khi-nha-trang-hang-ngay\/\">Monkey Island Nha Trang<\/a><\/strong> qu\u00fd kh\u00e1ch s\u1ebd \u0111\u01b0\u1ee3c:<\/p>\n<p><img loading=\"lazy\" decoding=\"async\" src=\"https:\/\/tourdaonhatrang.com\/wp-content\/uploads\/2021\/02\/tour-dao-khi-suoi-hoa-lan-08.jpg\" alt=\"Tour \u0111\u1ea3o kh\u1ec9 su\u1ed1i Hoa Lan\" width=\"750\" height=\"500\" title=\"\"><\/p>\n<ul>\n<li>Ti\u1ebfp x\u00fac th\u00e2n thi\u1ec7n v\u1edbi \u0111\u00e0n kh\u1ec9 t\u1ef1 nhi\u00ean v\u00e0 xem xi\u1ebfc th\u00fa (kh\u1ec9, g\u1ea5u, ch\u00f3\u2026).<\/li>\n<li>Xem v\u00e0 tham gi\u00e1 c\u00e1 c\u01b0\u1ee3c trong cu\u1ed9c thi \u0111ua ch\u00f3 \u0111\u1ec3 nh\u1eadn \u0111\u01b0\u1ee3c nh\u1eefng ph\u1ea7n qu\u00e0 h\u1ea5p d\u1eabn.<\/li>\n<li>Th\u1eed t\u00e0i \u0111ua t\u1ed1c \u0111\u1ed9 qua tr\u00f2 ch\u01a1i c\u1ea3m gi\u00e1c m\u1ea1nh \u0111ua xe th\u1ec3 thao F1.<\/li>\n<li>Bi\u1ebft \u0111\u01b0\u1ee3c c\u1ea3m gi\u00e1c th\u1ebf n\u00e0o l\u00e0 m\u1ed7i m\u1ed9t b\u01b0\u1edbc \u0111i c\u00f3 h\u00e0ng tr\u0103m con m\u1eaft \u0111ang d\u00f2m ng\u00f3, r\u00ecnh r\u1eadp. Ch\u1ec9 v\u00e0i gi\u00e2y kh\u00f4ng c\u1ea9n th\u1eadn l\u00e0 chai n\u01b0\u1edbc ho\u1eb7c \u0111\u1ed3 \u0103n c\u1ee7a b\u1ea1n s\u1ebd b\u1ecb c\u01b0\u1edbp gi\u1eadt h\u1ee3p ph\u00e1p gi\u1eefa ban ng\u00e0y.<\/li>\n<li>Tham quan c\u00e1c c\u00f4ng tr\u00ecnh ngh\u1ec7 thu\u1eadt: khu checkin Zone Studio v\u1edbi nh\u1eefng chi\u1ebfc x\u00edch \u0111u, c\u1ed1i xay gi\u00f3, n\u1ea5c thang thi\u00ean \u0111\u01b0\u1eddng\u2026, khu v\u01b0\u1eddn tr\u00e1i tim, con \u0111\u01b0\u1eddng hoa gi\u1ea5y r\u1ef1c r\u1ee1 s\u1eafc m\u00e0u.<\/li>\n<li>Nghi\u0309 ng\u01a1i t\u1ef1 do t\u1ea1i l\u1ec1u n\u1ea5m, t\u1ef1 do t\u1eafm bi\u1ec3n&#8230;<\/li>\n<\/ul>\n<p>15h30-16h00: K\u1ebft th\u00fac tour<\/p>\n<p>T\u00e0u \u0111\u01b0a kh\u00e1ch v\u1ec1 l\u1ea1i C\u1ea3ng. K\u1ebft th\u00fac chuy\u1ebfn \u0111i v\u00e0 xe \u0111\u01b0a qu\u00fd kh\u00e1ch (c\u00f3 s\u1eed d\u1ee5ng xe \u0111\u01b0a \u0111\u00f3n ri\u00eang) tr\u1edf v\u1ec1 l\u1ea1i kh\u00e1ch s\u1ea1n Nha Trang.<\/p>\n<p>See also: <strong><a href=\"https:\/\/tourdao.vn\/can-chuan-bi-nhung-gi-khi-di-du-lich-nha-trang\/\" rel=\"noopener\">Tips c\u1ea7n chu\u1ea9n b\u1ecb nh\u1eefng g\u00ec khi \u0111i du l\u1ecbch Nha Trang<\/a><\/strong><\/p>\n<h2><span class=\"ez-toc-section\" id=\"Luu_y_khi_di_tour_dao_Khi_dao_suoi_Hoa_Lan\"><\/span>L\u01b0u \u00fd khi \u0111i tour \u0111\u1ea3o Kh\u1ec9 \u0111\u1ea3o su\u1ed1i Hoa Lan<span class=\"ez-toc-section-end\"><\/span><\/h2>\n<p>M\u0169 th\u00ec \u0111\u01b0\u1ee3c b\u00ean tour Su\u1ed1i Hoa Lan \u0110\u1ea3o Kh\u1ec9 1 ng\u00e0y t\u1eb7ng r\u1ed3i, nh\u01b0ng m\u1ed9t s\u1ed1 \u0111\u1ed3 \u0111\u1ea1c b\u1ea3o h\u1ed9 nh\u01b0 kem ch\u1ed1ng n\u1eafng, d\u00e9p \u0111i bi\u1ec3n\u2026 th\u00ec b\u1ea1n v\u1eabn n\u00ean trang b\u1ecb th\u00eam nh\u00e9.<\/p>\n<p>Chu\u1ea9n b\u1ecb th\u1eadt nhi\u1ec1u b\u1ed9 qu\u1ea7n \u00e1o \u0111\u1eb9p \u0111\u1ec3 s\u1eb5n s\u00e0ng ch\u1ee5p nh\u1eefng b\u1ee9c h\u00ecnh th\u1eadt \u0111\u1eb9p<\/p>\n<p>Khi b\u1ea1n \u0111\u1ebfn v\u1edbi khu kh\u1ec9 \u1edf H\u00f2n Lao \u0110\u1ea3o Kh\u1ec9, b\u1ea1n ch\u00fa \u00fd gi\u1eef c\u1ea9n th\u1eadn kh\u00f4ng l\u00e0 t\u1ee5i kh\u1ec9 n\u00f3 ra, n\u00f3 c\u01b0\u1edbp \u0111\u1ea5y.<\/p>\n<p>&gt;&gt;&gt;<strong>\u00a0<a href=\"https:\/\/tourdaonhatrang.com\/en\/tour-hon-tam-sea-mud-tron-goi\/\">Hon Tam Sea Mud Tour Package<\/a><\/strong><\/p>","protected":false},"excerpt":{"rendered":"<p><span style=\"text-decoration: underline; color: #ff0000; font-size: 120%;\"><strong>Tour 7<\/strong><\/span><\/p>\n<p><img loading=\"lazy\" decoding=\"async\" class=\"alignnone wp-image-39900\" src=\"https:\/\/tourdaonhatrang.com\/wp-content\/uploads\/2024\/03\/phieu-khuyen-mai-thanh-toan-ngay-1.png\" alt=\"\u01afu \u0111\u00e3i thanh to\u00e1n ngay\" width=\"550\" height=\"236\" srcset=\"https:\/\/tourdaonhatrang.com\/wp-content\/uploads\/2024\/03\/phieu-khuyen-mai-thanh-toan-ngay-1.png 840w, https:\/\/tourdaonhatrang.com\/wp-content\/uploads\/2024\/03\/phieu-khuyen-mai-thanh-toan-ngay-1-300x129.png 300w, https:\/\/tourdaonhatrang.com\/wp-content\/uploads\/2024\/03\/phieu-khuyen-mai-thanh-toan-ngay-1-768x329.png 768w, https:\/\/tourdaonhatrang.com\/wp-content\/uploads\/2024\/03\/phieu-khuyen-mai-thanh-toan-ngay-1-18x8.png 18w, https:\/\/tourdaonhatrang.com\/wp-content\/uploads\/2024\/03\/phieu-khuyen-mai-thanh-toan-ngay-1-400x171.png 400w, https:\/\/tourdaonhatrang.com\/wp-content\/uploads\/2024\/03\/phieu-khuyen-mai-thanh-toan-ngay-1-600x257.png 600w\" sizes=\"auto, (max-width: 550px) 100vw, 550px\" \/><\/p>\n<h3><span style=\"color: #0000ff;\">Ng\u01b0\u1eddi l\u1edbn: 730,000\u0111 \u2013 Tr\u1ebb em: 510,000\u0111<\/span><\/h3>\n<ul>\n<li>Can\u00f4 cao t\u1ed1c gh\u00e9p \u0111o\u00e0n<\/li>\n<li>Pick up at meeting point in city<\/li>\n<li>Tour departs at DA CHONG PORT<\/li>\n<li>Entrance ticket to Monkey Island + Orchid Stream.<\/li>\n<li>Lunch as per program<\/li>\n<li>Check in at Orchid Island<\/li>\n<li>Check in Monkey Island<\/li>\n<li>Hotline:\u00a0<a href=\"tel:0849256256\">0849 256 256<\/a><\/li>\n<li><span style=\"color: #0000ff;\">Payment promotion 5%<\/span><\/li>\n<\/ul>\n<div class=\"hJDwNd-AhqUyc-qWD73c purZT-AhqUyc-II5mzb pSzOP-AhqUyc-qWD73c JNdkSc\">\n<div class=\"JNdkSc-SmKAyb\">\n<div class=\"\">\n<div class=\"oKdM2c Kzv0Me\">\n<div class=\"hJDwNd-AhqUyc-qWD73c purZT-AhqUyc-II5mzb pSzOP-AhqUyc-qWD73c JNdkSc\">\n<div class=\"JNdkSc-SmKAyb\">\n<div class=\"\">\n<div class=\"oKdM2c Kzv0Me\">\n<div id=\"h.f128f2fe5256b73_1433\" class=\"hJDwNd-AhqUyc-qWD73c jXK9ad D2fZ2 OjCsFc wHaque GNzUNc\">\n<div class=\"jXK9ad-SmKAyb\">\n<div class=\"tyJCtd mGzaTb baZpAe\">\n<div class=\"row row-small mua-ngay-button\">\n<div class=\"cot1 medium-6 small-12 large-6\">\n<div class=\"col-inner\"><a class=\"button primary is-large lowercase expand\" style=\"border-radius: 3px;\" href=\"https:\/\/tourdaonhatrang.com\/en\/tour-dao-khi-suoi-hoa-lan\/\">See details<\/a><\/div>\n<\/div>\n<div class=\"cot2 medium-6 small-12 large-6\">\n<div class=\"col-inner\"><a class=\"button success is-large lowercase expand\" style=\"border-radius: 3px;\" href=\"https:\/\/tourdaonhatrang.com\/en\/knife-tour\/dat-ve-tour-dao-khi-suoi-hoa-lan\/\" target=\"_self\" rel=\"noopener\"><span style=\"vertical-align: inherit;\">\ud83d\uded2 Book tickets quickly<\/span><\/a><\/div>\n<\/div>\n<\/div>\n<\/div>\n<\/div>\n<\/div>\n<\/div>\n<\/div>\n<\/div>\n<\/div>\n<\/div>\n<\/div>\n<\/div>\n<\/div>","protected":false},"featured_media":34970,"comment_status":"open","ping_status":"closed","template":"","meta":[],"product_brand":[],"product_cat":[35],"product_tag":[729,53],"class_list":{"0":"post-17702","1":"product","2":"type-product","3":"status-publish","4":"has-post-thumbnail","6":"product_cat-tour-cac-dao-nha-trang","7":"product_tag-tour-dao-khi-suoi-hoa-lan","8":"product_tag-tour-dao-nha-trang","10":"first","11":"instock","12":"shipping-taxable","13":"product-type-simple"},"_links":{"self":[{"href":"https:\/\/tourdaonhatrang.com\/en\/wp-json\/wp\/v2\/product\/17702","targetHints":{"allow":["GET"]}}],"collection":[{"href":"https:\/\/tourdaonhatrang.com\/en\/wp-json\/wp\/v2\/product"}],"about":[{"href":"https:\/\/tourdaonhatrang.com\/en\/wp-json\/wp\/v2\/types\/product"}],"replies":[{"embeddable":true,"href":"https:\/\/tourdaonhatrang.com\/en\/wp-json\/wp\/v2\/comments?post=17702"}],"wp:featuredmedia":[{"embeddable":true,"href":"https:\/\/tourdaonhatrang.com\/en\/wp-json\/wp\/v2\/media\/34970"}],"wp:attachment":[{"href":"https:\/\/tourdaonhatrang.com\/en\/wp-json\/wp\/v2\/media?parent=17702"}],"wp:term":[{"taxonomy":"product_brand","embeddable":true,"href":"https:\/\/tourdaonhatrang.com\/en\/wp-json\/wp\/v2\/product_brand?post=17702"},{"taxonomy":"product_cat","embeddable":true,"href":"https:\/\/tourdaonhatrang.com\/en\/wp-json\/wp\/v2\/product_cat?post=17702"},{"taxonomy":"product_tag","embeddable":true,"href":"https:\/\/tourdaonhatrang.com\/en\/wp-json\/wp\/v2\/product_tag?post=17702"}],"curies":[{"name":"wp","href":"https:\/\/api.w.org\/{rel}","templated":true}]}}