{"id":17948,"date":"2024-02-23T12:47:14","date_gmt":"2024-02-23T05:47:14","guid":{"rendered":"https:\/\/tourdao.com.vn\/?post_type=product&#038;p=17948"},"modified":"2025-12-08T11:24:49","modified_gmt":"2025-12-08T04:24:49","slug":"tour-2-dao-nha-trang-1-ngay","status":"publish","type":"product","link":"https:\/\/tourdaonhatrang.com\/en\/tour-2-dao-nha-trang-1-ngay\/","title":{"rendered":"Nha Trang 2 Island Tour | Snorkeling to see coral"},"content":{"rendered":"<div id=\"ez-toc-container\" class=\"ez-toc-v2_0_82_2 counter-hierarchy ez-toc-counter ez-toc-grey ez-toc-container-direction\">\n<div class=\"ez-toc-title-container\">\n<p class=\"ez-toc-title\" style=\"cursor:inherit\">Content<\/p>\n<span class=\"ez-toc-title-toggle\"><a href=\"#\" class=\"ez-toc-pull-right ez-toc-btn ez-toc-btn-xs ez-toc-btn-default ez-toc-toggle\" aria-label=\"Toggle Table of Content\"><span class=\"ez-toc-js-icon-con\"><span class=\"\"><span class=\"eztoc-hide\" style=\"display:none;\">Toggle<\/span><span class=\"ez-toc-icon-toggle-span\"><svg style=\"fill: #999;color:#999\" xmlns=\"http:\/\/www.w3.org\/2000\/svg\" class=\"list-377408\" width=\"20px\" height=\"20px\" viewbox=\"0 0 24 24\" fill=\"none\"><path d=\"M6 6H4v2h2V6zm14 0H8v2h12V6zM4 11h2v2H4v-2zm16 0H8v2h12v-2zM4 16h2v2H4v-2zm16 0H8v2h12v-2z\" fill=\"currentColor\"><\/path><\/svg><svg style=\"fill: #999;color:#999\" class=\"arrow-unsorted-368013\" xmlns=\"http:\/\/www.w3.org\/2000\/svg\" width=\"10px\" height=\"10px\" viewbox=\"0 0 24 24\" version=\"1.2\" baseprofile=\"tiny\"><path d=\"M18.2 9.3l-6.2-6.3-6.2 6.3c-.2.2-.3.4-.3.7s.1.5.3.7c.2.2.4.3.7.3h11c.3 0 .5-.1.7-.3.2-.2.3-.5.3-.7s-.1-.5-.3-.7zM5.8 14.7l6.2 6.3 6.2-6.3c.2-.2.3-.5.3-.7s-.1-.5-.3-.7c-.2-.2-.4-.3-.7-.3h-11c-.3 0-.5.1-.7.3-.2.2-.3.5-.3.7s.1.5.3.7z\"\/><\/svg><\/span><\/span><\/span><\/a><\/span><\/div>\n<nav><ul class='ez-toc-list ez-toc-list-level-1' ><li class='ez-toc-page-1 ez-toc-heading-level-1'><a class=\"ez-toc-link ez-toc-heading-1\" href=\"https:\/\/tourdaonhatrang.com\/en\/tour-2-dao-nha-trang-1-ngay\/#Tour_2_dao_Nha_Trang\" >Nha Trang 2 Island Tour<\/a><ul class='ez-toc-list-level-2' ><li class='ez-toc-heading-level-2'><a class=\"ez-toc-link ez-toc-heading-2\" href=\"https:\/\/tourdaonhatrang.com\/en\/tour-2-dao-nha-trang-1-ngay\/#Lan_bien_Nha_Trang_o_dau_dep\" >L\u1eb7n bi\u1ec3n Nha Trang \u1edf \u0111\u00e2u \u0111\u1eb9p<\/a><ul class='ez-toc-list-level-3' ><li class='ez-toc-heading-level-3'><a class=\"ez-toc-link ez-toc-heading-3\" href=\"https:\/\/tourdaonhatrang.com\/en\/tour-2-dao-nha-trang-1-ngay\/#Dia_diem_lan_bien_hon_Mun_Nha_Trang_lan_bang_binh_khi\" >\u0110\u1ecba \u0111i\u1ec3m l\u1eb7n bi\u1ec3n h\u00f2n Mun Nha Trang (l\u1eb7n b\u1eb1ng b\u00ecnh kh\u00ed)<\/a><\/li><li class='ez-toc-page-1 ez-toc-heading-level-3'><a class=\"ez-toc-link ez-toc-heading-4\" href=\"https:\/\/tourdaonhatrang.com\/en\/tour-2-dao-nha-trang-1-ngay\/#Dia_diem_lan_bien_Vinh_San_Ho\" >\u0110\u1ecba \u0111i\u1ec3m l\u1eb7n bi\u1ec3n V\u1ecbnh San H\u00f4<\/a><\/li><\/ul><\/li><li class='ez-toc-page-1 ez-toc-heading-level-2'><a class=\"ez-toc-link ez-toc-heading-5\" href=\"https:\/\/tourdaonhatrang.com\/en\/tour-2-dao-nha-trang-1-ngay\/#4_ly_do_Quy_khach_nen_tham_gia_tour_lan_bien_o_Nha_Trang\" >4 l\u00fd do Qu\u00fd kh\u00e1ch n\u00ean tham gia tour l\u1eb7n bi\u1ec3n \u1edf Nha Trang<\/a><\/li><li class='ez-toc-page-1 ez-toc-heading-level-2'><a class=\"ez-toc-link ez-toc-heading-6\" href=\"https:\/\/tourdaonhatrang.com\/en\/tour-2-dao-nha-trang-1-ngay\/#Gia_tour_Lich_trinh_tour_2_dao_Nha_Trang_co_lan_bien\" >Gi\u00e1 tour + L\u1ecbch tr\u00ecnh tour 2 \u0111\u1ea3o Nha Trang c\u00f3 l\u1eb7n bi\u1ec3n<\/a><ul class='ez-toc-list-level-3' ><li class='ez-toc-heading-level-3'><a class=\"ez-toc-link ez-toc-heading-7\" href=\"https:\/\/tourdaonhatrang.com\/en\/tour-2-dao-nha-trang-1-ngay\/#Gia_tour\" >Tour price<\/a><\/li><li class='ez-toc-page-1 ez-toc-heading-level-3'><a class=\"ez-toc-link ez-toc-heading-8\" href=\"https:\/\/tourdaonhatrang.com\/en\/tour-2-dao-nha-trang-1-ngay\/#Lich_trinh_tour\" >L\u1ecbch tr\u00ecnh tour<\/a><\/li><\/ul><\/li><li class='ez-toc-page-1 ez-toc-heading-level-2'><a class=\"ez-toc-link ez-toc-heading-9\" href=\"https:\/\/tourdaonhatrang.com\/en\/tour-2-dao-nha-trang-1-ngay\/#Kinh_nghiem_lan_bien_Nha_Trang\" >Kinh nghi\u1ec7m l\u1eb7n bi\u1ec3n Nha Trang<\/a><ul class='ez-toc-list-level-3' ><li class='ez-toc-heading-level-3'><a class=\"ez-toc-link ez-toc-heading-10\" href=\"https:\/\/tourdaonhatrang.com\/en\/tour-2-dao-nha-trang-1-ngay\/#Tre_em_bao_nhieu_tuoi_thi_duoc_lan_bien\" >Tr\u1ebb em bao nhi\u00eau tu\u1ed5i th\u00ec \u0111\u01b0\u1ee3c l\u1eb7n bi\u1ec3n<\/a><\/li><li class='ez-toc-page-1 ez-toc-heading-level-3'><a class=\"ez-toc-link ez-toc-heading-11\" href=\"https:\/\/tourdaonhatrang.com\/en\/tour-2-dao-nha-trang-1-ngay\/#Thoi_diem_thich_hop_de_di_lan_bien\" >Th\u1eddi \u0111i\u1ec3m th\u00edch h\u1ee3p \u0111\u1ec3 \u0111i l\u1eb7n bi\u1ec3n<\/a><\/li><li class='ez-toc-page-1 ez-toc-heading-level-3'><a class=\"ez-toc-link ez-toc-heading-12\" href=\"https:\/\/tourdaonhatrang.com\/en\/tour-2-dao-nha-trang-1-ngay\/#Nguoi_khong_biet_boi_co_lan_duoc_khong\" >Ng\u01b0\u1eddi kh\u00f4ng bi\u1ebft b\u01a1i c\u00f3 l\u1eb7n \u0111\u01b0\u1ee3c kh\u00f4ng<\/a><\/li><\/ul><\/li><li class='ez-toc-page-1 ez-toc-heading-level-2'><a class=\"ez-toc-link ez-toc-heading-13\" href=\"https:\/\/tourdaonhatrang.com\/en\/tour-2-dao-nha-trang-1-ngay\/#Diem_khoi_hanh_tour_dao_Nha_Trang\" >\u0110i\u1ec3m kh\u1edfi h\u00e0nh tour \u0111\u1ea3o Nha Trang<\/a><\/li><\/ul><\/li><\/ul><\/nav><\/div>\n<h1><span class=\"ez-toc-section\" id=\"Tour_2_dao_Nha_Trang\"><\/span><strong>Nha Trang 2 Island Tour<\/strong><span class=\"ez-toc-section-end\"><\/span><\/h1>\n<p>Tour 2 \u0111\u1ea3o Nha Trang c\u00f3 l\u1eb7n bi\u1ec3n v\u00e0 t\u1eafm b\u00f9n Nha Trang\u00a0b\u1eb1ng cano cao t\u1ed1c r\u1ea5t th\u00edch h\u1ee3p cho nh\u1eefng du kh\u00e1ch th\u00edch d\u00e0nh nhi\u1ec1u th\u1eddi gian \u0111\u1ec3 b\u01a1i l\u1eb7n, kh\u00e1m ph\u00e1 \u0111\u1ea1i d\u01b0\u01a1ng v\u00e0 ho\u00e0 m\u00ecnh v\u00e0o h\u00e0ng ngh\u00ecn lo\u00e0i san h\u00f4 qu\u00fd.<\/p>\n<p>V\u1ecbnh Nha Trang n\u1ed5i ti\u1ebfng v\u1edbi c\u1ea3nh \u0111\u1eb9p m\u00e0 c\u00f2n l\u00e0 n\u01a1i sinh s\u1ed1ng c\u1ee7a 45% lo\u00e0i sinh v\u1eadt bi\u1ec3n \u0111\u01b0\u1ee3c t\u00ecm th\u1ea5y tr\u00ean th\u1ebf gi\u1edbi.<\/p>\n<p>Tham gia\u00a0tour 1 ng\u00e0y Nha Trang \u00a0H\u00f2n Mun ho\u1eb7c V\u1ecbnh San H\u00f4, <a href=\"https:\/\/hontamnhatrang.com\/\" rel=\"noopener\"><strong>Hon Tam<\/strong><\/a> Qu\u00fd kh\u00e1ch t\u1eadn h\u01b0\u1edfng kh\u00f4ng kh\u00ed trong l\u00e0nh, \u0111\u1eafm m\u00ecnh trong l\u00e0n n\u01b0\u1edbc m\u00e1t trong xanh t\u1ea1i m\u1ed9t trong 29 v\u1ecbnh \u0111\u1eb9p nh\u1ea5t th\u1ebf gi\u1edbi.<\/p>\n<h2><span class=\"ez-toc-section\" id=\"Lan_bien_Nha_Trang_o_dau_dep\"><\/span><strong>L\u1eb7n bi\u1ec3n Nha Trang \u1edf \u0111\u00e2u \u0111\u1eb9p<\/strong><span class=\"ez-toc-section-end\"><\/span><\/h2>\n<p>V\u1ecbnh Nha Trang s\u1edf h\u1eefu nh\u1eefng h\u00f2n \u0111\u1ea3o xinh \u0111\u1eb9p v\u1edbi nhi\u1ec1u r\u1ea1n san h\u00f4 c\u0169ng nh\u01b0 nhi\u1ec1u lo\u00e0i c\u00e1 phong ph\u00fa \u0111\u1ea7y m\u00e0u s\u1eafc, c\u00f9ng v\u1edbi b\u00e3i b\u00e3i xanh ng\u1eaft tr\u1ea3i d\u00e0i t\u1edbi cu\u1ed1i ch\u00e2n tr\u1eddi.<\/p>\n<p><img loading=\"lazy\" decoding=\"async\" src=\"https:\/\/tourdaonhatrang.com\/wp-content\/uploads\/2021\/03\/tour-2-dao-nha-trang-011.jpeg\" alt=\"Nha Trang 2 Island Tour\" width=\"750\" height=\"500\" title=\"\"><\/p>\n<p>C\u00f3 nhi\u1ec1u \u0111\u1ecba \u0111i\u1ec3m t\u1ed5 ch\u1ee9c l\u1eb7n bi\u1ec3n ng\u1eafm san h\u00f4 \u1edf Nha Trang h\u1ea5p d\u1eabn ph\u00f9 h\u1ee3p cho t\u1eebng tr\u00ecnh \u0111\u1ed9 l\u1eb7n kh\u00e1c nhau t\u1eeb c\u1ea5p \u0111\u01a1n gi\u1ea3n c\u01a1 b\u1ea3n cho \u0111\u1ebfn c\u1ea5p c\u1ea7n chuy\u00ean m\u00f4n cao v\u00e0 tr\u00ecnh \u0111\u1ed9 chuy\u00ean nghi\u1ec7p. Nh\u1eefng h\u00f2n \u0111\u1ea3o c\u00f3 r\u1ea1ng san h\u00f4 \u0111\u1eb9p nh\u1ea5t g\u1ed3m<\/p>\n<h3><span class=\"ez-toc-section\" id=\"Dia_diem_lan_bien_hon_Mun_Nha_Trang_lan_bang_binh_khi\"><\/span><strong>\u0110\u1ecba \u0111i\u1ec3m l\u1eb7n bi\u1ec3n h\u00f2n Mun Nha Trang (l\u1eb7n b\u1eb1ng b\u00ecnh kh\u00ed)<\/strong><span class=\"ez-toc-section-end\"><\/span><\/h3>\n<p>H\u00f2n Mun \u0111\u01b0\u1ee3c bi\u1ebft t\u1edbi l\u00e0 thi\u00ean \u0111\u01b0\u1eddng c\u1ee7a vi\u1ec7c l\u1eb7n ng\u1eafm san h\u00f4 Nha Trang v\u1edbi nhi\u1ec1u tr\u00ecnh \u0111\u1ed9 kh\u00e1c nhau.<\/p>\n<p>\u0110\u1ebfn H\u00f2n Mun b\u1ea1n c\u00f3 th\u1ec3 l\u1eb7n bi\u1ec3n s\u00e2u ph\u00f9 h\u1ee3p v\u1edbi c\u1ea3 l\u1eb7n b\u1eb1ng \u1ed1ng th\u1edf v\u00e0 l\u1eb7n b\u1eb1ng b\u00ecnh kh\u00ed v\u00ec \u0111\u1ed9 s\u00e2u c\u1ee7a n\u00f3 \u0111a d\u1ea1ng.<\/p>\n<p>H\u00f2n Mun l\u00e0 \u0111i\u1ec3m \u0111\u1ea3o n\u1ed5i ti\u1ebfng lu\u00f4n c\u00f3 trong c\u00e1c ch\u01b0\u01a1ng tr\u00ecnh tour 4 \u0111\u1ea3o Nha Trang<\/p>\n<h3><span class=\"ez-toc-section\" id=\"Dia_diem_lan_bien_Vinh_San_Ho\"><\/span><strong>\u0110\u1ecba \u0111i\u1ec3m l\u1eb7n bi\u1ec3n V\u1ecbnh San H\u00f4<\/strong><span class=\"ez-toc-section-end\"><\/span><\/h3>\n<p><a href=\"https:\/\/tourdaonhatrang.com\/en\/thue-cano-di-vinh-san-ho\/\"><strong>Coral Bay<\/strong><\/a>\u00a0c\u00f3 nhi\u1ec1u r\u1ea1ng san h\u00f4 d\u01b0\u1edbi bi\u1ec3n c\u00f9ng v\u1edbi \u0111\u00f3 l\u00e0 v\u00f4 s\u1ed1 c\u00e1c lo\u00e0i c\u00e1 l\u1ea1 c\u1ef1c b\u1eaft m\u1eaft n\u00ean thu h\u00fat nhi\u1ec1u du kh\u00e1ch t\u1edbi \u0111\u00e2y \u0111\u1ec3 kh\u00e1m ph\u00e1.<\/p>\n<p>Ngo\u00e0i ra \u1edf \u0111\u00e2y c\u00f2n c\u00f3 nhi\u1ec1u d\u1ecbch v\u1ee5 du l\u1ecbch khi tham tham gia tour <strong><a href=\"https:\/\/tourdaonhatrang.com\/en\/\">du l\u1ecbch 3 \u0111\u1ea3o Nha Trang<\/a><\/strong><\/p>\n<p><img loading=\"lazy\" decoding=\"async\" src=\"https:\/\/tourdaonhatrang.com\/wp-content\/uploads\/2021\/03\/tour-2-dao-nha-trang-014.jpeg\" alt=\"Nha Trang 2 Island Tour\" width=\"750\" height=\"500\" title=\"\"><\/p>\n<p><strong>See more &gt;&gt;&gt; <a href=\"https:\/\/hontamnhatrang.com\/tour-hon-tam-tron-goi\/\" rel=\"noopener\">Hon Tam 1 Day Package Tour<\/a><\/strong><\/p>\n<h2><span class=\"ez-toc-section\" id=\"4_ly_do_Quy_khach_nen_tham_gia_tour_lan_bien_o_Nha_Trang\"><\/span><strong>4 l\u00fd do Qu\u00fd kh\u00e1ch n\u00ean tham gia tour l\u1eb7n bi\u1ec3n \u1edf Nha Trang<\/strong><span class=\"ez-toc-section-end\"><\/span><\/h2>\n<p>H\u00e0nh tr\u00ecnh tour 2 \u0111\u1ea3o \u1edf Nha Trang \u0111\u01b0\u1ee3c thi\u1ebft k\u1ebf h\u01b0\u1edbng t\u1edbi s\u1ef1 ri\u00eang t\u01b0, gi\u00e1 tour tr\u1ecdn g\u00f3i ( t\u00e0u \u0111\u01b0a \u0111\u00f3n,\u00a01 su\u1ea5t <a href=\"https:\/\/tourdaonhatrang.com\/en\/lan-bien-nha-trang-tour-ngam-san-ho-review\/\"><strong>scuba diving to see coral<\/strong><\/a>, t\u1eafm b\u00f9n Nha Trang tr\u00ean \u0111\u1ea3o, \u0103n tr\u01b0a\u2026). H\u00e0nh tr\u00ecnh \u0111\u01b0\u1ee3c chu\u1ea9n b\u1ecb d\u00e0nh cho h\u1ed9i nh\u00f3m ho\u1eb7c gia \u0111\u00ecnh c\u1ee7a b\u1ea1n.<\/p>\n<p>Tham gia tour 2 \u0111\u1ea3o Nha Trang c\u00f3 l\u1eb7n bi\u1ec3n,\u00a0th\u1ee3 l\u1eb7n chuy\u00ean nghi\u1ec7p\u00a0c\u00f9ng b\u1ea1n\u00a0tham quan su\u1ed1t h\u00e0nh tr\u00ecnh,\u00a0l\u1eb7n c\u00f9ng\u00a0v\u00e0 h\u01b0\u1edbng d\u1eabn v\u1ec1 c\u00e1c k\u0129 n\u0103ng l\u1eb7n.<\/p>\n<p>Tr\u1ea3i nghi\u1ec7m l\u1eb7n ng\u1eafm san h\u00f4 b\u1eb1ng \u1ed1ng th\u1edf (Snorkeling) ho\u1eb7c b\u1ea1n c\u00f3 th\u1ec3 ti\u1ebfp t\u1ee5c l\u1eb7n t\u1ef1 do.<\/p>\n<p>Kh\u1edfi h\u00e0nh t\u1ea1i b\u1ebfn t\u00e0u du l\u1ecbch Nha Trang. Li\u00ean h\u1ec7 0849 256 256<\/p>\n<h2><span class=\"ez-toc-section\" id=\"Gia_tour_Lich_trinh_tour_2_dao_Nha_Trang_co_lan_bien\"><\/span><strong>Gi\u00e1 tour + L\u1ecbch tr\u00ecnh tour 2 \u0111\u1ea3o Nha Trang c\u00f3 l\u1eb7n bi\u1ec3n<\/strong><span class=\"ez-toc-section-end\"><\/span><\/h2>\n<p>\u0110\u1ecba \u0111i\u1ec3m: H\u00d2N MUN HO\u1eb6C V\u1ecaNH SAN H\u00d4, H\u00d2N T\u1eb0M<\/p>\n<h3><span class=\"ez-toc-section\" id=\"Gia_tour\"><\/span><strong>Tour price<\/strong><span class=\"ez-toc-section-end\"><\/span><\/h3>\n<ul>\n<li>Ng\u01b0\u1eddi l\u1edbn: 1.350.000 VN\u0110.<\/li>\n<li>Tr\u1ebb em (t\u1eeb 1m \u2013 1m39): 1.200.000 VN\u0110,<\/li>\n<li>Tr\u1ebb em kh\u00f4ng l\u1eb7n: 750.000 VN\u0110.<\/li>\n<\/ul>\n<h3><span class=\"ez-toc-section\" id=\"Lich_trinh_tour\"><\/span><strong>L\u1ecbch tr\u00ecnh tour<\/strong><span class=\"ez-toc-section-end\"><\/span><\/h3>\n<p><strong>08h00<\/strong>: Di chuy\u1ec3n xu\u1ed1ng c\u1ea3ng du l\u1ecbch Nha Trang<\/p>\n<p>Qu\u00fd kh\u00e1ch b\u1eaft d\u1ea7u di chuy\u1ec3n xu\u1ed1ng b\u1ebfn t\u00e0u Du l\u1ecbch Nha Trang b\u1eb1ng ph\u01b0\u01a1ng ti\u1ec7n c\u00e1 nh\u00e2n, taxi ho\u1eb7c grab. H\u01b0\u1edbng d\u1eabn vi\u00ean \u0111\u00f3n qu\u00fd kh\u00e1ch t\u1ea1i c\u1ea3ng.<\/p>\n<p><strong>08h20<\/strong>: L\u00ean cano b\u1eaft \u0111\u1ea7u chuy\u1ebfn tour 2 \u0111\u1ea3o Nha Trang<\/p>\n<p>Khi Qu\u00fd kh\u00e1ch \u0111\u1ebfn c\u1ea3ng, H\u01b0\u1edbng d\u1eabn vi\u00ean s\u1eafp x\u1ebfp \u0111\u01b0a Qu\u00fd kh\u00e1ch l\u00ean cano b\u1eaft \u0111\u1ea7u chuy\u1ebfn tour du ngo\u1ea1n 2 \u0111\u1ea3o \u0111\u1eb9p nh\u1ea5t v\u1ecbnh Nha Trang. Qu\u00e1 tr\u00ecnh di chuy\u1ec3n k\u00e9o d\u00e0i 20 ph\u00fat. \u0110i\u1ec3m \u0111\u1ea7u ti\u00ean s\u1ebd l\u00e0 v\u1ecbnh san H\u00f4 ho\u1eb7c <strong><a href=\"https:\/\/tourdaonhatrang.com\/en\/unknown-things-about-hon-mun-island-nha-trang\/\">\u0111\u1ea3o H\u00f2n Mun<\/a>.<\/strong><\/p>\n<p><strong>08h45 -10h00<\/strong>: Di chuy\u1ec3n \u0111\u1ebfn \u0111\u1ea3o H\u00f2n Mun, t\u1eafm bi\u1ec3n, l\u1eb7n bi\u1ec3n ng\u1eafm san h\u00f4<\/p>\n<p>Ch\u01b0\u01a1ng tr\u00ecnh tour 2 \u0111\u1ea3o Nha Trang\u00a0bao g\u1ed3m\u00a0l\u1eb7n bi\u1ec3n H\u00f2n Mun ho\u1eb7c \u1edf v\u1ecbnh San H\u00f4 .\u00a0Qu\u00fd kh\u00e1ch s\u1ebd \u0111\u01b0\u1ee3c hu\u1ea5n luy\u1ec7n vi\u00ean chuy\u00ean nghi\u1ec7p h\u01b0\u1edbng d\u1eabn qu\u00fd kh\u00e1ch s\u1eed d\u1ee5ng thi\u1ebft b\u1ecb l\u1eb7n,\u00a0c\u00e1ch giao ti\u1ebfp d\u01b0\u1edbi n\u01b0\u1edbc,\u2026.<\/p>\n<p>Sau 5 ph\u00fat h\u01b0\u1edbng d\u1eabn, th\u1ee3 l\u1eb7n s\u1ebd c\u00f9ng qu\u00fd kh\u00e1ch l\u1eb7n (1 k\u00e8m 1) ng\u1eafm nh\u00ecn nh\u1eefng lo\u00e0i san h\u00f4 tuy\u1ec7t \u0111\u1eb9p, c\u00e1c \u0111\u00e0n c\u00e1, c\u00e1c lo\u00e0i sinh v\u1eadt bi\u1ec3n qu\u00fd hi\u1ebfm c\u1ee7a khu b\u1ea3o t\u1ed3n san h\u00f4 l\u1edbn nh\u1ea5t Vi\u1ec7t Nam.<\/p>\n<p>Qu\u00fd kh\u00e1ch kh\u00f4ng bi\u1ebft b\u01a1i s\u1ebd \u0111\u01b0\u1ee3c c\u00e1c hu\u1ea5n luy\u1ec7n vi\u00ean l\u1eb7n \u0111i c\u00f9ng x\u1eed l\u00fd m\u1ecdi thao t\u00e1c k\u1ef9 thu\u1eadt trong su\u1ed1t qu\u00e1 tr\u00ecnh tham gia kh\u00e1m ph\u00e1 \u0111\u00e1y \u0111\u1ea1i d\u01b0\u01a1ng.<\/p>\n<p><img loading=\"lazy\" decoding=\"async\" src=\"https:\/\/tourdaonhatrang.com\/wp-content\/uploads\/2021\/03\/tour-2-dao-nha-trang-10.jpeg\" alt=\"Nha Trang 2 Island Tour\" width=\"750\" height=\"500\" title=\"\"><\/p>\n<p><strong>10:00 \u2013 12:30<\/strong>: Tr\u1ea3i nghi\u1ec7m ti\u1ec7n nghi, ti\u1ec7n \u00edch cao c\u1ea5p t\u1ea1i khu t\u1eafm b\u00f9n H\u00f2n T\u1eb1m<\/p>\n<p>Sau khi k\u1ebft th\u00fac ch\u01b0\u01a1ng tr\u00ecnh l\u1eb7n bi\u1ec3n, t\u1eafm bi\u1ec3n t\u1ea1i \u0111\u1ea3o H\u00f2n Mun, cano s\u1ebd \u0111\u01b0a Qu\u00fd kh\u00e1ch \u0111\u1ebfn\u00a0<strong><a href=\"https:\/\/tourdaonhatrang.com\/en\/more-than-three-seaday-tours-in-the-package\/\">Hon Tam Island<\/a><\/strong>. T\u1ea1i \u0111\u00e2y khi v\u1eeba c\u1eadp b\u1ebfn, c\u00e2y c\u1ea7u g\u1ed7 huy\u1ec1n tho\u1ea1i xu\u1ea5t hi\u1ec7n v\u1edbi view \u0111\u1eb9p \u0111\u1ec9nh cao.<\/p>\n<p>Sau v\u00e0i ph\u00fat check in, Qu\u00fd kh\u00e1ch xu\u1ed1ng khu v\u1ef1c Locker. T\u1ea1i \u0111\u00e2y, m\u00ecnh s\u1ebd nh\u1eadn kh\u0103n t\u1eafm, \u0111\u1ed3 b\u01a1i, t\u1ee7 g\u1eedi \u0111\u1ed3 c\u00e1 nh\u00e2n,\u2026 Sau khi thay \u0111\u1ed3 xong \u0111i b\u1ed9 t\u1ea7m 3m l\u00e0 \u0111\u1ebfn khu v\u1ef1c ch\u00ednh c\u1ee7a t\u1eafm b\u00f9n h\u00f2n T\u1eb1m.<\/p>\n<p>T\u1ea1i \u0111\u00e2y, c\u00e1c b\u1ea1n h\u01b0\u1edbng d\u1eabn s\u1ebd gi\u1edbi thi\u1ec7u th\u00f4ng tin v\u00e0 h\u01b0\u1edbng d\u1eabn t\u1eebng b\u01b0\u1edbc \u0111\u1ec3 b\u1ea1n b\u1eaft \u0111\u1ea7u cho 3 gi\u1edd \u0111\u1ed3ng h\u1ed3 s\u1eafp t\u1edbi c\u1ee7a m\u00ecnh.<\/p>\n<p>Time\u00a0<strong><a href=\"https:\/\/tourdaonhatrang.com\/en\/tam-bun-hon-tam-nha-trang-tron-goi\/\" target=\"_blank\" rel=\"noopener noreferrer\">t\u1eafm b\u00f9n<\/a><\/strong>\u00a0v\u1edbi m\u1ed7i kh\u00e1ch t\u1eeb 20 \u0111\u1ebfn 30 ph\u00fat, \u0111\u1ee7 \u0111\u1ec3 cho b\u1ea1n c\u1ea3m th\u1ea5y th\u1ef1c s\u1ef1 th\u01b0 gi\u00e3n v\u00e0 c\u1ea3m th\u1ea5y t\u01b0\u01a1i m\u1edbi. K\u1ebft th\u00fac ho\u1ea1t \u0111\u1ed9ng ng\u00e2m b\u00f9n kho\u00e1ng, Qu\u00fd kh\u00e1ch tr\u1ea3i massage \u00f4n tuy\u1ec1n thu\u1ef7 li\u1ec7u ph\u00e1p th\u01b0 gi\u1ea3n c\u01a1 th\u1ec3.<\/p>\n<p>Sau khi th\u01b0 gi\u1ea3n c\u01a1 th\u1ec3 v\u1edbi\u00a0\u00f4n tuy\u1ec1n thu\u1ef7 li\u1ec7u ph\u00e1p\u00a0xong, di chuy\u1ec3n l\u00ean khu v\u1ef1c\u00a0t\u1eafm kho\u00e1ng.\u00a0H\u1ec7 th\u1ed1ng h\u1ed3 kho\u00e1ng n\u00f3ng\u00a0t\u1ea1i \u0111\u00e2y c\u00f9ng v\u1edbi \u0111\u00f3 l\u00e0 check in t\u1ea1i\u00a0th\u00e1c kho\u00e1ng tr\u00e0n\u00a0cao h\u01a1n 11m h\u01b0\u1edbng ra v\u1ecbnh Nha Trang v\u1edbi nh\u1eefng b\u1ee9c \u1ea3nh \u0111\u1ec3 \u0111\u1eddi.<\/p>\n<p><img loading=\"lazy\" decoding=\"async\" src=\"https:\/\/tourdaonhatrang.com\/wp-content\/uploads\/2021\/03\/tour-2-dao-nha-trang-09.jpeg\" alt=\"Nha Trang 2 Island Tour\" width=\"750\" height=\"500\" title=\"\"><\/p>\n<p><strong>12h00 \u2013 13h30<\/strong>: \u0102n tr\u01b0a t\u1ea1i nh\u00e0 h\u00e0ng H\u1ed3n Vi\u1ec7t<\/p>\n<p>T\u1eafm b\u00f9n, b\u01a1i l\u1ed9i \u0111\u00e3 th\u1eafm m\u1ec7t, \u0111\u00fang 12h10 Qu\u00fd kh\u00e1ch di chuy\u1ec3n \u0111\u1ebfn\u00a0nh\u00e0 h\u00e0ng H\u1ed3n Vi\u1ec7t ngh\u1ec9 ng\u01a1i, \u00a0th\u01b0\u1edfng th\u1ee9c b\u1eefa tr\u01b0a mang \u0111\u1eadm h\u01b0\u01a1ng v\u1ecb bi\u1ec3n.<\/p>\n<p><strong>13h30 &#8211; 15h30<\/strong>: T\u1eafm bi\u1ec3n, vui ch\u01a1i t\u1ea1i H\u00f2n T\u1eb1m Luxury, ch\u00e8o thuy\u1ec1n Kayak,&#8230;.<\/p>\n<p><strong>16:00:<\/strong> L\u00ean cano di chuy\u1ec3n c\u1ea3ng du l\u1ecbch, k\u1ebft th\u00fac tour 2 \u0111\u1ea3o Nha Trang<\/p>\n<p>Cano v\u00e0 h\u01b0\u1edbng d\u1eabn vi\u00ean \u0111\u01b0a qu\u00fd kh\u00e1ch v\u1ec1 \u0111\u1ea5t li\u1ec1n, k\u1ebft th\u00fac chuy\u1ebfn tour 2 \u0111\u1ea3o Nha Trang.<\/p>\n<h2><span class=\"ez-toc-section\" id=\"Kinh_nghiem_lan_bien_Nha_Trang\"><\/span><strong>Kinh nghi\u1ec7m l\u1eb7n bi\u1ec3n Nha Trang<\/strong><span class=\"ez-toc-section-end\"><\/span><\/h2>\n<h3><span class=\"ez-toc-section\" id=\"Tre_em_bao_nhieu_tuoi_thi_duoc_lan_bien\"><\/span><strong>Tr\u1ebb em bao nhi\u00eau tu\u1ed5i th\u00ec \u0111\u01b0\u1ee3c l\u1eb7n bi\u1ec3n<\/strong><span class=\"ez-toc-section-end\"><\/span><\/h3>\n<p>B\u00ecnh th\u01b0\u1eddng tr\u1ebb em t\u1eeb 7 tu\u1ed5i tr\u1edf l\u00ean l\u00e0 \u0111\u01b0\u1ee3c l\u1eb7n nh\u01b0ng th\u1ef1c th\u1ebf c\u00f2n ph\u1ee5 thu\u1ed9c v\u00e0o t\u1eebng tr\u1ebb. Th\u01b0\u1eddng th\u00ec s\u1ebd do th\u1ee3 l\u1eb7n s\u1ebd h\u01b0\u1edbng d\u1eabn ki\u1ec3m tra r\u1ed3i m\u1edbi quy\u1ebft \u0111\u1ecbnh cho b\u00e9 l\u1eb7n hay kh\u00f4ng.<\/p>\n<h3><span class=\"ez-toc-section\" id=\"Thoi_diem_thich_hop_de_di_lan_bien\"><\/span><strong>Th\u1eddi \u0111i\u1ec3m th\u00edch h\u1ee3p \u0111\u1ec3 \u0111i l\u1eb7n bi\u1ec3n<\/strong><span class=\"ez-toc-section-end\"><\/span><\/h3>\n<p>B\u1ea1n n\u00ean l\u1eb7n sau khi \u0103n kho\u1ea3ng 1 t\u1edbi 2 ti\u1ebfng v\u00ec n\u1ebfu ngay sau khi \u0103n s\u1ebd th\u01b0\u1eddng g\u00e2y c\u1ea3m gi\u00e1c bu\u1ed3n n\u00f4n. B\u00ean c\u1ea1nh \u0111\u00f3 b\u1ea1n ch\u1ec9 n\u00ean \u0111i l\u1eb7n bi\u1ec3n khi t\u00e2m l\u00fd b\u1ea1n \u0111ang v\u00f4 c\u00f9ng th\u1ecfa m\u00e1i, t\u00e2m l\u00fd b\u1ea5t \u1ed5n, lo s\u1ee3 kh\u00f4ng ph\u00f9 h\u1ee3p v\u1edbi l\u1eb7n bi\u1ec3n.<\/p>\n<h3><span class=\"ez-toc-section\" id=\"Nguoi_khong_biet_boi_co_lan_duoc_khong\"><\/span><strong>Ng\u01b0\u1eddi kh\u00f4ng bi\u1ebft b\u01a1i c\u00f3 l\u1eb7n \u0111\u01b0\u1ee3c kh\u00f4ng<\/strong><span class=\"ez-toc-section-end\"><\/span><\/h3>\n<p>Ng\u01b0\u1eddi kh\u00f4ng bi\u1ebft b\u01a1i v\u1eabn c\u00f3 th\u1ec3 l\u1eb7n \u0111\u01b0\u1ee3c, ch\u1ec9 c\u1ea7n b\u1ea1n quan s\u00e1t k\u0129 h\u01b0\u1edbng d\u1eabn c\u1ee7a hu\u1ea5n luy\u1ec7n vi\u00ean. \u0110\u1eb7c bi\u1ec7t c\u1ea7n ch\u00fa \u00fd, nh\u1edb trang b\u1ecb \u0111\u1ea7y \u0111\u1ee7 thi\u1ebft b\u1ecb l\u1eb7n c\u0169ng nh\u01b0 \u00e1o phao \u0111\u1ec3 \u0111\u1ea3m b\u1ea3o cho s\u1ef1 an to\u00e0n c\u1ee7a b\u1ea3n th\u00e2n.<\/p>\n<h2><span class=\"ez-toc-section\" id=\"Diem_khoi_hanh_tour_dao_Nha_Trang\"><\/span><strong>\u0110i\u1ec3m kh\u1edfi h\u00e0nh tour \u0111\u1ea3o Nha Trang<\/strong><span class=\"ez-toc-section-end\"><\/span><\/h2>\n<p>Tour kh\u1edfi h\u00e0nh t\u1ea1i <strong><a href=\"https:\/\/tourdaonhatrang.com\/en\/nha-trang-tourist-boat\/\" target=\"_blank\" rel=\"nofollow noopener\">Nha Trang tourist wharf<\/a><\/strong>.\u00a0\u0110\u1ecba ch\u1ec9 388 V\u00f5 Th\u1ecb S\u00e1u, Nha Trang. N\u1eb1m c\u00e1ch trung t\u00e2m kh\u00f4ng qu\u00e1 xa v\u00e0 vi\u1ec7c di chuy\u1ec3n \u0111\u1ebfn B\u1ebfn T\u00e0u c\u0169ng thu\u1eadn ti\u1ec7n. T\u1eeb trung t\u00e2m (Qu\u1ea3ng Tr\u01b0\u1eddng 2 th\u00e1ng 4) Nha Trang \u0111\u1ebfn b\u1ebfn t\u00e0u du l\u1ecbch Nha Trang l\u00e0 6,3 km.<\/p>\n<p>&gt;&gt;&gt; <strong><a href=\"https:\/\/tourdaonhatrang.com\/en\/hon-tam-vip-island-1-island-tour\/\">Tour 1 Vip Hon Tam Island<\/a><\/strong><\/p>","protected":false},"excerpt":{"rendered":"<h3><span style=\"color: #0000ff;\">Ng\u01b0\u1eddi l\u1edbn: 1,350,000\u0111 &#8211; Tr\u1ebb em: 1,200,000\u0111<\/span><\/h3>\n<p><strong>Children not diving: 750,000 VND<\/strong><\/p>\n<ul>\n<li>Private canoe (&gt; 5 people)<\/li>\n<li>Snorkeling Hon Mun<\/li>\n<li>1 snorkeling trip to see coral<\/li>\n<li>Hon Tam mineral mud bath<\/li>\n<li>Infinity pool, mineral bath<\/li>\n<li>Lunch buffet at Hon Viet restaurant<\/li>\n<li>Hotline: <a href=\"tel:0849256256\">0849 256 256<\/a><\/li>\n<\/ul>\n<div class=\"hJDwNd-AhqUyc-qWD73c purZT-AhqUyc-II5mzb pSzOP-AhqUyc-qWD73c JNdkSc\">\n<div class=\"JNdkSc-SmKAyb\">\n<div class=\"\">\n<div class=\"oKdM2c Kzv0Me\">\n<div class=\"hJDwNd-AhqUyc-qWD73c purZT-AhqUyc-II5mzb pSzOP-AhqUyc-qWD73c JNdkSc\">\n<div class=\"JNdkSc-SmKAyb\">\n<div class=\"\">\n<div class=\"oKdM2c Kzv0Me\">\n<div id=\"h.f128f2fe5256b73_1433\" class=\"hJDwNd-AhqUyc-qWD73c jXK9ad D2fZ2 OjCsFc wHaque GNzUNc\">\n<div class=\"jXK9ad-SmKAyb\">\n<div class=\"tyJCtd mGzaTb baZpAe\">\n<div class=\"row row-small mua-ngay-button\">\n<div class=\"cot1 medium-6 small-12 large-6\">\n<div class=\"col-inner\"><a class=\"button primary is-large lowercase expand\" style=\"border-radius: 3px;\" href=\"https:\/\/tourdaonhatrang.com\/en\/tour-2-dao-nha-trang-1-ngay\/\">See details<\/a><\/div>\n<\/div>\n<div class=\"cot2 medium-6 small-12 large-6\">\n<div class=\"col-inner\"><a class=\"button success is-large lowercase expand\" style=\"border-radius: 3px;\" href=\"https:\/\/tourdaonhatrang.com\/en\/#dat-ve\" target=\"_self\" rel=\"noopener\"><span style=\"vertical-align: inherit;\">\ud83d\uded2 Book tickets quickly<\/span><\/a><\/div>\n<\/div>\n<\/div>\n<\/div>\n<\/div>\n<\/div>\n<\/div>\n<\/div>\n<\/div>\n<\/div>\n<\/div>\n<\/div>\n<\/div>\n<\/div>","protected":false},"featured_media":34963,"comment_status":"open","ping_status":"closed","template":"","meta":[],"product_brand":[],"product_cat":[668,664,667],"product_tag":[691,730,173,53,692,702,716,717],"class_list":{"0":"post-17948","1":"product","2":"type-product","3":"status-publish","4":"has-post-thumbnail","6":"product_cat-tour-hon-mun-nha-trang","7":"product_cat-tour-hon-tam-mud-bath","8":"product_cat-tour-lan-bien-nha-trang","9":"product_tag-buffet-hon-tam","10":"product_tag-cang-du-lich-nha-trang","11":"product_tag-tour-2-dao-nha-trang","12":"product_tag-tour-dao-nha-trang","13":"product_tag-tour-hon-tam-nha-trang","14":"product_tag-tour-lan-bien-nha-trang","15":"product_tag-tour-lan-snorkeling-nha-trang","16":"product_tag-tour-tam-bun-hon-tam","18":"first","19":"instock","20":"shipping-taxable","21":"product-type-simple"},"_links":{"self":[{"href":"https:\/\/tourdaonhatrang.com\/en\/wp-json\/wp\/v2\/product\/17948","targetHints":{"allow":["GET"]}}],"collection":[{"href":"https:\/\/tourdaonhatrang.com\/en\/wp-json\/wp\/v2\/product"}],"about":[{"href":"https:\/\/tourdaonhatrang.com\/en\/wp-json\/wp\/v2\/types\/product"}],"replies":[{"embeddable":true,"href":"https:\/\/tourdaonhatrang.com\/en\/wp-json\/wp\/v2\/comments?post=17948"}],"wp:featuredmedia":[{"embeddable":true,"href":"https:\/\/tourdaonhatrang.com\/en\/wp-json\/wp\/v2\/media\/34963"}],"wp:attachment":[{"href":"https:\/\/tourdaonhatrang.com\/en\/wp-json\/wp\/v2\/media?parent=17948"}],"wp:term":[{"taxonomy":"product_brand","embeddable":true,"href":"https:\/\/tourdaonhatrang.com\/en\/wp-json\/wp\/v2\/product_brand?post=17948"},{"taxonomy":"product_cat","embeddable":true,"href":"https:\/\/tourdaonhatrang.com\/en\/wp-json\/wp\/v2\/product_cat?post=17948"},{"taxonomy":"product_tag","embeddable":true,"href":"https:\/\/tourdaonhatrang.com\/en\/wp-json\/wp\/v2\/product_tag?post=17948"}],"curies":[{"name":"wp","href":"https:\/\/api.w.org\/{rel}","templated":true}]}}