{"id":19511,"date":"2020-11-04T16:21:40","date_gmt":"2020-11-04T09:21:40","guid":{"rendered":"https:\/\/tourdao.com.vn\/?post_type=product&#038;p=19511"},"modified":"2025-12-08T11:07:13","modified_gmt":"2025-12-08T04:07:13","slug":"thue-xe-city-tour-nha-trang-4-tieng","status":"publish","type":"product","link":"https:\/\/tourdaonhatrang.com\/en\/thue-xe-city-tour-nha-trang-4-tieng\/","title":{"rendered":"Nha Trang city tour car rental (4 hours)"},"content":{"rendered":"<div id=\"ez-toc-container\" class=\"ez-toc-v2_0_82_2 counter-hierarchy ez-toc-counter ez-toc-grey ez-toc-container-direction\">\n<div class=\"ez-toc-title-container\">\n<p class=\"ez-toc-title\" style=\"cursor:inherit\">Content<\/p>\n<span class=\"ez-toc-title-toggle\"><a href=\"#\" class=\"ez-toc-pull-right ez-toc-btn ez-toc-btn-xs ez-toc-btn-default ez-toc-toggle\" aria-label=\"Toggle Table of Content\"><span class=\"ez-toc-js-icon-con\"><span class=\"\"><span class=\"eztoc-hide\" style=\"display:none;\">Toggle<\/span><span class=\"ez-toc-icon-toggle-span\"><svg style=\"fill: #999;color:#999\" xmlns=\"http:\/\/www.w3.org\/2000\/svg\" class=\"list-377408\" width=\"20px\" height=\"20px\" viewbox=\"0 0 24 24\" fill=\"none\"><path d=\"M6 6H4v2h2V6zm14 0H8v2h12V6zM4 11h2v2H4v-2zm16 0H8v2h12v-2zM4 16h2v2H4v-2zm16 0H8v2h12v-2z\" fill=\"currentColor\"><\/path><\/svg><svg style=\"fill: #999;color:#999\" class=\"arrow-unsorted-368013\" xmlns=\"http:\/\/www.w3.org\/2000\/svg\" width=\"10px\" height=\"10px\" viewbox=\"0 0 24 24\" version=\"1.2\" baseprofile=\"tiny\"><path d=\"M18.2 9.3l-6.2-6.3-6.2 6.3c-.2.2-.3.4-.3.7s.1.5.3.7c.2.2.4.3.7.3h11c.3 0 .5-.1.7-.3.2-.2.3-.5.3-.7s-.1-.5-.3-.7zM5.8 14.7l6.2 6.3 6.2-6.3c.2-.2.3-.5.3-.7s-.1-.5-.3-.7c-.2-.2-.4-.3-.7-.3h-11c-.3 0-.5.1-.7.3-.2.2-.3.5-.3.7s.1.5.3.7z\"\/><\/svg><\/span><\/span><\/span><\/a><\/span><\/div>\n<nav><ul class='ez-toc-list ez-toc-list-level-1' ><li class='ez-toc-page-1 ez-toc-heading-level-2'><a class=\"ez-toc-link ez-toc-heading-1\" href=\"https:\/\/tourdaonhatrang.com\/en\/thue-xe-city-tour-nha-trang-4-tieng\/#Thue_Xe_City_Tour_Nha_Trang_4_tieng_%E2%80%93_Kham_Pha_Thanh_Pho_Bien_Tho_Mong\" >Thu\u00ea Xe City Tour Nha Trang (4 ti\u1ebfng) \u2013 Kh\u00e1m Ph\u00e1 Th\u00e0nh Ph\u1ed1 Bi\u1ec3n Th\u01a1 M\u1ed9ng<\/a><ul class='ez-toc-list-level-3' ><li class='ez-toc-heading-level-3'><a class=\"ez-toc-link ez-toc-heading-2\" href=\"https:\/\/tourdaonhatrang.com\/en\/thue-xe-city-tour-nha-trang-4-tieng\/#Lich_Trinh_City_Tour_Nha_Trang_4_Gio\" >L\u1ecbch Tr\u00ecnh City Tour Nha Trang 4 Gi\u1edd<\/a><\/li><li class='ez-toc-page-1 ez-toc-heading-level-3'><a class=\"ez-toc-link ez-toc-heading-3\" href=\"https:\/\/tourdaonhatrang.com\/en\/thue-xe-city-tour-nha-trang-4-tieng\/#Dich_Vu_Thue_Xe_City_Tour_Nha_Trang\" >D\u1ecbch V\u1ee5 Thu\u00ea Xe City Tour Nha Trang<\/a><\/li><li class='ez-toc-page-1 ez-toc-heading-level-3'><a class=\"ez-toc-link ez-toc-heading-4\" href=\"https:\/\/tourdaonhatrang.com\/en\/thue-xe-city-tour-nha-trang-4-tieng\/#Tai_Sao_Nen_Chon_Thue_Xe_City_Tour_Nha_Trang_Tai_Tourdaovn\" >T\u1ea1i Sao N\u00ean Ch\u1ecdn Thu\u00ea Xe City Tour Nha Trang T\u1ea1i Tourdao.vn?<\/a><\/li><li class='ez-toc-page-1 ez-toc-heading-level-3'><a class=\"ez-toc-link ez-toc-heading-5\" href=\"https:\/\/tourdaonhatrang.com\/en\/thue-xe-city-tour-nha-trang-4-tieng\/#Lien_He_Dat_Xe_City_Tour_Nha_Trang_Ngay_Hom_Nay\" >Li\u00ean H\u1ec7 \u0110\u1eb7t Xe City Tour Nha Trang Ngay H\u00f4m Nay<\/a><\/li><\/ul><\/li><\/ul><\/nav><\/div>\n<h2 data-start=\"146\" data-end=\"221\"><span class=\"ez-toc-section\" id=\"Thue_Xe_City_Tour_Nha_Trang_4_tieng_%E2%80%93_Kham_Pha_Thanh_Pho_Bien_Tho_Mong\"><\/span>Thu\u00ea Xe City Tour Nha Trang (4 ti\u1ebfng) \u2013 Kh\u00e1m Ph\u00e1 Th\u00e0nh Ph\u1ed1 Bi\u1ec3n Th\u01a1 M\u1ed9ng<span class=\"ez-toc-section-end\"><\/span><\/h2>\n<p data-start=\"223\" data-end=\"561\">B\u1ea1n \u0111ang t\u00ecm m\u1ed9t d\u1ecbch v\u1ee5 thu\u00ea xe city tour Nha Trang ti\u1ec7n l\u1ee3i, an to\u00e0n v\u00e0 tr\u1ecdn g\u00f3i \u0111\u1ec3 kh\u00e1m ph\u00e1 nh\u1eefng \u0111i\u1ec3m \u0111\u1ebfn n\u1ed5i ti\u1ebfng trong th\u00e0nh ph\u1ed1 bi\u1ec3n ch\u1ec9 trong 4 ti\u1ebfng? Tourdao.vn mang \u0111\u1ebfn gi\u1ea3i ph\u00e1p ho\u00e0n h\u1ea3o v\u1edbi d\u1ecbch v\u1ee5 thu\u00ea xe ri\u00eang, t\u00e0i x\u1ebf chuy\u00ean nghi\u1ec7p v\u00e0 l\u1ecbch tr\u00ecnh linh ho\u1ea1t, gi\u00fap b\u1ea1n tr\u1ea3i nghi\u1ec7m Nha Trang m\u1ed9t c\u00e1ch tr\u1ecdn v\u1eb9n nh\u1ea5t.<\/p>\n<h3 data-start=\"563\" data-end=\"603\"><span class=\"ez-toc-section\" id=\"Lich_Trinh_City_Tour_Nha_Trang_4_Gio\"><\/span>L\u1ecbch Tr\u00ecnh City Tour Nha Trang 4 Gi\u1edd<span class=\"ez-toc-section-end\"><\/span><\/h3>\n<p data-start=\"605\" data-end=\"715\">Ch\u1ec9 trong 4 ti\u1ebfng ng\u1eafn ng\u1ee7i, b\u1ea1n s\u1ebd \u0111\u01b0\u1ee3c tham quan nh\u1eefng \u0111\u1ecba \u0111i\u1ec3m n\u1ed5i b\u1eadt v\u00e0 kh\u00f4ng th\u1ec3 b\u1ecf qua c\u1ee7a Nha Trang:<\/p>\n<ul data-start=\"717\" data-end=\"1123\">\n<li data-start=\"717\" data-end=\"818\">\n<p data-start=\"719\" data-end=\"818\">Ch\u00f9a Long S\u01a1n: Ng\u00f4i ch\u00f9a n\u1ed5i ti\u1ebfng v\u1edbi t\u01b0\u1ee3ng Ph\u1eadt tr\u1eafng kh\u1ed5ng l\u1ed3 nh\u00ecn ra to\u00e0n c\u1ea3nh th\u00e0nh ph\u1ed1.<\/p>\n<\/li>\n<li data-start=\"819\" data-end=\"917\">\n<p data-start=\"821\" data-end=\"917\">Th\u00e1p B\u00e0 Ponagar: Di t\u00edch v\u0103n h\u00f3a Champa c\u1ed5 k\u00ednh, bi\u1ec3u t\u01b0\u1ee3ng v\u0103n h\u00f3a \u0111\u1eb7c s\u1eafc c\u1ee7a Nha Trang.<\/p>\n<\/li>\n<li data-start=\"918\" data-end=\"1033\">\n<p data-start=\"920\" data-end=\"1033\">C\u1ea7u Tr\u1ea7n Ph\u00fa \u2013 B\u00e3i bi\u1ec3n Nha Trang: D\u1ea1o quanh con \u0111\u01b0\u1eddng ven bi\u1ec3n, t\u1eadn h\u01b0\u1edfng l\u00e0n gi\u00f3 m\u00e1t v\u00e0 c\u1ea3nh \u0111\u1eb9p m\u00ea ho\u1eb7c.<\/p>\n<\/li>\n<li data-start=\"1034\" data-end=\"1123\">\n<p data-start=\"1036\" data-end=\"1123\">Ch\u1ee3 \u0110\u1ea7m: Tr\u1ea3i nghi\u1ec7m mua s\u1eafm \u0111\u1eb7c s\u1ea3n \u0111\u1ecba ph\u01b0\u01a1ng v\u00e0 th\u01b0\u1edfng th\u1ee9c \u1ea9m th\u1ef1c Nha Trang.<\/p>\n<\/li>\n<\/ul>\n<p data-start=\"1125\" data-end=\"1266\">L\u1ecbch tr\u00ecnh c\u00f3 th\u1ec3 t\u00f9y ch\u1ec9nh theo nhu c\u1ea7u kh\u00e1ch h\u00e0ng, ph\u00f9 h\u1ee3p v\u1edbi gia \u0111\u00ecnh, nh\u00f3m b\u1ea1n ho\u1eb7c kh\u00e1ch \u0111i c\u00f4ng t\u00e1c mu\u1ed1n kh\u00e1m ph\u00e1 nhanh th\u00e0nh ph\u1ed1.<\/p>\n<h3 data-start=\"1268\" data-end=\"1307\"><span class=\"ez-toc-section\" id=\"Dich_Vu_Thue_Xe_City_Tour_Nha_Trang\"><\/span>D\u1ecbch V\u1ee5 Thu\u00ea Xe City Tour Nha Trang<span class=\"ez-toc-section-end\"><\/span><\/h3>\n<ul data-start=\"1309\" data-end=\"1750\">\n<li data-start=\"1309\" data-end=\"1394\">\n<p data-start=\"1311\" data-end=\"1394\">Xe \u0111\u1eddi m\u1edbi, \u0111a d\u1ea1ng: T\u1eeb xe 4 \u2013 16 ch\u1ed7, \u0111\u00e1p \u1ee9ng nhu c\u1ea7u c\u00e1 nh\u00e2n ho\u1eb7c nh\u00f3m l\u1edbn.<\/p>\n<\/li>\n<li data-start=\"1395\" data-end=\"1522\">\n<p data-start=\"1397\" data-end=\"1522\">T\u00e0i x\u1ebf chuy\u00ean nghi\u1ec7p, nhi\u1ec7t t\u00ecnh: H\u01b0\u1edbng d\u1eabn \u0111\u1ecba ph\u01b0\u01a1ng, am hi\u1ec3u c\u00e1c tuy\u1ebfn ph\u1ed1, \u0111\u1ea3m b\u1ea3o chuy\u1ebfn \u0111i an to\u00e0n v\u00e0 thu\u1eadn ti\u1ec7n.<\/p>\n<\/li>\n<li data-start=\"1523\" data-end=\"1637\">\n<p data-start=\"1525\" data-end=\"1637\">\u0110\u1eb7t xe nhanh ch\u00f3ng, linh ho\u1ea1t: Ch\u1ec9 c\u1ea7n g\u1ecdi \u0111i\u1ec7n ho\u1eb7c \u0111\u1eb7t tr\u1ef1c tuy\u1ebfn, ch\u00fang t\u00f4i s\u1ebd s\u1eafp x\u1ebfp ngay trong ng\u00e0y.<\/p>\n<\/li>\n<li data-start=\"1638\" data-end=\"1750\">\n<p data-start=\"1640\" data-end=\"1750\">Chi ph\u00ed h\u1ee3p l\u00fd, tr\u1ecdn g\u00f3i: Gi\u00e1 thu\u00ea xe \u0111\u00e3 bao g\u1ed3m x\u0103ng, ph\u00ed c\u1ea7u \u0111\u01b0\u1eddng v\u00e0 t\u00e0i x\u1ebf, kh\u00f4ng ph\u00e1t sinh chi ph\u00ed.<\/p>\n<\/li>\n<\/ul>\n<h3 data-start=\"1752\" data-end=\"1816\"><span class=\"ez-toc-section\" id=\"Tai_Sao_Nen_Chon_Thue_Xe_City_Tour_Nha_Trang_Tai_Tourdaovn\"><\/span>T\u1ea1i Sao N\u00ean Ch\u1ecdn Thu\u00ea Xe City Tour Nha Trang T\u1ea1i Tourdao.vn?<span class=\"ez-toc-section-end\"><\/span><\/h3>\n<ol data-start=\"1818\" data-end=\"2189\">\n<li data-start=\"1818\" data-end=\"1920\">\n<p data-start=\"1821\" data-end=\"1920\">Linh ho\u1ea1t v\u00e0 ti\u1ec7n l\u1ee3i: L\u1ecbch tr\u00ecnh ho\u00e0n to\u00e0n do b\u1ea1n quy\u1ebft \u0111\u1ecbnh, kh\u00f4ng g\u00f2 b\u00f3 theo tour c\u1ed1 \u0111\u1ecbnh.<\/p>\n<\/li>\n<li data-start=\"1921\" data-end=\"2004\">\n<p data-start=\"1924\" data-end=\"2004\">Ti\u1ebft ki\u1ec7m th\u1eddi gian: 4 ti\u1ebfng kh\u00e1m ph\u00e1 c\u00e1c \u0111i\u1ec3m n\u1ed5i b\u1eadt nh\u1ea5t c\u1ee7a Nha Trang.<\/p>\n<\/li>\n<li data-start=\"2005\" data-end=\"2098\">\n<p data-start=\"2008\" data-end=\"2098\">Tho\u1ea3i m\u00e1i v\u00e0 ri\u00eang t\u01b0: Xe ri\u00eang, kh\u00f4ng chung \u0111o\u00e0n, ph\u00f9 h\u1ee3p cho gia \u0111\u00ecnh v\u00e0 nh\u00f3m b\u1ea1n.<\/p>\n<\/li>\n<li data-start=\"2099\" data-end=\"2189\">\n<p data-start=\"2102\" data-end=\"2189\">D\u1ecbch v\u1ee5 chuy\u00ean nghi\u1ec7p: \u0110\u1ed9i ng\u0169 nh\u00e2n vi\u00ean t\u01b0 v\u1ea5n nhi\u1ec7t t\u00ecnh, s\u1eb5n s\u00e0ng h\u1ed7 tr\u1ee3 24\/7.<\/p>\n<\/li>\n<\/ol>\n<h3 data-start=\"2191\" data-end=\"2242\"><span class=\"ez-toc-section\" id=\"Lien_He_Dat_Xe_City_Tour_Nha_Trang_Ngay_Hom_Nay\"><\/span>Li\u00ean H\u1ec7 \u0110\u1eb7t Xe City Tour Nha Trang Ngay H\u00f4m Nay<span class=\"ez-toc-section-end\"><\/span><\/h3>\n<p data-start=\"2244\" data-end=\"2483\">Tr\u1ea3i nghi\u1ec7m thu\u00ea xe city tour Nha Trang 4 ti\u1ebfng l\u00e0 c\u00e1ch nhanh nh\u1ea5t \u0111\u1ec3 kh\u00e1m ph\u00e1 th\u00e0nh ph\u1ed1 bi\u1ec3n xinh \u0111\u1eb9p, k\u1ebft h\u1ee3p th\u01b0 gi\u00e3n v\u00e0 tr\u1ea3i nghi\u1ec7m v\u0103n h\u00f3a. \u0110\u1eb7t xe ngay t\u1ea1i Tourdao.vn \u0111\u1ec3 \u0111\u01b0\u1ee3c t\u01b0 v\u1ea5n l\u1ecbch tr\u00ecnh ph\u00f9 h\u1ee3p v\u00e0 nh\u1eadn m\u1ee9c gi\u00e1 \u01b0u \u0111\u00e3i.<\/p>","protected":false},"excerpt":{"rendered":"<h3 class=\"product-title product_title entry-title\"><span style=\"color: #0000ff; font-size: 100%;\">City tour car rental Nha Trang (<\/span><span style=\"color: #0000ff; font-size: 100%;\">4 hours)<\/span><\/h3>\n<ul>\n<li>5-seat car: 500,000 VND<\/li>\n<li>7-seat car: 600,000 VND<\/li>\n<li>16-seat car: 800,000 VND<\/li>\n<li>29-seat car: 1,200,000 VND<\/li>\n<li>45-seat car: 1,800,000 VND<\/li>\n<li><span style=\"color: #0000ff;\">Payment promotion 5%<\/span><\/li>\n<\/ul>\n<div class=\"hJDwNd-AhqUyc-qWD73c purZT-AhqUyc-II5mzb pSzOP-AhqUyc-qWD73c JNdkSc\">\n<div class=\"JNdkSc-SmKAyb\">\n<div class=\"\">\n<div class=\"oKdM2c Kzv0Me\">\n<div class=\"hJDwNd-AhqUyc-qWD73c purZT-AhqUyc-II5mzb pSzOP-AhqUyc-qWD73c JNdkSc\">\n<div class=\"JNdkSc-SmKAyb\">\n<div class=\"\">\n<div class=\"oKdM2c Kzv0Me\">\n<div id=\"h.f128f2fe5256b73_1433\" class=\"hJDwNd-AhqUyc-qWD73c jXK9ad D2fZ2 OjCsFc wHaque GNzUNc\">\n<div class=\"jXK9ad-SmKAyb\">\n<div class=\"tyJCtd mGzaTb baZpAe\">\n<div class=\"row row-small mua-ngay-button\">\n<div class=\"cot1 medium-6 small-12 large-6\">\n<div class=\"col-inner\"><a class=\"button primary is-large lowercase expand\" style=\"border-radius: 3px;\" href=\"tel:0849256256\">\ud83d\udcde Contact<br \/>\n<\/a><\/div>\n<\/div>\n<div class=\"cot2 medium-6 small-12 large-6\">\n<div class=\"col-inner\"><a class=\"button success is-large lowercase expand\" style=\"border-radius: 3px;\" href=\"https:\/\/tourdaonhatrang.com\/en\/car-rental-nha-trang\/\" target=\"_self\" rel=\"noopener\"><span style=\"vertical-align: inherit;\">\ud83d\uded2 Book tickets quickly<\/span><\/a><\/div>\n<\/div>\n<\/div>\n<\/div>\n<\/div>\n<\/div>\n<\/div>\n<\/div>\n<\/div>\n<\/div>\n<\/div>\n<\/div>\n<\/div>\n<\/div>","protected":false},"featured_media":26900,"comment_status":"open","ping_status":"closed","template":"","meta":[],"product_brand":[],"product_cat":[645],"product_tag":[],"class_list":{"0":"post-19511","1":"product","2":"type-product","3":"status-publish","4":"has-post-thumbnail","6":"product_cat-thue-xe-du-lich","8":"first","9":"instock","10":"shipping-taxable","11":"product-type-simple"},"_links":{"self":[{"href":"https:\/\/tourdaonhatrang.com\/en\/wp-json\/wp\/v2\/product\/19511","targetHints":{"allow":["GET"]}}],"collection":[{"href":"https:\/\/tourdaonhatrang.com\/en\/wp-json\/wp\/v2\/product"}],"about":[{"href":"https:\/\/tourdaonhatrang.com\/en\/wp-json\/wp\/v2\/types\/product"}],"replies":[{"embeddable":true,"href":"https:\/\/tourdaonhatrang.com\/en\/wp-json\/wp\/v2\/comments?post=19511"}],"wp:featuredmedia":[{"embeddable":true,"href":"https:\/\/tourdaonhatrang.com\/en\/wp-json\/wp\/v2\/media\/26900"}],"wp:attachment":[{"href":"https:\/\/tourdaonhatrang.com\/en\/wp-json\/wp\/v2\/media?parent=19511"}],"wp:term":[{"taxonomy":"product_brand","embeddable":true,"href":"https:\/\/tourdaonhatrang.com\/en\/wp-json\/wp\/v2\/product_brand?post=19511"},{"taxonomy":"product_cat","embeddable":true,"href":"https:\/\/tourdaonhatrang.com\/en\/wp-json\/wp\/v2\/product_cat?post=19511"},{"taxonomy":"product_tag","embeddable":true,"href":"https:\/\/tourdaonhatrang.com\/en\/wp-json\/wp\/v2\/product_tag?post=19511"}],"curies":[{"name":"wp","href":"https:\/\/api.w.org\/{rel}","templated":true}]}}