{"id":19518,"date":"2020-11-04T01:34:48","date_gmt":"2020-11-03T18:34:48","guid":{"rendered":"https:\/\/tourdao.com.vn\/?post_type=product&#038;p=19518"},"modified":"2025-12-08T11:07:43","modified_gmt":"2025-12-08T04:07:43","slug":"thue-xe-city-tour-nha-trang-8-tieng","status":"publish","type":"product","link":"https:\/\/tourdaonhatrang.com\/en\/thue-xe-city-tour-nha-trang-8-tieng\/","title":{"rendered":"Nha Trang city tour car rental (8 hours)"},"content":{"rendered":"<div id=\"ez-toc-container\" class=\"ez-toc-v2_0_82_2 counter-hierarchy ez-toc-counter ez-toc-grey ez-toc-container-direction\">\n<div class=\"ez-toc-title-container\">\n<p class=\"ez-toc-title\" style=\"cursor:inherit\">Content<\/p>\n<span class=\"ez-toc-title-toggle\"><a href=\"#\" class=\"ez-toc-pull-right ez-toc-btn ez-toc-btn-xs ez-toc-btn-default ez-toc-toggle\" aria-label=\"Toggle Table of Content\"><span class=\"ez-toc-js-icon-con\"><span class=\"\"><span class=\"eztoc-hide\" style=\"display:none;\">Toggle<\/span><span class=\"ez-toc-icon-toggle-span\"><svg style=\"fill: #999;color:#999\" xmlns=\"http:\/\/www.w3.org\/2000\/svg\" class=\"list-377408\" width=\"20px\" height=\"20px\" viewbox=\"0 0 24 24\" fill=\"none\"><path d=\"M6 6H4v2h2V6zm14 0H8v2h12V6zM4 11h2v2H4v-2zm16 0H8v2h12v-2zM4 16h2v2H4v-2zm16 0H8v2h12v-2z\" fill=\"currentColor\"><\/path><\/svg><svg style=\"fill: #999;color:#999\" class=\"arrow-unsorted-368013\" xmlns=\"http:\/\/www.w3.org\/2000\/svg\" width=\"10px\" height=\"10px\" viewbox=\"0 0 24 24\" version=\"1.2\" baseprofile=\"tiny\"><path d=\"M18.2 9.3l-6.2-6.3-6.2 6.3c-.2.2-.3.4-.3.7s.1.5.3.7c.2.2.4.3.7.3h11c.3 0 .5-.1.7-.3.2-.2.3-.5.3-.7s-.1-.5-.3-.7zM5.8 14.7l6.2 6.3 6.2-6.3c.2-.2.3-.5.3-.7s-.1-.5-.3-.7c-.2-.2-.4-.3-.7-.3h-11c-.3 0-.5.1-.7.3-.2.2-.3.5-.3.7s.1.5.3.7z\"\/><\/svg><\/span><\/span><\/span><\/a><\/span><\/div>\n<nav><ul class='ez-toc-list ez-toc-list-level-1' ><li class='ez-toc-page-1 ez-toc-heading-level-1'><a class=\"ez-toc-link ez-toc-heading-1\" href=\"https:\/\/tourdaonhatrang.com\/en\/thue-xe-city-tour-nha-trang-8-tieng\/#Thue_Xe_City_Tour_Nha_Trang_8_Tieng_%E2%80%93_Tron_Ngay_Kham_Pha_Thanh_Pho\" >Thu\u00ea Xe City Tour Nha Trang 8 Ti\u1ebfng \u2013 Tr\u1ecdn Ng\u00e0y Kh\u00e1m Ph\u00e1 Th\u00e0nh Ph\u1ed1<\/a><ul class='ez-toc-list-level-2' ><li class='ez-toc-heading-level-2'><a class=\"ez-toc-link ez-toc-heading-2\" href=\"https:\/\/tourdaonhatrang.com\/en\/thue-xe-city-tour-nha-trang-8-tieng\/#Dich_Vu_Thue_Xe_City_Tour_Nha_Trang_8_Tieng_Bao_Gom\" >D\u1ecbch V\u1ee5 Thu\u00ea Xe City Tour Nha Trang 8 Ti\u1ebfng Bao G\u1ed3m<\/a><\/li><li class='ez-toc-page-1 ez-toc-heading-level-2'><a class=\"ez-toc-link ez-toc-heading-3\" href=\"https:\/\/tourdaonhatrang.com\/en\/thue-xe-city-tour-nha-trang-8-tieng\/#Gia_Thue_Xe_City_Tour_Nha_Trang_8_Tieng_Tham_Khao\" >Gi\u00e1 Thu\u00ea Xe City Tour Nha Trang 8 Ti\u1ebfng Tham Kh\u1ea3o<\/a><\/li><li class='ez-toc-page-1 ez-toc-heading-level-2'><a class=\"ez-toc-link ez-toc-heading-4\" href=\"https:\/\/tourdaonhatrang.com\/en\/thue-xe-city-tour-nha-trang-8-tieng\/#Hanh_Trinh_Goi_Y_Khi_Thue_Xe_City_Tour_Nha_Trang_8_Tieng\" >H\u00e0nh Tr\u00ecnh G\u1ee3i \u00dd Khi Thu\u00ea Xe City Tour Nha Trang 8 Ti\u1ebfng<\/a><\/li><li class='ez-toc-page-1 ez-toc-heading-level-2'><a class=\"ez-toc-link ez-toc-heading-5\" href=\"https:\/\/tourdaonhatrang.com\/en\/thue-xe-city-tour-nha-trang-8-tieng\/#Tai_Sao_Nen_Thue_Xe_City_Tour_Nha_Trang_8_Tieng_Cua_Chung_Toi\" >T\u1ea1i Sao N\u00ean Thu\u00ea Xe City Tour Nha Trang 8 Ti\u1ebfng C\u1ee7a Ch\u00fang T\u00f4i?<\/a><\/li><li class='ez-toc-page-1 ez-toc-heading-level-2'><a class=\"ez-toc-link ez-toc-heading-6\" href=\"https:\/\/tourdaonhatrang.com\/en\/thue-xe-city-tour-nha-trang-8-tieng\/#Luu_Y_Khi_Thue_Xe_City_Tour_Nha_Trang_8_Tieng\" >L\u01b0u \u00dd Khi Thu\u00ea Xe City Tour Nha Trang 8 Ti\u1ebfng<\/a><ul class='ez-toc-list-level-3' ><li class='ez-toc-heading-level-3'><a class=\"ez-toc-link ez-toc-heading-7\" href=\"https:\/\/tourdaonhatrang.com\/en\/thue-xe-city-tour-nha-trang-8-tieng\/#Ket_Luan\" >K\u1ebft Lu\u1eadn<\/a><\/li><\/ul><\/li><\/ul><\/li><\/ul><\/nav><\/div>\n<h1 data-start=\"235\" data-end=\"305\"><span class=\"ez-toc-section\" id=\"Thue_Xe_City_Tour_Nha_Trang_8_Tieng_%E2%80%93_Tron_Ngay_Kham_Pha_Thanh_Pho\"><\/span>Thu\u00ea Xe City Tour Nha Trang 8 Ti\u1ebfng \u2013 Tr\u1ecdn Ng\u00e0y Kh\u00e1m Ph\u00e1 Th\u00e0nh Ph\u1ed1<span class=\"ez-toc-section-end\"><\/span><\/h1>\n<p data-start=\"307\" data-end=\"639\">B\u1ea1n \u0111ang t\u00ecm d\u1ecbch v\u1ee5 thu\u00ea xe city tour Nha Trang 8 ti\u1ebfng \u0111\u1ec3 kh\u00e1m ph\u00e1 tr\u1ecdn v\u1eb9n th\u00e0nh ph\u1ed1 bi\u1ec3n xinh \u0111\u1eb9p? H\u00e3y \u0111\u1ec3 ch\u00fang t\u00f4i \u0111\u1ed3ng h\u00e0nh c\u00f9ng b\u1ea1n! V\u1edbi \u0111\u1ed9i ng\u0169 t\u00e0i x\u1ebf chuy\u00ean nghi\u1ec7p, xe \u0111\u1eddi m\u1edbi \u0111a d\u1ea1ng t\u1eeb 5 ch\u1ed7 \u0111\u1ebfn 45 ch\u1ed7, b\u1ea1n ho\u00e0n to\u00e0n ch\u1ee7 \u0111\u1ed9ng h\u00e0nh tr\u00ecnh trong 8 ti\u1ebfng, tham quan m\u1ecdi \u0111i\u1ec3m n\u1ed5i b\u1eadt c\u1ee7a Nha Trang m\u00e0 kh\u00f4ng lo l\u1ea1c \u0111\u01b0\u1eddng.<\/p>\n<h2 data-start=\"641\" data-end=\"697\"><span class=\"ez-toc-section\" id=\"Dich_Vu_Thue_Xe_City_Tour_Nha_Trang_8_Tieng_Bao_Gom\"><\/span>D\u1ecbch V\u1ee5 Thu\u00ea Xe City Tour Nha Trang 8 Ti\u1ebfng Bao G\u1ed3m<span class=\"ez-toc-section-end\"><\/span><\/h2>\n<ul data-start=\"698\" data-end=\"977\">\n<li data-start=\"698\" data-end=\"740\">\n<p data-start=\"700\" data-end=\"740\">Xe \u0111\u1eddi m\u1edbi, s\u1ea1ch s\u1ebd, \u0111\u1ea7y \u0111\u1ee7 ti\u1ec7n nghi.<\/p>\n<\/li>\n<li data-start=\"741\" data-end=\"809\">\n<p data-start=\"743\" data-end=\"809\">H\u00e0nh tr\u00ecnh linh ho\u1ea1t theo nhu c\u1ea7u kh\u00e1ch h\u00e0ng trong v\u00f2ng 8 ti\u1ebfng.<\/p>\n<\/li>\n<li data-start=\"810\" data-end=\"868\">\n<p data-start=\"812\" data-end=\"868\">Lo\u1ea1i xe \u0111a d\u1ea1ng: 5 ch\u1ed7, 7 ch\u1ed7, 16 ch\u1ed7, 29 ch\u1ed7, 45 ch\u1ed7.<\/p>\n<\/li>\n<li data-start=\"869\" data-end=\"928\">\n<p data-start=\"871\" data-end=\"928\">T\u00e0i x\u1ebf am hi\u1ec3u \u0111\u1ecba ph\u01b0\u01a1ng, th\u00e2n thi\u1ec7n, h\u1ed7 tr\u1ee3 t\u1eadn t\u00ecnh.<\/p>\n<\/li>\n<li data-start=\"929\" data-end=\"977\">\n<p data-start=\"931\" data-end=\"977\">Thanh to\u00e1n d\u1ec5 d\u00e0ng, c\u00f3 \u01b0u \u0111\u00e3i khi \u0111\u1eb7t tr\u01b0\u1edbc.<\/p>\n<\/li>\n<\/ul>\n<h2 data-start=\"979\" data-end=\"1033\"><span class=\"ez-toc-section\" id=\"Gia_Thue_Xe_City_Tour_Nha_Trang_8_Tieng_Tham_Khao\"><\/span>Gi\u00e1 Thu\u00ea Xe City Tour Nha Trang 8 Ti\u1ebfng Tham Kh\u1ea3o<span class=\"ez-toc-section-end\"><\/span><\/h2>\n<div>\n<div tabindex=\"-1\">\n<table data-start=\"1034\" data-end=\"1224\">\n<thead data-start=\"1034\" data-end=\"1059\">\n<tr data-start=\"1034\" data-end=\"1059\">\n<th data-start=\"1034\" data-end=\"1044\" data-col-size=\"sm\">Vehicle type<\/th>\n<th data-start=\"1044\" data-end=\"1059\" data-col-size=\"sm\">Gi\u00e1\/8 ti\u1ebfng<\/th>\n<\/tr>\n<\/thead>\n<tbody data-start=\"1085\" data-end=\"1224\">\n<tr data-start=\"1085\" data-end=\"1111\">\n<td data-start=\"1085\" data-end=\"1096\" data-col-size=\"sm\">Xe 5 ch\u1ed7<\/td>\n<td data-col-size=\"sm\" data-start=\"1096\" data-end=\"1111\">1.000.000\u202f\u0111<\/td>\n<\/tr>\n<tr data-start=\"1112\" data-end=\"1138\">\n<td data-start=\"1112\" data-end=\"1123\" data-col-size=\"sm\">7-seater car<\/td>\n<td data-col-size=\"sm\" data-start=\"1123\" data-end=\"1138\">1.200.000\u202f\u0111<\/td>\n<\/tr>\n<tr data-start=\"1139\" data-end=\"1166\">\n<td data-start=\"1139\" data-end=\"1151\" data-col-size=\"sm\">16-seat vehicle<\/td>\n<td data-col-size=\"sm\" data-start=\"1151\" data-end=\"1166\">1.600.000\u202f\u0111<\/td>\n<\/tr>\n<tr data-start=\"1167\" data-end=\"1194\">\n<td data-start=\"1167\" data-end=\"1179\" data-col-size=\"sm\">29-seat vehicle<\/td>\n<td data-col-size=\"sm\" data-start=\"1179\" data-end=\"1194\">2.800.000\u202f\u0111<\/td>\n<\/tr>\n<tr data-start=\"1195\" data-end=\"1224\">\n<td data-start=\"1195\" data-end=\"1207\" data-col-size=\"sm\">45-seat vehicle<\/td>\n<td data-col-size=\"sm\" data-start=\"1207\" data-end=\"1224\">4.000.000\u202f\u0111<\/td>\n<\/tr>\n<\/tbody>\n<\/table>\n<\/div>\n<\/div>\n<blockquote data-start=\"1226\" data-end=\"1313\">\n<p data-start=\"1228\" data-end=\"1313\">L\u01b0u \u00fd: Gi\u00e1 thu\u00ea xe city tour Nha Trang 8 ti\u1ebfng c\u00f3 th\u1ec3 thay \u0111\u1ed5i theo m\u00f9a v\u00e0 lo\u1ea1i xe.<\/p>\n<\/blockquote>\n<h2 data-start=\"1315\" data-end=\"1376\"><span class=\"ez-toc-section\" id=\"Hanh_Trinh_Goi_Y_Khi_Thue_Xe_City_Tour_Nha_Trang_8_Tieng\"><\/span>H\u00e0nh Tr\u00ecnh G\u1ee3i \u00dd Khi Thu\u00ea Xe City Tour Nha Trang 8 Ti\u1ebfng<span class=\"ez-toc-section-end\"><\/span><\/h2>\n<p data-start=\"1377\" data-end=\"1479\">V\u1edbi d\u1ecbch v\u1ee5 thu\u00ea xe city tour Nha Trang 8 ti\u1ebfng, b\u1ea1n d\u1ec5 d\u00e0ng k\u1ebft h\u1ee3p c\u00e1c \u0111i\u1ec3m tham quan n\u1ed5i b\u1eadt:<\/p>\n<ul data-start=\"1480\" data-end=\"1809\">\n<li data-start=\"1480\" data-end=\"1559\">\n<p data-start=\"1482\" data-end=\"1559\">Ch\u00f9a Long S\u01a1n \u2013 N\u01a1i c\u00f3 t\u01b0\u1ee3ng Ph\u1eadt tr\u1eafng l\u1edbn v\u00e0 t\u1ea7m nh\u00ecn to\u00e0n th\u00e0nh ph\u1ed1.<\/p>\n<\/li>\n<li data-start=\"1560\" data-end=\"1625\">\n<p data-start=\"1562\" data-end=\"1625\">Nh\u00e0 th\u1edd N\u00fai \u2013 Ki\u1ebfn tr\u00fac c\u1ed5 k\u00ednh, \u0111i\u1ec3m check-in y\u00eau th\u00edch.<\/p>\n<\/li>\n<li data-start=\"1626\" data-end=\"1679\">\n<p data-start=\"1628\" data-end=\"1679\">H\u00f2n Ch\u1ed3ng \u2013 Ng\u1eafm c\u1ea3nh bi\u1ec3n v\u00e0 n\u00fai \u0111\u00e1 \u0111\u1ed9c \u0111\u00e1o.<\/p>\n<\/li>\n<li data-start=\"1680\" data-end=\"1750\">\n<p data-start=\"1682\" data-end=\"1750\">Vi\u1ec7n H\u1ea3i d\u01b0\u01a1ng h\u1ecdc Nha Trang \u2013 Kh\u00e1m ph\u00e1 th\u1ebf gi\u1edbi bi\u1ec3n \u0111a d\u1ea1ng.<\/p>\n<\/li>\n<li data-start=\"1751\" data-end=\"1809\">\n<p data-start=\"1753\" data-end=\"1809\">C\u00e1c \u0111\u1ecba \u0111i\u1ec3m \u0103n u\u1ed1ng, mua s\u1eafm, ngh\u1ec9 ng\u01a1i theo nhu c\u1ea7u.<\/p>\n<\/li>\n<\/ul>\n<h2 data-start=\"1811\" data-end=\"1878\"><span class=\"ez-toc-section\" id=\"Tai_Sao_Nen_Thue_Xe_City_Tour_Nha_Trang_8_Tieng_Cua_Chung_Toi\"><\/span>T\u1ea1i Sao N\u00ean Thu\u00ea Xe City Tour Nha Trang 8 Ti\u1ebfng C\u1ee7a Ch\u00fang T\u00f4i?<span class=\"ez-toc-section-end\"><\/span><\/h2>\n<ul data-start=\"1879\" data-end=\"2099\">\n<li data-start=\"1879\" data-end=\"1934\">\n<p data-start=\"1881\" data-end=\"1934\">Linh ho\u1ea1t h\u00e0nh tr\u00ecnh, ch\u1ee7 \u0111\u1ed9ng gi\u1edd gi\u1ea5c, \u0111i\u1ec3m d\u1eebng.<\/p>\n<\/li>\n<li data-start=\"1935\" data-end=\"1987\">\n<p data-start=\"1937\" data-end=\"1987\">Xe \u0111\u01b0\u1ee3c b\u1ea3o d\u01b0\u1ee1ng th\u01b0\u1eddng xuy\u00ean, \u0111\u1ea3m b\u1ea3o an to\u00e0n.<\/p>\n<\/li>\n<li data-start=\"1988\" data-end=\"2040\">\n<p data-start=\"1990\" data-end=\"2040\">Gi\u00e1 r\u00f5 r\u00e0ng, minh b\u1ea1ch, kh\u00f4ng ph\u00e1t sinh b\u1ea5t ng\u1edd.<\/p>\n<\/li>\n<li data-start=\"2041\" data-end=\"2099\">\n<p data-start=\"2043\" data-end=\"2099\">T\u00e0i x\u1ebf th\u00e2n thi\u1ec7n, am hi\u1ec3u \u0111\u01b0\u1eddng x\u00e1 v\u00e0 \u0111i\u1ec3m tham quan.<\/p>\n<\/li>\n<\/ul>\n<h2 data-start=\"2101\" data-end=\"2151\"><span class=\"ez-toc-section\" id=\"Luu_Y_Khi_Thue_Xe_City_Tour_Nha_Trang_8_Tieng\"><\/span>L\u01b0u \u00dd Khi Thu\u00ea Xe City Tour Nha Trang 8 Ti\u1ebfng<span class=\"ez-toc-section-end\"><\/span><\/h2>\n<ul data-start=\"2152\" data-end=\"2342\">\n<li data-start=\"2152\" data-end=\"2222\">\n<p data-start=\"2154\" data-end=\"2222\">X\u00e1c nh\u1eadn s\u1ed1 l\u01b0\u1ee3ng ng\u01b0\u1eddi, h\u00e0nh l\u00fd v\u00e0 \u0111i\u1ec3m \u0111\u00f3n\/tr\u1ea3 tr\u01b0\u1edbc khi \u0111\u1eb7t xe.<\/p>\n<\/li>\n<li data-start=\"2223\" data-end=\"2292\">\n<p data-start=\"2225\" data-end=\"2292\">Th\u1eddi gian thu\u00ea xe t\u00ednh t\u1eeb l\u00fac xu\u1ea5t ph\u00e1t, ph\u1ee5 thu n\u1ebfu qu\u00e1 8 ti\u1ebfng.<\/p>\n<\/li>\n<li data-start=\"2293\" data-end=\"2342\">\n<p data-start=\"2295\" data-end=\"2342\">Th\u00f4ng b\u00e1o tr\u01b0\u1edbc n\u1ebfu mu\u1ed1n thay \u0111\u1ed5i h\u00e0nh tr\u00ecnh.<\/p>\n<\/li>\n<\/ul>\n<h3 data-start=\"2344\" data-end=\"2358\"><span class=\"ez-toc-section\" id=\"Ket_Luan\"><\/span>K\u1ebft Lu\u1eadn<span class=\"ez-toc-section-end\"><\/span><\/h3>\n<p data-start=\"2359\" data-end=\"2592\">D\u1ecbch v\u1ee5 thu\u00ea xe city tour Nha Trang 8 ti\u1ebfng l\u00e0 l\u1ef1a ch\u1ecdn ho\u00e0n h\u1ea3o cho gia \u0111\u00ecnh, nh\u00f3m b\u1ea1n ho\u1eb7c kh\u00e1ch \u0111o\u00e0n mu\u1ed1n tr\u1ea3i nghi\u1ec7m tr\u1ecdn v\u1eb9n Nha Trang trong 1 ng\u00e0y. \u0110\u1eb7t xe ngay h\u00f4m nay \u0111\u1ec3 t\u1eadn h\u01b0\u1edfng chuy\u1ebfn \u0111i an to\u00e0n, ti\u1ec7n l\u1ee3i v\u00e0 \u0111\u00e1ng nh\u1edb!<\/p>","protected":false},"excerpt":{"rendered":"<h3 class=\"product-title product_title entry-title\"><span style=\"color: #0000ff; font-size: 100%;\">Nha Trang City Tour Car Rental (8 hours)<\/span><\/h3>\n<ul>\n<li>5-seat car: 1,000,000 VND<\/li>\n<li>7-seat car: 1,200,000 VND<\/li>\n<li>16-seat car: 1,600,000 VND<\/li>\n<li>29-seat car: 2,800,000 VND<\/li>\n<li>45-seat car: 4,000,000 VND<\/li>\n<li><span style=\"color: #0000ff;\">Payment promotion 5%<\/span><\/li>\n<\/ul>\n<div class=\"hJDwNd-AhqUyc-qWD73c purZT-AhqUyc-II5mzb pSzOP-AhqUyc-qWD73c JNdkSc\">\n<div class=\"JNdkSc-SmKAyb\">\n<div class=\"\">\n<div class=\"oKdM2c Kzv0Me\">\n<div class=\"hJDwNd-AhqUyc-qWD73c purZT-AhqUyc-II5mzb pSzOP-AhqUyc-qWD73c JNdkSc\">\n<div class=\"JNdkSc-SmKAyb\">\n<div class=\"\">\n<div class=\"oKdM2c Kzv0Me\">\n<div id=\"h.f128f2fe5256b73_1433\" class=\"hJDwNd-AhqUyc-qWD73c jXK9ad D2fZ2 OjCsFc wHaque GNzUNc\">\n<div class=\"jXK9ad-SmKAyb\">\n<div class=\"tyJCtd mGzaTb baZpAe\">\n<div class=\"row row-small mua-ngay-button\">\n<div class=\"cot1 medium-6 small-12 large-6\">\n<div class=\"col-inner\"><a class=\"button primary is-large lowercase expand\" style=\"border-radius: 3px;\" href=\"tel:0849256256\">\ud83d\udcde Contact<br \/>\n<\/a><\/div>\n<\/div>\n<div class=\"cot2 medium-6 small-12 large-6\">\n<div class=\"col-inner\"><a class=\"button success is-large lowercase expand\" style=\"border-radius: 3px;\" href=\"https:\/\/tourdaonhatrang.com\/en\/car-rental-nha-trang\/\" target=\"_self\" rel=\"noopener\"><span style=\"vertical-align: inherit;\">\ud83d\uded2 Quick car booking<\/span><\/a><\/div>\n<\/div>\n<\/div>\n<\/div>\n<\/div>\n<\/div>\n<\/div>\n<\/div>\n<\/div>\n<\/div>\n<\/div>\n<\/div>\n<\/div>\n<\/div>","protected":false},"featured_media":26901,"comment_status":"open","ping_status":"closed","template":"","meta":[],"product_brand":[],"product_cat":[645],"product_tag":[],"class_list":{"0":"post-19518","1":"product","2":"type-product","3":"status-publish","4":"has-post-thumbnail","6":"product_cat-thue-xe-du-lich","8":"first","9":"instock","10":"shipping-taxable","11":"product-type-simple"},"_links":{"self":[{"href":"https:\/\/tourdaonhatrang.com\/en\/wp-json\/wp\/v2\/product\/19518","targetHints":{"allow":["GET"]}}],"collection":[{"href":"https:\/\/tourdaonhatrang.com\/en\/wp-json\/wp\/v2\/product"}],"about":[{"href":"https:\/\/tourdaonhatrang.com\/en\/wp-json\/wp\/v2\/types\/product"}],"replies":[{"embeddable":true,"href":"https:\/\/tourdaonhatrang.com\/en\/wp-json\/wp\/v2\/comments?post=19518"}],"wp:featuredmedia":[{"embeddable":true,"href":"https:\/\/tourdaonhatrang.com\/en\/wp-json\/wp\/v2\/media\/26901"}],"wp:attachment":[{"href":"https:\/\/tourdaonhatrang.com\/en\/wp-json\/wp\/v2\/media?parent=19518"}],"wp:term":[{"taxonomy":"product_brand","embeddable":true,"href":"https:\/\/tourdaonhatrang.com\/en\/wp-json\/wp\/v2\/product_brand?post=19518"},{"taxonomy":"product_cat","embeddable":true,"href":"https:\/\/tourdaonhatrang.com\/en\/wp-json\/wp\/v2\/product_cat?post=19518"},{"taxonomy":"product_tag","embeddable":true,"href":"https:\/\/tourdaonhatrang.com\/en\/wp-json\/wp\/v2\/product_tag?post=19518"}],"curies":[{"name":"wp","href":"https:\/\/api.w.org\/{rel}","templated":true}]}}