{"id":19616,"date":"2024-02-25T08:40:36","date_gmt":"2024-02-25T01:40:36","guid":{"rendered":"https:\/\/tourdao.com.vn\/?post_type=product&#038;p=19616"},"modified":"2026-04-04T18:32:56","modified_gmt":"2026-04-04T11:32:56","slug":"hon-tam-vip-island-1-island-tour","status":"publish","type":"product","link":"https:\/\/tourdaonhatrang.com\/en\/hon-tam-vip-island-1-island-tour\/","title":{"rendered":"Tour 1 Vip Hon Tam Island | Sea walker (Package 1)"},"content":{"rendered":"<div id=\"ez-toc-container\" class=\"ez-toc-v2_0_82_2 counter-hierarchy ez-toc-counter ez-toc-grey ez-toc-container-direction\">\n<div class=\"ez-toc-title-container\">\n<p class=\"ez-toc-title\" style=\"cursor:inherit\">Content<\/p>\n<span class=\"ez-toc-title-toggle\"><a href=\"#\" class=\"ez-toc-pull-right ez-toc-btn ez-toc-btn-xs ez-toc-btn-default ez-toc-toggle\" aria-label=\"Toggle Table of Content\"><span class=\"ez-toc-js-icon-con\"><span class=\"\"><span class=\"eztoc-hide\" style=\"display:none;\">Toggle<\/span><span class=\"ez-toc-icon-toggle-span\"><svg style=\"fill: #999;color:#999\" xmlns=\"http:\/\/www.w3.org\/2000\/svg\" class=\"list-377408\" width=\"20px\" height=\"20px\" viewbox=\"0 0 24 24\" fill=\"none\"><path d=\"M6 6H4v2h2V6zm14 0H8v2h12V6zM4 11h2v2H4v-2zm16 0H8v2h12v-2zM4 16h2v2H4v-2zm16 0H8v2h12v-2z\" fill=\"currentColor\"><\/path><\/svg><svg style=\"fill: #999;color:#999\" class=\"arrow-unsorted-368013\" xmlns=\"http:\/\/www.w3.org\/2000\/svg\" width=\"10px\" height=\"10px\" viewbox=\"0 0 24 24\" version=\"1.2\" baseprofile=\"tiny\"><path d=\"M18.2 9.3l-6.2-6.3-6.2 6.3c-.2.2-.3.4-.3.7s.1.5.3.7c.2.2.4.3.7.3h11c.3 0 .5-.1.7-.3.2-.2.3-.5.3-.7s-.1-.5-.3-.7zM5.8 14.7l6.2 6.3 6.2-6.3c.2-.2.3-.5.3-.7s-.1-.5-.3-.7c-.2-.2-.4-.3-.7-.3h-11c-.3 0-.5.1-.7.3-.2.2-.3.5-.3.7s.1.5.3.7z\"\/><\/svg><\/span><\/span><\/span><\/a><\/span><\/div>\n<nav><ul class='ez-toc-list ez-toc-list-level-1' ><li class='ez-toc-page-1 ez-toc-heading-level-1'><a class=\"ez-toc-link ez-toc-heading-1\" href=\"https:\/\/tourdaonhatrang.com\/en\/hon-tam-vip-island-1-island-tour\/#Tour_1_dao_Vip_Hon_Tam\" >Tour 1 Vip Hon Tam Island<\/a><ul class='ez-toc-list-level-2' ><li class='ez-toc-heading-level-2'><a class=\"ez-toc-link ez-toc-heading-2\" href=\"https:\/\/tourdaonhatrang.com\/en\/hon-tam-vip-island-1-island-tour\/#Tour_1_dao_Vip_Hon_Tam_%E2%80%93_Sea_Walker\" >Tour 1 Vip Island Hon Tam \u2013 Sea Walker<\/a><\/li><li class='ez-toc-page-1 ez-toc-heading-level-2'><a class=\"ez-toc-link ez-toc-heading-3\" href=\"https:\/\/tourdaonhatrang.com\/en\/hon-tam-vip-island-1-island-tour\/#Mot_vai_net_dep_ve_Hon_Tam_Nha_Trang\" >Some beautiful features of Hon Tam Nha Trang<\/a><\/li><li class='ez-toc-page-1 ez-toc-heading-level-2'><a class=\"ez-toc-link ez-toc-heading-4\" href=\"https:\/\/tourdaonhatrang.com\/en\/hon-tam-vip-island-1-island-tour\/#Di_bo_duoi_day_bien_SeaWalker_la_gi\" >What is SeaWalker?<\/a><\/li><li class='ez-toc-page-1 ez-toc-heading-level-2'><a class=\"ez-toc-link ez-toc-heading-5\" href=\"https:\/\/tourdaonhatrang.com\/en\/hon-tam-vip-island-1-island-tour\/#Diem_khoi_hanh_Tour_1_dao_Vip_Hon_Tam_Nha_Trang\" >Departure point of Tour 1 Vip Island Hon Tam Nha Trang<\/a><\/li><li class='ez-toc-page-1 ez-toc-heading-level-2'><a class=\"ez-toc-link ez-toc-heading-6\" href=\"https:\/\/tourdaonhatrang.com\/en\/hon-tam-vip-island-1-island-tour\/#Tour_1_dao_Vip_Hon_Tam_bao_gom_nhung_hoat_dong_gi\" >What activities does the Vip Hon Tam Island Tour include?<\/a><ul class='ez-toc-list-level-3' ><li class='ez-toc-heading-level-3'><a class=\"ez-toc-link ez-toc-heading-7\" href=\"https:\/\/tourdaonhatrang.com\/en\/hon-tam-vip-island-1-island-tour\/#Gia_ve_Tour_Vip_Hon_Tam_co_lan_bien\" >Ticket price for Vip Hon Tam Tour with diving<\/a><\/li><li class='ez-toc-page-1 ez-toc-heading-level-3'><a class=\"ez-toc-link ez-toc-heading-8\" href=\"https:\/\/tourdaonhatrang.com\/en\/hon-tam-vip-island-1-island-tour\/#Nhung_quyen_loi_trong_tour_Vip_Hon_Tam_co_lan_bien_ngam_san_ho\" >Benefits of the Vip Hon Tam tour with snorkeling to see coral<\/a><ul class='ez-toc-list-level-4' ><li class='ez-toc-heading-level-4'><a class=\"ez-toc-link ez-toc-heading-9\" href=\"https:\/\/tourdaonhatrang.com\/en\/hon-tam-vip-island-1-island-tour\/#Quy_dinh_ve_tre_em_va_nguoi_cao_tuoi\" >Child and senior ticket regulations<\/a><\/li><li class='ez-toc-page-1 ez-toc-heading-level-4'><a class=\"ez-toc-link ez-toc-heading-10\" href=\"https:\/\/tourdaonhatrang.com\/en\/hon-tam-vip-island-1-island-tour\/#Tour_Vip_Hon_Tam_bao_gom\" >Hon Tam Vip Tour includes:<\/a><\/li><li class='ez-toc-page-1 ez-toc-heading-level-4'><a class=\"ez-toc-link ez-toc-heading-11\" href=\"https:\/\/tourdaonhatrang.com\/en\/hon-tam-vip-island-1-island-tour\/#Tour_khong_bao_gom\" >Tour does not include<\/a><\/li><\/ul><\/li><\/ul><\/li><li class='ez-toc-page-1 ez-toc-heading-level-2'><a class=\"ez-toc-link ez-toc-heading-12\" href=\"https:\/\/tourdaonhatrang.com\/en\/hon-tam-vip-island-1-island-tour\/#Khong_biet_boi_tham_gia_Sea_Walker_duoc_khong\" >Can&#039;t swim to join Sea Walker?<\/a><\/li><li class='ez-toc-page-1 ez-toc-heading-level-2'><a class=\"ez-toc-link ez-toc-heading-13\" href=\"https:\/\/tourdaonhatrang.com\/en\/hon-tam-vip-island-1-island-tour\/#Tham_gia_Tour_1_dao_Vip_Hon_Tam_co_lan_bien_can_luu_y_nhung_gi\" >What should you pay attention to when joining the Vip Hon Tam Island Tour 1 with diving?<\/a><\/li><\/ul><\/li><\/ul><\/nav><\/div>\n<h1><span class=\"ez-toc-section\" id=\"Tour_1_dao_Vip_Hon_Tam\"><\/span>Tour 1 Vip Hon Tam Island<span class=\"ez-toc-section-end\"><\/span><\/h1>\n<p>Tour 1 Vip Hon Tam Island is the highest standard package in Hon Tam, suitable for all ages. Tour with free lunch buffet, explore the ocean with Sea Walker<\/p>\n<p>Quick tour booking consultation by phone or online booking 0849 256 256<\/p>\n<h2><span class=\"ez-toc-section\" id=\"Tour_1_dao_Vip_Hon_Tam_%E2%80%93_Sea_Walker\"><\/span>Tour 1 Vip Island Hon Tam \u2013 Sea Walker<span class=\"ez-toc-section-end\"><\/span><\/h2>\n<p>VIP Hon Tam Nha Trang 1 Island Tour includes underwater walking service to see coral, organized for family groups. People who can swim or not can dive.<\/p>\n<p>Price is only 2,200,000 VND\/person including canoe pick-up, sea walking service to see coral, unlimited experience at Hon Tam mud bath area, Hon Tam Luxury.<\/p>\n<figure style=\"width: 750px\" class=\"wp-caption alignnone\"><img loading=\"lazy\" decoding=\"async\" src=\"https:\/\/tourdaonhatrang.com\/wp-content\/uploads\/2021\/03\/tour-1-dao-vip-hon-tam.jpeg\" alt=\"Tour 1 Vip Hon Tam Island\" width=\"750\" height=\"500\" title=\"\"><figcaption class=\"wp-caption-text\">Take photos on the most beautiful wooden bridge in the bay, Hon Tam Nha Trang<\/figcaption><\/figure>\n<p>Blue water, long stretches of white sand, home to hundreds of rare marine species, and colorful coral reefs\u2026 will certainly give visitors unforgettable experiences.<\/p>\n<p>See also: <strong><a href=\"https:\/\/tourdaonhatrang.com\/en\/tour-du-lich-dao-hon-tam-nha-trang\/\">Hon Tam Island Nha Trang Tourism<\/a><\/strong><\/p>\n<h2><span class=\"ez-toc-section\" id=\"Mot_vai_net_dep_ve_Hon_Tam_Nha_Trang\"><\/span>Some beautiful features of Hon Tam Nha Trang<span class=\"ez-toc-section-end\"><\/span><\/h2>\n<p><a href=\"https:\/\/hontamnhatrang.com\/tour-hon-tam-sea-mud\/\" target=\"_blank\" rel=\"noopener noreferrer\"><strong>Hon Tam Nha Trang<\/strong><\/a> is an attractive destination, attracting many travel enthusiasts to visit. It is a famous island of Khanh Hoa province, 6km southeast of Nha Trang city.<\/p>\n<p>Here possesses a rare dreamy beauty with super interesting entertainment activities, very professional support staff. Hon Tam promises to be a resort paradise not to be missed in Nha Trang.<\/p>\n<figure style=\"width: 750px\" class=\"wp-caption alignnone\"><img loading=\"lazy\" decoding=\"async\" src=\"https:\/\/tourdaonhatrang.com\/wp-content\/uploads\/2021\/03\/dao-hon-tam-nha-trang.jpg\" alt=\"Tour 1 Vip Hon Tam Island\" width=\"750\" height=\"500\" title=\"\"><figcaption class=\"wp-caption-text\">Hon Tam Island Nha Trang taken from afar<\/figcaption><\/figure>\n<p>Walking on the sand with friends and loved ones, watching the rows of thatched huts nestled among the green trees is an experience not to be missed at Hon Tam Island when participating. <a href=\"https:\/\/tourdaonhatrang.com\/en\/tour-dao-nha-trang\/\" target=\"_blank\" rel=\"noopener noreferrer\"><strong>Nha Trang Island Tour<\/strong><\/a>.<\/p>\n<p>Don&#039;t forget to soak in the cool water and watch the coral reefs in this beautiful sea.<\/p>\n<p><strong>See more &gt;&gt;&gt; <a href=\"https:\/\/hontamnhatrang.com\/tour-hon-tam-tron-goi\/\" rel=\"noopener\">Hon Tam 1 Day Package Tour<\/a><\/strong><\/p>\n<h2><span class=\"ez-toc-section\" id=\"Di_bo_duoi_day_bien_SeaWalker_la_gi\"><\/span>What is SeaWalker?<span class=\"ez-toc-section-end\"><\/span><\/h2>\n<p><a href=\"https:\/\/tourdaonhatrang.com\/en\/nha-trang-beach-walking-tour\/\"><strong>Walking on the seabed of Nha Trang<\/strong><\/a> (Sea Walking Nha Trang) is an activity to explore the underwater world for non-swimmers of different ages.<\/p>\n<figure style=\"width: 750px\" class=\"wp-caption alignnone\"><img loading=\"lazy\" decoding=\"async\" src=\"https:\/\/tourdaonhatrang.com\/wp-content\/uploads\/2021\/03\/tour-1-dao-vip-hon-tam-02.jpg\" alt=\"Tour 1 Vip Hon Tam Island\" width=\"750\" height=\"500\" title=\"\"><figcaption class=\"wp-caption-text\">Diving to see coral at Hon Tam (Sea walker)<\/figcaption><\/figure>\n<p>Visitors are equipped with helmets that provide enough oxygen, and by following the instructor&#039;s instructions, they can walk in the ocean as if on land, watching hundreds of species of coral or colorful schools of fish...<\/p>\n<p>Choosing the 1 VIP Hon Tam Island tour, visitors will be able to admire the magical world under the sea in Nha Trang Bay. In addition, they can also experience countless high-class amenities on Hon Tam Island. Including mineral mud bath (the first Hon Tam mud bath area on the island).<\/p>\n<p>See also: <strong><a href=\"https:\/\/tourdaonhatrang.com\/en\/tour\/3-island-nha-trang-tour-1-day\/\">Nha Trang 3 Island Tour<\/a><\/strong><\/p>\n<h2><span class=\"ez-toc-section\" id=\"Diem_khoi_hanh_Tour_1_dao_Vip_Hon_Tam_Nha_Trang\"><\/span>Departure point of Tour 1 Vip Island Hon Tam Nha Trang<span class=\"ez-toc-section-end\"><\/span><\/h2>\n<p>Vip Hon Tam Island 1 Tour departs from the private port of Hon Tam Island tourist area.<\/p>\n<p>Hon Tam Port is located about 5 km from Nha Trang Square, 800 m from Vinpearl cable car, 1.5 km from Nha Trang tourist port, all on Tran Phu street, next to Cau Da port and Yen Sao port.<\/p>\n<ul>\n<li>Canoe hours: 9:00 a.m. \u2013 10:00 a.m. \u2013 11:00 a.m. \u2013 12:00 p.m.<\/li>\n<li>Canoe return time: 10:20 \u2013 12:20 \u2013 14:20 \u2013 16:20<\/li>\n<\/ul>\n<blockquote><p>Note: You need to be at Hon Tam port 10-15 minutes in advance to check in to the island.<\/p><\/blockquote>\n<h2><span class=\"ez-toc-section\" id=\"Tour_1_dao_Vip_Hon_Tam_bao_gom_nhung_hoat_dong_gi\"><\/span>What activities does the Vip Hon Tam Island Tour include?<span class=\"ez-toc-section-end\"><\/span><\/h2>\n<h3><span class=\"ez-toc-section\" id=\"Gia_ve_Tour_Vip_Hon_Tam_co_lan_bien\"><\/span>Ticket price for Vip Hon Tam Tour with diving<span class=\"ez-toc-section-end\"><\/span><\/h3>\n<ul>\n<li>Adults: 2,200,000 VND.<\/li>\n<li>Children (from 1m - 1m39): 1,900,000 VND,<\/li>\n<li>Children not diving: 710,000 VND<\/li>\n<\/ul>\n<h3><span class=\"ez-toc-section\" id=\"Nhung_quyen_loi_trong_tour_Vip_Hon_Tam_co_lan_bien_ngam_san_ho\"><\/span>Benefits of the Vip Hon Tam tour with snorkeling to see coral<span class=\"ez-toc-section-end\"><\/span><\/h3>\n<h4><span class=\"ez-toc-section\" id=\"Quy_dinh_ve_tre_em_va_nguoi_cao_tuoi\"><\/span><strong>Child and senior ticket regulations<\/strong><span class=\"ez-toc-section-end\"><\/span><\/h4>\n<ul>\n<li>Children under 1m free entrance<\/li>\n<li>Children are counted from 1m to 1m39<\/li>\n<li>Seniors (&gt;60) are charged as children&#039;s tickets<\/li>\n<li>Over 1m39 adult ticket<\/li>\n<\/ul>\n<p><em>Seniors must bring photo identification. Children under 1 meter tall are free when accompanied by an adult.\u00a0<\/em><\/p>\n<h4><span class=\"ez-toc-section\" id=\"Tour_Vip_Hon_Tam_bao_gom\"><\/span><strong>Hon Tam Vip Tour includes:<\/strong><span class=\"ez-toc-section-end\"><\/span><\/h4>\n<ul>\n<li>Two-way speedboat transfer<\/li>\n<li>Free swimwear, towels, lockers.<\/li>\n<li><span style=\"color: #d83131;\">Experience the service of walking on the seabed to see coral (15 minutes) + filming<\/span><\/li>\n<li>Private beach<\/li>\n<li>Beach amenities are provided free of charge: loungers, umbrellas, etc.<\/li>\n<li>Soak in mineral mud at Hon Tam Mud Bath.<\/li>\n<li>Massage with hydrotherapy system.<\/li>\n<li>Freely indulge in the hot mineral jacuzzi and infinity pool.<\/li>\n<li>Experience the overflowing mineral waterfall bath.<\/li>\n<li>\u0102n buffet tr\u01b0a t\u1ea1i nh\u00e0 h\u00e0ng view bi\u1ec3n.<\/li>\n<\/ul>\n<figure id=\"attachment_39423\" aria-describedby=\"caption-attachment-39423\" style=\"width: 1020px\" class=\"wp-caption aligncenter\"><img loading=\"lazy\" decoding=\"async\" class=\"size-large wp-image-39423\" src=\"https:\/\/tourdaonhatrang.com\/wp-content\/uploads\/2023\/01\/menu-bufet-hon-tam-1024x683.jpg\" alt=\"Menu Buffet H\u00f2n T\u1eb1m\" width=\"1020\" height=\"680\" title=\"\" srcset=\"https:\/\/tourdaonhatrang.com\/wp-content\/uploads\/2023\/01\/menu-bufet-hon-tam-1024x683.jpg 1024w, https:\/\/tourdaonhatrang.com\/wp-content\/uploads\/2023\/01\/menu-bufet-hon-tam-300x200.jpg 300w, https:\/\/tourdaonhatrang.com\/wp-content\/uploads\/2023\/01\/menu-bufet-hon-tam-768x512.jpg 768w, https:\/\/tourdaonhatrang.com\/wp-content\/uploads\/2023\/01\/menu-bufet-hon-tam-18x12.jpg 18w, https:\/\/tourdaonhatrang.com\/wp-content\/uploads\/2023\/01\/menu-bufet-hon-tam-400x267.jpg 400w, https:\/\/tourdaonhatrang.com\/wp-content\/uploads\/2023\/01\/menu-bufet-hon-tam-600x400.jpg 600w, https:\/\/tourdaonhatrang.com\/wp-content\/uploads\/2023\/01\/menu-bufet-hon-tam.jpg 1140w\" sizes=\"auto, (max-width: 1020px) 100vw, 1020px\" \/><figcaption id=\"caption-attachment-39423\" class=\"wp-caption-text\">Menu Buffet H\u00f2n T\u1eb1m<\/figcaption><\/figure>\n<h4><span class=\"ez-toc-section\" id=\"Tour_khong_bao_gom\"><\/span><strong>Tour does not include<\/strong><span class=\"ez-toc-section-end\"><\/span><\/h4>\n<ul>\n<li>Hotel shuttle<\/li>\n<li>Services not included in the program.<\/li>\n<\/ul>\n<h2><span class=\"ez-toc-section\" id=\"Khong_biet_boi_tham_gia_Sea_Walker_duoc_khong\"><\/span>Can&#039;t swim to join Sea Walker?<span class=\"ez-toc-section-end\"><\/span><\/h2>\n<p>Guests who can&#039;t swim can still join. Simply tour 1 Vip Hon Tam<\/p>\n<p>Vip Hon Tam sea walker tour includes all safety measures 100% for visitors.<\/p>\n<p>Our team of well-trained and experienced professionals have established safety guidelines to ensure that visitors have a wonderful experience while walking on the seabed.<\/p>\n<p>Not only that, but there is also good news that children from 7 years old and up can also join the sea walker tour! So you can experience the upcoming 1-island VIP Hon Tam Tour with your whole family this summer.<\/p>\n<p>See also: <strong><a href=\"https:\/\/tourdaonhatrang.com\/en\/trai-nghiem-bay-du-luon-nha-trang\/\">Experience paragliding in Nha Trang<\/a><\/strong><\/p>\n<h2><span class=\"ez-toc-section\" id=\"Tham_gia_Tour_1_dao_Vip_Hon_Tam_co_lan_bien_can_luu_y_nhung_gi\"><\/span>What should you pay attention to when joining the Vip Hon Tam Island Tour 1 with diving?<span class=\"ez-toc-section-end\"><\/span><\/h2>\n<ul>\n<li>Beachwear should be neat and tidy, and no valuable jewelry should be worn.<\/li>\n<li>Before going down, listen carefully to the instructor&#039;s instructions and always follow the guide.<\/li>\n<li>Learn the signs to use when going down to sea, because we cannot hear down there so using signs is necessary.<\/li>\n<li>The bronze hat is very heavy, nearly 30kg, so you need to keep your head straight when going into the water, and wear boots to avoid being scratched by the coral.<\/li>\n<li>You should not touch, touch or break coral branches to protect the marine ecological environment.<\/li>\n<li>The first time you go into the sea, the feeling is a bit shocking or scary, but once you get used to it, you won&#039;t want to go back.<\/li>\n<\/ul>\n<p>See also: <strong><a href=\"https:\/\/tourdaonhatrang.com\/en\/tour-3-dao-nha-trang-ghep-doan-va-tour-tu-tuc\/\">The difference between a group tour of 3 islands in Nha Trang and a self-guided tour<\/a><\/strong><\/p>","protected":false},"excerpt":{"rendered":"<p><span style=\"text-decoration: underline; color: #ff0000; font-size: 120%;\"><strong>Package 1<\/strong><\/span><\/p>\n<p><img loading=\"lazy\" decoding=\"async\" class=\"alignnone wp-image-39900\" src=\"https:\/\/tourdaonhatrang.com\/wp-content\/uploads\/2024\/03\/phieu-khuyen-mai-thanh-toan-ngay-1.png\" alt=\"\u01afu \u0111\u00e3i thanh to\u00e1n ngay\" width=\"550\" height=\"236\" srcset=\"https:\/\/tourdaonhatrang.com\/wp-content\/uploads\/2024\/03\/phieu-khuyen-mai-thanh-toan-ngay-1.png 840w, https:\/\/tourdaonhatrang.com\/wp-content\/uploads\/2024\/03\/phieu-khuyen-mai-thanh-toan-ngay-1-300x129.png 300w, https:\/\/tourdaonhatrang.com\/wp-content\/uploads\/2024\/03\/phieu-khuyen-mai-thanh-toan-ngay-1-768x329.png 768w, https:\/\/tourdaonhatrang.com\/wp-content\/uploads\/2024\/03\/phieu-khuyen-mai-thanh-toan-ngay-1-18x8.png 18w, https:\/\/tourdaonhatrang.com\/wp-content\/uploads\/2024\/03\/phieu-khuyen-mai-thanh-toan-ngay-1-400x171.png 400w, https:\/\/tourdaonhatrang.com\/wp-content\/uploads\/2024\/03\/phieu-khuyen-mai-thanh-toan-ngay-1-600x257.png 600w\" sizes=\"auto, (max-width: 550px) 100vw, 550px\" \/><\/p>\n<h3><span style=\"color: #0000ff;\">Ng\u01b0\u1eddi l\u1edbn: 1,955,000\u0111 \u2013 Ng\u01b0\u1eddi cao tu\u1ed5i: 1,685,000\u0111 \u2013 Tr\u1ebb em: 1,685,000\u0111<\/span><\/h3>\n<div class=\"product-short-description\">\n<ul>\n<li>Ng\u01b0\u1eddi cao tu\u1ed5i, tr\u1ebb em kh\u00f4ng l\u1eb7n: 585,000\u0111<\/li>\n<li>Two-way shuttle canoe<\/li>\n<li>Scuba diving<\/li>\n<li>Filming + photography<\/li>\n<li>Experience hot mineral mud bath<\/li>\n<li>Private beach, kayaking<\/li>\n<li>Lunch buffet<\/li>\n<li>Hotline:\u00a0<a href=\"tel:0849256256\">0849 256 256<\/a><\/li>\n<li><span style=\"color: #0000ff;\">Payment promotion 5%<\/span><\/li>\n<\/ul>\n<\/div>\n<div class=\"hJDwNd-AhqUyc-qWD73c purZT-AhqUyc-II5mzb pSzOP-AhqUyc-qWD73c JNdkSc\">\n<div class=\"JNdkSc-SmKAyb\">\n<div class=\"\">\n<div class=\"oKdM2c Kzv0Me\">\n<div class=\"hJDwNd-AhqUyc-qWD73c purZT-AhqUyc-II5mzb pSzOP-AhqUyc-qWD73c JNdkSc\">\n<div class=\"JNdkSc-SmKAyb\">\n<div class=\"\">\n<div class=\"oKdM2c Kzv0Me\">\n<div id=\"h.f128f2fe5256b73_1433\" class=\"hJDwNd-AhqUyc-qWD73c jXK9ad D2fZ2 OjCsFc wHaque GNzUNc\">\n<div class=\"jXK9ad-SmKAyb\">\n<div class=\"tyJCtd mGzaTb baZpAe\">\n<div class=\"row row-small mua-ngay-button\">\n<div class=\"cot1 medium-6 small-12 large-6\">\n<div class=\"col-inner\"><a class=\"button primary is-large lowercase expand\" style=\"border-radius: 3px;\" href=\"https:\/\/tourdaonhatrang.com\/en\/hon-tam-vip-island-1-island-tour\/\">See details<\/a><\/div>\n<\/div>\n<div class=\"cot2 medium-6 small-12 large-6\">\n<div class=\"col-inner\"><a class=\"button success is-large lowercase expand\" style=\"border-radius: 3px;\" href=\"https:\/\/hontamnhatrang.com\/tour-hon-tam\/dat-ve-tour-1-dao-nha-trang\/\" target=\"_self\" rel=\"noopener\"><span style=\"vertical-align: inherit;\">\ud83d\uded2 Book tickets quickly<\/span><\/a><\/div>\n<\/div>\n<\/div>\n<\/div>\n<\/div>\n<\/div>\n<\/div>\n<\/div>\n<\/div>\n<\/div>\n<\/div>\n<\/div>\n<\/div>\n<\/div>","protected":false},"featured_media":34962,"comment_status":"open","ping_status":"closed","template":"","meta":[],"product_brand":[],"product_cat":[666,667,65],"product_tag":[691,680,690,681,723,687,53,692,702,716,717,728,673],"class_list":{"0":"post-19616","1":"product","2":"type-product","3":"status-publish","4":"has-post-thumbnail","6":"product_cat-tour-hon-tam-nha-trang","7":"product_cat-tour-lan-bien-nha-trang","8":"product_cat-ve-hon-tam-nha-trang","9":"product_tag-buffet-hon-tam","10":"product_tag-cang-hon-tam-nha-trang-o-dau","11":"product_tag-du-lich-hon-tam-tu-tuc","12":"product_tag-gia-ve-hon-tam-nha-trang","13":"product_tag-mua-ve-hon-tam-o-dau","14":"product_tag-tour-1-dao-nha-trang","15":"product_tag-tour-dao-nha-trang","16":"product_tag-tour-hon-tam-nha-trang","17":"product_tag-tour-lan-bien-nha-trang","18":"product_tag-tour-lan-snorkeling-nha-trang","19":"product_tag-tour-tam-bun-hon-tam","20":"product_tag-ve-hon-tam","21":"product_tag-ve-hon-tam-nha-trang","23":"first","24":"instock","25":"shipping-taxable","26":"product-type-simple"},"_links":{"self":[{"href":"https:\/\/tourdaonhatrang.com\/en\/wp-json\/wp\/v2\/product\/19616","targetHints":{"allow":["GET"]}}],"collection":[{"href":"https:\/\/tourdaonhatrang.com\/en\/wp-json\/wp\/v2\/product"}],"about":[{"href":"https:\/\/tourdaonhatrang.com\/en\/wp-json\/wp\/v2\/types\/product"}],"replies":[{"embeddable":true,"href":"https:\/\/tourdaonhatrang.com\/en\/wp-json\/wp\/v2\/comments?post=19616"}],"wp:featuredmedia":[{"embeddable":true,"href":"https:\/\/tourdaonhatrang.com\/en\/wp-json\/wp\/v2\/media\/34962"}],"wp:attachment":[{"href":"https:\/\/tourdaonhatrang.com\/en\/wp-json\/wp\/v2\/media?parent=19616"}],"wp:term":[{"taxonomy":"product_brand","embeddable":true,"href":"https:\/\/tourdaonhatrang.com\/en\/wp-json\/wp\/v2\/product_brand?post=19616"},{"taxonomy":"product_cat","embeddable":true,"href":"https:\/\/tourdaonhatrang.com\/en\/wp-json\/wp\/v2\/product_cat?post=19616"},{"taxonomy":"product_tag","embeddable":true,"href":"https:\/\/tourdaonhatrang.com\/en\/wp-json\/wp\/v2\/product_tag?post=19616"}],"curies":[{"name":"wp","href":"https:\/\/api.w.org\/{rel}","templated":true}]}}