{"id":25886,"date":"2019-12-28T08:17:14","date_gmt":"2019-12-28T01:17:14","guid":{"rendered":"https:\/\/hontamnhatrang.com\/?post_type=product&#038;p=18649"},"modified":"2025-12-07T16:51:59","modified_gmt":"2025-12-07T09:51:59","slug":"hon-tam-nha-trang-travel","status":"publish","type":"product","link":"https:\/\/tourdaonhatrang.com\/en\/hon-tam-nha-trang-travel\/","title":{"rendered":"Hon Tam Nha Trang Travel"},"content":{"rendered":"<div id=\"ez-toc-container\" class=\"ez-toc-v2_0_82_2 counter-hierarchy ez-toc-counter ez-toc-grey ez-toc-container-direction\">\n<div class=\"ez-toc-title-container\">\n<p class=\"ez-toc-title\" style=\"cursor:inherit\">Content<\/p>\n<span class=\"ez-toc-title-toggle\"><a href=\"#\" class=\"ez-toc-pull-right ez-toc-btn ez-toc-btn-xs ez-toc-btn-default ez-toc-toggle\" aria-label=\"Toggle Table of Content\"><span class=\"ez-toc-js-icon-con\"><span class=\"\"><span class=\"eztoc-hide\" style=\"display:none;\">Toggle<\/span><span class=\"ez-toc-icon-toggle-span\"><svg style=\"fill: #999;color:#999\" xmlns=\"http:\/\/www.w3.org\/2000\/svg\" class=\"list-377408\" width=\"20px\" height=\"20px\" viewbox=\"0 0 24 24\" fill=\"none\"><path d=\"M6 6H4v2h2V6zm14 0H8v2h12V6zM4 11h2v2H4v-2zm16 0H8v2h12v-2zM4 16h2v2H4v-2zm16 0H8v2h12v-2z\" fill=\"currentColor\"><\/path><\/svg><svg style=\"fill: #999;color:#999\" class=\"arrow-unsorted-368013\" xmlns=\"http:\/\/www.w3.org\/2000\/svg\" width=\"10px\" height=\"10px\" viewbox=\"0 0 24 24\" version=\"1.2\" baseprofile=\"tiny\"><path d=\"M18.2 9.3l-6.2-6.3-6.2 6.3c-.2.2-.3.4-.3.7s.1.5.3.7c.2.2.4.3.7.3h11c.3 0 .5-.1.7-.3.2-.2.3-.5.3-.7s-.1-.5-.3-.7zM5.8 14.7l6.2 6.3 6.2-6.3c.2-.2.3-.5.3-.7s-.1-.5-.3-.7c-.2-.2-.4-.3-.7-.3h-11c-.3 0-.5.1-.7.3-.2.2-.3.5-.3.7s.1.5.3.7z\"\/><\/svg><\/span><\/span><\/span><\/a><\/span><\/div>\n<nav><ul class='ez-toc-list ez-toc-list-level-1' ><li class='ez-toc-page-1 ez-toc-heading-level-5'><a class=\"ez-toc-link ez-toc-heading-1\" href=\"https:\/\/tourdaonhatrang.com\/en\/hon-tam-nha-trang-travel\/#HON_TAM_NHA_TRANG_TRAVEL\" >H\u00d2N T\u1eb0M NHA TRANG TRAVEL<\/a><\/li><li class='ez-toc-page-1 ez-toc-heading-level-5'><a class=\"ez-toc-link ez-toc-heading-2\" href=\"https:\/\/tourdaonhatrang.com\/en\/hon-tam-nha-trang-travel\/#BAO_GOM\" >INCLUDE<\/a><\/li><li class='ez-toc-page-1 ez-toc-heading-level-5'><a class=\"ez-toc-link ez-toc-heading-3\" href=\"https:\/\/tourdaonhatrang.com\/en\/hon-tam-nha-trang-travel\/#HANH_TRANG\" >H\u00c0NH TRANG<\/a><\/li><li class='ez-toc-page-1 ez-toc-heading-level-5'><a class=\"ez-toc-link ez-toc-heading-4\" href=\"https:\/\/tourdaonhatrang.com\/en\/hon-tam-nha-trang-travel\/#KHONG_BAO_GOM\" >KH\u00d4NG BAO G\u1ed2M<\/a><\/li><\/ul><\/nav><\/div>\n<h5><span class=\"ez-toc-section\" id=\"HON_TAM_NHA_TRANG_TRAVEL\"><\/span>H\u00d2N T\u1eb0M NHA TRANG TRAVEL<span class=\"ez-toc-section-end\"><\/span><\/h5>\n<p>\u0110\u1ecba \u0111i\u1ec3m : \u0110\u1ea3o H\u00f2n T\u1eb1m, P V\u0129nh Nguy\u00ean, TP Nha Trang<\/p>\n<p>Gi\u1edd m\u1edf c\u1eeda : 8h00<\/p>\n<p>Gi\u1edd \u0111\u00f3ng c\u1ee7a : 16h30<\/p>\n<p>Gi\u1edd \u0111i ca n\u00f4 : 9h00 &#8211; 10h00 &#8211; 11h00 &#8211; 12h00<\/p>\n<p>Gi\u1edd v\u1ec1 ca n\u00f4 : 10h20 &#8211; 11h20 &#8211; 12h20 &#8211; 13h20 &#8211; 14h20 &#8211; 15h20 &#8211; 16h20<\/p>\n<p>V\u00e9 ng\u01b0\u1eddi l\u1edbn : 600,000\u0111<\/p>\n<p>V\u00e9 tr\u1ebb em : 420,000\u0111 (t\u1eeb 1 \u0111\u1ebfn 1 ,4 m\u00e9t)<\/p>\n<p>D\u01b0\u1edbi 1 m\u00e9t mi\u1ec5n v\u00e9<\/p>\n<p>&nbsp;<\/p>\n<h5><span class=\"ez-toc-section\" id=\"BAO_GOM\"><\/span>INCLUDE<span class=\"ez-toc-section-end\"><\/span><\/h5>\n<p>Tour H\u00f2n T\u1eb1m Nha Trang Travel<\/p>\n<p>\u0110\u01b0a v\u00e0 \u0111\u00f3n kh\u00e1ch t\u1ea1i kh\u00e1ch s\u1ea1n, n\u1ed9i th\u00e0nh Nha Trang<\/p>\n<p>T\u1eb7ng l\u1eb7n ng\u1eafn san h\u00f4 (snorkeling) t\u1ea1i \u0111\u1ea3o H\u00f2n M\u1ed9t<\/p>\n<p>Ca n\u00f4 v\u1eadn chuy\u1ec3n 2 chi\u1ec1u<\/p>\n<p>\u0110\u00f3n kh\u00e1ch t\u1ea1i c\u1ea3ng ri\u00eang (C\u1ea3ng MerPerle H\u00f2n T\u1eb1m Resort)<\/p>\n<p>N\u01b0\u1edbc u\u1ed1ng ch\u00e0o \u0111\u00f3n<\/p>\n<p>Ng\u00e2m b\u00f9n kho\u00e1ng n\u00f3ng trong b\u1ed3n 20 ph\u00fat<\/p>\n<p>Full body massage with hydrotherapy system<\/p>\n<p>Freely immerse yourself in the 1,350m2 hot mineral pool<\/p>\n<p>Tr\u1ea3i nghi\u1ec7m t\u1eafm th\u00e1c kho\u00e1ng v\u00e0 h\u1ed3 kho\u00e1ng tr\u00e0n v\u00f4 c\u1ef1c<\/p>\n<p>Lunch at Hon Viet restaurant<\/p>\n<p>Mi\u1ec5n ph\u00ed di chuy\u1ec3n xe \u0111i\u1ec7n, s\u1eed d\u1ee5ng kh\u0103n, \u0111\u1ed3 t\u1eafm v\u00e0 t\u1ee7 locker<\/p>\n<h5><\/h5>\n<h5><span class=\"ez-toc-section\" id=\"HANH_TRANG\"><\/span>H\u00c0NH TRANG<span class=\"ez-toc-section-end\"><\/span><\/h5>\n<p>Swimsuit, sunscreen, sunglasses, dress lightly, wear flip-flops or plastic shoes, bring some extra money, don&#039;t forget your camera, take souvenir photos, your phone still has good signal on the island.<\/p>\n<h5><span class=\"ez-toc-section\" id=\"KHONG_BAO_GOM\"><\/span>KH\u00d4NG BAO G\u1ed2M<span class=\"ez-toc-section-end\"><\/span><\/h5>\n<p>C\u00e1c chi ph\u00ed ngo\u00e0i ch\u01b0\u01a1ng tr\u00ecnh nh\u01b0 l\u1eb7n bi\u1ec3n b\u00ecnh\u00a0 kh\u00ed, \u0111i b\u1ed9 d\u01b0\u1edbi bi\u1ec3n, phao bay, phao chu\u1ed1i, d\u00f9 bay, m\u00f4 t\u00f4 n\u01b0\u1edbc, v\u00e1n bay.<\/p>\n<p>See also: <a href=\"https:\/\/tourdaonhatrang.com\/en\/tam-bun-hon-tam-nha-trang-tron-goi\/\">Hon Tam Mud Bath Nha Trang Package<\/a><\/p>","protected":false},"excerpt":{"rendered":"<ul>\n<li><span style=\"color: #0000ff;\"><strong>Cash on delivery.<\/strong><\/span><\/li>\n<li><strong><span style=\"color: #ff0000;\">Free ticket delivery within Nha Trang city.<\/span><\/strong><\/li>\n<li><span style=\"color: #000000;\"><strong>Hotline: 0849 256 256.<\/strong><\/span><\/li>\n<\/ul>","protected":false},"featured_media":26894,"comment_status":"closed","ping_status":"closed","template":"","meta":[],"product_brand":[],"product_cat":[65],"product_tag":[],"class_list":{"0":"post-25886","1":"product","2":"type-product","3":"status-publish","4":"has-post-thumbnail","6":"product_cat-ve-hon-tam-nha-trang","8":"first","9":"instock","10":"shipping-taxable","11":"product-type-simple"},"_links":{"self":[{"href":"https:\/\/tourdaonhatrang.com\/en\/wp-json\/wp\/v2\/product\/25886","targetHints":{"allow":["GET"]}}],"collection":[{"href":"https:\/\/tourdaonhatrang.com\/en\/wp-json\/wp\/v2\/product"}],"about":[{"href":"https:\/\/tourdaonhatrang.com\/en\/wp-json\/wp\/v2\/types\/product"}],"replies":[{"embeddable":true,"href":"https:\/\/tourdaonhatrang.com\/en\/wp-json\/wp\/v2\/comments?post=25886"}],"wp:featuredmedia":[{"embeddable":true,"href":"https:\/\/tourdaonhatrang.com\/en\/wp-json\/wp\/v2\/media\/26894"}],"wp:attachment":[{"href":"https:\/\/tourdaonhatrang.com\/en\/wp-json\/wp\/v2\/media?parent=25886"}],"wp:term":[{"taxonomy":"product_brand","embeddable":true,"href":"https:\/\/tourdaonhatrang.com\/en\/wp-json\/wp\/v2\/product_brand?post=25886"},{"taxonomy":"product_cat","embeddable":true,"href":"https:\/\/tourdaonhatrang.com\/en\/wp-json\/wp\/v2\/product_cat?post=25886"},{"taxonomy":"product_tag","embeddable":true,"href":"https:\/\/tourdaonhatrang.com\/en\/wp-json\/wp\/v2\/product_tag?post=25886"}],"curies":[{"name":"wp","href":"https:\/\/api.w.org\/{rel}","templated":true}]}}