{"id":33879,"date":"2024-03-11T10:30:10","date_gmt":"2024-03-11T03:30:10","guid":{"rendered":"https:\/\/tourdaonhatrang.com\/?post_type=product&#038;p=33879"},"modified":"2026-04-24T07:21:44","modified_gmt":"2026-04-24T00:21:44","slug":"nha-trang-snorkeling-tour","status":"publish","type":"product","link":"https:\/\/tourdaonhatrang.com\/en\/nha-trang-snorkeling-tour\/","title":{"rendered":"Snorkeling Tour Nha Trang (Tour 6)"},"content":{"rendered":"<div id=\"ez-toc-container\" class=\"ez-toc-v2_0_82_2 counter-hierarchy ez-toc-counter ez-toc-grey ez-toc-container-direction\">\n<div class=\"ez-toc-title-container\">\n<p class=\"ez-toc-title\" style=\"cursor:inherit\">Content<\/p>\n<span class=\"ez-toc-title-toggle\"><a href=\"#\" class=\"ez-toc-pull-right ez-toc-btn ez-toc-btn-xs ez-toc-btn-default ez-toc-toggle\" aria-label=\"Toggle Table of Content\"><span class=\"ez-toc-js-icon-con\"><span class=\"\"><span class=\"eztoc-hide\" style=\"display:none;\">Toggle<\/span><span class=\"ez-toc-icon-toggle-span\"><svg style=\"fill: #999;color:#999\" xmlns=\"http:\/\/www.w3.org\/2000\/svg\" class=\"list-377408\" width=\"20px\" height=\"20px\" viewbox=\"0 0 24 24\" fill=\"none\"><path d=\"M6 6H4v2h2V6zm14 0H8v2h12V6zM4 11h2v2H4v-2zm16 0H8v2h12v-2zM4 16h2v2H4v-2zm16 0H8v2h12v-2z\" fill=\"currentColor\"><\/path><\/svg><svg style=\"fill: #999;color:#999\" class=\"arrow-unsorted-368013\" xmlns=\"http:\/\/www.w3.org\/2000\/svg\" width=\"10px\" height=\"10px\" viewbox=\"0 0 24 24\" version=\"1.2\" baseprofile=\"tiny\"><path d=\"M18.2 9.3l-6.2-6.3-6.2 6.3c-.2.2-.3.4-.3.7s.1.5.3.7c.2.2.4.3.7.3h11c.3 0 .5-.1.7-.3.2-.2.3-.5.3-.7s-.1-.5-.3-.7zM5.8 14.7l6.2 6.3 6.2-6.3c.2-.2.3-.5.3-.7s-.1-.5-.3-.7c-.2-.2-.4-.3-.7-.3h-11c-.3 0-.5.1-.7.3-.2.2-.3.5-.3.7s.1.5.3.7z\"\/><\/svg><\/span><\/span><\/span><\/a><\/span><\/div>\n<nav><ul class='ez-toc-list ez-toc-list-level-1' ><li class='ez-toc-page-1 ez-toc-heading-level-1'><a class=\"ez-toc-link ez-toc-heading-1\" href=\"https:\/\/tourdaonhatrang.com\/en\/nha-trang-snorkeling-tour\/#Tour_Snorkeling_Nha_Trang\" >Nha Trang Snorkeling Tour<\/a><ul class='ez-toc-list-level-2' ><li class='ez-toc-heading-level-2'><a class=\"ez-toc-link ez-toc-heading-2\" href=\"https:\/\/tourdaonhatrang.com\/en\/nha-trang-snorkeling-tour\/#Lan_Snorkeling_Nha_Trang_ngam_san_ho_Hon_Mun\" >L\u1eb7n Snorkeling Nha Trang ng\u1eafm san h\u00f4 H\u00f2n Mun<\/a><\/li><li class='ez-toc-page-1 ez-toc-heading-level-2'><a class=\"ez-toc-link ez-toc-heading-3\" href=\"https:\/\/tourdaonhatrang.com\/en\/nha-trang-snorkeling-tour\/#Dia_diem_to_chuc_tour_Snorkeling_Nha_Trang\" >\u0110\u1ecba \u0111i\u1ec3m t\u1ed5 ch\u1ee9c tour Snorkeling Nha Trang<\/a><\/li><li class='ez-toc-page-1 ez-toc-heading-level-2'><a class=\"ez-toc-link ez-toc-heading-4\" href=\"https:\/\/tourdaonhatrang.com\/en\/nha-trang-snorkeling-tour\/#Gia_tour_Snorkeling_Nha_Trang\" >Gi\u00e1 tour Snorkeling Nha Trang<\/a><\/li><li class='ez-toc-page-1 ez-toc-heading-level-2'><a class=\"ez-toc-link ez-toc-heading-5\" href=\"https:\/\/tourdaonhatrang.com\/en\/nha-trang-snorkeling-tour\/#Lich_trinh_tour_lan_Snorkleing_Nha_Trang\" >L\u1ecbch tr\u00ecnh tour l\u1eb7n Snorkleing Nha Trang<\/a><\/li><\/ul><\/li><\/ul><\/nav><\/div>\n<h1><span class=\"ez-toc-section\" id=\"Tour_Snorkeling_Nha_Trang\"><\/span>Nha Trang Snorkeling Tour<span class=\"ez-toc-section-end\"><\/span><\/h1>\n<p>Tr\u1ea3i nghi\u1ec7m tour snorkeling Nha Trang t\u1ea1i 3 \u0111i\u1ec3m l\u1eb7n \u0111\u1eb9p nh\u1ea5t, M\u0169i C\u00e1 H\u1ec1 v\u1edbi \u0111a d\u1ea1ng c\u00e1c r\u1ea1n san h\u00f4 c\u00f9ng nh\u1eefng \u0111\u00e0n c\u00e1 l\u1edbn nh\u1ecf \u0111\u1ee7 m\u00e0u s\u1eafc. Tour t\u1ed5 ch\u1ee9c h\u1eb1ng ng\u00e0y, \u0111\u01b0a \u0111\u00f3n t\u1ea1i \u0111i\u1ec3m h\u1eb9n k\u00e8m b\u1eefa tr\u01b0a th\u1ecbnh soan, n\u01b0\u1edbc u\u1ed1ng c\u00f9ng c\u00e1c lo\u1ea1i hoa qu\u1ea3 t\u01b0\u01a1i m\u00e1t.<\/p>\n<div id=\"text-146997676\">\n<h2><span class=\"ez-toc-section\" id=\"Lan_Snorkeling_Nha_Trang_ngam_san_ho_Hon_Mun\"><\/span>L\u1eb7n Snorkeling Nha Trang ng\u1eafm san h\u00f4 H\u00f2n Mun<span class=\"ez-toc-section-end\"><\/span><\/h2>\n<\/div>\n<div id=\"text-2612116221\">\n<p>C\u00e1c b\u1ea1n \u0111\u00e3 tr\u1ea3i nghi\u1ec7m l\u1eb7n bi\u1ec3n kh\u00e1m ph\u00e1 \u0111\u1ea1i d\u01b0\u01a1ng m\u1ed9t l\u1ea7n trong \u0111\u1eddi ch\u01b0a? C\u00f2n ch\u1ea7n ch\u1eeb g\u00ec n\u1eefa, gh\u00e9 ngay H\u00f2n Mun \u2013 khu b\u1ea3o t\u1ed3n sinh v\u1eadt bi\u1ec3n tr\u1ea3i nghi\u1ec7m ngay \u0111i n\u00e0o! \u0110\u1eebng lo l\u1eafng c\u00e1c b\u1ea1n kh\u00f4ng bi\u1ebft b\u01a1i v\u1eabn l\u1eb7n \u0111\u01b0\u1ee3c ch\u1ec9 c\u1ea7n m\u1eb7c \u00e1o phao, \u0111eo k\u00ednh b\u01a1i, \u1ed1ng th\u1edf v\u00e0o l\u00e0 l\u1eb7n v\u00f4 t\u01b0!<\/p>\n<figure style=\"width: 750px\" class=\"wp-caption alignnone\"><img loading=\"lazy\" decoding=\"async\" src=\"https:\/\/tourdaonhatrang.com\/wp-content\/uploads\/2023\/09\/tour-snorkeling-nha-trang-05.jpeg\" alt=\"Nha Trang snorkeling tour\" width=\"750\" height=\"500\" title=\"\"><figcaption class=\"wp-caption-text\">L\u1eb7n snorkerling t\u1ea1i H\u00f2n Mun<\/figcaption><\/figure>\n<p><strong>See more &gt;&gt;&gt; <a href=\"https:\/\/hontamnhatrang.com\/tour-hon-tam-tron-goi\/\" rel=\"noopener\">Hon Tam 1 Day Package Tour<\/a><\/strong><\/p>\n<h2><span class=\"ez-toc-section\" id=\"Dia_diem_to_chuc_tour_Snorkeling_Nha_Trang\"><\/span>\u0110\u1ecba \u0111i\u1ec3m t\u1ed5 ch\u1ee9c tour Snorkeling Nha Trang<span class=\"ez-toc-section-end\"><\/span><\/h2>\n<p>\u0110\u00e3 n\u00f3i \u0111i\u00a0<a href=\"https:\/\/tourdaonhatrang.com\/en\/lan-bien-nha-trang-tour-ngam-san-ho-review\/\" rel=\"noopener\">l\u1eb7n bi\u1ec3n Nha Trang<\/a>\u00a0th\u00ec \u0111\u1ecba \u0111i\u1ec3m l\u1eb7n ph\u1ea3i l\u00e0 \u0111\u1ea3o H\u00f2n Mun ch\u1ee9 kh\u00f4ng ph\u1ea3i m\u1ed9t n\u01a1i n\u00e0o kh\u00e1c v\u00ec n\u01a1i n\u00e0y ch\u00ednh l\u00e0 khu b\u1ea3o t\u1ed3n san h\u00f4 c\u1ee7a Vi\u1ec7t Nam , n\u01a1i \u0111\u00e2y c\u00f3 g\u1ea7n 800 lo\u00e0i san h\u00f4, trong \u0111\u00f3 c\u00f3 nh\u1eefng lo\u00e0i thu\u1ed9c h\u00e0ng qu\u00fd hi\u1ebfm tr\u00ean th\u1ebf gi\u1edbi. Ngo\u00e0i ra c\u00f2n m\u1ed9t s\u1ed1 \u0111\u1ecba \u0111i\u1ec3m n\u1eefa nh\u01b0 H\u00f2n M\u1ed9t, B\u00e3i C\u0169i, B\u00e3i D\u1eeba,\u00a0<a href=\"https:\/\/tourdao.vn\/du-lich-hon-tam-nha-trang\/\" rel=\"noopener\">H\u00f2n T\u1eb1m Nha Trang.<\/a><\/p>\n<p><strong>See more &gt;&gt;&gt; <a href=\"https:\/\/tourdao.vn\/so-sanh-3-hoat-dong-lan-ngam-san-ho-nha-trang-noi-bat\/\" rel=\"noopener\">So s\u00e1nh 3 ho\u1ea1t \u0111\u1ed9ng l\u1eb7n ng\u1eafm san h\u00f4 Nha Trang n\u1ed5i b\u1eadt<\/a><\/strong><\/p>\n<h2><span class=\"ez-toc-section\" id=\"Gia_tour_Snorkeling_Nha_Trang\"><\/span><span id=\"Gia_tour_Snorkeling_Nha_Trang\"><\/span>Gi\u00e1 tour Snorkeling Nha Trang<span class=\"ez-toc-section-end\"><\/span><\/h2>\n<p>Qu\u00fd kh\u00e1ch \u0111\u1eb7t tr\u01b0\u1edbc tour, cung c\u1ea5p th\u00f4ng tin kh\u00e1ch h\u00e0ng g\u1ed3m: H\u1ecc T\u00caN + NG\u00c0Y TH\u00c1NG N\u0102M SINH c\u1ee7a t\u1eebng ng\u01b0\u1eddi \u0111\u1ec3 ph\u1ee5c v\u1ee5 cho vi\u1ec7c khai b\u00e1o b\u1eaft bu\u1ed9c t\u1ea1i c\u1ea3ng v\u1ee5 Nha Trang theo quy \u0111\u1ecbnh<\/p>\n<ul>\n<li><span style=\"color: #ed1c24;\"><strong>Ng\u01b0\u1eddi l\u1edbn: 550,000 \u0111\u1ed3ng\/kh\u00e1ch<\/strong><\/span><\/li>\n<li><span style=\"color: #ed1c24;\"><strong>Tr\u1ebb em: 385,000 \u0111\u1ed3ng\/kh\u00e1ch (T\u1eeb 1m \u0111\u1ebfn 1m30)<\/strong><\/span><\/li>\n<\/ul>\n<p>Gi\u00e1 \u0111\u00e3 bao g\u1ed3m:<\/p>\n<ul>\n<li>Ph\u00ed \u0111\u01b0a \u0111\u00f3n, h\u01b0\u1edbng d\u1eabn vi\u00ean<\/li>\n<li>V\u00e9 v\u00e0o c\u00e1c \u0111i\u1ec3m l\u1eb7n<\/li>\n<li>K\u00ednh l\u1eb7n, \u1ed1ng th\u1edf<\/li>\n<li>\u0102n tr\u01b0a tr\u00ean t\u00e0u g\u1ed7<\/li>\n<li>L\u1eb7n Snorkeling<\/li>\n<li>Travel insurance<\/li>\n<\/ul>\n<p>Gi\u00e1 kh\u00f4ng bao g\u1ed3m:<\/p>\n<ul>\n<li>Chi ph\u00ed t\u1ef1 t\u00fac<\/li>\n<li>Tr\u00f2 ch\u01a1i l\u1eb7n bi\u1ec3n v\u1edbi b\u00ecnh kh\u00ed, d\u00f9 bay, m\u00f4 t\u00f4 n\u01b0\u1edbc v\u00e0 c\u00e1c tr\u00f2 ch\u01a1i kh\u00e1c.<\/li>\n<\/ul>\n<h2><span class=\"ez-toc-section\" id=\"Lich_trinh_tour_lan_Snorkleing_Nha_Trang\"><\/span>L\u1ecbch tr\u00ecnh tour l\u1eb7n Snorkleing Nha Trang<span class=\"ez-toc-section-end\"><\/span><\/h2>\n<p><strong>08:00 \u2013 09:00:<\/strong><\/p>\n<p>\u0110\u00f3n kh\u00e1ch\u00a0t\u1ea1i nh\u00e0 ri\u00eang, kh\u00e1ch s\u1ea1n ho\u1eb7c b\u1ea5t c\u1ee9 \u0111i\u1ec3m n\u00e0o trong trung t\u00e2m th\u00e0nh ph\u1ed1 \u0111\u1ebfn <a href=\"https:\/\/tourdaonhatrang.com\/en\/nha-trang-tourist-boat\/\">Nha Trang tourist wharf<\/a> (388 V\u00f5 Th\u1ecb S\u00e1u).<\/p>\n<p><strong>09:00 \u2013 10:00:<\/strong><\/p>\n<p>H\u01b0\u1edbng d\u1eabn vi\u00ean \u0111\u00f3n du kh\u00e1ch xu\u1ed1ng t\u00e0u v\u00e0 kh\u1edfi h\u00e0nh\u00a0\u0111\u1ebfn \u0111i\u1ec3m l\u1eb7n \u0111\u1ea7u ti\u00ean \u2013 M\u0169i C\u00e1 H\u1ec1.\u00a0T\u1ea1i \u0111\u00e2y, du kh\u00e1ch s\u1ebd \u0111\u01b0\u1ee3c t\u1eafm bi\u1ec3n v\u00e0 tr\u1ea3i nghi\u1ec7m l\u1eb7n Snorkeling b\u1eb1ng k\u00ednh l\u1eb7n, \u1ed1ng th\u1edf (\u0111\u00e3 bao g\u1ed3m trong tour).<\/p>\n<figure style=\"width: 750px\" class=\"wp-caption alignnone\"><img loading=\"lazy\" decoding=\"async\" src=\"https:\/\/tourdaonhatrang.com\/wp-content\/uploads\/2023\/09\/tour-snorkeling-nha-trang-03.jpeg\" alt=\"Nha Trang snorkeling tour\" width=\"750\" height=\"500\" title=\"\"><figcaption class=\"wp-caption-text\">L\u1eb7n Snorkeling t\u1ea1i \u0111\u1ea3o H\u00f2n Mun<\/figcaption><\/figure>\n<div id=\"image_216663565\">\n<div>\n<p><strong>10:00\u00a0\u2013\u00a012:00<\/strong><\/p>\n<p>\u0110\u1ebfn H\u00f2n Mun Nha Trang \u2013\u00a0khu b\u1ea3o t\u1ed3n sinh v\u1eadt bi\u1ec3n quan tr\u1ecdng c\u1ee7a Vi\u1ec7t Nam, v\u1edbi l\u00e0n n\u01b0\u1edbc trong xanh v\u1edbi \u0111\u1ee7 c\u00e1c lo\u00e0i c\u00e1 v\u00e0 san h\u00f4. \u1ede \u0111\u00e2y, m\u1ecdi ng\u01b0\u1eddi s\u1ebd t\u1ef1 do b\u01a1i l\u1ed9i ,t\u1eafm bi\u1ec3n, tha h\u1ed3 ch\u1ee5p \u1ea3nh.<\/p>\n<div id=\"image_2130916070\">\n<p><strong>12:00\u00a0\u2013\u00a014:00<\/strong><\/p>\n<p>D\u00f9ng b\u1eefa tr\u01b0a tr\u00ean \u0111\u01b0\u1eddng di chuy\u1ec3n \u0111\u1ebfn H\u00f2n M\u1ed9t.\u00a0Qu\u00fd kh\u00e1ch \u0103n tr\u01b0a tr\u00ean t\u00e0u g\u1ed7, th\u01b0\u1edfng th\u1ee9c tr\u00e1i c\u00e2y theo m\u00f9a, ngh\u1ec9 ng\u01a1i. Ho\u1eb7c c\u00f3 th\u1ec3 tham gia c\u00e1c tr\u00f2 ch\u01a1i bi\u1ec3n, t\u1eafm bi\u1ec3n,\u2026.<\/p>\n<p><strong>14:00 &#8211; 14:30<\/strong><\/p>\n<p>T\u00e0u g\u1ed7 c\u00f9ng h\u01b0\u1edbng d\u1eabn vi\u00ean s\u1ebd \u0111\u01b0a qu\u00fd kh\u00e1ch\u00a0v\u1ec1 l\u1ea1i b\u1ebfn t\u00e0u du l\u1ecbch Nha Trang. Xe du l\u1ecbch \u0111\u00f3n qu\u00fd kh\u00e1ch tr\u1edf l\u1ea1i \u0111i\u1ec3m h\u1eb9n.\u00a0K\u1ebft th\u00fac h\u00e0nh tr\u00ecnh tour Snorkeling Nha Trang l\u1eb7n bi\u1ec3n kh\u00e1m ph\u00e1 3 \u0111\u1ea3o tuy\u1ec7t v\u1eddi!<\/p>\n<p><strong>See more &gt;&gt;&gt; <a href=\"https:\/\/tourdaonhatrang.com\/en\/tour-dao-nha-trang\/\">Nha Trang Island Tour<\/a><\/strong><\/p>\n<\/div>\n<\/div>\n<\/div>\n<\/div>","protected":false},"excerpt":{"rendered":"<p><span style=\"font-size: 120%; color: #ff0000;\"><strong><span style=\"text-decoration: underline;\">Tour 6<\/span><\/strong><\/span><\/p>\n<p><img loading=\"lazy\" decoding=\"async\" class=\"alignnone wp-image-39900\" src=\"https:\/\/tourdaonhatrang.com\/wp-content\/uploads\/2024\/03\/phieu-khuyen-mai-thanh-toan-ngay-1.png\" alt=\"\u01afu \u0111\u00e3i thanh to\u00e1n ngay\" width=\"550\" height=\"236\" srcset=\"https:\/\/tourdaonhatrang.com\/wp-content\/uploads\/2024\/03\/phieu-khuyen-mai-thanh-toan-ngay-1.png 840w, https:\/\/tourdaonhatrang.com\/wp-content\/uploads\/2024\/03\/phieu-khuyen-mai-thanh-toan-ngay-1-300x129.png 300w, https:\/\/tourdaonhatrang.com\/wp-content\/uploads\/2024\/03\/phieu-khuyen-mai-thanh-toan-ngay-1-768x329.png 768w, https:\/\/tourdaonhatrang.com\/wp-content\/uploads\/2024\/03\/phieu-khuyen-mai-thanh-toan-ngay-1-18x8.png 18w, https:\/\/tourdaonhatrang.com\/wp-content\/uploads\/2024\/03\/phieu-khuyen-mai-thanh-toan-ngay-1-400x171.png 400w, https:\/\/tourdaonhatrang.com\/wp-content\/uploads\/2024\/03\/phieu-khuyen-mai-thanh-toan-ngay-1-600x257.png 600w\" sizes=\"auto, (max-width: 550px) 100vw, 550px\" \/><\/p>\n<h3 class=\"product-title product_title entry-title\"><span style=\"color: #0000ff; font-size: 100%;\">Adults: 550,000 VND - Children: 385,000 VND<\/span><\/h3>\n<ul>\n<li>Group wooden boat tour<\/li>\n<li>Pick up at meeting point in city<\/li>\n<li>Snorkeling at CLOWN CAPE \u2013 HON MUN \u2013 HON MOT<\/li>\n<li>Maximum group size: 25 people<\/li>\n<li>Tour includes lunch on board<\/li>\n<li>Support throughout the journey<\/li>\n<li>Hotline: <a href=\"tel:0849256256\">0849 256 256<\/a><\/li>\n<li><span style=\"color: #0000ff;\">Payment promotion 5%<\/span><\/li>\n<\/ul>\n<div class=\"hJDwNd-AhqUyc-qWD73c purZT-AhqUyc-II5mzb pSzOP-AhqUyc-qWD73c JNdkSc\">\n<div class=\"JNdkSc-SmKAyb\">\n<div class=\"\">\n<div class=\"oKdM2c Kzv0Me\">\n<div class=\"hJDwNd-AhqUyc-qWD73c purZT-AhqUyc-II5mzb pSzOP-AhqUyc-qWD73c JNdkSc\">\n<div class=\"JNdkSc-SmKAyb\">\n<div class=\"\">\n<div class=\"oKdM2c Kzv0Me\">\n<div id=\"h.f128f2fe5256b73_1433\" class=\"hJDwNd-AhqUyc-qWD73c jXK9ad D2fZ2 OjCsFc wHaque GNzUNc\">\n<div class=\"jXK9ad-SmKAyb\">\n<div class=\"tyJCtd mGzaTb baZpAe\">\n<div class=\"row row-small mua-ngay-button\">\n<div class=\"cot1 medium-6 small-12 large-6\">\n<div class=\"col-inner\"><a class=\"button primary is-large lowercase expand\" style=\"border-radius: 3px;\" href=\"https:\/\/tourdaonhatrang.com\/en\/nha-trang-snorkeling-tour\/\">See details<br \/>\n<\/a><\/div>\n<\/div>\n<div class=\"cot2 medium-6 small-12 large-6\">\n<div class=\"col-inner\"><a class=\"button success is-large lowercase expand\" style=\"border-radius: 3px;\" href=\"https:\/\/tourdaonhatrang.com\/en\/knife-tour\/dat-ve-tour-snorkeling-nha-trang\/\" target=\"_self\" rel=\"noopener\"><span style=\"vertical-align: inherit;\">\ud83d\uded2 Book tickets quickly<\/span><\/a><\/div>\n<\/div>\n<\/div>\n<\/div>\n<\/div>\n<\/div>\n<\/div>\n<\/div>\n<\/div>\n<\/div>\n<\/div>\n<\/div>\n<\/div>\n<\/div>","protected":false},"featured_media":35206,"comment_status":"open","ping_status":"closed","template":"","meta":[],"product_brand":[],"product_cat":[35,668,667],"product_tag":[730,53,702,716],"class_list":{"0":"post-33879","1":"product","2":"type-product","3":"status-publish","4":"has-post-thumbnail","6":"product_cat-tour-cac-dao-nha-trang","7":"product_cat-tour-hon-mun-nha-trang","8":"product_cat-tour-lan-bien-nha-trang","9":"product_tag-cang-du-lich-nha-trang","10":"product_tag-tour-dao-nha-trang","11":"product_tag-tour-lan-bien-nha-trang","12":"product_tag-tour-lan-snorkeling-nha-trang","14":"first","15":"instock","16":"shipping-taxable","17":"product-type-simple"},"_links":{"self":[{"href":"https:\/\/tourdaonhatrang.com\/en\/wp-json\/wp\/v2\/product\/33879","targetHints":{"allow":["GET"]}}],"collection":[{"href":"https:\/\/tourdaonhatrang.com\/en\/wp-json\/wp\/v2\/product"}],"about":[{"href":"https:\/\/tourdaonhatrang.com\/en\/wp-json\/wp\/v2\/types\/product"}],"replies":[{"embeddable":true,"href":"https:\/\/tourdaonhatrang.com\/en\/wp-json\/wp\/v2\/comments?post=33879"}],"wp:featuredmedia":[{"embeddable":true,"href":"https:\/\/tourdaonhatrang.com\/en\/wp-json\/wp\/v2\/media\/35206"}],"wp:attachment":[{"href":"https:\/\/tourdaonhatrang.com\/en\/wp-json\/wp\/v2\/media?parent=33879"}],"wp:term":[{"taxonomy":"product_brand","embeddable":true,"href":"https:\/\/tourdaonhatrang.com\/en\/wp-json\/wp\/v2\/product_brand?post=33879"},{"taxonomy":"product_cat","embeddable":true,"href":"https:\/\/tourdaonhatrang.com\/en\/wp-json\/wp\/v2\/product_cat?post=33879"},{"taxonomy":"product_tag","embeddable":true,"href":"https:\/\/tourdaonhatrang.com\/en\/wp-json\/wp\/v2\/product_tag?post=33879"}],"curies":[{"name":"wp","href":"https:\/\/api.w.org\/{rel}","templated":true}]}}