{"id":33894,"date":"2023-03-28T14:27:18","date_gmt":"2023-03-28T07:27:18","guid":{"rendered":"https:\/\/tourdaonhatrang.com\/?post_type=product&#038;p=33894"},"modified":"2026-03-14T06:54:25","modified_gmt":"2026-03-13T23:54:25","slug":"hon-tam-sea-mud-tour-03","status":"publish","type":"product","link":"https:\/\/tourdaonhatrang.com\/en\/hon-tam-sea-mud-tour-03\/","title":{"rendered":"Hon Tam Nha Trang Ticket Price \u2013 Half-day Hon Tam Tour (Package 4)"},"content":{"rendered":"<div id=\"ez-toc-container\" class=\"ez-toc-v2_0_82_2 counter-hierarchy ez-toc-counter ez-toc-grey ez-toc-container-direction\">\n<div class=\"ez-toc-title-container\">\n<p class=\"ez-toc-title\" style=\"cursor:inherit\">Content<\/p>\n<span class=\"ez-toc-title-toggle\"><a href=\"#\" class=\"ez-toc-pull-right ez-toc-btn ez-toc-btn-xs ez-toc-btn-default ez-toc-toggle\" aria-label=\"Toggle Table of Content\"><span class=\"ez-toc-js-icon-con\"><span class=\"\"><span class=\"eztoc-hide\" style=\"display:none;\">Toggle<\/span><span class=\"ez-toc-icon-toggle-span\"><svg style=\"fill: #999;color:#999\" xmlns=\"http:\/\/www.w3.org\/2000\/svg\" class=\"list-377408\" width=\"20px\" height=\"20px\" viewbox=\"0 0 24 24\" fill=\"none\"><path d=\"M6 6H4v2h2V6zm14 0H8v2h12V6zM4 11h2v2H4v-2zm16 0H8v2h12v-2zM4 16h2v2H4v-2zm16 0H8v2h12v-2z\" fill=\"currentColor\"><\/path><\/svg><svg style=\"fill: #999;color:#999\" class=\"arrow-unsorted-368013\" xmlns=\"http:\/\/www.w3.org\/2000\/svg\" width=\"10px\" height=\"10px\" viewbox=\"0 0 24 24\" version=\"1.2\" baseprofile=\"tiny\"><path d=\"M18.2 9.3l-6.2-6.3-6.2 6.3c-.2.2-.3.4-.3.7s.1.5.3.7c.2.2.4.3.7.3h11c.3 0 .5-.1.7-.3.2-.2.3-.5.3-.7s-.1-.5-.3-.7zM5.8 14.7l6.2 6.3 6.2-6.3c.2-.2.3-.5.3-.7s-.1-.5-.3-.7c-.2-.2-.4-.3-.7-.3h-11c-.3 0-.5.1-.7.3-.2.2-.3.5-.3.7s.1.5.3.7z\"\/><\/svg><\/span><\/span><\/span><\/a><\/span><\/div>\n<nav><ul class='ez-toc-list ez-toc-list-level-1' ><li class='ez-toc-page-1 ez-toc-heading-level-1'><a class=\"ez-toc-link ez-toc-heading-1\" href=\"https:\/\/tourdaonhatrang.com\/en\/hon-tam-sea-mud-tour-03\/#Gia_Ve_Hon_Tam_Nha_Trang_%E2%80%93_Tour_Hon_Tam_nua_ngay\" >Hon Tam Nha Trang Ticket Price \u2013 Half-day Hon Tam Tour<\/a><ul class='ez-toc-list-level-2' ><li class='ez-toc-heading-level-2'><a class=\"ez-toc-link ez-toc-heading-2\" href=\"https:\/\/tourdaonhatrang.com\/en\/hon-tam-sea-mud-tour-03\/#Gia_ve_Hon_Tam_Nha_Trang\" >Hon Tam Nha Trang ticket price<\/a><\/li><li class='ez-toc-page-1 ez-toc-heading-level-2'><a class=\"ez-toc-link ez-toc-heading-3\" href=\"https:\/\/tourdaonhatrang.com\/en\/hon-tam-sea-mud-tour-03\/#Tour_1_dao_Hon_Tam_Nha_Trang_bao_gom_nhung_gi\" >Tour 1 \u0111\u1ea3o H\u00f2n T\u1eb1m Nha Trang bao g\u1ed3m nh\u1eefng g\u00ec?<\/a><ul class='ez-toc-list-level-3' ><li class='ez-toc-heading-level-3'><a class=\"ez-toc-link ez-toc-heading-4\" href=\"https:\/\/tourdaonhatrang.com\/en\/hon-tam-sea-mud-tour-03\/#Gia_ve_Hon_Tam_Nha_Trang-2\" >Hon Tam Nha Trang ticket price<\/a><ul class='ez-toc-list-level-4' ><li class='ez-toc-heading-level-4'><a class=\"ez-toc-link ez-toc-heading-5\" href=\"https:\/\/tourdaonhatrang.com\/en\/hon-tam-sea-mud-tour-03\/#Gia_tour_Hon_Tam_Sea_Mud_03\" >Hon Tam Sea Mud 03 tour price:<\/a><\/li><li class='ez-toc-page-1 ez-toc-heading-level-4'><a class=\"ez-toc-link ez-toc-heading-6\" href=\"https:\/\/tourdaonhatrang.com\/en\/hon-tam-sea-mud-tour-03\/#Chinh_sach_quy_dinh_ve_tre_em\" >Child ticket policy<\/a><\/li><li class='ez-toc-page-1 ez-toc-heading-level-4'><a class=\"ez-toc-link ez-toc-heading-7\" href=\"https:\/\/tourdaonhatrang.com\/en\/hon-tam-sea-mud-tour-03\/#Tour_Hon_Tam_Seamud_nua_ngay_bao_gom\" >Half-day Hon Tam Seamud Tour includes:<\/a><\/li><li class='ez-toc-page-1 ez-toc-heading-level-4'><a class=\"ez-toc-link ez-toc-heading-8\" href=\"https:\/\/tourdaonhatrang.com\/en\/hon-tam-sea-mud-tour-03\/#Tour_Hon_Tam_Seamud_nua_ngay_khong_bao_gom\" >Half-day Hon Tam Seamud tour not included<\/a><\/li><\/ul><\/li><\/ul><\/li><li class='ez-toc-page-1 ez-toc-heading-level-2'><a class=\"ez-toc-link ez-toc-heading-9\" href=\"https:\/\/tourdaonhatrang.com\/en\/hon-tam-sea-mud-tour-03\/#Nhung_quy_dinh_ban_can_biet_ve_gia_ve_Hon_Tam_Nha_Trang\" >Regulations you need to know about Hon Tam Nha Trang ticket prices<\/a><ul class='ez-toc-list-level-3' ><li class='ez-toc-heading-level-3'><a class=\"ez-toc-link ez-toc-heading-10\" href=\"https:\/\/tourdaonhatrang.com\/en\/hon-tam-sea-mud-tour-03\/#Diem_khoi_hanh_tour_Hon_Tam_Seamud_nua_ngay\" >Departure point of Hon Tam Seamud half-day tour<\/a><\/li><\/ul><\/li><\/ul><\/li><\/ul><\/nav><\/div>\n<h1><span class=\"ez-toc-section\" id=\"Gia_Ve_Hon_Tam_Nha_Trang_%E2%80%93_Tour_Hon_Tam_nua_ngay\"><\/span><strong>Hon Tam Nha Trang Ticket Price \u2013 Half-day Hon Tam Tour<\/strong><span class=\"ez-toc-section-end\"><\/span><\/h1>\n<p>The half-day tour package &quot;Hon Tam Seamud 03 Half-Day Tour&quot; is really a good choice for tourists who have little time but still want to enjoy the experience at Hon Tam tourist area by speedboat.<\/p>\n<blockquote><p>Latest update: Hon Tam port has temporarily closed for construction and repair. Instead, visitors will depart for Hon Tam at Vinpearl Nha Trang port.<\/p><\/blockquote>\n<blockquote><p>After you book a ticket with the phone number\/email below, the port guide will guide you on how to get around, pick you up at the port, assist with check-in, and provide other support at the port before you board the ship, so you can rest assured!<\/p><\/blockquote>\n<h2><span class=\"ez-toc-section\" id=\"Gia_ve_Hon_Tam_Nha_Trang\"><\/span>Hon Tam Nha Trang ticket price<span class=\"ez-toc-section-end\"><\/span><\/h2>\n<p>Here are the highlights of this tour package:<\/p>\n<ol>\n<li>Reasonable duration: With a duration of only half a day, this tour is suitable for those with busy travel plans or just want to spend a little time on a short tour.<\/li>\n<li>Enjoy the full facilities: This tour package still allows visitors to experience both sea bathing and mud bathing at Hon Tam. This means that you can enjoy the sea view and the beauty benefits of mud bathing in a short period of time.<\/li>\n<li>Save time: No need to spend all day on the tour, visitors can still enjoy great services at Hon Tam without worrying about being too late to return.<\/li>\n<li>Great experience: Even if it is only half a day, visitors still have the opportunity to experience relaxation and fun at Hon Tam Island, with the sea, sandy beaches, mud baths and many other recreational activities.<\/li>\n<\/ol>\n<p>With <strong><a href=\"https:\/\/tourdaonhatrang.com\/en\/tour-hon-tam-sea-mud\/\">Hon Tam Sea Mud Tour<\/a><\/strong> Visitors can enjoy part of the beauty and amenities of Hon Tam in a short period of time without having to spend the whole day on a tour. This helps to create a flexible and convenient sightseeing experience for everyone.<\/p>\n<p><strong>See more &gt;&gt;&gt; <a href=\"https:\/\/hontamnhatrang.com\/ve-hon-tam-nha-trang-tron-goi\/\" rel=\"noopener\">Hon Tam Package Tickets \u2013 1-day Hon Tam Tour Area B<\/a><\/strong><\/p>\n<div>\n<div>\n<div>\n<div>\n<div>\n<div>\n<div>\n<div>\n<div>\n<div>\n<h2><span class=\"ez-toc-section\" id=\"Tour_1_dao_Hon_Tam_Nha_Trang_bao_gom_nhung_gi\"><\/span>Tour 1 \u0111\u1ea3o H\u00f2n T\u1eb1m Nha Trang bao g\u1ed3m nh\u1eefng g\u00ec?<span class=\"ez-toc-section-end\"><\/span><\/h2>\n<p>From January 1, 2024, Hon Tam tourist area applies new prices after improvements and commitment to maintain 5-star service quality standards.<\/p>\n<h3><span class=\"ez-toc-section\" id=\"Gia_ve_Hon_Tam_Nha_Trang-2\"><\/span>Hon Tam Nha Trang ticket price<span class=\"ez-toc-section-end\"><\/span><\/h3>\n<h4><span class=\"ez-toc-section\" id=\"Gia_tour_Hon_Tam_Sea_Mud_03\"><\/span><strong>Hon Tam Sea Mud 03 tour price:<\/strong><span class=\"ez-toc-section-end\"><\/span><\/h4>\n<ul>\n<li>Adult ticket: 540,000 VND<\/li>\n<li>Children&#039;s ticket: 430,000 VND<\/li>\n<\/ul>\n<hr \/>\n<h4><span class=\"ez-toc-section\" id=\"Chinh_sach_quy_dinh_ve_tre_em\"><\/span><strong>Child ticket policy<\/strong><span class=\"ez-toc-section-end\"><\/span><\/h4>\n<ul>\n<li>Children under 1m free entrance<\/li>\n<li>Children are counted from 1m to 1m39.<\/li>\n<li>Over 1m39 adult ticket.<\/li>\n<\/ul>\n<h4><span class=\"ez-toc-section\" id=\"Tour_Hon_Tam_Seamud_nua_ngay_bao_gom\"><\/span><strong>Half-day Hon Tam Seamud Tour includes:<\/strong><span class=\"ez-toc-section-end\"><\/span><\/h4>\n<ul>\n<li>Two-way shuttle boat<\/li>\n<li>Free use of towels and toiletries<\/li>\n<li>Free beach amenities: Locker, towels, umbrellas, sun loungers<\/li>\n<li>Free use of kayaks<\/li>\n<li>Private beach<\/li>\n<li>Entrance ticket to visit Hon Tam Luxury Park<\/li>\n<li>Soak in hot mineral mud.<\/li>\n<li>Full body massage with hydrotherapy system<\/li>\n<li>Freely immerse yourself in the 2,063m2 mineral pool<\/li>\n<li>Experience mineral waterfall bathing and overflowing mineral pool<\/li>\n<\/ul>\n<h4><span class=\"ez-toc-section\" id=\"Tour_Hon_Tam_Seamud_nua_ngay_khong_bao_gom\"><\/span><strong>Tour <\/strong><strong>Hon Tam Seamud half a day <\/strong><strong>not included<\/strong><span class=\"ez-toc-section-end\"><\/span><\/h4>\n<ul>\n<li>Shuttle bus to the port<\/li>\n<li>Personal expenses<\/li>\n<li>Having lunch<\/li>\n<\/ul>\n<h2><span class=\"ez-toc-section\" id=\"Nhung_quy_dinh_ban_can_biet_ve_gia_ve_Hon_Tam_Nha_Trang\"><\/span>Regulations you need to know about Hon Tam Nha Trang ticket prices<span class=\"ez-toc-section-end\"><\/span><\/h2>\n<p><a href=\"https:\/\/tourdao.vn\/ve-cano-di-hon-tam-gia-bao-nhieu\/\" rel=\"noopener\"><strong>Hon Tam Nha Trang Tickets<\/strong><\/a>\u00a0has a QR code and can only be used once. So you need to keep your ticket to use each service.<\/p>\n<h3><span class=\"ez-toc-section\" id=\"Diem_khoi_hanh_tour_Hon_Tam_Seamud_nua_ngay\"><\/span>Departure point of Hon Tam Seamud half-day tour<span class=\"ez-toc-section-end\"><\/span><\/h3>\n<p>Private port of the tourist area\u00a0<a href=\"https:\/\/hontamnhatrang.com\/\" rel=\"noopener\">Hon Tam<\/a>\u00a0Located south of Nha Trang city center, about 5km from the city center, at the end of the most beautiful street in Nha Trang coastal city, Tran Phu street, Vinh Nguyen ward.<\/p>\n<p><a href=\"https:\/\/tourdao.vn\/cang-hon-tam-o-dau\/\" rel=\"noopener\">Hon Tam Port<\/a>\u00a0Located next to Nha Trang port and near VinWonders cable car. This is the departure point for tourists who have purchased a full Hon Tam ticket including a speedboat transfer.<\/p>\n<ul>\n<li>Speedboat departure time: 8:00 \u2013 9:00 \u2013 10:00 \u2013 12:00<\/li>\n<li>Speedboat departure time: 10:20 \u2013 12:20 \u2013 14:20 \u2013 15:20 \u2013 16:20<\/li>\n<\/ul>\n<blockquote><p>Note: You need to be at the port 20 minutes in advance to check in to the island.<\/p><\/blockquote>\n<p>&gt;&gt;&gt; <strong><a href=\"https:\/\/tourdaonhatrang.com\/en\/tour-hon-tam-sea-mud-tron-goi\/\">Hon Tam Seamud Tour Package<\/a><\/strong><\/p>\n<\/div>\n<\/div>\n<\/div>\n<\/div>\n<\/div>\n<\/div>\n<\/div>\n<\/div>\n<\/div>\n<\/div>","protected":false},"excerpt":{"rendered":"<p><span style=\"text-decoration: underline; color: #ff0000; font-size: 120%;\"><strong>Package 4<\/strong><\/span> <img loading=\"lazy\" decoding=\"async\" class=\"alignnone wp-image-39871\" src=\"https:\/\/tourdaonhatrang.com\/wp-content\/uploads\/2023\/01\/khuyen-mai-ngay.png\" alt=\"\" width=\"88\" height=\"88\" srcset=\"https:\/\/tourdaonhatrang.com\/wp-content\/uploads\/2023\/01\/khuyen-mai-ngay.png 530w, https:\/\/tourdaonhatrang.com\/wp-content\/uploads\/2023\/01\/khuyen-mai-ngay-300x300.png 300w, https:\/\/tourdaonhatrang.com\/wp-content\/uploads\/2023\/01\/khuyen-mai-ngay-150x150.png 150w, https:\/\/tourdaonhatrang.com\/wp-content\/uploads\/2023\/01\/khuyen-mai-ngay-12x12.png 12w, https:\/\/tourdaonhatrang.com\/wp-content\/uploads\/2023\/01\/khuyen-mai-ngay-400x400.png 400w, https:\/\/tourdaonhatrang.com\/wp-content\/uploads\/2023\/01\/khuyen-mai-ngay-100x100.png 100w\" sizes=\"auto, (max-width: 88px) 100vw, 88px\" \/><\/p>\n<p><img loading=\"lazy\" decoding=\"async\" class=\"size-full wp-image-39900\" src=\"https:\/\/tourdaonhatrang.com\/wp-content\/uploads\/2024\/03\/phieu-khuyen-mai-thanh-toan-ngay-1.png\" alt=\"\u01afu \u0111\u00e3i thanh to\u00e1n ngay\" width=\"840\" height=\"360\" srcset=\"https:\/\/tourdaonhatrang.com\/wp-content\/uploads\/2024\/03\/phieu-khuyen-mai-thanh-toan-ngay-1.png 840w, https:\/\/tourdaonhatrang.com\/wp-content\/uploads\/2024\/03\/phieu-khuyen-mai-thanh-toan-ngay-1-300x129.png 300w, https:\/\/tourdaonhatrang.com\/wp-content\/uploads\/2024\/03\/phieu-khuyen-mai-thanh-toan-ngay-1-768x329.png 768w, https:\/\/tourdaonhatrang.com\/wp-content\/uploads\/2024\/03\/phieu-khuyen-mai-thanh-toan-ngay-1-18x8.png 18w, https:\/\/tourdaonhatrang.com\/wp-content\/uploads\/2024\/03\/phieu-khuyen-mai-thanh-toan-ngay-1-400x171.png 400w, https:\/\/tourdaonhatrang.com\/wp-content\/uploads\/2024\/03\/phieu-khuyen-mai-thanh-toan-ngay-1-600x257.png 600w\" sizes=\"auto, (max-width: 840px) 100vw, 840px\" \/><\/p>\n<h3><span style=\"color: #0000ff;\">Adults: 540,000 VND<\/span><\/h3>\n<h3><span style=\"color: #0000ff;\">Seniors\/children: 430,000 VND<\/span><\/h3>\n<ul>\n<li>Departure from Hon Tam port<\/li>\n<li>Two-way shuttle canoe<\/li>\n<li>Area A Services <span style=\"color: #ff0000;\">(t\u1eb7ng khu B b\u00e3i bi\u1ec3n)<\/span><\/li>\n<li>Experience hot mineral mud bath<\/li>\n<li>Mineral bath &amp; infinity pool<\/li>\n<li>Kayaking<\/li>\n<li>Hotline: <a href=\"tel:0849256256\">0849 256 256<\/a><\/li>\n<li><span style=\"color: #0000ff;\"><span style=\"color: #ff0000;\">Lunch buffet not included<\/span><\/span><\/li>\n<li><span style=\"color: #0000ff;\">Payment promotion 5%<\/span><\/li>\n<\/ul>\n<div class=\"hJDwNd-AhqUyc-qWD73c purZT-AhqUyc-II5mzb pSzOP-AhqUyc-qWD73c JNdkSc\">\n<div class=\"JNdkSc-SmKAyb\">\n<div class=\"\">\n<div class=\"oKdM2c Kzv0Me\">\n<div class=\"hJDwNd-AhqUyc-qWD73c purZT-AhqUyc-II5mzb pSzOP-AhqUyc-qWD73c JNdkSc\">\n<div class=\"JNdkSc-SmKAyb\">\n<div class=\"\">\n<div class=\"oKdM2c Kzv0Me\">\n<div id=\"h.f128f2fe5256b73_1433\" class=\"hJDwNd-AhqUyc-qWD73c jXK9ad D2fZ2 OjCsFc wHaque GNzUNc\">\n<div class=\"jXK9ad-SmKAyb\">\n<div class=\"tyJCtd mGzaTb baZpAe\">\n<div class=\"row row-small mua-ngay-button\">\n<div class=\"cot1 medium-6 small-12 large-6\">\n<div class=\"col-inner\"><a class=\"button primary is-large lowercase expand\" style=\"border-radius: 3px;\" href=\"https:\/\/tourdaonhatrang.com\/en\/hon-tam-sea-mud-tour-03\/\">See details<\/a><\/div>\n<\/div>\n<div class=\"cot2 medium-6 small-12 large-6\">\n<div class=\"col-inner\"><a class=\"button success is-large lowercase expand\" style=\"border-radius: 3px;\" href=\"https:\/\/hontamnhatrang.com\/tour-hon-tam\/dat-ve-tour-hon-tam-tam-bun\/\" target=\"_self\" rel=\"noopener\"><span style=\"vertical-align: inherit;\">\ud83d\uded2 Book tickets quickly<\/span><\/a><\/div>\n<\/div>\n<\/div>\n<\/div>\n<\/div>\n<\/div>\n<\/div>\n<\/div>\n<\/div>\n<\/div>\n<\/div>\n<\/div>\n<\/div>\n<\/div>","protected":false},"featured_media":36460,"comment_status":"closed","ping_status":"closed","template":"","meta":[],"product_brand":[],"product_cat":[647,65],"product_tag":[680,690,681,722,723,724,675,725,687,53,695,727,728,673],"class_list":{"0":"post-33894","1":"product","2":"type-product","3":"status-publish","4":"has-post-thumbnail","6":"product_cat-tour-hon-tam-sea-mud","7":"product_cat-ve-hon-tam-nha-trang","8":"product_tag-cang-hon-tam-nha-trang-o-dau","9":"product_tag-du-lich-hon-tam-tu-tuc","10":"product_tag-gia-ve-hon-tam-nha-trang","11":"product_tag-hon-tam-nha-trang","12":"product_tag-mua-ve-hon-tam-o-dau","13":"product_tag-review-hon-tam-nha-trang","14":"product_tag-review-tam-bun-hon-tam","15":"product_tag-tam-bun-hon-tam","16":"product_tag-tour-1-dao-nha-trang","17":"product_tag-tour-dao-nha-trang","18":"product_tag-tour-dao-nha-trang-nua-ngay","19":"product_tag-ve-cano-di-hon-tam","20":"product_tag-ve-hon-tam","21":"product_tag-ve-hon-tam-nha-trang","23":"first","24":"instock","25":"shipping-taxable","26":"product-type-simple"},"_links":{"self":[{"href":"https:\/\/tourdaonhatrang.com\/en\/wp-json\/wp\/v2\/product\/33894","targetHints":{"allow":["GET"]}}],"collection":[{"href":"https:\/\/tourdaonhatrang.com\/en\/wp-json\/wp\/v2\/product"}],"about":[{"href":"https:\/\/tourdaonhatrang.com\/en\/wp-json\/wp\/v2\/types\/product"}],"replies":[{"embeddable":true,"href":"https:\/\/tourdaonhatrang.com\/en\/wp-json\/wp\/v2\/comments?post=33894"}],"wp:featuredmedia":[{"embeddable":true,"href":"https:\/\/tourdaonhatrang.com\/en\/wp-json\/wp\/v2\/media\/36460"}],"wp:attachment":[{"href":"https:\/\/tourdaonhatrang.com\/en\/wp-json\/wp\/v2\/media?parent=33894"}],"wp:term":[{"taxonomy":"product_brand","embeddable":true,"href":"https:\/\/tourdaonhatrang.com\/en\/wp-json\/wp\/v2\/product_brand?post=33894"},{"taxonomy":"product_cat","embeddable":true,"href":"https:\/\/tourdaonhatrang.com\/en\/wp-json\/wp\/v2\/product_cat?post=33894"},{"taxonomy":"product_tag","embeddable":true,"href":"https:\/\/tourdaonhatrang.com\/en\/wp-json\/wp\/v2\/product_tag?post=33894"}],"curies":[{"name":"wp","href":"https:\/\/api.w.org\/{rel}","templated":true}]}}