{"id":38329,"date":"2023-01-21T14:44:13","date_gmt":"2023-01-21T07:44:13","guid":{"rendered":"https:\/\/tourdaonhatrang.com\/?post_type=product&#038;p=38329"},"modified":"2026-03-14T07:54:42","modified_gmt":"2026-03-14T00:54:42","slug":"giay-bay-flyboard-nha-trang","status":"publish","type":"product","link":"https:\/\/tourdaonhatrang.com\/en\/giay-bay-flyboard-nha-trang\/","title":{"rendered":"Gi\u00e0y bay &#8211; Fly Board Nha Trang"},"content":{"rendered":"<div id=\"ez-toc-container\" class=\"ez-toc-v2_0_82_2 counter-hierarchy ez-toc-counter ez-toc-grey ez-toc-container-direction\">\n<div class=\"ez-toc-title-container\">\n<p class=\"ez-toc-title\" style=\"cursor:inherit\">Content<\/p>\n<span class=\"ez-toc-title-toggle\"><a href=\"#\" class=\"ez-toc-pull-right ez-toc-btn ez-toc-btn-xs ez-toc-btn-default ez-toc-toggle\" aria-label=\"Toggle Table of Content\"><span class=\"ez-toc-js-icon-con\"><span class=\"\"><span class=\"eztoc-hide\" style=\"display:none;\">Toggle<\/span><span class=\"ez-toc-icon-toggle-span\"><svg style=\"fill: #999;color:#999\" xmlns=\"http:\/\/www.w3.org\/2000\/svg\" class=\"list-377408\" width=\"20px\" height=\"20px\" viewbox=\"0 0 24 24\" fill=\"none\"><path d=\"M6 6H4v2h2V6zm14 0H8v2h12V6zM4 11h2v2H4v-2zm16 0H8v2h12v-2zM4 16h2v2H4v-2zm16 0H8v2h12v-2z\" fill=\"currentColor\"><\/path><\/svg><svg style=\"fill: #999;color:#999\" class=\"arrow-unsorted-368013\" xmlns=\"http:\/\/www.w3.org\/2000\/svg\" width=\"10px\" height=\"10px\" viewbox=\"0 0 24 24\" version=\"1.2\" baseprofile=\"tiny\"><path d=\"M18.2 9.3l-6.2-6.3-6.2 6.3c-.2.2-.3.4-.3.7s.1.5.3.7c.2.2.4.3.7.3h11c.3 0 .5-.1.7-.3.2-.2.3-.5.3-.7s-.1-.5-.3-.7zM5.8 14.7l6.2 6.3 6.2-6.3c.2-.2.3-.5.3-.7s-.1-.5-.3-.7c-.2-.2-.4-.3-.7-.3h-11c-.3 0-.5.1-.7.3-.2.2-.3.5-.3.7s.1.5.3.7z\"\/><\/svg><\/span><\/span><\/span><\/a><\/span><\/div>\n<nav><ul class='ez-toc-list ez-toc-list-level-1' ><li class='ez-toc-page-1 ez-toc-heading-level-1'><a class=\"ez-toc-link ez-toc-heading-1\" href=\"https:\/\/tourdaonhatrang.com\/en\/giay-bay-flyboard-nha-trang\/#Giay_Bay_Flyboard_Nha_Trang_%E2%80%93_Trai_Nghiem_Bay_Tren_Mat_Bien_Doc_Nhat_Tai_Thien_Duong_Du_Lich_Bien\" >Gi\u00e0y Bay Flyboard Nha Trang \u2013 Tr\u1ea3i Nghi\u1ec7m Bay Tr\u00ean M\u1eb7t Bi\u1ec3n \u0110\u1ed9c Nh\u1ea5t T\u1ea1i Thi\u00ean \u0110\u01b0\u1eddng Du L\u1ecbch Bi\u1ec3n<\/a><ul class='ez-toc-list-level-2' ><li class='ez-toc-heading-level-2'><a class=\"ez-toc-link ez-toc-heading-2\" href=\"https:\/\/tourdaonhatrang.com\/en\/giay-bay-flyboard-nha-trang\/#1_Giay_Bay_Flyboard_La_Gi\" >1. Gi\u00e0y Bay Flyboard L\u00e0 G\u00ec?<\/a><\/li><li class='ez-toc-page-1 ez-toc-heading-level-2'><a class=\"ez-toc-link ez-toc-heading-3\" href=\"https:\/\/tourdaonhatrang.com\/en\/giay-bay-flyboard-nha-trang\/#2_Vi_Sao_Nen_Trai_Nghiem_Giay_Bay_Flyboard_Nha_Trang\" >2. V\u00ec Sao N\u00ean Tr\u1ea3i Nghi\u1ec7m Gi\u00e0y Bay Flyboard Nha Trang?<\/a><\/li><li class='ez-toc-page-1 ez-toc-heading-level-2'><a class=\"ez-toc-link ez-toc-heading-4\" href=\"https:\/\/tourdaonhatrang.com\/en\/giay-bay-flyboard-nha-trang\/#3_Quy_Trinh_Choi_Giay_Bay_Flyboard_Nha_Trang\" >3. Quy Tr\u00ecnh Ch\u01a1i Gi\u00e0y Bay Flyboard Nha Trang<\/a><\/li><\/ul><\/li><\/ul><\/nav><\/div>\n<h1 data-start=\"254\" data-end=\"357\"><span class=\"ez-toc-section\" id=\"Giay_Bay_Flyboard_Nha_Trang_%E2%80%93_Trai_Nghiem_Bay_Tren_Mat_Bien_Doc_Nhat_Tai_Thien_Duong_Du_Lich_Bien\"><\/span><strong data-start=\"256\" data-end=\"357\">Gi\u00e0y Bay Flyboard Nha Trang \u2013 Tr\u1ea3i Nghi\u1ec7m Bay Tr\u00ean M\u1eb7t Bi\u1ec3n \u0110\u1ed9c Nh\u1ea5t T\u1ea1i Thi\u00ean \u0110\u01b0\u1eddng Du L\u1ecbch Bi\u1ec3n<\/strong><span class=\"ez-toc-section-end\"><\/span><\/h1>\n<p data-start=\"359\" data-end=\"812\">Trong nh\u1eefng n\u0103m g\u1ea7n \u0111\u00e2y, du l\u1ecbch bi\u1ec3n Nha Trang kh\u00f4ng ch\u1ec9 g\u1eafn li\u1ec1n v\u1edbi c\u00e1c ho\u1ea1t \u0111\u1ed9ng quen thu\u1ed9c nh\u01b0 t\u1eafm bi\u1ec3n, tham quan \u0111\u1ea3o hay l\u1eb7n ng\u1eafm san h\u00f4. M\u1ed9t xu h\u01b0\u1edbng gi\u1ea3i tr\u00ed ho\u00e0n to\u00e0n m\u1edbi m\u1ebb v\u00e0 \u0111\u1ea7y ph\u1ea5n kh\u00edch \u0111ang thu h\u00fat gi\u1edbi tr\u1ebb v\u00e0 kh\u00e1ch du l\u1ecbch qu\u1ed1c t\u1ebf \u2013 \u0111\u00f3 ch\u00ednh l\u00e0 <strong data-start=\"622\" data-end=\"653\">gi\u00e0y bay Flyboard Nha Trang<\/strong>. \u0110\u00e2y l\u00e0 m\u00f4n th\u1ec3 thao m\u1ea1o hi\u1ec3m \u0111ang \u201cl\u00e0m m\u01b0a l\u00e0m gi\u00f3\u201d tr\u00ean kh\u1eafp c\u00e1c n\u1ec1n t\u1ea3ng m\u1ea1ng x\u00e3 h\u1ed9i nh\u1edd nh\u1eefng m\u00e0n bay l\u01b0\u1ee3n ngo\u1ea1n m\u1ee5c v\u00e0 c\u00fa nh\u00e0o l\u1ed9n \u0111\u1eb9p m\u1eaft tr\u00ean m\u1eb7t bi\u1ec3n.<\/p>\n<p data-start=\"814\" data-end=\"990\">N\u1ebfu b\u1ea1n \u0111ang t\u00ecm ki\u1ebfm m\u1ed9t tr\u1ea3i nghi\u1ec7m <em data-start=\"852\" data-end=\"869\">\u0111\u1ed9c \u2013 l\u1ea1 \u2013 ch\u1ea5t<\/em>, mu\u1ed1n <strong data-start=\"876\" data-end=\"918\">ho\u00e1 th\u00e2n th\u00e0nh Iron Man gi\u1eefa \u0111\u1ea1i d\u01b0\u01a1ng<\/strong>, th\u00ec Flyboard ch\u1eafc ch\u1eafn l\u00e0 l\u1ef1a ch\u1ecdn kh\u00f4ng th\u1ec3 b\u1ecf qua khi \u0111\u1ebfn Nha Trang.<\/p>\n<p><img loading=\"lazy\" decoding=\"async\" class=\"wp-image-37159 size-full alignnone\" src=\"https:\/\/tourdaonhatrang.com\/wp-content\/uploads\/2025\/09\/the-thao-bien-hon-tam-006.jpg\" alt=\"Gi\u00e0y bay Flyboard H\u00f2n T\u1eb1m Nha Trang\" width=\"700\" height=\"500\" title=\"\" srcset=\"https:\/\/tourdaonhatrang.com\/wp-content\/uploads\/2025\/09\/the-thao-bien-hon-tam-006.jpg 700w, https:\/\/tourdaonhatrang.com\/wp-content\/uploads\/2025\/09\/the-thao-bien-hon-tam-006-300x214.jpg 300w, https:\/\/tourdaonhatrang.com\/wp-content\/uploads\/2025\/09\/the-thao-bien-hon-tam-006-400x286.jpg 400w, https:\/\/tourdaonhatrang.com\/wp-content\/uploads\/2025\/09\/the-thao-bien-hon-tam-006-600x429.jpg 600w\" sizes=\"auto, (max-width: 700px) 100vw, 700px\" \/><\/p>\n<p>\u0110i\u1ec1u b\u1ea1n c\u1ea7n l\u00e0m l\u00e0 gi\u1eef th\u0103ng b\u1eb1ng v\u00e0 b\u00e1m tr\u1ee5 th\u1eadt ch\u1eafc khi cano li\u00ean t\u1ee5c t\u1ea1o ra nh\u1eefng c\u00fa ngo\u1eb7t \u0111\u1ed9t ng\u1ed9t v\u00e0 m\u1ea1nh m\u1ebd \u0111\u1ec3 c\u1ed1 g\u1eafng h\u1ea5t b\u1ea1n xu\u1ed1ng n\u01b0\u1edbc. Ch\u00ednh nh\u1eefng kho\u1ea3nh kh\u1eafc h\u1ed3i h\u1ed9p, ti\u1ebfng c\u01b0\u1eddi vang l\u00ean khi m\u1ecdi ng\u01b0\u1eddi c\u1ed1 g\u1eafng h\u1ee3p s\u1ee9c ch\u1ed1ng ch\u1ecdi ho\u1eb7c cu\u1ed1i c\u00f9ng c\u00f9ng nhau r\u01a1i \u00f9m xu\u1ed1ng bi\u1ec3n \u0111\u00e3 t\u1ea1o n\u00ean s\u1ee9c h\u00fat kh\u00f3 c\u01b0\u1ee1ng c\u1ee7a tr\u00f2 ch\u01a1i t\u1eadp th\u1ec3 \u0111\u1ea7y s\u1ea3ng kho\u00e1i n\u00e0y.<\/p>\n<h2 data-start=\"997\" data-end=\"1031\"><span class=\"ez-toc-section\" id=\"1_Giay_Bay_Flyboard_La_Gi\"><\/span><strong data-start=\"1000\" data-end=\"1031\">1. Gi\u00e0y Bay Flyboard L\u00e0 G\u00ec?<\/strong><span class=\"ez-toc-section-end\"><\/span><\/h2>\n<p data-start=\"1033\" data-end=\"1159\"><strong data-start=\"1033\" data-end=\"1045\">Flyboard<\/strong> l\u00e0 m\u1ed9t thi\u1ebft b\u1ecb th\u1ec3 thao d\u01b0\u1edbi n\u01b0\u1edbc \u0111\u01b0\u1ee3c ph\u00e1t minh b\u1edfi Franky Zapata \u2013 v\u1eadn \u0111\u1ed9ng vi\u00ean ng\u01b0\u1eddi Ph\u00e1p. Thi\u1ebft b\u1ecb n\u00e0y g\u1ed3m:<\/p>\n<ul data-start=\"1161\" data-end=\"1311\">\n<li data-start=\"1161\" data-end=\"1192\">\n<p data-start=\"1163\" data-end=\"1192\">M\u1ed9t <strong data-start=\"1167\" data-end=\"1179\">v\u00e1n \u0111\u1ee9ng<\/strong> g\u1eafn v\u00e0o ch\u00e2n<\/p>\n<\/li>\n<li data-start=\"1193\" data-end=\"1253\">\n<p data-start=\"1195\" data-end=\"1253\"><strong data-start=\"1195\" data-end=\"1220\">H\u1ec7 th\u1ed1ng \u1ed1ng d\u1eabn n\u01b0\u1edbc<\/strong> k\u1ebft n\u1ed1i v\u1edbi m\u00f4 t\u00f4 n\u01b0\u1edbc (jet ski)<\/p>\n<\/li>\n<li data-start=\"1254\" data-end=\"1311\">\n<p data-start=\"1256\" data-end=\"1311\"><strong data-start=\"1256\" data-end=\"1276\">\u00c1p l\u1ef1c n\u01b0\u1edbc m\u1ea1nh<\/strong> \u0111\u1ea9y ng\u01b0\u1eddi ch\u01a1i bay l\u00ean kh\u00f4ng trung<\/p>\n<\/li>\n<\/ul>\n<p data-start=\"1313\" data-end=\"1594\">Khi m\u00f4 t\u00f4 n\u01b0\u1edbc t\u0103ng ga, l\u01b0\u1ee3ng n\u01b0\u1edbc \u00e1p l\u1ef1c l\u1edbn s\u1ebd \u0111\u01b0\u1ee3c \u0111\u1ea9y xu\u1ed1ng, t\u1ea1o l\u1ef1c n\u00e2ng \u0111\u01b0a ng\u01b0\u1eddi ch\u01a1i <strong data-start=\"1406\" data-end=\"1433\">bay cao t\u1eeb 1 \u0111\u1ebfn 10 m\u00e9t<\/strong> tr\u00ean m\u1eb7t n\u01b0\u1edbc. Ng\u01b0\u1eddi \u0111i\u1ec1u khi\u1ec3n c\u00f3 th\u1ec3 \u0111\u1ee9ng th\u1eb3ng, xoay ng\u01b0\u1eddi, l\u01b0\u1edbt, nh\u00e0o l\u1ed9n v\u00e0 th\u1eadm ch\u00ed <em data-start=\"1524\" data-end=\"1563\">c\u1eafm \u0111\u1ea7u xu\u1ed1ng bi\u1ec3n nh\u01b0 m\u1ed9t ch\u00fa c\u00e1 heo<\/em> \u2013 t\u1ea5t c\u1ea3 \u0111\u1ec1u v\u00f4 c\u00f9ng m\u00e3n nh\u00e3n.<\/p>\n<p>Vi\u1ec7c tr\u1ea3i nghi\u1ec7m c\u01b0\u1ee1i phao chu\u1ed1i \u1edf Nha Trang r\u1ea5t thu\u1eadn ti\u1ec7n \u2013 b\u1ea1n c\u00f3 th\u1ec3 t\u00ecm th\u1ea5y d\u1ecbch v\u1ee5 n\u00e0y t\u1ea1i h\u1ea7u h\u1ebft c\u00e1c b\u00e3i bi\u1ec3n l\u1edbn, khu du l\u1ecbch \u0111\u1ea3o (nh\u01b0 <a href=\"https:\/\/hontamnhatrang.com\/\" rel=\"noopener\">Hon Tam<\/a>, VinWonders).<\/p>\n<h2 data-start=\"1601\" data-end=\"1662\"><span class=\"ez-toc-section\" id=\"2_Vi_Sao_Nen_Trai_Nghiem_Giay_Bay_Flyboard_Nha_Trang\"><\/span><strong data-start=\"1604\" data-end=\"1662\">2. V\u00ec Sao N\u00ean Tr\u1ea3i Nghi\u1ec7m Gi\u00e0y Bay Flyboard Nha Trang?<\/strong><span class=\"ez-toc-section-end\"><\/span><\/h2>\n<p data-start=\"1664\" data-end=\"1710\"><strong data-start=\"1668\" data-end=\"1710\">2.1 C\u1ea3nh Bi\u1ec3n \u0110\u1eb9p \u2013 Kh\u00f4ng Gian M\u1edf R\u1ed9ng: <\/strong>Nha Trang s\u1edf h\u1eefu v\u00f9ng bi\u1ec3n r\u1ed9ng, n\u01b0\u1edbc trong xanh, s\u00f3ng \u00eam v\u00e0 b\u1ea7u tr\u1eddi trong tr\u1ebbo \u2013 \u0111i\u1ec1u ki\u1ec7n l\u00fd t\u01b0\u1edfng \u0111\u1ec3 ch\u01a1i Flyboard.<\/p>\n<p data-start=\"1832\" data-end=\"1898\"><strong data-start=\"1836\" data-end=\"1898\">2.2 Tr\u1ea3i Nghi\u1ec7m \u0110\u1ed9c L\u1ea1 : <\/strong>Kh\u00f4ng gi\u1ed1ng tr\u00f2 d\u00f9 bay, cano hay moto n\u01b0\u1edbc \u0111\u00e3 qu\u00e1 quen thu\u1ed9c, Flyboard l\u00e0 <strong data-start=\"1973\" data-end=\"2005\">tr\u1ea3i nghi\u1ec7m m\u1edbi \u2013 \u0111\u1ed9c \u2013 hi\u1ebfm<\/strong>, gi\u00fap b\u1ea1n t\u1ea1o n\u1ed9i dung check-in n\u1ed5i b\u1eadt.<\/p>\n<p data-start=\"2048\" data-end=\"2110\"><strong data-start=\"2052\" data-end=\"2110\">2.3 C\u00f3 Hu\u1ea5n Luy\u1ec7n Vi\u00ean K\u00e8m S\u00e1t: <\/strong>B\u1ea1n kh\u00f4ng c\u1ea7n kinh nghi\u1ec7m tr\u01b0\u1edbc \u0111\u00f3. Hu\u1ea5n luy\u1ec7n vi\u00ean s\u1ebd:<\/p>\n<ul data-start=\"2167\" data-end=\"2249\">\n<li data-start=\"2167\" data-end=\"2191\">\n<p data-start=\"2169\" data-end=\"2191\">\u0110i\u1ec1u ch\u1ec9nh \u00e1p l\u1ef1c n\u01b0\u1edbc<\/p>\n<\/li>\n<li data-start=\"2192\" data-end=\"2219\">\n<p data-start=\"2194\" data-end=\"2219\">H\u01b0\u1edbng d\u1eabn \u0111\u1ed9ng t\u00e1c c\u01a1 b\u1ea3n<\/p>\n<\/li>\n<li data-start=\"2220\" data-end=\"2249\">\n<p data-start=\"2222\" data-end=\"2249\">K\u00e8m s\u00e1t 1:1 \u0111\u1ea3m b\u1ea3o an to\u00e0n<\/p>\n<\/li>\n<\/ul>\n<p data-start=\"2251\" data-end=\"2293\"><strong data-start=\"2255\" data-end=\"2293\">2.4 H\u00ecnh \u1ea2nh \u2013 Video \u0110\u1eb9p Ng\u1ea5t Ng\u00e2y: <\/strong>C\u00e1c \u0111i\u1ec3m Flyboard t\u1ea1i Nha Trang \u0111\u1ec1u h\u1ed7 tr\u1ee3 <strong data-start=\"2337\" data-end=\"2369\">quay video \u2013 ch\u1ee5p \u1ea3nh Flycam<\/strong> \u0111\u1ec3 b\u1ea1n c\u00f3 <strong data-start=\"2380\" data-end=\"2398\">clip si\u00eau ng\u1ea7u<\/strong> mang v\u1ec1.<\/p>\n<h2 data-start=\"2970\" data-end=\"3022\"><span class=\"ez-toc-section\" id=\"3_Quy_Trinh_Choi_Giay_Bay_Flyboard_Nha_Trang\"><\/span><strong data-start=\"2973\" data-end=\"3022\">3. Quy Tr\u00ecnh Ch\u01a1i Gi\u00e0y Bay Flyboard Nha Trang<\/strong><span class=\"ez-toc-section-end\"><\/span><\/h2>\n<ol data-start=\"3024\" data-end=\"3522\">\n<li data-start=\"3024\" data-end=\"3120\">\n<p data-start=\"3027\" data-end=\"3120\"><strong data-start=\"3027\" data-end=\"3053\">Di chuy\u1ec3n \u0111\u1ebfn b\u00e3i bi\u1ec3n: <\/strong>B\u1ea1n s\u1ebd \u0111\u01b0\u1ee3c h\u01b0\u1edbng d\u1eabn thay \u0111\u1ed3, m\u1eb7c \u00e1o phao v\u00e0 chu\u1ea9n b\u1ecb d\u1ee5ng c\u1ee5.<\/p>\n<\/li>\n<li data-start=\"3122\" data-end=\"3214\">\n<p data-start=\"3125\" data-end=\"3214\"><strong data-start=\"3125\" data-end=\"3151\">Nghe h\u01b0\u1edbng d\u1eabn an to\u00e0n: <\/strong>HLV h\u01b0\u1edbng d\u1eabn c\u00e1ch \u0111\u1ee9ng, c\u00e1ch gi\u1eef th\u0103ng b\u1eb1ng, t\u00edn hi\u1ec7u tay.<\/p>\n<\/li>\n<li data-start=\"3216\" data-end=\"3327\">\n<p data-start=\"3219\" data-end=\"3327\"><strong data-start=\"3219\" data-end=\"3255\">\u0110eo gi\u00e0y Flyboard v\u00e0 b\u1eaft \u0111\u1ea7u bay: <\/strong>B\u1ea1n s\u1ebd \u0111\u01b0\u1ee3c n\u00e2ng l\u00ean t\u1eeb t\u1eeb, sau \u0111\u00f3 HLV s\u1ebd \u0111i\u1ec1u ch\u1ec9nh \u0111\u1ed9 cao ph\u00f9 h\u1ee3p.<\/p>\n<\/li>\n<li data-start=\"3329\" data-end=\"3428\">\n<p data-start=\"3332\" data-end=\"3428\"><strong data-start=\"3332\" data-end=\"3354\">Bi\u1ec3u di\u1ec5n \u0111\u1ed9ng t\u00e1c: <\/strong>Khi quen d\u1ea7n, b\u1ea1n c\u00f3 th\u1ec3 l\u01b0\u1edbt ngang m\u1eb7t bi\u1ec3n ho\u1eb7c xoay nh\u1eb9 tr\u00ean kh\u00f4ng.<\/p>\n<\/li>\n<li data-start=\"3430\" data-end=\"3522\">\n<p data-start=\"3433\" data-end=\"3522\"><strong data-start=\"3433\" data-end=\"3457\">Quay phim \u2013 ch\u1ee5p \u1ea3nh: <\/strong>H\u00ecnh \u1ea3nh check-in s\u1ebd \u0111\u01b0\u1ee3c h\u1ed7 tr\u1ee3 quay b\u1eb1ng GoPro ho\u1eb7c Flycam. (Ph\u1ee5 ph\u00ed ri\u00eang)<\/p>\n<\/li>\n<\/ol>\n<p data-start=\"5589\" data-end=\"5903\"><strong data-start=\"5589\" data-end=\"5620\">Gi\u00e0y bay Flyboard Nha Trang<\/strong> l\u00e0 ho\u1ea1t \u0111\u1ed9ng th\u1ec3 thao gi\u1ea3i tr\u00ed k\u1ebft h\u1ee3p m\u1ea1o hi\u1ec3m \u0111\u1ea7y h\u1ea5p d\u1eabn, ph\u00f9 h\u1ee3p v\u1edbi m\u1ecdi du kh\u00e1ch mu\u1ed1n t\u00ecm ki\u1ebfm s\u1ef1 m\u1edbi l\u1ea1. T\u1eeb c\u1ea3nh bi\u1ec3n \u0111\u1eb9p, d\u1ecbch v\u1ee5 chuy\u00ean nghi\u1ec7p cho \u0111\u1ebfn c\u1ea3m gi\u00e1c bay l\u01b0\u1ee3n \u0111\u1ea7y h\u1ee9ng kh\u1edfi \u2014 t\u1ea5t c\u1ea3 khi\u1ebfn Flyboard tr\u1edf th\u00e0nh m\u1ed9t trong nh\u1eefng tr\u1ea3i nghi\u1ec7m \u201c\u0111\u1eaft gi\u00e1\u201d nh\u1ea5t t\u1ea1i Nha Trang.<\/p>\n<p data-start=\"5905\" data-end=\"6015\">N\u1ebfu b\u1ea1n \u0111ang l\u00ean k\u1ebf ho\u1ea1ch \u0111i du l\u1ecbch Nha Trang, h\u00e3y <strong data-start=\"5957\" data-end=\"5988\">\u0111\u01b0a Flyboard v\u00e0o l\u1ecbch tr\u00ecnh<\/strong> \u2014 \u0111\u1ea3m b\u1ea3o kh\u00f4ng th\u1ea5t v\u1ecdng!<\/p>","protected":false},"excerpt":{"rendered":"<h3 class=\"product-title product_title entry-title\"><span style=\"color: #0000ff; font-size: 100%;\">Gi\u00e0y bay &#8211; Flyboard: 1.400.000 VN\u0110\/15 ph\u00fat\/ ng\u01b0\u1eddi<\/span><\/h3>\n<p><img loading=\"lazy\" decoding=\"async\" class=\"size-full wp-image-40046 alignnone\" src=\"https:\/\/tourdaonhatrang.com\/wp-content\/uploads\/2023\/01\/phieu-khuyen-mai-thanh-toan-ngay.png\" alt=\"\" width=\"420\" height=\"180\" srcset=\"https:\/\/tourdaonhatrang.com\/wp-content\/uploads\/2023\/01\/phieu-khuyen-mai-thanh-toan-ngay.png 420w, https:\/\/tourdaonhatrang.com\/wp-content\/uploads\/2023\/01\/phieu-khuyen-mai-thanh-toan-ngay-300x129.png 300w, https:\/\/tourdaonhatrang.com\/wp-content\/uploads\/2023\/01\/phieu-khuyen-mai-thanh-toan-ngay-18x8.png 18w, https:\/\/tourdaonhatrang.com\/wp-content\/uploads\/2023\/01\/phieu-khuyen-mai-thanh-toan-ngay-400x171.png 400w\" sizes=\"auto, (max-width: 420px) 100vw, 420px\" \/><\/p>\n<ul>\n<li data-start=\"3403\" data-end=\"3429\">Life jacket<\/li>\n<li data-start=\"3403\" data-end=\"3429\">Thi\u1ebft b\u1ecb hi\u1ec7n \u0111\u1ea1i<\/li>\n<li data-start=\"3471\" data-end=\"3489\">Service insurance<\/li>\n<li data-start=\"3471\" data-end=\"3489\"><span style=\"color: #333333;\">Hotline: <\/span><a href=\"tel:0849256256\">0849 256 256<\/a><\/li>\n<li><span style=\"color: #0000ff;\">10% Payment Offer<\/span><\/li>\n<li>Services on Hon Tam Island<\/li>\n<\/ul>\n<div class=\"hJDwNd-AhqUyc-qWD73c purZT-AhqUyc-II5mzb pSzOP-AhqUyc-qWD73c JNdkSc\">\n<div class=\"JNdkSc-SmKAyb\">\n<div class=\"\">\n<div class=\"oKdM2c Kzv0Me\">\n<div class=\"hJDwNd-AhqUyc-qWD73c purZT-AhqUyc-II5mzb pSzOP-AhqUyc-qWD73c JNdkSc\">\n<div class=\"JNdkSc-SmKAyb\">\n<div class=\"\">\n<div class=\"oKdM2c Kzv0Me\">\n<div id=\"h.f128f2fe5256b73_1433\" class=\"hJDwNd-AhqUyc-qWD73c jXK9ad D2fZ2 OjCsFc wHaque GNzUNc\">\n<div class=\"jXK9ad-SmKAyb\">\n<div class=\"tyJCtd mGzaTb baZpAe\">\n<div class=\"row row-small mua-ngay-button\">\n<div class=\"cot1 medium-6 small-12 large-6\">\n<div class=\"col-inner\"><a class=\"button primary is-large lowercase expand\" style=\"border-radius: 3px;\" href=\"https:\/\/tourdaonhatrang.com\/en\/giay-bay-flyboard-nha-trang\/\">See details<br \/>\n<\/a><\/div>\n<\/div>\n<div class=\"cot2 medium-6 small-12 large-6\">\n<div class=\"col-inner\"><a class=\"button success is-large lowercase expand\" style=\"border-radius: 3px;\" href=\"https:\/\/tourdaonhatrang.com\/en\/hon-tam-beach\/#the-thao-bien-hon-tam\" target=\"_self\" rel=\"noopener\"><span style=\"vertical-align: inherit;\">\ud83d\uded2 Book tickets quickly<\/span><\/a><\/div>\n<\/div>\n<\/div>\n<\/div>\n<\/div>\n<\/div>\n<\/div>\n<\/div>\n<\/div>\n<\/div>\n<\/div>\n<\/div>\n<\/div>\n<\/div>","protected":false},"featured_media":38316,"comment_status":"open","ping_status":"closed","template":"","meta":[],"product_brand":[],"product_cat":[739],"product_tag":[749,748],"class_list":{"0":"post-38329","1":"product","2":"type-product","3":"status-publish","4":"has-post-thumbnail","6":"product_cat-the-thao-bien-nha-trang","7":"product_tag-flyboard","8":"product_tag-giay-bay","10":"first","11":"instock","12":"shipping-taxable","13":"product-type-simple"},"_links":{"self":[{"href":"https:\/\/tourdaonhatrang.com\/en\/wp-json\/wp\/v2\/product\/38329","targetHints":{"allow":["GET"]}}],"collection":[{"href":"https:\/\/tourdaonhatrang.com\/en\/wp-json\/wp\/v2\/product"}],"about":[{"href":"https:\/\/tourdaonhatrang.com\/en\/wp-json\/wp\/v2\/types\/product"}],"replies":[{"embeddable":true,"href":"https:\/\/tourdaonhatrang.com\/en\/wp-json\/wp\/v2\/comments?post=38329"}],"wp:featuredmedia":[{"embeddable":true,"href":"https:\/\/tourdaonhatrang.com\/en\/wp-json\/wp\/v2\/media\/38316"}],"wp:attachment":[{"href":"https:\/\/tourdaonhatrang.com\/en\/wp-json\/wp\/v2\/media?parent=38329"}],"wp:term":[{"taxonomy":"product_brand","embeddable":true,"href":"https:\/\/tourdaonhatrang.com\/en\/wp-json\/wp\/v2\/product_brand?post=38329"},{"taxonomy":"product_cat","embeddable":true,"href":"https:\/\/tourdaonhatrang.com\/en\/wp-json\/wp\/v2\/product_cat?post=38329"},{"taxonomy":"product_tag","embeddable":true,"href":"https:\/\/tourdaonhatrang.com\/en\/wp-json\/wp\/v2\/product_tag?post=38329"}],"curies":[{"name":"wp","href":"https:\/\/api.w.org\/{rel}","templated":true}]}}