{"id":38337,"date":"2023-01-21T08:47:56","date_gmt":"2023-01-21T01:47:56","guid":{"rendered":"https:\/\/tourdaonhatrang.com\/?post_type=product&#038;p=38337"},"modified":"2026-03-14T07:48:30","modified_gmt":"2026-03-14T00:48:30","slug":"luot-van-hon-tam-water-skiing","status":"publish","type":"product","link":"https:\/\/tourdaonhatrang.com\/en\/luot-van-hon-tam-water-skiing\/","title":{"rendered":"L\u01b0\u1edbt v\u00e1n H\u00f2n T\u1eb1m &#8211; Water skiing"},"content":{"rendered":"<div id=\"ez-toc-container\" class=\"ez-toc-v2_0_82_2 counter-hierarchy ez-toc-counter ez-toc-grey ez-toc-container-direction\">\n<div class=\"ez-toc-title-container\">\n<p class=\"ez-toc-title\" style=\"cursor:inherit\">Content<\/p>\n<span class=\"ez-toc-title-toggle\"><a href=\"#\" class=\"ez-toc-pull-right ez-toc-btn ez-toc-btn-xs ez-toc-btn-default ez-toc-toggle\" aria-label=\"Toggle Table of Content\"><span class=\"ez-toc-js-icon-con\"><span class=\"\"><span class=\"eztoc-hide\" style=\"display:none;\">Toggle<\/span><span class=\"ez-toc-icon-toggle-span\"><svg style=\"fill: #999;color:#999\" xmlns=\"http:\/\/www.w3.org\/2000\/svg\" class=\"list-377408\" width=\"20px\" height=\"20px\" viewbox=\"0 0 24 24\" fill=\"none\"><path d=\"M6 6H4v2h2V6zm14 0H8v2h12V6zM4 11h2v2H4v-2zm16 0H8v2h12v-2zM4 16h2v2H4v-2zm16 0H8v2h12v-2z\" fill=\"currentColor\"><\/path><\/svg><svg style=\"fill: #999;color:#999\" class=\"arrow-unsorted-368013\" xmlns=\"http:\/\/www.w3.org\/2000\/svg\" width=\"10px\" height=\"10px\" viewbox=\"0 0 24 24\" version=\"1.2\" baseprofile=\"tiny\"><path d=\"M18.2 9.3l-6.2-6.3-6.2 6.3c-.2.2-.3.4-.3.7s.1.5.3.7c.2.2.4.3.7.3h11c.3 0 .5-.1.7-.3.2-.2.3-.5.3-.7s-.1-.5-.3-.7zM5.8 14.7l6.2 6.3 6.2-6.3c.2-.2.3-.5.3-.7s-.1-.5-.3-.7c-.2-.2-.4-.3-.7-.3h-11c-.3 0-.5.1-.7.3-.2.2-.3.5-.3.7s.1.5.3.7z\"\/><\/svg><\/span><\/span><\/span><\/a><\/span><\/div>\n<nav><ul class='ez-toc-list ez-toc-list-level-1' ><li class='ez-toc-page-1 ez-toc-heading-level-1'><a class=\"ez-toc-link ez-toc-heading-1\" href=\"https:\/\/tourdaonhatrang.com\/en\/luot-van-hon-tam-water-skiing\/#Luot_Van_Water_Skiing_%E2%80%93_Mon_The_Thao_Mao_Hiem_Day_Hap_Dan_Tren_Mat_Nuoc\" >L\u01b0\u1edbt V\u00e1n Water Skiing \u2013 M\u00f4n Th\u1ec3 Thao M\u1ea1o Hi\u1ec3m \u0110\u1ea7y H\u1ea5p D\u1eabn Tr\u00ean M\u1eb7t N\u01b0\u1edbc<\/a><ul class='ez-toc-list-level-2' ><li class='ez-toc-heading-level-2'><a class=\"ez-toc-link ez-toc-heading-2\" href=\"https:\/\/tourdaonhatrang.com\/en\/luot-van-hon-tam-water-skiing\/#1_Luot_Van_Water_Skiing_La_Gi\" >1. L\u01b0\u1edbt V\u00e1n Water Skiing L\u00e0 G\u00ec?<\/a><ul class='ez-toc-list-level-3' ><li class='ez-toc-heading-level-3'><a class=\"ez-toc-link ez-toc-heading-3\" href=\"https:\/\/tourdaonhatrang.com\/en\/luot-van-hon-tam-water-skiing\/#Dac_diem_noi_bat\" >\u0110\u1eb7c \u0111i\u1ec3m n\u1ed5i b\u1eadt:<\/a><\/li><\/ul><\/li><li class='ez-toc-page-1 ez-toc-heading-level-2'><a class=\"ez-toc-link ez-toc-heading-4\" href=\"https:\/\/tourdaonhatrang.com\/en\/luot-van-hon-tam-water-skiing\/#2_Ai_Co_The_Choi_Luot_Van_Water_Skiing\" >2. Ai C\u00f3 Th\u1ec3 Ch\u01a1i L\u01b0\u1edbt V\u00e1n Water Skiing?<\/a><\/li><li class='ez-toc-page-1 ez-toc-heading-level-2'><a class=\"ez-toc-link ez-toc-heading-5\" href=\"https:\/\/tourdaonhatrang.com\/en\/luot-van-hon-tam-water-skiing\/#3_Loi_Ich_Khi_Tham_Gia_Luot_Van_Water_Skiing\" >3. L\u1ee3i \u00cdch Khi Tham Gia L\u01b0\u1edbt V\u00e1n Water Skiing<\/a><ul class='ez-toc-list-level-3' ><li class='ez-toc-heading-level-3'><a class=\"ez-toc-link ez-toc-heading-6\" href=\"https:\/\/tourdaonhatrang.com\/en\/luot-van-hon-tam-water-skiing\/#31_Ren_luyen_the_luc_toan_dien\" >3.1 R\u00e8n luy\u1ec7n th\u1ec3 l\u1ef1c to\u00e0n di\u1ec7n<\/a><\/li><li class='ez-toc-page-1 ez-toc-heading-level-3'><a class=\"ez-toc-link ez-toc-heading-7\" href=\"https:\/\/tourdaonhatrang.com\/en\/luot-van-hon-tam-water-skiing\/#32_Giai_toa_cang_thang\" >3.2 Gi\u1ea3i t\u1ecfa c\u0103ng th\u1eb3ng<\/a><\/li><li class='ez-toc-page-1 ez-toc-heading-level-3'><a class=\"ez-toc-link ez-toc-heading-8\" href=\"https:\/\/tourdaonhatrang.com\/en\/luot-van-hon-tam-water-skiing\/#33_Tang_kha_nang_giu_thang_bang\" >3.3 T\u0103ng kh\u1ea3 n\u0103ng gi\u1eef th\u0103ng b\u1eb1ng<\/a><\/li><li class='ez-toc-page-1 ez-toc-heading-level-3'><a class=\"ez-toc-link ez-toc-heading-9\" href=\"https:\/\/tourdaonhatrang.com\/en\/luot-van-hon-tam-water-skiing\/#34_Trai_nghiem_cam_giac_tu_do_tuyet_doi\" >3.4 Tr\u1ea3i nghi\u1ec7m c\u1ea3m gi\u00e1c t\u1ef1 do tuy\u1ec7t \u0111\u1ed1i<\/a><\/li><\/ul><\/li><li class='ez-toc-page-1 ez-toc-heading-level-2'><a class=\"ez-toc-link ez-toc-heading-10\" href=\"https:\/\/tourdaonhatrang.com\/en\/luot-van-hon-tam-water-skiing\/#4_Thiet_Bi_Dung_Trong_Luot_Van_Water_Skiing\" >4. Thi\u1ebft B\u1ecb D\u00f9ng Trong L\u01b0\u1edbt V\u00e1n Water Skiing<\/a><\/li><li class='ez-toc-page-1 ez-toc-heading-level-2'><a class=\"ez-toc-link ez-toc-heading-11\" href=\"https:\/\/tourdaonhatrang.com\/en\/luot-van-hon-tam-water-skiing\/#5_Kinh_Nghiem_Cho_Nguoi_Moi_Luot_Van\" >5. Kinh Nghi\u1ec7m Cho Ng\u01b0\u1eddi M\u1edbi L\u01b0\u1edbt V\u00e1n<\/a><\/li><\/ul><\/li><\/ul><\/nav><\/div>\n<h1 data-start=\"212\" data-end=\"289\"><span class=\"ez-toc-section\" id=\"Luot_Van_Water_Skiing_%E2%80%93_Mon_The_Thao_Mao_Hiem_Day_Hap_Dan_Tren_Mat_Nuoc\"><\/span><strong data-start=\"214\" data-end=\"289\">L\u01b0\u1edbt V\u00e1n Water Skiing \u2013 M\u00f4n Th\u1ec3 Thao M\u1ea1o Hi\u1ec3m \u0110\u1ea7y H\u1ea5p D\u1eabn Tr\u00ean M\u1eb7t N\u01b0\u1edbc<\/strong><span class=\"ez-toc-section-end\"><\/span><\/h1>\n<p data-start=\"291\" data-end=\"766\">Trong nh\u1eefng n\u0103m g\u1ea7n \u0111\u00e2y, xu h\u01b0\u1edbng du l\u1ecbch k\u1ebft h\u1ee3p th\u1ec3 thao m\u1ea1o hi\u1ec3m ng\u00e0y c\u00e0ng \u0111\u01b0\u1ee3c \u01b0a chu\u1ed9ng, \u0111\u1eb7c bi\u1ec7t l\u00e0 t\u1ea1i c\u00e1c th\u00e0nh ph\u1ed1 c\u00f3 bi\u1ec3n v\u00e0 h\u1ed3 \u0111\u1eb9p. Trong s\u1ed1 \u0111\u00f3, <strong>L\u01b0\u1edbt V\u00e1n Water Skiing<\/strong> n\u1ed5i l\u00ean nh\u01b0 m\u1ed9t m\u00f4n th\u1ec3 thao th\u00fa v\u1ecb, v\u1eeba th\u1eed th\u00e1ch b\u1ea3n th\u00e2n v\u1eeba mang l\u1ea1i c\u1ea3m gi\u00e1c ph\u1ea5n kh\u00edch t\u1ed9t \u0111\u1ed9. V\u1edbi tr\u1ea3i nghi\u1ec7m l\u01b0\u1edbt tr\u00ean m\u1eb7t n\u01b0\u1edbc b\u1eb1ng t\u1ed1c \u0111\u1ed9 cao, h\u00f2a m\u00ecnh c\u00f9ng gi\u00f3 bi\u1ec3n v\u00e0 ti\u1ebfng s\u00f3ng r\u00ec r\u00e0o, Water Skiing l\u00e0 l\u1ef1a ch\u1ecdn ho\u00e0n h\u1ea3o cho nh\u1eefng ai mu\u1ed1n t\u00ecm ki\u1ebfm s\u1ef1 b\u1ee9t ph\u00e1 v\u00e0 n\u0103ng l\u01b0\u1ee3ng t\u00edch c\u1ef1c.<\/p>\n<p data-start=\"768\" data-end=\"951\">N\u1ebfu b\u1ea1n \u0111ang t\u00f2 m\u00f2 v\u1ec1 Water Skiing, mu\u1ed1n bi\u1ebft n\u00f3 l\u00e0 g\u00ec, c\u00e1ch ch\u01a1i, l\u1ee3i \u00edch, gi\u00e1 tham gia v\u00e0 \u0111\u1ecba \u0111i\u1ec3m ph\u00f9 h\u1ee3p \u2014 b\u00e0i vi\u1ebft n\u00e0y s\u1ebd gi\u00fap b\u1ea1n hi\u1ec3u r\u00f5 v\u00e0 s\u1eb5n s\u00e0ng cho tr\u1ea3i nghi\u1ec7m c\u1ef1c \u0111\u00e3 n\u00e0y.<\/p>\n<h2 data-start=\"958\" data-end=\"996\"><span class=\"ez-toc-section\" id=\"1_Luot_Van_Water_Skiing_La_Gi\"><\/span><strong data-start=\"961\" data-end=\"996\">1. L\u01b0\u1edbt V\u00e1n Water Skiing L\u00e0 G\u00ec?<\/strong><span class=\"ez-toc-section-end\"><\/span><\/h2>\n<p data-start=\"998\" data-end=\"1286\"><strong data-start=\"998\" data-end=\"1014\">Water Skiing<\/strong> (l\u01b0\u1edbt v\u00e1n tr\u00ean n\u01b0\u1edbc) l\u00e0 m\u00f4n th\u1ec3 thao trong \u0111\u00f3 ng\u01b0\u1eddi ch\u01a1i \u0111\u1ee9ng tr\u00ean <strong data-start=\"1082\" data-end=\"1106\">m\u1ed9t ho\u1eb7c hai t\u1ea5m v\u00e1n<\/strong> (water skis) v\u00e0 \u0111\u01b0\u1ee3c <strong data-start=\"1128\" data-end=\"1160\">t\u00e0u cao t\u1ed1c ho\u1eb7c cano k\u00e9o \u0111i<\/strong> v\u1edbi t\u1ed1c \u0111\u1ed9 t\u1eeb 30\u201350 km\/h. Khi \u0111\u1ea1t t\u1ed1c \u0111\u1ed9 \u1ed5n \u0111\u1ecbnh, l\u1ef1c k\u00e9o s\u1ebd gi\u00fap ng\u01b0\u1eddi ch\u01a1i <strong data-start=\"1238\" data-end=\"1285\">gi\u1eef th\u0103ng b\u1eb1ng v\u00e0 l\u01b0\u1edbt nh\u1eb9 tr\u00ean b\u1ec1 m\u1eb7t n\u01b0\u1edbc<\/strong>.<\/p>\n<p data-start=\"998\" data-end=\"1286\"><img loading=\"lazy\" decoding=\"async\" class=\"size-large wp-image-38351 alignnone\" src=\"https:\/\/tourdaonhatrang.com\/wp-content\/uploads\/2025\/11\/luot-van-001-1024x683.jpg\" alt=\"\" width=\"1020\" height=\"680\" title=\"\" srcset=\"https:\/\/tourdaonhatrang.com\/wp-content\/uploads\/2025\/11\/luot-van-001-1024x683.jpg 1024w, https:\/\/tourdaonhatrang.com\/wp-content\/uploads\/2025\/11\/luot-van-001-300x200.jpg 300w, https:\/\/tourdaonhatrang.com\/wp-content\/uploads\/2025\/11\/luot-van-001-768x512.jpg 768w, https:\/\/tourdaonhatrang.com\/wp-content\/uploads\/2025\/11\/luot-van-001-18x12.jpg 18w, https:\/\/tourdaonhatrang.com\/wp-content\/uploads\/2025\/11\/luot-van-001-400x267.jpg 400w, https:\/\/tourdaonhatrang.com\/wp-content\/uploads\/2025\/11\/luot-van-001-600x400.jpg 600w, https:\/\/tourdaonhatrang.com\/wp-content\/uploads\/2025\/11\/luot-van-001.jpg 1140w\" sizes=\"auto, (max-width: 1020px) 100vw, 1020px\" \/><\/p>\n<h3 data-start=\"1288\" data-end=\"1309\"><span class=\"ez-toc-section\" id=\"Dac_diem_noi_bat\"><\/span>\u0110\u1eb7c \u0111i\u1ec3m n\u1ed5i b\u1eadt:<span class=\"ez-toc-section-end\"><\/span><\/h3>\n<ul data-start=\"1310\" data-end=\"1483\">\n<li data-start=\"1310\" data-end=\"1348\">\n<p data-start=\"1312\" data-end=\"1348\">T\u1ed1c \u0111\u1ed9 <strong data-start=\"1319\" data-end=\"1348\">nhanh \u2013 m\u1ea1nh \u2013 ph\u1ea5n kh\u00edch<\/strong><\/p>\n<\/li>\n<li data-start=\"1349\" data-end=\"1383\">\n<p data-start=\"1351\" data-end=\"1383\">C\u1ea3m gi\u00e1c <strong data-start=\"1360\" data-end=\"1383\">\u201cbay\u201d tr\u00ean m\u1eb7t n\u01b0\u1edbc<\/strong><\/p>\n<\/li>\n<li data-start=\"1384\" data-end=\"1438\">\n<p data-start=\"1386\" data-end=\"1438\">T\u0103ng kh\u1ea3 n\u0103ng <strong data-start=\"1400\" data-end=\"1438\">gi\u1eef th\u0103ng b\u1eb1ng v\u00e0 ki\u1ec3m so\u00e1t c\u01a1 th\u1ec3<\/strong><\/p>\n<\/li>\n<li data-start=\"1439\" data-end=\"1483\">\n<p data-start=\"1441\" data-end=\"1483\">Mang l\u1ea1i <strong data-start=\"1450\" data-end=\"1483\">tr\u1ea3i nghi\u1ec7m t\u1ef1 do c\u1ef1c k\u1ef3 \u201c\u0111\u00e3\u201d<\/strong><\/p>\n<\/li>\n<\/ul>\n<h2 data-start=\"1828\" data-end=\"1875\"><span class=\"ez-toc-section\" id=\"2_Ai_Co_The_Choi_Luot_Van_Water_Skiing\"><\/span><strong data-start=\"1831\" data-end=\"1875\">2. Ai C\u00f3 Th\u1ec3 Ch\u01a1i L\u01b0\u1edbt V\u00e1n Water Skiing?<\/strong><span class=\"ez-toc-section-end\"><\/span><\/h2>\n<p data-start=\"1877\" data-end=\"1939\">Tin vui l\u00e0 <strong data-start=\"1888\" data-end=\"1929\">h\u1ea7u h\u1ebft m\u1ecdi ng\u01b0\u1eddi \u0111\u1ec1u c\u00f3 th\u1ec3 tham gia<\/strong>, bao g\u1ed3m:<\/p>\n<ul data-start=\"1941\" data-end=\"2044\">\n<li data-start=\"1941\" data-end=\"1974\">\n<p data-start=\"1943\" data-end=\"1974\">Nam \/ n\u1eef t\u1eeb <strong data-start=\"1955\" data-end=\"1974\">12 tu\u1ed5i tr\u1edf l\u00ean<\/strong><\/p>\n<\/li>\n<li data-start=\"1975\" data-end=\"2002\">\n<p data-start=\"1977\" data-end=\"2002\">Ng\u01b0\u1eddi <strong data-start=\"1983\" data-end=\"2002\">bi\u1ebft b\u01a1i c\u01a1 b\u1ea3n<\/strong><\/p>\n<\/li>\n<li data-start=\"2003\" data-end=\"2044\">\n<p data-start=\"2005\" data-end=\"2044\">Ng\u01b0\u1eddi th\u00edch th\u1ec3 thao v\u00e0 tr\u1ea3i nghi\u1ec7m m\u1edbi<\/p>\n<\/li>\n<\/ul>\n<p data-start=\"2046\" data-end=\"2090\">Kh\u00f4ng c\u1ea7n ph\u1ea3i qu\u00e1 kho\u1ebb, quan tr\u1ecdng nh\u1ea5t l\u00e0: T\u01b0 th\u1ebf \u0111\u00fang &#8211; Gi\u1eef th\u0103ng b\u1eb1ng t\u1ed1t &#8211; B\u00ecnh t\u0129nh v\u00e0 th\u1ea3 l\u1ecfng c\u01a1 th\u1ec3<\/p>\n<p data-start=\"2158\" data-end=\"2254\">N\u1ebfu b\u1ea1n t\u1eebng ch\u01a1i <strong data-start=\"2176\" data-end=\"2227\">tr\u01b0\u1ee3t v\u00e1n, tr\u01b0\u1ee3t tuy\u1ebft, tr\u01b0\u1ee3t patin, skateboard<\/strong>, b\u1ea1n s\u1ebd h\u1ecdc <strong data-start=\"2240\" data-end=\"2253\">r\u1ea5t nhanh<\/strong>.<\/p>\n<p data-start=\"2158\" data-end=\"2254\"><img loading=\"lazy\" decoding=\"async\" class=\"size-large wp-image-38352 alignnone\" src=\"https:\/\/tourdaonhatrang.com\/wp-content\/uploads\/2025\/11\/luot-van-002-1024x683.jpg\" alt=\"l\u01b0\u1edbt v\u00e1n\" width=\"1020\" height=\"680\" title=\"\" srcset=\"https:\/\/tourdaonhatrang.com\/wp-content\/uploads\/2025\/11\/luot-van-002-1024x683.jpg 1024w, https:\/\/tourdaonhatrang.com\/wp-content\/uploads\/2025\/11\/luot-van-002-300x200.jpg 300w, https:\/\/tourdaonhatrang.com\/wp-content\/uploads\/2025\/11\/luot-van-002-768x512.jpg 768w, https:\/\/tourdaonhatrang.com\/wp-content\/uploads\/2025\/11\/luot-van-002-18x12.jpg 18w, https:\/\/tourdaonhatrang.com\/wp-content\/uploads\/2025\/11\/luot-van-002-400x267.jpg 400w, https:\/\/tourdaonhatrang.com\/wp-content\/uploads\/2025\/11\/luot-van-002-600x400.jpg 600w, https:\/\/tourdaonhatrang.com\/wp-content\/uploads\/2025\/11\/luot-van-002.jpg 1140w\" sizes=\"auto, (max-width: 1020px) 100vw, 1020px\" \/><\/p>\n<h2 data-start=\"2261\" data-end=\"2313\"><span class=\"ez-toc-section\" id=\"3_Loi_Ich_Khi_Tham_Gia_Luot_Van_Water_Skiing\"><\/span><strong data-start=\"2264\" data-end=\"2313\">3. L\u1ee3i \u00cdch Khi Tham Gia L\u01b0\u1edbt V\u00e1n Water Skiing<\/strong><span class=\"ez-toc-section-end\"><\/span><\/h2>\n<h3 data-start=\"2315\" data-end=\"2354\"><span class=\"ez-toc-section\" id=\"31_Ren_luyen_the_luc_toan_dien\"><\/span><strong data-start=\"2319\" data-end=\"2354\">3.1 R\u00e8n luy\u1ec7n th\u1ec3 l\u1ef1c to\u00e0n di\u1ec7n<\/strong><span class=\"ez-toc-section-end\"><\/span><\/h3>\n<p data-start=\"2355\" data-end=\"2385\">Water Skiing s\u1eed d\u1ee5ng c\u00f9ng l\u00fac: Tay, Vai, C\u01a1 l\u01b0ng, C\u01a1 b\u1ee5ng, C\u01a1 ch\u00e2n \u2192 Gi\u00fap <strong data-start=\"2436\" data-end=\"2456\">\u0111\u1ed1t m\u1ee1 to\u00e0n th\u00e2n<\/strong> v\u00e0 t\u0103ng s\u1ee9c b\u1ec1n.<\/p>\n<h3 data-start=\"2475\" data-end=\"2506\"><span class=\"ez-toc-section\" id=\"32_Giai_toa_cang_thang\"><\/span><strong data-start=\"2479\" data-end=\"2506\">3.2 Gi\u1ea3i t\u1ecfa c\u0103ng th\u1eb3ng<\/strong><span class=\"ez-toc-section-end\"><\/span><\/h3>\n<p data-start=\"2507\" data-end=\"2531\">L\u01b0\u1edbt tr\u00ean m\u1eb7t n\u01b0\u1edbc gi\u00fap: Gi\u1ea3i ph\u00f3ng endorphin (hormone h\u1ea1nh ph\u00fac), Gi\u1ea3m stress nhanh ch\u00f3ng<\/p>\n<h3 data-start=\"2602\" data-end=\"2642\"><span class=\"ez-toc-section\" id=\"33_Tang_kha_nang_giu_thang_bang\"><\/span><strong data-start=\"2606\" data-end=\"2642\">3.3 T\u0103ng kh\u1ea3 n\u0103ng gi\u1eef th\u0103ng b\u1eb1ng<\/strong><span class=\"ez-toc-section-end\"><\/span><\/h3>\n<p data-start=\"2643\" data-end=\"2720\">B\u1ea1n s\u1ebd h\u1ecdc c\u00e1ch \u0111i\u1ec1u khi\u1ec3n tr\u1ecdng t\u00e2m c\u01a1 th\u1ec3 \u2192 h\u1eefu \u00edch trong m\u1ecdi m\u00f4n th\u1ec3 thao.<\/p>\n<h3 data-start=\"2722\" data-end=\"2770\"><span class=\"ez-toc-section\" id=\"34_Trai_nghiem_cam_giac_tu_do_tuyet_doi\"><\/span><strong data-start=\"2726\" data-end=\"2770\">3.4 Tr\u1ea3i nghi\u1ec7m c\u1ea3m gi\u00e1c t\u1ef1 do tuy\u1ec7t \u0111\u1ed1i<\/strong><span class=\"ez-toc-section-end\"><\/span><\/h3>\n<p data-start=\"2771\" data-end=\"2825\">Kh\u00f4ng g\u00f2 b\u00f3, kh\u00f4ng gi\u1edbi h\u1ea1n \u2013 ch\u1ec9 c\u00f3 b\u1ea1n v\u00e0 \u0111\u1ea1i d\u01b0\u01a1ng.<\/p>\n<h2 data-start=\"2832\" data-end=\"2883\"><span class=\"ez-toc-section\" id=\"4_Thiet_Bi_Dung_Trong_Luot_Van_Water_Skiing\"><\/span><strong data-start=\"2835\" data-end=\"2883\">4. Thi\u1ebft B\u1ecb D\u00f9ng Trong L\u01b0\u1edbt V\u00e1n Water Skiing<\/strong><span class=\"ez-toc-section-end\"><\/span><\/h2>\n<div class=\"_tableContainer_1rjym_1\">\n<div class=\"group _tableWrapper_1rjym_13 flex w-fit flex-col-reverse\" tabindex=\"-1\">\n<table class=\"w-fit min-w-(--thread-content-width)\" data-start=\"2885\" data-end=\"3239\">\n<thead data-start=\"2885\" data-end=\"2909\">\n<tr data-start=\"2885\" data-end=\"2909\">\n<th data-start=\"2885\" data-end=\"2896\" data-col-size=\"sm\">Thi\u1ebft b\u1ecb<\/th>\n<th data-start=\"2896\" data-end=\"2909\" data-col-size=\"md\">C\u00f4ng d\u1ee5ng<\/th>\n<\/tr>\n<\/thead>\n<tbody data-start=\"2933\" data-end=\"3239\">\n<tr data-start=\"2933\" data-end=\"3013\">\n<td data-start=\"2933\" data-end=\"2967\" data-col-size=\"sm\"><strong data-start=\"2935\" data-end=\"2966\">V\u00e1n tr\u01b0\u1ee3t n\u01b0\u1edbc (Water Skis)<\/strong><\/td>\n<td data-col-size=\"md\" data-start=\"2967\" data-end=\"3013\">\u0110\u1ee1 tr\u1ecdng l\u01b0\u1ee3ng v\u00e0 gi\u00fap tr\u01b0\u1ee3t tr\u00ean m\u1eb7t n\u01b0\u1edbc<\/td>\n<\/tr>\n<tr data-start=\"3014\" data-end=\"3065\">\n<td data-start=\"3014\" data-end=\"3039\" data-col-size=\"sm\"><strong data-start=\"3016\" data-end=\"3038\">D\u00e2y k\u00e9o (Tow Rope)<\/strong><\/td>\n<td data-col-size=\"md\" data-start=\"3039\" data-end=\"3065\">N\u1ed1i ng\u01b0\u1eddi ch\u01a1i v\u1edbi t\u00e0u<\/td>\n<\/tr>\n<tr data-start=\"3066\" data-end=\"3118\">\n<td data-start=\"3066\" data-end=\"3080\" data-col-size=\"sm\"><strong data-start=\"3068\" data-end=\"3079\">Life jacket<\/strong><\/td>\n<td data-col-size=\"md\" data-start=\"3080\" data-end=\"3118\">\u0110\u1ea3m b\u1ea3o an to\u00e0n khi r\u01a1i xu\u1ed1ng n\u01b0\u1edbc<\/td>\n<\/tr>\n<tr data-start=\"3119\" data-end=\"3175\">\n<td data-start=\"3119\" data-end=\"3140\" data-col-size=\"sm\"><strong data-start=\"3121\" data-end=\"3139\">Cano \/ t\u00e0u k\u00e9o<\/strong><\/td>\n<td data-col-size=\"md\" data-start=\"3140\" data-end=\"3175\">T\u1ea1o l\u1ef1c k\u00e9o \u2013 \u0111i\u1ec1u khi\u1ec3n t\u1ed1c \u0111\u1ed9<\/td>\n<\/tr>\n<tr data-start=\"3176\" data-end=\"3239\">\n<td data-start=\"3176\" data-end=\"3214\" data-col-size=\"sm\"><strong data-start=\"3178\" data-end=\"3202\">G\u0103ng tay ch\u1ed1ng tr\u01b0\u1ee3t<\/strong> (t\u00f9y ch\u1ecdn)<\/td>\n<td data-col-size=\"md\" data-start=\"3214\" data-end=\"3239\">Gi\u00fap gi\u1eef d\u00e2y ch\u1eafc h\u01a1n<\/td>\n<\/tr>\n<\/tbody>\n<\/table>\n<\/div>\n<\/div>\n<p data-start=\"3241\" data-end=\"3371\">T\u1ea5t c\u1ea3 c\u00e1c trung t\u00e2m Water Skiing uy t\u00edn \u0111\u1ec1u <strong data-start=\"3286\" data-end=\"3314\">cung c\u1ea5p \u0111\u1ea7y \u0111\u1ee7 thi\u1ebft b\u1ecb<\/strong>, b\u1ea1n ch\u1ec9 c\u1ea7n mang theo tinh th\u1ea7n s\u1eb5n s\u00e0ng ch\u01a1i h\u1ebft m\u00ecnh.<\/p>\n<h2 data-start=\"3378\" data-end=\"3422\"><span class=\"ez-toc-section\" id=\"5_Kinh_Nghiem_Cho_Nguoi_Moi_Luot_Van\"><\/span><strong data-start=\"3381\" data-end=\"3422\">5. Kinh Nghi\u1ec7m Cho Ng\u01b0\u1eddi M\u1edbi L\u01b0\u1edbt V\u00e1n<\/strong><span class=\"ez-toc-section-end\"><\/span><\/h2>\n<ul>\n<li data-start=\"3424\" data-end=\"3456\"><strong data-start=\"3428\" data-end=\"3456\">T\u01b0 th\u1ebf \u0111\u00fang khi b\u1eaft \u0111\u1ea7u: <\/strong>\u0110\u1ea7u g\u1ed1i co nh\u1eb9 -&gt; Ng\u01b0\u1eddi h\u01a1i ng\u1ea3 ra sau -&gt;Tay gi\u1eef th\u1eb3ng khi c\u1ea7m d\u00e2y k\u00e9o -&gt; M\u1eaft nh\u00ecn th\u1eb3ng ph\u00eda tr\u01b0\u1edbc<\/li>\n<li data-start=\"3574\" data-end=\"3602\"><strong>Khi t\u00e0u b\u1eaft \u0111\u1ea7u k\u00e9o:<\/strong> Gi\u1eef v\u00e1n song song theo h\u01b0\u1edbng di chuy\u1ec3n -&gt; Kh\u00f4ng k\u00e9o tay (h\u00e3y \u0111\u1ec3 t\u00e0u k\u00e9o b\u1ea1n) -&gt; Khi v\u00e1n n\u1ed5i l\u00ean (\u0111\u1ee9ng th\u1eb3ng d\u1ea7n)<\/li>\n<li data-start=\"3729\" data-end=\"3751\"><strong data-start=\"3733\" data-end=\"3751\">Khi \u0111ang l\u01b0\u1edbt: <\/strong>Gi\u1eef th\u0103ng b\u1eb1ng b\u1eb1ng tr\u1ecdng t\u00e2m c\u01a1 th\u1ec3, kh\u00f4ng ph\u1ea3i c\u00e1nh tay -&gt; \u0110i\u1ec1u ch\u1ec9nh h\u01b0\u1edbng b\u1eb1ng chuy\u1ec3n tr\u1ecdng l\u01b0\u1ee3ng sang tr\u00e1i \/ ph\u1ea3i<\/li>\n<li data-start=\"3881\" data-end=\"3906\"><strong data-start=\"3885\" data-end=\"3906\">C\u00e1ch ng\u00e3 an to\u00e0n: <\/strong>Bu\u00f4ng tay kh\u1ecfi d\u00e2y \/ Th\u1ea3 l\u1ecfng c\u01a1 th\u1ec3 \/ \u0110\u1ec3 \u00e1o phao t\u1ef1 gi\u1eef b\u1ea1n n\u1ed5i<\/li>\n<\/ul>\n<p data-start=\"5241\" data-end=\"5574\"><strong data-start=\"5241\" data-end=\"5266\">L\u01b0\u1edbt v\u00e1n Water Skiing<\/strong> kh\u00f4ng ch\u1ec9 l\u00e0 m\u1ed9t m\u00f4n th\u1ec3 thao tr\u00ean n\u01b0\u1edbc, m\u00e0 c\u00f2n l\u00e0 m\u1ed9t h\u00e0nh tr\u00ecnh kh\u00e1m ph\u00e1 gi\u1edbi h\u1ea1n b\u1ea3n th\u00e2n, c\u1ea3m nh\u1eadn s\u1ef1 t\u1ef1 do v\u00e0 h\u00f2a m\u00ecnh v\u00e0o thi\u00ean nhi\u00ean theo m\u1ed9t c\u00e1ch \u0111\u1ea7y m\u1ea1nh m\u1ebd. \u0110\u00f3 l\u00e0 c\u1ea3m gi\u00e1c gi\u00f3 l\u00f9a qua c\u01a1 th\u1ec3, s\u00f3ng n\u01b0\u1edbc tung b\u1ecdt tr\u1eafng x\u00f3a ph\u00eda sau, v\u00e0 kho\u1ea3nh kh\u1eafc b\u1ea1n th\u1ea3 l\u1ecfng, \u0111\u1ee9ng v\u1eefng tr\u00ean m\u1eb7t n\u01b0\u1edbc nh\u01b0 \u0111ang bay.<\/p>\n<p data-start=\"5576\" data-end=\"5810\">N\u1ebfu b\u1ea1n y\u00eau th\u00edch tr\u1ea3i nghi\u1ec7m m\u1edbi, mu\u1ed1n th\u1eed c\u1ea3m gi\u00e1c ph\u1ea5n kh\u00edch, ho\u1eb7c \u0111\u01a1n gi\u1ea3n l\u00e0 mu\u1ed1n t\u1ea1o d\u1ea5u \u1ea5n \u0111\u1eb7c bi\u1ec7t cho chuy\u1ebfn du l\u1ecbch \u2013 h\u00e3y <strong data-start=\"5708\" data-end=\"5745\">m\u1ed9t l\u1ea7n th\u1eed l\u01b0\u1edbt v\u00e1n Water Skiing<\/strong>. Ch\u1eafc ch\u1eafn r\u1eb1ng, \u0111\u00e2y s\u1ebd l\u00e0 k\u1ef7 ni\u1ec7m <strong data-start=\"5781\" data-end=\"5809\">\u0111\u00e1ng nh\u1edb v\u00e0 r\u1ea5t kh\u00f3 qu\u00ean<\/strong>.<\/p>\n<div>\n<div tabindex=\"-1\">\n<p>Xem th\u00eam c\u00e1c tr\u00f2 ch\u01a1i th\u1ec3 thao bi\u1ec3n kh\u00e1c\u00a0<a href=\"https:\/\/tourdaonhatrang.com\/en\/hon-tam-beach\/\">here<\/a><\/p>\n<\/div>\n<\/div>","protected":false},"excerpt":{"rendered":"<h3 class=\"product-title product_title entry-title\"><span style=\"color: #0000ff; font-size: 100%;\">L\u01b0\u1edbt v\u00e1n H\u00f2n T\u1eb1m: 1.300.000 VN\u0110\/10 ph\u00fat\/ng\u01b0\u1eddi<\/span><\/h3>\n<p><img loading=\"lazy\" decoding=\"async\" class=\"size-full wp-image-40046 alignnone\" src=\"https:\/\/tourdaonhatrang.com\/wp-content\/uploads\/2023\/01\/phieu-khuyen-mai-thanh-toan-ngay.png\" alt=\"\" width=\"420\" height=\"180\" srcset=\"https:\/\/tourdaonhatrang.com\/wp-content\/uploads\/2023\/01\/phieu-khuyen-mai-thanh-toan-ngay.png 420w, https:\/\/tourdaonhatrang.com\/wp-content\/uploads\/2023\/01\/phieu-khuyen-mai-thanh-toan-ngay-300x129.png 300w, https:\/\/tourdaonhatrang.com\/wp-content\/uploads\/2023\/01\/phieu-khuyen-mai-thanh-toan-ngay-18x8.png 18w, https:\/\/tourdaonhatrang.com\/wp-content\/uploads\/2023\/01\/phieu-khuyen-mai-thanh-toan-ngay-400x171.png 400w\" sizes=\"auto, (max-width: 420px) 100vw, 420px\" \/><\/p>\n<ul>\n<li data-start=\"3471\" data-end=\"3489\">\u0110\u01b0\u1ee3c trang b\u1ecb \u00e1o phao<\/li>\n<li data-start=\"3471\" data-end=\"3489\">Thi\u1ebft b\u1ecb hi\u1ec7n \u0111\u1ea1i<\/li>\n<li data-start=\"3471\" data-end=\"3489\"><span style=\"color: #333333;\">Hotline: <\/span><a href=\"tel:0849256256\">0849 256 256<\/a><\/li>\n<li><span style=\"color: #0000ff;\">10% Payment Offer<\/span><\/li>\n<li>Services on Hon Tam Island<\/li>\n<\/ul>\n<div class=\"hJDwNd-AhqUyc-qWD73c purZT-AhqUyc-II5mzb pSzOP-AhqUyc-qWD73c JNdkSc\">\n<div class=\"JNdkSc-SmKAyb\">\n<div class=\"\">\n<div class=\"oKdM2c Kzv0Me\">\n<div class=\"hJDwNd-AhqUyc-qWD73c purZT-AhqUyc-II5mzb pSzOP-AhqUyc-qWD73c JNdkSc\">\n<div class=\"JNdkSc-SmKAyb\">\n<div class=\"\">\n<div class=\"oKdM2c Kzv0Me\">\n<div id=\"h.f128f2fe5256b73_1433\" class=\"hJDwNd-AhqUyc-qWD73c jXK9ad D2fZ2 OjCsFc wHaque GNzUNc\">\n<div class=\"jXK9ad-SmKAyb\">\n<div class=\"tyJCtd mGzaTb baZpAe\">\n<div class=\"row row-small mua-ngay-button\">\n<div class=\"cot1 medium-6 small-12 large-6\">\n<div class=\"col-inner\"><a class=\"button primary is-large lowercase expand\" style=\"border-radius: 3px;\" href=\"https:\/\/tourdaonhatrang.com\/en\/luot-van-hon-tam-water-skiing\/\">See details<br \/>\n<\/a><\/div>\n<\/div>\n<div class=\"cot2 medium-6 small-12 large-6\">\n<div class=\"col-inner\"><a class=\"button success is-large lowercase expand\" style=\"border-radius: 3px;\" href=\"https:\/\/tourdaonhatrang.com\/en\/hon-tam-beach\/#the-thao-bien-hon-tam\" target=\"_self\" rel=\"noopener\"><span style=\"vertical-align: inherit;\">\ud83d\uded2 Book tickets quickly<\/span><\/a><\/div>\n<\/div>\n<\/div>\n<\/div>\n<\/div>\n<\/div>\n<\/div>\n<\/div>\n<\/div>\n<\/div>\n<\/div>\n<\/div>\n<\/div>\n<\/div>","protected":false},"featured_media":38352,"comment_status":"open","ping_status":"closed","template":"","meta":[],"product_brand":[],"product_cat":[739],"product_tag":[755,756],"class_list":{"0":"post-38337","1":"product","2":"type-product","3":"status-publish","4":"has-post-thumbnail","6":"product_cat-the-thao-bien-nha-trang","7":"product_tag-luot-van","8":"product_tag-water-skiing","10":"first","11":"instock","12":"shipping-taxable","13":"product-type-simple"},"_links":{"self":[{"href":"https:\/\/tourdaonhatrang.com\/en\/wp-json\/wp\/v2\/product\/38337","targetHints":{"allow":["GET"]}}],"collection":[{"href":"https:\/\/tourdaonhatrang.com\/en\/wp-json\/wp\/v2\/product"}],"about":[{"href":"https:\/\/tourdaonhatrang.com\/en\/wp-json\/wp\/v2\/types\/product"}],"replies":[{"embeddable":true,"href":"https:\/\/tourdaonhatrang.com\/en\/wp-json\/wp\/v2\/comments?post=38337"}],"wp:featuredmedia":[{"embeddable":true,"href":"https:\/\/tourdaonhatrang.com\/en\/wp-json\/wp\/v2\/media\/38352"}],"wp:attachment":[{"href":"https:\/\/tourdaonhatrang.com\/en\/wp-json\/wp\/v2\/media?parent=38337"}],"wp:term":[{"taxonomy":"product_brand","embeddable":true,"href":"https:\/\/tourdaonhatrang.com\/en\/wp-json\/wp\/v2\/product_brand?post=38337"},{"taxonomy":"product_cat","embeddable":true,"href":"https:\/\/tourdaonhatrang.com\/en\/wp-json\/wp\/v2\/product_cat?post=38337"},{"taxonomy":"product_tag","embeddable":true,"href":"https:\/\/tourdaonhatrang.com\/en\/wp-json\/wp\/v2\/product_tag?post=38337"}],"curies":[{"name":"wp","href":"https:\/\/api.w.org\/{rel}","templated":true}]}}