{"id":38991,"date":"2023-01-21T07:45:31","date_gmt":"2023-01-21T00:45:31","guid":{"rendered":"https:\/\/tourdaonhatrang.com\/?post_type=product&#038;p=38991"},"modified":"2026-03-14T07:49:54","modified_gmt":"2026-03-14T00:49:54","slug":"canoe-to-nha-trang-bay","status":"publish","type":"product","link":"https:\/\/tourdaonhatrang.com\/en\/canoe-to-nha-trang-bay\/","title":{"rendered":"Parasailing Nha Trang"},"content":{"rendered":"<p>\u0110i <a href=\"https:\/\/tourdaonhatrang.com\/en\/3-dao-nha-trang-tour\/\">Nha Trang 3 Island Tour<\/a>, mong mu\u1ed1n t\u00ecm v\u00e0 ch\u01a1i c\u00e1c tr\u00f2 ch\u01a1i th\u1ec3 thao bi\u1ec3n nh\u01b0 cano k\u00e9o d\u00f9 bay Nha Trang ho\u1eb7c l\u00e1i Jetski. Th\u00ec b\u1ea1n \u0111\u00e3 t\u00ecm \u0111\u00fang \u0111\u1ecba ch\u1ec9 r\u1ed3i \u0111\u1ea5y. C\u00f4ng ty TNHH Tour \u0110\u1ea3o h\u00e2n h\u1ea1nh cung c\u1ea5p cho qu\u00fd kh\u00e1ch d\u1ecbch v\u1ee5 cano k\u00e9o d\u00f9 \u1edf bi\u1ec3n Nha Trang gi\u00e1 c\u1ea3 \u1ed5n nh\u1ea5t d\u00e0nh cho Qu\u00fd kh\u00e1ch h\u00e0ng.<\/p>\n<div id=\"ez-toc-container\" class=\"ez-toc-v2_0_82_2 counter-hierarchy ez-toc-counter ez-toc-grey ez-toc-container-direction\">\n<div class=\"ez-toc-title-container\">\n<p class=\"ez-toc-title\" style=\"cursor:inherit\">Content<\/p>\n<span class=\"ez-toc-title-toggle\"><a href=\"#\" class=\"ez-toc-pull-right ez-toc-btn ez-toc-btn-xs ez-toc-btn-default ez-toc-toggle\" aria-label=\"Toggle Table of Content\"><span class=\"ez-toc-js-icon-con\"><span class=\"\"><span class=\"eztoc-hide\" style=\"display:none;\">Toggle<\/span><span class=\"ez-toc-icon-toggle-span\"><svg style=\"fill: #999;color:#999\" xmlns=\"http:\/\/www.w3.org\/2000\/svg\" class=\"list-377408\" width=\"20px\" height=\"20px\" viewbox=\"0 0 24 24\" fill=\"none\"><path d=\"M6 6H4v2h2V6zm14 0H8v2h12V6zM4 11h2v2H4v-2zm16 0H8v2h12v-2zM4 16h2v2H4v-2zm16 0H8v2h12v-2z\" fill=\"currentColor\"><\/path><\/svg><svg style=\"fill: #999;color:#999\" class=\"arrow-unsorted-368013\" xmlns=\"http:\/\/www.w3.org\/2000\/svg\" width=\"10px\" height=\"10px\" viewbox=\"0 0 24 24\" version=\"1.2\" baseprofile=\"tiny\"><path d=\"M18.2 9.3l-6.2-6.3-6.2 6.3c-.2.2-.3.4-.3.7s.1.5.3.7c.2.2.4.3.7.3h11c.3 0 .5-.1.7-.3.2-.2.3-.5.3-.7s-.1-.5-.3-.7zM5.8 14.7l6.2 6.3 6.2-6.3c.2-.2.3-.5.3-.7s-.1-.5-.3-.7c-.2-.2-.4-.3-.7-.3h-11c-.3 0-.5.1-.7.3-.2.2-.3.5-.3.7s.1.5.3.7z\"\/><\/svg><\/span><\/span><\/span><\/a><\/span><\/div>\n<nav><ul class='ez-toc-list ez-toc-list-level-1' ><li class='ez-toc-page-1 ez-toc-heading-level-2'><a class=\"ez-toc-link ez-toc-heading-1\" href=\"https:\/\/tourdaonhatrang.com\/en\/canoe-to-nha-trang-bay\/#Cano_keo_du_bay_Nha_Trang_%E2%80%93_Trai_nghiem_bay_tren_bien_day_hung_khoi\" >Cano k\u00e9o d\u00f9 bay Nha Trang \u2013 Tr\u1ea3i nghi\u1ec7m bay tr\u00ean bi\u1ec3n \u0111\u1ea7y h\u1ee9ng kh\u1edfi<\/a><ul class='ez-toc-list-level-3' ><li class='ez-toc-heading-level-3'><a class=\"ez-toc-link ez-toc-heading-2\" href=\"https:\/\/tourdaonhatrang.com\/en\/canoe-to-nha-trang-bay\/#Trai_Nghiem_Co_1-0-2\" >Tr\u1ea3i Nghi\u1ec7m C\u00f3 1-0-2<\/a><\/li><li class='ez-toc-page-1 ez-toc-heading-level-3'><a class=\"ez-toc-link ez-toc-heading-3\" href=\"https:\/\/tourdaonhatrang.com\/en\/canoe-to-nha-trang-bay\/#Ai_Nen_Thu_Tro_Choi_Nay\" >Ai N\u00ean Th\u1eed Tr\u00f2 Ch\u01a1i N\u00e0y?<\/a><\/li><li class='ez-toc-page-1 ez-toc-heading-level-3'><a class=\"ez-toc-link ez-toc-heading-4\" href=\"https:\/\/tourdaonhatrang.com\/en\/canoe-to-nha-trang-bay\/#An_Toan_Tuyet_Doi_Voi_Trang_Bi_Hien_Dai\" >An To\u00e0n Tuy\u1ec7t \u0110\u1ed1i V\u1edbi Trang B\u1ecb Hi\u1ec7n \u0110\u1ea1i<\/a><\/li><\/ul><\/li><li class='ez-toc-page-1 ez-toc-heading-level-2'><a class=\"ez-toc-link ez-toc-heading-5\" href=\"https:\/\/tourdaonhatrang.com\/en\/canoe-to-nha-trang-bay\/#Gia_Dich_Vu_Cano_Keo_Du_Bay_Nha_Trang\" >Gi\u00e1 D\u1ecbch V\u1ee5 Cano K\u00e9o D\u00f9 Bay Nha Trang<\/a><\/li><li class='ez-toc-page-1 ez-toc-heading-level-2'><a class=\"ez-toc-link ez-toc-heading-6\" href=\"https:\/\/tourdaonhatrang.com\/en\/canoe-to-nha-trang-bay\/#Kinh_nghiem_truoc_khi_bay_cano_keo_du_luon_Nha_Trang\" >Kinh nghi\u1ec7m tr\u01b0\u1edbc khi bay cano k\u00e9o d\u00f9 l\u01b0\u1ee3n Nha Trang<\/a><\/li><li class='ez-toc-page-1 ez-toc-heading-level-2'><a class=\"ez-toc-link ez-toc-heading-7\" href=\"https:\/\/tourdaonhatrang.com\/en\/canoe-to-nha-trang-bay\/#Dat_Dich_Vu_Ngay_Hom_Nay\" >\u0110\u1eb7t D\u1ecbch V\u1ee5 Ngay H\u00f4m Nay!<\/a><\/li><\/ul><\/nav><\/div>\n<h2><span class=\"ez-toc-section\" id=\"Cano_keo_du_bay_Nha_Trang_%E2%80%93_Trai_nghiem_bay_tren_bien_day_hung_khoi\"><\/span>Cano k\u00e9o d\u00f9 bay Nha Trang \u2013 Tr\u1ea3i nghi\u1ec7m bay tr\u00ean bi\u1ec3n \u0111\u1ea7y h\u1ee9ng kh\u1edfi<span class=\"ez-toc-section-end\"><\/span><\/h2>\n<p>B\u1ea1n \u0111\u00e3 bao gi\u1edd t\u01b0\u1edfng t\u01b0\u1ee3ng m\u00ecnh \u0111\u01b0\u1ee3c <strong data-start=\"222\" data-end=\"248\">bay l\u01b0\u1ee3n tr\u00ean b\u1ea7u tr\u1eddi<\/strong>, ng\u1eafm nh\u00ecn to\u00e0n c\u1ea3nh<a href=\"https:\/\/nhatrangholiday.vn\/\" rel=\"noopener\"> Nha Trang Bay<\/a> trong l\u00e0n gi\u00f3 m\u00e1t l\u00e0nh?<br data-start=\"308\" data-end=\"311\" \/>Tham gia tr\u00f2 ch\u01a1i n\u00e0y,\u00a0du kh\u00e1ch s\u1ebd \u0111\u01b0\u1ee3c bay l\u01b0\u1ee3n tr\u00ean b\u1ea7u tr\u1eddi cao,\u00a0ng\u1eafm nh\u00ecn to\u00e0n c\u1ea3nh th\u00e0nh ph\u1ed1 Nha Trang xinh \u0111\u1eb9p t\u1eeb tr\u00ean cao.\u00a0C\u1ea3m gi\u00e1c \u0111\u01b0\u1ee3c gi\u00f3 l\u00f9a qua m\u00e1i t\u00f3c,\u00a0\u0111\u01b0\u1ee3c t\u1ef1 do bay b\u1ed5ng gi\u1eefa kh\u00f4ng trung s\u1ebd khi\u1ebfn du kh\u00e1ch c\u1ea3m th\u1ea5y v\u00f4 c\u00f9ng s\u1ea3ng kho\u00e1i v\u00e0 ph\u1ea5n kh\u00edch.<\/p>\n<p><img loading=\"lazy\" decoding=\"async\" class=\"wp-image-37475 size-full alignnone\" src=\"https:\/\/tourdaonhatrang.com\/wp-content\/uploads\/2025\/09\/cano-keo-du-bay-nha-trang-01.jpg\" alt=\"cano k\u00e9o d\u00f9 bay nha trang\" width=\"750\" height=\"530\" title=\"\" srcset=\"https:\/\/tourdaonhatrang.com\/wp-content\/uploads\/2025\/09\/cano-keo-du-bay-nha-trang-01.jpg 750w, https:\/\/tourdaonhatrang.com\/wp-content\/uploads\/2025\/09\/cano-keo-du-bay-nha-trang-01-300x212.jpg 300w, https:\/\/tourdaonhatrang.com\/wp-content\/uploads\/2025\/09\/cano-keo-du-bay-nha-trang-01-400x283.jpg 400w, https:\/\/tourdaonhatrang.com\/wp-content\/uploads\/2025\/09\/cano-keo-du-bay-nha-trang-01-600x424.jpg 600w\" sizes=\"auto, (max-width: 750px) 100vw, 750px\" \/><\/p>\n<h3 data-start=\"411\" data-end=\"438\"><span class=\"ez-toc-section\" id=\"Trai_Nghiem_Co_1-0-2\"><\/span>Tr\u1ea3i Nghi\u1ec7m C\u00f3 1-0-2<span class=\"ez-toc-section-end\"><\/span><\/h3>\n<ul>\n<li data-start=\"441\" data-end=\"516\">Bay tr\u00ean cao 50 \u2013 100m, c\u1ea3m gi\u00e1c nh\u01b0 \u201cchim tr\u1eddi\u201d gi\u1eefa kh\u00f4ng trung.<\/li>\n<li data-start=\"519\" data-end=\"595\">To\u00e0n c\u1ea3nh bi\u1ec3n xanh \u2013 c\u00e1t tr\u1eafng \u2013 n\u1eafng v\u00e0ng hi\u1ec7n ra ngay d\u01b0\u1edbi ch\u00e2n b\u1ea1n.<\/li>\n<li data-start=\"598\" data-end=\"669\">Cano hi\u1ec7n \u0111\u1ea1i, an to\u00e0n tuy\u1ec7t \u0111\u1ed1i v\u1edbi \u00e1o phao v\u00e0 d\u00e2y k\u00e9o chuy\u00ean d\u1ee5ng.<\/li>\n<\/ul>\n<h3 data-start=\"2732\" data-end=\"2762\"><span class=\"ez-toc-section\" id=\"Ai_Nen_Thu_Tro_Choi_Nay\"><\/span>Ai N\u00ean Th\u1eed Tr\u00f2 Ch\u01a1i N\u00e0y?<span class=\"ez-toc-section-end\"><\/span><\/h3>\n<p data-start=\"2764\" data-end=\"2893\">D\u00f9 bay kh\u00f4ng gi\u1edbi h\u1ea1n \u0111\u1ed9 tu\u1ed5i qu\u00e1 kh\u1eaft khe. B\u1ea5t k\u1ef3 ai c\u00f3 s\u1ee9c kh\u1ecfe t\u1ed1t \u0111\u1ec1u c\u00f3 th\u1ec3 tham gia. \u0110\u00e2y l\u00e0 ho\u1ea1t \u0111\u1ed9ng c\u1ef1c k\u1ef3 ph\u00f9 h\u1ee3p cho:<\/p>\n<ul>\n<li data-start=\"2896\" data-end=\"2985\"><strong data-start=\"2896\" data-end=\"2935\">C\u00e1c b\u1ea1n tr\u1ebb y\u00eau th\u00edch c\u1ea3m gi\u00e1c m\u1ea1nh<\/strong> \u2013 th\u1eed m\u1ed9t l\u1ea7n \u0111\u1ec3 bi\u1ebft c\u1ea3m gi\u00e1c \u201cbay gi\u1eefa tr\u1eddi\u201d.<\/li>\n<li data-start=\"2988\" data-end=\"3064\"><strong data-start=\"2988\" data-end=\"2999\">C\u1eb7p \u0111\u00f4i<\/strong> \u2013 kho\u1ea3nh kh\u1eafc l\u00e3ng m\u1ea1n khi c\u00f9ng nhau bay l\u00ean cao v\u00e0 ng\u1eafm c\u1ea3nh.<\/li>\n<li data-start=\"3067\" data-end=\"3136\"><strong data-start=\"3067\" data-end=\"3089\">Nh\u00f3m b\u1ea1n, gia \u0111\u00ecnh<\/strong> \u2013 t\u1ea1o k\u1ef7 ni\u1ec7m kh\u00f3 qu\u00ean trong chuy\u1ebfn du l\u1ecbch.<\/li>\n<li data-start=\"3139\" data-end=\"3214\"><strong data-start=\"3139\" data-end=\"3172\">C\u00f4ng ty t\u1ed5 ch\u1ee9c team building<\/strong> \u2013 ho\u1ea1t \u0111\u1ed9ng vui nh\u1ed9n, g\u1eafn k\u1ebft \u0111\u1ed3ng \u0111\u1ed9i.<\/li>\n<\/ul>\n<h3 data-start=\"1467\" data-end=\"1512\"><span class=\"ez-toc-section\" id=\"An_Toan_Tuyet_Doi_Voi_Trang_Bi_Hien_Dai\"><\/span>An To\u00e0n Tuy\u1ec7t \u0110\u1ed1i V\u1edbi Trang B\u1ecb Hi\u1ec7n \u0110\u1ea1i<span class=\"ez-toc-section-end\"><\/span><\/h3>\n<p data-start=\"1514\" data-end=\"1610\">M\u1ed9t trong nh\u1eefng y\u1ebfu t\u1ed1 khi\u1ebfn kh\u00e1ch du l\u1ecbch y\u00ean t\u00e2m l\u1ef1a ch\u1ecdn d\u1ecbch v\u1ee5 n\u00e0y l\u00e0 <strong data-start=\"1589\" data-end=\"1607\">\u0111\u1ed9 an to\u00e0n cao<\/strong>.<\/p>\n<ul data-start=\"1611\" data-end=\"1900\">\n<li data-start=\"1611\" data-end=\"1704\">\n<p data-start=\"1613\" data-end=\"1704\">B\u1ea1n s\u1ebd \u0111\u01b0\u1ee3c trang b\u1ecb <strong data-start=\"1634\" data-end=\"1657\">\u00e1o phao chuy\u00ean d\u1ee5ng<\/strong> v\u00e0 \u0111\u01b0\u1ee3c nh\u00e2n vi\u00ean ki\u1ec3m tra k\u1ef9 tr\u01b0\u1edbc khi bay.<\/p>\n<\/li>\n<li data-start=\"1705\" data-end=\"1796\">\n<p data-start=\"1707\" data-end=\"1796\">D\u00e2y k\u00e9o d\u00f9 \u0111\u01b0\u1ee3c l\u00e0m b\u1eb1ng ch\u1ea5t li\u1ec7u b\u1ec1n, ch\u1ecbu l\u1ef1c t\u1ed1t, \u0111\u1ea3m b\u1ea3o an to\u00e0n k\u1ec3 c\u1ea3 khi gi\u00f3 to.<\/p>\n<\/li>\n<li data-start=\"1797\" data-end=\"1900\">\n<p data-start=\"1799\" data-end=\"1900\">Cano k\u00e9o l\u00e0 lo\u1ea1i c\u00f4ng su\u1ea5t l\u1edbn, v\u1eadn h\u00e0nh \u00eam \u00e1i, gi\u00fap qu\u00e1 tr\u00ecnh c\u1ea5t c\u00e1nh v\u00e0 h\u1ea1 c\u00e1nh di\u1ec5n ra m\u01b0\u1ee3t m\u00e0.<\/p>\n<\/li>\n<\/ul>\n<p data-start=\"1902\" data-end=\"2086\">\u0110\u1ed9i ng\u0169 h\u01b0\u1edbng d\u1eabn vi\u00ean lu\u00f4n theo s\u00e1t \u0111\u1ec3 \u0111\u1ea3m b\u1ea3o b\u1ea1n c\u00f3 m\u1ed9t chuy\u1ebfn bay an to\u00e0n v\u00e0 tr\u1ecdn v\u1eb9n. N\u1ebfu b\u1ea1n ch\u01b0a t\u1eebng th\u1eed bao gi\u1edd, h\u1ecd s\u1ebd h\u01b0\u1edbng d\u1eabn chi ti\u1ebft t\u01b0 th\u1ebf, c\u00e1ch h\u1ea1 c\u00e1nh sao cho d\u1ec5 d\u00e0ng.<\/p>\n<h2 data-start=\"3221\" data-end=\"3264\"><span class=\"ez-toc-section\" id=\"Gia_Dich_Vu_Cano_Keo_Du_Bay_Nha_Trang\"><\/span>Gi\u00e1 D\u1ecbch V\u1ee5 Cano K\u00e9o D\u00f9 Bay Nha Trang<span class=\"ez-toc-section-end\"><\/span><\/h2>\n<p data-start=\"3266\" data-end=\"3400\">Gi\u00e1 ch\u01a1i cano k\u00e9o d\u00f9 bay \u1edf Nha Trang th\u01b0\u1eddng dao \u0111\u1ed9ng t\u1eeb <strong>800.000 \u2013 1,300.000\u0111<\/strong>, t\u00f9y v\u00e0o s\u1ed1 l\u01b0\u1ee3ng. Gi\u00e1 \u0111\u00e3 bao g\u1ed3m:<\/p>\n<ul data-start=\"3401\" data-end=\"3489\">\n<li data-start=\"3401\" data-end=\"3429\">\n<p data-start=\"3403\" data-end=\"3429\">Parachute + safety jacket<\/p>\n<\/li>\n<li data-start=\"3430\" data-end=\"3442\">\n<p data-start=\"3432\" data-end=\"3442\">Canoe tow<\/p>\n<\/li>\n<li data-start=\"3443\" data-end=\"3468\">\n<p data-start=\"3445\" data-end=\"3468\">Tour guide support<\/p>\n<\/li>\n<li data-start=\"3469\" data-end=\"3489\">\n<p data-start=\"3471\" data-end=\"3489\">Service insurance<\/p>\n<\/li>\n<\/ul>\n<h2 id=\"h-kinh-nghi\u1ec7m-tr\u01b0\u1edbc-khi-bay-cano-keo-du-l\u01b0\u1ee3n-nha-trang\" class=\"wp-block-heading\"><span class=\"ez-toc-section\" id=\"Kinh_nghiem_truoc_khi_bay_cano_keo_du_luon_Nha_Trang\"><\/span>Kinh nghi\u1ec7m tr\u01b0\u1edbc khi bay cano k\u00e9o d\u00f9 l\u01b0\u1ee3n Nha Trang<span class=\"ez-toc-section-end\"><\/span><\/h2>\n<p>\u0110\u1ec3 c\u00f3 m\u1ed9t tr\u1ea3i nghi\u1ec7m\u00a0<strong>Cano k\u00e9o d\u00f9 bay Nha Trang<\/strong>\u00a0an to\u00e0n v\u00e0 th\u00fa v\u1ecb,\u00a0du kh\u00e1ch c\u1ea7n l\u01b0u \u00fd m\u1ed9t s\u1ed1 \u0111i\u1ec1u sau:<\/p>\n<ul class=\"wp-block-list\">\n<li><strong>S\u1ee9c kh\u1ecfe:<\/strong>\u00a0Du kh\u00e1ch c\u1ea7n \u0111\u1ea3m b\u1ea3o s\u1ee9c kh\u1ecfe t\u1ed1t tr\u01b0\u1edbc khi tham gia tr\u00f2 ch\u01a1i.\u00a0Nh\u1eefng ng\u01b0\u1eddi c\u00f3 ti\u1ec1n s\u1eed b\u1ec7nh tim m\u1ea1ch,\u00a0huy\u1ebft \u00e1p cao,\u00a0s\u1ee3 \u0111\u1ed9 cao,\u2026\u00a0kh\u00f4ng n\u00ean tham gia tr\u00f2 ch\u01a1i.<\/li>\n<li><strong>Trang ph\u1ee5c:<\/strong>\u00a0Du kh\u00e1ch n\u00ean m\u1eb7c trang ph\u1ee5c tho\u1ea3i m\u00e1i,\u00a0d\u1ec5 v\u1eadn \u0111\u1ed9ng v\u00e0 mang theo kem ch\u1ed1ng n\u1eafng.\u00a0N\u00ean th\u00e1o b\u1ecf t\u1ea5t c\u1ea3 c\u00e1c \u0111\u1ed3 trang s\u1ee9c v\u00e0 ph\u1ee5 ki\u1ec7n tr\u01b0\u1edbc khi tham gia tr\u00f2 ch\u01a1i.<\/li>\n<li><strong>\u0110\u1ed3 \u0111\u1ea1c:<\/strong>\u00a0Du kh\u00e1ch kh\u00f4ng n\u00ean mang theo nhi\u1ec1u \u0111\u1ed3 \u0111\u1ea1c khi tham gia tr\u00f2 ch\u01a1i.\u00a0N\u00ean mang theo m\u1ed9t chi\u1ebfc kh\u0103n t\u1eafm v\u00e0 m\u1ed9t b\u1ed9 \u0111\u1ed3 kh\u00f4 \u0111\u1ec3 thay sau khi ch\u01a1i.<\/li>\n<li><strong>L\u01b0u \u00fd khi bay:<\/strong>\n<ul class=\"wp-block-list\">\n<li>Du kh\u00e1ch n\u00ean nghe theo h\u01b0\u1edbng d\u1eabn c\u1ee7a nh\u00e2n vi\u00ean h\u01b0\u1edbng d\u1eabn \u0111\u1ec3 \u0111\u1ea3m b\u1ea3o an to\u00e0n.<\/li>\n<li>Kh\u00f4ng n\u00ean ho\u1ea3ng s\u1ee3 ho\u1eb7c la h\u00e9t khi \u0111ang bay.<\/li>\n<li>N\u00ean gi\u1eef b\u00ecnh t\u0129nh v\u00e0 t\u1eadn h\u01b0\u1edfng c\u1ea3m gi\u00e1c bay l\u01b0\u1ee3n tr\u00ean b\u1ea7u tr\u1eddi.<\/li>\n<\/ul>\n<\/li>\n<\/ul>\n<h2 data-start=\"4473\" data-end=\"4504\"><span class=\"ez-toc-section\" id=\"Dat_Dich_Vu_Ngay_Hom_Nay\"><\/span>\u0110\u1eb7t D\u1ecbch V\u1ee5 Ngay H\u00f4m Nay!<span class=\"ez-toc-section-end\"><\/span><\/h2>\n<p data-start=\"4506\" data-end=\"4678\">\u0110\u1eebng b\u1ecf l\u1ee1 c\u01a1 h\u1ed9i tr\u1ea3i nghi\u1ec7m <strong data-start=\"4536\" data-end=\"4588\">m\u1ed9t trong nh\u1eefng tr\u00f2 ch\u01a1i th\u00fa v\u1ecb nh\u1ea5t \u1edf Nha Trang<\/strong>.<br data-start=\"4589\" data-end=\"4592\" \/>Ch\u1ec9 v\u00e0i ph\u00fat \u0111\u1eb7t d\u1ecbch v\u1ee5 l\u00e0 b\u1ea1n \u0111\u00e3 c\u00f3 ngay m\u1ed9t chuy\u1ebfn bay c\u1ef1c \u201cchill\u201d tr\u00ean b\u1ea7u tr\u1eddi.<\/p>\n<p data-start=\"4506\" data-end=\"4678\"><strong data-start=\"4683\" data-end=\"4700\">Hotline\/Zalo:<\/strong> 0849 256 256<br data-start=\"4713\" data-end=\"4716\" \/><strong data-start=\"4719\" data-end=\"4742\">\u0110\u1ecba \u0111i\u1ec3m ch\u01a1i:<\/strong>\u00a0<a href=\"https:\/\/tourdaonhatrang.com\/en\/come-back-to-the-center\/\">Hon Tam Nha Trang<\/a><\/p>","protected":false},"excerpt":{"rendered":"<h3 class=\"product-title product_title entry-title\"><span style=\"color: #0000ff; font-size: 100%;\">Single flight: 800,000 VND - Double flight: 1,300,000 VND<\/span><\/h3>\n<p><img loading=\"lazy\" decoding=\"async\" class=\"size-full wp-image-40046 alignnone\" src=\"https:\/\/tourdaonhatrang.com\/wp-content\/uploads\/2023\/01\/phieu-khuyen-mai-thanh-toan-ngay.png\" alt=\"\" width=\"420\" height=\"180\" srcset=\"https:\/\/tourdaonhatrang.com\/wp-content\/uploads\/2023\/01\/phieu-khuyen-mai-thanh-toan-ngay.png 420w, https:\/\/tourdaonhatrang.com\/wp-content\/uploads\/2023\/01\/phieu-khuyen-mai-thanh-toan-ngay-300x129.png 300w, https:\/\/tourdaonhatrang.com\/wp-content\/uploads\/2023\/01\/phieu-khuyen-mai-thanh-toan-ngay-18x8.png 18w, https:\/\/tourdaonhatrang.com\/wp-content\/uploads\/2023\/01\/phieu-khuyen-mai-thanh-toan-ngay-400x171.png 400w\" sizes=\"auto, (max-width: 420px) 100vw, 420px\" \/><\/p>\n<ul>\n<li data-start=\"3403\" data-end=\"3429\">Parachute + safety jacket<\/li>\n<li data-start=\"3403\" data-end=\"3429\">Canoe tow<\/li>\n<li data-start=\"3445\" data-end=\"3468\">Tour guide support<\/li>\n<li data-start=\"3471\" data-end=\"3489\">Service insurance<\/li>\n<li data-start=\"3471\" data-end=\"3489\"><span style=\"color: #333333;\">Hotline: <\/span><a href=\"tel:0849256256\">0849 256 256<\/a><\/li>\n<li><span style=\"color: #0000ff;\">10% Payment Offer<\/span><\/li>\n<li>Services on Hon Tam Island<\/li>\n<\/ul>\n<div class=\"hJDwNd-AhqUyc-qWD73c purZT-AhqUyc-II5mzb pSzOP-AhqUyc-qWD73c JNdkSc\">\n<div class=\"JNdkSc-SmKAyb\">\n<div class=\"\">\n<div class=\"oKdM2c Kzv0Me\">\n<div class=\"hJDwNd-AhqUyc-qWD73c purZT-AhqUyc-II5mzb pSzOP-AhqUyc-qWD73c JNdkSc\">\n<div class=\"JNdkSc-SmKAyb\">\n<div class=\"\">\n<div class=\"oKdM2c Kzv0Me\">\n<div id=\"h.f128f2fe5256b73_1433\" class=\"hJDwNd-AhqUyc-qWD73c jXK9ad D2fZ2 OjCsFc wHaque GNzUNc\">\n<div class=\"jXK9ad-SmKAyb\">\n<div class=\"tyJCtd mGzaTb baZpAe\">\n<div class=\"row row-small mua-ngay-button\">\n<div class=\"cot1 medium-6 small-12 large-6\">\n<div class=\"col-inner\"><a class=\"button primary is-large lowercase expand\" style=\"border-radius: 3px;\" href=\"https:\/\/tourdaonhatrang.com\/en\/canoe-to-nha-trang-bay\/\">See details<br \/>\n<\/a><\/div>\n<\/div>\n<div class=\"cot2 medium-6 small-12 large-6\">\n<div class=\"col-inner\"><a class=\"button success is-large lowercase expand\" style=\"border-radius: 3px;\" href=\"https:\/\/tourdaonhatrang.com\/en\/hon-tam-beach\/#the-thao-bien-hon-tam\" target=\"_self\" rel=\"noopener\"><span style=\"vertical-align: inherit;\">\ud83d\uded2 Book tickets quickly<\/span><\/a><\/div>\n<\/div>\n<\/div>\n<\/div>\n<\/div>\n<\/div>\n<\/div>\n<\/div>\n<\/div>\n<\/div>\n<\/div>\n<\/div>\n<\/div>\n<\/div>","protected":false},"featured_media":37475,"comment_status":"closed","ping_status":"closed","template":"","meta":[],"product_brand":[],"product_cat":[739,663],"product_tag":[],"class_list":{"0":"post-38991","1":"product","2":"type-product","3":"status-publish","4":"has-post-thumbnail","6":"product_cat-the-thao-bien-nha-trang","7":"product_cat-hon-tam-nha-trang","9":"first","10":"instock","11":"shipping-taxable","12":"product-type-simple"},"_links":{"self":[{"href":"https:\/\/tourdaonhatrang.com\/en\/wp-json\/wp\/v2\/product\/38991","targetHints":{"allow":["GET"]}}],"collection":[{"href":"https:\/\/tourdaonhatrang.com\/en\/wp-json\/wp\/v2\/product"}],"about":[{"href":"https:\/\/tourdaonhatrang.com\/en\/wp-json\/wp\/v2\/types\/product"}],"replies":[{"embeddable":true,"href":"https:\/\/tourdaonhatrang.com\/en\/wp-json\/wp\/v2\/comments?post=38991"}],"wp:featuredmedia":[{"embeddable":true,"href":"https:\/\/tourdaonhatrang.com\/en\/wp-json\/wp\/v2\/media\/37475"}],"wp:attachment":[{"href":"https:\/\/tourdaonhatrang.com\/en\/wp-json\/wp\/v2\/media?parent=38991"}],"wp:term":[{"taxonomy":"product_brand","embeddable":true,"href":"https:\/\/tourdaonhatrang.com\/en\/wp-json\/wp\/v2\/product_brand?post=38991"},{"taxonomy":"product_cat","embeddable":true,"href":"https:\/\/tourdaonhatrang.com\/en\/wp-json\/wp\/v2\/product_cat?post=38991"},{"taxonomy":"product_tag","embeddable":true,"href":"https:\/\/tourdaonhatrang.com\/en\/wp-json\/wp\/v2\/product_tag?post=38991"}],"curies":[{"name":"wp","href":"https:\/\/api.w.org\/{rel}","templated":true}]}}