{"id":35118,"date":"2024-01-18T09:24:09","date_gmt":"2024-01-18T02:24:09","guid":{"rendered":"https:\/\/tourdaonhatrang.com\/?page_id=35118"},"modified":"2024-01-18T09:27:13","modified_gmt":"2024-01-18T02:27:13","slug":"dieu-khoan-su-dung","status":"publish","type":"page","link":"https:\/\/tourdaonhatrang.com\/ko\/dieu-khoan-su-dung\/","title":{"rendered":"\uc774\uc6a9 \uc57d\uad00"},"content":{"rendered":"<section class=\"section\" id=\"section_637132938\">\n\t\t<div class=\"section-bg fill\" >\n\t\t\t\t\t\t\t\t\t\n\t\t\t\n\n\t\t<\/div>\n\n\t\t\n\n\t\t<div class=\"section-content relative\">\n\t\t\t\n\n<p>Ch\u00e0o m\u1eebng b\u1ea1n gh\u00e9 th\u0103m website<em>.<\/em>\u00a0Ch\u00fang t\u00f4i mong b\u1ea1n vui l\u00f2ng d\u00e0nh th\u1eddi gian \u0111\u1ecdc v\u00e0 t\u00ecm hi\u1ec3u nh\u1eefng \u0111i\u1ec1u kho\u1ea3n v\u1ec1 th\u1ecfa thu\u1eadn ph\u00e1p l\u00fd gi\u1eefa b\u1ea1n v\u00e0 C\u00f4ng ty TNHH Tour \u0110\u1ea3o\u00a0nh\u01b0 d\u01b0\u1edbi \u0111\u00e2y<\/p>\n<p>Th\u00f4ng qua vi\u1ec7c truy c\u1eadp, duy\u1ec7t n\u1ed9i dung, ho\u1eb7c s\u1eed d\u1ee5ng b\u1ea5t k\u1ef3 n\u1ed9i dung, h\u00ecnh \u1ea3nh n\u00e0o c\u1ee7a trang th\u00f4ng tin \u0111i\u1ec7n t\u1eed n\u00e0y, b\u1ea1n (ng\u01b0\u1eddi s\u1eed d\u1ee5ng) c\u00f4ng nh\u1eadn r\u1eb1ng b\u1ea1n \u0111\u00e3 \u0111\u1ecdc, hi\u1ec3u v\u00e0 nh\u1ea5t tr\u00ed v\u1edbi vi\u1ec7c tu\u00e2n th\u1ee7 c\u00e1c quy \u0111\u1ecbnh c\u1ee7a nh\u1eefng \u0111i\u1ec1u kho\u1ea3n n\u00e0y. N\u1ebfu b\u1ea1n kh\u00f4ng nh\u1ea5t tr\u00ed v\u1edbi nh\u1eefng \u0111i\u1ec1u kho\u1ea3n n\u00e0y, xin vui l\u00f2ng kh\u00f4ng s\u1eed d\u1ee5ng trang th\u00f4ng tin \u0111i\u1ec7n t\u1eed n\u00e0y.<\/p>\n<p><strong>I. B\u1ea3n quy\u1ec1n v\u00e0 th\u01b0\u01a1ng hi\u1ec7u<\/strong><br \/>B\u1ea5t k\u1ef3 n\u1ed9i dung n\u00e0o thu\u1ed9c website n\u00e0y bao g\u1ed3m nh\u00e3n hi\u1ec7u, t\u00ean th\u01b0\u01a1ng m\u1ea1i, m\u1eabu logo ho\u1eb7c s\u1ea3n ph\u1ea9m, ki\u1ec3u d\u00e1ng s\u1ea3n ph\u1ea9m\u2026 \u0111\u1ec1u thu\u1ed9c quy\u1ec1n s\u1edf h\u1eefu c\u1ee7a C\u00f4ng Ty TNHH Tour \u0110\u1ea3o v\u00e0 \u0111\u01b0\u1ee3c b\u1ea3o h\u1ed9 theo quy \u0111\u1ecbnh c\u1ee7a Lu\u1eadt S\u1edf h\u1eefu tr\u00ed tu\u1ec7 Vi\u1ec7t Nam v\u00e0 c\u00e1c v\u0103n b\u1ea3n li\u00ean quan. M\u1ecdi h\u00e0nh vi sao ch\u00e9p, tr\u00edch d\u1eabn, s\u1eeda \u0111\u1ed5i, ph\u00e2n ph\u1ed1i, xu\u1ea5t b\u1ea3n, l\u01b0u th\u00f4ng\u2026 v\u00ec m\u1ee5c \u0111\u00edch th\u01b0\u01a1ng m\u1ea1i d\u01b0\u1edbi m\u1ecdi h\u00ecnh th\u1ee9c m\u00e0 kh\u00f4ng \u0111\u01b0\u1ee3c s\u1ef1 ch\u1ea5p thu\u1eadn tr\u01b0\u1edbc b\u1eb1ng v\u0103n b\u1ea3n c\u1ee7a C\u00f4ng Ty TNHH Tour \u0110\u1ea3o l\u00e0 x\u00e2m ph\u1ea1m quy\u1ec1n c\u1ee7a ch\u00fang t\u00f4i. C\u00f4ng Ty TNHH Tour \u0110\u1ea3o\u00a0c\u00f3 quy\u1ec1n y\u00eau c\u1ea7u ng\u01b0\u1eddi s\u1eed d\u1ee5ng ch\u1ea5m d\u1ee9t vi\u1ec7c s\u1eed d\u1ee5ng v\u00e0 b\u1ed3i th\u01b0\u1eddng thi\u1ec7t h\u1ea1i (n\u1ebfu c\u00f3).<\/p>\n<p><strong>II. N\u1ed9i Dung Website<\/strong><br \/>C\u00f4ng Ty TNHH Tour \u0110\u1ea3o c\u00f3 quy\u1ec1n thay \u0111\u1ed5i v\u00e0\/ho\u1eb7c ch\u1ea5m d\u1ee9t c\u00e1c n\u1ed9i dung, t\u00ednh n\u0103ng c\u1ee7a m\u1ed9t ph\u1ea7n hay to\u00e0n b\u1ed9 website m\u00e0 kh\u00f4ng c\u1ea7n th\u00f4ng b\u00e1o tr\u01b0\u1edbc v\u1edbi ng\u01b0\u1eddi s\u1eed d\u1ee5ng.<br \/>Tour \u0110\u1ea3o c\u00f3 quy\u1ec1n th\u1ef1c hi\u1ec7n c\u00e1c bi\u1ec7n ph\u00e1p an ninh \u0111\u1ec3 b\u1ea3o v\u1ec7 v\u00e0 ch\u1ed1ng l\u1ea1i c\u00e1c truy c\u1eadp tr\u00e1i ph\u00e9p ho\u1eb7c s\u1eeda \u0111\u1ed5i tr\u00e1i ph\u00e9p, ti\u1ebft l\u1ed9 ho\u1eb7c ph\u00e1 h\u1ee7y th\u00f4ng tin tr\u00ean website.<br \/>Khi s\u1eed d\u1ee5ng website, th\u00f4ng tin s\u1ebd \u0111\u01b0\u1ee3c truy\u1ec1n qua m\u1ed9t ph\u01b0\u01a1ng ti\u1ec7n\/thi\u1ebft b\u1ecb n\u1eb1m ngo\u00e0i s\u1ef1 ki\u1ec3m so\u00e1t c\u1ee7a Tour \u0110\u1ea3o.<\/p>\n<p>Theo \u0111\u00f3, C\u00f4ng Ty TNHH Tour \u0110\u1ea3o kh\u00f4ng ch\u1ecbu tr\u00e1ch nhi\u1ec7m cho ho\u1eb7c li\u00ean quan \u0111\u1ebfn b\u1ea5t k\u1ef3 s\u1ef1 ch\u1eadm tr\u1ec5, th\u1ea5t b\u1ea1i, b\u1ecb gi\u00e1n \u0111o\u1ea1n c\u1ee7a b\u1ea5t k\u1ef3 d\u1eef li\u1ec7u ho\u1eb7c c\u00e1c th\u00f4ng tin kh\u00e1c \u0111\u01b0\u1ee3c truy\u1ec1n trong k\u1ebft n\u1ed1i v\u1edbi vi\u1ec7c s\u1eed d\u1ee5ng c\u1ee7a website.<br \/>Th\u00f4ng tin c\u00e1 nh\u00e2n nh\u01b0 \u0111\u1ecba ch\u1ec9, email, s\u1ed1 \u0111i\u1ec7n tho\u1ea1i c\u1ee7a ng\u01b0\u1eddi s\u1eed d\u1ee5ng website (do ng\u01b0\u1eddi s\u1eed d\u1ee5ng t\u1ef1 nguy\u1ec7n cung c\u1ea5p b\u1eb1ng c\u00e1c h\u00ecnh th\u1ee9c kh\u00e1c nhau tr\u00ean website) c\u00f3 th\u1ec3 \u0111\u01b0\u1ee3c s\u1eed d\u1ee5ng n\u1ed9i b\u1ed9 cho m\u1ee5c \u0111\u00edch n\u00e2ng c\u1ea5p c\u00e1c s\u1ea3n ph\u1ea9m, d\u1ecbch v\u1ee5 c\u1ee7a C\u00f4ng Ty TNHH Tour \u0110\u1ea3o.<br \/>C\u00f4ng Ty TNHH Tour \u0110\u1ea3o cam k\u1ebft kh\u00f4ng ch\u1ee7 \u0111\u1ed9ng ti\u1ebft l\u1ed9 b\u1ea5t k\u1ef3 th\u00f4ng tin n\u00e0o c\u1ee7a ng\u01b0\u1eddi s\u1eed d\u1ee5ng cho b\u00ean th\u1ee9 ba, ngo\u1ea1i tr\u1eeb tr\u01b0\u1eddng h\u1ee3p c\u00f3 y\u00eau c\u1ea7u b\u1eb1ng v\u0103n b\u1ea3n c\u1ee7a c\u00e1c \u0111\u01a1n v\u1ecb \u0111i\u1ec1u tra theo \u0111\u00fang lu\u1eadt ph\u00e1p hi\u1ec7n h\u00e0nh. Khi \u0111\u00f3, C\u00f4ng Ty TNHH Tour \u0110\u1ea3o s\u1ebd th\u00f4ng b\u00e1o t\u1edbi ng\u01b0\u1eddi s\u1eed d\u1ee5ng b\u1eb1ng v\u0103n b\u1ea3n. Tuy nhi\u00ean, m\u1eb7c d\u00f9 c\u00f3 c\u00e1c c\u00f4ng ngh\u1ec7 b\u1ea3o m\u1eadt v\u00e0 h\u1ec7 th\u1ed1ng c\u0169ng \u0111\u01b0\u1ee3c trang b\u1ecb r\u1ea5t nhi\u1ec1u t\u00ednh n\u0103ng b\u1ea3o m\u1eadt, nh\u01b0ng kh\u00f4ng m\u1ed9t d\u1eef li\u1ec7u n\u00e0o \u0111\u01b0\u1ee3c truy\u1ec1n tr\u00ean \u0111\u01b0\u1eddng truy\u1ec1n internet m\u00e0 c\u00f3 th\u1ec3 \u0111\u01b0\u1ee3c b\u1ea3o m\u1eadt 100%. Do v\u1eady, C\u00f4ng Ty TNHH Tour \u0110\u1ea3o kh\u00f4ng th\u1ec3 \u0111\u01b0a ra m\u1ed9t cam k\u1ebft ch\u1eafc ch\u1eafn r\u1eb1ng th\u00f4ng tin b\u1ea1n cung c\u1ea5p cho ch\u00fang t\u00f4i s\u1ebd \u0111\u01b0\u1ee3c b\u1ea3o m\u1eadt m\u1ed9t c\u00e1ch tuy\u1ec7t \u0111\u1ed1i, v\u00e0 c\u0169ng s\u1ebd kh\u00f4ng ch\u1ecbu tr\u00e1ch nhi\u1ec7m trong tr\u01b0\u1eddng h\u1ee3p c\u00f3 s\u1ef1 truy c\u1eadp tr\u00e1i ph\u00e9p th\u00f4ng tin c\u00e1 nh\u00e2n c\u1ee7a ng\u01b0\u1eddi s\u1eed d\u1ee5ng. T\u1ea5t c\u1ea3 c\u00e1c th\u00f4ng tin, t\u00e0i li\u1ec7u kh\u00f4ng mang t\u00ednh ch\u1ea5t ri\u00eang t\u01b0 \u0111\u01b0\u1ee3c ng\u01b0\u1eddi s\u1eed d\u1ee5ng \u0111\u01b0a l\u00ean website \u0111\u1ec1u kh\u00f4ng \u0111\u01b0\u1ee3c xem l\u00e0 th\u00f4ng tin m\u1eadt, C\u00f4ng Ty TNHH Tour \u0110\u1ea3o \u0111\u01b0\u1ee3c ph\u00e9p to\u00e0n quy\u1ec1n s\u1eed d\u1ee5ng hay chuy\u1ec3n t\u1ea3i cho b\u1ea5t k\u1ef3 m\u1ee5c \u0111\u00edch n\u00e0o.<\/p>\n<p><strong>III. Quy\u1ec1n v\u00e0 tr\u00e1ch nhi\u1ec7m c\u1ee7a ng\u01b0\u1eddi s\u1eed d\u1ee5ng<\/strong><br \/>C\u00f4ng Ty TNHH Tour \u0110\u1ea3o cho ph\u00e9p ng\u01b0\u1eddi s\u1eed d\u1ee5ng xem, tr\u00edch xu\u1ea5t th\u00f4ng tin tr\u00ean website (in, t\u1ea3i, chuy\u1ec3n ti\u1ebfp\u2026) ho\u1eb7c chia s\u1ebb cho ng\u01b0\u1eddi kh\u00e1c nh\u01b0ng ch\u1ec9 cho m\u1ee5c \u0111\u00edch s\u1eed d\u1ee5ng c\u00e1 nh\u00e2n v\u00e0 phi th\u01b0\u01a1ng m\u1ea1i v\u1edbi \u0111i\u1ec1u ki\u1ec7n ph\u1ea3i tr\u00edch d\u1eabn th\u00f4ng b\u00e1o b\u1ea3n quy\u1ec1n sau \u0111\u00e2y: B\u1ea1n \u0111\u1ea3m b\u1ea3o tu\u00e2n theo ph\u00e1p lu\u1eadt v\u00e0 c\u00e1c quy \u0111\u1ecbnh li\u00ean quan \u0111\u1ebfn vi\u1ec7c s\u1eed d\u1ee5ng website c\u1ee7a C\u00f4ng Ty TNHH Tour \u0110\u1ea3o, Kh\u00f4ng can thi\u1ec7p, g\u00e2y \u1ea3nh h\u01b0\u1edfng \u0111\u1ebfn vi\u1ec7c s\u1eed d\u1ee5ng website c\u1ee7a nh\u1eefng ng\u01b0\u1eddi s\u1eed d\u1ee5ng kh\u00e1c. Kh\u00f4ng can thi\u1ec7p v\u00e0o ho\u1ea1t \u0111\u1ed9ng v\u00e0 qu\u1ea3n l\u00fd website c\u1ee7a C\u00f4ng Ty TNHH Tour \u0110\u1ea3o<br \/>B\u1ea1n nh\u1eadn th\u1ee9c r\u00f5 v\u00e0 ch\u1ea5p nh\u1eadn r\u1eb1ng C\u00f4ng Ty TNHH Tour \u0110\u1ea3o\u00a0v\u00e0\/ho\u1eb7c c\u00e1c c\u00f4ng ty th\u00e0nh vi\u00ean\/\u0111\u01a1n v\u1ecb tr\u1ef1c thu\u1ed9c \/nh\u00e2n vi\u00ean c\u1ee7a ch\u00fang t\u00f4i kh\u00f4ng ch\u1ecbu tr\u00e1ch nhi\u1ec7m \u0111\u1ed1i v\u1edbi b\u1ea5t k\u1ef3 t\u1ed5n th\u1ea5t, thi\u1ec7t h\u1ea1i, chi ph\u00ed ph\u00e1t sinh t\u1eeb b\u1ea5t k\u1ef3 quy\u1ebft \u0111\u1ecbnh n\u00e0o c\u1ee7a b\u1ea1n khi s\u1eed d\u1ee5ng b\u1ea5t k\u1ef3 th\u00f4ng tin n\u00e0o tr\u00ean website v\u1edbi b\u1ea5t k\u1ef3 nguy\u00ean nh\u00e2n g\u00ec. N\u1ebfu b\u1ea1n kh\u00f4ng b\u1eb1ng l\u00f2ng v\u1edbi b\u1ea5t k\u1ef3 th\u00f4ng tin n\u00e0o tr\u00ean Website ho\u1eb7c v\u1edbi b\u1ea5t k\u1ef3 \u0111i\u1ec1u kho\u1ea3n v\u00e0 \u0111i\u1ec1u ki\u1ec7n s\u1eed d\u1ee5ng th\u00f4ng tin tr\u00ean Website n\u00e0y th\u00ec ph\u01b0\u01a1ng th\u1ee9c duy nh\u1ea5t b\u1ea1n n\u00ean th\u1ef1c hi\u1ec7n l\u00e0 ch\u1ea5m d\u1ee9t truy c\u1eadp\/s\u1eed d\u1ee5ng th\u00f4ng tin tr\u00ean website.<\/p>\n<p><strong>IV. Th\u00f4ng tin chung<\/strong><br \/>\u0110i\u1ec1u kho\u1ea3n s\u1eed d\u1ee5ng n\u00e0y c\u00f9ng v\u1edbi Ch\u00ednh S\u00e1ch B\u1ea3o M\u1eadt \u0111\u01b0\u1ee3c coi l\u00e0 to\u00e0n b\u1ed9 th\u1ecfa thu\u1eadn gi\u1eefa b\u1ea1n v\u00e0 C\u00f4ng Ty TNHH Tour \u0110\u1ea3o v\u1ec1 vi\u1ec7c b\u1ea1n s\u1eed d\u1ee5ng d\u1ecbch v\u1ee5 do C\u00f4ng Ty TNHH Tour \u0110\u1ea3o cung c\u1ea5p. Vi\u1ec7c C\u00f4ng Ty TNHH Tour \u0110\u1ea3o kh\u00f4ng th\u1ec3 th\u1ef1c hi\u1ec7n ho\u1eb7c thi h\u00e0nh b\u1ea5t k\u1ef3 quy\u1ec1n h\u1ea1n ho\u1eb7c \u0111i\u1ec1u kho\u1ea3n n\u00e0o \u0111\u01b0\u1ee3c quy \u0111\u1ecbnh trong \u0111i\u1ec1u kho\u1ea3n s\u1eed d\u1ee5ng s\u1ebd kh\u00f4ng \u0111\u01b0\u1ee3c coi l\u00e0 t\u1eeb b\u1ecf c\u0169ng nh\u01b0 kh\u00f4ng ch\u1ecbu tr\u00e1ch nhi\u1ec7m ph\u00e1p l\u00fd \u0111\u1ed1i v\u1edbi quy\u1ec1n ho\u1eb7c \u0111i\u1ec1u kho\u1ea3n \u0111\u00f3 t\u1ea1i b\u1ea5t k\u1ef3 th\u1eddi \u0111i\u1ec3m n\u00e0o sau \u0111\u00f3. N\u1ebfu b\u1ea5t k\u1ef3 \u0111i\u1ec1u kho\u1ea3n n\u00e0o c\u1ee7a C\u00f4ng Ty TNHH Tour \u0110\u1ea3o b\u1ecb v\u00f4 hi\u1ec7u th\u00ec c\u00e1c \u0111i\u1ec1u kho\u1ea3n kh\u00e1c c\u1ee7a C\u00f4ng Ty TNHH Tour \u0110\u1ea3o\u00a0v\u1eabn s\u1ebd c\u00f3 \u0111\u1ea7y \u0111\u1ee7 gi\u00e1 tr\u1ecb v\u00e0 hi\u1ec7u l\u1ef1c.<\/p>\n<p><strong>V. Th\u00f4ng tin li\u00ean h\u1ec7<\/strong><br \/>Ch\u00fang t\u00f4i lu\u00f4n hoan ngh\u00eanh c\u00e1c \u00fd ki\u1ebfn \u0111\u00f3ng g\u00f3p, li\u00ean h\u1ec7 v\u00e0 ph\u1ea3n h\u1ed3i th\u00f4ng tin t\u1eeb b\u1ea1n v\u1ec1 \u201cCh\u00ednh s\u00e1ch b\u1ea3o m\u1eadt\u201d n\u00e0y. N\u1ebfu b\u1ea1n c\u00f3 nh\u1eefng th\u1eafc m\u1eafc li\u00ean quan xin vui l\u00f2ng li\u00ean h\u1ec7 theo \u0111\u1ecba ch\u1ec9 email:\u00a0<a href=\"maito:hontamtravel@gmail.com\">tourdaotravel@gmail.com<\/a><em>.<\/em><\/p>\n<p>Trang web n\u00e0y \u0111\u01b0\u1ee3c \u0111i\u1ec1u h\u00e0nh b\u1edfi C\u00f4ng ty TNHH Tour \u0110\u1ea3o<br \/><em>\u0110\u01b0\u1ee3c c\u1eadp nh\u1eadt l\u1ea7n cu\u1ed1i v\u00e0o ng\u00e0y 01\/01\/202<\/em>3<\/p>\n\n\n\t\t<\/div>\n\n\t\t\n<style>\n#section_637132938 {\n  padding-top: 30px;\n  padding-bottom: 30px;\n}\n<\/style>\n\t<\/section>","protected":false},"excerpt":{"rendered":"","protected":false},"author":6,"featured_media":0,"parent":0,"menu_order":0,"comment_status":"closed","ping_status":"closed","template":"","meta":{"footnotes":""},"class_list":["post-35118","page","type-page","status-publish","hentry"],"_links":{"self":[{"href":"https:\/\/tourdaonhatrang.com\/ko\/wp-json\/wp\/v2\/pages\/35118","targetHints":{"allow":["GET"]}}],"collection":[{"href":"https:\/\/tourdaonhatrang.com\/ko\/wp-json\/wp\/v2\/pages"}],"about":[{"href":"https:\/\/tourdaonhatrang.com\/ko\/wp-json\/wp\/v2\/types\/page"}],"author":[{"embeddable":true,"href":"https:\/\/tourdaonhatrang.com\/ko\/wp-json\/wp\/v2\/users\/6"}],"replies":[{"embeddable":true,"href":"https:\/\/tourdaonhatrang.com\/ko\/wp-json\/wp\/v2\/comments?post=35118"}],"version-history":[{"count":0,"href":"https:\/\/tourdaonhatrang.com\/ko\/wp-json\/wp\/v2\/pages\/35118\/revisions"}],"wp:attachment":[{"href":"https:\/\/tourdaonhatrang.com\/ko\/wp-json\/wp\/v2\/media?parent=35118"}],"curies":[{"name":"wp","href":"https:\/\/api.w.org\/{rel}","templated":true}]}}