{"id":1507,"date":"2021-02-17T07:30:15","date_gmt":"2021-02-17T00:30:15","guid":{"rendered":"https:\/\/tourdao.com.vn\/?post_type=product&#038;p=1507"},"modified":"2026-04-24T15:25:59","modified_gmt":"2026-04-24T08:25:59","slug":"thue-cano-di-mini-beach","status":"publish","type":"product","link":"https:\/\/tourdaonhatrang.com\/ko\/thue-cano-di-mini-beach\/","title":{"rendered":"\uce74\ub204\ub97c \ube4c\ub824 \ubbf8\ub2c8 \ube44\uce58 \ub098\ud2b8\ub791\uc73c\ub85c \uac00\uc138\uc694"},"content":{"rendered":"<div id=\"ez-toc-container\" class=\"ez-toc-v2_0_82_2 counter-hierarchy ez-toc-counter ez-toc-grey ez-toc-container-direction\">\n<div class=\"ez-toc-title-container\">\n<p class=\"ez-toc-title\" style=\"cursor:inherit\">\ucf58\ud150\uce20<\/p>\n<span class=\"ez-toc-title-toggle\"><a href=\"#\" class=\"ez-toc-pull-right ez-toc-btn ez-toc-btn-xs ez-toc-btn-default ez-toc-toggle\" aria-label=\"\ubaa9\ucc28 \ud1a0\uae00\"><span class=\"ez-toc-js-icon-con\"><span class=\"\"><span class=\"eztoc-hide\" style=\"display:none;\">\ube44\ub140\uc7a5<\/span><span class=\"ez-toc-icon-toggle-span\"><svg style=\"fill: #999;color:#999\" xmlns=\"http:\/\/www.w3.org\/2000\/svg\" class=\"list-377408\" width=\"20px\" height=\"20px\" viewbox=\"0 0 24 24\" fill=\"none\"><path d=\"M6 6H4v2h2V6zm14 0H8v2h12V6zM4 11h2v2H4v-2zm16 0H8v2h12v-2zM4 16h2v2H4v-2zm16 0H8v2h12v-2z\" fill=\"currentColor\"><\/path><\/svg><svg style=\"fill: #999;color:#999\" class=\"arrow-unsorted-368013\" xmlns=\"http:\/\/www.w3.org\/2000\/svg\" width=\"10px\" height=\"10px\" viewbox=\"0 0 24 24\" version=\"1.2\" baseprofile=\"tiny\"><path d=\"M18.2 9.3l-6.2-6.3-6.2 6.3c-.2.2-.3.4-.3.7s.1.5.3.7c.2.2.4.3.7.3h11c.3 0 .5-.1.7-.3.2-.2.3-.5.3-.7s-.1-.5-.3-.7zM5.8 14.7l6.2 6.3 6.2-6.3c.2-.2.3-.5.3-.7s-.1-.5-.3-.7c-.2-.2-.4-.3-.7-.3h-11c-.3 0-.5.1-.7.3-.2.2-.3.5-.3.7s.1.5.3.7z\"\/><\/svg><\/span><\/span><\/span><\/a><\/span><\/div>\n<nav><ul class='ez-toc-list ez-toc-list-level-1' ><li class='ez-toc-page-1 ez-toc-heading-level-1'><a class=\"ez-toc-link ez-toc-heading-1\" href=\"https:\/\/tourdaonhatrang.com\/ko\/thue-cano-di-mini-beach\/#Thue_cano_di_Mini_Beach_Nha_Trang\" >\uce74\ub204\ub97c \ube4c\ub824 \ubbf8\ub2c8 \ube44\uce58 \ub098\ud2b8\ub791\uc73c\ub85c \uac00\uc138\uc694<\/a><ul class='ez-toc-list-level-2' ><li class='ez-toc-heading-level-2'><a class=\"ez-toc-link ez-toc-heading-2\" href=\"https:\/\/tourdaonhatrang.com\/ko\/thue-cano-di-mini-beach\/#Hon_dao_biet_lap_giua_bien_xanh_Nha_Trang\" >H\u00f2n \u0111\u1ea3o bi\u1ec7t l\u1eadp gi\u1eefa bi\u1ec3n xanh Nha Trang<\/a><\/li><li class='ez-toc-page-1 ez-toc-heading-level-2'><a class=\"ez-toc-link ez-toc-heading-3\" href=\"https:\/\/tourdaonhatrang.com\/ko\/thue-cano-di-mini-beach\/#Dao_Mini_Beach_xanh_%E2%80%93_sach_%E2%80%93_dep\" >\u0110\u1ea3o Mini Beach xanh &#8211; s\u1ea1ch &#8211; \u0111\u1eb9p<\/a><\/li><li class='ez-toc-page-1 ez-toc-heading-level-2'><a class=\"ez-toc-link ez-toc-heading-4\" href=\"https:\/\/tourdaonhatrang.com\/ko\/thue-cano-di-mini-beach\/#Mot_ngay_di_tron_o_Mini_Beach_Nha_Trang\" >M\u1ed9t ng\u00e0y \u0111i tr\u1ed1n \u1edf Mini Beach Nha Trang<\/a><ul class='ez-toc-list-level-3' ><li class='ez-toc-heading-level-3'><a class=\"ez-toc-link ez-toc-heading-5\" href=\"https:\/\/tourdaonhatrang.com\/ko\/thue-cano-di-mini-beach\/#Thue_cano_di_Mini_Beach_tham_gia_cac_hoat_dong_tren_dao\" >Thu\u00ea cano \u0111i Mini Beach tham gia c\u00e1c ho\u1ea1t \u0111\u1ed9ng tr\u00ean \u0111\u1ea3o<\/a><\/li><li class='ez-toc-page-1 ez-toc-heading-level-3'><a class=\"ez-toc-link ez-toc-heading-6\" href=\"https:\/\/tourdaonhatrang.com\/ko\/thue-cano-di-mini-beach\/#Cach_lien_he_va_di_chuyen_ra_Mini_Beach_Nha_Trang\" >C\u00e1ch li\u00ean h\u1ec7 v\u00e0 di chuy\u1ec3n ra Mini Beach Nha Trang<\/a><\/li><\/ul><\/li><\/ul><\/li><\/ul><\/nav><\/div>\n<h1><span class=\"ez-toc-section\" id=\"Thue_cano_di_Mini_Beach_Nha_Trang\"><\/span>\uce74\ub204\ub97c \ube4c\ub824 \ubbf8\ub2c8 \ube44\uce58 \ub098\ud2b8\ub791\uc73c\ub85c \uac00\uc138\uc694<span class=\"ez-toc-section-end\"><\/span><\/h1>\n<p>Thu\u00ea cano \u0111i Mini Beach. B\u00e3i Mini Beach Nha Trang tuy kh\u00f4ng r\u1ed9ng, chi\u1ec1u d\u00e0i b\u00e3i t\u1eafm ch\u1ec9 kho\u1ea3ng 300m nh\u01b0ng b\u00e3i bi\u1ec3n \u1edf \u0111\u00e2y trong, s\u1ea1ch s\u1ebd l\u1ea1i y\u00ean t\u0129nh, kh\u00f4ng x\u00f4 b\u1ed3. N\u01b0\u1edbc bi\u1ec3n trong xanh, du kh\u00e1ch c\u00f3 th\u1ec3 nh\u00ecn th\u1ea5y t\u1eadn \u0111\u00e1y bi\u1ec3n nh\u1eefng r\u1ea1ng san h\u00f4, ng\u00e2m m\u00ecnh trong l\u00e0n n\u01b0\u1edbc t\u01b0\u01a1i m\u00e1t v\u00e0 c\u1ea3m nh\u1eadn c\u01a1 th\u1ec3 \u0111\u01b0\u1ee3c v\u1ed7 v\u1ec1, massage b\u1edfi nh\u1eefng vi\u00ean s\u1ecfi d\u01b0\u1edbi ch\u00e2n.<\/p>\n<p><img loading=\"lazy\" decoding=\"async\" class=\"wp-image-35416 size-full\" src=\"https:\/\/tourdaonhatrang.com\/wp-content\/uploads\/2021\/02\/MINI-BEACH-NHA-TRANG.jpg\" alt=\"Mini beach Nha Trang\" width=\"1088\" height=\"400\" title=\"\" srcset=\"https:\/\/tourdaonhatrang.com\/wp-content\/uploads\/2021\/02\/MINI-BEACH-NHA-TRANG.jpg 1088w, https:\/\/tourdaonhatrang.com\/wp-content\/uploads\/2021\/02\/MINI-BEACH-NHA-TRANG-300x110.jpg 300w, https:\/\/tourdaonhatrang.com\/wp-content\/uploads\/2021\/02\/MINI-BEACH-NHA-TRANG-1024x376.jpg 1024w, https:\/\/tourdaonhatrang.com\/wp-content\/uploads\/2021\/02\/MINI-BEACH-NHA-TRANG-768x282.jpg 768w, https:\/\/tourdaonhatrang.com\/wp-content\/uploads\/2021\/02\/MINI-BEACH-NHA-TRANG-400x147.jpg 400w, https:\/\/tourdaonhatrang.com\/wp-content\/uploads\/2021\/02\/MINI-BEACH-NHA-TRANG-600x221.jpg 600w\" sizes=\"auto, (max-width: 1088px) 100vw, 1088px\" \/><\/p>\n<h2><span class=\"ez-toc-section\" id=\"Hon_dao_biet_lap_giua_bien_xanh_Nha_Trang\"><\/span>H\u00f2n \u0111\u1ea3o bi\u1ec7t l\u1eadp gi\u1eefa bi\u1ec3n xanh Nha Trang<span class=\"ez-toc-section-end\"><\/span><\/h2>\n<p>Thi\u00ean \u0111\u01b0\u1eddng bi\u1ec3n \u0111\u1ea3o c\u1ee7a Vi\u1ec7t Nam. V\u1ecbnh Nha Trang qu\u1ea3 th\u1ef1c r\u1ea5t x\u1ee9ng danh v\u1edbi t\u00ean g\u1ecdi \u0111\u00f3, d\u00f9 c\u00f3 \u0111i bao nhi\u00eau l\u1ea7n v\u1eabn c\u00f3 th\u1ec3 kh\u00e1m ph\u00e1 th\u00eam nh\u1eefng v\u00f9ng bi\u1ec3n hoang s\u01a1 xinh \u0111\u1eb9p xoay quanh khu v\u1ef1c n\u00e0y.<\/p>\n<p>N\u1ebfu mu\u1ed1n tr\u1ea3i nghi\u1ec7m v\u1ebb \u0111\u1eb9p t\u1ef1 nhi\u00ean n\u01a1i \u0111\u00e2y trong ng\u00e0y th\u00ec Mini Beach l\u00e0 g\u1ee3i \u00fd h\u1ee3p l\u00fd m\u00e0 ngay c\u1ea3 ng\u01b0\u1eddi b\u1ea3n \u0111\u1ecba c\u0169ng r\u1ea5t th\u00edch.<\/p>\n<p>N\u1eb1m c\u00e1ch trung t\u00e2m th\u00e0nh ph\u1ed1 Nha Trang v\u00e9 ph\u00eda nam. B\u1ea1n duy chuy\u1ec3n ch\u01b0a t\u1edbi 8 ph\u00fat b\u1eb1ng ca n\u00f4 l\u00e0 b\u1ea1n \u0111\u00e3 c\u00f3 th\u1ec3 \u0111\u1eb7t ch\u00e2n l\u00ean m\u1ed9t h\u00f2n \u0111\u1ea3o v\u1eafng, n\u01b0\u1edbc trong v\u00e0 nhi\u1ec1u \u0111i\u1ec1u th\u00fa v\u1ecb.<\/p>\n<figure id=\"attachment_35417\" aria-describedby=\"caption-attachment-35417\" style=\"width: 1000px\" class=\"wp-caption aligncenter\"><img loading=\"lazy\" decoding=\"async\" class=\"wp-image-35417 size-full\" src=\"https:\/\/tourdaonhatrang.com\/wp-content\/uploads\/2021\/02\/ANH-MINI-BEACH.jpg\" alt=\"Mini beach Nha Trang\" width=\"1000\" height=\"1000\" title=\"\" srcset=\"https:\/\/tourdaonhatrang.com\/wp-content\/uploads\/2021\/02\/ANH-MINI-BEACH.jpg 1000w, https:\/\/tourdaonhatrang.com\/wp-content\/uploads\/2021\/02\/ANH-MINI-BEACH-300x300.jpg 300w, https:\/\/tourdaonhatrang.com\/wp-content\/uploads\/2021\/02\/ANH-MINI-BEACH-150x150.jpg 150w, https:\/\/tourdaonhatrang.com\/wp-content\/uploads\/2021\/02\/ANH-MINI-BEACH-768x768.jpg 768w, https:\/\/tourdaonhatrang.com\/wp-content\/uploads\/2021\/02\/ANH-MINI-BEACH-400x400.jpg 400w, https:\/\/tourdaonhatrang.com\/wp-content\/uploads\/2021\/02\/ANH-MINI-BEACH-600x600.jpg 600w, https:\/\/tourdaonhatrang.com\/wp-content\/uploads\/2021\/02\/ANH-MINI-BEACH-100x100.jpg 100w\" sizes=\"auto, (max-width: 1000px) 100vw, 1000px\" \/><figcaption id=\"caption-attachment-35417\" class=\"wp-caption-text\">Mini beach Nha Trang<\/figcaption><\/figure>\n<h2><span class=\"ez-toc-section\" id=\"Dao_Mini_Beach_xanh_%E2%80%93_sach_%E2%80%93_dep\"><\/span>\u0110\u1ea3o Mini Beach xanh &#8211; s\u1ea1ch &#8211; \u0111\u1eb9p<span class=\"ez-toc-section-end\"><\/span><\/h2>\n<p>Ngay khi thu\u00ea cano \u0111i Mini Beach v\u1eeba t\u1edbi b\u1ebfn \u0111\u1ed7, b\u1ea1n \u0111\u00e3 r\u1ea5t ng\u1ea1c nhi\u00ean tr\u01b0\u1edbc v\u1ebb \u0111\u1eb9p hoang s\u01a1 c\u1ee7a h\u00f2n \u0111\u1ea3o n\u00e0y, n\u01b0\u1edbc bi\u1ec3n th\u00ec trong xanh v\u00f4 c\u00f9ng. C\u1ea3 h\u00f2n \u0111\u1ea3o \u0111\u01b0\u1ee3c m\u1ed9t c\u01a1 s\u1edf du l\u1ecbch v\u1eadn h\u00e0nh t\u00ean l\u00e0 Mini Beach n\u00ean to\u00e0n b\u1ed9 kh\u00f4ng gian \u0111\u1ec1u th\u1ed1ng nh\u1ea5t. C\u00f3 2 \u0111i\u1ec1u \u0111\u00e1ng tr\u00e2n tr\u1ecdng nh\u1ea5t l\u00e0 \u1edf \u0111\u00e2y r\u1ea5t y\u00eau qu\u00fd thi\u00ean nhi\u00ean, m\u1ecdi ho\u1ea1t \u0111\u1ed9ng \u0111\u1ec1u \u01b0u ti\u00ean b\u1ea3o v\u1ec7 t\u1ef1 nhi\u00ean v\u00e0 th\u00e2n thi\u1ec7n m\u00f4i tr\u01b0\u1eddng. \u0111i\u1ec1u th\u1ee9 2 l\u00e0 gu th\u1ea9m m\u1ef9 c\u0169ng kh\u00e1 t\u1ed1t trong vi\u1ec7c ch\u1ecdn \u0111\u1ed3 d\u00f9ng (b\u00e0n, gh\u1ebf, d\u00f9,&#8230;) ngh\u1ec9 d\u01b0\u1ee1ng. Nh\u1edd v\u1eady m\u00e0 du kh\u00e1ch c\u00f3 th\u1ec3 ch\u1ee5p r\u1ea5t nhi\u1ec1u h\u00ecnh xinh \u1edf tr\u00ean \u0111\u1ea3o \u0111\u00f3.<\/p>\n<blockquote><p>\ub610\ud55c \ucc38\uc870\ud558\uc138\uc694: <a href=\"https:\/\/tourdaonhatrang.com\/ko\/%ec%b9%bc-%ed%88%ac%ec%96%b4\/%eb%82%98%ed%8a%b8%eb%9e%91-%eb%b3%b4%ed%8a%b8-%eb%8c%80%ec%97%ac\/\"><strong>\ub098\ud2b8\ub791 \ubaa9\uc870 \ubcf4\ud2b8 \ub300\uc5ec<\/strong><\/a><\/p><\/blockquote>\n<h2><span class=\"ez-toc-section\" id=\"Mot_ngay_di_tron_o_Mini_Beach_Nha_Trang\"><\/span>M\u1ed9t ng\u00e0y \u0111i tr\u1ed1n \u1edf Mini Beach Nha Trang<span class=\"ez-toc-section-end\"><\/span><\/h2>\n<p>Hi\u1ec7n t\u1ea1i d\u1ecbch v\u1ee5 ph\u1ed5 bi\u1ebfn nh\u1ea5t \u1edf \u0111\u00e2y l\u00e0 tour \u0111i trong ng\u00e0y, t\u1eeb kho\u1ea3ng 9 gi\u1edd s\u00e1ng \u0111\u1ebfn 3 &#8211; 4 gi\u1edd chi\u1ec1u, trong t\u01b0\u01a1ng lai c\u00f3 th\u1ec3 c\u00f3 th\u00eam khu ngh\u1ec9 d\u01b0\u1ee1ng d\u1ea1ng bungalow v\u00e0 ho\u1ea1t \u0111\u1ed9ng bu\u1ed5i t\u1ed1i. Trong g\u00f3i d\u1ecbch v\u1ee5 s\u1ebd bao g\u1ed3m c\u1ea3 \u0111\u01b0a \u0111\u00f3n b\u1eb1ng thuy\u1ec1n, \u0111\u1ed3 u\u1ed1ng, b\u1eefa tr\u01b0a t\u00f9y ch\u1ecdn, c\u00e1c ti\u1ec7n \u00edch \u0111i k\u00e8m t\u1eafm bi\u1ec3n (kh\u0103n t\u1eafm, ph\u00f2ng t\u1eafm n\u01b0\u1edbc ng\u1ecdt, ph\u00f2ng thay \u0111\u1ed3), t\u1ea5t c\u1ea3 \u0111\u1ec1u \u0111\u01b0\u1ee3c v\u1ec7 sinh s\u1ea1ch s\u1ebd v\u00e0 l\u00e0m r\u1ea5t ch\u1ec9n chu n\u00ean b\u1ea1n c\u00f3 th\u1ec3 y\u00ean t\u00e2m. B\u1eefa tr\u01b0a nh\u00e0 h\u00e0ng chu\u1ea9n b\u1ecb g\u1ed3m h\u1ea3i s\u1ea3n t\u01b0\u01a1i v\u00e0 ph\u1ea7n \u0103n m\u00f3n Vi\u1ec7t r\u1ea5t ngon mi\u1ec7ng, \u0111\u1eb7c bi\u1ec7t l\u00e0 sau khi t\u1eafm bi\u1ec3n xong kh\u00e1 m\u1ec7t th\u00ec b\u01b0\u1edbc l\u00ean c\u00e1c c\u00f4 ch\u00fa \u0111\u00e3 chu\u1ea9n b\u1ecb s\u1eb5n m\u00f3n ngon cho r\u1ed3i.<\/p>\n<p>Bi\u1ec3n \u1edf \u0111\u00e2y th\u00edch h\u1ee3p \u0111i v\u00e0o m\u00f9a h\u00e8 kho\u1ea3ng t\u1eeb cu\u1ed1i th\u00e1ng 3 \u0111\u1ebfn th\u00e1ng 10, n\u1eafng \u0111\u1eb9p v\u00e0 bi\u1ec3n xanh bi\u1ebfc r\u1ea5t \u0111\u1eb9p. Ch\u1ec9 c\u00f3 1 l\u01b0u \u00fd nh\u1ecf l\u00e0 m\u1ed9t s\u1ed1 khu v\u1ef1c b\u1edd bi\u1ec3n c\u00f3 x\u00e1c san h\u00f4 n\u00ean n\u1ebfu d\u1eabm ph\u1ea3i kh\u00e1 \u0111au, n\u1ebfu bi\u1ebft b\u01a1i ra ph\u00eda xa m\u1ed9t ch\u00fat th\u00ec s\u1ebd th\u00edch h\u01a1n. Tr\u00ean \u0111\u1ea3o m\u1ed7i ng\u01b0\u1eddi s\u1ebd \u0111\u01b0\u1ee3c chia m\u1ed9t gi\u01b0\u1eddng theo khu v\u1ef1c y\u00eau th\u00edch \u0111\u1ec3 n\u1eb1m ngh\u1ec9 ng\u01a1i, t\u1eafm n\u1eafng v\u00e0 u\u1ed1ng n\u01b0\u1edbc r\u1ea5t tho\u1ea3i m\u00e1i.<\/p>\n<p>\u0110\u1ea3o Mini Beach kh\u00f4ng ch\u1ec9 c\u00f3 m\u1ed7i b\u00e3i t\u1eafm \u0111\u1eb9p m\u00e0 khu v\u1ef1c n\u00fai tr\u00ean \u0111\u1ea3o c\u0169ng c\u00f3 nhi\u1ec1u khung c\u1ea3nh tuy\u1ec7t v\u1eddi \u0111\u1ec3 b\u1ea1n kh\u00e1m ph\u00e1. Ch\u1ec9 c\u1ea7n ch\u1ecbu kh\u00f3 leo tr\u00e8o m\u1ed9t x\u00edu l\u00ean ph\u00eda m\u1ea1n n\u00fai l\u00e0 ng\u1eafm \u0111\u01b0\u1ee3c c<\/p>\n<figure id=\"attachment_35938\" aria-describedby=\"caption-attachment-35938\" style=\"width: 750px\" class=\"wp-caption aligncenter\"><img loading=\"lazy\" decoding=\"async\" class=\"wp-image-35938 size-full\" src=\"https:\/\/tourdaonhatrang.com\/wp-content\/uploads\/2021\/02\/thue-cano-nha-trang-05.jpg\" alt=\"thu\u00ea cano \u0111i mini beach nha trang\" width=\"750\" height=\"500\" title=\"\" srcset=\"https:\/\/tourdaonhatrang.com\/wp-content\/uploads\/2021\/02\/thue-cano-nha-trang-05.jpg 750w, https:\/\/tourdaonhatrang.com\/wp-content\/uploads\/2021\/02\/thue-cano-nha-trang-05-300x200.jpg 300w, https:\/\/tourdaonhatrang.com\/wp-content\/uploads\/2021\/02\/thue-cano-nha-trang-05-400x267.jpg 400w, https:\/\/tourdaonhatrang.com\/wp-content\/uploads\/2021\/02\/thue-cano-nha-trang-05-600x400.jpg 600w\" sizes=\"auto, (max-width: 750px) 100vw, 750px\" \/><figcaption id=\"caption-attachment-35938\" class=\"wp-caption-text\">\uce74\ub204\ub97c \ube4c\ub824 \ubbf8\ub2c8 \ube44\uce58 \ub098\ud2b8\ub791\uc73c\ub85c \uac00\uc138\uc694<\/figcaption><\/figure>\n<p>\u1ea3 m\u1ed9t v\u00f9ng bi\u1ec3n th\u01a1 m\u1ed9ng ngay tr\u01b0\u1edbc m\u1eaft. C\u00e1c ng\u00f3c ng\u00e1ch nh\u1ecf trong h\u1ed1c n\u00fai c\u00f3 nhi\u1ec1u lo\u1ea1i hoa c\u1ecf xinh x\u1eafn n\u1edf r\u1ef1c r\u1ee1 trong \u00e1nh n\u1eafng v\u00e0ng. Nghe n\u00f3i l\u00e0 s\u1eafp t\u1edbi s\u1ebd c\u00f3 th\u00eam c\u1ea3 kh\u00f4ng gian ngh\u1ec9 ng\u01a1i, u\u1ed1ng n\u01b0\u1edbc tr\u00ean m\u1ea1n n\u00fai \u0111\u1ec3 m\u1ecdi ng\u01b0\u1eddi c\u00f3 th\u00eam tr\u1ea3i nghi\u1ec7m v\u00e0 tha h\u1ed3 ng\u1eafm c\u1ea3nh n\u1eefa \u0111\u00f3!<\/p>\n<p>\ub610\ud55c \ucc38\uc870\ud558\uc138\uc694: <a href=\"https:\/\/tourdaonhatrang.com\/ko\/%eb%82%98%ed%8a%b8%eb%9e%91-3%ea%b0%9c-%ec%84%ac-%ed%88%ac%ec%96%b4\/\"><strong>Tour 3 \u0111\u1ea3o H\u00f2n Mun \u0110\u00f4ng T\u1eb1m Mini Beach<\/strong><\/a><\/p>\n<h3><span class=\"ez-toc-section\" id=\"Thue_cano_di_Mini_Beach_tham_gia_cac_hoat_dong_tren_dao\"><\/span>Thu\u00ea cano \u0111i Mini Beach tham gia c\u00e1c ho\u1ea1t \u0111\u1ed9ng tr\u00ean \u0111\u1ea3o<span class=\"ez-toc-section-end\"><\/span><\/h3>\n<p>Ngo\u00e0i vi\u1ec7c t\u1eafm th\u00ec \u0111\u1ea3o <a href=\"https:\/\/minibeach.vn\/\" rel=\"noopener\"><strong>\ubbf8\ub2c8 \ube44\uce58 \ub098\ud2b8\ub791<\/strong><\/a> c\u00f2n c\u00f3 c\u00e1c ho\u1ea1t \u0111\u1ed9ng th\u1ec3 thao tr\u00ean bi\u1ec3n r\u1ea5t ph\u00f9 h\u1ee3p cho nh\u1eefng ai m\u00ea c\u1ea3m gi\u00e1c m\u1ea1nh nh\u01b0 d\u00f9 l\u01b0\u1ee3n, phao chu\u1ed1i, sup, kayak, xe th\u1ec3 thao, l\u01b0\u1edbt v\u00e1n, l\u1eb7n ng\u1eafm san h\u00f4 (t\u00f9y m\u00f9a),&#8230; M\u1ed7i ho\u1ea1t \u0111\u1ed9ng s\u1ebd c\u00f3 gi\u00e1 thu\u00ea ri\u00eang, gi\u00e1 c\u1ea3 h\u1ee3p l\u00fd v\u00e0 tr\u1ea3i nghi\u1ec7m c\u0169ng an to\u00e0n n\u1eefa. V\u1edbi m\u00ecnh th\u00ec ch\u1ec9 vi\u1ec7c ng\u1ed3i \u1edf m\u1ed9t g\u00f3c nh\u1ecf tr\u00ean \u0111\u1ea3o v\u00e0 th\u1ea3nh th\u01a1i t\u1eadn h\u01b0\u1edfng gi\u00f3 bi\u1ec3n m\u00e1t r\u01b0\u1ee3i trong ng\u00e0y h\u00e8 th\u00f4i \u0111\u00e3 \u0111\u1ee7 tuy\u1ec7t v\u1eddi r\u1ed3i! Nh\u00ecn chung, Mini Beach r\u1ea5t ph\u00f9 h\u1ee3p cho c\u00e1c h\u1ed9i-nh\u00f3m, gia \u0111\u00ecnh ho\u1eb7c c\u00f4ng ty \u0111i team building v\u00ec kh\u00f4ng gian r\u1ed9ng, ri\u00eang t\u01b0, nhi\u1ec1u ho\u1ea1t \u0111\u1ed9ng v\u00e0 r\u1ea5t ti\u1ec7n l\u1ee3i khi m\u1ecdi th\u1ee9 \u0111\u1ec1u \u0111\u01b0\u1ee3c chu\u1ea9n b\u1ecb ch\u1ec9n chu<\/p>\n<h3><span class=\"ez-toc-section\" id=\"Cach_lien_he_va_di_chuyen_ra_Mini_Beach_Nha_Trang\"><\/span>C\u00e1ch li\u00ean h\u1ec7 v\u00e0 di chuy\u1ec3n ra Mini Beach Nha Trang<span class=\"ez-toc-section-end\"><\/span><\/h3>\n<p>\ud56b\ub77c\uc778: <a href=\"tel:0914095939\">0914 095 939<\/a> (Mr H\u1ea3i) &#8211; FB: <a href=\"https:\/\/www.facebook.com\/MiniBeachNhaTrang\/\" rel=\"noopener\">https:\/\/www.facebook.com\/MiniBeachNhaTrang\/<\/a><\/p>\n<p>Mini Beach c\u00f3 nhi\u1ec1u tour li\u00ean k\u1ebft nh\u01b0ng m\u00ecnh ngh\u0129 n\u00ean \u0111\u1eb7t tr\u1ef1c ti\u1ebfp qua facebook page \u201cMini Beach Resort &#8211; Mi\u1ec5u Island &#8211; Nha Trang\u201d. Gi\u00e1 thu\u00ea cano \u0111i Mini Beach theo nh\u00f3m l\u00e0 800,000 VND\/chuy\u1ebfn cano (d\u01b0\u1edbi 10 ng\u01b0\u1eddi). B\u1ea1n c\u0169ng c\u00f3 th\u1ec3 ch\u1ecdn g\u00f3i kh\u00f4ng bao g\u1ed3m set \u0103n tr\u01b0\u1edbc \u0111\u1ec3 \u0111\u1ebfn n\u01a1i ch\u1ecdn m\u00f3n v\u1eabn \u0111\u01b0\u1ee3c nhen. G\u00f3i ch\u01b0a bao g\u1ed3m vi\u1ec7c \u0111\u01b0a \u0111\u00f3n, di chuy\u1ec3n ra c\u1ea3ng du l\u1ecbch Nha Trang s\u1ebd c\u00f3 ng\u01b0\u1eddi \u0111\u00f3n s\u1eb5n v\u00e0 ch\u1edf ra \u0111\u1ea3o<\/p>\n<p><!--more--><\/p>\n<table width=\"862\">\n<tbody>\n<tr>\n<td>\ucd9c\ubc1c \uc7a5\uc18c<\/td>\n<td>\ub098\ud2b8\ub791 \ub3cc\ub2e4\ub9ac \uad00\uad11\ud56d<\/td>\n<\/tr>\n<tr>\n<td>\ucd9c\ubc1c \uc2dc\uac04<\/td>\n<td>8h00 &#8211; 8h30 &#8211; 9h00 &#8211; 9h30 &#8211; 10h00<\/td>\n<\/tr>\n<tr>\n<td>\ub3cc\uc544\uac08 \uc2dc\uac04<\/td>\n<td>15h00- 15h30 &#8211; 16h00<\/td>\n<\/tr>\n<tr>\n<td>\ubb34\uc5c7\uc744 \uac00\uc838\uc640\uc57c \ud558\ub098\uc694?<\/td>\n<td>\uc218\uc601\ubcf5, \uc218\uac74(\uc218\uc601\uc6a9\uc73c\ub85c \ub9ce\uc774 \uc0ac\uc6a9), \uc790\uc678\uc120 \ucc28\ub2e8\uc81c, \uc120\uae00\ub77c\uc2a4, \uac00\ubcbc\uc6b4 \uc637\ucc28\ub9bc, \uc2ac\ub9ac\ud37c\ub098 \ud50c\ub77c\uc2a4\ud2f1 \uc2e0\ubc1c\uc744 \uac00\uc838\uc624\uc138\uc694. \uc57d\uac04\uc758 \uc5ec\ubd84 \ub3c8, \uce74\uba54\ub77c\ub97c \uc78a\uc9c0 \ub9c8\uc138\uc694. \uae30\ub150 \uc0ac\uc9c4\uc744 \ucc0d\uc73c\uc138\uc694. \uc12c\uc5d0\uc11c\ub3c4 \ud734\ub300\ud3f0 \uc2e0\ud638\uac00 \uc5ec\uc804\ud788 \uc798 \uc7a1\ud799\ub2c8\ub2e4.<\/td>\n<\/tr>\n<tr>\n<td>\ud3ec\ud568\ub428<\/p>\n<p>Ch\u1ecdn 1 \u0111i\u1ec3m \u0111\u1ebfn<\/td>\n<td>\n<table>\n<tbody>\n<tr>\n<td>\uc2b9\uac1d\uc744 \uc6b4\ubc18\ud558\ub294 \uce74\ub204.<\/td>\n<\/tr>\n<tr>\n<td>\ud56d\uad6c \uc218\uc218\ub8cc.<\/td>\n<\/tr>\n<tr>\n<td>\uad6c\uba85\uc870\ub07c.<\/td>\n<\/tr>\n<tr>\n<td>\ud398\ube14 \uc12c.<\/td>\n<\/tr>\n<tr>\n<td>\ubbf8\ub2c8 \ube44\uce58.<\/td>\n<\/tr>\n<tr>\n<td>\ud2b8\ub780 \ud574\ubcc0.<\/td>\n<\/tr>\n<tr>\n<td>\uc5b4\ucd0c \ub9c8\uc744.<\/td>\n<\/tr>\n<\/tbody>\n<\/table>\n<\/td>\n<\/tr>\n<tr>\n<td>\ud3ec\ud568\ub418\uc9c0 \uc54a\uc74c<\/td>\n<td>\n<table width=\"300\">\n<tbody>\n<tr>\n<td>\uc218\uc0c1 \uc2a4\ud3ec\uce20: \uce74\uc57d, \uc81c\ud2b8\uc2a4\ud0a4, \ud328\ub7ec\uc138\uc77c\ub9c1, \ubc14\ub098\ub098\ubcf4\ud2b8\u2026.<\/td>\n<\/tr>\n<tr>\n<td>\uc2a4\ucfe0\ubc84 \ub2e4\uc774\ube59, \ud5ec\uba67 \ub2e4\uc774\ube59, \uc2a4\ub178\ud074\ub9c1.<\/td>\n<\/tr>\n<tr>\n<td>\uc12c\uc73c\ub85c \uac00\ub294 \ud2f0\ucf13.<\/td>\n<\/tr>\n<tr>\n<td>\uc694\ub9ac.<\/td>\n<\/tr>\n<\/tbody>\n<\/table>\n<\/td>\n<\/tr>\n<tr>\n<td>\ud734\uc77c<\/td>\n<td>\ucd94\uac00 \uc694\uae08 200,00 VND\/\ud68c.<\/td>\n<\/tr>\n<tr>\n<td>\uc5b4\ub9b0\uc774\ub4e4<\/td>\n<td>1m \ubbf8\ub9cc\uc758 \uc5b4\ub9b0\uc774\ub294 \ubb34\ub8cc\uc785\ub2c8\ub2e4.<\/td>\n<\/tr>\n<\/tbody>\n<\/table>\n<blockquote><p>\ub610\ud55c \ucc38\uc870\ud558\uc138\uc694: <a href=\"https:\/\/tourdaonhatrang.com\/ko\/%ec%b9%bc-%ed%88%ac%ec%96%b4\/%eb%82%98%ed%8a%b8%eb%9e%91-%ed%81%ac%eb%a3%a8%ec%a6%88-%eb%a0%8c%ed%83%88\/\"><strong>\ub098\ud2b8\ub791 \uc694\ud2b8 \ub80c\ud138<\/strong><\/a><\/p><\/blockquote>","protected":false},"excerpt":{"rendered":"<h3><span style=\"color: #0000ff;\"><strong>\uce74\ub204\ub97c \ube4c\ub824 \ubbf8\ub2c8 \ube44\uce58 \ub098\ud2b8\ub791\uc73c\ub85c \uac00\uc138\uc694<\/strong><\/span><\/h3>\n<ul>\n<li>\ud22c\uc5b4 1 \uc12c: \ubbf8\ub2c8 \ube44\uce58, \ube44\ud384<\/li>\n<li>2\uac1c \uc12c \ud22c\uc5b4: Bai Tranh - Hon Soi<\/li>\n<li>3\uac1c \uc12c \ud22c\uc5b4: \ud63c\ubb38(Hon Mun) - \uc5b4\ucd0c \ub9c8\uc744 - \ud63c\ud0d0(Hon Tam)<\/li>\n<li>\uce74\ub204 \ub300\uc5ec\ub8cc\ub294 \uc778\uc6d0\uc218\uc5d0 \ub530\ub77c \uacc4\uc0b0\ub429\ub2c8\ub2e4.<\/li>\n<li><strong><span style=\"color: #0000ff;\">5% \uc81c\uc548<\/span><\/strong><\/li>\n<\/ul>\n<div class=\"hJDwNd-AhqUyc-qWD73c purZT-AhqUyc-II5mzb pSzOP-AhqUyc-qWD73c JNdkSc\">\n<div class=\"JNdkSc-SmKAyb\">\n<div class=\"\">\n<div class=\"oKdM2c Kzv0Me\"><\/div>\n<\/div>\n<\/div>\n<\/div>\n<div class=\"hJDwNd-AhqUyc-qWD73c purZT-AhqUyc-II5mzb pSzOP-AhqUyc-qWD73c JNdkSc\">\n<div class=\"JNdkSc-SmKAyb\">\n<div class=\"\">\n<div class=\"oKdM2c Kzv0Me\">\n<div id=\"h.f128f2fe5256b73_1433\" class=\"hJDwNd-AhqUyc-qWD73c jXK9ad D2fZ2 OjCsFc wHaque GNzUNc\">\n<div class=\"jXK9ad-SmKAyb\">\n<div class=\"tyJCtd mGzaTb baZpAe\">\n<div class=\"row row-small mua-ngay-button\">\n<div class=\"cot1 medium-6 small-12 large-6\">\n<div class=\"col-inner\"><a class=\"button primary is-large lowercase expand\" style=\"border-radius: 3px;\" href=\"https:\/\/zalo.me\/0849256256\" target=\"_blank\" rel=\"noopener noreferrer\"><i class=\"icon-checkmark\"><\/i> \ucc44\ud305 Zalo<br \/>\n<\/a><\/div>\n<\/div>\n<div class=\"cot2 medium-6 small-12 large-6\">\n<div class=\"col-inner\"><a class=\"button success is-large lowercase expand\" style=\"border-radius: 3px;\" href=\"https:\/\/tourdaonhatrang.com\/ko\/%eb%82%98%ed%8a%b8%eb%9e%91-%ec%b9%b4%eb%88%84-%eb%8c%80%ec%97%ac\/\" target=\"_self\" rel=\"noopener\">\uc9c0\uae08 \uce74\ub204\ub97c \uc608\uc57d\ud558\uc138\uc694<\/a><\/div>\n<\/div>\n<\/div>\n<\/div>\n<\/div>\n<\/div>\n<\/div>\n<\/div>\n<\/div>\n<\/div>","protected":false},"featured_media":26914,"comment_status":"open","ping_status":"closed","template":"","meta":[],"product_brand":[],"product_cat":[644],"product_tag":[88],"class_list":{"0":"post-1507","1":"product","2":"type-product","3":"status-publish","4":"has-post-thumbnail","6":"product_cat-thue-cano","7":"product_tag-thue-cano-nha-trang","9":"first","10":"instock","11":"shipping-taxable","12":"product-type-simple"},"_links":{"self":[{"href":"https:\/\/tourdaonhatrang.com\/ko\/wp-json\/wp\/v2\/product\/1507","targetHints":{"allow":["GET"]}}],"collection":[{"href":"https:\/\/tourdaonhatrang.com\/ko\/wp-json\/wp\/v2\/product"}],"about":[{"href":"https:\/\/tourdaonhatrang.com\/ko\/wp-json\/wp\/v2\/types\/product"}],"replies":[{"embeddable":true,"href":"https:\/\/tourdaonhatrang.com\/ko\/wp-json\/wp\/v2\/comments?post=1507"}],"wp:featuredmedia":[{"embeddable":true,"href":"https:\/\/tourdaonhatrang.com\/ko\/wp-json\/wp\/v2\/media\/26914"}],"wp:attachment":[{"href":"https:\/\/tourdaonhatrang.com\/ko\/wp-json\/wp\/v2\/media?parent=1507"}],"wp:term":[{"taxonomy":"product_brand","embeddable":true,"href":"https:\/\/tourdaonhatrang.com\/ko\/wp-json\/wp\/v2\/product_brand?post=1507"},{"taxonomy":"product_cat","embeddable":true,"href":"https:\/\/tourdaonhatrang.com\/ko\/wp-json\/wp\/v2\/product_cat?post=1507"},{"taxonomy":"product_tag","embeddable":true,"href":"https:\/\/tourdaonhatrang.com\/ko\/wp-json\/wp\/v2\/product_tag?post=1507"}],"curies":[{"name":"wp","href":"https:\/\/api.w.org\/{rel}","templated":true}]}}