{"id":17492,"date":"2022-10-25T21:47:08","date_gmt":"2022-10-25T14:47:08","guid":{"rendered":"https:\/\/biennhatrang.com.vn\/?post_type=product&#038;p=17492"},"modified":"2025-12-15T11:16:08","modified_gmt":"2025-12-15T04:16:08","slug":"tam-bun-hon-tam-nha-trang-goi-02","status":"publish","type":"product","link":"https:\/\/tourdaonhatrang.com\/ko\/tam-bun-hon-tam-nha-trang-goi-02\/","title":{"rendered":"\uc9c4\ud759\ud0d5 \ud63c \ud0d0 \ub098\ud2b8\ub791(Hon Tam Nha Trang) - \ud63c \ud0d0(Hon Tam)\uae4c\uc9c0 \uce74\ub204 \ub300\uc5ec"},"content":{"rendered":"<div id=\"ez-toc-container\" class=\"ez-toc-v2_0_82_2 counter-hierarchy ez-toc-counter ez-toc-grey ez-toc-container-direction\">\n<div class=\"ez-toc-title-container\">\n<p class=\"ez-toc-title\" style=\"cursor:inherit\">\ucf58\ud150\uce20<\/p>\n<span class=\"ez-toc-title-toggle\"><a href=\"#\" class=\"ez-toc-pull-right ez-toc-btn ez-toc-btn-xs ez-toc-btn-default ez-toc-toggle\" aria-label=\"\ubaa9\ucc28 \ud1a0\uae00\"><span class=\"ez-toc-js-icon-con\"><span class=\"\"><span class=\"eztoc-hide\" style=\"display:none;\">\ube44\ub140\uc7a5<\/span><span class=\"ez-toc-icon-toggle-span\"><svg style=\"fill: #999;color:#999\" xmlns=\"http:\/\/www.w3.org\/2000\/svg\" class=\"list-377408\" width=\"20px\" height=\"20px\" viewbox=\"0 0 24 24\" fill=\"none\"><path d=\"M6 6H4v2h2V6zm14 0H8v2h12V6zM4 11h2v2H4v-2zm16 0H8v2h12v-2zM4 16h2v2H4v-2zm16 0H8v2h12v-2z\" fill=\"currentColor\"><\/path><\/svg><svg style=\"fill: #999;color:#999\" class=\"arrow-unsorted-368013\" xmlns=\"http:\/\/www.w3.org\/2000\/svg\" width=\"10px\" height=\"10px\" viewbox=\"0 0 24 24\" version=\"1.2\" baseprofile=\"tiny\"><path d=\"M18.2 9.3l-6.2-6.3-6.2 6.3c-.2.2-.3.4-.3.7s.1.5.3.7c.2.2.4.3.7.3h11c.3 0 .5-.1.7-.3.2-.2.3-.5.3-.7s-.1-.5-.3-.7zM5.8 14.7l6.2 6.3 6.2-6.3c.2-.2.3-.5.3-.7s-.1-.5-.3-.7c-.2-.2-.4-.3-.7-.3h-11c-.3 0-.5.1-.7.3-.2.2-.3.5-.3.7s.1.5.3.7z\"\/><\/svg><\/span><\/span><\/span><\/a><\/span><\/div>\n<nav><ul class='ez-toc-list ez-toc-list-level-1' ><li class='ez-toc-page-1 ez-toc-heading-level-1'><a class=\"ez-toc-link ez-toc-heading-1\" href=\"https:\/\/tourdaonhatrang.com\/ko\/tam-bun-hon-tam-nha-trang-goi-02\/#Tam_bun_Hon_Tam_Nha_Trang\" >\ud63c\ud0d0 \uba38\ub4dc \ubc14\uc2a4 \ub098\ud2b8\ub791<\/a><ul class='ez-toc-list-level-2' ><li class='ez-toc-heading-level-2'><a class=\"ez-toc-link ez-toc-heading-2\" href=\"https:\/\/tourdaonhatrang.com\/ko\/tam-bun-hon-tam-nha-trang-goi-02\/#Tam_bun_Hon_Tam_Nha_Trang_voi_thiet_ke_sang_trong\" >T\u1eafm b\u00f9n H\u00f2n T\u1eb1m Nha Trang v\u1edbi thi\u1ebft k\u1ebf sang tr\u1ecdng<\/a><\/li><li class='ez-toc-page-1 ez-toc-heading-level-2'><a class=\"ez-toc-link ez-toc-heading-3\" href=\"https:\/\/tourdaonhatrang.com\/ko\/tam-bun-hon-tam-nha-trang-goi-02\/#Cang_khoi_hanh_tour_dao_Nha_Trang_voi_buffet_Hon_Tam_Tam_bun_khoang\" >C\u1ea3ng kh\u1edfi h\u00e0nh tour \u0111\u1ea3o Nha Trang v\u1edbi buffet H\u00f2n T\u1eb1m + T\u1eafm b\u00f9n kho\u00e1ng<\/a><ul class='ez-toc-list-level-3' ><li class='ez-toc-heading-level-3'><a class=\"ez-toc-link ez-toc-heading-4\" href=\"https:\/\/tourdaonhatrang.com\/ko\/tam-bun-hon-tam-nha-trang-goi-02\/#Tam_bun_Hon_Tam_Nha_Trang_Mudbath_02_bao_gom_nhung_gi\" >T\u1eafm b\u00f9n H\u00f2n T\u1eb1m Nha Trang (Mudbath 02) bao g\u1ed3m nh\u1eefng g\u00ec?<\/a><ul class='ez-toc-list-level-4' ><li class='ez-toc-heading-level-4'><a class=\"ez-toc-link ez-toc-heading-5\" href=\"https:\/\/tourdaonhatrang.com\/ko\/tam-bun-hon-tam-nha-trang-goi-02\/#Gia_ve_tam_bun_co_an_trua_buffet_Hon_Tam\" >Gi\u00e1 v\u00e9 t\u1eafm b\u00f9n c\u00f3 \u0103n tr\u01b0a buffet H\u00f2n T\u1eb1m<\/a><\/li><li class='ez-toc-page-1 ez-toc-heading-level-4'><a class=\"ez-toc-link ez-toc-heading-6\" href=\"https:\/\/tourdaonhatrang.com\/ko\/tam-bun-hon-tam-nha-trang-goi-02\/#Quy_dinh_ve_nguoi_cao_tuoi_tre_em\" >Quy \u0111\u1ecbnh v\u00e9 ng\u01b0\u1eddi cao tu\u1ed5i &amp; tr\u1ebb em<\/a><\/li><li class='ez-toc-page-1 ez-toc-heading-level-4'><a class=\"ez-toc-link ez-toc-heading-7\" href=\"https:\/\/tourdaonhatrang.com\/ko\/tam-bun-hon-tam-nha-trang-goi-02\/#Cach_tien_ich_bao_gom_trong_ve\" >C\u00e1ch ti\u1ec7n \u00edch bao g\u1ed3m trong v\u00e9:<\/a><\/li><\/ul><\/li><\/ul><\/li><li class='ez-toc-page-1 ez-toc-heading-level-2'><a class=\"ez-toc-link ez-toc-heading-8\" href=\"https:\/\/tourdaonhatrang.com\/ko\/tam-bun-hon-tam-nha-trang-goi-02\/#Quy_trinh_tam_bun_Hon_Tam\" >Quy tr\u00ecnh t\u1eafm b\u00f9n H\u00f2n T\u1eb1m<\/a><\/li><li class='ez-toc-page-1 ez-toc-heading-level-2'><a class=\"ez-toc-link ez-toc-heading-9\" href=\"https:\/\/tourdaonhatrang.com\/ko\/tam-bun-hon-tam-nha-trang-goi-02\/#Chuan_bi_nhung_gi_khi_di_tam_bun_Hon_Tam_Nha_Trang\" >\ub098\ud2b8\ub791 \ud63c\ud0d0 \uba38\ub4dc\ubc14\uc2a4 \uac08 \ub54c \uc900\ube44\ud574\uc57c \ud560 \uac83<\/a><\/li><\/ul><\/li><\/ul><\/nav><\/div>\n<h1><span class=\"ez-toc-section\" id=\"Tam_bun_Hon_Tam_Nha_Trang\"><\/span>\ud63c\ud0d0 \uba38\ub4dc \ubc14\uc2a4 \ub098\ud2b8\ub791<span class=\"ez-toc-section-end\"><\/span><\/h1>\n<p>T\u1eafm b\u00f9n H\u00f2n T\u1eb1m Nha Trang (Mudbath 02) bao g\u1ed3m c\u00e1c ho\u1ea1t \u0111\u1ed9ng: Ng\u00e2m b\u00f9n kho\u00e1ng n\u00f3ng (b\u1ed3n c\u1eb7p \u0111\u00f4i, b\u1ed3n gia \u0111\u00ecnh), h\u1ed3 b\u01a1i v\u00f4 c\u1ef1c, h\u1ed3 b\u01a1i jacuzzi, h\u1ec7 th\u1ed1ng massage \u00f4n tuy\u1ec1n thu\u1ef7 li\u1ec7u ph\u00e1p, \u0103n buffet tr\u01b0a t\u1ea1i nh\u00e0 h\u00e0ng H\u1ed3n Vi\u1ec7t.<\/p>\n<p>D\u1ecbch v\u1ee5 t\u1eafm b\u00f9n kho\u00e1ng t\u1ea1i <strong><a href=\"https:\/\/hontamnhatrang.com\/\" rel=\"noopener\">KDL \u0110\u1ea3o H\u00f2n T\u1eb1m<\/a><\/strong> \u0111ang l\u00e0 \u0111\u1ecba \u0111i\u1ec3m m\u1edbi n\u1ed5i, h\u1ea5p d\u1eabn, m\u1edbi l\u1ea1 c\u1ee7a du l\u1ecbch Nha Trang. Ngo\u00e0i danh x\u01b0ng khu ngh\u1ec9 d\u01b0\u1ee1ng, vui ch\u01a1i b\u1eadc nh\u1ea5t th\u00ec H\u00f2n T\u1eb1m c\u00f2n x\u00e1c l\u1eadp k\u1ef7 l\u1ee5c v\u1edbi khu ph\u1ee9c h\u1ee3p t\u1eafm b\u00f9n kho\u00e1ng tr\u00ean \u0111\u1ea3o l\u1edbn nh\u1ea5t Vi\u1ec7t Nam.<\/p>\n<h2><span class=\"ez-toc-section\" id=\"Tam_bun_Hon_Tam_Nha_Trang_voi_thiet_ke_sang_trong\"><\/span>T\u1eafm b\u00f9n H\u00f2n T\u1eb1m Nha Trang v\u1edbi thi\u1ebft k\u1ebf sang tr\u1ecdng<span class=\"ez-toc-section-end\"><\/span><\/h2>\n<p>Khu t\u1eafm b\u00f9n H\u00f2n T\u1eb1m t\u1ea1i H\u00f2n T\u1eb1m Resort \u0111\u01b0\u1ee3c thi\u1ebft k\u1ebf m\u00f4 ph\u1ecfng theo h\u00ecnh d\u1ea1ng c\u1ee7a ru\u1ed9ng b\u1eadc thang v\u00f4 c\u00f9ng \u0111\u1ed9c \u0111\u00e1o.<\/p>\n<p>T\u1eafm b\u00f9n H\u00f2n T\u1eb1m hi\u1ec7n \u0111ang s\u1edf h\u1eefu nhi\u1ec1u b\u1ed3n t\u1eafm kho\u00e1ng, t\u1eafm b\u00f9n ri\u00eang bi\u1ec7t, thi\u1ebft k\u1ebf sang tr\u1ecdng, ph\u01b0\u01a1ng th\u1ee9c tr\u1ecb li\u1ec7u cao c\u1ea5p \u0111\u01b0\u1ee3c \u0111\u1eb7t b\u00ean c\u1ea1nh resort, nh\u1eefng Bungalow c\u00f3 t\u1ea5m nh\u00ecn ra bi\u1ec3n tuy\u1ec7t \u0111\u1eb9p. D\u1ecbch v\u1ee5 <strong><a href=\"https:\/\/hontamnhatrang.com\/tam-bun-hon-tam-nha-trang\/\" rel=\"noopener\">\ud63c\ud0d0 \uba38\ub4dc\uc695<\/a><\/strong>\u00a0x\u1ee9ng \u0111\u00e1ng l\u00e0 n\u01a1i tr\u1ea3i nghi\u1ec7m, ngh\u1ec9 d\u01b0\u1ee1ng t\u1ea1i Nha Trang.<\/p>\n<figure style=\"width: 750px\" class=\"wp-caption alignnone\"><img loading=\"lazy\" decoding=\"async\" src=\"https:\/\/tourdaonhatrang.com\/wp-content\/uploads\/2021\/05\/tam-bun-hon-tam-13.jpg\" alt=\"\ud63c\ud0d0 \uba38\ub4dc \ubc14\uc2a4 \ub098\ud2b8\ub791\" width=\"750\" height=\"500\" title=\"\"><figcaption class=\"wp-caption-text\">\u1ea2nh ch\u1ee5p tr\u00ean cao khu A t\u1eafm b\u00f9n H\u00f2n T\u1eb1m Nha Trang<\/figcaption><\/figure>\n<p>N\u01a1i n\u00e0y lu\u00f4n l\u00e0 \u0111\u1ecba \u0111i\u1ec3m c\u00f3 l\u01b0\u1ee3t t\u00ecm ki\u1ebfm nhi\u1ec1u nh\u1ea5t tr\u00ean c\u00e1c trang t\u00ecm ki\u1ebfm theo t\u1eeb kh\u00f3a \u201c<a href=\"https:\/\/tambunhontam.com\/tam-bun-hon-tam-nha-trang\/\" rel=\"noopener\">t\u1eafm b\u00f9n Nha Trang<\/a>\u201d cho t\u1edbi th\u1eddi \u0111i\u1ec3m hi\u1ec7n t\u1ea1i.<\/p>\n<h2><span class=\"ez-toc-section\" id=\"Cang_khoi_hanh_tour_dao_Nha_Trang_voi_buffet_Hon_Tam_Tam_bun_khoang\"><\/span>C\u1ea3ng kh\u1edfi h\u00e0nh tour \u0111\u1ea3o Nha Trang v\u1edbi buffet H\u00f2n T\u1eb1m + T\u1eafm b\u00f9n kho\u00e1ng<span class=\"ez-toc-section-end\"><\/span><\/h2>\n<p>V\u00ec tour ch\u01b0a bao g\u1ed3m cano \u0111\u01b0a \u0111\u00f3n n\u00ean khi c\u00e1c b\u1ea1n mua g\u00f3i t\u1eafm b\u00f9n 02 (Mudbath 02) th\u00ec ph\u1ea3i thu\u00ea cano \u0111i ra \u0111\u1ea3o H\u00f2n T\u1eb1m. Gi\u00e1 giao \u0111\u1ed9ng 1 chi\u1ebfc cano 10 ng\u01b0\u1eddi kho\u1ea3ng 1.000.000 VN\u0110. Kh\u1edfi h\u00e0nh t\u1ea1i <strong><a href=\"https:\/\/tourdaonhatrang.com\/ko\/%eb%82%98%ed%8a%b8%eb%9e%91-%ea%b4%80%ea%b4%91%ec%84%a0\/\">\ub098\ud2b8\ub791 \uad00\uad11 \ubd80\ub450<\/a><\/strong> (C\u1ea3ng V\u0129nh Tr\u01b0\u1eddng). \u0110\u1ecba ch\u1ec9 388 V\u00f5 Th\u1ecb S\u00e1u, Nha Trang, Kh\u00e1nh Ho\u00e0<\/p>\n<h3><span class=\"ez-toc-section\" id=\"Tam_bun_Hon_Tam_Nha_Trang_Mudbath_02_bao_gom_nhung_gi\"><\/span>T\u1eafm b\u00f9n H\u00f2n T\u1eb1m Nha Trang (Mudbath 02) bao g\u1ed3m nh\u1eefng g\u00ec?<span class=\"ez-toc-section-end\"><\/span><\/h3>\n<p>D\u1ecbch v\u1ee5 t\u1eafm b\u00f9n t\u1ea1i H\u00f2n T\u1eb1m v\u1edbi r\u1ea5t nhi\u1ec1u ti\u1ec7n \u00edch \u0111\u01b0\u1ee3c \u0111\u1ea7u t\u01b0 hi\u1ec7n \u0111\u1ea1i, \u00a0m\u1edbi m\u1ebb v\u1edbi kh\u1ea3 n\u0103ng \u0111\u00e1p \u1ee9ng y\u00eau c\u1ea7u cao c\u1ee7a ph\u00e2n kh\u00fac du l\u1ecbch tham quan, ngh\u1ec9 d\u01b0\u1ee1ng t\u1ea1i h\u00f2n T\u1eb1m.<\/p>\n<h4><span class=\"ez-toc-section\" id=\"Gia_ve_tam_bun_co_an_trua_buffet_Hon_Tam\"><\/span><strong>Gi\u00e1 v\u00e9 t\u1eafm b\u00f9n c\u00f3 \u0103n tr\u01b0a buffet H\u00f2n T\u1eb1m<\/strong><span class=\"ez-toc-section-end\"><\/span><\/h4>\n<ul>\n<li>V\u00e9 ng\u01b0\u1eddi l\u1edbn : 670,000 \u0111\u1ed3ng<\/li>\n<li>V\u00e9 tr\u1ebb em : 500,000 \u0111\u1ed3ng<\/li>\n<\/ul>\n<p>L\u01b0u \u00fd: V\u00e9 ch\u01b0a bao g\u1ed3m cano cao t\u1ed1c \u0111\u01b0a \u0111\u00f3n<\/p>\n<hr \/>\n<h4><span class=\"ez-toc-section\" id=\"Quy_dinh_ve_nguoi_cao_tuoi_tre_em\"><\/span>Quy \u0111\u1ecbnh v\u00e9 ng\u01b0\u1eddi cao tu\u1ed5i &amp; tr\u1ebb em<span class=\"ez-toc-section-end\"><\/span><\/h4>\n<ul>\n<li>1m \ubbf8\ub9cc \uc5b4\ub9b0\uc774 \ubb34\ub8cc\uc785\uc7a5<\/li>\n<li>\uc5b4\ub9b0\uc774\ub294 1m\uc5d0\uc11c 1m39\uae4c\uc9c0 \uc13c\ub2e4.<\/li>\n<li>1m39 \uc774\uc0c1 \uc131\uc778 \ud2f0\ucf13.<\/li>\n<li>\ub178\uc778(60\uc138 \uc774\uc0c1)\uc740 \uc5b4\ub9b0\uc774 \ud2f0\ucf13\uacfc \ub3d9\uc77c\ud558\uac8c \uc801\uc6a9\ub429\ub2c8\ub2e4.<\/li>\n<\/ul>\n<p><strong>\ub354 \ubcf4\uae30 &gt;&gt;&gt; <a href=\"https:\/\/tourdaonhatrang.com\/ko\/%eb%95%80-%eb%b6%84-%ed%98%bc-%eb%95%80-%eb%82%98%ed%8a%b8%eb%9e%91-%ea%b3%a0%ec%9d%b4-03\/\">V\u00e9 t\u1eafm b\u00f9n H\u00f2n T\u1eb1m Nha Trang c\u00f3 cano v\u1eadn chuy\u1ec3n (Mudbath 03)<\/a><\/strong><\/p>\n<hr \/>\n<h4><span class=\"ez-toc-section\" id=\"Cach_tien_ich_bao_gom_trong_ve\"><\/span><strong>C\u00e1ch ti\u1ec7n \u00edch bao g\u1ed3m trong v\u00e9:<\/strong><span class=\"ez-toc-section-end\"><\/span><\/h4>\n<figure style=\"width: 750px\" class=\"wp-caption alignnone\"><img loading=\"lazy\" decoding=\"async\" src=\"https:\/\/tourdaonhatrang.com\/wp-content\/uploads\/2021\/05\/tam-bun-hon-tam-09.jpg\" alt=\"\ud63c\ud0d0 \uba38\ub4dc \ubc14\uc2a4 \ub098\ud2b8\ub791\" width=\"750\" height=\"500\" title=\"\"><figcaption class=\"wp-caption-text\">Check-in c\u1ea7u g\u1ed7 H\u00f2n T\u1eb1m Nha Trang<\/figcaption><\/figure>\n<ul>\n<li>\uc218\uac74, \uc138\uba74\ub3c4\uad6c, \uc0ac\ubb3c\ud568\uc744 \ubb34\ub8cc\ub85c \uc774\uc6a9\ud560 \uc218 \uc788\uc2b5\ub2c8\ub2e4.<\/li>\n<li>Ng\u00e2m b\u00f9n kho\u00e1ng n\u00f3ng trong b\u1ed3n t\u1eeb 20 ph\u00fat.<\/li>\n<\/ul>\n<figure style=\"width: 750px\" class=\"wp-caption alignnone\"><img loading=\"lazy\" decoding=\"async\" src=\"https:\/\/tourdaonhatrang.com\/wp-content\/uploads\/2021\/05\/tam-bun-hon-tam-08.jpg\" alt=\"\ud63c\ud0d0 \uba38\ub4dc \ubc14\uc2a4 \ub098\ud2b8\ub791\" width=\"750\" height=\"500\" title=\"\"><figcaption class=\"wp-caption-text\">H\u1ed3 t\u1eafm b\u00f9n H\u00f2n T\u1eb1m t\u1eadp th\u1ec3<\/figcaption><\/figure>\n<ul>\n<li>\uc218\uce58\ub8cc \uc2dc\uc2a4\ud15c\uc744 \uc774\uc6a9\ud55c \uc804\uc2e0 \ub9c8\uc0ac\uc9c0.<\/li>\n<li>T\u1ef1 do th\u1ea3 m\u00ecnh trong h\u1ed3 kho\u00e1ng jacuzzi r\u1ed9ng 1,350m\u00b2.<\/li>\n<li>Tr\u1ea3i nghi\u1ec7m t\u1eafm th\u00e1c kho\u00e1ng v\u00e0 h\u1ed3 b\u01a1i v\u00f4 c\u1ef1c.<\/li>\n<\/ul>\n<figure style=\"width: 750px\" class=\"wp-caption alignnone\"><img loading=\"lazy\" decoding=\"async\" src=\"https:\/\/tourdaonhatrang.com\/wp-content\/uploads\/2021\/05\/tam-bun-hon-tam-10.jpg\" alt=\"\ud63c\ud0d0 \uba38\ub4dc \ubc14\uc2a4 \ub098\ud2b8\ub791\" width=\"750\" height=\"500\" title=\"\"><figcaption class=\"wp-caption-text\">\u1ea2nh ch\u1ee5p th\u00e1c kho\u00e1ng tr\u00e0ng tr\u00ean khu A T\u1eafm b\u00f9n H\u00f2n T\u1eb1m<\/figcaption><\/figure>\n<ul>\n<li>A\uad6c\uc5ed\uc758 \uc5d4\ud130\ud14c\uc778\uba3c\ud2b8 \ubc0f \uc218\uc601<\/li>\n<li>Th\u01b0\u1edfng th\u1ee9c buffet tr\u01b0a t\u1ea1i nh\u00e0 h\u00e0ng H\u1ed3n Vi\u1ec7t.<\/li>\n<\/ul>\n<figure id=\"attachment_39423\" aria-describedby=\"caption-attachment-39423\" style=\"width: 1020px\" class=\"wp-caption aligncenter\"><img loading=\"lazy\" decoding=\"async\" class=\"size-large wp-image-39423\" src=\"https:\/\/tourdaonhatrang.com\/wp-content\/uploads\/2023\/01\/menu-bufet-hon-tam-1024x683.jpg\" alt=\"Menu Buffet H\u00f2n T\u1eb1m\" width=\"1020\" height=\"680\" title=\"\" srcset=\"https:\/\/tourdaonhatrang.com\/wp-content\/uploads\/2023\/01\/menu-bufet-hon-tam-1024x683.jpg 1024w, https:\/\/tourdaonhatrang.com\/wp-content\/uploads\/2023\/01\/menu-bufet-hon-tam-300x200.jpg 300w, https:\/\/tourdaonhatrang.com\/wp-content\/uploads\/2023\/01\/menu-bufet-hon-tam-768x512.jpg 768w, https:\/\/tourdaonhatrang.com\/wp-content\/uploads\/2023\/01\/menu-bufet-hon-tam-18x12.jpg 18w, https:\/\/tourdaonhatrang.com\/wp-content\/uploads\/2023\/01\/menu-bufet-hon-tam-400x267.jpg 400w, https:\/\/tourdaonhatrang.com\/wp-content\/uploads\/2023\/01\/menu-bufet-hon-tam-600x400.jpg 600w, https:\/\/tourdaonhatrang.com\/wp-content\/uploads\/2023\/01\/menu-bufet-hon-tam.jpg 1140w\" sizes=\"auto, (max-width: 1020px) 100vw, 1020px\" \/><figcaption id=\"caption-attachment-39423\" class=\"wp-caption-text\">Menu Buffet H\u00f2n T\u1eb1m<\/figcaption><\/figure>\n<h2><span class=\"ez-toc-section\" id=\"Quy_trinh_tam_bun_Hon_Tam\"><\/span>Quy tr\u00ecnh t\u1eafm b\u00f9n H\u00f2n T\u1eb1m<span class=\"ez-toc-section-end\"><\/span><\/h2>\n<ul>\n<li>Thay trang ph\u1ee5c: B\u1ea1n c\u00f3 th\u1ec3 ch\u1ecdn \u0111\u1ed3 b\u01a1i ho\u1eb7c nh\u1eefng b\u1ed9 trang ph\u1ee5c m\u1ecfng nh\u1eb9 \u0111\u1ec3 t\u0103ng kh\u1ea3 n\u0103ng ti\u1ebfp x\u00fac c\u1ee7a b\u00f9n kho\u00e1ng l\u00ean c\u01a1 th\u1ec3.<\/li>\n<li>T\u1eafm tr\u01b0\u1edbc v\u1edbi n\u01b0\u1edbc s\u1ea1ch \u0111\u1ec3 lo\u1ea1i b\u1ecf b\u1ee5i b\u1ea9n tr\u00ean da. T\u1ea1o \u0111\u1ed9 \u1ea9m cho da v\u00e0 \u0111\u1ec3 da h\u1ea5p th\u1ee5 t\u1ed1t h\u01a1n c\u00e1c d\u01b0\u1ee1ng ch\u1ea5t c\u00f3 trong b\u00f9n.<\/li>\n<li>V\u00ec nhi\u1ec7t \u0111\u1ed9 b\u1ed3n ng\u00e2m b\u00f9n kho\u00e1ng c\u00f3 v\u00e0o kho\u1ea3ng 38 \u0111\u1ed9 C v\u00ec v\u1eady b\u1ea1n c\u1ea7n b\u01b0\u1edbc t\u1eeb t\u1eeb v\u00e0o b\u1ed3n \u0111\u1ec3 c\u01a1 th\u1ec3 d\u1ea7n quen v\u1edbi m\u1ee9c nhi\u1ec7t n\u00e0y.<\/li>\n<li>Thoa b\u00f9n t\u1eeb t\u1eeb l\u00ean ph\u1ea7n th\u00e2n tr\u00ean r\u1ed3i \u0111\u1ebfn m\u1eb7t. Sau \u0111\u00f3 b\u1ea1n ch\u1ec9 vi\u1ec7c ng\u1ed3i ng\u00e2m m\u00ecnh th\u01b0 gi\u00e3n trong kho\u1ea3ng 20 \u0111\u1ebfn 30 ph\u00fat, ng\u1eafm nh\u00ecn c\u1ea3nh v\u1eadt thi\u00ean nhi\u00ean \u1edf tr\u01b0\u1edbc m\u1eaft v\u00e0 c\u00f9ng tr\u00f2 chuy\u1ec7n v\u1edbi ng\u01b0\u1eddi th\u00e2n.<\/li>\n<li>Sau khi ra kh\u1ecfi b\u1ed3n ng\u00e2m, b\u1ea1n c\u00f3 th\u1ec3 ph\u01a1i m\u00ecnh d\u01b0\u1edbi b\u00f3ng n\u1eafng kho\u1ea3ng 5 ph\u00fat \u0111\u1ec3 da c\u00f3 h\u1ea5p th\u1ee5 ho\u00e0n to\u00e0n nh\u1eefng kho\u00e1ng ch\u1ea5t.<\/li>\n<li>Ti\u1ebfp \u0111\u1ebfn b\u1ea1n c\u00f3 th\u1ec3 m\u00e1t-xa th\u01b0 gi\u00e3n v\u1edbi tia n\u01b0\u1edbc \u1edf khu \u00d4n Tuy\u1ec1n Th\u1ee7y Li\u1ec7u Ph\u00e1p \u0111\u1ec3 \u0111\u1ea3 th\u00f4ng kinh m\u1ea1ch.<\/li>\n<\/ul>\n<p><strong>\ub354 \ubcf4\uae30 &gt;&gt;&gt; <a href=\"https:\/\/hontamnhatrang.com\/ve-hon-tam-nha-trang-tron-goi\/\" rel=\"noopener\">\ud63c\ud0d0 \ud328\ud0a4\uc9c0 \ud2f0\ucf13 \u2013 1\uc77c \ud63c\ud0d0 \ud22c\uc5b4 \uc9c0\uc5ed B<\/a><\/strong><\/p>\n<h2><span class=\"ez-toc-section\" id=\"Chuan_bi_nhung_gi_khi_di_tam_bun_Hon_Tam_Nha_Trang\"><\/span>\ub098\ud2b8\ub791 \ud63c\ud0d0 \uba38\ub4dc\ubc14\uc2a4 \uac08 \ub54c \uc900\ube44\ud574\uc57c \ud560 \uac83<span class=\"ez-toc-section-end\"><\/span><\/h2>\n<p>Khi \u0111i t\u1eafm b\u00f9n t\u1ea1i H\u00f2n T\u1eb1m Nha Trang th\u00ec du kh\u00e1ch n\u00ean l\u01b0u \u00fd c\u1ea7n chu\u1ea9n b\u1ecb \u0111\u1ea7y \u0111\u1ee7 c\u00e1c \u0111\u1ed3 \u0111\u1ea1c c\u1ea7n thi\u1ebft nh\u01b0:<\/p>\n<ul>\n<li>\uc9c4\ud759\ubaa9\uc695\uc744 \uc704\ud55c \uac1c\uc778\uc6a9\ud488: \uc637, \uc790\uc678\uc120 \ucc28\ub2e8\uc81c, \uc9c4\ud759\ubaa9\uc695 \ud6c4 \uac08\uc544\uc785\uc744 \uc637 \ub4f1.<\/li>\n<li>B\u1ea1n n\u00ean chu\u1ea9n b\u1ecb c\u1ea3 t\u00fai nh\u1ef1a \u0111\u1ec3 c\u00f3 th\u1ec3 \u0111\u1ef1ng \u0111\u1ed3 \u01b0\u1edbt sau khi t\u1eafm b\u00f9n.<\/li>\n<li>B\u1ea1n c\u00f3 th\u1ec3 mang th\u00eam m\u1ed9t s\u1ed1 lo\u1ea1i thu\u1ed1c nh\u01b0: thu\u1ed1c h\u1ea1 s\u1ed1t, thu\u1ed1c say s\u00f3ng,\u2026 \u0111\u1ec3 b\u1ea3o v\u1ec7 s\u1ee9c kh\u1ecfe t\u1ed1t nh\u1ea5t trong c\u00e1c tr\u01b0\u1eddng h\u1ee3p x\u1ea5u.<\/li>\n<\/ul>\n<p>\ub610\ud55c \ucc38\uc870\ud558\uc138\uc694: <strong><a href=\"https:\/\/tourdaonhatrang.com\/ko\/tam-bun-hon-tam-nha-trang-tron-goi\/\">\ud63c\ud0d0 \uba38\ub4dc \ubaa9\uc695 \ud328\ud0a4\uc9c0<\/a><\/strong><\/p>","protected":false},"excerpt":{"rendered":"<h3><span style=\"color: #0000ff;\">\uc131\uc778: 670,000 VND<\/span><\/h3>\n<h3><span style=\"color: #0000ff;\">\ub178\uc778\/\uc5b4\ub9b0\uc774: 500,000 VND<\/span><\/h3>\n<ul>\n<li><span style=\"color: #0000ff;\"><span style=\"color: #ff0000;\">\uce74\ub204\ub294 \ud3ec\ud568\ub418\uc9c0 \uc54a\uc2b5\ub2c8\ub2e4<\/span><\/span><\/li>\n<li>A \uc9c0\uc5ed \uc11c\ube44\uc2a4 <span style=\"color: #ff0000;\">(t\u1eb7ng khu A b\u00e3i bi\u1ec3n)<\/span><\/li>\n<li>\ub728\uac70\uc6b4 \ubbf8\ub124\ub784 \uba38\ub4dc \ubaa9\uc695\uc744 \uacbd\ud5d8\ud574\ubcf4\uc138\uc694<\/li>\n<li>\ubbf8\ub124\ub784 \uc695\uc870 &amp; \uc778\ud53c\ub2c8\ud2f0 \ud480<\/li>\n<li>\uce74\uc57d<\/li>\n<li>Hon Viet \ub808\uc2a4\ud1a0\ub791\uc5d0\uc11c \uc810\uc2ec \ubdd4\ud398<\/li>\n<li>\uc5ec\ud589 \ub0b4\ub0b4 \uc9c0\uc6d0<\/li>\n<li>\ud56b\ub77c\uc778: <a href=\"tel:0849256256\">0849 256 256<\/a><\/li>\n<li><span style=\"color: #0000ff;\">\uacb0\uc81c \ud504\ub85c\ubaa8\uc158 5%<\/span><\/li>\n<\/ul>\n<div class=\"hJDwNd-AhqUyc-qWD73c purZT-AhqUyc-II5mzb pSzOP-AhqUyc-qWD73c JNdkSc\">\n<div class=\"JNdkSc-SmKAyb\">\n<div class=\"\">\n<div class=\"oKdM2c Kzv0Me\">\n<div class=\"hJDwNd-AhqUyc-qWD73c purZT-AhqUyc-II5mzb pSzOP-AhqUyc-qWD73c JNdkSc\">\n<div class=\"JNdkSc-SmKAyb\">\n<div class=\"\">\n<div class=\"oKdM2c Kzv0Me\">\n<div id=\"h.f128f2fe5256b73_1433\" class=\"hJDwNd-AhqUyc-qWD73c jXK9ad D2fZ2 OjCsFc wHaque GNzUNc\">\n<div class=\"jXK9ad-SmKAyb\">\n<div class=\"tyJCtd mGzaTb baZpAe\">\n<div class=\"row row-small mua-ngay-button\">\n<div class=\"cot1 medium-6 small-12 large-6\">\n<div class=\"col-inner\"><a class=\"button primary is-large lowercase expand\" style=\"border-radius: 3px;\" href=\"https:\/\/tourdaonhatrang.com\/ko\/tam-bun-hon-tam-nha-trang-goi-02\/\">\uc790\uc138\ud55c \ub0b4\uc6a9\uc744 \ud655\uc778\ud558\uc138\uc694<\/a><\/div>\n<\/div>\n<div class=\"cot2 medium-6 small-12 large-6\">\n<div class=\"col-inner\"><a class=\"button success is-large lowercase expand\" style=\"border-radius: 3px;\" href=\"https:\/\/hontamnhatrang.com\/#dat-ve\" target=\"_self\" rel=\"noopener\"><span style=\"vertical-align: inherit;\">\ud83d\uded2 \ud2f0\ucf13\uc744 \ube60\ub974\uac8c \uc608\ub9e4\ud558\uc138\uc694<\/span><\/a><\/div>\n<\/div>\n<\/div>\n<\/div>\n<\/div>\n<\/div>\n<\/div>\n<\/div>\n<\/div>\n<\/div>\n<\/div>\n<\/div>\n<\/div>\n<\/div>","protected":false},"featured_media":36465,"comment_status":"closed","ping_status":"closed","template":"","meta":[],"product_brand":[],"product_cat":[50,35,65],"product_tag":[691,730,690,681,722,723,724,675,725,587,687,53,726,728,673],"class_list":{"0":"post-17492","1":"product","2":"type-product","3":"status-publish","4":"has-post-thumbnail","6":"product_cat-tam-bun-hon-tam","7":"product_cat-tour-cac-dao-nha-trang","8":"product_cat-ve-hon-tam-nha-trang","9":"product_tag-buffet-hon-tam","10":"product_tag-cang-du-lich-nha-trang","11":"product_tag-du-lich-hon-tam-tu-tuc","12":"product_tag-gia-ve-hon-tam-nha-trang","13":"product_tag-hon-tam-nha-trang","14":"product_tag-mua-ve-hon-tam-o-dau","15":"product_tag-review-hon-tam-nha-trang","16":"product_tag-review-tam-bun-hon-tam","17":"product_tag-tam-bun-hon-tam","18":"product_tag-tam-bun-hon-tam-tron-goi","19":"product_tag-tour-1-dao-nha-trang","20":"product_tag-tour-dao-nha-trang","21":"product_tag-tour-dao-nha-trang-1-ngay","22":"product_tag-ve-hon-tam","23":"product_tag-ve-hon-tam-nha-trang","25":"first","26":"instock","27":"shipping-taxable","28":"product-type-simple"},"_links":{"self":[{"href":"https:\/\/tourdaonhatrang.com\/ko\/wp-json\/wp\/v2\/product\/17492","targetHints":{"allow":["GET"]}}],"collection":[{"href":"https:\/\/tourdaonhatrang.com\/ko\/wp-json\/wp\/v2\/product"}],"about":[{"href":"https:\/\/tourdaonhatrang.com\/ko\/wp-json\/wp\/v2\/types\/product"}],"replies":[{"embeddable":true,"href":"https:\/\/tourdaonhatrang.com\/ko\/wp-json\/wp\/v2\/comments?post=17492"}],"wp:featuredmedia":[{"embeddable":true,"href":"https:\/\/tourdaonhatrang.com\/ko\/wp-json\/wp\/v2\/media\/36465"}],"wp:attachment":[{"href":"https:\/\/tourdaonhatrang.com\/ko\/wp-json\/wp\/v2\/media?parent=17492"}],"wp:term":[{"taxonomy":"product_brand","embeddable":true,"href":"https:\/\/tourdaonhatrang.com\/ko\/wp-json\/wp\/v2\/product_brand?post=17492"},{"taxonomy":"product_cat","embeddable":true,"href":"https:\/\/tourdaonhatrang.com\/ko\/wp-json\/wp\/v2\/product_cat?post=17492"},{"taxonomy":"product_tag","embeddable":true,"href":"https:\/\/tourdaonhatrang.com\/ko\/wp-json\/wp\/v2\/product_tag?post=17492"}],"curies":[{"name":"wp","href":"https:\/\/api.w.org\/{rel}","templated":true}]}}