{"id":17496,"date":"2023-03-24T21:48:53","date_gmt":"2023-03-24T14:48:53","guid":{"rendered":"https:\/\/biennhatrang.com.vn\/?post_type=product&#038;p=17496"},"modified":"2026-03-14T06:56:16","modified_gmt":"2026-03-13T23:56:16","slug":"%eb%95%80-%eb%b6%84-%ed%98%bc-%eb%95%80-%eb%82%98%ed%8a%b8%eb%9e%91-%ea%b3%a0%ec%9d%b4-03","status":"publish","type":"product","link":"https:\/\/tourdaonhatrang.com\/ko\/%eb%95%80-%eb%b6%84-%ed%98%bc-%eb%95%80-%eb%82%98%ed%8a%b8%eb%9e%91-%ea%b3%a0%ec%9d%b4-03\/","title":{"rendered":"\ud63c\ud0d0 \uba38\ub4dc\uc695 \ud2f0\ucf13 \uac00\uaca9 - \ud63c\ud0d0 \uc790\uae09\uc790\uc871 \uc5ec\ud589 (\ud328\ud0a4\uc9c0 6)"},"content":{"rendered":"<div id=\"ez-toc-container\" class=\"ez-toc-v2_0_82_2 counter-hierarchy ez-toc-counter ez-toc-grey ez-toc-container-direction\">\n<div class=\"ez-toc-title-container\">\n<p class=\"ez-toc-title\" style=\"cursor:inherit\">\ucf58\ud150\uce20<\/p>\n<span class=\"ez-toc-title-toggle\"><a href=\"#\" class=\"ez-toc-pull-right ez-toc-btn ez-toc-btn-xs ez-toc-btn-default ez-toc-toggle\" aria-label=\"\ubaa9\ucc28 \ud1a0\uae00\"><span class=\"ez-toc-js-icon-con\"><span class=\"\"><span class=\"eztoc-hide\" style=\"display:none;\">\ube44\ub140\uc7a5<\/span><span class=\"ez-toc-icon-toggle-span\"><svg style=\"fill: #999;color:#999\" xmlns=\"http:\/\/www.w3.org\/2000\/svg\" class=\"list-377408\" width=\"20px\" height=\"20px\" viewbox=\"0 0 24 24\" fill=\"none\"><path d=\"M6 6H4v2h2V6zm14 0H8v2h12V6zM4 11h2v2H4v-2zm16 0H8v2h12v-2zM4 16h2v2H4v-2zm16 0H8v2h12v-2z\" fill=\"currentColor\"><\/path><\/svg><svg style=\"fill: #999;color:#999\" class=\"arrow-unsorted-368013\" xmlns=\"http:\/\/www.w3.org\/2000\/svg\" width=\"10px\" height=\"10px\" viewbox=\"0 0 24 24\" version=\"1.2\" baseprofile=\"tiny\"><path d=\"M18.2 9.3l-6.2-6.3-6.2 6.3c-.2.2-.3.4-.3.7s.1.5.3.7c.2.2.4.3.7.3h11c.3 0 .5-.1.7-.3.2-.2.3-.5.3-.7s-.1-.5-.3-.7zM5.8 14.7l6.2 6.3 6.2-6.3c.2-.2.3-.5.3-.7s-.1-.5-.3-.7c-.2-.2-.4-.3-.7-.3h-11c-.3 0-.5.1-.7.3-.2.2-.3.5-.3.7s.1.5.3.7z\"\/><\/svg><\/span><\/span><\/span><\/a><\/span><\/div>\n<nav><ul class='ez-toc-list ez-toc-list-level-1' ><li class='ez-toc-page-1 ez-toc-heading-level-1'><a class=\"ez-toc-link ez-toc-heading-1\" href=\"https:\/\/tourdaonhatrang.com\/ko\/%eb%95%80-%eb%b6%84-%ed%98%bc-%eb%95%80-%eb%82%98%ed%8a%b8%eb%9e%91-%ea%b3%a0%ec%9d%b4-03\/#Gia_ve_tam_bun_Hon_Tam_%E2%80%93_Du_lich_Hon_Tam_tu_tuc\" >\ud63c\ud0d0 \uba38\ub4dc\uc695 \ud2f0\ucf13 \uac00\uaca9 - \ud63c\ud0d0 \uc790\uae09\uc790\uc871 \uc5ec\ud589<\/a><ul class='ez-toc-list-level-2' ><li class='ez-toc-heading-level-2'><a class=\"ez-toc-link ez-toc-heading-2\" href=\"https:\/\/tourdaonhatrang.com\/ko\/%eb%95%80-%eb%b6%84-%ed%98%bc-%eb%95%80-%eb%82%98%ed%8a%b8%eb%9e%91-%ea%b3%a0%ec%9d%b4-03\/#Gia_ve_tam_bun_Hon_Tam_Nha_Trang_%E2%80%93_Du_lich_Hon_Tam_tu_tuc\" >\ub098\ud2b8\ub791 \ud63c\ud0d0 \uba38\ub4dc\uc695 \ud2f0\ucf13 \uac00\uaca9 \u2013 \ud63c\ud0d0\uc73c\ub85c\uc758 \uac1c\ubcc4 \uc5ec\ud589<\/a><\/li><li class='ez-toc-page-1 ez-toc-heading-level-2'><a class=\"ez-toc-link ez-toc-heading-3\" href=\"https:\/\/tourdaonhatrang.com\/ko\/%eb%95%80-%eb%b6%84-%ed%98%bc-%eb%95%80-%eb%82%98%ed%8a%b8%eb%9e%91-%ea%b3%a0%ec%9d%b4-03\/#Tam_bun_Hon_Tam_khoi_hanh_tai_cang_rieng\" >\ud63c\ud0d0 \uba38\ub4dc \ubc30\uc2a4\ub294 \uac1c\uc778 \ud56d\uad6c\uc5d0\uc11c \ucd9c\ubc1c\ud569\ub2c8\ub2e4.<\/a><\/li><li class='ez-toc-page-1 ez-toc-heading-level-2'><a class=\"ez-toc-link ez-toc-heading-4\" href=\"https:\/\/tourdaonhatrang.com\/ko\/%eb%95%80-%eb%b6%84-%ed%98%bc-%eb%95%80-%eb%82%98%ed%8a%b8%eb%9e%91-%ea%b3%a0%ec%9d%b4-03\/#Gia_ve_tam_bun_Hon_Tam_%E2%80%93_Mudbath_03_%E2%80%93_Cano_van_chuyen_tam_bun\" >\ud63c\ud0d0 \uba38\ub4dc\uc695 \ud2f0\ucf13 \uac00\uaca9 \u2013 \uba38\ub4dc\uc695 03 \u2013 \uce74\ub204 \uc6b4\uc1a1 + \uba38\ub4dc\uc695<\/a><ul class='ez-toc-list-level-3' ><li class='ez-toc-heading-level-3'><a class=\"ez-toc-link ez-toc-heading-5\" href=\"https:\/\/tourdaonhatrang.com\/ko\/%eb%95%80-%eb%b6%84-%ed%98%bc-%eb%95%80-%eb%82%98%ed%8a%b8%eb%9e%91-%ea%b3%a0%ec%9d%b4-03\/#Quyen_loi_bao_gom_trong_ve_di_Hon_Tam\" >\ud63c\ud0d0\ud589 \ud2f0\ucf13\uc5d0 \ud3ec\ud568\ub41c \ud61c\ud0dd<\/a><ul class='ez-toc-list-level-4' ><li class='ez-toc-heading-level-4'><a class=\"ez-toc-link ez-toc-heading-6\" href=\"https:\/\/tourdaonhatrang.com\/ko\/%eb%95%80-%eb%b6%84-%ed%98%bc-%eb%95%80-%eb%82%98%ed%8a%b8%eb%9e%91-%ea%b3%a0%ec%9d%b4-03\/#Gia_ve_tam_bun_Hon_Tam_Nha_Trang_Mudbath_03_bao_gom\" >\ud63c\ud0d0 \ub098\ud2b8\ub791 \uba38\ub4dc\ubc14\uc2a4 03 \uba38\ub4dc\ubc14\uc2a4 \ud2f0\ucf13 \uac00\uaca9\uc5d0\ub294 \ub2e4\uc74c\uc774 \ud3ec\ud568\ub429\ub2c8\ub2e4:<\/a><\/li><li class='ez-toc-page-1 ez-toc-heading-level-4'><a class=\"ez-toc-link ez-toc-heading-7\" href=\"https:\/\/tourdaonhatrang.com\/ko\/%eb%95%80-%eb%b6%84-%ed%98%bc-%eb%95%80-%eb%82%98%ed%8a%b8%eb%9e%91-%ea%b3%a0%ec%9d%b4-03\/#Gia_ve_chua_bao_gom\" >\ud2f0\ucf13 \uac00\uaca9\uc5d0\ub294 \ud3ec\ud568\ub418\uc9c0 \uc54a\uc2b5\ub2c8\ub2e4<\/a><\/li><\/ul><\/li><\/ul><\/li><li class='ez-toc-page-1 ez-toc-heading-level-2'><a class=\"ez-toc-link ez-toc-heading-8\" href=\"https:\/\/tourdaonhatrang.com\/ko\/%eb%95%80-%eb%b6%84-%ed%98%bc-%eb%95%80-%eb%82%98%ed%8a%b8%eb%9e%91-%ea%b3%a0%ec%9d%b4-03\/#Nhung_quy_dinh_ban_can_biet_ve_ve_Hon_Tam\" >\ud63c\ud0d0 \ud2f0\ucf13\uc5d0 \ub300\ud574 \uc54c\uc544\uc57c \ud560 \uaddc\uc815<\/a><\/li><li class='ez-toc-page-1 ez-toc-heading-level-2'><a class=\"ez-toc-link ez-toc-heading-9\" href=\"https:\/\/tourdaonhatrang.com\/ko\/%eb%95%80-%eb%b6%84-%ed%98%bc-%eb%95%80-%eb%82%98%ed%8a%b8%eb%9e%91-%ea%b3%a0%ec%9d%b4-03\/#Chuan_bi_nhung_gi_khi_di_tam_bun_Hon_Tam_Nha_Trang\" >\ub098\ud2b8\ub791 \ud63c\ud0d0 \uba38\ub4dc\ubc14\uc2a4 \uac08 \ub54c \uc900\ube44\ud574\uc57c \ud560 \uac83<\/a><\/li><li class='ez-toc-page-1 ez-toc-heading-level-2'><a class=\"ez-toc-link ez-toc-heading-10\" href=\"https:\/\/tourdaonhatrang.com\/ko\/%eb%95%80-%eb%b6%84-%ed%98%bc-%eb%95%80-%eb%82%98%ed%8a%b8%eb%9e%91-%ea%b3%a0%ec%9d%b4-03\/#Nhung_loi_ich_tuyet_voi_tu_tam_bun_khoang\" >\ubbf8\ub124\ub784 \uba38\ub4dc \ubaa9\uc695\uc758 \ub180\ub77c\uc6b4 \ud6a8\ub2a5<\/a><\/li><\/ul><\/li><\/ul><\/nav><\/div>\n<h1><span class=\"ez-toc-section\" id=\"Gia_ve_tam_bun_Hon_Tam_%E2%80%93_Du_lich_Hon_Tam_tu_tuc\"><\/span>\ud63c\ud0d0 \uba38\ub4dc\uc695 \ud2f0\ucf13 \uac00\uaca9 - \ud63c\ud0d0 \uc790\uae09\uc790\uc871 \uc5ec\ud589<span class=\"ez-toc-section-end\"><\/span><\/h1>\n<p>\ud63c\ud0d0 \ub098\ud2b8\ub791 \uba38\ub4dc\ubaa9\uc695 \ud2f0\ucf13 \uac00\uaca9\uc5d0\ub294 \uc810\uc2ec \ubdd4\ud398\uac00 \ud3ec\ud568\ub418\uc5b4 \uc788\uc9c0 \uc54a\uc544, \uba4b\uc9c4 \uacbd\ud5d8\uc744 \uc81c\uacf5\ud569\ub2c8\ub2e4.<\/p>\n<p>\uc774\uac83\uc740 \ub610\ud55c \ub2e8\uc21c\ud788 \ubc29\ubb38\ub9cc \uc6d0\ud558\ub294 \ud63c\ud0d0\uc744 \ud63c\uc790 \uc5ec\ud589\ud558\ub294 \uad00\uad11\uac1d\uc744 \uc704\ud55c \ud22c\uc5b4 \ud328\ud0a4\uc9c0\uc785\ub2c8\ub2e4., <strong><a href=\"https:\/\/tourdaonhatrang.com\/ko\/tour-du-lich-dao-hon-tam-nha-trang\/\">\ud63c\ud0d0\uc12c \uad00\uad11<\/a><\/strong> \uc624\uc804\uc774\ub098 \uc624\ud6c4\uc5d0 \uc990\uae38 \uc218 \uc788\uc2b5\ub2c8\ub2e4. 2019\ub144 6\uc6d4\ubd80\ud130 \ud63c\ub540 \uba38\ub4dc\uc695\uc740 \ub098\ud2b8\ub791 \uad00\uad11\uc758 \ud558\uc774\ub77c\uc774\ud2b8\ub85c \ub098\ud2b8\ub791 \uba38\ub4dc\uc695 \uc11c\ube44\uc2a4 \uadf8\ub8f9\uc5d0 \ud569\ub958\ud588\uc2b5\ub2c8\ub2e4.<\/p>\n<p><span style=\"color: #ff0000;\"><strong>\ucd5c\uc2e0 \uc5c5\ub370\uc774\ud2b8: \ud63c\ud0d0\ud56d\uc774 \uacf5\uc0ac \ubc0f \uc218\ub9ac\ub85c \uc778\ud574 \uc77c\uc2dc\uc801\uc73c\ub85c \ud3d0\uc1c4\ub418\uc5c8\uc2b5\ub2c8\ub2e4. \ub300\uc2e0 \ubc29\ubb38\uac1d\ub4e4\uc740 \ube48\ud384 \ub098\ud2b8\ub791\ud56d\uc5d0\uc11c \ud63c\ud0d0\ud56d\uc73c\ub85c \ucd9c\ubc1c\ud569\ub2c8\ub2e4.<\/strong><\/span><\/p>\n<p><span style=\"color: #0000ff;\"><em>\uc804\ud654\ubc88\ud638\ub85c \ud2f0\ucf13\uc744 \uc608\uc57d\ud558\uc2dc\uba74, \ub2f4\ub2f9 \uc9c1\uc6d0\uc774 \uc5ec\uc815 \uc548\ub0b4, \ud56d\uad6c \ud53d\uc5c5, \uccb4\ud06c\uc778 \uc9c0\uc6d0 \ub4f1 \ubc30\uc5d0 \uc624\ub974\uae30 \uc804 \ud56d\uad6c\uc5d0\uc11c \ud544\uc694\ud55c \ubaa8\ub4e0 \uc9c0\uc6d0\uc744 \uc81c\uacf5\ud574 \ub4dc\ub9ac\ub2c8 \uc548\uc2ec\ud558\uace0 \uc5ec\ud589\ud558\uc2e4 \uc218 \uc788\uc2b5\ub2c8\ub2e4!<\/em><\/span><\/p>\n<h2><span class=\"ez-toc-section\" id=\"Gia_ve_tam_bun_Hon_Tam_Nha_Trang_%E2%80%93_Du_lich_Hon_Tam_tu_tuc\"><\/span>\ub098\ud2b8\ub791 \ud63c\ud0d0 \uba38\ub4dc\uc695 \ud2f0\ucf13 \uac00\uaca9 \u2013 \ud63c\ud0d0\uc73c\ub85c\uc758 \uac1c\ubcc4 \uc5ec\ud589<span class=\"ez-toc-section-end\"><\/span><\/h2>\n<p>\ud63c\ud0d0 \uba38\ub4dc\uc695 \ud2f0\ucf13 \uac00\uaca9\uc740 \uacb0\ucf54 \uc2e4\ub9dd\uc2a4\ub7fd\uc9c0 \uc54a\uc744 \uac83\uc785\ub2c8\ub2e4. \uae34 \ud558\uc580 \ubaa8\ub798\uc0ac\uc7a5\uacfc 5\uc131\uae09 \uac74\uac15 \uad00\ub9ac \uad6c\uc5ed\uc744 \uac16\ucd98 \uc774\uacf3\uc740 \ub9e4\uc6b0 \uc800\ub834\ud55c \uac00\uaca9\uc73c\ub85c \ub098\ud2b8\ub791 \ubbf8\ub124\ub784 \uba38\ub4dc\uc695 \uad00\uad11\uc744 \uc88b\uc544\ud558\ub294 \uc0ac\ub78c\ub4e4\uc5d0\uac8c \uc774\uc0c1\uc801\uc785\ub2c8\ub2e4.<\/p>\n<p><img loading=\"lazy\" decoding=\"async\" src=\"https:\/\/tourdaonhatrang.com\/wp-content\/uploads\/2021\/05\/tam-bun-hon-tam-01-2.jpg\" alt=\"\" width=\"750\" height=\"500\" title=\"\"><\/p>\n<p>\uc601\uc5ed <a href=\"https:\/\/tambunhontam.com\/tam-bun-hon-tam-nha-trang\/\" rel=\"noopener\">\ud63c\ud0d0 \uba38\ub4dc \ubaa9\uc695<\/a> \ub098\ud2b8\ub791 \ub9cc\uc758 \uc544\ub984\ub2e4\uc6b4 \uc790\uc5f0 \uacbd\uad00\uacfc \ud568\uaed8 \uc57c\uc0dd\uc758 \uc21c\uc218\ud568\uc744 \uac04\uc9c1\ud558\uace0 \uc788\uc73c\uba70, \ubca0\ud2b8\ub0a8 \ucd5c\ub300 \uaddc\ubaa8\uc758 \ubbf8\ub124\ub784 \uba38\ub4dc \uc628\ucc9c \uc9c0\uc5ed\uc73c\ub85c \uae30\ub85d\ub418\uc5b4 \uc788\uc2b5\ub2c8\ub2e4.<\/p>\n<p>\ud63c\ud0d0 \uc12c\uc5d0 \uc704\uce58\ud55c \ud63c\ud0d0 \uba38\ub4dc \ubaa9\uc695\ud0d5 \uad6c\uc5ed\uc740 \ucd1d \uba74\uc801\uc774 16,000m\u00b2\ub85c, \ud478\ub978 \ub098\ubb34\uac00 \ud769\uc5b4\uc838 \uc788\ub294 \uac1c\ubc29\uc801\uc778 \ub514\uc790\uc778\uc758 \uacc4\ub2e8\uc2dd \ubc2d\uc5d0\uc11c \uc601\uac10\uc744 \ubc1b\uc544 \ubc14\ub2e4\uc640 \uc870\ud654\ub97c \uc774\ub8e8\uace0 \uc788\uc2b5\ub2c8\ub2e4.<\/p>\n<p><strong>\ub354 \ubcf4\uae30 &gt;&gt;&gt; <a href=\"https:\/\/hontamnhatrang.com\/ve-hon-tam-nha-trang-tron-goi\/\" rel=\"noopener\">\ud63c\ud0d0 \ud328\ud0a4\uc9c0 \ud2f0\ucf13 \u2013 1\uc77c \ud63c\ud0d0 \ud22c\uc5b4 \uc9c0\uc5ed B<\/a><\/strong><\/p>\n<h2><span class=\"ez-toc-section\" id=\"Tam_bun_Hon_Tam_khoi_hanh_tai_cang_rieng\"><\/span>\ud63c\ud0d0 \uba38\ub4dc \ubc30\uc2a4\ub294 \uac1c\uc778 \ud56d\uad6c\uc5d0\uc11c \ucd9c\ubc1c\ud569\ub2c8\ub2e4.<span class=\"ez-toc-section-end\"><\/span><\/h2>\n<p>\ud63c\ud0d0 \ub098\ud2b8\ub791 \ud56d\uad6c\ub294 \ud63c\ud0d0 \uc12c\uc758 \uc8fc\uc694 \uad50\ud1b5\ud56d\uc73c\ub85c, \uad00\uad11\uac1d\ub4e4\uc774 \ud63c\ud0d0 \ud398\ub9ac \ud2f0\ucf13\uc744 \uad6c\ub9e4\ud560 \uc218 \uc788\ub3c4\ub85d \uc11c\ube44\uc2a4\ub97c \uc81c\uacf5\ud569\ub2c8\ub2e4. 45\uc778\uc2b9 \ud63c\ud0d0 \uace0\uc18d \uad00\uad11 \uce74\ub204 \ud22c\uc5b4\ub294 \uc57d 7\ubd84 \uc815\ub3c4 \uc18c\uc694\ub429\ub2c8\ub2e4.<\/p>\n<p>\uc704\uce58: \ub098\ud2b8\ub791 \uc2dc\uc758 \ub0a8\ub3d9\ucabd\uc5d0 \uc704\uce58\ud558\uace0 \uc788\uc2b5\ub2c8\ub2e4. \ub098\ud2b8\ub791 \uc2dc\ub0b4 \uc911\uc2ec\uc5d0\uc11c 7km \ub5a8\uc5b4\uc9c4 \ube48\uc751\uc6b0\uc60c \uad6c\uc5d0 \uc788\uc2b5\ub2c8\ub2e4.<\/p>\n<ul>\n<li>\uce74\ub204 \uc6b4\uc601 \uc2dc\uac04: \uc624\uc804 8\uc2dc ~ \uc624\uc804 9\uc2dc ~ \uc624\uc804 10\uc2dc ~ \uc624\uc804 11\uc2dc ~ \uc624\ud6c4 12\uc2dc<\/li>\n<li>\uce74\ub204 \ubc18\ub0a9 \uc2dc\uac04: 10:20 - 11:20 - 12:20 - 13:20 - 14:20 - 15:20 - 16:20<\/li>\n<\/ul>\n<p><span style=\"color: #0000ff;\"><strong>\ucc38\uace0\uc0ac\ud56d: \uc12c\uc5d0 \uccb4\ud06c\uc778\ud558\ub824\uba74 10~15\ubd84 \uc804\uc5d0 \ud63c\ud0d0 \ud56d\uad6c\uc5d0 \ub3c4\ucc29\ud574\uc57c \ud569\ub2c8\ub2e4.<\/strong><\/span><\/p>\n<h2><span class=\"ez-toc-section\" id=\"Gia_ve_tam_bun_Hon_Tam_%E2%80%93_Mudbath_03_%E2%80%93_Cano_van_chuyen_tam_bun\"><\/span>\ud63c\ud0d0 \uba38\ub4dc\uc695 \ud2f0\ucf13 \uac00\uaca9 \u2013 \uba38\ub4dc\uc695 03 \u2013 \uce74\ub204 \uc6b4\uc1a1 + \uba38\ub4dc\uc695<span class=\"ez-toc-section-end\"><\/span><\/h2>\n<p>T\u1eeb ng\u00e0y 20\/11\/2025 \u0111\u1ebfn ng\u00e0y 29\/04\/2026, mua v\u00e9 <strong>\ud63c\ud0d0 \uba38\ub4dc\uc695<\/strong>, qu\u00fd kh\u00e1ch \u0111\u01b0\u1ee3c <strong>t\u1eb7ng<\/strong> v\u00e9 tham quan <strong>khu b\u00e3i bi\u1ec3n<\/strong><\/p>\n<ul>\n<li>V\u00e9 ng\u01b0\u1eddi l\u1edbn : 540,000 \u0111\u1ed3ng<\/li>\n<li>V\u00e9 tr\u1ebb em : 430,000 \u0111\u1ed3ng<\/li>\n<\/ul>\n<hr \/>\n<p>\uc5b4\ub9b0\uc774 \ud2f0\ucf13 \uc815\ucc45<\/p>\n<ol>\n<li>1m \ubbf8\ub9cc \uc5b4\ub9b0\uc774 \ubb34\ub8cc\uc785\uc7a5<\/li>\n<li>\uc5b4\ub9b0\uc774\ub294 1m\uc5d0\uc11c 1m39\uae4c\uc9c0 \uc13c\ub2e4.<\/li>\n<li>1m39 \uc774\uc0c1 \uc131\uc778 \ud2f0\ucf13.<\/li>\n<\/ol>\n<hr \/>\n<h3><span class=\"ez-toc-section\" id=\"Quyen_loi_bao_gom_trong_ve_di_Hon_Tam\"><\/span>\ud63c\ud0d0\ud589 \ud2f0\ucf13\uc5d0 \ud3ec\ud568\ub41c \ud61c\ud0dd<span class=\"ez-toc-section-end\"><\/span><\/h3>\n<h4><span class=\"ez-toc-section\" id=\"Gia_ve_tam_bun_Hon_Tam_Nha_Trang_Mudbath_03_bao_gom\"><\/span>\ud63c\ud0d0 \ub098\ud2b8\ub791 \uba38\ub4dc\ubc14\uc2a4 03 \uba38\ub4dc\ubc14\uc2a4 \ud2f0\ucf13 \uac00\uaca9\uc5d0\ub294 \ub2e4\uc74c\uc774 \ud3ec\ud568\ub429\ub2c8\ub2e4:<span class=\"ez-toc-section-end\"><\/span><\/h4>\n<p>\ud63c\ud0d0 \uad00\uad11\uc120\uc744 \ud0c0\uace0 \ubcf8\ud1a0\uc5d0\uc11c \uc12c\uae4c\uc9c0, \uadf8\ub9ac\uace0 \uadf8 \ubc18\ub300\ub85c \ub450 \ubc88 \uc5ec\ud589\ud569\ub2c8\ub2e4.<\/p>\n<figure id=\"attachment_39897\" aria-describedby=\"caption-attachment-39897\" style=\"width: 1020px\" class=\"wp-caption aligncenter\"><img loading=\"lazy\" decoding=\"async\" class=\"size-large wp-image-39897\" src=\"https:\/\/tourdaonhatrang.com\/wp-content\/uploads\/2023\/03\/cano-hon-tam-nha-trang-001-1024x683.jpg\" alt=\"\" width=\"1020\" height=\"680\" title=\"\" srcset=\"https:\/\/tourdaonhatrang.com\/wp-content\/uploads\/2023\/03\/cano-hon-tam-nha-trang-001-1024x683.jpg 1024w, https:\/\/tourdaonhatrang.com\/wp-content\/uploads\/2023\/03\/cano-hon-tam-nha-trang-001-300x200.jpg 300w, https:\/\/tourdaonhatrang.com\/wp-content\/uploads\/2023\/03\/cano-hon-tam-nha-trang-001-768x512.jpg 768w, https:\/\/tourdaonhatrang.com\/wp-content\/uploads\/2023\/03\/cano-hon-tam-nha-trang-001-18x12.jpg 18w, https:\/\/tourdaonhatrang.com\/wp-content\/uploads\/2023\/03\/cano-hon-tam-nha-trang-001-400x267.jpg 400w, https:\/\/tourdaonhatrang.com\/wp-content\/uploads\/2023\/03\/cano-hon-tam-nha-trang-001-600x400.jpg 600w, https:\/\/tourdaonhatrang.com\/wp-content\/uploads\/2023\/03\/cano-hon-tam-nha-trang-001.jpg 1140w\" sizes=\"auto, (max-width: 1020px) 100vw, 1020px\" \/><figcaption id=\"caption-attachment-39897\" class=\"wp-caption-text\">Cano \u0111i H\u00f2n T\u1eb1m Nha Trang<\/figcaption><\/figure>\n<p>\uc218\uc601\ubcf5, \uc218\uac74, \uc0ac\ubb3c\ud568, \uc5f4\uc1e0\uac00 \uc81c\uacf5\ub429\ub2c8\ub2e4.<\/p>\n<p>\ub2e4\uc591\ud55c \uc695\uc870\uc5d0\uc11c \ub728\uac70\uc6b4 \ubbf8\ub124\ub784 \uc9c4\ud759 \ubaa9\uc695\uc744 \uacbd\ud5d8\ud574 \ubcf4\uc138\uc694.<\/p>\n<p><img loading=\"lazy\" decoding=\"async\" src=\"https:\/\/tourdaonhatrang.com\/wp-content\/uploads\/2021\/05\/tam-bun-hon-tam-03-2.jpg\" alt=\"\" width=\"750\" height=\"500\" title=\"\"><\/p>\n<p>\uc218\uce58\ub8cc \uc2dc\uc2a4\ud15c\uc744 \uc774\uc6a9\ud55c \uc804\uc2e0 \ub9c8\uc0ac\uc9c0.<\/p>\n<p><img loading=\"lazy\" decoding=\"async\" src=\"https:\/\/tourdaonhatrang.com\/wp-content\/uploads\/2021\/05\/tam-bun-hon-tam-05.jpg\" alt=\"\ud63c\ud0d0 \uba38\ub4dc \ubaa9\uc695 \ud328\ud0a4\uc9c0 03\" width=\"750\" height=\"500\" title=\"\"><\/p>\n<p>1,350m\u00b2 \uaddc\ubaa8\uc758 \ub728\uac70\uc6b4 \ubbf8\ub124\ub784 \ud480\uc5d0 \ubab8\uc744 \ub2f4\uadf8\uc138\uc694.<\/p>\n<p>\ubbf8\ub124\ub784 \ud3ed\ud3ec \ubaa9\uc695\uacfc \uc778\ud53c\ub2c8\ud2f0 \ud480\uc744 \uacbd\ud5d8\ud574\ubcf4\uc138\uc694.<\/p>\n<p>A\uad6c\uc5ed\uc758 \uc5d4\ud130\ud14c\uc778\uba3c\ud2b8 \ubc0f \uc218\uc601<\/p>\n<p><img loading=\"lazy\" decoding=\"async\" src=\"https:\/\/tourdaonhatrang.com\/wp-content\/uploads\/2021\/05\/tam-bun-hon-tam-06.jpg\" alt=\"\" width=\"750\" height=\"500\" title=\"\"><\/p>\n<h4><span class=\"ez-toc-section\" id=\"Gia_ve_chua_bao_gom\"><\/span>\ud2f0\ucf13 \uac00\uaca9\uc5d0\ub294 \ud3ec\ud568\ub418\uc9c0 \uc54a\uc2b5\ub2c8\ub2e4<span class=\"ez-toc-section-end\"><\/span><\/h4>\n<ul>\n<li>\uc810\uc2ec \ubdd4\ud398.<\/li>\n<li>\ud574\uc591 \uc2a4\ud3ec\uce20, \ud328\ub7ec\uc138\uc77c\ub9c1, \uc2a4\ucfe0\ubc84 \ub2e4\uc774\ube59 \ub4f1<\/li>\n<li>\ud638\ud154 \uc154\ud2c0 \uc11c\ube44\uc2a4.<\/li>\n<\/ul>\n<h2><span class=\"ez-toc-section\" id=\"Nhung_quy_dinh_ban_can_biet_ve_ve_Hon_Tam\"><\/span>\ud63c\ud0d0 \ud2f0\ucf13\uc5d0 \ub300\ud574 \uc54c\uc544\uc57c \ud560 \uaddc\uc815<span class=\"ez-toc-section-end\"><\/span><\/h2>\n<p>\ub540\ub098\ud2b8\ub791\ud589 \uae30\ucc28\ud45c\uc5d0\ub294 \uc5ec\uc815 \ub0b4\ub0b4 \uc0ac\uc6a9\ub418\ub294 QR \ucf54\ub4dc\uac00 \ub0b4\uc7a5\ub418\uc5b4 \uc788\uc2b5\ub2c8\ub2e4. \ub530\ub77c\uc11c \uac01 \uc11c\ube44\uc2a4\ub97c \uc774\uc6a9\ud558\ub824\uba74 \ud2f0\ucf13\uc744 \ubcf4\uad00\ud574\uc57c \ud569\ub2c8\ub2e4.<\/p>\n<p>\uc5f4\ucc28 \uc2dc\uac04\ud45c\ub294 \uc2dc\uac04\ub300\uc5d0 \ub530\ub77c \uc815\ud574\uc838 \uc788\uc73c\ub2c8, \uc5f4\ucc28 \ucd9c\ubc1c \uc2dc\uac04\ubcf4\ub2e4 \uc77c\ucc0d \ud56d\uad6c\uc5d0 \ub3c4\ucc29\ud574 \uc8fc\uc2dc\uae30 \ubc14\ub78d\ub2c8\ub2e4!<\/p>\n<p><span style=\"color: #0000ff;\"><strong>\uc911\uc694 \ucc38\uace0 \uc0ac\ud56d: \uc810\uc2ec \uc2dd\uc0ac\uac00 \ud3ec\ud568\ub41c \ud63c\ud0d0 \ud2f0\ucf13 \ud328\ud0a4\uc9c0\ub97c \uad6c\ub9e4\ud55c \uacbd\uc6b0, \ubc29\ubb38\uac1d\uc740 \ub808\uc2a4\ud1a0\ub791\uc5d0\uc11c \uc2dd\uc0ac\ud560 \ud2f0\ucf13\uc744 \uaf2d \uc9c0\ucc38\ud574\uc57c \ud569\ub2c8\ub2e4.<\/strong><\/span><\/p>\n<hr \/>\n<h2><span class=\"ez-toc-section\" id=\"Chuan_bi_nhung_gi_khi_di_tam_bun_Hon_Tam_Nha_Trang\"><\/span>\ub098\ud2b8\ub791 \ud63c\ud0d0 \uba38\ub4dc\ubc14\uc2a4 \uac08 \ub54c \uc900\ube44\ud574\uc57c \ud560 \uac83<span class=\"ez-toc-section-end\"><\/span><\/h2>\n<p>\uac08 \ub54c <strong><a href=\"https:\/\/tourdaonhatrang.com\/ko\/%ed%83%90-%eb%b6%84-%ed%98%bc-%ed%83%90\/\">\ud63c\ud0d0 \ub098\ud2b8\ub791\uc758 \uc9c4\ud759\ud0d5<\/a><\/strong> \uad00\uad11\uac1d\uc740 \ub2e4\uc74c\uacfc \uac19\uc740 \ud544\uc218\ud488\uc744 \ubaa8\ub450 \uc900\ube44\ud574\uc57c \ud569\ub2c8\ub2e4.<\/p>\n<ul>\n<li>\uc9c4\ud759\ubaa9\uc695\uc744 \uc704\ud55c \uac1c\uc778\uc6a9\ud488: \uc637, \uc790\uc678\uc120 \ucc28\ub2e8\uc81c, \uc9c4\ud759\ubaa9\uc695 \ud6c4 \uac08\uc544\uc785\uc744 \uc637 \ub4f1.<\/li>\n<li>\uc9c4\ud759\ubaa9\uc695 \ud6c4 \uc816\uc740 \uc637\uc744 \ubcf4\uad00\ud558\uae30 \uc704\ud574 \ube44\ub2d0\ubd09\ud22c\ub3c4 \uc900\ube44\ud574\uc57c \ud569\ub2c8\ub2e4.<\/li>\n<li>\ub098\uc05c \uc0c1\ud669\uc5d0\uc11c \uac74\uac15\uc744 \ubcf4\ud638\ud558\uae30 \uc704\ud574 \ud574\uc5f4\uc81c, \uba40\ubbf8\uc57d \ub4f1 \uc5ec\ubd84\uc758 \uc57d\uc744 \uac00\uc838\uac08 \uc218 \uc788\uc2b5\ub2c8\ub2e4.<\/li>\n<\/ul>\n<h2><span class=\"ez-toc-section\" id=\"Nhung_loi_ich_tuyet_voi_tu_tam_bun_khoang\"><\/span>\ubbf8\ub124\ub784 \uba38\ub4dc \ubaa9\uc695\uc758 \ub180\ub77c\uc6b4 \ud6a8\ub2a5<span class=\"ez-toc-section-end\"><\/span><\/h2>\n<p>\ubbf8\ub124\ub784 \uba38\ub4dc \ubaa9\uc695\uc740 \ucd5c\uc18c 15~30\ubd84 \ub3d9\uc548 \ud574\uc57c \ud569\ub2c8\ub2e4. 5~10\ubd84\ub9cc \ubaa9\uc695\ud558\uba74 \ud6a8\uacfc\uac00 \ud06c\uc9c0 \uc54a\uc2b5\ub2c8\ub2e4.<\/p>\n<p>\uba38\ub4dc \ubaa9\uc695\uc744 \ud560 \ub54c\ub294 \ubab8 \uc804\uccb4\ub97c \ubd80\ub4dc\ub7fd\uac8c \ub9c8\uc0ac\uc9c0\ud574\uc57c \ud569\ub2c8\ub2e4. \ub9c8\uc0ac\uc9c0\ub294 \ubbf8\ub124\ub784 \uba38\ub4dc\uc758 \uc601\uc591\ubd84\uc774 \ud53c\ubd80 \uae4a\uc219\uc774 \ud761\uc218\ub418\ub3c4\ub85d \ub3c4\uc640\uc90d\ub2c8\ub2e4.<\/p>\n<p>\ubbf8\ub124\ub784 \uba38\ub4dc\ub294 \ub192\uc740 \ubb3c\ub9ac\ud654\ud559\uc801 \ud2b9\uc131\uc744 \uac00\uc9c0\uace0 \uc788\uc73c\uba70, \uc0b4\uade0 \ud6a8\uacfc\ub3c4 \ub6f0\uc5b4\ub0a9\ub2c8\ub2e4. \ubbf8\ub124\ub784 \uba38\ub4dc\uc5d0 \ubab8\uc744 \ub2f4\uadf8\uba74 \ud53c\ubd80 \uc138\ud3ec \uc7ac\uc0dd\uc5d0 \ub3c4\uc6c0\uc774 \ub418\uace0, \ub3c5\uc18c \ubc30\ucd9c\uc774 \ucd09\uc9c4\ub418\uc5b4 \ud53c\ubd80\uac00 \ud6e8\uc52c \ub354 \ud0c4\ud0c4\ud574\uc9d1\ub2c8\ub2e4.<\/p>\n<p>\uc9c4\ud759\ubaa9\uc695\uc744 \ud55c \ud6c4\uc5d0\ub294 \ubb3c\ub85c \ud5f9\uad88\uc57c \ud569\ub2c8\ub2e4.<\/p>\n<p>\ub610\ud55c \ucc38\uc870\ud558\uc138\uc694: <strong><a href=\"https:\/\/tourdaonhatrang.com\/ko\/tam-bun-hon-tam-nha-trang-tron-goi\/\">\ud63c \ud0d0 \uba38\ub4dc \ubc30\uc2a4 \ub098\ud2b8\ub791 \ud328\ud0a4\uc9c0<\/a><\/strong><\/p>","protected":false},"excerpt":{"rendered":"<p><span style=\"text-decoration: underline; color: #ff0000; font-size: 120%;\"><strong>\ud328\ud0a4\uc9c0 6<\/strong><\/span> <img loading=\"lazy\" decoding=\"async\" class=\"alignnone wp-image-39871\" src=\"https:\/\/tourdaonhatrang.com\/wp-content\/uploads\/2023\/01\/khuyen-mai-ngay.png\" alt=\"\" width=\"88\" height=\"88\" srcset=\"https:\/\/tourdaonhatrang.com\/wp-content\/uploads\/2023\/01\/khuyen-mai-ngay.png 530w, https:\/\/tourdaonhatrang.com\/wp-content\/uploads\/2023\/01\/khuyen-mai-ngay-300x300.png 300w, https:\/\/tourdaonhatrang.com\/wp-content\/uploads\/2023\/01\/khuyen-mai-ngay-150x150.png 150w, https:\/\/tourdaonhatrang.com\/wp-content\/uploads\/2023\/01\/khuyen-mai-ngay-12x12.png 12w, https:\/\/tourdaonhatrang.com\/wp-content\/uploads\/2023\/01\/khuyen-mai-ngay-400x400.png 400w, https:\/\/tourdaonhatrang.com\/wp-content\/uploads\/2023\/01\/khuyen-mai-ngay-100x100.png 100w\" sizes=\"auto, (max-width: 88px) 100vw, 88px\" \/><\/p>\n<p><img loading=\"lazy\" decoding=\"async\" class=\"size-full wp-image-39900\" src=\"https:\/\/tourdaonhatrang.com\/wp-content\/uploads\/2024\/03\/phieu-khuyen-mai-thanh-toan-ngay-1.png\" alt=\"\u01afu \u0111\u00e3i thanh to\u00e1n ngay\" width=\"840\" height=\"360\" srcset=\"https:\/\/tourdaonhatrang.com\/wp-content\/uploads\/2024\/03\/phieu-khuyen-mai-thanh-toan-ngay-1.png 840w, https:\/\/tourdaonhatrang.com\/wp-content\/uploads\/2024\/03\/phieu-khuyen-mai-thanh-toan-ngay-1-300x129.png 300w, https:\/\/tourdaonhatrang.com\/wp-content\/uploads\/2024\/03\/phieu-khuyen-mai-thanh-toan-ngay-1-768x329.png 768w, https:\/\/tourdaonhatrang.com\/wp-content\/uploads\/2024\/03\/phieu-khuyen-mai-thanh-toan-ngay-1-18x8.png 18w, https:\/\/tourdaonhatrang.com\/wp-content\/uploads\/2024\/03\/phieu-khuyen-mai-thanh-toan-ngay-1-400x171.png 400w, https:\/\/tourdaonhatrang.com\/wp-content\/uploads\/2024\/03\/phieu-khuyen-mai-thanh-toan-ngay-1-600x257.png 600w\" sizes=\"auto, (max-width: 840px) 100vw, 840px\" \/><\/p>\n<h3><span style=\"color: #0000ff;\">\uc131\uc778: 540,000 VND<\/span><\/h3>\n<h3><span style=\"color: #0000ff;\">\ub178\uc778\/\uc5b4\ub9b0\uc774: 430,000 VND<\/span><\/h3>\n<ul>\n<li>\ud63c\ud0d0 \ud56d\uad6c \ucd9c\ubc1c<\/li>\n<li>\uc591\ubc29\ud5a5 \uc154\ud2c0 \uce74\ub204<\/li>\n<li>A \uc9c0\uc5ed \uc11c\ube44\uc2a4 <span style=\"color: #ff0000;\">(t\u1eb7ng khu B b\u00e3i bi\u1ec3n)<\/span><\/li>\n<li>\ub728\uac70\uc6b4 \ubbf8\ub124\ub784 \uba38\ub4dc \ubaa9\uc695\uc744 \uacbd\ud5d8\ud574\ubcf4\uc138\uc694<\/li>\n<li>\ubbf8\ub124\ub784 \uc695\uc870 &amp; \uc778\ud53c\ub2c8\ud2f0 \ud480<\/li>\n<li>\ud734\uc77c \ucd94\uac00 \uc694\uae08 15%<\/li>\n<li>\ud56b\ub77c\uc778: <a href=\"tel:0849256256\">0849 256 256<\/a><\/li>\n<li><span style=\"color: #0000ff;\">\uacb0\uc81c \ud504\ub85c\ubaa8\uc158 5%<\/span><\/li>\n<\/ul>\n<div class=\"hJDwNd-AhqUyc-qWD73c purZT-AhqUyc-II5mzb pSzOP-AhqUyc-qWD73c JNdkSc\">\n<div class=\"JNdkSc-SmKAyb\">\n<div class=\"\">\n<div class=\"oKdM2c Kzv0Me\">\n<div class=\"hJDwNd-AhqUyc-qWD73c purZT-AhqUyc-II5mzb pSzOP-AhqUyc-qWD73c JNdkSc\">\n<div class=\"JNdkSc-SmKAyb\">\n<div class=\"\">\n<div class=\"oKdM2c Kzv0Me\">\n<div id=\"h.f128f2fe5256b73_1433\" class=\"hJDwNd-AhqUyc-qWD73c jXK9ad D2fZ2 OjCsFc wHaque GNzUNc\">\n<div class=\"jXK9ad-SmKAyb\">\n<div class=\"tyJCtd mGzaTb baZpAe\">\n<div class=\"row row-small mua-ngay-button\">\n<div class=\"cot1 medium-6 small-12 large-6\">\n<div class=\"col-inner\"><a class=\"button primary is-large lowercase expand\" style=\"border-radius: 3px;\" href=\"https:\/\/tourdaonhatrang.com\/ko\/%eb%95%80-%eb%b6%84-%ed%98%bc-%eb%95%80-%eb%82%98%ed%8a%b8%eb%9e%91-%ea%b3%a0%ec%9d%b4-03\/\">\uc790\uc138\ud55c \ub0b4\uc6a9\uc744 \ud655\uc778\ud558\uc138\uc694<\/a><\/div>\n<\/div>\n<div class=\"cot2 medium-6 small-12 large-6\">\n<div class=\"col-inner\"><a class=\"button success is-large lowercase expand\" style=\"border-radius: 3px;\" href=\"https:\/\/hontamnhatrang.com\/tour-hon-tam\/dat-ve-tour-hon-tam-tam-bun-khu-a\/\" target=\"_self\" rel=\"noopener\"><span style=\"vertical-align: inherit;\">\ud83d\uded2 \ud2f0\ucf13\uc744 \ube60\ub974\uac8c \uc608\ub9e4\ud558\uc138\uc694<\/span><\/a><\/div>\n<\/div>\n<\/div>\n<\/div>\n<\/div>\n<\/div>\n<\/div>\n<\/div>\n<\/div>\n<\/div>\n<\/div>\n<\/div>\n<\/div>\n<\/div>","protected":false},"featured_media":36462,"comment_status":"closed","ping_status":"closed","template":"","meta":[],"product_brand":[],"product_cat":[50,35,666,65],"product_tag":[721,690,681,722,723,724,675,725,587,687,53,726,679,727,728,673],"class_list":{"0":"post-17496","1":"product","2":"type-product","3":"status-publish","4":"has-post-thumbnail","6":"product_cat-tam-bun-hon-tam","7":"product_cat-tour-cac-dao-nha-trang","8":"product_cat-tour-hon-tam-nha-trang","9":"product_cat-ve-hon-tam-nha-trang","10":"product_tag-du-lich-hon-tam-tron-goi","11":"product_tag-du-lich-hon-tam-tu-tuc","12":"product_tag-gia-ve-hon-tam-nha-trang","13":"product_tag-hon-tam-nha-trang","14":"product_tag-mua-ve-hon-tam-o-dau","15":"product_tag-review-hon-tam-nha-trang","16":"product_tag-review-tam-bun-hon-tam","17":"product_tag-tam-bun-hon-tam","18":"product_tag-tam-bun-hon-tam-tron-goi","19":"product_tag-tour-1-dao-nha-trang","20":"product_tag-tour-dao-nha-trang","21":"product_tag-tour-dao-nha-trang-1-ngay","22":"product_tag-tour-hon-tam-tron-goi","23":"product_tag-ve-cano-di-hon-tam","24":"product_tag-ve-hon-tam","25":"product_tag-ve-hon-tam-nha-trang","27":"first","28":"instock","29":"shipping-taxable","30":"product-type-simple"},"_links":{"self":[{"href":"https:\/\/tourdaonhatrang.com\/ko\/wp-json\/wp\/v2\/product\/17496","targetHints":{"allow":["GET"]}}],"collection":[{"href":"https:\/\/tourdaonhatrang.com\/ko\/wp-json\/wp\/v2\/product"}],"about":[{"href":"https:\/\/tourdaonhatrang.com\/ko\/wp-json\/wp\/v2\/types\/product"}],"replies":[{"embeddable":true,"href":"https:\/\/tourdaonhatrang.com\/ko\/wp-json\/wp\/v2\/comments?post=17496"}],"wp:featuredmedia":[{"embeddable":true,"href":"https:\/\/tourdaonhatrang.com\/ko\/wp-json\/wp\/v2\/media\/36462"}],"wp:attachment":[{"href":"https:\/\/tourdaonhatrang.com\/ko\/wp-json\/wp\/v2\/media?parent=17496"}],"wp:term":[{"taxonomy":"product_brand","embeddable":true,"href":"https:\/\/tourdaonhatrang.com\/ko\/wp-json\/wp\/v2\/product_brand?post=17496"},{"taxonomy":"product_cat","embeddable":true,"href":"https:\/\/tourdaonhatrang.com\/ko\/wp-json\/wp\/v2\/product_cat?post=17496"},{"taxonomy":"product_tag","embeddable":true,"href":"https:\/\/tourdaonhatrang.com\/ko\/wp-json\/wp\/v2\/product_tag?post=17496"}],"curies":[{"name":"wp","href":"https:\/\/api.w.org\/{rel}","templated":true}]}}