{"id":33879,"date":"2024-03-11T10:30:10","date_gmt":"2024-03-11T03:30:10","guid":{"rendered":"https:\/\/tourdaonhatrang.com\/?post_type=product&#038;p=33879"},"modified":"2026-04-24T07:21:44","modified_gmt":"2026-04-24T00:21:44","slug":"%eb%82%98%ed%8a%b8%eb%9e%91-%ec%8a%a4%eb%85%b8%ed%81%b4%eb%a7%81-%ed%88%ac%ec%96%b4","status":"publish","type":"product","link":"https:\/\/tourdaonhatrang.com\/ko\/%eb%82%98%ed%8a%b8%eb%9e%91-%ec%8a%a4%eb%85%b8%ed%81%b4%eb%a7%81-%ed%88%ac%ec%96%b4\/","title":{"rendered":"\ub098\ud2b8\ub791 \uc2a4\ub178\ud074\ub9c1 \ud22c\uc5b4 (\ud22c\uc5b4 6)"},"content":{"rendered":"<div id=\"ez-toc-container\" class=\"ez-toc-v2_0_82_2 counter-hierarchy ez-toc-counter ez-toc-grey ez-toc-container-direction\">\n<div class=\"ez-toc-title-container\">\n<p class=\"ez-toc-title\" style=\"cursor:inherit\">\ucf58\ud150\uce20<\/p>\n<span class=\"ez-toc-title-toggle\"><a href=\"#\" class=\"ez-toc-pull-right ez-toc-btn ez-toc-btn-xs ez-toc-btn-default ez-toc-toggle\" aria-label=\"\ubaa9\ucc28 \ud1a0\uae00\"><span class=\"ez-toc-js-icon-con\"><span class=\"\"><span class=\"eztoc-hide\" style=\"display:none;\">\ube44\ub140\uc7a5<\/span><span class=\"ez-toc-icon-toggle-span\"><svg style=\"fill: #999;color:#999\" xmlns=\"http:\/\/www.w3.org\/2000\/svg\" class=\"list-377408\" width=\"20px\" height=\"20px\" viewbox=\"0 0 24 24\" fill=\"none\"><path d=\"M6 6H4v2h2V6zm14 0H8v2h12V6zM4 11h2v2H4v-2zm16 0H8v2h12v-2zM4 16h2v2H4v-2zm16 0H8v2h12v-2z\" fill=\"currentColor\"><\/path><\/svg><svg style=\"fill: #999;color:#999\" class=\"arrow-unsorted-368013\" xmlns=\"http:\/\/www.w3.org\/2000\/svg\" width=\"10px\" height=\"10px\" viewbox=\"0 0 24 24\" version=\"1.2\" baseprofile=\"tiny\"><path d=\"M18.2 9.3l-6.2-6.3-6.2 6.3c-.2.2-.3.4-.3.7s.1.5.3.7c.2.2.4.3.7.3h11c.3 0 .5-.1.7-.3.2-.2.3-.5.3-.7s-.1-.5-.3-.7zM5.8 14.7l6.2 6.3 6.2-6.3c.2-.2.3-.5.3-.7s-.1-.5-.3-.7c-.2-.2-.4-.3-.7-.3h-11c-.3 0-.5.1-.7.3-.2.2-.3.5-.3.7s.1.5.3.7z\"\/><\/svg><\/span><\/span><\/span><\/a><\/span><\/div>\n<nav><ul class='ez-toc-list ez-toc-list-level-1' ><li class='ez-toc-page-1 ez-toc-heading-level-1'><a class=\"ez-toc-link ez-toc-heading-1\" href=\"https:\/\/tourdaonhatrang.com\/ko\/%eb%82%98%ed%8a%b8%eb%9e%91-%ec%8a%a4%eb%85%b8%ed%81%b4%eb%a7%81-%ed%88%ac%ec%96%b4\/#Tour_Snorkeling_Nha_Trang\" >\ub098\ud2b8\ub791 \uc2a4\ub178\ud074\ub9c1 \ud22c\uc5b4<\/a><ul class='ez-toc-list-level-2' ><li class='ez-toc-heading-level-2'><a class=\"ez-toc-link ez-toc-heading-2\" href=\"https:\/\/tourdaonhatrang.com\/ko\/%eb%82%98%ed%8a%b8%eb%9e%91-%ec%8a%a4%eb%85%b8%ed%81%b4%eb%a7%81-%ed%88%ac%ec%96%b4\/#Lan_Snorkeling_Nha_Trang_ngam_san_ho_Hon_Mun\" >\ud63c\ubb38(Hon Mun)\uc5d0\uc11c \uc0b0\ud638\ub97c \ubcf4\uae30 \uc704\ud574 \ub098\ud2b8\ub791 \uc2a4\ub178\ud074\ub9c1<\/a><\/li><li class='ez-toc-page-1 ez-toc-heading-level-2'><a class=\"ez-toc-link ez-toc-heading-3\" href=\"https:\/\/tourdaonhatrang.com\/ko\/%eb%82%98%ed%8a%b8%eb%9e%91-%ec%8a%a4%eb%85%b8%ed%81%b4%eb%a7%81-%ed%88%ac%ec%96%b4\/#Dia_diem_to_chuc_tour_Snorkeling_Nha_Trang\" >\ub098\ud2b8\ub791 \uc2a4\ub178\ud074\ub9c1 \ud22c\uc5b4 \uc7a5\uc18c<\/a><\/li><li class='ez-toc-page-1 ez-toc-heading-level-2'><a class=\"ez-toc-link ez-toc-heading-4\" href=\"https:\/\/tourdaonhatrang.com\/ko\/%eb%82%98%ed%8a%b8%eb%9e%91-%ec%8a%a4%eb%85%b8%ed%81%b4%eb%a7%81-%ed%88%ac%ec%96%b4\/#Gia_tour_Snorkeling_Nha_Trang\" >\ub098\ud2b8\ub791 \uc2a4\ub178\ud074\ub9c1 \ud22c\uc5b4 \uac00\uaca9<\/a><\/li><li class='ez-toc-page-1 ez-toc-heading-level-2'><a class=\"ez-toc-link ez-toc-heading-5\" href=\"https:\/\/tourdaonhatrang.com\/ko\/%eb%82%98%ed%8a%b8%eb%9e%91-%ec%8a%a4%eb%85%b8%ed%81%b4%eb%a7%81-%ed%88%ac%ec%96%b4\/#Lich_trinh_tour_lan_Snorkleing_Nha_Trang\" >\ub098\ud2b8\ub791 \uc2a4\ub178\ud074\ub9c1 \ud22c\uc5b4 \uc77c\uc815<\/a><\/li><\/ul><\/li><\/ul><\/nav><\/div>\n<h1><span class=\"ez-toc-section\" id=\"Tour_Snorkeling_Nha_Trang\"><\/span>\ub098\ud2b8\ub791 \uc2a4\ub178\ud074\ub9c1 \ud22c\uc5b4<span class=\"ez-toc-section-end\"><\/span><\/h1>\n<p>\ub098\ud2b8\ub791\uc5d0\uc11c \uac00\uc7a5 \uc544\ub984\ub2e4\uc6b4 \ub2e4\uc774\ube59 \uba85\uc18c 3\uacf3\uacfc \ub2e4\uc591\ud55c \uc0b0\ud638\ucd08\uc640 \ud615\ud615\uc0c9\uc0c9\uc758 \ubb3c\uace0\uae30 \ub5bc\uac00 \uc788\ub294 \ud074\ub77c\uc6b4\ud53c\uc2dc \ucf00\uc774\ud504\uc5d0\uc11c \uc2a4\ub178\ud074\ub9c1 \ud22c\uc5b4\ub97c \uc990\uaca8\ubcf4\uc138\uc694. \ud22c\uc5b4\ub294 \ub9e4\uc77c \uc9c4\ud589\ub418\uba70, \ubbf8\ud305 \uc7a5\uc18c\uc5d0\uc11c \ud53d\uc5c5\ud558\uc5ec \ud478\uc9d0\ud55c \uc810\uc2ec, \uc74c\ub8cc, \uc2e0\uc120\ud55c \uacfc\uc77c\uc744 \uc81c\uacf5\ud569\ub2c8\ub2e4.<\/p>\n<div id=\"text-146997676\">\n<h2><span class=\"ez-toc-section\" id=\"Lan_Snorkeling_Nha_Trang_ngam_san_ho_Hon_Mun\"><\/span>\ud63c\ubb38(Hon Mun)\uc5d0\uc11c \uc0b0\ud638\ub97c \ubcf4\uae30 \uc704\ud574 \ub098\ud2b8\ub791 \uc2a4\ub178\ud074\ub9c1<span class=\"ez-toc-section-end\"><\/span><\/h2>\n<\/div>\n<div id=\"text-2612116221\">\n<p>\uc0b4\uba74\uc11c \ud55c \ubc88\ucbe4 \ubc14\ub2e4\ub97c \ud0d0\ud5d8\ud558\uae30 \uc704\ud574 \uc2a4\ucfe0\ubc84 \ub2e4\uc774\ube59\uc744 \uacbd\ud5d8\ud574 \ubcf4\uc168\ub098\uc694? \ub354 \uc774\uc0c1 \ub9dd\uc124\uc774\uc9c0 \ub9d0\uace0 \ud574\uc591 \uc0dd\ubb3c \ubcf4\ud638 \uad6c\uc5ed\uc778 \ud63c\ubb38(Hon Mun)\uc5d0 \ubc29\ubb38\ud558\uc5ec \ubc14\ub85c \uacbd\ud5d8\ud574 \ubcf4\uc138\uc694! \uc218\uc601\uc744 \ubabb\ud558\ub354\ub77c\ub3c4 \uac71\uc815 \ub9c8\uc138\uc694. \uad6c\uba85\uc870\ub07c, \uace0\uae00, \uc2a4\ub178\ud074\ub9cc \ucc29\uc6a9\ud558\uba74 \uc790\uc720\ub86d\uac8c \ub2e4\uc774\ube59\ud560 \uc218 \uc788\uc2b5\ub2c8\ub2e4!<\/p>\n<figure style=\"width: 750px\" class=\"wp-caption alignnone\"><img loading=\"lazy\" decoding=\"async\" src=\"https:\/\/tourdaonhatrang.com\/wp-content\/uploads\/2023\/09\/tour-snorkeling-nha-trang-05.jpeg\" alt=\"\ub098\ud2b8\ub791 \uc2a4\ub178\ud074\ub9c1 \ud22c\uc5b4\" width=\"750\" height=\"500\" title=\"\"><figcaption class=\"wp-caption-text\">\ud63c\ubb38\uc5d0\uc11c \uc2a4\ub178\ud074\ub9c1<\/figcaption><\/figure>\n<p><strong>\ub354 \ubcf4\uae30 &gt;&gt;&gt; <a href=\"https:\/\/hontamnhatrang.com\/tour-hon-tam-tron-goi\/\" rel=\"noopener\">\ud63c\ud0d0 1\uc77c \ud328\ud0a4\uc9c0 \ud22c\uc5b4<\/a><\/strong><\/p>\n<h2><span class=\"ez-toc-section\" id=\"Dia_diem_to_chuc_tour_Snorkeling_Nha_Trang\"><\/span>\ub098\ud2b8\ub791 \uc2a4\ub178\ud074\ub9c1 \ud22c\uc5b4 \uc7a5\uc18c<span class=\"ez-toc-section-end\"><\/span><\/h2>\n<p>\uac00\ub77c\uace0 \ud588\ub2e4\u00a0<a href=\"https:\/\/tourdaonhatrang.com\/ko\/tour-lan-bien-nha-trang-ngam-san-ho-review\/\" rel=\"noopener\">\ub098\ud2b8\ub791\uc5d0\uc11c \ub2e4\uc774\ube59<\/a>\u00a0\ub2e4\uc774\ube59 \uc7a5\uc18c\ub294 \ud63c\ubb38 \uc12c\uc774\uc5b4\uc57c \ud558\uba70 \ub2e4\ub978 \uacf3\uc740 \uc544\ub2d9\ub2c8\ub2e4. \uc774\uacf3\uc740 \ubca0\ud2b8\ub0a8\uc758 \uc0b0\ud638 \ubcf4\ud638 \uad6c\uc5ed\uc73c\ub85c, \uc804 \uc138\uacc4\uc801\uc73c\ub85c \ud76c\uadc0\ud55c \uc885\uc744 \ud3ec\ud568\ud558\uc5ec \uc57d 800\uc885\uc758 \uc0b0\ud638\uac00 \uc11c\uc2dd\ud558\uace0 \uc788\uc2b5\ub2c8\ub2e4. \ud63c\ubb38 \uc12c \uc678\uc5d0\ub3c4 \ud63c\ubaa8\ud2b8, \ubc14\uc774\uafb8\uc774, \ubc14\uc774\ub450\uc544 \ub4f1 \ub2e4\ub978 \uc7a5\uc18c\ub3c4 \uc788\uc2b5\ub2c8\ub2e4.,\u00a0<a href=\"https:\/\/tourdao.vn\/du-lich-hon-tam-nha-trang\/\" rel=\"noopener\">\ud63c\ud0d0 \ub098\ud2b8\ub791.<\/a><\/p>\n<p><strong>\ub354 \ubcf4\uae30 &gt;&gt;&gt; <a href=\"https:\/\/tourdao.vn\/so-sanh-3-hoat-dong-lan-ngam-san-ho-nha-trang-noi-bat\/\" rel=\"noopener\">\ub098\ud2b8\ub791\uc758 \ub6f0\uc5b4\ub09c \uc0b0\ud638 \ub2e4\uc774\ube59 \uc561\ud2f0\ube44\ud2f0 3\uac00\uc9c0\ub97c \ube44\uad50\ud574\ubcf4\uc138\uc694<\/a><\/strong><\/p>\n<h2><span class=\"ez-toc-section\" id=\"Gia_tour_Snorkeling_Nha_Trang\"><\/span><span id=\"Gia_tour_Snorkeling_Nha_Trang\"><\/span>\ub098\ud2b8\ub791 \uc2a4\ub178\ud074\ub9c1 \ud22c\uc5b4 \uac00\uaca9<span class=\"ez-toc-section-end\"><\/span><\/h2>\n<p>\uc0ac\uc804\uc5d0 \ud22c\uc5b4\ub97c \uc608\uc57d\ud55c \uace0\uac1d\uc740 \uaddc\uc815\uc5d0 \ub530\ub77c \ub098\ud2b8\ub791 \ud56d\ub9cc \ub2f9\uad6d\uc5d0 \uc758\ubb34\uc801\uc73c\ub85c \uc2e0\uace0\ud574\uc57c \ud558\ub294 \uc0ac\ud56d\uc744 \ud3ec\ud568\ud558\uc5ec \uac01 \uc0ac\ub78c\uc758 \uc131\uba85\uacfc \uc0dd\ub144\uc6d4\uc77c\uc744 \ud3ec\ud568\ud55c \uace0\uac1d \uc815\ubcf4\ub97c \uc81c\uacf5\ud574\uc57c \ud569\ub2c8\ub2e4.<\/p>\n<ul>\n<li><span style=\"color: #ed1c24;\"><strong>\uc131\uc778: 550,000 VND\/\uc778<\/strong><\/span><\/li>\n<li><span style=\"color: #ed1c24;\"><strong>\uc5b4\ub9b0\uc774: 385,000 VND\/\uc778 (1\uac1c\uc6d4 ~ 1m30)<\/strong><\/span><\/li>\n<\/ul>\n<p>\uac00\uaca9\uc5d0\ub294 \ub2e4\uc74c\uc774 \ud3ec\ud568\ub429\ub2c8\ub2e4:<\/p>\n<ul>\n<li>\uad50\ud1b5\ube44, \ud22c\uc5b4 \uac00\uc774\ub4dc<\/li>\n<li>\ub2e4\uc774\ube59 \uc7a5\uc18c \uc785\uc7a5\uad8c<\/li>\n<li>\ub2e4\uc774\ube59 \uace0\uae00, \uc2a4\ub178\ud074<\/li>\n<li>\ub098\ubb34 \ubcf4\ud2b8\uc5d0\uc11c\uc758 \uc810\uc2ec \uc2dd\uc0ac<\/li>\n<li>\uc2a4\ub178\ud074\ub9c1<\/li>\n<li>\uc5ec\ud589 \ubcf4\ud5d8<\/li>\n<\/ul>\n<p>\uac00\uaca9\uc5d0 \ud3ec\ud568\ub418\uc9c0 \uc54a\uc740 \uc0ac\ud56d:<\/p>\n<ul>\n<li>\uc790\uae30 \uc790\uae08\uc73c\ub85c \uc9c0\ucd9c\ud55c \ube44\uc6a9<\/li>\n<li>\uc2a4\ucfe0\ubc84 \ub2e4\uc774\ube59, \ud328\ub7ec\uc138\uc77c\ub9c1, \uc81c\ud2b8 \uc2a4\ud0a4 \ubc0f \uae30\ud0c0 \uac8c\uc784.<\/li>\n<\/ul>\n<h2><span class=\"ez-toc-section\" id=\"Lich_trinh_tour_lan_Snorkleing_Nha_Trang\"><\/span>\ub098\ud2b8\ub791 \uc2a4\ub178\ud074\ub9c1 \ud22c\uc5b4 \uc77c\uc815<span class=\"ez-toc-section-end\"><\/span><\/h2>\n<p><strong>08:00 \u2013 09:00:<\/strong><\/p>\n<p>\uc9d1, \ud638\ud154 \ub610\ub294 \ub3c4\uc2ec\uc758 \uc5b4\ub290 \uc9c0\uc810\uc5d0\uc11c\ub4e0 \ud53d\uc5c5 \uac00\ub2a5 <a href=\"https:\/\/tourdaonhatrang.com\/ko\/%eb%82%98%ed%8a%b8%eb%9e%91-%ea%b4%80%ea%b4%91%ec%84%a0\/\">\ub098\ud2b8\ub791 \uad00\uad11 \ubd80\ub450<\/a> (388 \ubcf4\ud2f0\uc0ac\uc6b0).<\/p>\n<p><strong>09:00 \u2013 10:00:<\/strong><\/p>\n<p>\ud22c\uc5b4 \uac00\uc774\ub4dc\uac00 \ubcf4\ud2b8\uc5d0\uc11c \ud53d\uc5c5\ud558\uc5ec \uccab \ubc88\uc9f8 \ub2e4\uc774\ube59 \uc7a5\uc18c\uc778 \ud074\ub77c\uc6b4\ud53c\uc2dc \ucf00\uc774\ud504\ub85c \uc774\ub3d9\ud569\ub2c8\ub2e4. \uc774\uacf3\uc5d0\uc11c \uc218\uc601\uacfc \uace0\uae00, \uc2a4\ub178\ud074\ub9c1(\ud22c\uc5b4\uc5d0 \ud3ec\ud568)\uc744 \uc990\uae30\uc2e4 \uc218 \uc788\uc2b5\ub2c8\ub2e4.<\/p>\n<figure style=\"width: 750px\" class=\"wp-caption alignnone\"><img loading=\"lazy\" decoding=\"async\" src=\"https:\/\/tourdaonhatrang.com\/wp-content\/uploads\/2023\/09\/tour-snorkeling-nha-trang-03.jpeg\" alt=\"\ub098\ud2b8\ub791 \uc2a4\ub178\ud074\ub9c1 \ud22c\uc5b4\" width=\"750\" height=\"500\" title=\"\"><figcaption class=\"wp-caption-text\">\ud63c\ubb38\uc12c\uc5d0\uc11c \uc2a4\ub178\ud074\ub9c1<\/figcaption><\/figure>\n<div id=\"image_216663565\">\n<div>\n<p><strong>\uc624\uc804 10\uc2dc \u2013 \uc624\ud6c4 12\uc2dc<\/strong><\/p>\n<p>\ubca0\ud2b8\ub0a8\uc758 \uc911\uc694\ud55c \ud574\uc591 \ubcf4\ud638 \uad6c\uc5ed\uc778 \ud63c\ubb38 \ub098\ud2b8\ub791\uc5d0 \uc624\uc138\uc694. \ub9d1\uace0 \ud478\ub978 \ubc14\ub2f7\ubb3c\uacfc \ub2e4\uc591\ud55c \ubb3c\uace0\uae30\uc640 \uc0b0\ud638\ucd08\uac00 \uc788\ub294 \uacf3\uc785\ub2c8\ub2e4. \uc774\uacf3\uc5d0\uc11c\ub294 \ub204\uad6c\ub098 \uc790\uc720\ub86d\uac8c \uc218\uc601\ud558\uace0, \ubc14\ub2f7\ubb3c\uc5d0\uc11c \uc218\uc601\ud558\uace0, \uc0ac\uc9c4\uc744 \ucc0d\uc744 \uc218 \uc788\uc2b5\ub2c8\ub2e4.<\/p>\n<div id=\"image_2130916070\">\n<p><strong>12:00 \u2013 14:00<\/strong><\/p>\n<p>\ud63c\ubabb\uc73c\ub85c \uac00\ub294 \uae38\uc5d0 \uc810\uc2ec\uc744 \ub4dc\uc138\uc694. \ub098\ubb34 \ubcf4\ud2b8\uc5d0\uc11c \uc810\uc2ec\uc744 \uba39\uace0, \uc81c\ucca0 \uacfc\uc77c\uc744 \ub9db\ubcf4\uba70 \ud734\uc2dd\uc744 \ucde8\ud558\uc2e4 \uc218 \uc788\uc2b5\ub2c8\ub2e4. \uc544\ub2c8\uba74 \ud574\ubcc0 \uac8c\uc784\uc774\ub098 \uc218\uc601 \ub4f1\uc5d0 \ucc38\uc5ec\ud558\uc2e4 \uc218\ub3c4 \uc788\uc2b5\ub2c8\ub2e4.<\/p>\n<p><strong>14:00 &#8211; 14:30<\/strong><\/p>\n<p>\ub098\ubb34 \ubcf4\ud2b8\uc640 \ud22c\uc5b4 \uac00\uc774\ub4dc\uac00 \ub098\ud2b8\ub791 \uad00\uad11 \ubd80\ub450\ub85c \ubaa8\uc154\ub2e4 \ub4dc\ub9bd\ub2c8\ub2e4. \uad00\uad11 \ucc28\ub7c9\uc774 \ud53d\uc5c5\ud558\uc5ec \ubbf8\ud305 \uc7a5\uc18c\ub85c \ubaa8\uc154\ub2e4 \ub4dc\ub9bd\ub2c8\ub2e4. \uc544\ub984\ub2e4\uc6b4 \uc138 \uac1c\uc758 \uc12c\uc744 \ud0d0\ud5d8\ud558\ub294 \ub098\ud2b8\ub791 \uc2a4\ub178\ud074\ub9c1 \ud22c\uc5b4\uc758 \ub9c8\uc9c0\ub9c9!<\/p>\n<p><strong>\ub354 \ubcf4\uae30 &gt;&gt;&gt; <a href=\"https:\/\/tourdaonhatrang.com\/ko\/%eb%82%98%ed%8a%b8%eb%9e%91-%ed%88%ac%ec%96%b4\/\">\ub098\ud2b8\ub791 \uc12c \ud22c\uc5b4<\/a><\/strong><\/p>\n<\/div>\n<\/div>\n<\/div>\n<\/div>","protected":false},"excerpt":{"rendered":"<p><span style=\"font-size: 120%; color: #ff0000;\"><strong><span style=\"text-decoration: underline;\">\ud22c\uc5b4 6<\/span><\/strong><\/span><\/p>\n<p><img loading=\"lazy\" decoding=\"async\" class=\"alignnone wp-image-39900\" src=\"https:\/\/tourdaonhatrang.com\/wp-content\/uploads\/2024\/03\/phieu-khuyen-mai-thanh-toan-ngay-1.png\" alt=\"\u01afu \u0111\u00e3i thanh to\u00e1n ngay\" width=\"550\" height=\"236\" srcset=\"https:\/\/tourdaonhatrang.com\/wp-content\/uploads\/2024\/03\/phieu-khuyen-mai-thanh-toan-ngay-1.png 840w, https:\/\/tourdaonhatrang.com\/wp-content\/uploads\/2024\/03\/phieu-khuyen-mai-thanh-toan-ngay-1-300x129.png 300w, https:\/\/tourdaonhatrang.com\/wp-content\/uploads\/2024\/03\/phieu-khuyen-mai-thanh-toan-ngay-1-768x329.png 768w, https:\/\/tourdaonhatrang.com\/wp-content\/uploads\/2024\/03\/phieu-khuyen-mai-thanh-toan-ngay-1-18x8.png 18w, https:\/\/tourdaonhatrang.com\/wp-content\/uploads\/2024\/03\/phieu-khuyen-mai-thanh-toan-ngay-1-400x171.png 400w, https:\/\/tourdaonhatrang.com\/wp-content\/uploads\/2024\/03\/phieu-khuyen-mai-thanh-toan-ngay-1-600x257.png 600w\" sizes=\"auto, (max-width: 550px) 100vw, 550px\" \/><\/p>\n<h3 class=\"product-title product_title entry-title\"><span style=\"color: #0000ff; font-size: 100%;\">\uc131\uc778: 550,000 VND - \uc5b4\ub9b0\uc774: 385,000 VND<\/span><\/h3>\n<ul>\n<li>\uadf8\ub8f9 \ubaa9\uc870 \ubcf4\ud2b8 \ud22c\uc5b4<\/li>\n<li>\uc2dc\ub0b4 \ubbf8\ud305 \uc7a5\uc18c\uc5d0\uc11c \ud53d\uc5c5<\/li>\n<li>CLOWN CAPE\uc5d0\uc11c \uc2a4\ub178\ud074\ub9c1 \u2013 HON MUN \u2013 HON MOT<\/li>\n<li>\ucd5c\ub300 \uadf8\ub8f9 \uaddc\ubaa8: 25\uba85<\/li>\n<li>\ud22c\uc5b4\uc5d0\ub294 \uc120\uc0c1\uc5d0\uc11c\uc758 \uc810\uc2ec \uc2dd\uc0ac\uac00 \ud3ec\ud568\ub429\ub2c8\ub2e4.<\/li>\n<li>\uc5ec\ud589 \ub0b4\ub0b4 \uc9c0\uc6d0<\/li>\n<li>\ud56b\ub77c\uc778: <a href=\"tel:0849256256\">0849 256 256<\/a><\/li>\n<li><span style=\"color: #0000ff;\">\uacb0\uc81c \ud504\ub85c\ubaa8\uc158 5%<\/span><\/li>\n<\/ul>\n<div class=\"hJDwNd-AhqUyc-qWD73c purZT-AhqUyc-II5mzb pSzOP-AhqUyc-qWD73c JNdkSc\">\n<div class=\"JNdkSc-SmKAyb\">\n<div class=\"\">\n<div class=\"oKdM2c Kzv0Me\">\n<div class=\"hJDwNd-AhqUyc-qWD73c purZT-AhqUyc-II5mzb pSzOP-AhqUyc-qWD73c JNdkSc\">\n<div class=\"JNdkSc-SmKAyb\">\n<div class=\"\">\n<div class=\"oKdM2c Kzv0Me\">\n<div id=\"h.f128f2fe5256b73_1433\" class=\"hJDwNd-AhqUyc-qWD73c jXK9ad D2fZ2 OjCsFc wHaque GNzUNc\">\n<div class=\"jXK9ad-SmKAyb\">\n<div class=\"tyJCtd mGzaTb baZpAe\">\n<div class=\"row row-small mua-ngay-button\">\n<div class=\"cot1 medium-6 small-12 large-6\">\n<div class=\"col-inner\"><a class=\"button primary is-large lowercase expand\" style=\"border-radius: 3px;\" href=\"https:\/\/tourdaonhatrang.com\/ko\/%eb%82%98%ed%8a%b8%eb%9e%91-%ec%8a%a4%eb%85%b8%ed%81%b4%eb%a7%81-%ed%88%ac%ec%96%b4\/\">\uc790\uc138\ud55c \ub0b4\uc6a9\uc744 \ud655\uc778\ud558\uc138\uc694<br \/>\n<\/a><\/div>\n<\/div>\n<div class=\"cot2 medium-6 small-12 large-6\">\n<div class=\"col-inner\"><a class=\"button success is-large lowercase expand\" style=\"border-radius: 3px;\" href=\"https:\/\/tourdaonhatrang.com\/ko\/%ec%b9%bc-%ed%88%ac%ec%96%b4\/dat-ve-tour-snorkeling-nha-trang\/\" target=\"_self\" rel=\"noopener\"><span style=\"vertical-align: inherit;\">\ud83d\uded2 \ud2f0\ucf13\uc744 \ube60\ub974\uac8c \uc608\ub9e4\ud558\uc138\uc694<\/span><\/a><\/div>\n<\/div>\n<\/div>\n<\/div>\n<\/div>\n<\/div>\n<\/div>\n<\/div>\n<\/div>\n<\/div>\n<\/div>\n<\/div>\n<\/div>\n<\/div>","protected":false},"featured_media":35206,"comment_status":"open","ping_status":"closed","template":"","meta":[],"product_brand":[],"product_cat":[35,668,667],"product_tag":[730,53,702,716],"class_list":{"0":"post-33879","1":"product","2":"type-product","3":"status-publish","4":"has-post-thumbnail","6":"product_cat-tour-cac-dao-nha-trang","7":"product_cat-tour-hon-mun-nha-trang","8":"product_cat-tour-lan-bien-nha-trang","9":"product_tag-cang-du-lich-nha-trang","10":"product_tag-tour-dao-nha-trang","11":"product_tag-tour-lan-bien-nha-trang","12":"product_tag-tour-lan-snorkeling-nha-trang","14":"first","15":"instock","16":"shipping-taxable","17":"product-type-simple"},"_links":{"self":[{"href":"https:\/\/tourdaonhatrang.com\/ko\/wp-json\/wp\/v2\/product\/33879","targetHints":{"allow":["GET"]}}],"collection":[{"href":"https:\/\/tourdaonhatrang.com\/ko\/wp-json\/wp\/v2\/product"}],"about":[{"href":"https:\/\/tourdaonhatrang.com\/ko\/wp-json\/wp\/v2\/types\/product"}],"replies":[{"embeddable":true,"href":"https:\/\/tourdaonhatrang.com\/ko\/wp-json\/wp\/v2\/comments?post=33879"}],"wp:featuredmedia":[{"embeddable":true,"href":"https:\/\/tourdaonhatrang.com\/ko\/wp-json\/wp\/v2\/media\/35206"}],"wp:attachment":[{"href":"https:\/\/tourdaonhatrang.com\/ko\/wp-json\/wp\/v2\/media?parent=33879"}],"wp:term":[{"taxonomy":"product_brand","embeddable":true,"href":"https:\/\/tourdaonhatrang.com\/ko\/wp-json\/wp\/v2\/product_brand?post=33879"},{"taxonomy":"product_cat","embeddable":true,"href":"https:\/\/tourdaonhatrang.com\/ko\/wp-json\/wp\/v2\/product_cat?post=33879"},{"taxonomy":"product_tag","embeddable":true,"href":"https:\/\/tourdaonhatrang.com\/ko\/wp-json\/wp\/v2\/product_tag?post=33879"}],"curies":[{"name":"wp","href":"https:\/\/api.w.org\/{rel}","templated":true}]}}