{"id":33894,"date":"2023-03-28T14:27:18","date_gmt":"2023-03-28T07:27:18","guid":{"rendered":"https:\/\/tourdaonhatrang.com\/?post_type=product&#038;p=33894"},"modified":"2026-03-14T06:54:25","modified_gmt":"2026-03-13T23:54:25","slug":"tour-hon-tam-sea-mud-03","status":"publish","type":"product","link":"https:\/\/tourdaonhatrang.com\/ko\/tour-hon-tam-sea-mud-03\/","title":{"rendered":"\ud63c\ud0d0 \ub098\ud2b8\ub791 \ud2f0\ucf13 \uac00\uaca9 \u2013 \ud63c\ud0d0 \ubc18\ub098\uc808 \ud22c\uc5b4 (\ud328\ud0a4\uc9c0 4)"},"content":{"rendered":"<div id=\"ez-toc-container\" class=\"ez-toc-v2_0_82_2 counter-hierarchy ez-toc-counter ez-toc-grey ez-toc-container-direction\">\n<div class=\"ez-toc-title-container\">\n<p class=\"ez-toc-title\" style=\"cursor:inherit\">\ucf58\ud150\uce20<\/p>\n<span class=\"ez-toc-title-toggle\"><a href=\"#\" class=\"ez-toc-pull-right ez-toc-btn ez-toc-btn-xs ez-toc-btn-default ez-toc-toggle\" aria-label=\"\ubaa9\ucc28 \ud1a0\uae00\"><span class=\"ez-toc-js-icon-con\"><span class=\"\"><span class=\"eztoc-hide\" style=\"display:none;\">\ube44\ub140\uc7a5<\/span><span class=\"ez-toc-icon-toggle-span\"><svg style=\"fill: #999;color:#999\" xmlns=\"http:\/\/www.w3.org\/2000\/svg\" class=\"list-377408\" width=\"20px\" height=\"20px\" viewbox=\"0 0 24 24\" fill=\"none\"><path d=\"M6 6H4v2h2V6zm14 0H8v2h12V6zM4 11h2v2H4v-2zm16 0H8v2h12v-2zM4 16h2v2H4v-2zm16 0H8v2h12v-2z\" fill=\"currentColor\"><\/path><\/svg><svg style=\"fill: #999;color:#999\" class=\"arrow-unsorted-368013\" xmlns=\"http:\/\/www.w3.org\/2000\/svg\" width=\"10px\" height=\"10px\" viewbox=\"0 0 24 24\" version=\"1.2\" baseprofile=\"tiny\"><path d=\"M18.2 9.3l-6.2-6.3-6.2 6.3c-.2.2-.3.4-.3.7s.1.5.3.7c.2.2.4.3.7.3h11c.3 0 .5-.1.7-.3.2-.2.3-.5.3-.7s-.1-.5-.3-.7zM5.8 14.7l6.2 6.3 6.2-6.3c.2-.2.3-.5.3-.7s-.1-.5-.3-.7c-.2-.2-.4-.3-.7-.3h-11c-.3 0-.5.1-.7.3-.2.2-.3.5-.3.7s.1.5.3.7z\"\/><\/svg><\/span><\/span><\/span><\/a><\/span><\/div>\n<nav><ul class='ez-toc-list ez-toc-list-level-1' ><li class='ez-toc-page-1 ez-toc-heading-level-1'><a class=\"ez-toc-link ez-toc-heading-1\" href=\"https:\/\/tourdaonhatrang.com\/ko\/tour-hon-tam-sea-mud-03\/#Gia_Ve_Hon_Tam_Nha_Trang_%E2%80%93_Tour_Hon_Tam_nua_ngay\" >Gi\u00e1 V\u00e9 H\u00f2n T\u1eb1m Nha Trang &#8211; Tour H\u00f2n T\u1eb1m n\u1eefa ng\u00e0y<\/a><ul class='ez-toc-list-level-2' ><li class='ez-toc-heading-level-2'><a class=\"ez-toc-link ez-toc-heading-2\" href=\"https:\/\/tourdaonhatrang.com\/ko\/tour-hon-tam-sea-mud-03\/#Gia_ve_Hon_Tam_Nha_Trang\" >\ud63c \ud0d0 \ub098\ud2b8\ub791 \ud2f0\ucf13 \uac00\uaca9<\/a><\/li><li class='ez-toc-page-1 ez-toc-heading-level-2'><a class=\"ez-toc-link ez-toc-heading-3\" href=\"https:\/\/tourdaonhatrang.com\/ko\/tour-hon-tam-sea-mud-03\/#Tour_1_dao_Hon_Tam_Nha_Trang_bao_gom_nhung_gi\" >Tour 1 \u0111\u1ea3o H\u00f2n T\u1eb1m Nha Trang bao g\u1ed3m nh\u1eefng g\u00ec?<\/a><ul class='ez-toc-list-level-3' ><li class='ez-toc-heading-level-3'><a class=\"ez-toc-link ez-toc-heading-4\" href=\"https:\/\/tourdaonhatrang.com\/ko\/tour-hon-tam-sea-mud-03\/#Gia_ve_Hon_Tam_Nha_Trang-2\" >\ud63c \ud0d0 \ub098\ud2b8\ub791 \ud2f0\ucf13 \uac00\uaca9<\/a><ul class='ez-toc-list-level-4' ><li class='ez-toc-heading-level-4'><a class=\"ez-toc-link ez-toc-heading-5\" href=\"https:\/\/tourdaonhatrang.com\/ko\/tour-hon-tam-sea-mud-03\/#Gia_tour_Hon_Tam_Sea_Mud_03\" >Gi\u00e1 tour H\u00f2n T\u1eb1m Sea Mud 03 :<\/a><\/li><li class='ez-toc-page-1 ez-toc-heading-level-4'><a class=\"ez-toc-link ez-toc-heading-6\" href=\"https:\/\/tourdaonhatrang.com\/ko\/tour-hon-tam-sea-mud-03\/#Chinh_sach_quy_dinh_ve_tre_em\" >\uc5b4\ub9b0\uc774 \ud2f0\ucf13 \uc815\ucc45<\/a><\/li><li class='ez-toc-page-1 ez-toc-heading-level-4'><a class=\"ez-toc-link ez-toc-heading-7\" href=\"https:\/\/tourdaonhatrang.com\/ko\/tour-hon-tam-sea-mud-03\/#Tour_Hon_Tam_Seamud_nua_ngay_bao_gom\" >Tour H\u00f2n T\u1eb1m Seamud n\u1eefa ng\u00e0y bao g\u1ed3m:<\/a><\/li><li class='ez-toc-page-1 ez-toc-heading-level-4'><a class=\"ez-toc-link ez-toc-heading-8\" href=\"https:\/\/tourdaonhatrang.com\/ko\/tour-hon-tam-sea-mud-03\/#Tour_Hon_Tam_Seamud_nua_ngay_khong_bao_gom\" >Tour H\u00f2n T\u1eb1m Seamud n\u1eefa ng\u00e0y kh\u00f4ng bao g\u1ed3m<\/a><\/li><\/ul><\/li><\/ul><\/li><li class='ez-toc-page-1 ez-toc-heading-level-2'><a class=\"ez-toc-link ez-toc-heading-9\" href=\"https:\/\/tourdaonhatrang.com\/ko\/tour-hon-tam-sea-mud-03\/#Nhung_quy_dinh_ban_can_biet_ve_gia_ve_Hon_Tam_Nha_Trang\" >Nh\u1eefng quy \u0111\u1ecbnh b\u1ea1n c\u1ea7n bi\u1ebft v\u1ec1 gi\u00e1 v\u00e9 H\u00f2n T\u1eb1m Nha Trang<\/a><ul class='ez-toc-list-level-3' ><li class='ez-toc-heading-level-3'><a class=\"ez-toc-link ez-toc-heading-10\" href=\"https:\/\/tourdaonhatrang.com\/ko\/tour-hon-tam-sea-mud-03\/#Diem_khoi_hanh_tour_Hon_Tam_Seamud_nua_ngay\" >\u0110i\u1ec3m kh\u1edfi h\u00e0nh tour H\u00f2n T\u1eb1m Seamud n\u1eefa ng\u00e0y<\/a><\/li><\/ul><\/li><\/ul><\/li><\/ul><\/nav><\/div>\n<h1><span class=\"ez-toc-section\" id=\"Gia_Ve_Hon_Tam_Nha_Trang_%E2%80%93_Tour_Hon_Tam_nua_ngay\"><\/span><strong>Gi\u00e1 V\u00e9 H\u00f2n T\u1eb1m Nha Trang &#8211; Tour H\u00f2n T\u1eb1m n\u1eefa ng\u00e0y<\/strong><span class=\"ez-toc-section-end\"><\/span><\/h1>\n<p>G\u00f3i tham quan n\u1eeda ng\u00e0y &#8221; Tour H\u00f2n T\u1eb1m Seamud 03 n\u1eefa ng\u00e0y&#8221; th\u1ef1c s\u1ef1 l\u00e0 m\u1ed9t s\u1ef1 l\u1ef1a ch\u1ecdn t\u1ed1t cho nh\u1eefng du kh\u00e1ch c\u00f3 \u00edt th\u1eddi gian nh\u01b0ng v\u1eabn mu\u1ed1n t\u1eadn h\u01b0\u1edfng tr\u1ea3i nghi\u1ec7m t\u1ea1i khu du l\u1ecbch H\u00f2n T\u1eb1m b\u1eb1ng cano cao t\u1ed1c.<\/p>\n<blockquote><p>\ucd5c\uc2e0 \uc5c5\ub370\uc774\ud2b8: \ud63c\ud0d0\ud56d\uc774 \uacf5\uc0ac \ubc0f \uc218\ub9ac\ub85c \uc778\ud574 \uc77c\uc2dc\uc801\uc73c\ub85c \ud3d0\uc1c4\ub418\uc5c8\uc2b5\ub2c8\ub2e4. \ub300\uc2e0 \ubc29\ubb38\uac1d\ub4e4\uc740 \ube48\ud384 \ub098\ud2b8\ub791\ud56d\uc5d0\uc11c \ud63c\ud0d0\ud56d\uc73c\ub85c \ucd9c\ubc1c\ud569\ub2c8\ub2e4.<\/p><\/blockquote>\n<blockquote><p>\uc544\ub798 \uc804\ud654\ubc88\ud638\/\uc774\uba54\uc77c\ub85c \ud2f0\ucf13\uc744 \uc608\uc57d\ud558\uc2dc\uba74 \ud56d\uad6c \uac00\uc774\ub4dc\uac00 \uc8fc\ubcc0\uc744 \ub3cc\uc544\ub2e4\ub2c8\ub294 \ubc29\ubc95\uc744 \uc548\ub0b4\ud574 \ub4dc\ub9ac\uace0, \ud56d\uad6c\uc5d0\uc11c \ud53d\uc5c5\ud574 \ub4dc\ub9ac\uace0, \uccb4\ud06c\uc778\uc744 \ub3c4\uc640\ub4dc\ub9ac\uace0, \ubc30\uc5d0 \ud0d1\uc2b9\ud558\uae30 \uc804\uc5d0 \ud56d\uad6c\uc5d0\uc11c \ub2e4\ub978 \uc9c0\uc6d0\uc744 \uc81c\uacf5\ud574 \ub4dc\ub9ac\ubbc0\ub85c \uc548\uc2ec\ud558\uc2e4 \uc218 \uc788\uc2b5\ub2c8\ub2e4!<\/p><\/blockquote>\n<h2><span class=\"ez-toc-section\" id=\"Gia_ve_Hon_Tam_Nha_Trang\"><\/span>\ud63c \ud0d0 \ub098\ud2b8\ub791 \ud2f0\ucf13 \uac00\uaca9<span class=\"ez-toc-section-end\"><\/span><\/h2>\n<p>\u0110\u00e2y l\u00e0 nh\u1eefng \u0111i\u1ec3m n\u1ed5i b\u1eadt c\u1ee7a g\u00f3i tour n\u00e0y:<\/p>\n<ol>\n<li>Th\u1eddi gian h\u1ee3p l\u00fd: V\u1edbi th\u1eddi gian ch\u1ec9 n\u1eeda ng\u00e0y, tour n\u00e0y r\u1ea5t ph\u00f9 h\u1ee3p cho nh\u1eefng ng\u01b0\u1eddi c\u00f3 k\u1ebf ho\u1ea1ch du l\u1ecbch b\u1eadn r\u1ed9n ho\u1eb7c ch\u1ec9 mu\u1ed1n d\u00e0nh \u00edt th\u1eddi gian cho m\u1ed9t chuy\u1ebfn tham quan ng\u1eafn h\u1ea1n.<\/li>\n<li>T\u1eadn h\u01b0\u1edfng ti\u1ec7n \u00edch \u0111\u1ea7y \u0111\u1ee7: G\u00f3i tour n\u00e0y v\u1eabn cho ph\u00e9p du kh\u00e1ch tr\u1ea3i nghi\u1ec7m c\u1ea3 t\u1eafm bi\u1ec3n v\u00e0 t\u1eafm b\u00f9n t\u1ea1i H\u00f2n T\u1eb1m. \u0110i\u1ec1u n\u00e0y \u0111\u1ed3ng ngh\u0129a v\u1edbi vi\u1ec7c c\u00f3 th\u1ec3 t\u1eadn h\u01b0\u1edfng c\u1ea3nh bi\u1ec3n v\u00e0 c\u1ea3 l\u1ee3i \u00edch l\u00e0m \u0111\u1eb9p c\u1ee7a t\u1eafm b\u00f9n trong m\u1ed9t kho\u1ea3ng th\u1eddi gian ng\u1eafn.<\/li>\n<li>Ti\u1ebft ki\u1ec7m th\u1eddi gian: Kh\u00f4ng c\u1ea7n ph\u1ea3i d\u00e0nh c\u1ea3 ng\u00e0y cho tour, du kh\u00e1ch v\u1eabn c\u00f3 th\u1ec3 t\u1eadn h\u01b0\u1edfng c\u00e1c d\u1ecbch v\u1ee5 tuy\u1ec7t v\u1eddi t\u1ea1i H\u00f2n T\u1eb1m m\u00e0 kh\u00f4ng c\u1ea7n lo l\u1eafng v\u1ec1 vi\u1ec7c qu\u00e1 tr\u1ec5 tr\u1edf v\u1ec1.<\/li>\n<li>Tr\u1ea3i nghi\u1ec7m tuy\u1ec7t v\u1eddi: D\u00f9 ch\u1ec9 l\u00e0 n\u1eeda ng\u00e0y, du kh\u00e1ch v\u1eabn c\u00f3 c\u01a1 h\u1ed9i tr\u1ea3i nghi\u1ec7m s\u1ef1 th\u01b0 gi\u00e3n v\u00e0 th\u00fa v\u1ecb t\u1ea1i \u0111\u1ea3o H\u00f2n T\u1eb1m, v\u1edbi bi\u1ec3n c\u1ea3, b\u00e3i c\u00e1t, t\u1eafm b\u00f9n v\u00e0 nhi\u1ec1u ho\u1ea1t \u0111\u1ed9ng gi\u1ea3i tr\u00ed kh\u00e1c.<\/li>\n<\/ol>\n<p>\uc640 \ud568\uaed8 <strong><a href=\"https:\/\/tourdaonhatrang.com\/ko\/tour-hon-tam-sea-mud\/\">tour H\u00f2n T\u1eb1m Sea Mud<\/a><\/strong> du kh\u00e1ch c\u00f3 th\u1ec3 t\u1eadn h\u01b0\u1edfng m\u1ed9t ph\u1ea7n c\u1ee7a v\u1ebb \u0111\u1eb9p v\u00e0 ti\u1ec7n \u00edch c\u1ee7a H\u00f2n T\u1eb1m trong m\u1ed9t kho\u1ea3ng th\u1eddi gian ng\u1eafn m\u00e0 kh\u00f4ng c\u1ea7n ph\u1ea3i d\u00e0nh c\u1ea3 ng\u00e0y cho tour. \u0110i\u1ec1u n\u00e0y gi\u00fap t\u1ea1o ra tr\u1ea3i nghi\u1ec7m tham quan linh ho\u1ea1t v\u00e0 thu\u1eadn ti\u1ec7n cho m\u1ecdi ng\u01b0\u1eddi.<\/p>\n<p><strong>\ub354 \ubcf4\uae30 &gt;&gt;&gt; <a href=\"https:\/\/hontamnhatrang.com\/ve-hon-tam-nha-trang-tron-goi\/\" rel=\"noopener\">\ud63c\ud0d0 \ud328\ud0a4\uc9c0 \ud2f0\ucf13 \u2013 1\uc77c \ud63c\ud0d0 \ud22c\uc5b4 \uc9c0\uc5ed B<\/a><\/strong><\/p>\n<div>\n<div>\n<div>\n<div>\n<div>\n<div>\n<div>\n<div>\n<div>\n<div>\n<h2><span class=\"ez-toc-section\" id=\"Tour_1_dao_Hon_Tam_Nha_Trang_bao_gom_nhung_gi\"><\/span>Tour 1 \u0111\u1ea3o H\u00f2n T\u1eb1m Nha Trang bao g\u1ed3m nh\u1eefng g\u00ec?<span class=\"ez-toc-section-end\"><\/span><\/h2>\n<p>T\u1eeb ng\u00e0y 01\/01\/2024, khu du l\u1ecbch H\u00f2n T\u1eb1m \u00e1p d\u1ee5ng m\u1ee9c gi\u00e1 m\u1edbi sau s\u1ef1 c\u1ea3i ti\u1ebfn v\u00e0 cam k\u1ebft duy tr\u00ec ch\u1ea5t l\u01b0\u1ee3ng d\u1ecbch v\u1ee5 ti\u00eau chu\u1ea9n 5 sao<\/p>\n<h3><span class=\"ez-toc-section\" id=\"Gia_ve_Hon_Tam_Nha_Trang-2\"><\/span>\ud63c \ud0d0 \ub098\ud2b8\ub791 \ud2f0\ucf13 \uac00\uaca9<span class=\"ez-toc-section-end\"><\/span><\/h3>\n<h4><span class=\"ez-toc-section\" id=\"Gia_tour_Hon_Tam_Sea_Mud_03\"><\/span><strong>Gi\u00e1 tour H\u00f2n T\u1eb1m Sea Mud 03 :<\/strong><span class=\"ez-toc-section-end\"><\/span><\/h4>\n<ul>\n<li>V\u00e9 ng\u01b0\u1eddi l\u1edbn : 540,000 \u0111\u1ed3ng<\/li>\n<li>V\u00e9 tr\u1ebb em : 430,000 \u0111\u1ed3ng<\/li>\n<\/ul>\n<hr \/>\n<h4><span class=\"ez-toc-section\" id=\"Chinh_sach_quy_dinh_ve_tre_em\"><\/span><strong>\uc5b4\ub9b0\uc774 \ud2f0\ucf13 \uc815\ucc45<\/strong><span class=\"ez-toc-section-end\"><\/span><\/h4>\n<ul>\n<li>1m \ubbf8\ub9cc \uc5b4\ub9b0\uc774 \ubb34\ub8cc\uc785\uc7a5<\/li>\n<li>\uc5b4\ub9b0\uc774\ub294 1m\uc5d0\uc11c 1m39\uae4c\uc9c0 \uc13c\ub2e4.<\/li>\n<li>1m39 \uc774\uc0c1 \uc131\uc778 \ud2f0\ucf13.<\/li>\n<\/ul>\n<h4><span class=\"ez-toc-section\" id=\"Tour_Hon_Tam_Seamud_nua_ngay_bao_gom\"><\/span><strong>Tour H\u00f2n T\u1eb1m Seamud n\u1eefa ng\u00e0y bao g\u1ed3m:<\/strong><span class=\"ez-toc-section-end\"><\/span><\/h4>\n<ul>\n<li>\uc591\ubc29\ud5a5 \uc154\ud2c0 \ubcf4\ud2b8<\/li>\n<li>Mi\u1ec5n ph\u00ed s\u1eed d\u1ee5ng kh\u0103n, \u0111\u1ed3 t\u1eafm<\/li>\n<li>Mi\u1ec5n ph\u00ed c\u00e1c ti\u1ec7n \u00edch b\u00e3i bi\u1ec3n: Locker, kh\u0103n t\u1eafm, d\u00f9, gh\u1ebf t\u1eafm n\u1eafng<\/li>\n<li>Mi\u1ec5n ph\u00ed d\u00f9ng thuy\u1ec1n kayak<\/li>\n<li>B\u00e3i bi\u1ec3n ri\u00eang<\/li>\n<li>V\u00e9 v\u00e0o c\u1ed5ng tham quan khu c\u00f4ng vi\u00ean H\u00f2n T\u1eb1m Luxury<\/li>\n<li>Ng\u00e2m b\u00f9n kho\u00e1ng n\u00f3ng.<\/li>\n<li>\uc218\uce58\ub8cc \uc2dc\uc2a4\ud15c\uc744 \uc774\uc6a9\ud55c \uc804\uc2e0 \ub9c8\uc0ac\uc9c0<\/li>\n<li>T\u1ef1 do th\u1ea3 m\u00ecnh trong h\u1ed3 kho\u00e1ng r\u1ed9ng 2,063m2<\/li>\n<li>Tr\u1ea3i nghi\u1ec7m t\u1eafm th\u00e1c kho\u00e1ng v\u00e0 h\u1ed3 kho\u00e1ng tr\u00e0n<\/li>\n<\/ul>\n<h4><span class=\"ez-toc-section\" id=\"Tour_Hon_Tam_Seamud_nua_ngay_khong_bao_gom\"><\/span><strong>\uad00\uad11 <\/strong><strong>H\u00f2n T\u1eb1m Seamud n\u1eefa ng\u00e0y <\/strong><strong>kh\u00f4ng bao g\u1ed3m<\/strong><span class=\"ez-toc-section-end\"><\/span><\/h4>\n<ul>\n<li>Xe \u0111\u01b0a \u0111\u00f3n xu\u1ed1ng c\u1ea3ng<\/li>\n<li>Chi ph\u00ed c\u00e1 nh\u00e2n<\/li>\n<li>\uc810\uc2ec\uc744 \uba39\ub2e4<\/li>\n<\/ul>\n<h2><span class=\"ez-toc-section\" id=\"Nhung_quy_dinh_ban_can_biet_ve_gia_ve_Hon_Tam_Nha_Trang\"><\/span>Nh\u1eefng quy \u0111\u1ecbnh b\u1ea1n c\u1ea7n bi\u1ebft v\u1ec1 gi\u00e1 v\u00e9 H\u00f2n T\u1eb1m Nha Trang<span class=\"ez-toc-section-end\"><\/span><\/h2>\n<p><a href=\"https:\/\/tourdao.vn\/ve-cano-di-hon-tam-gia-bao-nhieu\/\" rel=\"noopener\"><strong>\ud63c\ud0d0 \ub098\ud2b8\ub791 \ud2f0\ucf13<\/strong><\/a>\u00a0c\u00f3 m\u00e3 QR v\u00e0 ch\u1ec9 s\u1eed d\u1ee5ng 1 l\u1ea7n. V\u00ec v\u1eady b\u1ea1n c\u1ea7n ph\u1ea3i gi\u1eef l\u1ea1i v\u00e9 c\u1ee7a m\u00ecnh \u0111\u1ec3 s\u1eed d\u1ee5ng t\u1eebng d\u1ecbch v\u1ee5<\/p>\n<h3><span class=\"ez-toc-section\" id=\"Diem_khoi_hanh_tour_Hon_Tam_Seamud_nua_ngay\"><\/span>\u0110i\u1ec3m kh\u1edfi h\u00e0nh tour H\u00f2n T\u1eb1m Seamud n\u1eefa ng\u00e0y<span class=\"ez-toc-section-end\"><\/span><\/h3>\n<p>C\u1ea3ng ri\u00eang c\u1ee7a khu du l\u1ecbch\u00a0<a href=\"https:\/\/hontamnhatrang.com\/\" rel=\"noopener\">\ud63c\ud0d0<\/a>\u00a0n\u1eb1m \u1edf ph\u00eda nam trung t\u00e2m th\u00e0nh ph\u1ed1 Nha Trang, c\u00e1ch TTTP kho\u1ea3ng 5km, n\u1eb1m cu\u1ed1i c\u00f9ng c\u1ee7a con \u0111\u01b0\u1eddng \u0111\u1eb9p nh\u1ea5t th\u00e0nh ph\u1ed1 bi\u1ec3n Nha Trang, \u0111\u01b0\u1eddng Tr\u1ea7n Ph\u00fa, thu\u1ed9c ph\u01b0\u1eddng V\u0129nh Nguy\u00ean.<\/p>\n<p><a href=\"https:\/\/tourdao.vn\/cang-hon-tam-o-dau\/\" rel=\"noopener\">C\u1ea3ng H\u00f2n T\u1eb1m<\/a>\u00a0n\u1eb1m s\u00e1t c\u1ea3ng Nha Trang v\u00e0 g\u1ea7n c\u00e1p treo VinWonders. \u0110\u00e2y l\u00e0 n\u01a1i kh\u1edfi h\u00e0nh c\u1ee7a du kh\u00e1ch \u0111\u00e3 mua v\u00e9 H\u00f2n T\u1eb1m tr\u1ecdn g\u00f3i bao g\u1ed3m cano cao t\u1ed1c \u0111\u01b0a \u0111\u00f3n<\/p>\n<ul>\n<li>Gi\u1edd \u0111i cano cao t\u1ed1c : 8h00 &#8211; 9h00 \u2013 10h00 \u2013 12h00<\/li>\n<li>Gi\u1edd v\u1ec1 cano cao t\u1ed1c : 10h20 \u2013 12h20 \u2013 14h20 \u2013 15h20 \u2013 16h20<\/li>\n<\/ul>\n<blockquote><p>L\u01b0u \u00fd: B\u1ea1n c\u1ea7n c\u00f3 m\u1eb7t t\u1ea1i c\u1ea3ng tr\u01b0\u1edbc 20\u00a0 ph\u00fat \u0111\u1ec3 l\u00e0m th\u1ee7 t\u1ee5c check in sang \u0111\u1ea3o.<\/p><\/blockquote>\n<p>&gt;&gt;&gt; <strong><a href=\"https:\/\/tourdaonhatrang.com\/ko\/%ed%98%bc%ed%83%90%ed%95%b4-%eb%a8%b8%eb%93%9c-%ed%88%ac%ec%96%b4-%ed%8c%a8%ed%82%a4%ec%a7%80\/\">Tour H\u00f2n T\u1eb1m Seamud tr\u1ecdn g\u00f3i<\/a><\/strong><\/p>\n<\/div>\n<\/div>\n<\/div>\n<\/div>\n<\/div>\n<\/div>\n<\/div>\n<\/div>\n<\/div>\n<\/div>","protected":false},"excerpt":{"rendered":"<p><span style=\"text-decoration: underline; color: #ff0000; font-size: 120%;\"><strong>\ud328\ud0a4\uc9c0 4<\/strong><\/span> <img loading=\"lazy\" decoding=\"async\" class=\"alignnone wp-image-39871\" src=\"https:\/\/tourdaonhatrang.com\/wp-content\/uploads\/2023\/01\/khuyen-mai-ngay.png\" alt=\"\" width=\"88\" height=\"88\" srcset=\"https:\/\/tourdaonhatrang.com\/wp-content\/uploads\/2023\/01\/khuyen-mai-ngay.png 530w, https:\/\/tourdaonhatrang.com\/wp-content\/uploads\/2023\/01\/khuyen-mai-ngay-300x300.png 300w, https:\/\/tourdaonhatrang.com\/wp-content\/uploads\/2023\/01\/khuyen-mai-ngay-150x150.png 150w, https:\/\/tourdaonhatrang.com\/wp-content\/uploads\/2023\/01\/khuyen-mai-ngay-12x12.png 12w, https:\/\/tourdaonhatrang.com\/wp-content\/uploads\/2023\/01\/khuyen-mai-ngay-400x400.png 400w, https:\/\/tourdaonhatrang.com\/wp-content\/uploads\/2023\/01\/khuyen-mai-ngay-100x100.png 100w\" sizes=\"auto, (max-width: 88px) 100vw, 88px\" \/><\/p>\n<p><img loading=\"lazy\" decoding=\"async\" class=\"size-full wp-image-39900\" src=\"https:\/\/tourdaonhatrang.com\/wp-content\/uploads\/2024\/03\/phieu-khuyen-mai-thanh-toan-ngay-1.png\" alt=\"\u01afu \u0111\u00e3i thanh to\u00e1n ngay\" width=\"840\" height=\"360\" srcset=\"https:\/\/tourdaonhatrang.com\/wp-content\/uploads\/2024\/03\/phieu-khuyen-mai-thanh-toan-ngay-1.png 840w, https:\/\/tourdaonhatrang.com\/wp-content\/uploads\/2024\/03\/phieu-khuyen-mai-thanh-toan-ngay-1-300x129.png 300w, https:\/\/tourdaonhatrang.com\/wp-content\/uploads\/2024\/03\/phieu-khuyen-mai-thanh-toan-ngay-1-768x329.png 768w, https:\/\/tourdaonhatrang.com\/wp-content\/uploads\/2024\/03\/phieu-khuyen-mai-thanh-toan-ngay-1-18x8.png 18w, https:\/\/tourdaonhatrang.com\/wp-content\/uploads\/2024\/03\/phieu-khuyen-mai-thanh-toan-ngay-1-400x171.png 400w, https:\/\/tourdaonhatrang.com\/wp-content\/uploads\/2024\/03\/phieu-khuyen-mai-thanh-toan-ngay-1-600x257.png 600w\" sizes=\"auto, (max-width: 840px) 100vw, 840px\" \/><\/p>\n<h3><span style=\"color: #0000ff;\">\uc131\uc778: 540,000 VND<\/span><\/h3>\n<h3><span style=\"color: #0000ff;\">\ub178\uc778\/\uc5b4\ub9b0\uc774: 430,000 VND<\/span><\/h3>\n<ul>\n<li>\ud63c\ud0d0 \ud56d\uad6c \ucd9c\ubc1c<\/li>\n<li>\uc591\ubc29\ud5a5 \uc154\ud2c0 \uce74\ub204<\/li>\n<li>A \uc9c0\uc5ed \uc11c\ube44\uc2a4 <span style=\"color: #ff0000;\">(t\u1eb7ng khu B b\u00e3i bi\u1ec3n)<\/span><\/li>\n<li>\ub728\uac70\uc6b4 \ubbf8\ub124\ub784 \uba38\ub4dc \ubaa9\uc695\uc744 \uacbd\ud5d8\ud574\ubcf4\uc138\uc694<\/li>\n<li>\ubbf8\ub124\ub784 \uc695\uc870 &amp; \uc778\ud53c\ub2c8\ud2f0 \ud480<\/li>\n<li>\uce74\uc57d<\/li>\n<li>\ud56b\ub77c\uc778: <a href=\"tel:0849256256\">0849 256 256<\/a><\/li>\n<li><span style=\"color: #0000ff;\"><span style=\"color: #ff0000;\">\uc810\uc2ec \ubdd4\ud398\ub294 \ud3ec\ud568\ub418\uc9c0 \uc54a\uc2b5\ub2c8\ub2e4<\/span><\/span><\/li>\n<li><span style=\"color: #0000ff;\">\uacb0\uc81c \ud504\ub85c\ubaa8\uc158 5%<\/span><\/li>\n<\/ul>\n<div class=\"hJDwNd-AhqUyc-qWD73c purZT-AhqUyc-II5mzb pSzOP-AhqUyc-qWD73c JNdkSc\">\n<div class=\"JNdkSc-SmKAyb\">\n<div class=\"\">\n<div class=\"oKdM2c Kzv0Me\">\n<div class=\"hJDwNd-AhqUyc-qWD73c purZT-AhqUyc-II5mzb pSzOP-AhqUyc-qWD73c JNdkSc\">\n<div class=\"JNdkSc-SmKAyb\">\n<div class=\"\">\n<div class=\"oKdM2c Kzv0Me\">\n<div id=\"h.f128f2fe5256b73_1433\" class=\"hJDwNd-AhqUyc-qWD73c jXK9ad D2fZ2 OjCsFc wHaque GNzUNc\">\n<div class=\"jXK9ad-SmKAyb\">\n<div class=\"tyJCtd mGzaTb baZpAe\">\n<div class=\"row row-small mua-ngay-button\">\n<div class=\"cot1 medium-6 small-12 large-6\">\n<div class=\"col-inner\"><a class=\"button primary is-large lowercase expand\" style=\"border-radius: 3px;\" href=\"https:\/\/tourdaonhatrang.com\/ko\/tour-hon-tam-sea-mud-03\/\">\uc790\uc138\ud55c \ub0b4\uc6a9\uc744 \ud655\uc778\ud558\uc138\uc694<\/a><\/div>\n<\/div>\n<div class=\"cot2 medium-6 small-12 large-6\">\n<div class=\"col-inner\"><a class=\"button success is-large lowercase expand\" style=\"border-radius: 3px;\" href=\"https:\/\/hontamnhatrang.com\/tour-hon-tam\/dat-ve-tour-hon-tam-tam-bun\/\" target=\"_self\" rel=\"noopener\"><span style=\"vertical-align: inherit;\">\ud83d\uded2 \ud2f0\ucf13\uc744 \ube60\ub974\uac8c \uc608\ub9e4\ud558\uc138\uc694<\/span><\/a><\/div>\n<\/div>\n<\/div>\n<\/div>\n<\/div>\n<\/div>\n<\/div>\n<\/div>\n<\/div>\n<\/div>\n<\/div>\n<\/div>\n<\/div>\n<\/div>","protected":false},"featured_media":36460,"comment_status":"closed","ping_status":"closed","template":"","meta":[],"product_brand":[],"product_cat":[647,65],"product_tag":[680,690,681,722,723,724,675,725,687,53,695,727,728,673],"class_list":{"0":"post-33894","1":"product","2":"type-product","3":"status-publish","4":"has-post-thumbnail","6":"product_cat-tour-hon-tam-sea-mud","7":"product_cat-ve-hon-tam-nha-trang","8":"product_tag-cang-hon-tam-nha-trang-o-dau","9":"product_tag-du-lich-hon-tam-tu-tuc","10":"product_tag-gia-ve-hon-tam-nha-trang","11":"product_tag-hon-tam-nha-trang","12":"product_tag-mua-ve-hon-tam-o-dau","13":"product_tag-review-hon-tam-nha-trang","14":"product_tag-review-tam-bun-hon-tam","15":"product_tag-tam-bun-hon-tam","16":"product_tag-tour-1-dao-nha-trang","17":"product_tag-tour-dao-nha-trang","18":"product_tag-tour-dao-nha-trang-nua-ngay","19":"product_tag-ve-cano-di-hon-tam","20":"product_tag-ve-hon-tam","21":"product_tag-ve-hon-tam-nha-trang","23":"first","24":"instock","25":"shipping-taxable","26":"product-type-simple"},"_links":{"self":[{"href":"https:\/\/tourdaonhatrang.com\/ko\/wp-json\/wp\/v2\/product\/33894","targetHints":{"allow":["GET"]}}],"collection":[{"href":"https:\/\/tourdaonhatrang.com\/ko\/wp-json\/wp\/v2\/product"}],"about":[{"href":"https:\/\/tourdaonhatrang.com\/ko\/wp-json\/wp\/v2\/types\/product"}],"replies":[{"embeddable":true,"href":"https:\/\/tourdaonhatrang.com\/ko\/wp-json\/wp\/v2\/comments?post=33894"}],"wp:featuredmedia":[{"embeddable":true,"href":"https:\/\/tourdaonhatrang.com\/ko\/wp-json\/wp\/v2\/media\/36460"}],"wp:attachment":[{"href":"https:\/\/tourdaonhatrang.com\/ko\/wp-json\/wp\/v2\/media?parent=33894"}],"wp:term":[{"taxonomy":"product_brand","embeddable":true,"href":"https:\/\/tourdaonhatrang.com\/ko\/wp-json\/wp\/v2\/product_brand?post=33894"},{"taxonomy":"product_cat","embeddable":true,"href":"https:\/\/tourdaonhatrang.com\/ko\/wp-json\/wp\/v2\/product_cat?post=33894"},{"taxonomy":"product_tag","embeddable":true,"href":"https:\/\/tourdaonhatrang.com\/ko\/wp-json\/wp\/v2\/product_tag?post=33894"}],"curies":[{"name":"wp","href":"https:\/\/api.w.org\/{rel}","templated":true}]}}