{"id":38333,"date":"2023-01-21T15:29:31","date_gmt":"2023-01-21T08:29:31","guid":{"rendered":"https:\/\/tourdaonhatrang.com\/?post_type=product&#038;p=38333"},"modified":"2026-03-14T07:44:32","modified_gmt":"2026-03-14T00:44:32","slug":"snorkeling-nha-trang","status":"publish","type":"product","link":"https:\/\/tourdaonhatrang.com\/ko\/snorkeling-nha-trang\/","title":{"rendered":"Snorkeling H\u00f2n T\u1eb1m Nha Trang"},"content":{"rendered":"<div id=\"ez-toc-container\" class=\"ez-toc-v2_0_82_2 counter-hierarchy ez-toc-counter ez-toc-grey ez-toc-container-direction\">\n<div class=\"ez-toc-title-container\">\n<p class=\"ez-toc-title\" style=\"cursor:inherit\">\ucf58\ud150\uce20<\/p>\n<span class=\"ez-toc-title-toggle\"><a href=\"#\" class=\"ez-toc-pull-right ez-toc-btn ez-toc-btn-xs ez-toc-btn-default ez-toc-toggle\" aria-label=\"\ubaa9\ucc28 \ud1a0\uae00\"><span class=\"ez-toc-js-icon-con\"><span class=\"\"><span class=\"eztoc-hide\" style=\"display:none;\">\ube44\ub140\uc7a5<\/span><span class=\"ez-toc-icon-toggle-span\"><svg style=\"fill: #999;color:#999\" xmlns=\"http:\/\/www.w3.org\/2000\/svg\" class=\"list-377408\" width=\"20px\" height=\"20px\" viewbox=\"0 0 24 24\" fill=\"none\"><path d=\"M6 6H4v2h2V6zm14 0H8v2h12V6zM4 11h2v2H4v-2zm16 0H8v2h12v-2zM4 16h2v2H4v-2zm16 0H8v2h12v-2z\" fill=\"currentColor\"><\/path><\/svg><svg style=\"fill: #999;color:#999\" class=\"arrow-unsorted-368013\" xmlns=\"http:\/\/www.w3.org\/2000\/svg\" width=\"10px\" height=\"10px\" viewbox=\"0 0 24 24\" version=\"1.2\" baseprofile=\"tiny\"><path d=\"M18.2 9.3l-6.2-6.3-6.2 6.3c-.2.2-.3.4-.3.7s.1.5.3.7c.2.2.4.3.7.3h11c.3 0 .5-.1.7-.3.2-.2.3-.5.3-.7s-.1-.5-.3-.7zM5.8 14.7l6.2 6.3 6.2-6.3c.2-.2.3-.5.3-.7s-.1-.5-.3-.7c-.2-.2-.4-.3-.7-.3h-11c-.3 0-.5.1-.7.3-.2.2-.3.5-.3.7s.1.5.3.7z\"\/><\/svg><\/span><\/span><\/span><\/a><\/span><\/div>\n<nav><ul class='ez-toc-list ez-toc-list-level-1' ><li class='ez-toc-page-1 ez-toc-heading-level-1'><a class=\"ez-toc-link ez-toc-heading-1\" href=\"https:\/\/tourdaonhatrang.com\/ko\/snorkeling-nha-trang\/#Snorkeling_Nha_Trang_%E2%80%93_Kham_Pha_Thien_Duong_Dai_Duong_Voi_Trai_Nghiem_Lan_Ngam_San_Ho_Tuyet_Dep\" >Snorkeling Nha Trang \u2013 Kh\u00e1m Ph\u00e1 Thi\u00ean \u0110\u01b0\u1eddng \u0110\u1ea1i D\u01b0\u01a1ng V\u1edbi Tr\u1ea3i Nghi\u1ec7m L\u1eb7n Ng\u1eafm San H\u00f4 Tuy\u1ec7t \u0110\u1eb9p<\/a><ul class='ez-toc-list-level-2' ><li class='ez-toc-heading-level-2'><a class=\"ez-toc-link ez-toc-heading-2\" href=\"https:\/\/tourdaonhatrang.com\/ko\/snorkeling-nha-trang\/#1_Snorkeling_La_Gi\" >1. Snorkeling L\u00e0 G\u00ec?<\/a><\/li><li class='ez-toc-page-1 ez-toc-heading-level-2'><a class=\"ez-toc-link ez-toc-heading-3\" href=\"https:\/\/tourdaonhatrang.com\/ko\/snorkeling-nha-trang\/#2_Vi_Sao_Snorkeling_Duoc_Yeu_Thich_Tai_Nha_Trang\" >2. V\u00ec Sao Snorkeling \u0110\u01b0\u1ee3c Y\u00eau Th\u00edch T\u1ea1i Nha Trang ?<\/a><ul class='ez-toc-list-level-3' ><li class='ez-toc-heading-level-3'><a class=\"ez-toc-link ez-toc-heading-4\" href=\"https:\/\/tourdaonhatrang.com\/ko\/snorkeling-nha-trang\/#21_Bien_Trong_%E2%80%93_De_Quan_Sat_Duoi_Nuoc\" >2.1 Bi\u1ec3n Trong \u2013 D\u1ec5 Quan S\u00e1t D\u01b0\u1edbi N\u01b0\u1edbc<\/a><\/li><li class='ez-toc-page-1 ez-toc-heading-level-3'><a class=\"ez-toc-link ez-toc-heading-5\" href=\"https:\/\/tourdaonhatrang.com\/ko\/snorkeling-nha-trang\/#22_He_Sinh_Thai_Giau_Co\" >2.2 H\u1ec7 Sinh Th\u00e1i Gi\u00e0u C\u00f3<\/a><\/li><li class='ez-toc-page-1 ez-toc-heading-level-3'><a class=\"ez-toc-link ez-toc-heading-6\" href=\"https:\/\/tourdaonhatrang.com\/ko\/snorkeling-nha-trang\/#23_De_Tham_Gia_%E2%80%93_Khong_Can_Biet_Boi\" >2.3 D\u1ec5 Tham Gia \u2013 Kh\u00f4ng C\u1ea7n Bi\u1ebft B\u01a1i<\/a><\/li><\/ul><\/li><li class='ez-toc-page-1 ez-toc-heading-level-2'><a class=\"ez-toc-link ez-toc-heading-7\" href=\"https:\/\/tourdaonhatrang.com\/ko\/snorkeling-nha-trang\/#3_Quy_Trinh_Snorkeling_Nha_Trang\" >3. Quy Tr\u00ecnh Snorkeling Nha Trang.<\/a><\/li><li class='ez-toc-page-1 ez-toc-heading-level-2'><a class=\"ez-toc-link ez-toc-heading-8\" href=\"https:\/\/tourdaonhatrang.com\/ko\/snorkeling-nha-trang\/#Meo_Chup_Anh_Snorkeling_Dep\" >M\u1eb9o Ch\u1ee5p \u1ea2nh Snorkeling \u0110\u1eb9p<\/a><\/li><\/ul><\/li><\/ul><\/nav><\/div>\n<h1 data-start=\"230\" data-end=\"331\"><span class=\"ez-toc-section\" id=\"Snorkeling_Nha_Trang_%E2%80%93_Kham_Pha_Thien_Duong_Dai_Duong_Voi_Trai_Nghiem_Lan_Ngam_San_Ho_Tuyet_Dep\"><\/span><strong data-start=\"232\" data-end=\"331\">Snorkeling Nha Trang \u2013 Kh\u00e1m Ph\u00e1 Thi\u00ean \u0110\u01b0\u1eddng \u0110\u1ea1i D\u01b0\u01a1ng V\u1edbi Tr\u1ea3i Nghi\u1ec7m L\u1eb7n Ng\u1eafm San H\u00f4 Tuy\u1ec7t \u0110\u1eb9p<\/strong><span class=\"ez-toc-section-end\"><\/span><\/h1>\n<p data-start=\"333\" data-end=\"734\">Nh\u1eafc \u0111\u1ebfn du l\u1ecbch bi\u1ec3n Vi\u1ec7t Nam, Nha Trang lu\u00f4n \u0111\u01b0\u1ee3c xem l\u00e0 m\u1ed9t trong nh\u1eefng \u0111i\u1ec3m \u0111\u1ebfn n\u1ed5i b\u1eadt nh\u1ea5t nh\u1edd s\u1edf h\u1eefu \u0111\u01b0\u1eddng b\u1edd bi\u1ec3n d\u00e0i, n\u01b0\u1edbc trong xanh v\u00e0 h\u1ec7 sinh th\u00e1i bi\u1ec3n \u0111a d\u1ea1ng. Trong r\u1ea5t nhi\u1ec1u ho\u1ea1t \u0111\u1ed9ng th\u00fa v\u1ecb t\u1ea1i \u0111\u00e2y, <strong data-start=\"548\" data-end=\"572\">Snorkeling Nha Trang<\/strong> \u2013 hay c\u00f2n g\u1ecdi l\u00e0 <strong data-start=\"590\" data-end=\"622\">l\u1eb7n ng\u1eafm san h\u00f4 b\u1eb1ng \u1ed1ng th\u1edf<\/strong> \u2013 \u0111ang tr\u1edf th\u00e0nh l\u1ef1a ch\u1ecdn h\u00e0ng \u0111\u1ea7u c\u1ee7a du kh\u00e1ch trong v\u00e0 ngo\u00e0i n\u01b0\u1edbc v\u00ec d\u1ec5 tham gia, an to\u00e0n v\u00e0 c\u1ef1c k\u1ef3 th\u01b0 gi\u00e3n.<\/p>\n<p data-start=\"736\" data-end=\"955\">N\u1ebfu b\u1ea1n l\u00e0 ng\u01b0\u1eddi y\u00eau bi\u1ec3n, mu\u1ed1n \u0111\u1eafm ch\u00ecm trong l\u00e0n n\u01b0\u1edbc trong xanh, nh\u00ecn ng\u1eafm san h\u00f4 r\u1ef1c r\u1ee1 v\u00e0 \u0111\u00e0n c\u00e1 b\u01a1i l\u1ed9i t\u1ef1 nhi\u00ean gi\u1eefa \u0111\u1ea1i d\u01b0\u01a1ng, th\u00ec <strong data-start=\"875\" data-end=\"899\">Snorkeling Nha Trang<\/strong> ch\u00ednh l\u00e0 tr\u1ea3i nghi\u1ec7m m\u00e0 b\u1ea1n nh\u1ea5t \u0111\u1ecbnh kh\u00f4ng th\u1ec3 b\u1ecf qua.<\/p>\n<p><img loading=\"lazy\" decoding=\"async\" class=\"aligncenter size-large wp-image-38320\" src=\"https:\/\/tourdaonhatrang.com\/wp-content\/uploads\/2025\/11\/Snorkel_Hon-Tam-1024x683.jpg\" alt=\"\" width=\"1020\" height=\"680\" title=\"\" srcset=\"https:\/\/tourdaonhatrang.com\/wp-content\/uploads\/2025\/11\/Snorkel_Hon-Tam-1024x683.jpg 1024w, https:\/\/tourdaonhatrang.com\/wp-content\/uploads\/2025\/11\/Snorkel_Hon-Tam-300x200.jpg 300w, https:\/\/tourdaonhatrang.com\/wp-content\/uploads\/2025\/11\/Snorkel_Hon-Tam-768x512.jpg 768w, https:\/\/tourdaonhatrang.com\/wp-content\/uploads\/2025\/11\/Snorkel_Hon-Tam-18x12.jpg 18w, https:\/\/tourdaonhatrang.com\/wp-content\/uploads\/2025\/11\/Snorkel_Hon-Tam-400x267.jpg 400w, https:\/\/tourdaonhatrang.com\/wp-content\/uploads\/2025\/11\/Snorkel_Hon-Tam-600x400.jpg 600w, https:\/\/tourdaonhatrang.com\/wp-content\/uploads\/2025\/11\/Snorkel_Hon-Tam.jpg 1140w\" sizes=\"auto, (max-width: 1020px) 100vw, 1020px\" \/><\/p>\n<h2 data-start=\"962\" data-end=\"999\"><span class=\"ez-toc-section\" id=\"1_Snorkeling_La_Gi\"><\/span><strong data-start=\"965\" data-end=\"999\">1. Snorkeling L\u00e0 G\u00ec?<\/strong><span class=\"ez-toc-section-end\"><\/span><\/h2>\n<p data-start=\"1001\" data-end=\"1243\"><strong data-start=\"1001\" data-end=\"1015\">Snorkeling<\/strong> l\u00e0 ho\u1ea1t \u0111\u1ed9ng l\u1eb7n n\u00f4ng d\u00f9ng <em data-start=\"1043\" data-end=\"1062\">\u1ed1ng th\u1edf v\u00e0 m\u1eb7t n\u1ea1<\/em>, gi\u00fap b\u1ea1n d\u1ec5 d\u00e0ng nh\u00ecn ng\u1eafm san h\u00f4 v\u00e0 sinh v\u1eadt bi\u1ec3n \u1edf \u0111\u1ed9 s\u00e2u t\u1eeb <strong data-start=\"1127\" data-end=\"1138\">1\u20135 m\u00e9t<\/strong> m\u00e0 <strong data-start=\"1142\" data-end=\"1170\">kh\u00f4ng c\u1ea7n b\u00ecnh d\u01b0\u1ee1ng kh\u00ed<\/strong>. \u0110\u00e2y l\u00e0 h\u00ecnh th\u1ee9c l\u1eb7n <strong data-start=\"1193\" data-end=\"1215\">an to\u00e0n, nh\u1eb9 nh\u00e0ng<\/strong>, ph\u00f9 h\u1ee3p cho m\u1ecdi \u0111\u1ed1i t\u01b0\u1ee3ng:<\/p>\n<ul data-start=\"1245\" data-end=\"1354\">\n<li data-start=\"1245\" data-end=\"1256\">\n<p data-start=\"1247\" data-end=\"1256\">\uc131\uc778<\/p>\n<\/li>\n<li data-start=\"1257\" data-end=\"1265\">\n<p data-start=\"1259\" data-end=\"1265\">\uc5b4\ub9b0\uc774\ub4e4<\/p>\n<\/li>\n<li data-start=\"1266\" data-end=\"1308\">\n<p data-start=\"1268\" data-end=\"1308\">Ng\u01b0\u1eddi kh\u00f4ng bi\u1ebft b\u01a1i (c\u00f3 \u00e1o phao h\u1ed7 tr\u1ee3)<\/p>\n<\/li>\n<li data-start=\"1309\" data-end=\"1354\">\n<p data-start=\"1311\" data-end=\"1354\">Ng\u01b0\u1eddi th\u00edch ch\u1ee5p \u1ea3nh \u2013 quay video d\u01b0\u1edbi n\u01b0\u1edbc<\/p>\n<\/li>\n<\/ul>\n<h2 data-start=\"1766\" data-end=\"1819\"><span class=\"ez-toc-section\" id=\"2_Vi_Sao_Snorkeling_Duoc_Yeu_Thich_Tai_Nha_Trang\"><\/span><strong data-start=\"1769\" data-end=\"1819\">2. V\u00ec Sao Snorkeling \u0110\u01b0\u1ee3c Y\u00eau Th\u00edch T\u1ea1i <\/strong><strong data-start=\"1769\" data-end=\"1819\">\ub098\ud2b8\ub791 <\/strong><strong data-start=\"1769\" data-end=\"1819\">?<\/strong><span class=\"ez-toc-section-end\"><\/span><\/h2>\n<h3 data-start=\"1821\" data-end=\"1867\"><span class=\"ez-toc-section\" id=\"21_Bien_Trong_%E2%80%93_De_Quan_Sat_Duoi_Nuoc\"><\/span><strong data-start=\"1825\" data-end=\"1867\">2.1 Bi\u1ec3n Trong \u2013 D\u1ec5 Quan S\u00e1t D\u01b0\u1edbi N\u01b0\u1edbc<\/strong><span class=\"ez-toc-section-end\"><\/span><\/h3>\n<p data-start=\"1868\" data-end=\"1973\">\u0110i\u1ec1u n\u00e0y gi\u00fap b\u1ea1n d\u1ec5 d\u00e0ng nh\u00ecn th\u1ea5y c\u00e1c r\u1ea1n san h\u00f4 \u0111\u1ee7 m\u00e0u s\u1eafc, \u0111\u00e0n c\u00e1 nhi\u1ec7t \u0111\u1edbi b\u01a1i s\u00e1t ng\u01b0\u1eddi, \u0111\u00e1y bi\u1ec3n c\u00e1t tr\u1eafng \u0111\u1eb9p nh\u01b0 m\u01a1.<\/p>\n<p data-start=\"1868\" data-end=\"1973\"><img loading=\"lazy\" decoding=\"async\" class=\"wp-image-37160 size-full alignnone\" src=\"https:\/\/tourdaonhatrang.com\/wp-content\/uploads\/2025\/09\/the-thao-bien-hon-tam-007.jpg\" alt=\"\ud63c\ud0d0 \ud574\uc591 \uc2a4\ud3ec\uce20\" width=\"700\" height=\"500\" title=\"\" srcset=\"https:\/\/tourdaonhatrang.com\/wp-content\/uploads\/2025\/09\/the-thao-bien-hon-tam-007.jpg 700w, https:\/\/tourdaonhatrang.com\/wp-content\/uploads\/2025\/09\/the-thao-bien-hon-tam-007-300x214.jpg 300w, https:\/\/tourdaonhatrang.com\/wp-content\/uploads\/2025\/09\/the-thao-bien-hon-tam-007-400x286.jpg 400w, https:\/\/tourdaonhatrang.com\/wp-content\/uploads\/2025\/09\/the-thao-bien-hon-tam-007-600x429.jpg 600w\" sizes=\"auto, (max-width: 700px) 100vw, 700px\" \/><\/p>\n<h3 data-start=\"2065\" data-end=\"2097\"><span class=\"ez-toc-section\" id=\"22_He_Sinh_Thai_Giau_Co\"><\/span><strong data-start=\"2069\" data-end=\"2097\">2.2 H\u1ec7 Sinh Th\u00e1i Gi\u00e0u C\u00f3<\/strong><span class=\"ez-toc-section-end\"><\/span><\/h3>\n<p data-start=\"2098\" data-end=\"2124\">Khu v\u1ef1c bi\u1ec3n Nha Trang c\u00f3: H\u01a1n <strong data-start=\"2132\" data-end=\"2151\">350 lo\u00e0i san h\u00f4, <\/strong>h\u01a1n <strong data-start=\"2158\" data-end=\"2178\">230 lo\u00e0i c\u00e1 c\u1ea3nh, <\/strong>h\u1ea3i qu\u1ef3, sao bi\u1ec3n, h\u1ea3i s\u00e2m, s\u00f2 bi\u1ec3n\u2026<\/p>\n<h3 data-start=\"2321\" data-end=\"2365\"><span class=\"ez-toc-section\" id=\"23_De_Tham_Gia_%E2%80%93_Khong_Can_Biet_Boi\"><\/span><strong data-start=\"2325\" data-end=\"2365\">2.3 D\u1ec5 Tham Gia \u2013 Kh\u00f4ng C\u1ea7n Bi\u1ebft B\u01a1i<\/strong><span class=\"ez-toc-section-end\"><\/span><\/h3>\n<p data-start=\"2366\" data-end=\"2378\">B\u1ea1n ch\u1ec9 c\u1ea7n: M\u1eb7c \u00e1o phao, \u0111eo k\u00ednh l\u1eb7n, th\u1edf b\u1eb1ng \u1ed1ng.\u00a0L\u00e0 \u0111\u00e3 c\u00f3 th\u1ec3 nh\u1eb9 nh\u00e0ng th\u1ea3 m\u00ecnh tr\u00ean m\u1eb7t n\u01b0\u1edbc.<\/p>\n<h2 data-start=\"3248\" data-end=\"3288\"><span class=\"ez-toc-section\" id=\"3_Quy_Trinh_Snorkeling_Nha_Trang\"><\/span><strong data-start=\"3251\" data-end=\"3288\">3. Quy Tr\u00ecnh Snorkeling Nha Trang<\/strong>.<span class=\"ez-toc-section-end\"><\/span><\/h2>\n<ol data-start=\"3290\" data-end=\"3595\">\n<li data-start=\"3374\" data-end=\"3421\">\n<p data-start=\"3377\" data-end=\"3421\"><strong data-start=\"3377\" data-end=\"3394\">Nh\u1eadn thi\u1ebft b\u1ecb<\/strong>: \u1ed1ng th\u1edf, k\u00ednh l\u1eb7n.<\/p>\n<\/li>\n<li data-start=\"3422\" data-end=\"3468\">\n<p data-start=\"3425\" data-end=\"3468\"><strong data-start=\"3425\" data-end=\"3468\">Nghe h\u01b0\u1edbng d\u1eabn k\u1ef9 thu\u1eadt th\u1edf v\u00e0 an to\u00e0n.<\/strong><\/p>\n<\/li>\n<li data-start=\"3469\" data-end=\"3507\">\n<p data-start=\"3472\" data-end=\"3507\"><strong data-start=\"3472\" data-end=\"3507\">B\u1eaft \u0111\u1ea7u l\u1eb7n quan s\u00e1t d\u01b0\u1edbi n\u01b0\u1edbc.<\/strong><\/p>\n<\/li>\n<li data-start=\"3508\" data-end=\"3547\">\n<p data-start=\"3511\" data-end=\"3547\"><strong data-start=\"3511\" data-end=\"3547\">Ch\u1ee5p h\u00ecnh \u2013 quay video l\u01b0u ni\u1ec7m.<\/strong><\/p>\n<\/li>\n<li data-start=\"3548\" data-end=\"3595\">\n<p data-start=\"3551\" data-end=\"3595\"><strong data-start=\"3551\" data-end=\"3595\">Th\u01b0 gi\u00e3n &amp; t\u1eafm n\u01b0\u1edbc ng\u1ecdt sau h\u00e0nh tr\u00ecnh.<\/strong><\/p>\n<\/li>\n<\/ol>\n<h2 data-start=\"4196\" data-end=\"4233\"><span class=\"ez-toc-section\" id=\"Meo_Chup_Anh_Snorkeling_Dep\"><\/span><strong data-start=\"4199\" data-end=\"4233\">M\u1eb9o Ch\u1ee5p \u1ea2nh Snorkeling \u0110\u1eb9p<\/strong><span class=\"ez-toc-section-end\"><\/span><\/h2>\n<div class=\"_tableContainer_1rjym_1\">\n<div class=\"group _tableWrapper_1rjym_13 flex w-fit flex-col-reverse\" tabindex=\"-1\">\n<table class=\"w-fit min-w-(--thread-content-width)\" data-start=\"4235\" data-end=\"4461\">\n<thead data-start=\"4235\" data-end=\"4253\">\n<tr data-start=\"4235\" data-end=\"4253\">\n<th data-start=\"4235\" data-end=\"4244\" data-col-size=\"sm\">Y\u1ebfu t\u1ed1<\/th>\n<th data-start=\"4244\" data-end=\"4253\" data-col-size=\"md\">\uc81c\uc548\ud558\ub2e4<\/th>\n<\/tr>\n<\/thead>\n<tbody data-start=\"4271\" data-end=\"4461\">\n<tr data-start=\"4271\" data-end=\"4313\">\n<td data-start=\"4271\" data-end=\"4281\" data-col-size=\"sm\">Gi\u1edd \u0111\u1eb9p<\/td>\n<td data-col-size=\"md\" data-start=\"4281\" data-end=\"4313\">8:00 \u2013 10:30 &amp; 14:00 \u2013 16:00<\/td>\n<\/tr>\n<tr data-start=\"4314\" data-end=\"4365\">\n<td data-start=\"4314\" data-end=\"4327\" data-col-size=\"sm\">Trang ph\u1ee5c<\/td>\n<td data-col-size=\"md\" data-start=\"4327\" data-end=\"4365\">\u0110\u1ed3 b\u01a1i m\u00e0u s\u00e1ng \u2013 \u0111\u1ecf \u2013 v\u00e0ng \u2013 xanh<\/td>\n<\/tr>\n<tr data-start=\"4366\" data-end=\"4420\">\n<td data-start=\"4366\" data-end=\"4375\" data-col-size=\"sm\">T\u01b0 th\u1ebf<\/td>\n<td data-col-size=\"md\" data-start=\"4375\" data-end=\"4420\">Th\u1ea3 l\u1ecfng, du\u1ed7i tay nh\u1eb9, nh\u00ecn xu\u1ed1ng san h\u00f4<\/td>\n<\/tr>\n<tr data-start=\"4421\" data-end=\"4461\">\n<td data-start=\"4421\" data-end=\"4431\" data-col-size=\"sm\">C\u00f4ng c\u1ee5<\/td>\n<td data-col-size=\"md\" data-start=\"4431\" data-end=\"4461\">Gopro + d\u00e2y bu\u1ed9c ch\u1ed1ng r\u01a1i<\/td>\n<\/tr>\n<\/tbody>\n<\/table>\n<\/div>\n<\/div>\n<p>&nbsp;<\/p>","protected":false},"excerpt":{"rendered":"<h3 class=\"product-title product_title entry-title\"><span style=\"color: #0000ff; font-size: 100%;\">Snorkeling H\u00f2n T\u1eb1m: 300.000 VN\u0110\/15 ph\u00fat\/ng\u01b0\u1eddi<\/span><\/h3>\n<p><img loading=\"lazy\" decoding=\"async\" class=\"size-full wp-image-40046 alignnone\" src=\"https:\/\/tourdaonhatrang.com\/wp-content\/uploads\/2023\/01\/phieu-khuyen-mai-thanh-toan-ngay.png\" alt=\"\" width=\"420\" height=\"180\" srcset=\"https:\/\/tourdaonhatrang.com\/wp-content\/uploads\/2023\/01\/phieu-khuyen-mai-thanh-toan-ngay.png 420w, https:\/\/tourdaonhatrang.com\/wp-content\/uploads\/2023\/01\/phieu-khuyen-mai-thanh-toan-ngay-300x129.png 300w, https:\/\/tourdaonhatrang.com\/wp-content\/uploads\/2023\/01\/phieu-khuyen-mai-thanh-toan-ngay-18x8.png 18w, https:\/\/tourdaonhatrang.com\/wp-content\/uploads\/2023\/01\/phieu-khuyen-mai-thanh-toan-ngay-400x171.png 400w\" sizes=\"auto, (max-width: 420px) 100vw, 420px\" \/><\/p>\n<ul>\n<li data-start=\"3471\" data-end=\"3489\">\ub2e4\uc774\ube59 \uace0\uae00, \uc2a4\ub178\ud074<\/li>\n<li data-start=\"3471\" data-end=\"3489\"><span style=\"color: #333333;\">\ud56b\ub77c\uc778: <\/span><a href=\"tel:0849256256\">0849 256 256<\/a><\/li>\n<li><span style=\"color: #0000ff;\">10% \uc9c0\ubd88 \uc81c\uc548<\/span><\/li>\n<li>\ud63c\ud0d0\uc12c\uc758 \uc11c\ube44\uc2a4<\/li>\n<\/ul>\n<div class=\"hJDwNd-AhqUyc-qWD73c purZT-AhqUyc-II5mzb pSzOP-AhqUyc-qWD73c JNdkSc\">\n<div class=\"JNdkSc-SmKAyb\">\n<div class=\"\">\n<div class=\"oKdM2c Kzv0Me\">\n<div class=\"hJDwNd-AhqUyc-qWD73c purZT-AhqUyc-II5mzb pSzOP-AhqUyc-qWD73c JNdkSc\">\n<div class=\"JNdkSc-SmKAyb\">\n<div class=\"\">\n<div class=\"oKdM2c Kzv0Me\">\n<div id=\"h.f128f2fe5256b73_1433\" class=\"hJDwNd-AhqUyc-qWD73c jXK9ad D2fZ2 OjCsFc wHaque GNzUNc\">\n<div class=\"jXK9ad-SmKAyb\">\n<div class=\"tyJCtd mGzaTb baZpAe\">\n<div class=\"row row-small mua-ngay-button\">\n<div class=\"cot1 medium-6 small-12 large-6\">\n<div class=\"col-inner\"><a class=\"button primary is-large lowercase expand\" style=\"border-radius: 3px;\" href=\"https:\/\/tourdaonhatrang.com\/ko\/snorkeling-nha-trang\/\">\uc790\uc138\ud55c \ub0b4\uc6a9\uc744 \ud655\uc778\ud558\uc138\uc694<br \/>\n<\/a><\/div>\n<\/div>\n<div class=\"cot2 medium-6 small-12 large-6\">\n<div class=\"col-inner\"><a class=\"button success is-large lowercase expand\" style=\"border-radius: 3px;\" href=\"https:\/\/tourdaonhatrang.com\/ko\/the-thao-bien-hon-tam\/#the-thao-bien-hon-tam\" target=\"_self\" rel=\"noopener\"><span style=\"vertical-align: inherit;\">\ud83d\uded2 \ud2f0\ucf13\uc744 \ube60\ub974\uac8c \uc608\ub9e4\ud558\uc138\uc694<\/span><\/a><\/div>\n<\/div>\n<\/div>\n<\/div>\n<\/div>\n<\/div>\n<\/div>\n<\/div>\n<\/div>\n<\/div>\n<\/div>\n<\/div>\n<\/div>\n<\/div>","protected":false},"featured_media":38335,"comment_status":"open","ping_status":"closed","template":"","meta":[],"product_brand":[],"product_cat":[739],"product_tag":[752],"class_list":{"0":"post-38333","1":"product","2":"type-product","3":"status-publish","4":"has-post-thumbnail","6":"product_cat-the-thao-bien-nha-trang","7":"product_tag-snorkeling-nha-trang","9":"first","10":"instock","11":"shipping-taxable","12":"product-type-simple"},"_links":{"self":[{"href":"https:\/\/tourdaonhatrang.com\/ko\/wp-json\/wp\/v2\/product\/38333","targetHints":{"allow":["GET"]}}],"collection":[{"href":"https:\/\/tourdaonhatrang.com\/ko\/wp-json\/wp\/v2\/product"}],"about":[{"href":"https:\/\/tourdaonhatrang.com\/ko\/wp-json\/wp\/v2\/types\/product"}],"replies":[{"embeddable":true,"href":"https:\/\/tourdaonhatrang.com\/ko\/wp-json\/wp\/v2\/comments?post=38333"}],"wp:featuredmedia":[{"embeddable":true,"href":"https:\/\/tourdaonhatrang.com\/ko\/wp-json\/wp\/v2\/media\/38335"}],"wp:attachment":[{"href":"https:\/\/tourdaonhatrang.com\/ko\/wp-json\/wp\/v2\/media?parent=38333"}],"wp:term":[{"taxonomy":"product_brand","embeddable":true,"href":"https:\/\/tourdaonhatrang.com\/ko\/wp-json\/wp\/v2\/product_brand?post=38333"},{"taxonomy":"product_cat","embeddable":true,"href":"https:\/\/tourdaonhatrang.com\/ko\/wp-json\/wp\/v2\/product_cat?post=38333"},{"taxonomy":"product_tag","embeddable":true,"href":"https:\/\/tourdaonhatrang.com\/ko\/wp-json\/wp\/v2\/product_tag?post=38333"}],"curies":[{"name":"wp","href":"https:\/\/api.w.org\/{rel}","templated":true}]}}