{"id":36930,"date":"2025-09-14T07:33:46","date_gmt":"2025-09-14T00:33:46","guid":{"rendered":"https:\/\/tourdaonhatrang.com\/?page_id=36930"},"modified":"2026-02-01T14:34:57","modified_gmt":"2026-02-01T07:34:57","slug":"%d0%b1%d1%8b%d1%81%d1%82%d1%80%d0%be-%d0%b1%d1%80%d0%be%d0%bd%d0%b8%d1%80%d1%83%d0%b9%d1%82%d0%b5-%d0%b1%d0%b8%d0%bb%d0%b5%d1%82%d1%8b-%d0%b2-%d1%82%d0%b0%d0%bc-%d0%b1%d1%83%d0%bd-%d1%82%d1%85%d0%b0","status":"publish","type":"page","link":"https:\/\/tourdaonhatrang.com\/ru\/%d0%b1%d1%8b%d1%81%d1%82%d1%80%d0%be-%d0%b1%d1%80%d0%be%d0%bd%d0%b8%d1%80%d1%83%d0%b9%d1%82%d0%b5-%d0%b1%d0%b8%d0%bb%d0%b5%d1%82%d1%8b-%d0%b2-%d1%82%d0%b0%d0%bc-%d0%b1%d1%83%d0%bd-%d1%82%d1%85%d0%b0\/","title":{"rendered":"\u0110\u1eb7t v\u00e9 nhanh t\u1eafm b\u00f9n Th\u00e1p B\u00e0"},"content":{"rendered":"","protected":true},"excerpt":{"rendered":"","protected":true},"author":6,"featured_media":37172,"parent":0,"menu_order":0,"comment_status":"closed","ping_status":"closed","template":"page-blank.php","meta":{"footnotes":""},"class_list":["post-36930","page","type-page","status-publish","post-password-required","hentry"],"_links":{"self":[{"href":"https:\/\/tourdaonhatrang.com\/ru\/wp-json\/wp\/v2\/pages\/36930","targetHints":{"allow":["GET"]}}],"collection":[{"href":"https:\/\/tourdaonhatrang.com\/ru\/wp-json\/wp\/v2\/pages"}],"about":[{"href":"https:\/\/tourdaonhatrang.com\/ru\/wp-json\/wp\/v2\/types\/page"}],"author":[{"embeddable":true,"href":"https:\/\/tourdaonhatrang.com\/ru\/wp-json\/wp\/v2\/users\/6"}],"replies":[{"embeddable":true,"href":"https:\/\/tourdaonhatrang.com\/ru\/wp-json\/wp\/v2\/comments?post=36930"}],"version-history":[{"count":3,"href":"https:\/\/tourdaonhatrang.com\/ru\/wp-json\/wp\/v2\/pages\/36930\/revisions"}],"predecessor-version":[{"id":39949,"href":"https:\/\/tourdaonhatrang.com\/ru\/wp-json\/wp\/v2\/pages\/36930\/revisions\/39949"}],"wp:featuredmedia":[{"embeddable":true,"href":"https:\/\/tourdaonhatrang.com\/ru\/wp-json\/wp\/v2\/media\/37172"}],"wp:attachment":[{"href":"https:\/\/tourdaonhatrang.com\/ru\/wp-json\/wp\/v2\/media?parent=36930"}],"curies":[{"name":"wp","href":"https:\/\/api.w.org\/{rel}","templated":true}]}}