{"id":1618,"date":"2020-12-10T05:40:06","date_gmt":"2020-12-09T22:40:06","guid":{"rendered":"https:\/\/tourdao.com.vn\/?post_type=product&#038;p=1618"},"modified":"2025-12-07T16:09:48","modified_gmt":"2025-12-07T09:09:48","slug":"du-thuyen-catamaran","status":"publish","type":"product","link":"https:\/\/tourdaonhatrang.com\/ru\/du-thuyen-catamaran\/","title":{"rendered":"\u0410\u0440\u0435\u043d\u0434\u0430 \u043a\u0430\u0442\u0430\u043c\u0430\u0440\u0430\u043d\u043e\u0432"},"content":{"rendered":"<p>DU THUY\u1ec0N CATAMARAN<\/p>\n<p>N\u00ea\u0301u du kha\u0301ch \u0111a\u0303 cho\u0323n Nha Trang la\u0300m \u0111i\u00ea\u0309m d\u01b0\u0300ng ch\u00e2n ma\u0300 ch\u01b0a m\u00f4\u0323t l\u00e2\u0300n kha\u0301m pha\u0301 Vi\u0323nh Nha Trang thi\u0300 xem nh\u01b0 \u0111\u00e2y la\u0300 m\u00f4\u0323t thi\u00ea\u0301u so\u0301t v\u00f4 cu\u0300ng l\u01a1\u0301n. Thu\u00ea du thuy\u1ec1n Catamaran tham qauan Vi\u0323nh Nha Trang d\u01b0\u01a1\u0300ng nh\u01b0 la\u0300 m\u00f4\u0323t tuy\u00ea\u0323t ta\u0301c \u0111\u01b0\u01a1\u0323c thi\u00ean nhi\u00ean ban t\u0103\u0323ng cho ng\u01b0\u01a1\u0300i d\u00e2n Nha Trang \u2013 Kha\u0301nh Ho\u0300a.<\/p>\n<p><!--more--><\/p>\n<table width=\"862\">\n<tbody>\n<tr>\n<td>\u041c\u0415\u0421\u0422\u041e \u041e\u0422\u041f\u0420\u0410\u0412\u041b\u0415\u041d\u0418\u042f<\/td>\n<td>B\u1ebfn C\u1ea3ng H\u1ea3i D\u01b0\u01a1ng H\u1ecdc Nha Trang<\/td>\n<\/tr>\n<tr>\n<td>\u0412\u0420\u0415\u041c\u042f \u041e\u0422\u042a\u0415\u0417\u0414\u0410<\/td>\n<td>15:30<\/td>\n<\/tr>\n<tr>\n<td>\u0412\u0420\u0415\u041c\u042f \u0412\u041e\u0417\u0412\u0420\u0410\u0429\u0410\u0422\u042c\u0421\u042f<\/td>\n<td>20h00<\/td>\n<\/tr>\n<tr>\n<td>GI\u00c1 THU\u00ca<\/td>\n<td>1,300USD\/chuy\u1ebfn<\/td>\n<\/tr>\n<tr>\n<td>\u0427\u0422\u041e \u0412\u0417\u042f\u0422\u042c \u0421 \u0421\u041e\u0411\u041e\u0419<\/td>\n<td>\u041a\u0443\u043f\u0430\u043b\u044c\u043d\u0438\u043a, \u043f\u043e\u043b\u043e\u0442\u0435\u043d\u0446\u0435 (\u043f\u043b\u0430\u0432\u0430\u0439\u0442\u0435 \u043c\u043d\u043e\u0433\u043e), \u0441\u043e\u043b\u043d\u0446\u0435\u0437\u0430\u0449\u0438\u0442\u043d\u044b\u0439 \u043a\u0440\u0435\u043c, \u0441\u043e\u043b\u043d\u0446\u0435\u0437\u0430\u0449\u0438\u0442\u043d\u044b\u0435 \u043e\u0447\u043a\u0438, \u043e\u0434\u0435\u0432\u0430\u0439\u0442\u0435\u0441\u044c \u043b\u0435\u0433\u043a\u043e, \u0432\u043e\u0437\u044c\u043c\u0438\u0442\u0435 \u0441 \u0441\u043e\u0431\u043e\u0439 \u0448\u043b\u0435\u043f\u0430\u043d\u0446\u044b \u0438\u043b\u0438 \u043f\u043b\u0430\u0441\u0442\u0438\u043a\u043e\u0432\u0443\u044e \u043e\u0431\u0443\u0432\u044c, \u043d\u0435\u043c\u043d\u043e\u0433\u043e \u0434\u043e\u043f\u043e\u043b\u043d\u0438\u0442\u0435\u043b\u044c\u043d\u044b\u0445 \u0434\u0435\u043d\u0435\u0433, \u043d\u0435 \u0437\u0430\u0431\u0443\u0434\u044c\u0442\u0435 \u0444\u043e\u0442\u043e\u0430\u043f\u043f\u0430\u0440\u0430\u0442, \u0441\u0434\u0435\u043b\u0430\u0439\u0442\u0435 \u0444\u043e\u0442\u043e\u0433\u0440\u0430\u0444\u0438\u0438 \u043d\u0430 \u043f\u0430\u043c\u044f\u0442\u044c, \u043d\u0430 \u043e\u0441\u0442\u0440\u043e\u0432\u0435 \u0443 \u0432\u0430\u0448\u0435\u0433\u043e \u0442\u0435\u043b\u0435\u0444\u043e\u043d\u0430 \u0432\u0441\u0435 \u0435\u0449\u0435 \u0445\u043e\u0440\u043e\u0448\u0438\u0439 \u0441\u0438\u0433\u043d\u0430\u043b.<\/td>\n<\/tr>\n<tr>\n<td>\u00a0BAO G\u1ed2M<\/td>\n<td>\n<table>\n<tbody>\n<tr>\n<td>Du thuy\u1ec1n v\u1eadn chuy\u1ec3n Kh\u00e1ch ra H\u00f2n M\u1ed9t.<\/td>\n<\/tr>\n<tr>\n<td>K\u00ednh l\u1eb7n, \u1ed1ng th\u1edf, \u00e1o phao.(Snorkeling)<\/td>\n<\/tr>\n<tr>\n<td>H\u00f2n M\u1ed9t. (Ch\u01a1i c\u00e1c d\u1ecbch v\u1ee5 tr\u00f2 ch\u01a1i tr\u00ean bi\u1ec3n.)<\/td>\n<\/tr>\n<tr>\n<td>\u0102n nh\u1eb9, tr\u00e1i c\u00e2y, bia, n\u01b0\u1edbc l\u1ecdc, kh\u0103n l\u1ea1nh.<\/td>\n<\/tr>\n<tr>\n<td>C\u00e2u c\u00e1. (C\u00e2u H\u00f2n M\u1ed9t hay H\u00f2n T\u1eb1m t\u00f9y theo m\u00f9a)<\/td>\n<\/tr>\n<tr>\n<td>L\u00e0ng Ch\u00e0i. (\u0102n h\u1ea3i s\u1ea3n s\u1ed1ng tr\u00ean nh\u00e0 h\u00e0ng n\u1ed5i)<\/td>\n<\/tr>\n<\/tbody>\n<\/table>\n<\/td>\n<\/tr>\n<tr>\n<td>GHI CH\u00da<\/td>\n<td>\n<table>\n<tbody>\n<tr>\n<td>\u0412\u043e\u0434\u043d\u044b\u0435 \u0432\u0438\u0434\u044b \u0441\u043f\u043e\u0440\u0442\u0430: \u043a\u0430\u044f\u043a, \u0433\u0438\u0434\u0440\u043e\u0446\u0438\u043a\u043b, \u043f\u0430\u0440\u0430\u0441\u0435\u0439\u043b\u0438\u043d\u0433, \u043a\u0430\u0442\u0430\u043d\u0438\u0435 \u043d\u0430 \u0431\u0430\u043d\u0430\u043d\u0435\u2026.<\/td>\n<\/tr>\n<tr>\n<td>Ph\u1ee5 thu t\u1eeb ng\u01b0\u1eddi th\u1ee9 11 (130usd\/ng\u01b0\u1eddi)<\/td>\n<\/tr>\n<tr>\n<td>S\u1ed1 l\u01b0\u1ee3ng t\u1ed1i \u0111a 20 ng\u01b0\u1eddi.<\/td>\n<\/tr>\n<\/tbody>\n<\/table>\n<\/td>\n<\/tr>\n<\/tbody>\n<\/table>\n<h4><!--more--><\/h4>","protected":false},"excerpt":{"rendered":"<h3><span style=\"color: #0000ff;\"><strong>\u0410\u0440\u0435\u043d\u0434\u0430 \u044f\u0445\u0442 \u0432 \u041d\u044f\u0447\u0430\u043d\u0433\u0435<\/strong><\/span><\/h3>\n<ul>\n<li>\u0422\u0443\u0440 1 \u043e\u0441\u0442\u0440\u043e\u0432: \u041c\u0438\u043d\u0438-\u0411\u0438\u0447, \u0412\u0438\u043f\u0435\u0430\u0440\u043b<\/li>\n<li>\u0422\u0443\u0440 \u043d\u0430 2 \u043e\u0441\u0442\u0440\u043e\u0432\u0430: \u0411\u0430\u0439 \u0422\u0440\u0430\u043d \u2013 \u0425\u043e\u043d \u0421\u043e\u0439<\/li>\n<li>\u0422\u0443\u0440 \u043d\u0430 3 \u043e\u0441\u0442\u0440\u043e\u0432\u0430: \u0425\u043e\u043d \u041c\u0443\u043d \u2013 \u0420\u044b\u0431\u0430\u0446\u043a\u0430\u044f \u0434\u0435\u0440\u0435\u0432\u043d\u044f \u2013 \u0425\u043e\u043d \u0422\u0430\u043c<\/li>\n<li>\u0410\u0440\u0435\u043d\u0434\u0430 \u043a\u0430\u043d\u043e\u044d \u0440\u0430\u0441\u0441\u0447\u0438\u0442\u044b\u0432\u0430\u0435\u0442\u0441\u044f \u043f\u043e \u043a\u043e\u043b\u0438\u0447\u0435\u0441\u0442\u0432\u0443 \u0447\u0435\u043b\u043e\u0432\u0435\u043a.<\/li>\n<li><strong><span style=\"color: #0000ff;\">\u041f\u0440\u0435\u0434\u043b\u043e\u0436\u0435\u043d\u0438\u0435 5%<\/span><\/strong><\/li>\n<\/ul>\n<div class=\"hJDwNd-AhqUyc-qWD73c purZT-AhqUyc-II5mzb pSzOP-AhqUyc-qWD73c JNdkSc\">\n<div class=\"JNdkSc-SmKAyb\">\n<div class=\"\">\n<div class=\"oKdM2c Kzv0Me\"><\/div>\n<\/div>\n<\/div>\n<\/div>\n<div class=\"hJDwNd-AhqUyc-qWD73c purZT-AhqUyc-II5mzb pSzOP-AhqUyc-qWD73c JNdkSc\">\n<div class=\"JNdkSc-SmKAyb\">\n<div class=\"\">\n<div class=\"oKdM2c Kzv0Me\">\n<div id=\"h.f128f2fe5256b73_1433\" class=\"hJDwNd-AhqUyc-qWD73c jXK9ad D2fZ2 OjCsFc wHaque GNzUNc\">\n<div class=\"jXK9ad-SmKAyb\">\n<div class=\"tyJCtd mGzaTb baZpAe\">\n<div class=\"row row-small mua-ngay-button\">\n<div class=\"cot1 medium-6 small-12 large-6\">\n<div class=\"col-inner\"><a class=\"button primary is-large lowercase expand\" style=\"border-radius: 3px;\" href=\"https:\/\/zalo.me\/0849256256\" target=\"_blank\" rel=\"noopener noreferrer\"><i class=\"icon-checkmark\"><\/i> \u0427\u0430\u0442 \u0417\u0430\u043b\u043e<br \/>\n<\/a><\/div>\n<\/div>\n<div class=\"cot2 medium-6 small-12 large-6\">\n<div class=\"col-inner\"><a class=\"button success is-large lowercase expand\" style=\"border-radius: 3px;\" href=\"https:\/\/tourdaonhatrang.com\/ru\/%d0%b0%d1%80%d0%b5%d0%bd%d0%b4%d0%b0-%d0%ba%d0%b0%d0%bd%d0%be%d1%8d-%d0%b2-%d0%bd%d1%8f%d1%87%d0%b0%d0%bd%d0%b3%d0%b5\/\" target=\"_self\" rel=\"noopener\">\u0417\u0430\u0431\u0440\u043e\u043d\u0438\u0440\u0443\u0439\u0442\u0435 \u043a\u0430\u043d\u043e\u044d \u0441\u0435\u0439\u0447\u0430\u0441<\/a><\/div>\n<\/div>\n<\/div>\n<\/div>\n<\/div>\n<\/div>\n<\/div>\n<\/div>\n<\/div>\n<\/div>","protected":false},"featured_media":26903,"comment_status":"closed","ping_status":"closed","template":"","meta":[],"product_brand":[],"product_cat":[644],"product_tag":[96],"class_list":{"0":"post-1618","1":"product","2":"type-product","3":"status-publish","4":"has-post-thumbnail","6":"product_cat-thue-cano","7":"product_tag-tour-du-thuyen-nha-trang","9":"first","10":"instock","11":"shipping-taxable","12":"product-type-simple"},"_links":{"self":[{"href":"https:\/\/tourdaonhatrang.com\/ru\/wp-json\/wp\/v2\/product\/1618","targetHints":{"allow":["GET"]}}],"collection":[{"href":"https:\/\/tourdaonhatrang.com\/ru\/wp-json\/wp\/v2\/product"}],"about":[{"href":"https:\/\/tourdaonhatrang.com\/ru\/wp-json\/wp\/v2\/types\/product"}],"replies":[{"embeddable":true,"href":"https:\/\/tourdaonhatrang.com\/ru\/wp-json\/wp\/v2\/comments?post=1618"}],"wp:featuredmedia":[{"embeddable":true,"href":"https:\/\/tourdaonhatrang.com\/ru\/wp-json\/wp\/v2\/media\/26903"}],"wp:attachment":[{"href":"https:\/\/tourdaonhatrang.com\/ru\/wp-json\/wp\/v2\/media?parent=1618"}],"wp:term":[{"taxonomy":"product_brand","embeddable":true,"href":"https:\/\/tourdaonhatrang.com\/ru\/wp-json\/wp\/v2\/product_brand?post=1618"},{"taxonomy":"product_cat","embeddable":true,"href":"https:\/\/tourdaonhatrang.com\/ru\/wp-json\/wp\/v2\/product_cat?post=1618"},{"taxonomy":"product_tag","embeddable":true,"href":"https:\/\/tourdaonhatrang.com\/ru\/wp-json\/wp\/v2\/product_tag?post=1618"}],"curies":[{"name":"wp","href":"https:\/\/api.w.org\/{rel}","templated":true}]}}