{"id":17435,"date":"2022-08-25T18:58:19","date_gmt":"2022-08-25T11:58:19","guid":{"rendered":"https:\/\/biennhatrang.com.vn\/?post_type=product&#038;p=17435"},"modified":"2025-12-08T14:05:30","modified_gmt":"2025-12-08T07:05:30","slug":"ve-hon-tam-nha-trang-seaday-02","status":"publish","type":"product","link":"https:\/\/tourdaonhatrang.com\/ru\/ve-hon-tam-nha-trang-seaday-02\/","title":{"rendered":"\u0421\u0442\u043e\u0438\u043c\u043e\u0441\u0442\u044c \u0431\u0438\u043b\u0435\u0442\u043e\u0432 \u0432 \u0425\u043e\u043d \u0422\u0430\u043c \u041d\u044f\u0447\u0430\u043d\u0433 \u2013 \u043f\u0440\u043e\u043a\u0430\u0442 \u043a\u0430\u043d\u043e\u044d \u0432 \u041d\u044f\u0447\u0430\u043d\u0433\u0435"},"content":{"rendered":"<p>Gi\u00e1 V\u00e9 H\u00f2n T\u1eb1m Nha Trang Seaday 02 v\u1edbi 600,000 \u0111\u1ed3ng Mi\u1ec5n ph\u00ed s\u1eed d\u1ee5ng 8 ti\u1ec7n \u00edch, t\u1eafm bi\u1ec3n H\u00f2n T\u1eb1m, ch\u00e8o Kayak, ti\u1ec7c buffet kh\u00f4ng gi\u1edbi h\u1ea1n v\u00e0 h\u01a1n th\u1ebf n\u1eefa \u0110\u1eb7t v\u00e9 tr\u1ef1c tuy\u1ebfn ho\u1eb7c qua \u0111i\u1ec7n tho\u1ea1i 0849 256 256<\/p>\n<p>\u041e\u0442\u043f\u0440\u0430\u0432\u043b\u0435\u043d\u0438\u0435 \u0432 <strong><a href=\"https:\/\/tourdaonhatrang.com\/ru\/ben-tau-du-lich-nha-trang\/\">\u0422\u0443\u0440\u0438\u0441\u0442\u0438\u0447\u0435\u0441\u043a\u0438\u0439 \u043f\u0440\u0438\u0447\u0430\u043b \u041d\u044f\u0447\u0430\u043d\u0433\u0430<\/a><\/strong> \u2013 \u041f\u0440\u0438\u043e\u0431\u0440\u0435\u0442\u0430\u0439\u0442\u0435 \u0431\u0438\u043b\u0435\u0442\u044b \u043f\u0440\u044f\u043c\u043e \u043d\u0430 \u043e\u0441\u0442\u0440\u043e\u0432\u0435 \u0425\u043e\u043d \u0422\u0430\u043c<\/p>\n<div id=\"ez-toc-container\" class=\"ez-toc-v2_0_82_2 counter-hierarchy ez-toc-counter ez-toc-grey ez-toc-container-direction\">\n<div class=\"ez-toc-title-container\">\n<p class=\"ez-toc-title\" style=\"cursor:inherit\">\u0421\u043e\u0434\u0435\u0440\u0436\u0430\u043d\u0438\u0435<\/p>\n<span class=\"ez-toc-title-toggle\"><a href=\"#\" class=\"ez-toc-pull-right ez-toc-btn ez-toc-btn-xs ez-toc-btn-default ez-toc-toggle\" aria-label=\"Toggle Table of Content\"><span class=\"ez-toc-js-icon-con\"><span class=\"\"><span class=\"eztoc-hide\" style=\"display:none;\">\u041f\u0435\u0440\u0435\u043a\u043b\u044e\u0447\u0430\u0442\u044c<\/span><span class=\"ez-toc-icon-toggle-span\"><svg style=\"fill: #999;color:#999\" xmlns=\"http:\/\/www.w3.org\/2000\/svg\" class=\"list-377408\" width=\"20px\" height=\"20px\" viewbox=\"0 0 24 24\" fill=\"none\"><path d=\"M6 6H4v2h2V6zm14 0H8v2h12V6zM4 11h2v2H4v-2zm16 0H8v2h12v-2zM4 16h2v2H4v-2zm16 0H8v2h12v-2z\" fill=\"currentColor\"><\/path><\/svg><svg style=\"fill: #999;color:#999\" class=\"arrow-unsorted-368013\" xmlns=\"http:\/\/www.w3.org\/2000\/svg\" width=\"10px\" height=\"10px\" viewbox=\"0 0 24 24\" version=\"1.2\" baseprofile=\"tiny\"><path d=\"M18.2 9.3l-6.2-6.3-6.2 6.3c-.2.2-.3.4-.3.7s.1.5.3.7c.2.2.4.3.7.3h11c.3 0 .5-.1.7-.3.2-.2.3-.5.3-.7s-.1-.5-.3-.7zM5.8 14.7l6.2 6.3 6.2-6.3c.2-.2.3-.5.3-.7s-.1-.5-.3-.7c-.2-.2-.4-.3-.7-.3h-11c-.3 0-.5.1-.7.3-.2.2-.3.5-.3.7s.1.5.3.7z\"\/><\/svg><\/span><\/span><\/span><\/a><\/span><\/div>\n<nav><ul class='ez-toc-list ez-toc-list-level-1' ><li class='ez-toc-page-1 ez-toc-heading-level-2'><a class=\"ez-toc-link ez-toc-heading-1\" href=\"https:\/\/tourdaonhatrang.com\/ru\/ve-hon-tam-nha-trang-seaday-02\/#Khu_vui_choi_Hon_Tam_Sparkling_Waves\" >\u041f\u0430\u0440\u043a \u0440\u0430\u0437\u0432\u043b\u0435\u0447\u0435\u043d\u0438\u0439 \u00ab\u0421\u0432\u0435\u0440\u043a\u0430\u044e\u0449\u0438\u0435 \u0432\u043e\u043b\u043d\u044b\u00bb \u043d\u0430 \u043e\u0441\u0442\u0440\u043e\u0432\u0435 \u0425\u043e\u043d \u0422\u0430\u043c<\/a><\/li><li class='ez-toc-page-1 ez-toc-heading-level-2'><a class=\"ez-toc-link ez-toc-heading-2\" href=\"https:\/\/tourdaonhatrang.com\/ru\/ve-hon-tam-nha-trang-seaday-02\/#Gia_ve_Hon_Tam_Nha_Trang_Seaday_02_bao_gom_nhung_gi\" >Gi\u00e1 v\u00e9 H\u00f2n T\u1eb1m Nha Trang Seaday 02 bao g\u1ed3m nh\u1eefng g\u00ec<\/a><ul class='ez-toc-list-level-3' ><li class='ez-toc-heading-level-3'><a class=\"ez-toc-link ez-toc-heading-3\" href=\"https:\/\/tourdaonhatrang.com\/ru\/ve-hon-tam-nha-trang-seaday-02\/#Gia_Ve_Hon_Tam_Nha_Trang\" >Gi\u00e1 V\u00e9 H\u00f2n T\u1eb1m Nha Trang<\/a><\/li><li class='ez-toc-page-1 ez-toc-heading-level-3'><a class=\"ez-toc-link ez-toc-heading-4\" href=\"https:\/\/tourdaonhatrang.com\/ru\/ve-hon-tam-nha-trang-seaday-02\/#Tour_Hon_Tam_bao_gom\" >\u0422\u0443\u0440 \u043d\u0430 \u043e\u0441\u0442\u0440\u043e\u0432 \u0425\u043e\u043d \u0422\u0430\u043c \u0432\u043a\u043b\u044e\u0447\u0430\u0435\u0442 \u0432 \u0441\u0435\u0431\u044f:<\/a><\/li><li class='ez-toc-page-1 ez-toc-heading-level-3'><a class=\"ez-toc-link ez-toc-heading-5\" href=\"https:\/\/tourdaonhatrang.com\/ru\/ve-hon-tam-nha-trang-seaday-02\/#Tour_khong_bao_gom\" >\u0422\u0443\u0440 \u043d\u0435 \u0432\u043a\u043b\u044e\u0447\u0430\u0435\u0442<\/a><\/li><\/ul><\/li><li class='ez-toc-page-1 ez-toc-heading-level-2'><a class=\"ez-toc-link ez-toc-heading-6\" href=\"https:\/\/tourdaonhatrang.com\/ru\/ve-hon-tam-nha-trang-seaday-02\/#Chuan_bi_mot_so_vat_dung_can_thiet_khi_di_du_lich_Hon_Tam_Nha_Trang\" >\u041f\u043e\u0434\u0433\u043e\u0442\u043e\u0432\u044c\u0442\u0435 \u043d\u0435\u043e\u0431\u0445\u043e\u0434\u0438\u043c\u044b\u0435 \u0432\u0435\u0449\u0438 \u0434\u043b\u044f \u043f\u043e\u0435\u0437\u0434\u043a\u0438 \u0432 \u0425\u043e\u043d \u0422\u0430\u043c \u041d\u044f\u0447\u0430\u043d\u0433<\/a><\/li><li class='ez-toc-page-1 ez-toc-heading-level-2'><a class=\"ez-toc-link ez-toc-heading-7\" href=\"https:\/\/tourdaonhatrang.com\/ru\/ve-hon-tam-nha-trang-seaday-02\/#Cach_ra_ben_tau_Hon_Tam\" >\u041a\u0430\u043a \u0434\u043e\u0431\u0440\u0430\u0442\u044c\u0441\u044f \u0434\u043e \u043f\u0440\u0438\u0447\u0430\u043b\u0430 \u0425\u043e\u043d \u0422\u0430\u043c<\/a><\/li><\/ul><\/nav><\/div>\n<h2><span class=\"ez-toc-section\" id=\"Khu_vui_choi_Hon_Tam_Sparkling_Waves\"><\/span>\u041f\u0430\u0440\u043a \u0440\u0430\u0437\u0432\u043b\u0435\u0447\u0435\u043d\u0438\u0439 \u00ab\u0421\u0432\u0435\u0440\u043a\u0430\u044e\u0449\u0438\u0435 \u0432\u043e\u043b\u043d\u044b\u00bb \u043d\u0430 \u043e\u0441\u0442\u0440\u043e\u0432\u0435 \u0425\u043e\u043d \u0422\u0430\u043c<span class=\"ez-toc-section-end\"><\/span><\/h2>\n<p>\u0418\u0441\u043a\u0440\u044f\u0449\u0438\u0435\u0441\u044f \u0432\u043e\u043b\u043d\u044b \u043e\u0441\u0442\u0440\u043e\u0432\u0430 \u0425\u043e\u043d \u0422\u0430\u043c \u2014 \u043e\u0434\u0438\u043d \u0438\u0437 \u0441\u0430\u043c\u044b\u0445 \u0431\u043e\u0433\u0430\u0442\u044b\u0445 \u0438 \u0440\u0430\u0437\u043d\u043e\u043e\u0431\u0440\u0430\u0437\u043d\u044b\u0445 \u0440\u0430\u0439\u043e\u043d\u043e\u0432 \u043c\u043e\u0440\u0441\u043a\u0438\u0445 \u0440\u0430\u0437\u0432\u043b\u0435\u0447\u0435\u043d\u0438\u0439, \u0438\u0437\u0432\u0435\u0441\u0442\u043d\u044b\u0439 \u043a\u0430\u043a \u0440\u0430\u0439 \u0434\u043b\u044f \u043b\u044e\u0431\u0438\u0442\u0435\u043b\u0435\u0439 \u0432\u043e\u0434\u043d\u044b\u0445 \u0432\u0438\u0434\u043e\u0432 \u0441\u043f\u043e\u0440\u0442\u0430, \u0435\u0441\u043b\u0438 \u0432\u044b \u043f\u043e\u0441\u0435\u0449\u0430\u0435\u0442\u0435 \u0442\u0443\u0440 \u043f\u043e \u043e\u0441\u0442\u0440\u043e\u0432\u0443 \u041d\u044f\u0447\u0430\u043d\u0433.<\/p>\n<p>\u0412 \u043f\u0430\u0440\u043a\u0435 \u0440\u0430\u0437\u0432\u043b\u0435\u0447\u0435\u043d\u0438\u0439\u00a0<strong><a href=\"https:\/\/hontamnhatrang.com\/khu-vui-choi-sparkling-waves\/\" rel=\"noopener\">\u0421\u0432\u0435\u0440\u043a\u0430\u044e\u0449\u0438\u0435 \u0432\u043e\u043b\u043d\u044b \u0425\u043e\u043d \u0422\u0430\u043c\u0430<\/a><\/strong>, \u041a\u043b\u0438\u0435\u043d\u0442\u0430\u043c \u0434\u043e\u0441\u0442\u0443\u043f\u043d\u043e \u043c\u043d\u043e\u0436\u0435\u0441\u0442\u0432\u043e \u0440\u0430\u0437\u043d\u043e\u043e\u0431\u0440\u0430\u0437\u043d\u044b\u0445 \u0438 \u043f\u0440\u0438\u0432\u043b\u0435\u043a\u0430\u0442\u0435\u043b\u044c\u043d\u044b\u0445 \u0432\u0430\u0440\u0438\u0430\u043d\u0442\u043e\u0432 \u0438\u0433\u0440, \u0442\u0430\u043a\u0438\u0445 \u043a\u0430\u043a: \u043a\u0430\u044f\u043a\u0438\u043d\u0433, \u043f\u043b\u044f\u0436\u043d\u044b\u0439 \u0432\u043e\u043b\u0435\u0439\u0431\u043e\u043b, \u0444\u043b\u0430\u0439\u0431\u043e\u0440\u0434 \u0438 \u043d\u0430\u0434\u0443\u0432\u043d\u044b\u0435 \u0434\u043e\u043c\u0430 \u043d\u0430 \u043c\u043e\u0440\u0435.<\/p>\n<p>\u041e\u0441\u043e\u0431\u0435\u043d\u043d\u043e \u0443\u043d\u0438\u043a\u0430\u043b\u044c\u043d\u0430 \u043f\u043e\u0435\u0437\u0434\u043a\u0430 \u043d\u0430 \u043a\u043e\u0440\u0430\u0431\u043b\u0435 Sea Breacher, \u043a\u043e\u0442\u043e\u0440\u0430\u044f \u0434\u043e\u0441\u0442\u0443\u043f\u043d\u0430 \u0442\u043e\u043b\u044c\u043a\u043e \u043d\u0430 \u043e\u0441\u0442\u0440\u043e\u0432\u0435 \u0425\u043e\u043d \u0422\u0430\u043c \u0432 \u041d\u044f\u0447\u0430\u043d\u0433\u0435.<\/p>\n<p><img loading=\"lazy\" decoding=\"async\" src=\"https:\/\/tourdaonhatrang.com\/wp-content\/uploads\/2021\/04\/ve-hon-tam-nha-trang-seaday-02-01.jpeg\" alt=\"\u0411\u0438\u043b\u0435\u0442\u044b \u043d\u0430 Seaday 02 \u0432 \u0425\u043e\u043d \u0422\u0430\u043c \u041d\u044f\u0447\u0430\u043d\u0433\u0435\" width=\"750\" height=\"500\" title=\"\"><\/p>\n<p>\u0418\u0441\u043a\u0440\u044f\u0449\u0438\u0435\u0441\u044f \u0432\u043e\u043b\u043d\u044b \u044f\u0432\u043b\u044f\u044e\u0442\u0441\u044f \u0438\u0437\u044e\u043c\u0438\u043d\u043a\u043e\u0439 \u043e\u0441\u0442\u0440\u043e\u0432\u0430 \u0425\u043e\u043d \u0422\u0430\u043c \u0438 \u0434\u0430\u0440\u044f\u0442 \u043d\u043e\u0432\u044b\u0435 \u044f\u0440\u043a\u0438\u0435 \u0432\u043f\u0435\u0447\u0430\u0442\u043b\u0435\u043d\u0438\u044f \u0442\u0443\u0440\u0438\u0441\u0442\u0430\u043c, \u043e\u0442\u0434\u044b\u0445\u0430\u044e\u0449\u0438\u043c \u043d\u0430 \u043e\u0441\u0442\u0440\u043e\u0432\u0435 \u0438\u043b\u0438 \u043f\u043e\u0441\u0435\u0449\u0430\u044e\u0449\u0438\u043c \u0435\u0433\u043e \u0432 \u0445\u043e\u0434\u0435 \u043e\u0434\u043d\u043e\u0434\u043d\u0435\u0432\u043d\u044b\u0445 \u044d\u043a\u0441\u043a\u0443\u0440\u0441\u0438\u0439.<\/p>\n<p>\u042d\u0442\u043e \u043e\u0442\u043b\u0438\u0447\u043d\u044b\u0439 \u0432\u044b\u0431\u043e\u0440 \u0434\u043b\u044f \u043e\u0434\u043d\u043e\u0434\u043d\u0435\u0432\u043d\u044b\u0445 \u0442\u0443\u0440\u043e\u0432, \u043c\u0435\u0440\u043e\u043f\u0440\u0438\u044f\u0442\u0438\u0439 \u043f\u043e \u043a\u043e\u043c\u0430\u043d\u0434\u043e\u043e\u0431\u0440\u0430\u0437\u043e\u0432\u0430\u043d\u0438\u044e \u0438\u043b\u0438 \u0441\u043f\u043e\u043a\u043e\u0439\u043d\u043e\u0433\u043e \u043e\u0442\u0434\u044b\u0445\u0430 \u0441 \u0441\u0435\u043c\u044c\u0435\u0439.<\/p>\n<p><strong>\u0421\u043c\u043e\u0442\u0440\u0435\u0442\u044c \u0431\u043e\u043b\u044c\u0448\u0435 &gt;&gt;&gt; <a href=\"https:\/\/hontamnhatrang.com\/ve-hon-tam-nha-trang-tron-goi\/\" rel=\"noopener\">\u041f\u0430\u043a\u0435\u0442\u043d\u044b\u0435 \u0431\u0438\u043b\u0435\u0442\u044b \u043d\u0430 \u043e\u0441\u0442\u0440\u043e\u0432 \u0425\u043e\u043d \u0422\u0430\u043c \u2013 \u043e\u0434\u043d\u043e\u0434\u043d\u0435\u0432\u043d\u044b\u0439 \u0442\u0443\u0440 \u043f\u043e \u043e\u0441\u0442\u0440\u043e\u0432\u0443 \u0425\u043e\u043d \u0422\u0430\u043c, \u0437\u043e\u043d\u0430 B<\/a><\/strong><\/p>\n<h2><span class=\"ez-toc-section\" id=\"Gia_ve_Hon_Tam_Nha_Trang_Seaday_02_bao_gom_nhung_gi\"><\/span>Gi\u00e1 v\u00e9 H\u00f2n T\u1eb1m Nha Trang Seaday 02 bao g\u1ed3m nh\u1eefng g\u00ec<span class=\"ez-toc-section-end\"><\/span><\/h2>\n<p>\u0414\u0435\u043d\u044c \u043c\u043e\u0440\u044f Hon Tam Nha Trang 02: \u043e\u0441\u043c\u043e\u0442\u0440 \u0434\u043e\u0441\u0442\u043e\u043f\u0440\u0438\u043c\u0435\u0447\u0430\u0442\u0435\u043b\u044c\u043d\u043e\u0441\u0442\u0435\u0439, \u043a\u0443\u043f\u0430\u043d\u0438\u0435, \u043c\u043e\u0440\u0435\u043f\u0440\u043e\u0434\u0443\u043a\u0442\u044b \u0432 \u0440\u0430\u0439\u0441\u043a\u043e\u043c \u0443\u0433\u043e\u043b\u043a\u0435 \u0440\u0430\u0437\u0432\u043b\u0435\u0447\u0435\u043d\u0438\u0439 Hon Tam Sparkling Waves. \u0422\u0443\u0440\u044b \u043d\u0430 Hon Tam Nha Trang \u0440\u0435\u0430\u043b\u0438\u0437\u0443\u044e\u0442\u0441\u044f \u0432 \u0441\u043e\u043e\u0442\u0432\u0435\u0442\u0441\u0442\u0432\u0438\u0438 \u0441 \u043f\u043e\u043b\u0438\u0442\u0438\u043a\u043e\u0439, \u043e\u0431\u044a\u044f\u0432\u043b\u0435\u043d\u043d\u043e\u0439 \u0430\u043a\u0446\u0438\u043e\u043d\u0435\u0440\u043d\u043e\u0439 \u043a\u043e\u043c\u043f\u0430\u043d\u0438\u0435\u0439 Hon Tam Nha Trang Sea Joint Stock Company.<\/p>\n<h3><span class=\"ez-toc-section\" id=\"Gia_Ve_Hon_Tam_Nha_Trang\"><\/span>Gi\u00e1 V\u00e9 H\u00f2n T\u1eb1m Nha Trang<span class=\"ez-toc-section-end\"><\/span><\/h3>\n<p>V\u00e9 ng\u01b0\u1eddi l\u1edbn : 600,000 VN\u0110<\/p>\n<p>V\u00e9 tr\u1ebb em : 420,000 VN\u0110 (t\u1eeb 100cm \u0111\u1ebfn 140cm).<\/p>\n<p>\u0414\u0435\u0442\u044f\u043c \u0434\u043e 1 \u043c \u0432\u0445\u043e\u0434 \u0431\u0435\u0441\u043f\u043b\u0430\u0442\u043d\u044b\u0439.<\/p>\n<p><img loading=\"lazy\" decoding=\"async\" src=\"https:\/\/tourdaonhatrang.com\/wp-content\/uploads\/2021\/04\/ve-hon-tam-nha-trang-seaday-02-05.jpeg\" alt=\"\u0411\u0438\u043b\u0435\u0442\u044b \u043d\u0430 Seaday 02 \u0432 \u0425\u043e\u043d \u0422\u0430\u043c \u041d\u044f\u0447\u0430\u043d\u0433\u0435\" width=\"750\" height=\"500\" title=\"\"><\/p>\n<h3><span class=\"ez-toc-section\" id=\"Tour_Hon_Tam_bao_gom\"><\/span>\u0422\u0443\u0440 \u043d\u0430 \u043e\u0441\u0442\u0440\u043e\u0432 \u0425\u043e\u043d \u0422\u0430\u043c \u0432\u043a\u043b\u044e\u0447\u0430\u0435\u0442 \u0432 \u0441\u0435\u0431\u044f:<span class=\"ez-toc-section-end\"><\/span><\/h3>\n<p>\u041f\u043e\u0433\u0440\u0443\u0437\u0438\u0442\u0435\u0441\u044c \u0432 \u0441\u0438\u043d\u0435\u0435 \u043c\u043e\u0440\u0435 \u0441 \u043a\u0440\u0438\u0441\u0442\u0430\u043b\u044c\u043d\u043e \u0447\u0438\u0441\u0442\u043e\u0439 \u0432\u043e\u0434\u043e\u0439 \u0438 \u0431\u0435\u043b\u043e\u0441\u043d\u0435\u0436\u043d\u044b\u043c \u043f\u0435\u0441\u0447\u0430\u043d\u044b\u043c \u043f\u043b\u044f\u0436\u0435\u043c \u043f\u0440\u043e\u0442\u044f\u0436\u0435\u043d\u043d\u043e\u0441\u0442\u044c\u044e 1 \u043a\u043c.<\/p>\n<p>\u0423\u0434\u043e\u0431\u0441\u0442\u0432\u0430 \u043d\u0430 \u043f\u043b\u044f\u0436\u0435: \u0437\u043e\u043d\u0442\u0438\u043a\u0438, \u0448\u0435\u0437\u043b\u043e\u043d\u0433\u0438, \u043c\u0430\u0442\u0440\u0430\u0441\u044b.<\/p>\n<p>\u041f\u043e\u0433\u0440\u0443\u0437\u0438\u0442\u0435\u0441\u044c \u0432 \u043d\u0430\u0448 \u0431\u0430\u0441\u0441\u0435\u0439\u043d \u043f\u043b\u043e\u0449\u0430\u0434\u044c\u044e 2400 \u043c\u00b2 \u0441 \u0432\u0438\u0434\u043e\u043c \u043d\u0430 \u0437\u0430\u043b\u0438\u0432 \u041d\u044f\u0447\u0430\u043d\u0433.<\/p>\n<p>\u0412\u043e\u0434\u043d\u044b\u0439 \u0432\u0438\u0434 \u0441\u043f\u043e\u0440\u0442\u0430: \u043a\u0430\u044f\u043a\u0438\u043d\u0433.<\/p>\n<p>\u0412\u0441\u0442\u0440\u044f\u0445\u043d\u0438\u0442\u0435 \u043c\u0443\u0437\u044b\u043a\u0430\u043b\u044c\u043d\u044b\u0439 \u043c\u0438\u0440 \u044f\u0440\u043a\u0438\u043c\u0438 \u0438 \u0432\u0435\u0441\u0435\u043b\u044b\u043c\u0438 \u043f\u043b\u044f\u0436\u043d\u044b\u043c\u0438 \u0442\u0430\u043d\u0446\u0430\u043c\u0438.<\/p>\n<p>Th\u01b0\u1edfng th\u1ee9c buffet h\u1ea3i s\u1ea3n t\u1ea1i nh\u00e0 h\u00e0ng Ocean View.<\/p>\n<p>\u0411\u0435\u0441\u043f\u043b\u0430\u0442\u043d\u043e\u0435 \u043f\u043e\u043b\u044c\u0437\u043e\u0432\u0430\u043d\u0438\u0435 \u043f\u043e\u043b\u043e\u0442\u0435\u043d\u0446\u0430\u043c\u0438 \u0438 \u0448\u043a\u0430\u0444\u0447\u0438\u043a\u0430\u043c\u0438.<\/p>\n<p>&gt;&gt;&gt; <strong><a href=\"https:\/\/tourdaonhatrang.com\/ru\/ve-hon-tam-seaday-tour-tron-goi\/\">\u0411\u0438\u043b\u0435\u0442\u044b \u043d\u0430 \u0442\u0443\u0440 Hon Tam Seaday<\/a><\/strong><\/p>\n<h3><span class=\"ez-toc-section\" id=\"Tour_khong_bao_gom\"><\/span>\u0422\u0443\u0440 \u043d\u0435 \u0432\u043a\u043b\u044e\u0447\u0430\u0435\u0442<span class=\"ez-toc-section-end\"><\/span><\/h3>\n<ul>\n<li>\u0410\u0432\u0442\u043e\u0431\u0443\u0441-\u0448\u0430\u0442\u0442\u043b \u0434\u043e \u043f\u043e\u0440\u0442\u0430 \u0425\u043e\u043d \u0422\u0430\u043c<\/li>\n<li>\u0414\u043e\u043f\u043e\u043b\u043d\u0438\u0442\u0435\u043b\u044c\u043d\u044b\u0435 \u0440\u0430\u0441\u0445\u043e\u0434\u044b, \u0442\u0430\u043a\u0438\u0435 \u043a\u0430\u043a \u043f\u043e\u0434\u0432\u043e\u0434\u043d\u043e\u0435 \u043f\u043b\u0430\u0432\u0430\u043d\u0438\u0435, \u043f\u043e\u043f\u043b\u0430\u0432\u043a\u0438, \u043f\u043e\u043f\u043b\u0430\u0432\u043a\u0438-\u0431\u0430\u043d\u0430\u043d\u044b, \u043f\u0430\u0440\u0430\u0448\u044e\u0442\u044b, \u0432\u043e\u0434\u043d\u044b\u0435 \u043c\u043e\u0442\u043e\u0446\u0438\u043a\u043b\u044b, \u0445\u043e\u0432\u0435\u0440\u0431\u043e\u0440\u0434\u044b<\/li>\n<li><strong><a href=\"https:\/\/tambunhontam.com\/\" rel=\"noopener\">\u0413\u0440\u044f\u0437\u0435\u0432\u044b\u0435 \u0432\u0430\u043d\u043d\u044b \u0425\u043e\u043d \u0422\u0430\u043c<\/a><\/strong><\/li>\n<li>\u041a\u0430\u0442\u0435\u0440-\u0447\u0435\u043b\u043d\u043e\u043a<\/li>\n<\/ul>\n<h2><span class=\"ez-toc-section\" id=\"Chuan_bi_mot_so_vat_dung_can_thiet_khi_di_du_lich_Hon_Tam_Nha_Trang\"><\/span>\u041f\u043e\u0434\u0433\u043e\u0442\u043e\u0432\u044c\u0442\u0435 \u043d\u0435\u043e\u0431\u0445\u043e\u0434\u0438\u043c\u044b\u0435 \u0432\u0435\u0449\u0438 \u0434\u043b\u044f \u043f\u043e\u0435\u0437\u0434\u043a\u0438 \u0432 \u0425\u043e\u043d \u0422\u0430\u043c \u041d\u044f\u0447\u0430\u043d\u0433<span class=\"ez-toc-section-end\"><\/span><\/h2>\n<ul>\n<li>\u0412\u0430\u043c \u0441\u043b\u0435\u0434\u0443\u0435\u0442 \u0432\u0437\u044f\u0442\u044c \u0441 \u0441\u043e\u0431\u043e\u0439 2\u20133 \u043a\u043e\u043c\u043f\u043b\u0435\u043a\u0442\u0430 \u043e\u0434\u0435\u0436\u0434\u044b \u0434\u043b\u044f \u0443\u0434\u043e\u0431\u0441\u0442\u0432\u0430 \u043f\u0435\u0440\u0435\u043e\u0434\u0435\u0432\u0430\u043d\u0438\u044f, \u0444\u043e\u0442\u043e\u0441\u044a\u0435\u043c\u043a\u0438 \u043f\u0440\u0438 \u0440\u0435\u0433\u0438\u0441\u0442\u0440\u0430\u0446\u0438\u0438 \u0438 \u043a\u0443\u043f\u0430\u043d\u0438\u044f.<\/li>\n<li>\u041f\u043e\u0441\u043a\u043e\u043b\u044c\u043a\u0443 \u044d\u0442\u043e \u043f\u0440\u0438\u0431\u0440\u0435\u0436\u043d\u0430\u044f \u0437\u043e\u043d\u0430, \u043d\u0435\u0438\u0437\u0431\u0435\u0436\u043d\u043e, \u0447\u0442\u043e <a href=\"https:\/\/tourdaonhatrang.com\/ru\/tour-du-lich-dao-hon-tam-nha-trang\/\">\u0425\u043e\u043d \u0422\u0430\u043c \u041d\u044f\u0447\u0430\u043d\u0433<\/a> \u0414\u043e\u0441\u0442\u0430\u0442\u043e\u0447\u043d\u043e \u201c\u0441\u043e\u043b\u043d\u0435\u0447\u043d\u043e \u0438 \u0432\u0435\u0442\u0440\u0435\u043d\u043e\u201d. \u041f\u043e\u044d\u0442\u043e\u043c\u0443 \u0441\u0442\u043e\u0438\u0442 \u0442\u0449\u0430\u0442\u0435\u043b\u044c\u043d\u043e \u043f\u043e\u0434\u0433\u043e\u0442\u043e\u0432\u0438\u0442\u044c \u043a\u0440\u0435\u043c\u044b \u0434\u043b\u044f \u043a\u043e\u0436\u0438 \u0438 \u0441\u043e\u043b\u043d\u0446\u0435\u0437\u0430\u0449\u0438\u0442\u043d\u044b\u0435 \u0441\u0440\u0435\u0434\u0441\u0442\u0432\u0430, \u0447\u0442\u043e\u0431\u044b \u043d\u0435 \u201c\u043f\u043e\u0442\u0435\u0440\u044f\u0442\u044c \u0442\u043e\u043d\u0443\u0441\u201d \u043f\u043e\u0441\u043b\u0435 \u043f\u043e\u0435\u0437\u0434\u043a\u0438.<\/li>\n<li>\u0412\u0430\u043c \u0441\u043b\u0435\u0434\u0443\u0435\u0442 \u0432\u0437\u044f\u0442\u044c \u0441 \u0441\u043e\u0431\u043e\u0439 \u0432\u0441\u0435 \u043b\u0438\u0447\u043d\u044b\u0435 \u0434\u043e\u043a\u0443\u043c\u0435\u043d\u0442\u044b, \u043d\u0430\u043b\u0438\u0447\u043d\u044b\u0435 \u0434\u0435\u043d\u044c\u0433\u0438, \u043b\u0435\u043a\u0430\u0440\u0441\u0442\u0432\u0430 \u043e\u0442 \u0443\u043a\u0430\u0447\u0438\u0432\u0430\u043d\u0438\u044f \u0438 \u043d\u0435\u043e\u0431\u0445\u043e\u0434\u0438\u043c\u044b\u0435 \u0442\u0443\u0430\u043b\u0435\u0442\u043d\u044b\u0435 \u043f\u0440\u0438\u043d\u0430\u0434\u043b\u0435\u0436\u043d\u043e\u0441\u0442\u0438.<\/li>\n<\/ul>\n<h2><span class=\"ez-toc-section\" id=\"Cach_ra_ben_tau_Hon_Tam\"><\/span>\u041a\u0430\u043a \u0434\u043e\u0431\u0440\u0430\u0442\u044c\u0441\u044f \u0434\u043e \u043f\u0440\u0438\u0447\u0430\u043b\u0430 \u0425\u043e\u043d \u0422\u0430\u043c<span class=\"ez-toc-section-end\"><\/span><\/h2>\n<ul>\n<li>Mua tour H\u00f2n T\u1eb1m tr\u1ecdn g\u00f3i c\u00f3 \u0111\u01b0a \u0111\u00f3n \u0111\u1ec3 c\u00f3 xe \u0111\u01b0a ra c\u1ea3ng H\u00f2n T\u1eb1m<\/li>\n<li>\u0110\u00f3n taxi hay grad ra c\u1ea3ng H\u00f2n T\u1eb1m<\/li>\n<li>\u0110i xe ri\u00eang ra c\u1ea3ng c\u00f3 b\u00e3i \u0111\u1eadu xe mi\u1ec5n ph\u00ed<\/li>\n<\/ul>\n<p>B\u1ebfn t\u00e0u H\u00f2n T\u1eafm Nha Trang n\u1eb1m ph\u00eda nam th\u00e0nh ph\u1ed1 Nha Trang cu\u1ed1i \u0111\u01b0\u1eddng Tr\u1ea7n Ph\u00fa l\u00e0 c\u1ea3ng ri\u00eang.<\/p>","protected":false},"excerpt":{"rendered":"<h3><span style=\"color: #0000ff;\">\u0412\u0437\u0440\u043e\u0441\u043b\u044b\u0435: 600 000 \u0434\u043e\u043d\u0433\u043e\u0432<\/span><\/h3>\n<h3><span style=\"color: #0000ff;\">\u041f\u0435\u043d\u0441\u0438\u043e\u043d\u0435\u0440\u044b\/\u0434\u0435\u0442\u0438: 420 000 \u0434\u043e\u043d\u0433\u043e\u0432<\/span><\/h3>\n<ul>\n<li><span style=\"color: #ff0000;\">\u041a\u0430\u043d\u043e\u044d \u043d\u0435 \u0432\u0445\u043e\u0434\u0438\u0442 \u0432 \u043a\u043e\u043c\u043f\u043b\u0435\u043a\u0442.<\/span><\/li>\n<li>\u0423\u0441\u043b\u0443\u0433\u0438 \u0437\u043e\u043d\u044b B <span style=\"color: #ff0000;\">(t\u1eb7ng khu B b\u00e3i bi\u1ec3n)<\/span><\/li>\n<li>\u0411\u0435\u0441\u043f\u043b\u0430\u0442\u043d\u044b\u0439 \u0437\u043e\u043d\u0442\u0438\u043a \u0438 \u043f\u043e\u043b\u043e\u0442\u0435\u043d\u0446\u0435<\/li>\n<li>\u041c\u0443\u0437\u044b\u043a\u0430\u043b\u044c\u043d\u0430\u044f \u043f\u0440\u043e\u0433\u0440\u0430\u043c\u043c\u0430<\/li>\n<li>\u041a\u0430\u044f\u043a\u0438\u043d\u0433<\/li>\n<li>\u041e\u0431\u0435\u0434\u0435\u043d\u043d\u044b\u0439 \u0448\u0432\u0435\u0434\u0441\u043a\u0438\u0439 \u0441\u0442\u043e\u043b<\/li>\n<li>\u0413\u043e\u0440\u044f\u0447\u0430\u044f \u043b\u0438\u043d\u0438\u044f: <a href=\"tel:0849256256\">0849 256 256<\/a><\/li>\n<li><span style=\"color: #0000ff;\">\u041f\u0440\u043e\u0434\u0432\u0438\u0436\u0435\u043d\u0438\u0435 \u043f\u043b\u0430\u0442\u0435\u0436\u0430 5%<\/span><\/li>\n<\/ul>\n<div class=\"hJDwNd-AhqUyc-qWD73c purZT-AhqUyc-II5mzb pSzOP-AhqUyc-qWD73c JNdkSc\">\n<div class=\"JNdkSc-SmKAyb\">\n<div class=\"\">\n<div class=\"oKdM2c Kzv0Me\">\n<div class=\"hJDwNd-AhqUyc-qWD73c purZT-AhqUyc-II5mzb pSzOP-AhqUyc-qWD73c JNdkSc\">\n<div class=\"JNdkSc-SmKAyb\">\n<div class=\"\">\n<div class=\"oKdM2c Kzv0Me\">\n<div id=\"h.f128f2fe5256b73_1433\" class=\"hJDwNd-AhqUyc-qWD73c jXK9ad D2fZ2 OjCsFc wHaque GNzUNc\">\n<div class=\"jXK9ad-SmKAyb\">\n<div class=\"tyJCtd mGzaTb baZpAe\">\n<div class=\"row row-small mua-ngay-button\">\n<div class=\"cot1 medium-6 small-12 large-6\">\n<div class=\"col-inner\"><a class=\"button primary is-large lowercase expand\" style=\"border-radius: 3px;\" href=\"https:\/\/tourdaonhatrang.com\/ru\/ve-hon-tam-nha-trang-seaday-02\/\">\u041f\u043e\u0434\u0440\u043e\u0431\u043d\u043e\u0441\u0442\u0438 \u0441\u043c.<\/a><\/div>\n<\/div>\n<div class=\"cot2 medium-6 small-12 large-6\">\n<div class=\"col-inner\"><a class=\"button success is-large lowercase expand\" style=\"border-radius: 3px;\" href=\"https:\/\/tourdaonhatrang.com\/ru\/#dat-ve\" target=\"_self\" rel=\"noopener\"><span style=\"vertical-align: inherit;\">\ud83d\uded2 \u0411\u0440\u043e\u043d\u0438\u0440\u0443\u0439\u0442\u0435 \u0431\u0438\u043b\u0435\u0442\u044b \u0431\u044b\u0441\u0442\u0440\u043e<\/span><\/a><\/div>\n<\/div>\n<\/div>\n<\/div>\n<\/div>\n<\/div>\n<\/div>\n<\/div>\n<\/div>\n<\/div>\n<\/div>\n<\/div>\n<\/div>\n<\/div>","protected":false},"featured_media":36467,"comment_status":"closed","ping_status":"closed","template":"","meta":[],"product_brand":[],"product_cat":[648,65],"product_tag":[691,730,690,681,722,723,724,687,53,726,728,673],"class_list":{"0":"post-17435","1":"product","2":"type-product","3":"status-publish","4":"has-post-thumbnail","6":"product_cat-tour-hon-tam-sea-day","7":"product_cat-ve-hon-tam-nha-trang","8":"product_tag-buffet-hon-tam","9":"product_tag-cang-du-lich-nha-trang","10":"product_tag-du-lich-hon-tam-tu-tuc","11":"product_tag-gia-ve-hon-tam-nha-trang","12":"product_tag-hon-tam-nha-trang","13":"product_tag-mua-ve-hon-tam-o-dau","14":"product_tag-review-hon-tam-nha-trang","15":"product_tag-tour-1-dao-nha-trang","16":"product_tag-tour-dao-nha-trang","17":"product_tag-tour-dao-nha-trang-1-ngay","18":"product_tag-ve-hon-tam","19":"product_tag-ve-hon-tam-nha-trang","21":"first","22":"instock","23":"shipping-taxable","24":"product-type-simple"},"_links":{"self":[{"href":"https:\/\/tourdaonhatrang.com\/ru\/wp-json\/wp\/v2\/product\/17435","targetHints":{"allow":["GET"]}}],"collection":[{"href":"https:\/\/tourdaonhatrang.com\/ru\/wp-json\/wp\/v2\/product"}],"about":[{"href":"https:\/\/tourdaonhatrang.com\/ru\/wp-json\/wp\/v2\/types\/product"}],"replies":[{"embeddable":true,"href":"https:\/\/tourdaonhatrang.com\/ru\/wp-json\/wp\/v2\/comments?post=17435"}],"wp:featuredmedia":[{"embeddable":true,"href":"https:\/\/tourdaonhatrang.com\/ru\/wp-json\/wp\/v2\/media\/36467"}],"wp:attachment":[{"href":"https:\/\/tourdaonhatrang.com\/ru\/wp-json\/wp\/v2\/media?parent=17435"}],"wp:term":[{"taxonomy":"product_brand","embeddable":true,"href":"https:\/\/tourdaonhatrang.com\/ru\/wp-json\/wp\/v2\/product_brand?post=17435"},{"taxonomy":"product_cat","embeddable":true,"href":"https:\/\/tourdaonhatrang.com\/ru\/wp-json\/wp\/v2\/product_cat?post=17435"},{"taxonomy":"product_tag","embeddable":true,"href":"https:\/\/tourdaonhatrang.com\/ru\/wp-json\/wp\/v2\/product_tag?post=17435"}],"curies":[{"name":"wp","href":"https:\/\/api.w.org\/{rel}","templated":true}]}}