{"id":19562,"date":"2020-11-05T09:16:07","date_gmt":"2020-11-05T02:16:07","guid":{"rendered":"https:\/\/tourdao.com.vn\/?post_type=product&#038;p=19562"},"modified":"2025-12-08T11:12:44","modified_gmt":"2025-12-08T04:12:44","slug":"%d0%bf%d1%80%d0%be%d0%ba%d0%b0%d1%82-%d0%b0%d0%b2%d1%82%d0%be%d0%bc%d0%be%d0%b1%d0%b8%d0%bb%d0%b5%d0%b9-%d0%b2-%d0%bd%d1%8f%d1%87%d0%b0%d0%bd%d0%b3%d0%b5-2","status":"publish","type":"product","link":"https:\/\/tourdaonhatrang.com\/ru\/%d0%bf%d1%80%d0%be%d0%ba%d0%b0%d1%82-%d0%b0%d0%b2%d1%82%d0%be%d0%bc%d0%be%d0%b1%d0%b8%d0%bb%d0%b5%d0%b9-%d0%b2-%d0%bd%d1%8f%d1%87%d0%b0%d0%bd%d0%b3%d0%b5-2\/","title":{"rendered":"\u0410\u0440\u0435\u043d\u0434\u0430 \u0430\u0432\u0442\u043e\u0431\u0443\u0441\u0430 \u0434\u043e \u041d\u044f\u0447\u0430\u043d\u0433\u0430"},"content":{"rendered":"<div id=\"ez-toc-container\" class=\"ez-toc-v2_0_82_2 counter-hierarchy ez-toc-counter ez-toc-grey ez-toc-container-direction\">\n<div class=\"ez-toc-title-container\">\n<p class=\"ez-toc-title\" style=\"cursor:inherit\">N\u1ed9i dung<\/p>\n<span class=\"ez-toc-title-toggle\"><a href=\"#\" class=\"ez-toc-pull-right ez-toc-btn ez-toc-btn-xs ez-toc-btn-default ez-toc-toggle\" aria-label=\"Toggle Table of Content\"><span class=\"ez-toc-js-icon-con\"><span class=\"\"><span class=\"eztoc-hide\" style=\"display:none;\">Toggle<\/span><span class=\"ez-toc-icon-toggle-span\"><svg style=\"fill: #999;color:#999\" xmlns=\"http:\/\/www.w3.org\/2000\/svg\" class=\"list-377408\" width=\"20px\" height=\"20px\" viewBox=\"0 0 24 24\" fill=\"none\"><path d=\"M6 6H4v2h2V6zm14 0H8v2h12V6zM4 11h2v2H4v-2zm16 0H8v2h12v-2zM4 16h2v2H4v-2zm16 0H8v2h12v-2z\" fill=\"currentColor\"><\/path><\/svg><svg style=\"fill: #999;color:#999\" class=\"arrow-unsorted-368013\" xmlns=\"http:\/\/www.w3.org\/2000\/svg\" width=\"10px\" height=\"10px\" viewBox=\"0 0 24 24\" version=\"1.2\" baseProfile=\"tiny\"><path d=\"M18.2 9.3l-6.2-6.3-6.2 6.3c-.2.2-.3.4-.3.7s.1.5.3.7c.2.2.4.3.7.3h11c.3 0 .5-.1.7-.3.2-.2.3-.5.3-.7s-.1-.5-.3-.7zM5.8 14.7l6.2 6.3 6.2-6.3c.2-.2.3-.5.3-.7s-.1-.5-.3-.7c-.2-.2-.4-.3-.7-.3h-11c-.3 0-.5.1-.7.3-.2.2-.3.5-.3.7s.1.5.3.7z\"\/><\/svg><\/span><\/span><\/span><\/a><\/span><\/div>\n<nav><ul class='ez-toc-list ez-toc-list-level-1 ' ><li class='ez-toc-page-1 ez-toc-heading-level-1'><a class=\"ez-toc-link ez-toc-heading-1\" href=\"https:\/\/tourdaonhatrang.com\/ru\/%d0%bf%d1%80%d0%be%d0%ba%d0%b0%d1%82-%d0%b0%d0%b2%d1%82%d0%be%d0%bc%d0%be%d0%b1%d0%b8%d0%bb%d0%b5%d0%b9-%d0%b2-%d0%bd%d1%8f%d1%87%d0%b0%d0%bd%d0%b3%d0%b5-2\/#Thue_xe_dua_don_noi_thanh_Nha_Trang_%E2%80%93_Di_chuyen_tien_loi_an_toan_va_tiet_kiem\" >Thu\u00ea xe \u0111\u01b0a \u0111\u00f3n n\u1ed9i th\u00e0nh Nha Trang \u2013 Di chuy\u1ec3n ti\u1ec7n l\u1ee3i, an to\u00e0n v\u00e0 ti\u1ebft ki\u1ec7m<\/a><ul class='ez-toc-list-level-2' ><li class='ez-toc-heading-level-2'><a class=\"ez-toc-link ez-toc-heading-2\" href=\"https:\/\/tourdaonhatrang.com\/ru\/%d0%bf%d1%80%d0%be%d0%ba%d0%b0%d1%82-%d0%b0%d0%b2%d1%82%d0%be%d0%bc%d0%be%d0%b1%d0%b8%d0%bb%d0%b5%d0%b9-%d0%b2-%d0%bd%d1%8f%d1%87%d0%b0%d0%bd%d0%b3%d0%b5-2\/#Dich_vu_thue_xe_dua_don_noi_thanh_Nha_Trang_la_gi\" >D\u1ecbch v\u1ee5 thu\u00ea xe \u0111\u01b0a \u0111\u00f3n n\u1ed9i th\u00e0nh Nha Trang l\u00e0 g\u00ec?<\/a><ul class='ez-toc-list-level-3' ><li class='ez-toc-heading-level-3'><a class=\"ez-toc-link ez-toc-heading-3\" href=\"https:\/\/tourdaonhatrang.com\/ru\/%d0%bf%d1%80%d0%be%d0%ba%d0%b0%d1%82-%d0%b0%d0%b2%d1%82%d0%be%d0%bc%d0%be%d0%b1%d0%b8%d0%bb%d0%b5%d0%b9-%d0%b2-%d0%bd%d1%8f%d1%87%d0%b0%d0%bd%d0%b3%d0%b5-2\/#Uu_diem_khi_thue_xe_dua_don_noi_thanh_Nha_Trang\" >\u01afu \u0111i\u1ec3m khi thu\u00ea xe \u0111\u01b0a \u0111\u00f3n n\u1ed9i th\u00e0nh Nha Trang<\/a><\/li><li class='ez-toc-page-1 ez-toc-heading-level-3'><a class=\"ez-toc-link ez-toc-heading-4\" href=\"https:\/\/tourdaonhatrang.com\/ru\/%d0%bf%d1%80%d0%be%d0%ba%d0%b0%d1%82-%d0%b0%d0%b2%d1%82%d0%be%d0%bc%d0%be%d0%b1%d0%b8%d0%bb%d0%b5%d0%b9-%d0%b2-%d0%bd%d1%8f%d1%87%d0%b0%d0%bd%d0%b3%d0%b5-2\/#Bang_gia_thue_xe_dua_don_noi_thanh_Nha_Trang_tham_khao\" >B\u1ea3ng gi\u00e1 thu\u00ea xe \u0111\u01b0a \u0111\u00f3n n\u1ed9i th\u00e0nh Nha Trang (tham kh\u1ea3o)<\/a><\/li><li class='ez-toc-page-1 ez-toc-heading-level-3'><a class=\"ez-toc-link ez-toc-heading-5\" href=\"https:\/\/tourdaonhatrang.com\/ru\/%d0%bf%d1%80%d0%be%d0%ba%d0%b0%d1%82-%d0%b0%d0%b2%d1%82%d0%be%d0%bc%d0%be%d0%b1%d0%b8%d0%bb%d0%b5%d0%b9-%d0%b2-%d0%bd%d1%8f%d1%87%d0%b0%d0%bd%d0%b3%d0%b5-2\/#Cac_tuyen_pho_bien_trong_noi_thanh_Nha_Trang\" >C\u00e1c tuy\u1ebfn ph\u1ed5 bi\u1ebfn trong n\u1ed9i th\u00e0nh Nha Trang<\/a><\/li><li class='ez-toc-page-1 ez-toc-heading-level-3'><a class=\"ez-toc-link ez-toc-heading-6\" href=\"https:\/\/tourdaonhatrang.com\/ru\/%d0%bf%d1%80%d0%be%d0%ba%d0%b0%d1%82-%d0%b0%d0%b2%d1%82%d0%be%d0%bc%d0%be%d0%b1%d0%b8%d0%bb%d0%b5%d0%b9-%d0%b2-%d0%bd%d1%8f%d1%87%d0%b0%d0%bd%d0%b3%d0%b5-2\/#Ly_do_nen_chon_dich_vu_thue_xe_dua_don_noi_thanh_tai_Tour_Dao_Nha_Trang\" >L\u00fd do n\u00ean ch\u1ecdn d\u1ecbch v\u1ee5 thu\u00ea xe \u0111\u01b0a \u0111\u00f3n n\u1ed9i th\u00e0nh t\u1ea1i Tour \u0110\u1ea3o Nha Trang<\/a><\/li><li class='ez-toc-page-1 ez-toc-heading-level-3'><a class=\"ez-toc-link ez-toc-heading-7\" href=\"https:\/\/tourdaonhatrang.com\/ru\/%d0%bf%d1%80%d0%be%d0%ba%d0%b0%d1%82-%d0%b0%d0%b2%d1%82%d0%be%d0%bc%d0%be%d0%b1%d0%b8%d0%bb%d0%b5%d0%b9-%d0%b2-%d0%bd%d1%8f%d1%87%d0%b0%d0%bd%d0%b3%d0%b5-2\/#Cach_dat_thue_xe_dua_don_noi_thanh_Nha_Trang\" >C\u00e1ch \u0111\u1eb7t thu\u00ea xe \u0111\u01b0a \u0111\u00f3n n\u1ed9i th\u00e0nh Nha Trang<\/a><\/li><li class='ez-toc-page-1 ez-toc-heading-level-3'><a class=\"ez-toc-link ez-toc-heading-8\" href=\"https:\/\/tourdaonhatrang.com\/ru\/%d0%bf%d1%80%d0%be%d0%ba%d0%b0%d1%82-%d0%b0%d0%b2%d1%82%d0%be%d0%bc%d0%be%d0%b1%d0%b8%d0%bb%d0%b5%d0%b9-%d0%b2-%d0%bd%d1%8f%d1%87%d0%b0%d0%bd%d0%b3%d0%b5-2\/#Trai_nghiem_hanh_trinh_tron_ven_cung_Tour_Dao_Nha_Trang\" >Tr\u1ea3i nghi\u1ec7m h\u00e0nh tr\u00ecnh tr\u1ecdn v\u1eb9n c\u00f9ng Tour \u0110\u1ea3o Nha Trang<\/a><\/li><li class='ez-toc-page-1 ez-toc-heading-level-3'><a class=\"ez-toc-link ez-toc-heading-9\" href=\"https:\/\/tourdaonhatrang.com\/ru\/%d0%bf%d1%80%d0%be%d0%ba%d0%b0%d1%82-%d0%b0%d0%b2%d1%82%d0%be%d0%bc%d0%be%d0%b1%d0%b8%d0%bb%d0%b5%d0%b9-%d0%b2-%d0%bd%d1%8f%d1%87%d0%b0%d0%bd%d0%b3%d0%b5-2\/#Ket_luan\" >K\u1ebft lu\u1eadn<\/a><\/li><\/ul><\/li><\/ul><\/li><\/ul><\/nav><\/div>\n<h1><span class=\"ez-toc-section\" id=\"Thue_xe_dua_don_noi_thanh_Nha_Trang_%E2%80%93_Di_chuyen_tien_loi_an_toan_va_tiet_kiem\"><\/span>Thu\u00ea xe \u0111\u01b0a \u0111\u00f3n n\u1ed9i th\u00e0nh Nha Trang \u2013 Di chuy\u1ec3n ti\u1ec7n l\u1ee3i, an to\u00e0n v\u00e0 ti\u1ebft ki\u1ec7m<span class=\"ez-toc-section-end\"><\/span><\/h1>\n<p>Th\u00e0nh ph\u1ed1 bi\u1ec3n Nha Trang n\u1ed5i ti\u1ebfng v\u1edbi v\u1ebb \u0111\u1eb9p trong xanh, hi\u1ec1n h\u00f2a c\u00f9ng v\u00f4 s\u1ed1 \u0111i\u1ec3m du l\u1ecbch h\u1ea5p d\u1eabn nh\u01b0 H\u00f2n Mun, H\u00f2n T\u1eb1m, Th\u00e1p B\u00e0 Ponagar, Ch\u1ee3 \u0110\u1ea7m hay khu vui ch\u01a1i VinWonders. \u0110\u1ec3 kh\u00e1m ph\u00e1 tr\u1ecdn v\u1eb9n th\u00e0nh ph\u1ed1 m\u00e0 kh\u00f4ng ph\u1ea3i lo l\u1eafng v\u1ec1 ph\u01b0\u01a1ng ti\u1ec7n di chuy\u1ec3n, d\u1ecbch v\u1ee5 thu\u00ea xe \u0111\u01b0a \u0111\u00f3n n\u1ed9i th\u00e0nh Nha Trang ch\u00ednh l\u00e0 l\u1ef1a ch\u1ecdn l\u00fd t\u01b0\u1edfng d\u00e0nh cho b\u1ea1n.<\/p>\n<p>Ch\u00fang t\u00f4i cung c\u1ea5p d\u1ecbch v\u1ee5 thu\u00ea xe du l\u1ecbch Nha Trang linh ho\u1ea1t, \u0111\u01b0a \u0111\u00f3n t\u1eadn n\u01a1i theo y\u00eau c\u1ea7u \u2013 t\u1eeb kh\u00e1ch s\u1ea1n, b\u1ebfn t\u00e0u, s\u00e2n bay \u0111\u1ebfn c\u00e1c \u0111i\u1ec3m tham quan n\u1ed5i ti\u1ebfng. D\u00f9 b\u1ea1n l\u00e0 kh\u00e1ch l\u1ebb, nh\u00f3m b\u1ea1n, hay \u0111o\u00e0n c\u00f4ng t\u00e1c, ch\u00fang t\u00f4i lu\u00f4n c\u00f3 s\u1eb5n d\u00f2ng xe ph\u00f9 h\u1ee3p t\u1eeb 4 ch\u1ed7, 7 ch\u1ed7, 16 ch\u1ed7, 29 ch\u1ed7 \u0111\u1ebfn 45 ch\u1ed7 \u0111\u1eddi m\u1edbi, s\u1ea1ch s\u1ebd, \u0111i\u1ec1u h\u00f2a m\u00e1t l\u1ea1nh v\u00e0 t\u00e0i x\u1ebf chuy\u00ean nghi\u1ec7p.<\/p>\n<h2><span class=\"ez-toc-section\" id=\"Dich_vu_thue_xe_dua_don_noi_thanh_Nha_Trang_la_gi\"><\/span>D\u1ecbch v\u1ee5 thu\u00ea xe \u0111\u01b0a \u0111\u00f3n n\u1ed9i th\u00e0nh Nha Trang l\u00e0 g\u00ec?<span class=\"ez-toc-section-end\"><\/span><\/h2>\n<p>D\u1ecbch v\u1ee5 thu\u00ea xe \u0111\u01b0a \u0111\u00f3n n\u1ed9i th\u00e0nh Nha Trang l\u00e0 h\u00ecnh th\u1ee9c cho thu\u00ea xe k\u00e8m t\u00e0i x\u1ebf tr\u1ecdn g\u00f3i, ph\u1ee5c v\u1ee5 vi\u1ec7c di chuy\u1ec3n trong khu v\u1ef1c th\u00e0nh ph\u1ed1 v\u00e0 v\u00f9ng l\u00e2n c\u1eadn. B\u1ea1n ch\u1ec9 c\u1ea7n ch\u1ecdn \u0111i\u1ec3m \u0111\u00f3n v\u00e0 \u0111i\u1ec3m tr\u1ea3, ch\u00fang t\u00f4i s\u1ebd s\u1eafp x\u1ebfp xe ph\u00f9 h\u1ee3p v\u00e0 \u0111\u01b0a b\u1ea1n \u0111\u1ebfn \u0111\u00fang n\u01a1i \u2013 \u0111\u00fang gi\u1edd \u2013 v\u1edbi chi ph\u00ed h\u1ee3p l\u00fd.<\/p>\n<p>D\u1ecbch v\u1ee5 n\u00e0y \u0111\u1eb7c bi\u1ec7t ph\u00f9 h\u1ee3p cho:<\/p>\n<p>Du kh\u00e1ch mu\u1ed1n tham quan, mua s\u1eafm ho\u1eb7c di chuy\u1ec3n gi\u1eefa c\u00e1c \u0111i\u1ec3m du l\u1ecbch.<\/p>\n<p>Gia \u0111\u00ecnh, nh\u00f3m b\u1ea1n \u0111i \u0103n u\u1ed1ng, d\u1ef1 ti\u1ec7c, s\u1ef1 ki\u1ec7n.<\/p>\n<p>Kh\u00e1ch c\u00f4ng t\u00e1c, h\u1ed9i ngh\u1ecb c\u1ea7n xe \u0111\u01b0a \u0111\u00f3n \u0111\u1ed1i t\u00e1c ho\u1eb7c nh\u00e2n vi\u00ean.<\/p>\n<p>Ng\u01b0\u1eddi d\u00e2n \u0111\u1ecba ph\u01b0\u01a1ng c\u1ea7n xe ri\u00eang \u0111\u1ec3 di chuy\u1ec3n ng\u1eafn ng\u00e0y, nhanh ch\u00f3ng v\u00e0 tho\u1ea3i m\u00e1i.<\/p>\n<h3><span class=\"ez-toc-section\" id=\"Uu_diem_khi_thue_xe_dua_don_noi_thanh_Nha_Trang\"><\/span>\u01afu \u0111i\u1ec3m khi thu\u00ea xe \u0111\u01b0a \u0111\u00f3n n\u1ed9i th\u00e0nh Nha Trang<span class=\"ez-toc-section-end\"><\/span><\/h3>\n<ol>\n<li>Ti\u1ec7n l\u1ee3i \u2013 \u0110\u01b0a \u0111\u00f3n t\u1eadn n\u01a1i<br \/>\nB\u1ea1n kh\u00f4ng c\u1ea7n m\u1ea5t th\u1eddi gian t\u00ecm taxi ho\u1eb7c ch\u1edd xe c\u00f4ng ngh\u1ec7. T\u00e0i x\u1ebf c\u1ee7a ch\u00fang t\u00f4i s\u1ebd \u0111\u1ebfn \u0111\u00fang gi\u1edd, \u0111\u00f3n t\u1eadn n\u01a1i t\u1ea1i kh\u00e1ch s\u1ea1n, nh\u00e0 ri\u00eang hay b\u1ea5t k\u1ef3 \u0111\u1ecba \u0111i\u1ec3m n\u00e0o trong trung t\u00e2m th\u00e0nh ph\u1ed1 Nha Trang.<\/li>\n<li>An to\u00e0n &amp; chuy\u00ean nghi\u1ec7p<br \/>\nTo\u00e0n b\u1ed9 xe \u0111\u1ec1u \u0111\u01b0\u1ee3c b\u1ea3o d\u01b0\u1ee1ng \u0111\u1ecbnh k\u1ef3, trang b\u1ecb \u0111\u1ea7y \u0111\u1ee7 ti\u1ec7n nghi: m\u00e1y l\u1ea1nh, gh\u1ebf ng\u1ea3, n\u01b0\u1edbc u\u1ed1ng, b\u1ea3o hi\u1ec3m h\u00e0nh kh\u00e1ch\u2026 T\u00e0i x\u1ebf c\u00f3 kinh nghi\u1ec7m, th\u00f4ng th\u1ea1o \u0111\u1ecba h\u00ecnh v\u00e0 \u0111\u01b0\u1ee3c \u0111\u00e0o t\u1ea1o b\u00e0i b\u1ea3n v\u1ec1 ph\u1ee5c v\u1ee5 kh\u00e1ch du l\u1ecbch.<\/li>\n<li>Gi\u00e1 c\u1ea3 minh b\u1ea1ch, kh\u00f4ng ph\u00e1t sinh<br \/>\nB\u1ea3ng gi\u00e1 thu\u00ea xe \u0111\u01b0\u1ee3c ni\u00eam y\u1ebft c\u00f4ng khai theo gi\u1edd ho\u1eb7c theo tuy\u1ebfn. Kh\u00e1ch h\u00e0ng \u0111\u01b0\u1ee3c b\u00e1o gi\u00e1 tr\u1ecdn g\u00f3i tr\u01b0\u1edbc khi kh\u1edfi h\u00e0nh, kh\u00f4ng lo ph\u00e1t sinh chi ph\u00ed \u1ea9n.<\/li>\n<li>Linh ho\u1ea1t theo nhu c\u1ea7u<br \/>\nD\u1ecbch v\u1ee5 ho\u1ea1t \u0111\u1ed9ng c\u1ea3 ng\u00e0y \u2013 \u0111\u00eam, \u0111\u00e1p \u1ee9ng m\u1ecdi nhu c\u1ea7u di chuy\u1ec3n t\u1eeb s\u00e1ng s\u1edbm (4h00) \u0111\u1ebfn t\u1ed1i mu\u1ed9n (22h00). C\u00f3 th\u1ec3 thu\u00ea xe theo chuy\u1ebfn, theo gi\u1edd ho\u1eb7c tr\u1ecdn ng\u00e0y t\u00f9y k\u1ebf ho\u1ea1ch c\u1ee7a b\u1ea1n.<\/li>\n<li>\u0110a d\u1ea1ng d\u00f2ng xe hi\u1ec7n \u0111\u1ea1i.\n<ul>\n<li>Xe 4 ch\u1ed7: Toyota Vios, Kia Cerato, Hyundai Accent<\/li>\n<li>Xe 7 ch\u1ed7: Toyota Innova, Fortuner, Mitsubishi Xpander<\/li>\n<li>Xe 16 ch\u1ed7: Ford Transit, Solati<\/li>\n<li>Xe 29\u201345 ch\u1ed7: Hyundai County, Universe<\/li>\n<\/ul>\n<\/li>\n<\/ol>\n<p>T\u1ea5t c\u1ea3 \u0111\u1ec1u \u0111\u1eddi m\u1edbi, n\u1ed9i th\u1ea5t s\u1ea1ch \u0111\u1eb9p, c\u00f3 wifi v\u00e0 n\u01b0\u1edbc u\u1ed1ng mi\u1ec5n ph\u00ed.<\/p>\n<h3><span class=\"ez-toc-section\" id=\"Bang_gia_thue_xe_dua_don_noi_thanh_Nha_Trang_tham_khao\"><\/span>B\u1ea3ng gi\u00e1 thu\u00ea xe \u0111\u01b0a \u0111\u00f3n n\u1ed9i th\u00e0nh Nha Trang (tham kh\u1ea3o)<span class=\"ez-toc-section-end\"><\/span><\/h3>\n<table>\n<thead>\n<tr>\n<td>Lo\u1ea1i xe<\/td>\n<td>L\u1ed9 tr\u00ecnh n\u1ed9i th\u00e0nh<\/td>\n<td>Gi\u00e1 t\u1eeb (VN\u0110\/chuy\u1ebfn)<\/td>\n<\/tr>\n<\/thead>\n<tbody>\n<tr>\n<td>Xe 4 ch\u1ed7<\/td>\n<td>\u0110\u01b0a \u0111\u00f3n trong trung t\u00e2m<\/td>\n<td>150.000 \u2013 200.000<\/td>\n<\/tr>\n<tr>\n<td>Xe 7 ch\u1ed7<\/td>\n<td>\u0110\u01b0a \u0111\u00f3n kh\u00e1ch s\u1ea1n \u2013 b\u1ebfn t\u00e0u<\/td>\n<td>200.000 \u2013 250.000<\/td>\n<\/tr>\n<tr>\n<td>Xe 16 ch\u1ed7<\/td>\n<td>\u0110\u01b0a \u0111\u00f3n nh\u00f3m, \u0111o\u00e0n kh\u00e1ch<\/td>\n<td>300.000 \u2013 400.000<\/td>\n<\/tr>\n<tr>\n<td>Xe 29\u201345 ch\u1ed7<\/td>\n<td>\u0110\u01b0a \u0111\u00f3n c\u00f4ng ty, tour \u0111o\u00e0n<\/td>\n<td>500.000 \u2013 700.000<\/td>\n<\/tr>\n<\/tbody>\n<\/table>\n<p>(Gi\u00e1 c\u00f3 th\u1ec3 thay \u0111\u1ed5i t\u00f9y th\u1eddi \u0111i\u1ec3m, qu\u00e3ng \u0111\u01b0\u1eddng v\u00e0 s\u1ed1 gi\u1edd ch\u1edd. Vui l\u00f2ng li\u00ean h\u1ec7 \u0111\u1ec3 nh\u1eadn b\u00e1o gi\u00e1 ch\u00ednh x\u00e1c nh\u1ea5t.)<\/p>\n<h3><span class=\"ez-toc-section\" id=\"Cac_tuyen_pho_bien_trong_noi_thanh_Nha_Trang\"><\/span>C\u00e1c tuy\u1ebfn ph\u1ed5 bi\u1ebfn trong n\u1ed9i th\u00e0nh Nha Trang<span class=\"ez-toc-section-end\"><\/span><\/h3>\n<p>\u0110\u01b0a \u0111\u00f3n b\u1ebfn t\u00e0u du l\u1ecbch \u2013 kh\u00e1ch s\u1ea1n trung t\u00e2m<\/p>\n<p>\u0110\u01b0a \u0111\u00f3n s\u00e2n bay Cam Ranh \u2013 Nha Trang City<\/p>\n<p>\u0110\u01b0a \u0111\u00f3n Ga Nha Trang \u2013 Vinpearl, H\u00f2n Ch\u1ed3ng, H\u00f2n T\u1eb1m<\/p>\n<p>Di chuy\u1ec3n tham quan Th\u00e1p B\u00e0 Ponagar, Ch\u1ee3 \u0110\u1ea7m, Nh\u00e0 th\u1edd N\u00fai, Long S\u01a1n T\u1ef1<\/p>\n<p>Xe \u0111\u01b0a \u0111\u00f3n \u0103n t\u1ed1i, d\u1ea1o ph\u1ed1 bi\u1ec3n, \u0111i ch\u1ee3 \u0111\u00eam, bar \u2013 caf\u00e9 view bi\u1ec3n<\/p>\n<p>M\u1ed7i chuy\u1ebfn xe \u0111\u1ec1u \u0111\u01b0\u1ee3c s\u1eafp x\u1ebfp ph\u00f9 h\u1ee3p v\u1edbi l\u1ecbch tr\u00ecnh c\u00e1 nh\u00e2n, \u0111\u1ea3m b\u1ea3o \u0111\u00fang gi\u1edd v\u00e0 an to\u00e0n tuy\u1ec7t \u0111\u1ed1i.<\/p>\n<h3><span class=\"ez-toc-section\" id=\"Ly_do_nen_chon_dich_vu_thue_xe_dua_don_noi_thanh_tai_Tour_Dao_Nha_Trang\"><\/span>L\u00fd do n\u00ean ch\u1ecdn d\u1ecbch v\u1ee5 thu\u00ea xe \u0111\u01b0a \u0111\u00f3n n\u1ed9i th\u00e0nh t\u1ea1i Tour \u0110\u1ea3o Nha Trang<span class=\"ez-toc-section-end\"><\/span><\/h3>\n<p>\u0110\u1ed9i ng\u0169 t\u00e0i x\u1ebf chuy\u00ean nghi\u1ec7p, vui v\u1ebb, hi\u1ec3u r\u00f5 tuy\u1ebfn \u0111\u01b0\u1eddng v\u00e0 c\u00e1c \u0111i\u1ec3m du l\u1ecbch.<\/p>\n<p>H\u1ec7 th\u1ed1ng xe \u0111\u1eddi m\u1edbi, lu\u00f4n ki\u1ec3m tra \u0111\u1ecbnh k\u1ef3 tr\u01b0\u1edbc m\u1ed7i chuy\u1ebfn \u0111i.<\/p>\n<p>\u0110\u1eb7t xe nhanh ch\u00f3ng qua website ho\u1eb7c hotline, c\u00f3 x\u00e1c nh\u1eadn t\u1ee9c th\u00ec.<\/p>\n<p>H\u1ed7 tr\u1ee3 24\/7, k\u1ec3 c\u1ea3 ng\u00e0y l\u1ec5, T\u1ebft.<\/p>\n<p>Gi\u00e1 r\u1ebb, \u01b0u \u0111\u00e3i cho kh\u00e1ch \u0111i kh\u1ee9 h\u1ed3i ho\u1eb7c nh\u00f3m \u0111\u00f4ng.<\/p>\n<p>V\u1edbi nhi\u1ec1u n\u0103m kinh nghi\u1ec7m trong l\u0129nh v\u1ef1c v\u1eadn chuy\u1ec3n du l\u1ecbch Nha Trang, ch\u00fang t\u00f4i t\u1ef1 h\u00e0o mang \u0111\u1ebfn d\u1ecbch v\u1ee5 t\u1ed1t nh\u1ea5t, gi\u00fap b\u1ea1n di chuy\u1ec3n d\u1ec5 d\u00e0ng, t\u1eadn h\u01b0\u1edfng k\u1ef3 ngh\u1ec9 tr\u1ecdn v\u1eb9n.<\/p>\n<h3><span class=\"ez-toc-section\" id=\"Cach_dat_thue_xe_dua_don_noi_thanh_Nha_Trang\"><\/span>C\u00e1ch \u0111\u1eb7t thu\u00ea xe \u0111\u01b0a \u0111\u00f3n n\u1ed9i th\u00e0nh Nha Trang<span class=\"ez-toc-section-end\"><\/span><\/h3>\n<p>B\u1ea1n c\u00f3 th\u1ec3 \u0111\u1eb7t xe nhanh ch\u00f3ng qua c\u00e1c h\u00ecnh th\u1ee9c:<\/p>\n<p>G\u1ecdi tr\u1ef1c ti\u1ebfp hotline ho\u1eb7c Zalo \u0111\u1ec3 \u0111\u01b0\u1ee3c t\u01b0 v\u1ea5n lo\u1ea1i xe ph\u00f9 h\u1ee3p.<\/p>\n<p>\u0110\u1eb7t xe online tr\u00ean website <a href=\"https:\/\/tourdaonhatrang.com\">tourdaonhatrang.com<\/a>.<\/p>\n<p>Cung c\u1ea5p th\u00f4ng tin: \u0111i\u1ec3m \u0111\u00f3n, \u0111i\u1ec3m tr\u1ea3, th\u1eddi gian kh\u1edfi h\u00e0nh, s\u1ed1 l\u01b0\u1ee3ng ng\u01b0\u1eddi.<\/p>\n<p>X\u00e1c nh\u1eadn chuy\u1ebfn \u0111i v\u00e0 nh\u1eadn th\u00f4ng tin t\u00e0i x\u1ebf tr\u01b0\u1edbc gi\u1edd kh\u1edfi h\u00e0nh 30 ph\u00fat.<\/p>\n<p>Thanh to\u00e1n linh ho\u1ea1t: chuy\u1ec3n kho\u1ea3n, ti\u1ec1n m\u1eb7t ho\u1eb7c QR code, xu\u1ea5t h\u00f3a \u0111\u01a1n VAT theo y\u00eau c\u1ea7u.<\/p>\n<h3><span class=\"ez-toc-section\" id=\"Trai_nghiem_hanh_trinh_tron_ven_cung_Tour_Dao_Nha_Trang\"><\/span>Tr\u1ea3i nghi\u1ec7m h\u00e0nh tr\u00ecnh tr\u1ecdn v\u1eb9n c\u00f9ng Tour \u0110\u1ea3o Nha Trang<span class=\"ez-toc-section-end\"><\/span><\/h3>\n<p>Ch\u00fang t\u00f4i kh\u00f4ng ch\u1ec9 cung c\u1ea5p d\u1ecbch v\u1ee5 thu\u00ea xe \u0111\u01b0a \u0111\u00f3n n\u1ed9i th\u00e0nh Nha Trang, m\u00e0 c\u00f2n l\u00e0 \u0111\u01a1n v\u1ecb t\u1ed5 ch\u1ee9c tour du l\u1ecbch bi\u1ec3n \u0111\u1ea3o chuy\u00ean nghi\u1ec7p: Tour 3 \u0111\u1ea3o Nha Trang, tour H\u00f2n T\u1eb1m, tour cano, v\u00e9 VinWonders v\u00e0 nhi\u1ec1u ho\u1ea1t \u0111\u1ed9ng th\u1ec3 thao bi\u1ec3n h\u1ea5p d\u1eabn.<\/p>\n<p>Khi s\u1eed d\u1ee5ng d\u1ecbch v\u1ee5 c\u1ee7a ch\u00fang t\u00f4i, b\u1ea1n kh\u00f4ng ch\u1ec9 c\u00f3 m\u1ed9t chuy\u1ebfn xe an to\u00e0n \u2013 ti\u1ec7n nghi, m\u00e0 c\u00f2n c\u00f3 m\u1ed9t ng\u01b0\u1eddi b\u1ea1n \u0111\u1ed3ng h\u00e0nh \u0111\u00e1ng tin c\u1eady, gi\u00fap b\u1ea1n t\u1eadn h\u01b0\u1edfng Nha Trang theo c\u00e1ch tho\u1ea3i m\u00e1i nh\u1ea5t.<\/p>\n<h3><span class=\"ez-toc-section\" id=\"Ket_luan\"><\/span>K\u1ebft lu\u1eadn<span class=\"ez-toc-section-end\"><\/span><\/h3>\n<p>N\u1ebfu b\u1ea1n \u0111ang t\u00ecm ki\u1ebfm d\u1ecbch v\u1ee5 thu\u00ea xe \u0111\u01b0a \u0111\u00f3n n\u1ed9i th\u00e0nh Nha Trang uy t\u00edn, gi\u00e1 r\u1ebb v\u00e0 ph\u1ee5c v\u1ee5 t\u1eadn t\u00e2m \u2013 Tour \u0110\u1ea3o Nha Trang ch\u00ednh l\u00e0 l\u1ef1a ch\u1ecdn ho\u00e0n h\u1ea3o.<br \/>\nCh\u00fang t\u00f4i cam k\u1ebft mang \u0111\u1ebfn tr\u1ea3i nghi\u1ec7m di chuy\u1ec3n nhanh \u2013 g\u1ecdn \u2013 an to\u00e0n \u2013 ti\u1ebft ki\u1ec7m, \u0111\u1ec3 b\u1ea1n an t\u00e2m t\u1eadn h\u01b0\u1edfng k\u1ef3 ngh\u1ec9 t\u1ea1i th\u00e0nh ph\u1ed1 bi\u1ec3n xinh \u0111\u1eb9p n\u00e0y.<\/p>\n<p>Li\u00ean h\u1ec7 ngay: [Hotline\/Zalo] \u0111\u1ec3 \u0111\u1eb7t xe v\u00e0 nh\u1eadn \u01b0u \u0111\u00e3i h\u1ea5p d\u1eabn h\u00f4m nay!<br \/>\nTour \u0110\u1ea3o Nha Trang \u2013 \u0110\u01b0a \u0111\u00f3n t\u1eadn n\u01a1i, ph\u1ee5c v\u1ee5 t\u1eadn t\u00e2m.<\/p>\n","protected":false},"excerpt":{"rendered":"<h3 class=\"product-title product_title entry-title\"><span style=\"color: #0000ff; font-size: 100%;\">\u0413\u043e\u0440\u043e\u0434\u0441\u043a\u043e\u0439 \u0442\u0440\u0430\u043d\u0441\u0444\u0435\u0440 (2 \u043f\u043e\u0435\u0437\u0434\u043a\u0438)<\/span><\/h3>\n<ul>\n<li>5-\u043c\u0435\u0441\u0442\u043d\u044b\u0439 \u0430\u0432\u0442\u043e\u043c\u043e\u0431\u0438\u043b\u044c: 250 000 \u0434\u043e\u043d\u0433\u043e\u0432<\/li>\n<li>7-\u043c\u0435\u0441\u0442\u043d\u044b\u0439 \u0430\u0432\u0442\u043e\u043c\u043e\u0431\u0438\u043b\u044c: 300 000 \u0434\u043e\u043d\u0433\u043e\u0432<\/li>\n<li>16-\u043c\u0435\u0441\u0442\u043d\u044b\u0439 \u0430\u0432\u0442\u043e\u043c\u043e\u0431\u0438\u043b\u044c: 500 000 \u0434\u043e\u043d\u0433\u043e\u0432<\/li>\n<li>29-\u043c\u0435\u0441\u0442\u043d\u044b\u0439 \u0430\u0432\u0442\u043e\u043c\u043e\u0431\u0438\u043b\u044c: 1 000 000 \u0434\u043e\u043d\u0433\u043e\u0432<\/li>\n<li>45-\u043c\u0435\u0441\u0442\u043d\u044b\u0439 \u0430\u0432\u0442\u043e\u043c\u043e\u0431\u0438\u043b\u044c: 1 600 000 \u0434\u043e\u043d\u0433\u043e\u0432<\/li>\n<li><span style=\"color: #0000ff;\">\u041f\u0440\u043e\u0434\u0432\u0438\u0436\u0435\u043d\u0438\u0435 \u043f\u043b\u0430\u0442\u0435\u0436\u0430 5%<\/span><\/li>\n<\/ul>\n<div class=\"hJDwNd-AhqUyc-qWD73c purZT-AhqUyc-II5mzb pSzOP-AhqUyc-qWD73c JNdkSc\">\n<div class=\"JNdkSc-SmKAyb\">\n<div class=\"\">\n<div class=\"oKdM2c Kzv0Me\">\n<div class=\"hJDwNd-AhqUyc-qWD73c purZT-AhqUyc-II5mzb pSzOP-AhqUyc-qWD73c JNdkSc\">\n<div class=\"JNdkSc-SmKAyb\">\n<div class=\"\">\n<div class=\"oKdM2c Kzv0Me\">\n<div id=\"h.f128f2fe5256b73_1433\" class=\"hJDwNd-AhqUyc-qWD73c jXK9ad D2fZ2 OjCsFc wHaque GNzUNc\">\n<div class=\"jXK9ad-SmKAyb\">\n<div class=\"tyJCtd mGzaTb baZpAe\">\n<div class=\"row row-small mua-ngay-button\">\n<div class=\"cot1 medium-6 small-12 large-6\">\n<div class=\"col-inner\"><a class=\"button primary is-large lowercase expand\" style=\"border-radius: 3px;\" href=\"tel:0849256256\">\ud83d\udcde \u041a\u043e\u043d\u0442\u0430\u043a\u0442\u044b<br \/>\n<\/a><\/div>\n<\/div>\n<div class=\"cot2 medium-6 small-12 large-6\">\n<div class=\"col-inner\"><a class=\"button success is-large lowercase expand\" style=\"border-radius: 3px;\" href=\"https:\/\/tourdaonhatrang.com\/ru\/%d0%bf%d1%80%d0%be%d0%ba%d0%b0%d1%82-%d0%b0%d0%b2%d1%82%d0%be%d0%bc%d0%be%d0%b1%d0%b8%d0%bb%d0%b5%d0%b9-%d0%b2-%d0%bd%d1%8f%d1%87%d0%b0%d0%bd%d0%b3%d0%b5\/\" target=\"_self\" rel=\"noopener\"><span style=\"vertical-align: inherit;\">\ud83d\uded2 \u0411\u0440\u043e\u043d\u0438\u0440\u0443\u0439\u0442\u0435 \u0431\u0438\u043b\u0435\u0442\u044b \u0431\u044b\u0441\u0442\u0440\u043e<\/span><\/a><\/div>\n<\/div>\n<\/div>\n<\/div>\n<\/div>\n<\/div>\n<\/div>\n<\/div>\n<\/div>\n<\/div>\n<\/div>\n<\/div>\n<\/div>\n<\/div>","protected":false},"featured_media":38402,"comment_status":"open","ping_status":"closed","template":"","meta":[],"product_brand":[],"product_cat":[645],"product_tag":[],"class_list":{"0":"post-19562","1":"product","2":"type-product","3":"status-publish","4":"has-post-thumbnail","6":"product_cat-thue-xe-du-lich","8":"first","9":"instock","10":"shipping-taxable","11":"product-type-simple"},"_links":{"self":[{"href":"https:\/\/tourdaonhatrang.com\/ru\/wp-json\/wp\/v2\/product\/19562","targetHints":{"allow":["GET"]}}],"collection":[{"href":"https:\/\/tourdaonhatrang.com\/ru\/wp-json\/wp\/v2\/product"}],"about":[{"href":"https:\/\/tourdaonhatrang.com\/ru\/wp-json\/wp\/v2\/types\/product"}],"replies":[{"embeddable":true,"href":"https:\/\/tourdaonhatrang.com\/ru\/wp-json\/wp\/v2\/comments?post=19562"}],"wp:featuredmedia":[{"embeddable":true,"href":"https:\/\/tourdaonhatrang.com\/ru\/wp-json\/wp\/v2\/media\/38402"}],"wp:attachment":[{"href":"https:\/\/tourdaonhatrang.com\/ru\/wp-json\/wp\/v2\/media?parent=19562"}],"wp:term":[{"taxonomy":"product_brand","embeddable":true,"href":"https:\/\/tourdaonhatrang.com\/ru\/wp-json\/wp\/v2\/product_brand?post=19562"},{"taxonomy":"product_cat","embeddable":true,"href":"https:\/\/tourdaonhatrang.com\/ru\/wp-json\/wp\/v2\/product_cat?post=19562"},{"taxonomy":"product_tag","embeddable":true,"href":"https:\/\/tourdaonhatrang.com\/ru\/wp-json\/wp\/v2\/product_tag?post=19562"}],"curies":[{"name":"wp","href":"https:\/\/api.w.org\/{rel}","templated":true}]}}