{"id":19589,"date":"2020-11-03T16:34:54","date_gmt":"2020-11-03T09:34:54","guid":{"rendered":"https:\/\/tourdao.com.vn\/?post_type=product&#038;p=19589"},"modified":"2025-12-08T11:13:09","modified_gmt":"2025-12-08T04:13:09","slug":"thue-xe-dua-don-tour-dao-nha-trang","status":"publish","type":"product","link":"https:\/\/tourdaonhatrang.com\/ru\/thue-xe-dua-don-tour-dao-nha-trang\/","title":{"rendered":"Thu\u00ea xe \u0111\u01b0a \u0111\u00f3n tour \u0111\u1ea3o Nha Trang"},"content":{"rendered":"<div id=\"ez-toc-container\" class=\"ez-toc-v2_0_82_2 counter-hierarchy ez-toc-counter ez-toc-grey ez-toc-container-direction\">\n<div class=\"ez-toc-title-container\">\n<p class=\"ez-toc-title\" style=\"cursor:inherit\">\u0421\u043e\u0434\u0435\u0440\u0436\u0430\u043d\u0438\u0435<\/p>\n<span class=\"ez-toc-title-toggle\"><a href=\"#\" class=\"ez-toc-pull-right ez-toc-btn ez-toc-btn-xs ez-toc-btn-default ez-toc-toggle\" aria-label=\"Toggle Table of Content\"><span class=\"ez-toc-js-icon-con\"><span class=\"\"><span class=\"eztoc-hide\" style=\"display:none;\">\u041f\u0435\u0440\u0435\u043a\u043b\u044e\u0447\u0430\u0442\u044c<\/span><span class=\"ez-toc-icon-toggle-span\"><svg style=\"fill: #999;color:#999\" xmlns=\"http:\/\/www.w3.org\/2000\/svg\" class=\"list-377408\" width=\"20px\" height=\"20px\" viewbox=\"0 0 24 24\" fill=\"none\"><path d=\"M6 6H4v2h2V6zm14 0H8v2h12V6zM4 11h2v2H4v-2zm16 0H8v2h12v-2zM4 16h2v2H4v-2zm16 0H8v2h12v-2z\" fill=\"currentColor\"><\/path><\/svg><svg style=\"fill: #999;color:#999\" class=\"arrow-unsorted-368013\" xmlns=\"http:\/\/www.w3.org\/2000\/svg\" width=\"10px\" height=\"10px\" viewbox=\"0 0 24 24\" version=\"1.2\" baseprofile=\"tiny\"><path d=\"M18.2 9.3l-6.2-6.3-6.2 6.3c-.2.2-.3.4-.3.7s.1.5.3.7c.2.2.4.3.7.3h11c.3 0 .5-.1.7-.3.2-.2.3-.5.3-.7s-.1-.5-.3-.7zM5.8 14.7l6.2 6.3 6.2-6.3c.2-.2.3-.5.3-.7s-.1-.5-.3-.7c-.2-.2-.4-.3-.7-.3h-11c-.3 0-.5.1-.7.3-.2.2-.3.5-.3.7s.1.5.3.7z\"\/><\/svg><\/span><\/span><\/span><\/a><\/span><\/div>\n<nav><ul class='ez-toc-list ez-toc-list-level-1' ><li class='ez-toc-page-1 ez-toc-heading-level-1'><a class=\"ez-toc-link ez-toc-heading-1\" href=\"https:\/\/tourdaonhatrang.com\/ru\/thue-xe-dua-don-tour-dao-nha-trang\/#Thue_Xe_Dua_Don_Tour_Dao_Nha_Trang_%E2%80%93_Dich_Vu_An_Toan_Tien_Loi_Gia_Tot\" >Thu\u00ea Xe \u0110\u01b0a \u0110\u00f3n Tour \u0110\u1ea3o Nha Trang \u2013 D\u1ecbch V\u1ee5 An To\u00e0n, Ti\u1ec7n L\u1ee3i, Gi\u00e1 T\u1ed1t<\/a><ul class='ez-toc-list-level-2' ><li class='ez-toc-heading-level-2'><a class=\"ez-toc-link ez-toc-heading-2\" href=\"https:\/\/tourdaonhatrang.com\/ru\/thue-xe-dua-don-tour-dao-nha-trang\/#Tai_sao_nen_chon_thue_xe_dua_don_tour_dao_Nha_Trang\" >T\u1ea1i sao n\u00ean ch\u1ecdn thu\u00ea xe \u0111\u01b0a \u0111\u00f3n tour \u0111\u1ea3o Nha Trang?<\/a><ul class='ez-toc-list-level-3' ><li class='ez-toc-heading-level-3'><a class=\"ez-toc-link ez-toc-heading-3\" href=\"https:\/\/tourdaonhatrang.com\/ru\/thue-xe-dua-don-tour-dao-nha-trang\/#Dua_don_tan_noi_%E2%80%93_dung_gio_dung_hen\" >\u0110\u01b0a \u0111\u00f3n t\u1eadn n\u01a1i \u2013 \u0111\u00fang gi\u1edd, \u0111\u00fang h\u1eb9n<\/a><\/li><li class='ez-toc-page-1 ez-toc-heading-level-3'><a class=\"ez-toc-link ez-toc-heading-4\" href=\"https:\/\/tourdaonhatrang.com\/ru\/thue-xe-dua-don-tour-dao-nha-trang\/#Xe_doi_moi_sach_se_co_dieu_hoa\" >Xe \u0111\u1eddi m\u1edbi, s\u1ea1ch s\u1ebd, c\u00f3 \u0111i\u1ec1u h\u00f2a<\/a><\/li><li class='ez-toc-page-1 ez-toc-heading-level-3'><a class=\"ez-toc-link ez-toc-heading-5\" href=\"https:\/\/tourdaonhatrang.com\/ru\/thue-xe-dua-don-tour-dao-nha-trang\/#An_toan_va_chuyen_nghiep\" >An to\u00e0n v\u00e0 chuy\u00ean nghi\u1ec7p<\/a><\/li><li class='ez-toc-page-1 ez-toc-heading-level-3'><a class=\"ez-toc-link ez-toc-heading-6\" href=\"https:\/\/tourdaonhatrang.com\/ru\/thue-xe-dua-don-tour-dao-nha-trang\/#Tiet_kiem_chi_phi_%E2%80%93_gia_niem_yet_ro_rang\" >Ti\u1ebft ki\u1ec7m chi ph\u00ed \u2013 gi\u00e1 ni\u00eam y\u1ebft r\u00f5 r\u00e0ng<\/a><\/li><li class='ez-toc-page-1 ez-toc-heading-level-3'><a class=\"ez-toc-link ez-toc-heading-7\" href=\"https:\/\/tourdaonhatrang.com\/ru\/thue-xe-dua-don-tour-dao-nha-trang\/#Lich_trinh_dua_don_goi_y_cho_tour_dao_Nha_Trang\" >L\u1ecbch tr\u00ecnh \u0111\u01b0a \u0111\u00f3n g\u1ee3i \u00fd cho tour \u0111\u1ea3o Nha Trang<\/a><\/li><li class='ez-toc-page-1 ez-toc-heading-level-3'><a class=\"ez-toc-link ez-toc-heading-8\" href=\"https:\/\/tourdaonhatrang.com\/ru\/thue-xe-dua-don-tour-dao-nha-trang\/#Uu_diem_khi_dat_xe_tai_Tour_Dao_Nha_Trang\" >\u01afu \u0111i\u1ec3m khi \u0111\u1eb7t xe t\u1ea1i Tour \u0110\u1ea3o Nha Trang<\/a><\/li><li class='ez-toc-page-1 ez-toc-heading-level-3'><a class=\"ez-toc-link ez-toc-heading-9\" href=\"https:\/\/tourdaonhatrang.com\/ru\/thue-xe-dua-don-tour-dao-nha-trang\/#Ban_co_the_dat_combo_tron_goi_gom\" >B\u1ea1n c\u00f3 th\u1ec3 \u0111\u1eb7t combo tr\u1ecdn g\u00f3i g\u1ed3m:<\/a><\/li><li class='ez-toc-page-1 ez-toc-heading-level-3'><a class=\"ez-toc-link ez-toc-heading-10\" href=\"https:\/\/tourdaonhatrang.com\/ru\/thue-xe-dua-don-tour-dao-nha-trang\/#Meo_nho_khi_dat_xe_dua_don_tour_dao\" >M\u1eb9o nh\u1ecf khi \u0111\u1eb7t xe \u0111\u01b0a \u0111\u00f3n tour \u0111\u1ea3o<\/a><\/li><li class='ez-toc-page-1 ez-toc-heading-level-3'><a class=\"ez-toc-link ez-toc-heading-11\" href=\"https:\/\/tourdaonhatrang.com\/ru\/thue-xe-dua-don-tour-dao-nha-trang\/#Cam_nhan_cua_khach_hang\" >C\u1ea3m nh\u1eadn c\u1ee7a kh\u00e1ch h\u00e0ng<\/a><\/li><li class='ez-toc-page-1 ez-toc-heading-level-3'><a class=\"ez-toc-link ez-toc-heading-12\" href=\"https:\/\/tourdaonhatrang.com\/ru\/thue-xe-dua-don-tour-dao-nha-trang\/#Cau_hoi_thuong_gap\" >C\u00e2u h\u1ecfi th\u01b0\u1eddng g\u1eb7p<\/a><\/li><li class='ez-toc-page-1 ez-toc-heading-level-3'><a class=\"ez-toc-link ez-toc-heading-13\" href=\"https:\/\/tourdaonhatrang.com\/ru\/thue-xe-dua-don-tour-dao-nha-trang\/#Huong_dan_dat_xe_dua_don_tour_dao\" >H\u01b0\u1edbng d\u1eabn \u0111\u1eb7t xe \u0111\u01b0a \u0111\u00f3n tour \u0111\u1ea3o<\/a><\/li><li class='ez-toc-page-1 ez-toc-heading-level-3'><a class=\"ez-toc-link ez-toc-heading-14\" href=\"https:\/\/tourdaonhatrang.com\/ru\/thue-xe-dua-don-tour-dao-nha-trang\/#Ket_luan\" >K\u1ebft lu\u1eadn<\/a><\/li><\/ul><\/li><\/ul><\/li><\/ul><\/nav><\/div>\n<h1><span class=\"ez-toc-section\" id=\"Thue_Xe_Dua_Don_Tour_Dao_Nha_Trang_%E2%80%93_Dich_Vu_An_Toan_Tien_Loi_Gia_Tot\"><\/span>Thu\u00ea Xe \u0110\u01b0a \u0110\u00f3n Tour \u0110\u1ea3o Nha Trang \u2013 D\u1ecbch V\u1ee5 An To\u00e0n, Ti\u1ec7n L\u1ee3i, Gi\u00e1 T\u1ed1t<span class=\"ez-toc-section-end\"><\/span><\/h1>\n<p>B\u1ea1n \u0111ang c\u00f3 k\u1ebf ho\u1ea1ch kh\u00e1m ph\u00e1 nh\u1eefng h\u00f2n \u0111\u1ea3o tuy\u1ec7t \u0111\u1eb9p c\u1ee7a Nha Trang nh\u01b0 H\u00f2n Mun, H\u00f2n T\u1eb1m, B\u00e3i Tranh, L\u00e0ng Ch\u00e0i\u2026? H\u00e3y \u0111\u1ec3 ch\u00fang t\u00f4i gi\u00fap b\u1ea1n b\u1eaft \u0111\u1ea7u chuy\u1ebfn h\u00e0nh tr\u00ecnh \u1ea5y th\u1eadt tr\u1ecdn v\u1eb9n v\u1edbi d\u1ecbch v\u1ee5 thu\u00ea xe \u0111\u01b0a \u0111\u00f3n tour \u0111\u1ea3o Nha Trang chuy\u00ean nghi\u1ec7p \u2013 \u0111\u01b0a \u0111\u00f3n t\u1eadn n\u01a1i, \u0111\u00fang gi\u1edd v\u00e0 an to\u00e0n tuy\u1ec7t \u0111\u1ed1i.<\/p>\n<p>Vi\u1ec7c di chuy\u1ec3n t\u1eeb kh\u00e1ch s\u1ea1n trung t\u00e2m th\u00e0nh ph\u1ed1 Nha Trang \u0111\u1ebfn b\u1ebfn c\u1ea3ng du l\u1ecbch C\u1ea7u \u0110\u00e1 ho\u1eb7c c\u1ea3ng V\u0129nh Tr\u01b0\u1eddng m\u1ea5t kho\u1ea3ng 10\u201315 ph\u00fat. Tuy nhi\u00ean, v\u00e0o gi\u1edd cao \u0111i\u1ec3m ho\u1eb7c m\u00f9a du l\u1ecbch, vi\u1ec7c t\u00ecm taxi, xe c\u00f4ng ngh\u1ec7 hay gh\u00e9p xe c\u00f3 th\u1ec3 m\u1ea5t th\u1eddi gian v\u00e0 khi\u1ebfn b\u1ea1n tr\u1ec5 chuy\u1ebfn cano. V\u00ec v\u1eady, thu\u00ea xe \u0111\u01b0a \u0111\u00f3n \u0111i tour \u0111\u1ea3o l\u00e0 l\u1ef1a ch\u1ecdn l\u00fd t\u01b0\u1edfng \u2013 gi\u00fap b\u1ea1n ch\u1ee7 \u0111\u1ed9ng th\u1eddi gian, ti\u1ebft ki\u1ec7m chi ph\u00ed v\u00e0 t\u1eadn h\u01b0\u1edfng chuy\u1ebfn \u0111i nh\u1eb9 nh\u00e0ng h\u01a1n bao gi\u1edd h\u1ebft.<\/p>\n<h2><span class=\"ez-toc-section\" id=\"Tai_sao_nen_chon_thue_xe_dua_don_tour_dao_Nha_Trang\"><\/span>T\u1ea1i sao n\u00ean ch\u1ecdn thu\u00ea xe \u0111\u01b0a \u0111\u00f3n tour \u0111\u1ea3o Nha Trang?<span class=\"ez-toc-section-end\"><\/span><\/h2>\n<h3><span class=\"ez-toc-section\" id=\"Dua_don_tan_noi_%E2%80%93_dung_gio_dung_hen\"><\/span>\u0110\u01b0a \u0111\u00f3n t\u1eadn n\u01a1i \u2013 \u0111\u00fang gi\u1edd, \u0111\u00fang h\u1eb9n<span class=\"ez-toc-section-end\"><\/span><\/h3>\n<p>D\u1ecbch v\u1ee5 c\u1ee7a ch\u00fang t\u00f4i \u0111\u01b0a \u0111\u00f3n t\u1eadn kh\u00e1ch s\u1ea1n, homestay ho\u1eb7c \u0111i\u1ec3m h\u1eb9n t\u1ea1i trung t\u00e2m Nha Trang, gi\u00fap b\u1ea1n kh\u00f4ng c\u1ea7n t\u1ef1 lo di chuy\u1ec3n hay t\u00ecm b\u1ebfn c\u1ea3ng. T\u00e0i x\u1ebf c\u00f3 m\u1eb7t tr\u01b0\u1edbc gi\u1edd h\u1eb9n, gi\u00fap b\u1ea1n \u0111\u1ebfn c\u1ea3ng du l\u1ecbch \u0111\u00fang gi\u1edd kh\u1edfi h\u00e0nh cano.<\/p>\n<h3><span class=\"ez-toc-section\" id=\"Xe_doi_moi_sach_se_co_dieu_hoa\"><\/span>Xe \u0111\u1eddi m\u1edbi, s\u1ea1ch s\u1ebd, c\u00f3 \u0111i\u1ec1u h\u00f2a<span class=\"ez-toc-section-end\"><\/span><\/h3>\n<p>To\u00e0n b\u1ed9 xe \u0111\u1ec1u l\u00e0 d\u00f2ng xe du l\u1ecbch \u0111\u1eddi m\u1edbi, v\u1ec7 sinh h\u1eb1ng ng\u00e0y, c\u00f3 \u0111i\u1ec1u h\u00f2a m\u00e1t l\u1ea1nh \u2013 \u0111\u1ea3m b\u1ea3o h\u00e0nh tr\u00ecnh tho\u1ea3i m\u00e1i t\u1eeb khi kh\u1edfi h\u00e0nh \u0111\u1ebfn khi k\u1ebft th\u00fac tour.<\/p>\n<h3><span class=\"ez-toc-section\" id=\"An_toan_va_chuyen_nghiep\"><\/span>An to\u00e0n v\u00e0 chuy\u00ean nghi\u1ec7p<span class=\"ez-toc-section-end\"><\/span><\/h3>\n<p>L\u00e1i xe \u0111\u01b0\u1ee3c \u0111\u00e0o t\u1ea1o k\u1ef9 l\u01b0\u1ee1ng, am hi\u1ec3u \u0111\u01b0\u1eddng x\u00e1 Nha Trang, lu\u00f4n l\u00e1i c\u1ea9n th\u1eadn v\u00e0 th\u00e2n thi\u1ec7n. Ch\u00fang t\u00f4i \u0111\u1eb7t y\u1ebfu t\u1ed1 an to\u00e0n v\u00e0 \u0111\u00fang gi\u1edd l\u00ean h\u00e0ng \u0111\u1ea7u \u0111\u1ec3 \u0111\u1ea3m b\u1ea3o chuy\u1ebfn \u0111i c\u1ee7a b\u1ea1n di\u1ec5n ra su\u00f4n s\u1ebb.<\/p>\n<h3><span class=\"ez-toc-section\" id=\"Tiet_kiem_chi_phi_%E2%80%93_gia_niem_yet_ro_rang\"><\/span>Ti\u1ebft ki\u1ec7m chi ph\u00ed \u2013 gi\u00e1 ni\u00eam y\u1ebft r\u00f5 r\u00e0ng<span class=\"ez-toc-section-end\"><\/span><\/h3>\n<p>So v\u1edbi taxi ho\u1eb7c \u0111\u1eb7t xe \u1ee9ng d\u1ee5ng 2 chi\u1ec1u, thu\u00ea xe \u0111\u01b0a \u0111\u00f3n tour \u0111\u1ea3o Nha Trang theo g\u00f3i s\u1ebd gi\u00fap b\u1ea1n ti\u1ebft ki\u1ec7m t\u1eeb 20\u201330%. Gi\u00e1 \u0111\u00e3 bao g\u1ed3m c\u1ea3 chi\u1ec1u \u0111i v\u00e0 chi\u1ec1u v\u1ec1, kh\u00f4ng ph\u00e1t sinh ph\u1ee5 ph\u00ed.<\/p>\n<p>C\u00e1c lo\u1ea1i xe ph\u1ee5c v\u1ee5 \u0111\u01b0a \u0111\u00f3n \u0111i tour \u0111\u1ea3o<\/p>\n<table>\n<thead>\n<tr>\n<td>\u0422\u0438\u043f \u0442\u0440\u0430\u043d\u0441\u043f\u043e\u0440\u0442\u043d\u043e\u0433\u043e \u0441\u0440\u0435\u0434\u0441\u0442\u0432\u0430<\/td>\n<td>S\u1ee9c ch\u1ee9a<\/td>\n<td>Gi\u00e1 tham kh\u1ea3o (2 chi\u1ec1u)<\/td>\n<td>Ph\u00f9 h\u1ee3p<\/td>\n<\/tr>\n<\/thead>\n<tbody>\n<tr>\n<td>4-\u043c\u0435\u0441\u0442\u043d\u044b\u0439 \u0430\u0432\u0442\u043e\u043c\u043e\u0431\u0438\u043b\u044c<\/td>\n<td>1\u20133 kh\u00e1ch<\/td>\n<td>250.000 \u2013 300.000 VN\u0110<\/td>\n<td>C\u1eb7p \u0111\u00f4i, gia \u0111\u00ecnh nh\u1ecf<\/td>\n<\/tr>\n<tr>\n<td>7-\u043c\u0435\u0441\u0442\u043d\u044b\u0439 \u0430\u0432\u0442\u043e\u043c\u043e\u0431\u0438\u043b\u044c<\/td>\n<td>4\u20136 kh\u00e1ch<\/td>\n<td>350.000 \u2013 400.000 VN\u0110<\/td>\n<td>Nh\u00f3m b\u1ea1n, gia \u0111\u00ecnh l\u1edbn<\/td>\n<\/tr>\n<tr>\n<td>16-\u043c\u0435\u0441\u0442\u043d\u044b\u0439 \u0430\u0432\u0442\u043e\u043c\u043e\u0431\u0438\u043b\u044c<\/td>\n<td>7\u201314 kh\u00e1ch<\/td>\n<td>450.000 \u2013 550.000 VN\u0110<\/td>\n<td>Tour nh\u00f3m, c\u00f4ng ty<\/td>\n<\/tr>\n<tr>\n<td>29-\u043c\u0435\u0441\u0442\u043d\u044b\u0439 \u0430\u0432\u0442\u043e\u043c\u043e\u0431\u0438\u043b\u044c<\/td>\n<td>15\u201325 kh\u00e1ch<\/td>\n<td>Li\u00ean h\u1ec7 b\u00e1o gi\u00e1<\/td>\n<td>\u0110o\u00e0n l\u1edbn, tour ri\u00eang<\/td>\n<\/tr>\n<\/tbody>\n<\/table>\n<p>L\u01b0u \u00fd: Gi\u00e1 c\u00f3 th\u1ec3 thay \u0111\u1ed5i t\u00f9y th\u1eddi \u0111i\u1ec3m cao \u0111i\u1ec3m ho\u1eb7c nhu c\u1ea7u ri\u00eang.<\/p>\n<p>T\u1ea5t c\u1ea3 xe \u0111\u1ec1u \u0111\u01b0\u1ee3c b\u1ea3o d\u01b0\u1ee1ng \u0111\u1ecbnh k\u1ef3, c\u00f3 n\u01b0\u1edbc u\u1ed1ng mi\u1ec5n ph\u00ed v\u00e0 \u0111\u1ed9i ng\u0169 t\u00e0i x\u1ebf s\u1eb5n s\u00e0ng h\u1ed7 tr\u1ee3 h\u00e0nh l\u00fd, h\u01b0\u1edbng d\u1eabn kh\u00e1ch t\u1ea1i c\u1ea3ng.<\/p>\n<h3><span class=\"ez-toc-section\" id=\"Lich_trinh_dua_don_goi_y_cho_tour_dao_Nha_Trang\"><\/span>L\u1ecbch tr\u00ecnh \u0111\u01b0a \u0111\u00f3n g\u1ee3i \u00fd cho tour \u0111\u1ea3o Nha Trang<span class=\"ez-toc-section-end\"><\/span><\/h3>\n<p>\u0423\u0442\u0440\u043e<\/p>\n<p>07:30 \u2013 08:00: Xe \u0111\u00f3n kh\u00e1ch t\u1ea1i kh\u00e1ch s\u1ea1n trung t\u00e2m Nha Trang.<\/p>\n<p>08:15: \u0110\u1ebfn C\u1ea3ng C\u1ea7u \u0110\u00e1 ho\u1eb7c C\u1ea3ng V\u0129nh Tr\u01b0\u1eddng \u2013 l\u00e0m th\u1ee7 t\u1ee5c v\u00e0 l\u00ean ca\u00adn\u00f4 kh\u1edfi h\u00e0nh tour 3 \u0111\u1ea3o ho\u1eb7c 4 \u0111\u1ea3o.<\/p>\n<p>Bu\u1ed5i chi\u1ec1u<\/p>\n<p>15:30 \u2013 16:00: Xe ch\u1edd t\u1ea1i b\u1ebfn, \u0111\u00f3n kh\u00e1ch sau khi k\u1ebft th\u00fac tour.<\/p>\n<p>16:15 \u2013 16:30: Tr\u1ea3 kh\u00e1ch v\u1ec1 l\u1ea1i kh\u00e1ch s\u1ea1n ho\u1eb7c \u0111\u1ecba \u0111i\u1ec3m theo y\u00eau c\u1ea7u.<\/p>\n<p>B\u1ea1n c\u00f3 th\u1ec3 y\u00eau c\u1ea7u xe \u0111\u00f3n s\u1edbm ho\u1eb7c mu\u1ed9n h\u01a1n t\u00f9y v\u00e0o th\u1eddi gian kh\u1edfi h\u00e0nh tour c\u1ee7a m\u00ecnh.<\/p>\n<h3><span class=\"ez-toc-section\" id=\"Uu_diem_khi_dat_xe_tai_Tour_Dao_Nha_Trang\"><\/span>\u01afu \u0111i\u1ec3m khi \u0111\u1eb7t xe t\u1ea1i Tour \u0110\u1ea3o Nha Trang<span class=\"ez-toc-section-end\"><\/span><\/h3>\n<p>\u0110\u1eb7t nhanh \u2013 x\u00e1c nh\u1eadn ngay: Ch\u1ec9 c\u1ea7n g\u1eedi th\u00f4ng tin, ch\u00fang t\u00f4i x\u00e1c nh\u1eadn trong v\u00e0i ph\u00fat.<\/p>\n<p>T\u00e0i x\u1ebf th\u00e2n thi\u1ec7n: H\u01b0\u1edbng d\u1eabn kh\u00e1ch \u0111\u1ebfn \u0111\u00fang b\u1ebfn, h\u1ed7 tr\u1ee3 check-in v\u00e9 cano.<\/p>\n<p>\u0110a d\u1ea1ng d\u1ecbch v\u1ee5: Ngo\u00e0i xe \u0111\u01b0a \u0111\u00f3n, b\u1ea1n c\u00f3 th\u1ec3 \u0111\u1eb7t tr\u1ecdn g\u00f3i tour \u0111\u1ea3o + xe \u0111\u01b0a \u0111\u00f3n v\u1edbi gi\u00e1 \u01b0u \u0111\u00e3i.<\/p>\n<p>H\u1ed7 tr\u1ee3 24\/7: Hotline tr\u1ef1c ti\u1ebfp, t\u01b0 v\u1ea5n b\u1ea5t k\u1ef3 th\u1eddi gian n\u00e0o trong ng\u00e0y.<\/p>\n<p>G\u1ee3i \u00fd k\u1ebft h\u1ee3p: Thu\u00ea xe + tour \u0111\u1ea3o Nha Trang<\/p>\n<h3><span class=\"ez-toc-section\" id=\"Ban_co_the_dat_combo_tron_goi_gom\"><\/span>B\u1ea1n c\u00f3 th\u1ec3 \u0111\u1eb7t combo tr\u1ecdn g\u00f3i g\u1ed3m:<span class=\"ez-toc-section-end\"><\/span><\/h3>\n<p>Xe \u0111\u01b0a \u0111\u00f3n kh\u00e1ch s\u1ea1n \u2013 c\u1ea3ng \u2013 kh\u00e1ch s\u1ea1n<\/p>\n<p>V\u00e9 tour cano 3 \u0111\u1ea3o ho\u1eb7c 4 \u0111\u1ea3o Nha Trang<\/p>\n<p>\u0102n tr\u01b0a t\u1ea1i L\u00e0ng Ch\u00e0i, v\u00e9 khu du l\u1ecbch H\u00f2n T\u1eb1m ho\u1eb7c B\u00e3i Tranh<\/p>\n<p>Khi \u0111\u1eb7t combo, b\u1ea1n s\u1ebd ti\u1ebft ki\u1ec7m 10\u201315% chi ph\u00ed, \u0111\u01b0\u1ee3c \u01b0u ti\u00ean s\u1eafp l\u1ecbch kh\u1edfi h\u00e0nh v\u00e0 ch\u1ecdn th\u1eddi gian linh ho\u1ea1t h\u01a1n so v\u1edbi \u0111\u1eb7t ri\u00eang l\u1ebb.<\/p>\n<h3><span class=\"ez-toc-section\" id=\"Meo_nho_khi_dat_xe_dua_don_tour_dao\"><\/span>M\u1eb9o nh\u1ecf khi \u0111\u1eb7t xe \u0111\u01b0a \u0111\u00f3n tour \u0111\u1ea3o<span class=\"ez-toc-section-end\"><\/span><\/h3>\n<p>\u0110\u1eb7t xe tr\u01b0\u1edbc \u00edt nh\u1ea5t 1 ng\u00e0y \u0111\u1ec3 c\u00f3 gi\u00e1 t\u1ed1t v\u00e0 \u0111\u1ea3m b\u1ea3o xe c\u00f3 s\u1eb5n trong m\u00f9a cao \u0111i\u1ec3m.<\/p>\n<p>Cung c\u1ea5p ch\u00ednh x\u00e1c \u0111\u1ecba ch\u1ec9 \u0111\u00f3n, \u0111\u1ec3 t\u00e0i x\u1ebf \u0111\u1ecbnh v\u1ecb ch\u00ednh x\u00e1c v\u00e0 \u0111\u00fang gi\u1edd.<\/p>\n<p>Gi\u1eef li\u00ean l\u1ea1c qua \u0111i\u1ec7n tho\u1ea1i\/Zalo v\u1edbi t\u00e0i x\u1ebf khi \u0111i tour \u0111\u1ec3 ti\u1ec7n li\u00ean h\u1ec7 khi quay v\u1ec1.<\/p>\n<p>N\u1ebfu \u0111i nh\u00f3m nh\u1ecf, b\u1ea1n c\u00f3 th\u1ec3 gh\u00e9p xe 7 ho\u1eb7c 16 ch\u1ed7 \u0111\u1ec3 ti\u1ebft ki\u1ec7m chi ph\u00ed.<\/p>\n<h3><span class=\"ez-toc-section\" id=\"Cam_nhan_cua_khach_hang\"><\/span>C\u1ea3m nh\u1eadn c\u1ee7a kh\u00e1ch h\u00e0ng<span class=\"ez-toc-section-end\"><\/span><\/h3>\n<p>\u201cXe \u0111\u1ebfn s\u1edbm, \u0111\u00f3n t\u1eadn kh\u00e1ch s\u1ea1n, r\u1ea5t chuy\u00ean nghi\u1ec7p. C\u1ea3m \u01a1n Tour \u0110\u1ea3o Nha Trang!\u201d \u2013 Anh Qu\u00e2n, H\u00e0 N\u1ed9i<br \/>\n\u201cCh\u00fang t\u00f4i \u0111i tour 3 \u0111\u1ea3o, c\u00f3 xe ri\u00eang \u0111\u01b0a \u0111\u00f3n, ti\u1ec7n h\u01a1n nhi\u1ec1u so v\u1edbi taxi. R\u1ea5t \u0111\u00e1ng ti\u1ec1n!\u201d \u2013 Ch\u1ecb Th\u1ea3o, TP.HCM<br \/>\n\u201cT\u00e0i x\u1ebf vui v\u1ebb, h\u01b0\u1edbng d\u1eabn t\u1eadn t\u00ecnh, xe m\u1edbi v\u00e0 s\u1ea1ch. D\u1ecbch v\u1ee5 tuy\u1ec7t v\u1eddi.\u201d \u2013 Gia \u0111\u00ecnh anh H\u01b0ng, H\u1ea3i Ph\u00f2ng<\/p>\n<h3><span class=\"ez-toc-section\" id=\"Cau_hoi_thuong_gap\"><\/span>C\u00e2u h\u1ecfi th\u01b0\u1eddng g\u1eb7p<span class=\"ez-toc-section-end\"><\/span><\/h3>\n<ol>\n<li>Xe c\u00f3 ch\u1edd kh\u00e1ch khi \u0111i tour kh\u00f4ng?<br \/>\n\u2192 C\u00f3. T\u00e0i x\u1ebf s\u1ebd ch\u1edd t\u1ea1i b\u1ebfn v\u00e0 \u0111\u00f3n kh\u00e1ch v\u1ec1 kh\u00e1ch s\u1ea1n theo gi\u1edd k\u1ebft th\u00fac tour.<\/li>\n<li>C\u00f3 th\u1ec3 gh\u00e9p xe \u0111\u1ec3 ti\u1ebft ki\u1ec7m chi ph\u00ed kh\u00f4ng?<br \/>\n\u2192 C\u00f3. Ch\u00fang t\u00f4i h\u1ed7 tr\u1ee3 gh\u00e9p nh\u00f3m nh\u1ecf \u0111i c\u00f9ng h\u01b0\u1edbng (v\u00ed d\u1ee5 kh\u00e1ch c\u00f9ng khu trung t\u00e2m).<\/li>\n<li>C\u00f3 combo tour + xe \u0111\u01b0a \u0111\u00f3n kh\u00f4ng?<br \/>\n\u2192 C\u00f3. B\u1ea1n c\u00f3 th\u1ec3 \u0111\u1eb7t combo tour 3 \u0111\u1ea3o ho\u1eb7c 4 \u0111\u1ea3o + xe \u0111\u01b0a \u0111\u00f3n \u0111\u1ec3 \u0111\u01b0\u1ee3c gi\u1ea3m gi\u00e1 10%.<\/li>\n<li>Xe c\u00f3 h\u1ed7 tr\u1ee3 \u0111\u00f3n kh\u00e1ch ngo\u00e0i trung t\u00e2m kh\u00f4ng?<br \/>\n\u2192 C\u00f3, nh\u01b0ng c\u00f3 th\u1ec3 ph\u1ee5 thu nh\u1ecf t\u00f9y \u0111\u1ecba \u0111i\u1ec3m (Ph\u1ea1m V\u0103n \u0110\u1ed3ng, An Vi\u00ean, Cam Ranh\u2026).<\/li>\n<\/ol>\n<h3><span class=\"ez-toc-section\" id=\"Huong_dan_dat_xe_dua_don_tour_dao\"><\/span>H\u01b0\u1edbng d\u1eabn \u0111\u1eb7t xe \u0111\u01b0a \u0111\u00f3n tour \u0111\u1ea3o<span class=\"ez-toc-section-end\"><\/span><\/h3>\n<p>Li\u00ean h\u1ec7 hotline: 0849 256 256 ho\u1eb7c g\u1eedi th\u00f4ng tin qua form website.<\/p>\n<p>Cung c\u1ea5p th\u00f4ng tin: S\u1ed1 kh\u00e1ch, \u0111\u1ecba ch\u1ec9, gi\u1edd \u0111\u00f3n, gi\u1edd v\u1ec1.<\/p>\n<p>Nh\u1eadn x\u00e1c nh\u1eadn: Ch\u00fang t\u00f4i g\u1eedi th\u00f4ng tin xe, t\u00e0i x\u1ebf, bi\u1ec3n s\u1ed1 v\u00e0 gi\u00e1 c\u1ee5 th\u1ec3.<\/p>\n<p>Thanh to\u00e1n linh ho\u1ea1t: C\u00f3 th\u1ec3 tr\u1ea3 tr\u01b0\u1edbc ho\u1eb7c sau chuy\u1ebfn \u0111i.<\/p>\n<h3><span class=\"ez-toc-section\" id=\"Ket_luan\"><\/span>K\u1ebft lu\u1eadn<span class=\"ez-toc-section-end\"><\/span><\/h3>\n<p>D\u1ecbch v\u1ee5 thu\u00ea xe \u0111\u01b0a \u0111\u00f3n tour \u0111\u1ea3o Nha Trang l\u00e0 l\u1ef1a ch\u1ecdn th\u00f4ng minh cho nh\u1eefng ai mu\u1ed1n di chuy\u1ec3n nhanh ch\u00f3ng, an to\u00e0n v\u00e0 ti\u1ec7n l\u1ee3i gi\u1eefa trung t\u00e2m th\u00e0nh ph\u1ed1 v\u00e0 b\u1ebfn c\u1ea3ng du l\u1ecbch.<br \/>\nV\u1edbi xe \u0111\u1eddi m\u1edbi, l\u00e1i xe chuy\u00ean nghi\u1ec7p v\u00e0 chi ph\u00ed h\u1ee3p l\u00fd, Tour \u0110\u1ea3o Nha Trang cam k\u1ebft mang \u0111\u1ebfn h\u00e0nh tr\u00ecnh tho\u1ea3i m\u00e1i, \u0111\u00fang gi\u1edd v\u00e0 tr\u1ecdn v\u1eb9n nh\u1ea5t cho du kh\u00e1ch.<\/p>\n<p>H\u00e3y li\u00ean h\u1ec7 ngay Hotline 0849 256 256 \u0111\u1ec3 \u0111\u1eb7t xe v\u00e0 nh\u1eadn \u01b0u \u0111\u00e3i t\u1ed1t nh\u1ea5t h\u00f4m nay!<br \/>\nC\u00f9ng ch\u00fang t\u00f4i t\u1eadn h\u01b0\u1edfng m\u1ed9t ng\u00e0y kh\u00e1m ph\u00e1 bi\u1ec3n \u0111\u1ea3o Nha Trang th\u1eadt tr\u1ecdn v\u1eb9n v\u00e0 \u0111\u00e1ng nh\u1edb!<\/p>\n<p>&nbsp;<\/p>","protected":false},"excerpt":{"rendered":"<h3 class=\"product-title product_title entry-title\"><span style=\"color: #0000ff; font-size: 100%;\">\u0410\u0440\u0435\u043d\u0434\u0430 \u0430\u0432\u0442\u043e\u043c\u043e\u0431\u0438\u043b\u044f \u0434\u043b\u044f \u0442\u0443\u0440\u0430 \u043f\u043e \u043e\u0441\u0442\u0440\u043e\u0432\u0443 \u041d\u044f\u0447\u0430\u043d\u0433<\/span><\/h3>\n<ul>\n<li>5-\u043c\u0435\u0441\u0442\u043d\u044b\u0439 \u0430\u0432\u0442\u043e\u043c\u043e\u0431\u0438\u043b\u044c: 150 000 \u0434\u043e\u043d\u0433\u043e\u0432<\/li>\n<li>7-\u043c\u0435\u0441\u0442\u043d\u044b\u0439 \u0430\u0432\u0442\u043e\u043c\u043e\u0431\u0438\u043b\u044c: 180 000 \u0434\u043e\u043d\u0433\u043e\u0432<\/li>\n<li>16-\u043c\u0435\u0441\u0442\u043d\u044b\u0439 \u0430\u0432\u0442\u043e\u043c\u043e\u0431\u0438\u043b\u044c: 250 000 \u0434\u043e\u043d\u0433\u043e\u0432<\/li>\n<li>29-\u043c\u0435\u0441\u0442\u043d\u044b\u0439 \u0430\u0432\u0442\u043e\u043c\u043e\u0431\u0438\u043b\u044c: 500 000 \u0434\u043e\u043d\u0433\u043e\u0432<\/li>\n<li>45-\u043c\u0435\u0441\u0442\u043d\u044b\u0439 \u0430\u0432\u0442\u043e\u043c\u043e\u0431\u0438\u043b\u044c: 700 000 \u0434\u043e\u043d\u0433\u043e\u0432<\/li>\n<li><span style=\"color: #0000ff;\">\u041f\u0440\u043e\u0434\u0432\u0438\u0436\u0435\u043d\u0438\u0435 \u043f\u043b\u0430\u0442\u0435\u0436\u0430 5%<\/span><\/li>\n<\/ul>\n<div class=\"hJDwNd-AhqUyc-qWD73c purZT-AhqUyc-II5mzb pSzOP-AhqUyc-qWD73c JNdkSc\">\n<div class=\"JNdkSc-SmKAyb\">\n<div class=\"\">\n<div class=\"oKdM2c Kzv0Me\">\n<div class=\"hJDwNd-AhqUyc-qWD73c purZT-AhqUyc-II5mzb pSzOP-AhqUyc-qWD73c JNdkSc\">\n<div class=\"JNdkSc-SmKAyb\">\n<div class=\"\">\n<div class=\"oKdM2c Kzv0Me\">\n<div id=\"h.f128f2fe5256b73_1433\" class=\"hJDwNd-AhqUyc-qWD73c jXK9ad D2fZ2 OjCsFc wHaque GNzUNc\">\n<div class=\"jXK9ad-SmKAyb\">\n<div class=\"tyJCtd mGzaTb baZpAe\">\n<div class=\"row row-small mua-ngay-button\">\n<div class=\"cot1 medium-6 small-12 large-6\">\n<div class=\"col-inner\"><a class=\"button primary is-large lowercase expand\" style=\"border-radius: 3px;\" href=\"tel:0849256256\">\ud83d\udcde \u041a\u043e\u043d\u0442\u0430\u043a\u0442\u044b<br \/>\n<\/a><\/div>\n<\/div>\n<div class=\"cot2 medium-6 small-12 large-6\">\n<div class=\"col-inner\"><a class=\"button success is-large lowercase expand\" style=\"border-radius: 3px;\" href=\"https:\/\/tourdaonhatrang.com\/ru\/%d0%bf%d1%80%d0%be%d0%ba%d0%b0%d1%82-%d0%b0%d0%b2%d1%82%d0%be%d0%bc%d0%be%d0%b1%d0%b8%d0%bb%d0%b5%d0%b9-%d0%b2-%d0%bd%d1%8f%d1%87%d0%b0%d0%bd%d0%b3%d0%b5\/\" target=\"_self\" rel=\"noopener\"><span style=\"vertical-align: inherit;\">\ud83d\uded2 \u0411\u044b\u0441\u0442\u0440\u043e\u0435 \u0431\u0440\u043e\u043d\u0438\u0440\u043e\u0432\u0430\u043d\u0438\u0435 \u0430\u0432\u0442\u043e\u043c\u043e\u0431\u0438\u043b\u044f<\/span><\/a><\/div>\n<\/div>\n<\/div>\n<\/div>\n<\/div>\n<\/div>\n<\/div>\n<\/div>\n<\/div>\n<\/div>\n<\/div>\n<\/div>\n<\/div>\n<\/div>","protected":false},"featured_media":26952,"comment_status":"open","ping_status":"closed","template":"","meta":[],"product_brand":[],"product_cat":[645],"product_tag":[57],"class_list":{"0":"post-19589","1":"product","2":"type-product","3":"status-publish","4":"has-post-thumbnail","6":"product_cat-thue-xe-du-lich","7":"product_tag-thue-xe-nha-trang","9":"first","10":"instock","11":"shipping-taxable","12":"product-type-simple"},"_links":{"self":[{"href":"https:\/\/tourdaonhatrang.com\/ru\/wp-json\/wp\/v2\/product\/19589","targetHints":{"allow":["GET"]}}],"collection":[{"href":"https:\/\/tourdaonhatrang.com\/ru\/wp-json\/wp\/v2\/product"}],"about":[{"href":"https:\/\/tourdaonhatrang.com\/ru\/wp-json\/wp\/v2\/types\/product"}],"replies":[{"embeddable":true,"href":"https:\/\/tourdaonhatrang.com\/ru\/wp-json\/wp\/v2\/comments?post=19589"}],"wp:featuredmedia":[{"embeddable":true,"href":"https:\/\/tourdaonhatrang.com\/ru\/wp-json\/wp\/v2\/media\/26952"}],"wp:attachment":[{"href":"https:\/\/tourdaonhatrang.com\/ru\/wp-json\/wp\/v2\/media?parent=19589"}],"wp:term":[{"taxonomy":"product_brand","embeddable":true,"href":"https:\/\/tourdaonhatrang.com\/ru\/wp-json\/wp\/v2\/product_brand?post=19589"},{"taxonomy":"product_cat","embeddable":true,"href":"https:\/\/tourdaonhatrang.com\/ru\/wp-json\/wp\/v2\/product_cat?post=19589"},{"taxonomy":"product_tag","embeddable":true,"href":"https:\/\/tourdaonhatrang.com\/ru\/wp-json\/wp\/v2\/product_tag?post=19589"}],"curies":[{"name":"wp","href":"https:\/\/api.w.org\/{rel}","templated":true}]}}