{"id":19596,"date":"2020-11-03T16:36:04","date_gmt":"2020-11-03T09:36:04","guid":{"rendered":"https:\/\/tourdao.com.vn\/?post_type=product&#038;p=19596"},"modified":"2025-12-08T11:15:34","modified_gmt":"2025-12-08T04:15:34","slug":"thue-xe-dua-don-vinpearl-land","status":"publish","type":"product","link":"https:\/\/tourdaonhatrang.com\/ru\/thue-xe-dua-don-vinpearl-land\/","title":{"rendered":"Thu\u00ea xe \u0111\u01b0a \u0111\u00f3n Vinpearl land"},"content":{"rendered":"<div id=\"ez-toc-container\" class=\"ez-toc-v2_0_82_2 counter-hierarchy ez-toc-counter ez-toc-grey ez-toc-container-direction\">\n<div class=\"ez-toc-title-container\">\n<p class=\"ez-toc-title\" style=\"cursor:inherit\">\u0421\u043e\u0434\u0435\u0440\u0436\u0430\u043d\u0438\u0435<\/p>\n<span class=\"ez-toc-title-toggle\"><a href=\"#\" class=\"ez-toc-pull-right ez-toc-btn ez-toc-btn-xs ez-toc-btn-default ez-toc-toggle\" aria-label=\"Toggle Table of Content\"><span class=\"ez-toc-js-icon-con\"><span class=\"\"><span class=\"eztoc-hide\" style=\"display:none;\">\u041f\u0435\u0440\u0435\u043a\u043b\u044e\u0447\u0430\u0442\u044c<\/span><span class=\"ez-toc-icon-toggle-span\"><svg style=\"fill: #999;color:#999\" xmlns=\"http:\/\/www.w3.org\/2000\/svg\" class=\"list-377408\" width=\"20px\" height=\"20px\" viewbox=\"0 0 24 24\" fill=\"none\"><path d=\"M6 6H4v2h2V6zm14 0H8v2h12V6zM4 11h2v2H4v-2zm16 0H8v2h12v-2zM4 16h2v2H4v-2zm16 0H8v2h12v-2z\" fill=\"currentColor\"><\/path><\/svg><svg style=\"fill: #999;color:#999\" class=\"arrow-unsorted-368013\" xmlns=\"http:\/\/www.w3.org\/2000\/svg\" width=\"10px\" height=\"10px\" viewbox=\"0 0 24 24\" version=\"1.2\" baseprofile=\"tiny\"><path d=\"M18.2 9.3l-6.2-6.3-6.2 6.3c-.2.2-.3.4-.3.7s.1.5.3.7c.2.2.4.3.7.3h11c.3 0 .5-.1.7-.3.2-.2.3-.5.3-.7s-.1-.5-.3-.7zM5.8 14.7l6.2 6.3 6.2-6.3c.2-.2.3-.5.3-.7s-.1-.5-.3-.7c-.2-.2-.4-.3-.7-.3h-11c-.3 0-.5.1-.7.3-.2.2-.3.5-.3.7s.1.5.3.7z\"\/><\/svg><\/span><\/span><\/span><\/a><\/span><\/div>\n<nav><ul class='ez-toc-list ez-toc-list-level-1' ><li class='ez-toc-page-1 ez-toc-heading-level-1'><a class=\"ez-toc-link ez-toc-heading-1\" href=\"https:\/\/tourdaonhatrang.com\/ru\/thue-xe-dua-don-vinpearl-land\/#Thue_Xe_Dua_Don_Vinpearl_Land_Nha_Trang_VinWonders_%E2%80%93_Tien_Loi_An_Toan_Gia_Tot\" >Thu\u00ea Xe \u0110\u01b0a \u0110\u00f3n Vinpearl Land Nha Trang (VinWonders) \u2013 Ti\u1ec7n L\u1ee3i, An To\u00e0n, Gi\u00e1 T\u1ed1t<\/a><ul class='ez-toc-list-level-2' ><li class='ez-toc-heading-level-2'><a class=\"ez-toc-link ez-toc-heading-2\" href=\"https:\/\/tourdaonhatrang.com\/ru\/thue-xe-dua-don-vinpearl-land\/#Tai_sao_nen_thue_xe_dua_don_Vinpearl_Land_Nha_Trang\" >T\u1ea1i sao n\u00ean thu\u00ea xe \u0111\u01b0a \u0111\u00f3n Vinpearl Land Nha Trang?<\/a><ul class='ez-toc-list-level-3' ><li class='ez-toc-heading-level-3'><a class=\"ez-toc-link ez-toc-heading-3\" href=\"https:\/\/tourdaonhatrang.com\/ru\/thue-xe-dua-don-vinpearl-land\/#Tien_loi_va_chu_dong\" >Ti\u1ec7n l\u1ee3i v\u00e0 ch\u1ee7 \u0111\u1ed9ng<\/a><\/li><li class='ez-toc-page-1 ez-toc-heading-level-3'><a class=\"ez-toc-link ez-toc-heading-4\" href=\"https:\/\/tourdaonhatrang.com\/ru\/thue-xe-dua-don-vinpearl-land\/#An_toan_va_rieng_tu\" >An to\u00e0n v\u00e0 ri\u00eang t\u01b0<\/a><\/li><li class='ez-toc-page-1 ez-toc-heading-level-3'><a class=\"ez-toc-link ez-toc-heading-5\" href=\"https:\/\/tourdaonhatrang.com\/ru\/thue-xe-dua-don-vinpearl-land\/#Tiet_kiem_chi_phi\" >\u042d\u043a\u043e\u043d\u043e\u043c\u0438\u044f \u0441\u0440\u0435\u0434\u0441\u0442\u0432<\/a><\/li><li class='ez-toc-page-1 ez-toc-heading-level-3'><a class=\"ez-toc-link ez-toc-heading-6\" href=\"https:\/\/tourdaonhatrang.com\/ru\/thue-xe-dua-don-vinpearl-land\/#Lich_trinh_di_chuyen_goi_y\" >L\u1ecbch tr\u00ecnh di chuy\u1ec3n g\u1ee3i \u00fd<\/a><ul class='ez-toc-list-level-4' ><li class='ez-toc-heading-level-4'><a class=\"ez-toc-link ez-toc-heading-7\" href=\"https:\/\/tourdaonhatrang.com\/ru\/thue-xe-dua-don-vinpearl-land\/#Phuong_an_1_Dua_don_trong_ngay\" >Ph\u01b0\u01a1ng \u00e1n 1: \u0110\u01b0a \u0111\u00f3n trong ng\u00e0y<\/a><\/li><li class='ez-toc-page-1 ez-toc-heading-level-4'><a class=\"ez-toc-link ez-toc-heading-8\" href=\"https:\/\/tourdaonhatrang.com\/ru\/thue-xe-dua-don-vinpearl-land\/#Phuong_an_2_Dua_don_linh_hoat_nhieu_diem\" >Ph\u01b0\u01a1ng \u00e1n 2: \u0110\u01b0a \u0111\u00f3n linh ho\u1ea1t nhi\u1ec1u \u0111i\u1ec3m<\/a><\/li><\/ul><\/li><li class='ez-toc-page-1 ez-toc-heading-level-3'><a class=\"ez-toc-link ez-toc-heading-9\" href=\"https:\/\/tourdaonhatrang.com\/ru\/thue-xe-dua-don-vinpearl-land\/#Loi_ich_khi_dat_xe_tai_Tour_Dao_Nha_Trang\" >L\u1ee3i \u00edch khi \u0111\u1eb7t xe t\u1ea1i Tour \u0110\u1ea3o Nha Trang<\/a><\/li><li class='ez-toc-page-1 ez-toc-heading-level-3'><a class=\"ez-toc-link ez-toc-heading-10\" href=\"https:\/\/tourdaonhatrang.com\/ru\/thue-xe-dua-don-vinpearl-land\/#Huong_dan_dat_xe_dua_don_Vinpearl\" >H\u01b0\u1edbng d\u1eabn \u0111\u1eb7t xe \u0111\u01b0a \u0111\u00f3n Vinpearl<\/a><\/li><li class='ez-toc-page-1 ez-toc-heading-level-3'><a class=\"ez-toc-link ez-toc-heading-11\" href=\"https:\/\/tourdaonhatrang.com\/ru\/thue-xe-dua-don-vinpearl-land\/#Cau_hoi_thuong_gap\" >C\u00e2u h\u1ecfi th\u01b0\u1eddng g\u1eb7p<\/a><\/li><li class='ez-toc-page-1 ez-toc-heading-level-3'><a class=\"ez-toc-link ez-toc-heading-12\" href=\"https:\/\/tourdaonhatrang.com\/ru\/thue-xe-dua-don-vinpearl-land\/#Ket_luan\" >K\u1ebft lu\u1eadn<\/a><\/li><\/ul><\/li><\/ul><\/li><\/ul><\/nav><\/div>\n<h1><span class=\"ez-toc-section\" id=\"Thue_Xe_Dua_Don_Vinpearl_Land_Nha_Trang_VinWonders_%E2%80%93_Tien_Loi_An_Toan_Gia_Tot\"><\/span>Thu\u00ea Xe \u0110\u01b0a \u0110\u00f3n Vinpearl Land Nha Trang (VinWonders) \u2013 Ti\u1ec7n L\u1ee3i, An To\u00e0n, Gi\u00e1 T\u1ed1t<span class=\"ez-toc-section-end\"><\/span><\/h1>\n<p>B\u1ea1n \u0111ang chu\u1ea9n b\u1ecb cho h\u00e0nh tr\u00ecnh vui ch\u01a1i t\u1ea1i Vinpearl Land (VinWonders Nha Trang). C\u00f4ng vi\u00ean gi\u1ea3i tr\u00ed h\u00e0ng \u0111\u1ea7u Vi\u1ec7t Nam? H\u00e3y \u0111\u1ec3 ch\u00fang t\u00f4i gi\u00fap chuy\u1ebfn \u0111i c\u1ee7a b\u1ea1n tr\u1edf n\u00ean d\u1ec5 d\u00e0ng, ti\u1ec7n l\u1ee3i v\u00e0 tho\u1ea3i m\u00e1i h\u01a1n v\u1edbi<\/p>\n<p>d\u1ecbch v\u1ee5 thu\u00ea xe \u0111\u01b0a \u0111\u00f3n Vinpearl Land Nha Trang chuy\u00ean nghi\u1ec7p.<\/p>\n<p>T\u1eeb trung t\u00e2m th\u00e0nh ph\u1ed1 Nha Trang, qu\u00e3ng \u0111\u01b0\u1eddng \u0111\u1ebfn b\u1ebfn c\u00e1p treo ho\u1eb7c b\u1ebfn t\u00e0u Vinpearl ch\u1ec9 kho\u1ea3ng 7\u201310 km. Tuy nhi\u00ean, \u0111\u1ec3 tr\u00e1nh vi\u1ec7c ph\u1ea3i t\u00ecm taxi, xe c\u00f4ng ngh\u1ec7 hay di chuy\u1ec3n nhi\u1ec1u ch\u1eb7ng, thu\u00ea xe ri\u00eang \u0111\u01b0a<\/p>\n<p>\u0111\u00f3n Vinpearl l\u00e0 l\u1ef1a ch\u1ecdn ho\u00e0n h\u1ea3o gi\u00fap b\u1ea1n ch\u1ee7 \u0111\u1ed9ng th\u1eddi gian, ti\u1ebft ki\u1ec7m chi ph\u00ed v\u00e0 di chuy\u1ec3n nhanh ch\u00f3ng, an to\u00e0n.<\/p>\n<h2><span class=\"ez-toc-section\" id=\"Tai_sao_nen_thue_xe_dua_don_Vinpearl_Land_Nha_Trang\"><\/span>T\u1ea1i sao n\u00ean thu\u00ea xe \u0111\u01b0a \u0111\u00f3n Vinpearl Land Nha Trang?<span class=\"ez-toc-section-end\"><\/span><\/h2>\n<h3><span class=\"ez-toc-section\" id=\"Tien_loi_va_chu_dong\"><\/span>Ti\u1ec7n l\u1ee3i v\u00e0 ch\u1ee7 \u0111\u1ed9ng<span class=\"ez-toc-section-end\"><\/span><\/h3>\n<ul>\n<li>Kh\u00f4ng c\u1ea7n ch\u1edd \u0111\u1ee3i hay \u0111\u1eb7t xe g\u1ea5p khi \u0111i v\u00e0 v\u1ec1.<\/li>\n<li>L\u00e1i xe \u0111\u01b0a \u0111\u00f3n t\u1eadn n\u01a1i: kh\u00e1ch s\u1ea1n \u2013 b\u1ebfn c\u00e1p treo \u2013 kh\u00e1ch s\u1ea1n.<\/li>\n<li>Linh ho\u1ea1t gi\u1edd \u0111i, gi\u1edd v\u1ec1 theo k\u1ebf ho\u1ea1ch c\u1ee7a b\u1ea1n.<\/li>\n<\/ul>\n<h3><span class=\"ez-toc-section\" id=\"An_toan_va_rieng_tu\"><\/span>An to\u00e0n v\u00e0 ri\u00eang t\u01b0<span class=\"ez-toc-section-end\"><\/span><\/h3>\n<ul>\n<li>Xe \u0111\u1eddi m\u1edbi, \u0111i\u1ec1u h\u00f2a m\u00e1t l\u1ea1nh, gh\u1ebf b\u1ecdc da s\u1ea1ch s\u1ebd.<\/li>\n<li>T\u00e0i x\u1ebf chuy\u00ean nghi\u1ec7p, am hi\u1ec3u \u0111\u1ecba ph\u01b0\u01a1ng, lu\u00f4n \u0111\u00fang gi\u1edd.<\/li>\n<li>Ph\u00f9 h\u1ee3p gia \u0111\u00ecnh c\u00f3 tr\u1ebb nh\u1ecf, ng\u01b0\u1eddi l\u1edbn tu\u1ed5i ho\u1eb7c nh\u00f3m kh\u00e1ch du l\u1ecbch.<\/li>\n<\/ul>\n<h3><span class=\"ez-toc-section\" id=\"Tiet_kiem_chi_phi\"><\/span>\u042d\u043a\u043e\u043d\u043e\u043c\u0438\u044f \u0441\u0440\u0435\u0434\u0441\u0442\u0432<span class=\"ez-toc-section-end\"><\/span><\/h3>\n<ul>\n<li>Gi\u00e1 thu\u00ea xe tr\u1ecdn g\u00f3i, kh\u00f4ng ph\u00e1t sinh.<\/li>\n<li>So v\u1edbi vi\u1ec7c \u0111i taxi 2 chi\u1ec1u ho\u1eb7c thu\u00ea xe ng\u1eafn chuy\u1ebfn, b\u1ea1n ti\u1ebft ki\u1ec7m t\u1eeb 15\u201330%.<\/li>\n<li>\u0110\u1eb7c bi\u1ec7t c\u00f3 \u01b0u \u0111\u00e3i khi \u0111\u1eb7t v\u00e9 VinWonders + xe \u0111\u01b0a \u0111\u00f3n c\u00f9ng l\u00fac t\u1ea1i Tour \u0110\u1ea3o Nha Trang.<\/li>\n<li>C\u00e1c lo\u1ea1i xe ph\u1ee5c v\u1ee5 \u0111\u01b0a \u0111\u00f3n Vinpearl<\/li>\n<\/ul>\n<p>Ch\u00fang t\u00f4i cung c\u1ea5p nhi\u1ec1u d\u00f2ng xe \u0111\u1eddi m\u1edbi, ph\u00f9 h\u1ee3p t\u1eebng nh\u00f3m kh\u00e1ch:<\/p>\n<table>\n<thead>\n<tr>\n<td><strong>\u0422\u0438\u043f \u0442\u0440\u0430\u043d\u0441\u043f\u043e\u0440\u0442\u043d\u043e\u0433\u043e \u0441\u0440\u0435\u0434\u0441\u0442\u0432\u0430<\/strong><\/td>\n<td><strong>S\u1ee9c ch\u1ee9a<\/strong><\/td>\n<td><strong>Gi\u00e1 tham kh\u1ea3o (2 chi\u1ec1u)<\/strong><\/td>\n<td><strong>Ghi ch\u00fa<\/strong><\/td>\n<\/tr>\n<\/thead>\n<tbody>\n<tr>\n<td>4-\u043c\u0435\u0441\u0442\u043d\u044b\u0439 \u0430\u0432\u0442\u043e\u043c\u043e\u0431\u0438\u043b\u044c<\/td>\n<td>1\u20133 kh\u00e1ch<\/td>\n<td>300.000 \u2013 350.000 VN\u0110<\/td>\n<td>Ph\u00f9 h\u1ee3p c\u1eb7p \u0111\u00f4i, gia \u0111\u00ecnh nh\u1ecf<\/td>\n<\/tr>\n<tr>\n<td>7-\u043c\u0435\u0441\u0442\u043d\u044b\u0439 \u0430\u0432\u0442\u043e\u043c\u043e\u0431\u0438\u043b\u044c<\/td>\n<td>4\u20136 kh\u00e1ch<\/td>\n<td>400.000 \u2013 450.000 VN\u0110<\/td>\n<td>Ph\u00f9 h\u1ee3p nh\u00f3m b\u1ea1n, gia \u0111\u00ecnh l\u1edbn<\/td>\n<\/tr>\n<tr>\n<td>16-\u043c\u0435\u0441\u0442\u043d\u044b\u0439 \u0430\u0432\u0442\u043e\u043c\u043e\u0431\u0438\u043b\u044c<\/td>\n<td>7\u201314 kh\u00e1ch<\/td>\n<td>550.000 \u2013 650.000 VN\u0110<\/td>\n<td>Ph\u00f9 h\u1ee3p tour nh\u1ecf, nh\u00f3m c\u00f4ng ty<\/td>\n<\/tr>\n<tr>\n<td>29-\u043c\u0435\u0441\u0442\u043d\u044b\u0439 \u0430\u0432\u0442\u043e\u043c\u043e\u0431\u0438\u043b\u044c<\/td>\n<td>15\u201325 kh\u00e1ch<\/td>\n<td>Li\u00ean h\u1ec7 \u0111\u1ec3 b\u00e1o gi\u00e1<\/td>\n<td>D\u00e0nh cho \u0111o\u00e0n l\u1edbn ho\u1eb7c team building<\/td>\n<\/tr>\n<\/tbody>\n<\/table>\n<p>T\u1ea5t c\u1ea3 xe \u0111\u1ec1u \u0111\u01b0\u1ee3c v\u1ec7 sinh, b\u1ea3o d\u01b0\u1ee1ng \u0111\u1ecbnh k\u1ef3 v\u00e0 c\u00f3 \u0111i\u1ec1u h\u00f2a, n\u01b0\u1edbc u\u1ed1ng mi\u1ec5n ph\u00ed, \u0111\u1ea3m b\u1ea3o h\u00e0nh tr\u00ecnh tho\u1ea3i m\u00e1i nh\u1ea5t.<\/p>\n<h3><span class=\"ez-toc-section\" id=\"Lich_trinh_di_chuyen_goi_y\"><\/span>L\u1ecbch tr\u00ecnh di chuy\u1ec3n g\u1ee3i \u00fd<span class=\"ez-toc-section-end\"><\/span><\/h3>\n<h4><span class=\"ez-toc-section\" id=\"Phuong_an_1_Dua_don_trong_ngay\"><\/span>Ph\u01b0\u01a1ng \u00e1n 1: \u0110\u01b0a \u0111\u00f3n trong ng\u00e0y<span class=\"ez-toc-section-end\"><\/span><\/h4>\n<ul>\n<li>07:30 \u2013 08:00: Xe \u0111\u00f3n t\u1ea1i kh\u00e1ch s\u1ea1n trung t\u00e2m Nha Trang<\/li>\n<li>08:15: \u0110\u1ebfn b\u1ebfn c\u00e1p treo Vinpearl ho\u1eb7c c\u1ea3ng C\u1ea7u \u0110\u00e1<\/li>\n<li>17:30: Xe ch\u1edd \u0111\u00f3n t\u1ea1i b\u1ebfn v\u1ec1 l\u1ea1i kh\u00e1ch s\u1ea1n<\/li>\n<li>H\u00ecnh th\u1ee9c ph\u1ed5 bi\u1ebfn nh\u1ea5t cho kh\u00e1ch \u0111i VinWonders 1 ng\u00e0y.<\/li>\n<\/ul>\n<h4><span class=\"ez-toc-section\" id=\"Phuong_an_2_Dua_don_linh_hoat_nhieu_diem\"><\/span>Ph\u01b0\u01a1ng \u00e1n 2: \u0110\u01b0a \u0111\u00f3n linh ho\u1ea1t nhi\u1ec1u \u0111i\u1ec3m<span class=\"ez-toc-section-end\"><\/span><\/h4>\n<ul>\n<li>\u0110\u00f3n kh\u00e1ch t\u1ea1i kh\u00e1ch s\u1ea1n, gh\u00e9 th\u00eam m\u1ed9t v\u00e0i \u0111i\u1ec3m ch\u1ee5p \u1ea3nh (v\u00ed d\u1ee5: C\u1ea7u H\u00f2n Ch\u1ed3ng, Th\u00e1p B\u00e0 Ponagar) r\u1ed3i m\u1edbi \u0111\u1ebfn Vinpearl.<\/li>\n<li>Bu\u1ed5i chi\u1ec1u, c\u00f3 th\u1ec3 gh\u00e9 \u0103n t\u1ed1i ho\u1eb7c d\u1ea1o bi\u1ec3n Tr\u1ea7n Ph\u00fa tr\u01b0\u1edbc khi v\u1ec1 kh\u00e1ch s\u1ea1n.<\/li>\n<li>Ph\u00f9 h\u1ee3p nh\u00f3m mu\u1ed1n k\u1ebft h\u1ee3p vui ch\u01a1i v\u00e0 tham quan Nha Trang trong ng\u00e0y.<\/li>\n<\/ul>\n<h3><span class=\"ez-toc-section\" id=\"Loi_ich_khi_dat_xe_tai_Tour_Dao_Nha_Trang\"><\/span>L\u1ee3i \u00edch khi \u0111\u1eb7t xe t\u1ea1i Tour \u0110\u1ea3o Nha Trang<span class=\"ez-toc-section-end\"><\/span><\/h3>\n<p>\u0110\u1eb7t nhanh \u2013 x\u00e1c nh\u1eadn ngay: Ch\u1ec9 c\u1ea7n g\u1ecdi hotline ho\u1eb7c \u0111i\u1ec1n form \u0111\u1eb7t xe.<\/p>\n<p>Gi\u00e1 t\u1ed1t nh\u1ea5t th\u1ecb tr\u01b0\u1eddng: H\u1ee3p t\u00e1c tr\u1ef1c ti\u1ebfp v\u1edbi c\u00e1c \u0111\u01a1n v\u1ecb v\u1eadn chuy\u1ec3n \u0111\u1ecba ph\u01b0\u01a1ng, kh\u00f4ng qua trung gian.<\/p>\n<p>T\u00e0i x\u1ebf th\u00e2n thi\u1ec7n: H\u1ed7 tr\u1ee3 h\u00e0nh l\u00fd, t\u01b0 v\u1ea5n \u0111i\u1ec3m \u0111\u1ebfn, lu\u00f4n \u0111\u00fang gi\u1edd.<\/p>\n<p>H\u1ed7 tr\u1ee3 v\u00e9 VinWonders: C\u00f3 th\u1ec3 \u0111\u1eb7t combo v\u00e9 VinWonders + xe \u0111\u01b0a \u0111\u00f3n \u0111\u1ec3 ti\u1ebft ki\u1ec7m.<\/p>\n<h3><span class=\"ez-toc-section\" id=\"Huong_dan_dat_xe_dua_don_Vinpearl\"><\/span>H\u01b0\u1edbng d\u1eabn \u0111\u1eb7t xe \u0111\u01b0a \u0111\u00f3n Vinpearl<span class=\"ez-toc-section-end\"><\/span><\/h3>\n<p>Li\u00ean h\u1ec7 hotline: 0849 256 256 ho\u1eb7c qua Zalo \/ WhatsApp.<\/p>\n<p>Cung c\u1ea5p th\u00f4ng tin: S\u1ed1 kh\u00e1ch, \u0111\u1ecba ch\u1ec9 \u0111\u00f3n, gi\u1edd \u0111i, gi\u1edd v\u1ec1 mong mu\u1ed1n.<\/p>\n<p>X\u00e1c nh\u1eadn \u0111\u1eb7t xe: Nh\u1eadn th\u00f4ng tin xe, bi\u1ec3n s\u1ed1, t\u00ean t\u00e0i x\u1ebf v\u00e0 chi ph\u00ed tr\u1ecdn g\u00f3i.<\/p>\n<p>Thanh to\u00e1n linh ho\u1ea1t: Tr\u1ea3 tr\u01b0\u1edbc ho\u1eb7c sau chuy\u1ebfn \u0111i.<\/p>\n<p>M\u1eb9o nh\u1ecf khi \u0111i VinWonders Nha Trang<\/p>\n<p>N\u00ean kh\u1edfi h\u00e0nh tr\u01b0\u1edbc 8:00 s\u00e1ng \u0111\u1ec3 c\u00f3 nhi\u1ec1u th\u1eddi gian vui ch\u01a1i.<\/p>\n<p>Mang theo m\u0169, kem ch\u1ed1ng n\u1eafng, \u0111\u1ed3 b\u01a1i n\u1ebfu tham gia khu c\u00f4ng vi\u00ean n\u01b0\u1edbc.<\/p>\n<p>Gi\u1eef l\u1ea1i s\u1ed1 \u0111i\u1ec7n tho\u1ea1i t\u00e0i x\u1ebf \u0111\u1ec3 ti\u1ec7n li\u00ean h\u1ec7 khi quay v\u1ec1 b\u1ebfn.<\/p>\n<p>N\u1ebfu \u0111i nh\u00f3m \u0111\u00f4ng, n\u00ean ch\u1ecdn xe 16 ch\u1ed7 \u0111\u1ec3 c\u00f3 kh\u00f4ng gian r\u1ed9ng v\u00e0 ti\u1ebft ki\u1ec7m h\u01a1n.<\/p>\n<h3><span class=\"ez-toc-section\" id=\"Cau_hoi_thuong_gap\"><\/span>C\u00e2u h\u1ecfi th\u01b0\u1eddng g\u1eb7p<span class=\"ez-toc-section-end\"><\/span><\/h3>\n<p><strong>Xe c\u00f3 ch\u1edd kh\u00e1ch \u1edf Vinpearl kh\u00f4ng? <\/strong><\/p>\n<p>C\u00f3. T\u00e0i x\u1ebf s\u1ebd ch\u1edd t\u1ea1i b\u1ebfn c\u00e1p treo ho\u1eb7c c\u1ea3ng v\u00e0 \u0111\u00f3n b\u1ea1n theo gi\u1edd h\u1eb9n.<\/p>\n<p><strong>C\u00f3 th\u1ec3 gh\u00e9p nh\u00f3m \u0111\u1ec3 ti\u1ebft ki\u1ec7m kh\u00f4ng? <\/strong><\/p>\n<p>Hi\u1ec7n ch\u00fang t\u00f4i c\u00f3 h\u1ed7 tr\u1ee3 gh\u00e9p xe 7\u201316 ch\u1ed7 n\u1ebfu b\u1ea1n \u0111i \u00edt ng\u01b0\u1eddi.<\/p>\n<p><strong>C\u00f3 h\u1ed7 tr\u1ee3 v\u00e9 VinWonders kh\u00f4ng? <\/strong><\/p>\n<p>C\u00f3, b\u1ea1n c\u00f3 th\u1ec3 \u0111\u1eb7t combo v\u00e9 + xe \u0111\u01b0a \u0111\u00f3n \u0111\u1ec3 nh\u1eadn \u01b0u \u0111\u00e3i \u0111\u1ebfn 10%.<\/p>\n<h3><span class=\"ez-toc-section\" id=\"Ket_luan\"><\/span>K\u1ebft lu\u1eadn<span class=\"ez-toc-section-end\"><\/span><\/h3>\n<p>V\u1edbi d\u1ecbch v\u1ee5 thu\u00ea xe \u0111\u01b0a \u0111\u00f3n Vinpearl Land Nha Trang, b\u1ea1n ho\u00e0n to\u00e0n c\u00f3 th\u1ec3 y\u00ean t\u00e2m t\u1eadn h\u01b0\u1edfng ng\u00e0y vui tr\u1ecdn v\u1eb9n, kh\u00f4ng lo di chuy\u1ec3n, kh\u00f4ng ch\u1edd \u0111\u1ee3i, kh\u00f4ng ph\u00e1t sinh chi ph\u00ed.<\/p>\n<p>Ch\u00fang t\u00f4i cam k\u1ebft mang \u0111\u1ebfn h\u00e0nh tr\u00ecnh an to\u00e0n, \u0111\u00fang gi\u1edd, gi\u00e1 h\u1ee3p l\u00fd v\u00e0 ph\u1ee5c v\u1ee5 t\u1eadn t\u00e2m.<\/p>\n<p>H\u00e3y li\u00ean h\u1ec7 ngay h\u00f4m nay qua Hotline 0849 256 256 \u0111\u1ec3 \u0111\u1eb7t xe, nh\u1eadn \u01b0u \u0111\u00e3i v\u00e0 b\u1eaft \u0111\u1ea7u chuy\u1ebfn kh\u00e1m ph\u00e1 VinWonders Nha Trang th\u1eadt tr\u1ecdn v\u1eb9n!<\/p>","protected":false},"excerpt":{"rendered":"<h3 class=\"product-title product_title entry-title\"><span style=\"color: #0000ff; font-size: 100%;\">Thu\u00ea xe \u0111\u01b0a \u0111\u00f3n Vinperal land (1 l\u01b0\u1ee3t)<\/span><\/h3>\n<ul>\n<li>5-\u043c\u0435\u0441\u0442\u043d\u044b\u0439 \u0430\u0432\u0442\u043e\u043c\u043e\u0431\u0438\u043b\u044c: 150 000 \u0434\u043e\u043d\u0433\u043e\u0432<\/li>\n<li>7-\u043c\u0435\u0441\u0442\u043d\u044b\u0439 \u0430\u0432\u0442\u043e\u043c\u043e\u0431\u0438\u043b\u044c: 180 000 \u0434\u043e\u043d\u0433\u043e\u0432<\/li>\n<li>16-\u043c\u0435\u0441\u0442\u043d\u044b\u0439 \u0430\u0432\u0442\u043e\u043c\u043e\u0431\u0438\u043b\u044c: 250 000 \u0434\u043e\u043d\u0433\u043e\u0432<\/li>\n<li>29-\u043c\u0435\u0441\u0442\u043d\u044b\u0439 \u0430\u0432\u0442\u043e\u043c\u043e\u0431\u0438\u043b\u044c: 500 000 \u0434\u043e\u043d\u0433\u043e\u0432<\/li>\n<li>45-\u043c\u0435\u0441\u0442\u043d\u044b\u0439 \u0430\u0432\u0442\u043e\u043c\u043e\u0431\u0438\u043b\u044c: 700 000 \u0434\u043e\u043d\u0433\u043e\u0432<\/li>\n<li><span style=\"color: #0000ff;\">\u041f\u0440\u043e\u0434\u0432\u0438\u0436\u0435\u043d\u0438\u0435 \u043f\u043b\u0430\u0442\u0435\u0436\u0430 5%<\/span><\/li>\n<\/ul>\n<div class=\"hJDwNd-AhqUyc-qWD73c purZT-AhqUyc-II5mzb pSzOP-AhqUyc-qWD73c JNdkSc\">\n<div class=\"JNdkSc-SmKAyb\">\n<div class=\"\">\n<div class=\"oKdM2c Kzv0Me\">\n<div class=\"hJDwNd-AhqUyc-qWD73c purZT-AhqUyc-II5mzb pSzOP-AhqUyc-qWD73c JNdkSc\">\n<div class=\"JNdkSc-SmKAyb\">\n<div class=\"\">\n<div class=\"oKdM2c Kzv0Me\">\n<div id=\"h.f128f2fe5256b73_1433\" class=\"hJDwNd-AhqUyc-qWD73c jXK9ad D2fZ2 OjCsFc wHaque GNzUNc\">\n<div class=\"jXK9ad-SmKAyb\">\n<div class=\"tyJCtd mGzaTb baZpAe\">\n<div class=\"row row-small mua-ngay-button\">\n<div class=\"cot1 medium-6 small-12 large-6\">\n<div class=\"col-inner\"><a class=\"button primary is-large lowercase expand\" style=\"border-radius: 3px;\" href=\"https:\/\/tourdaonhatrang.com\/ru\/tour-3-dao-hon-mun-nha-trang\/\">\u041f\u043e\u0434\u0440\u043e\u0431\u043d\u043e\u0441\u0442\u0438 \u0441\u043c.<br \/>\n<\/a><\/div>\n<\/div>\n<div class=\"cot2 medium-6 small-12 large-6\">\n<div class=\"col-inner\"><a class=\"button success is-large lowercase expand\" style=\"border-radius: 3px;\" href=\"https:\/\/tourdaonhatrang.com\/ru\/%d0%bf%d1%80%d0%be%d0%ba%d0%b0%d1%82-%d0%b0%d0%b2%d1%82%d0%be%d0%bc%d0%be%d0%b1%d0%b8%d0%bb%d0%b5%d0%b9-%d0%b2-%d0%bd%d1%8f%d1%87%d0%b0%d0%bd%d0%b3%d0%b5\/\" target=\"_self\" rel=\"noopener\"><span style=\"vertical-align: inherit;\">\ud83d\uded2 \u0411\u044b\u0441\u0442\u0440\u043e\u0435 \u0431\u0440\u043e\u043d\u0438\u0440\u043e\u0432\u0430\u043d\u0438\u0435 \u0430\u0432\u0442\u043e\u043c\u043e\u0431\u0438\u043b\u044f<\/span><\/a><\/div>\n<\/div>\n<\/div>\n<\/div>\n<\/div>\n<\/div>\n<\/div>\n<\/div>\n<\/div>\n<\/div>\n<\/div>\n<\/div>\n<\/div>\n<\/div>","protected":false},"featured_media":26953,"comment_status":"open","ping_status":"closed","template":"","meta":[],"product_brand":[],"product_cat":[645],"product_tag":[57],"class_list":{"0":"post-19596","1":"product","2":"type-product","3":"status-publish","4":"has-post-thumbnail","6":"product_cat-thue-xe-du-lich","7":"product_tag-thue-xe-nha-trang","9":"first","10":"instock","11":"shipping-taxable","12":"product-type-simple"},"_links":{"self":[{"href":"https:\/\/tourdaonhatrang.com\/ru\/wp-json\/wp\/v2\/product\/19596","targetHints":{"allow":["GET"]}}],"collection":[{"href":"https:\/\/tourdaonhatrang.com\/ru\/wp-json\/wp\/v2\/product"}],"about":[{"href":"https:\/\/tourdaonhatrang.com\/ru\/wp-json\/wp\/v2\/types\/product"}],"replies":[{"embeddable":true,"href":"https:\/\/tourdaonhatrang.com\/ru\/wp-json\/wp\/v2\/comments?post=19596"}],"wp:featuredmedia":[{"embeddable":true,"href":"https:\/\/tourdaonhatrang.com\/ru\/wp-json\/wp\/v2\/media\/26953"}],"wp:attachment":[{"href":"https:\/\/tourdaonhatrang.com\/ru\/wp-json\/wp\/v2\/media?parent=19596"}],"wp:term":[{"taxonomy":"product_brand","embeddable":true,"href":"https:\/\/tourdaonhatrang.com\/ru\/wp-json\/wp\/v2\/product_brand?post=19596"},{"taxonomy":"product_cat","embeddable":true,"href":"https:\/\/tourdaonhatrang.com\/ru\/wp-json\/wp\/v2\/product_cat?post=19596"},{"taxonomy":"product_tag","embeddable":true,"href":"https:\/\/tourdaonhatrang.com\/ru\/wp-json\/wp\/v2\/product_tag?post=19596"}],"curies":[{"name":"wp","href":"https:\/\/api.w.org\/{rel}","templated":true}]}}