{"id":35908,"date":"2020-11-01T09:11:01","date_gmt":"2020-11-01T02:11:01","guid":{"rendered":"https:\/\/tourdaonhatrang.com\/?post_type=product&#038;p=35908"},"modified":"2025-12-08T11:03:25","modified_gmt":"2025-12-08T04:03:25","slug":"thue-xe-7-cho-nha-trang","status":"publish","type":"product","link":"https:\/\/tourdaonhatrang.com\/ru\/thue-xe-7-cho-nha-trang\/","title":{"rendered":"\u041f\u0440\u043e\u043a\u0430\u0442 7-\u043c\u0435\u0441\u0442\u043d\u044b\u0445 \u0430\u0432\u0442\u043e\u043c\u043e\u0431\u0438\u043b\u0435\u0439 \u0432 \u041d\u044f\u0447\u0430\u043d\u0433\u0435"},"content":{"rendered":"<p data-start=\"178\" data-end=\"556\">B\u1ea1n \u0111ang t\u00ecm d\u1ecbch v\u1ee5 thu\u00ea xe 7 ch\u1ed7 t\u1ea1i Nha Trang? H\u00e3y \u0111\u1ec3 ch\u00fang t\u00f4i \u0111\u1ed3ng h\u00e0nh c\u00f9ng b\u1ea1n trong h\u00e0nh tr\u00ecnh kh\u00e1m ph\u00e1 th\u00e0nh ph\u1ed1 bi\u1ec3n xinh \u0111\u1eb9p n\u00e0y \u2014 v\u1edbi s\u1ef1 tho\u1ea3i m\u00e1i, linh ho\u1ea1t v\u00e0 an to\u00e0n h\u00e0ng \u0111\u1ea7u. D\u1ecbch v\u1ee5 thu\u00ea xe 7 ch\u1ed7 t\u1ea1i Nha Trang \u0111\u01b0\u1ee3c thi\u1ebft k\u1ebf d\u00e0nh ri\u00eang cho c\u00e1c gia \u0111\u00ecnh, nh\u00f3m b\u1ea1n, kh\u00e1ch c\u00f4ng t\u00e1c ho\u1eb7c c\u00e1c chuy\u1ebfn \u0111i tham quan, \u0111\u01b0a \u0111\u00f3n s\u00e2n bay, \u0111i ngo\u1ea1i \u00f4 v\u00e0 \u0111i tour tr\u1ecdn ng\u00e0y.<\/p>\n<div id=\"ez-toc-container\" class=\"ez-toc-v2_0_82_2 counter-hierarchy ez-toc-counter ez-toc-grey ez-toc-container-direction\">\n<div class=\"ez-toc-title-container\">\n<p class=\"ez-toc-title\" style=\"cursor:inherit\">\u0421\u043e\u0434\u0435\u0440\u0436\u0430\u043d\u0438\u0435<\/p>\n<span class=\"ez-toc-title-toggle\"><a href=\"#\" class=\"ez-toc-pull-right ez-toc-btn ez-toc-btn-xs ez-toc-btn-default ez-toc-toggle\" aria-label=\"Toggle Table of Content\"><span class=\"ez-toc-js-icon-con\"><span class=\"\"><span class=\"eztoc-hide\" style=\"display:none;\">\u041f\u0435\u0440\u0435\u043a\u043b\u044e\u0447\u0430\u0442\u044c<\/span><span class=\"ez-toc-icon-toggle-span\"><svg style=\"fill: #999;color:#999\" xmlns=\"http:\/\/www.w3.org\/2000\/svg\" class=\"list-377408\" width=\"20px\" height=\"20px\" viewbox=\"0 0 24 24\" fill=\"none\"><path d=\"M6 6H4v2h2V6zm14 0H8v2h12V6zM4 11h2v2H4v-2zm16 0H8v2h12v-2zM4 16h2v2H4v-2zm16 0H8v2h12v-2z\" fill=\"currentColor\"><\/path><\/svg><svg style=\"fill: #999;color:#999\" class=\"arrow-unsorted-368013\" xmlns=\"http:\/\/www.w3.org\/2000\/svg\" width=\"10px\" height=\"10px\" viewbox=\"0 0 24 24\" version=\"1.2\" baseprofile=\"tiny\"><path d=\"M18.2 9.3l-6.2-6.3-6.2 6.3c-.2.2-.3.4-.3.7s.1.5.3.7c.2.2.4.3.7.3h11c.3 0 .5-.1.7-.3.2-.2.3-.5.3-.7s-.1-.5-.3-.7zM5.8 14.7l6.2 6.3 6.2-6.3c.2-.2.3-.5.3-.7s-.1-.5-.3-.7c-.2-.2-.4-.3-.7-.3h-11c-.3 0-.5.1-.7.3-.2.2-.3.5-.3.7s.1.5.3.7z\"\/><\/svg><\/span><\/span><\/span><\/a><\/span><\/div>\n<nav><ul class='ez-toc-list ez-toc-list-level-1' ><li class='ez-toc-page-1 ez-toc-heading-level-2'><a class=\"ez-toc-link ez-toc-heading-1\" href=\"https:\/\/tourdaonhatrang.com\/ru\/thue-xe-7-cho-nha-trang\/#Vi_sao_nen_chon_thue_xe_7_cho_Nha_Trang\" >V\u00ec sao n\u00ean ch\u1ecdn thu\u00ea xe 7 ch\u1ed7 Nha Trang?<\/a><ul class='ez-toc-list-level-3' ><li class='ez-toc-heading-level-3'><a class=\"ez-toc-link ez-toc-heading-2\" href=\"https:\/\/tourdaonhatrang.com\/ru\/thue-xe-7-cho-nha-trang\/#Khong_gian_rong_rai_phu_hop_nhom_nho\" >Kh\u00f4ng gian r\u1ed9ng r\u00e3i, ph\u00f9 h\u1ee3p nh\u00f3m nh\u1ecf<\/a><\/li><li class='ez-toc-page-1 ez-toc-heading-level-3'><a class=\"ez-toc-link ez-toc-heading-3\" href=\"https:\/\/tourdaonhatrang.com\/ru\/thue-xe-7-cho-nha-trang\/#Linh_hoat_lich_trinh_lam_chu_hanh_trinh\" >Linh ho\u1ea1t l\u1ecbch tr\u00ecnh, l\u00e0m ch\u1ee7 h\u00e0nh tr\u00ecnh<\/a><\/li><li class='ez-toc-page-1 ez-toc-heading-level-3'><a class=\"ez-toc-link ez-toc-heading-4\" href=\"https:\/\/tourdaonhatrang.com\/ru\/thue-xe-7-cho-nha-trang\/#Dua_don_san_bay_cac_tuyen_ngoai_thanh_thuan_tien\" >\u0110\u01b0a \u0111\u00f3n s\u00e2n bay &amp; c\u00e1c tuy\u1ebfn ngo\u1ea1i th\u00e0nh thu\u1eadn ti\u1ec7n<\/a><\/li><li class='ez-toc-page-1 ez-toc-heading-level-3'><a class=\"ez-toc-link ez-toc-heading-5\" href=\"https:\/\/tourdaonhatrang.com\/ru\/thue-xe-7-cho-nha-trang\/#Uy_tin_%E2%80%93_bao_dam_chat_luong_dich_vu\" >Uy t\u00edn \u2013 b\u1ea3o \u0111\u1ea3m ch\u1ea5t l\u01b0\u1ee3ng d\u1ecbch v\u1ee5<\/a><\/li><\/ul><\/li><li class='ez-toc-page-1 ez-toc-heading-level-2'><a class=\"ez-toc-link ez-toc-heading-6\" href=\"https:\/\/tourdaonhatrang.com\/ru\/thue-xe-7-cho-nha-trang\/#Bang_gia_tham_khao_va_kinh_nghiem_dat_thue\" >B\u1ea3ng gi\u00e1 tham kh\u1ea3o v\u00e0 kinh nghi\u1ec7m \u0111\u1eb7t thu\u00ea<\/a><\/li><li class='ez-toc-page-1 ez-toc-heading-level-2'><a class=\"ez-toc-link ez-toc-heading-7\" href=\"https:\/\/tourdaonhatrang.com\/ru\/thue-xe-7-cho-nha-trang\/#Lua_chon_loai_xe_va_su_dung_dung_nhu_cau\" >L\u1ef1a ch\u1ecdn lo\u1ea1i xe v\u00e0 s\u1eed d\u1ee5ng \u0111\u00fang nhu c\u1ea7u<\/a><\/li><li class='ez-toc-page-1 ez-toc-heading-level-2'><a class=\"ez-toc-link ez-toc-heading-8\" href=\"https:\/\/tourdaonhatrang.com\/ru\/thue-xe-7-cho-nha-trang\/#Nhung_diem_noi_bat_khi_thue_xe_7_cho_tai_Nha_Trang\" >Nh\u1eefng \u0111i\u1ec3m n\u1ed5i b\u1eadt khi thu\u00ea xe 7 ch\u1ed7 t\u1ea1i Nha Trang<\/a><\/li><li class='ez-toc-page-1 ez-toc-heading-level-2'><a class=\"ez-toc-link ez-toc-heading-9\" href=\"https:\/\/tourdaonhatrang.com\/ru\/thue-xe-7-cho-nha-trang\/#Khi_nao_ban_nen_thue_xe_7_cho_tai_Nha_Trang\" >Khi n\u00e0o b\u1ea1n n\u00ean thu\u00ea xe 7 ch\u1ed7 t\u1ea1i Nha Trang?<\/a><\/li><li class='ez-toc-page-1 ez-toc-heading-level-2'><a class=\"ez-toc-link ez-toc-heading-10\" href=\"https:\/\/tourdaonhatrang.com\/ru\/thue-xe-7-cho-nha-trang\/#Lien_he_dat_xe_%E2%80%93_vai_luu_y_cuoi_cung\" >Li\u00ean h\u1ec7 &amp; \u0111\u1eb7t xe \u2013 v\u00e0i l\u01b0u \u00fd cu\u1ed1i c\u00f9ng<\/a><\/li><\/ul><\/nav><\/div>\n<h2 data-start=\"558\" data-end=\"605\"><span class=\"ez-toc-section\" id=\"Vi_sao_nen_chon_thue_xe_7_cho_Nha_Trang\"><\/span>V\u00ec sao n\u00ean ch\u1ecdn thu\u00ea xe 7 ch\u1ed7 Nha Trang?<span class=\"ez-toc-section-end\"><\/span><\/h2>\n<h3 data-start=\"610\" data-end=\"916\"><span class=\"ez-toc-section\" id=\"Khong_gian_rong_rai_phu_hop_nhom_nho\"><\/span>Kh\u00f4ng gian r\u1ed9ng r\u00e3i, ph\u00f9 h\u1ee3p nh\u00f3m nh\u1ecf<span class=\"ez-toc-section-end\"><\/span><\/h3>\n<p data-start=\"610\" data-end=\"916\">D\u00f2ng xe 7 ch\u1ed7 nh\u01b0 Innova, Fortuner, Xpander\u2026 r\u1ea5t ph\u00f9 h\u1ee3p v\u1edbi nh\u00f3m t\u1eeb 4\u20136 ng\u01b0\u1eddi c\u00f9ng h\u00e0nh l\u00fd \u2014 \u0111em l\u1ea1i s\u1ef1 tho\u1ea3i m\u00e1i h\u01a1n nhi\u1ec1u so v\u1edbi taxi ho\u1eb7c xe nh\u1ecf. \u0110\u1eb7c bi\u1ec7t khi b\u1ea1n c\u00f3 tr\u1ebb nh\u1ecf ho\u1eb7c h\u00e0nh l\u00fd nhi\u1ec1u, vi\u1ec7c di chuy\u1ec3n c\u00f9ng nh\u00f3m s\u1ebd thu\u1eadn l\u1ee3i v\u00e0 ti\u1ebft ki\u1ec7m h\u01a1n nhi\u1ec1u.<\/p>\n<h3 data-start=\"921\" data-end=\"1222\"><span class=\"ez-toc-section\" id=\"Linh_hoat_lich_trinh_lam_chu_hanh_trinh\"><\/span>Linh ho\u1ea1t l\u1ecbch tr\u00ecnh, l\u00e0m ch\u1ee7 h\u00e0nh tr\u00ecnh<span class=\"ez-toc-section-end\"><\/span><\/h3>\n<p data-start=\"921\" data-end=\"1222\">Khi thu\u00ea xe ri\u00eang, b\u1ea1n \u0111\u01b0\u1ee3c ch\u1ee7 \u0111\u1ed9ng quy\u1ebft \u0111\u1ecbnh \u0111i\u1ec3m \u0111\u00f3n, \u0111i\u1ec3m tr\u1ea3, th\u1eddi gian d\u1eebng ngh\u1ec9 v\u00e0 c\u00e1c \u0111i\u1ec3m tham quan ph\u1ee5 \u2014 thay v\u00ec ph\u1ea3i theo l\u1ecbch c\u1ed1 \u0111\u1ecbnh c\u1ee7a xe c\u00f4ng c\u1ed9ng ho\u1eb7c tour chia s\u1ebb. B\u1ea1n c\u00f3 th\u1ec3 gh\u00e9 c\u00e1c \u0111i\u1ec3m y\u00eau th\u00edch, ch\u1ee5p h\u00ecnh, ngh\u1ec9 ng\u01a1i theo \u00fd mu\u1ed1n.<\/p>\n<h3 data-start=\"1227\" data-end=\"1790\"><span class=\"ez-toc-section\" id=\"Dua_don_san_bay_cac_tuyen_ngoai_thanh_thuan_tien\"><\/span>\u0110\u01b0a \u0111\u00f3n s\u00e2n bay &amp; c\u00e1c tuy\u1ebfn ngo\u1ea1i th\u00e0nh thu\u1eadn ti\u1ec7n<span class=\"ez-toc-section-end\"><\/span><\/h3>\n<p data-start=\"1227\" data-end=\"1790\">D\u1ecbch v\u1ee5 thu\u00ea xe 7 ch\u1ed7 t\u1ea1i Nha Trang th\u01b0\u1eddng bao g\u1ed3m c\u1ea3 \u0111\u00f3n\/ti\u1ec5n t\u1ea1i S\u00e2n bay Cam Ranh ho\u1eb7c trung t\u00e2m Nha Trang \u2014 r\u1ea5t thu\u1eadn ti\u1ec7n cho kh\u00e1ch \u0111i m\u00e1y bay, kh\u00e1ch m\u1edbi \u0111\u1ebfn. V\u00ed d\u1ee5, c\u00f3 n\u01a1i b\u00e1o gi\u00e1 \u0111\u00f3n\/ti\u1ec5n 1 chi\u1ec1u t\u1eeb s\u00e2n bay Cam Ranh v\u1edbi xe 7 ch\u1ed7 v\u1edbi m\u1ee9c t\u1eeb kho\u1ea3ng 450.000 \u2013 600.000 VN\u0110 t\u00f9y lo\u1ea1i xe v\u00e0 gi\u1edd \u0111\u00f3n.<br data-start=\"1623\" data-end=\"1626\" \/>Ngo\u00e0i ra, n\u1ebfu b\u1ea1n \u0111i tham quan ngo\u1ea1i th\u00e0nh ho\u1eb7c c\u00e1c \u0111i\u1ec3m c\u00e1ch xa nh\u01b0 \u0111\u1ea3o, b\u00f9n kho\u00e1ng, nh\u00e0 h\u00e0ng \u0111\u01b0\u1eddng m\u00f2n\u2026, vi\u1ec7c c\u00f3 xe ri\u00eang s\u1ebd gi\u00fap h\u00e0nh tr\u00ecnh d\u1ec5 d\u00e0ng h\u01a1n nhi\u1ec1u.<\/p>\n<h3 data-start=\"1795\" data-end=\"2192\"><span class=\"ez-toc-section\" id=\"Uy_tin_%E2%80%93_bao_dam_chat_luong_dich_vu\"><\/span>Uy t\u00edn \u2013 b\u1ea3o \u0111\u1ea3m ch\u1ea5t l\u01b0\u1ee3ng d\u1ecbch v\u1ee5<span class=\"ez-toc-section-end\"><\/span><\/h3>\n<p data-start=\"1795\" data-end=\"2192\">Khi l\u1ef1a ch\u1ecdn \u0111\u01a1n v\u1ecb cho thu\u00ea xe uy t\u00edn t\u1ea1i Nha Trang, b\u1ea1n s\u1ebd \u0111\u01b0\u1ee3c tr\u1ea3i nghi\u1ec7m xe \u0111\u1eddi m\u1edbi, t\u00e0i x\u1ebf chuy\u00ean nghi\u1ec7p, l\u1ecbch tr\u00ecnh r\u00f5 r\u00e0ng, h\u1ee3p \u0111\u1ed3ng minh b\u1ea1ch v\u00e0 h\u1ed7 tr\u1ee3 k\u1ecbp th\u1eddi. V\u00ed d\u1ee5, m\u1ed9t b\u00e0i vi\u1ebft nh\u1ea5n m\u1ea1nh r\u1eb1ng c\u1ea7n l\u1ef1a ch\u1ecdn \u201cc\u00f4ng ty cho thu\u00ea xe uy t\u00edn v\u00e0 c\u00f3 kinh nghi\u1ec7m\u201d \u0111\u1ec3 \u0111\u1ea3m b\u1ea3o ch\u1ea5t l\u01b0\u1ee3ng v\u00e0 \u0111\u00e1p \u1ee9ng \u0111\u1ea7y \u0111\u1ee7 y\u00eau c\u1ea7u.<\/p>\n<ul data-start=\"2253\" data-end=\"2910\">\n<li data-start=\"2253\" data-end=\"2390\">\n<p data-start=\"2255\" data-end=\"2390\">Thu\u00ea xe theo gi\u1edd \/ n\u1eeda ng\u00e0y \/ nguy\u00ean ng\u00e0y: Th\u00edch h\u1ee3p cho city-tour Nha Trang, tham quan trong th\u00e0nh ph\u1ed1 ho\u1eb7c \u0111i v\u00e0i \u0111i\u1ec3m l\u00e2n c\u1eadn.<\/p>\n<\/li>\n<li data-start=\"2391\" data-end=\"2539\">\n<p data-start=\"2393\" data-end=\"2539\">Thu\u00ea xe \u0111\u00f3n\/ti\u1ec5n s\u00e2n bay Cam Ranh: Xe 7 ch\u1ed7 \u0111\u1eddi m\u1edbi \u0111\u00f3n kh\u00e1ch t\u1ea1i s\u00e2n bay ho\u1eb7c \u0111\u01b0a ra s\u00e2n bay, thu\u1eadn ti\u1ec7n cho nh\u00f3m nh\u1ecf, l\u01b0\u1ee3ng h\u00e0nh l\u00fd nhi\u1ec1u.<\/p>\n<\/li>\n<li data-start=\"2540\" data-end=\"2725\">\n<p data-start=\"2542\" data-end=\"2725\">Thu\u00ea xe \u0111i tour ngo\u1ea1i th\u00e0nh, \u0111\u1ea3o, ho\u1eb7c \u0111i li\u00ean t\u1ec9nh: V\u00ed d\u1ee5 t\u1eeb Nha Trang \u0111i \u0110\u00e0 L\u1ea1t, \u0111i M\u0169i N\u00e9, \u0111i V\u1ea1n Gi\u00e3\u2026 v\u1edbi xe 7 ch\u1ed7 ho\u1eb7c t\u01b0\u01a1ng \u0111\u01b0\u01a1ng \u2014 ph\u00f9 h\u1ee3p cho nh\u00f3m nh\u1ecf mu\u1ed1n \u0111i \u0111\u01b0\u1eddng d\u00e0i.<\/p>\n<\/li>\n<li data-start=\"2726\" data-end=\"2910\">\n<p data-start=\"2728\" data-end=\"2910\">Thu\u00ea xe cho s\u1ef1 ki\u1ec7n, c\u00f4ng t\u00e1c, \u0111\u1ed9i ng\u0169 l\u00e0m vi\u1ec7c: Nh\u00f3m t\u1eeb 5\u20136 ng\u01b0\u1eddi \u0111i c\u00f4ng t\u00e1c ho\u1eb7c kh\u00e1ch trong \u2013 ngo\u00e0i n\u01b0\u1edbc, thu\u00ea xe 7 ch\u1ed7 l\u00e0 gi\u1ea3i ph\u00e1p l\u1ecbch s\u1ef1, ri\u00eang t\u01b0 h\u01a1n taxi ho\u1eb7c xe chung.<\/p>\n<\/li>\n<\/ul>\n<h2 data-start=\"2912\" data-end=\"2957\"><span class=\"ez-toc-section\" id=\"Bang_gia_tham_khao_va_kinh_nghiem_dat_thue\"><\/span>B\u1ea3ng gi\u00e1 tham kh\u1ea3o v\u00e0 kinh nghi\u1ec7m \u0111\u1eb7t thu\u00ea<span class=\"ez-toc-section-end\"><\/span><\/h2>\n<p data-start=\"2959\" data-end=\"3124\">\u0110\u1ed1i v\u1edbi vi\u1ec7c thu\u00ea xe 7 ch\u1ed7 t\u1ea1i Nha Trang, m\u1ee9c gi\u00e1 c\u00f3 th\u1ec3 dao \u0111\u1ed9ng t\u00f9y theo: lo\u1ea1i xe, s\u1ed1 gi\u1edd s\u1eed d\u1ee5ng, l\u1ed9 tr\u00ecnh, c\u00f3 \u0111\u01b0a \u0111\u00f3n s\u00e2n bay hay kh\u00f4ng, th\u1eddi \u0111i\u1ec3m l\u1ec5\/t\u1ebft. V\u00ed d\u1ee5:<\/p>\n<ul data-start=\"3126\" data-end=\"3586\">\n<li data-start=\"3126\" data-end=\"3300\">\n<p data-start=\"3128\" data-end=\"3300\">B\u1ea3ng gi\u00e1 cho thu\u00ea xe 7 ch\u1ed7 t\u1ea1i Nha Trang c\u1ee7a m\u1ed9t \u0111\u01a1n v\u1ecb: city tour 6 ti\u1ebfng kho\u1ea3ng ~1.000.000 VN\u0110; city tour 10 ti\u1ebfng ~1.200.000 VN\u0110 .<\/p>\n<\/li>\n<li data-start=\"3301\" data-end=\"3412\">\n<p data-start=\"3303\" data-end=\"3412\">\u0110\u00f3n\/ti\u1ec5n s\u00e2n bay Cam Ranh 1 chi\u1ec1u xe 7 ch\u1ed7 t\u1eeb ~450.000 \u2013 600.000 VN\u0110.<\/p>\n<\/li>\n<li data-start=\"3413\" data-end=\"3586\">\n<p data-start=\"3415\" data-end=\"3586\">\u0110i c\u00e1c tuy\u1ebfn ngo\u1ea1i th\u00e0nh ho\u1eb7c li\u00ean t\u1ec9nh gi\u00e1 c\u00f3 th\u1ec3 t\u1eeb ~1.100.000 VN\u0110 tr\u1edf l\u00ean (v\u00ed d\u1ee5 \u0111i \u0111\u1ea3o ho\u1eb7c \u0111i t\u1eeb Nha Trang \u2013 c\u00e1c \u0111\u1ecba \u0111i\u1ec3m xa).<\/p>\n<\/li>\n<\/ul>\n<p data-start=\"3588\" data-end=\"3620\">Kinh nghi\u1ec7m \u0111\u1eb7t xe hi\u1ec7u qu\u1ea3:<\/p>\n<ul data-start=\"3622\" data-end=\"4527\">\n<li data-start=\"3622\" data-end=\"3806\">\n<p data-start=\"3624\" data-end=\"3806\">\u0110\u1eb7t s\u1edbm \u0111\u1ec3 ch\u1ecdn \u0111\u01b0\u1ee3c xe \u0111\u1eddi m\u1edbi, gi\u00e1 t\u1ed1t v\u00e0 tr\u00e1nh t\u0103ng gi\u00e1 v\u00e0o gi\u1edd cao \u0111i\u1ec3m ho\u1eb7c d\u1ecbp l\u1ec5. V\u00ed d\u1ee5: nhi\u1ec1u \u0111\u01a1n v\u1ecb l\u01b0u \u00fd gi\u00e1 l\u1ec5\/t\u1ebft th\u01b0\u1eddng t\u0103ng.<\/p>\n<\/li>\n<li data-start=\"3807\" data-end=\"3905\">\n<p data-start=\"3809\" data-end=\"3905\">X\u00e1c \u0111\u1ecbnh r\u00f5 s\u1ed1 ng\u01b0\u1eddi, l\u01b0\u1ee3ng h\u00e0nh l\u00fd, \u0111i\u1ec3m \u0111\u00f3n tr\u1ea3 \u0111\u1ec3 \u0111\u01a1n v\u1ecb chu\u1ea9n b\u1ecb xe v\u00e0 t\u00e0i x\u1ebf ph\u00f9 h\u1ee3p.<\/p>\n<\/li>\n<li data-start=\"3906\" data-end=\"4170\">\n<p data-start=\"3908\" data-end=\"4170\">Ki\u1ec3m tra n\u1ed9i quy, h\u1ee3p \u0111\u1ed3ng: g\u1ed3m th\u1eddi gian thu\u00ea, l\u1ed9 tr\u00ecnh, lo\u1ea1i xe, ph\u1ee5 ph\u00ed n\u1ebfu c\u00f3 (v\u00ed d\u1ee5: ph\u00ed c\u1ea7u \u0111\u01b0\u1eddng, b\u1ebfn b\u00e3i, gi\u1edd \u0111\u00eam\u2026). V\u00ed d\u1ee5: m\u1ed9t \u0111\u01a1n v\u1ecb li\u1ec7t k\u00ea r\u00f5 \u201cgi\u00e1 thu\u00ea xe ch\u01b0a bao g\u1ed3m: thu\u1ebf VAT, chi ph\u00ed sinh ho\u1ea1t c\u00e1 nh\u00e2n\u201d.<\/p>\n<\/li>\n<li data-start=\"4171\" data-end=\"4326\">\n<p data-start=\"4173\" data-end=\"4326\">Ch\u1ecdn \u0111\u01a1n v\u1ecb c\u00f3 t\u00e0i x\u1ebf chuy\u00ean nghi\u1ec7p, am hi\u1ec3u \u0111\u01b0\u1eddng \u0111\u1ecba ph\u01b0\u01a1ng, gi\u00fap h\u00e0nh tr\u00ecnh b\u1ea1n th\u00eam an to\u00e0n v\u00e0 thu\u1eadn l\u1ee3i.<\/p>\n<\/li>\n<li data-start=\"4327\" data-end=\"4527\">\n<p data-start=\"4329\" data-end=\"4527\">Ki\u1ec3m tra tr\u1ea1ng th\u00e1i xe: xe \u0111\u1eddi m\u1edbi, v\u1ec7 sinh s\u1ea1ch, \u0111i\u1ec1u h\u00f2a t\u1ed1t, c\u00f3 ti\u1ec7n nghi h\u00e0nh kh\u00e1ch n\u1ebfu c\u1ea7n. V\u00ed d\u1ee5: \u201cxe \u0111\u1eddi m\u1edbi, ti\u1ec7n nghi, s\u1ea1ch s\u1ebd\u201d \u0111\u01b0\u1ee3c nh\u1ea5n m\u1ea1nh.<\/p>\n<\/li>\n<\/ul>\n<h2 data-start=\"4529\" data-end=\"4572\"><span class=\"ez-toc-section\" id=\"Lua_chon_loai_xe_va_su_dung_dung_nhu_cau\"><\/span>L\u1ef1a ch\u1ecdn lo\u1ea1i xe v\u00e0 s\u1eed d\u1ee5ng \u0111\u00fang nhu c\u1ea7u<span class=\"ez-toc-section-end\"><\/span><\/h2>\n<p data-start=\"4574\" data-end=\"4710\">D\u00f2ng xe 7 ch\u1ed7 \u0111\u01b0\u1ee3c s\u1eed d\u1ee5ng ph\u1ed5 bi\u1ebfn g\u1ed3m: Toyota Innova, Toyota Fortuner, Mitsubishi Xpander\u2026 T\u00f9y v\u00e0o s\u1ed1 ng\u01b0\u1eddi, h\u00e0nh l\u00fd, lo\u1ea1i h\u00e0nh tr\u00ecnh:<\/p>\n<ul data-start=\"4712\" data-end=\"5070\">\n<li data-start=\"4712\" data-end=\"4801\">\n<p data-start=\"4714\" data-end=\"4801\">N\u1ebfu nh\u00f3m b\u1ea1n\/ gia \u0111\u00ecnh 4\u20135 ng\u01b0\u1eddi + nhi\u1ec1u h\u00e0nh l\u00fd \u2192 n\u00ean ch\u1ecdn xe 7 ch\u1ed7 \u0111\u1ec3 r\u1ed9ng r\u00e3i h\u01a1n.<\/p>\n<\/li>\n<li data-start=\"4802\" data-end=\"4936\">\n<p data-start=\"4804\" data-end=\"4936\">N\u1ebfu \u0111i city tour trong th\u00e0nh ph\u1ed1 ho\u1eb7c di chuy\u1ec3n nh\u1eb9 \u2192 xe 7 ch\u1ed7 v\u1eabn \u201cv\u1eeba \u0111\u1ee7\u201d nh\u01b0ng b\u1ea1n c\u0169ng c\u00f3 th\u1ec3 c\u00e2n nh\u1eafc 5 ch\u1ed7 n\u1ebfu \u00edt ng\u01b0\u1eddi h\u01a1n.<\/p>\n<\/li>\n<li data-start=\"4937\" data-end=\"5070\">\n<p data-start=\"4939\" data-end=\"5070\">N\u1ebfu \u0111i ngo\u1ea1i th\u00e0nh, \u0111\u01b0\u1eddng d\u1ed1c, \u0111\u01b0\u1eddng \u0111\u1ed3i n\u00fai ho\u1eb7c c\u1ea7n h\u00ecnh \u1ea3nh \u201csang h\u01a1n\u201d cho c\u00f4ng t\u00e1c \u2192 ch\u1ecdn d\u00f2ng SUV nh\u01b0 Fortuner s\u1ebd ph\u00f9 h\u1ee3p h\u01a1n.<\/p>\n<\/li>\n<\/ul>\n<h2 data-start=\"5072\" data-end=\"5125\"><span class=\"ez-toc-section\" id=\"Nhung_diem_noi_bat_khi_thue_xe_7_cho_tai_Nha_Trang\"><\/span>Nh\u1eefng \u0111i\u1ec3m n\u1ed5i b\u1eadt khi thu\u00ea xe 7 ch\u1ed7 t\u1ea1i Nha Trang<span class=\"ez-toc-section-end\"><\/span><\/h2>\n<ul data-start=\"5127\" data-end=\"6028\">\n<li data-start=\"5127\" data-end=\"5284\">\n<p data-start=\"5129\" data-end=\"5284\">Tr\u1ea3i nghi\u1ec7m ri\u00eang t\u01b0, tho\u1ea3i m\u00e1i: Kh\u00e1c v\u1edbi xe chung ho\u1eb7c taxi g\u1ed9p kh\u00e1ch, b\u1ea1n s\u1ebd c\u00f3 ri\u00eang chi\u1ebfc xe \u2013 kh\u00f4ng ph\u1ea3i \u0111\u00f3n th\u00eam kh\u00e1ch kh\u00e1c ho\u1eb7c ch\u1edd th\u1eddi gian.<\/p>\n<\/li>\n<li data-start=\"5285\" data-end=\"5609\">\n<p data-start=\"5287\" data-end=\"5609\">Xe \u0111\u1eddi m\u1edbi, ti\u1ec7n nghi \u0111\u1ea7y \u0111\u1ee7: Nhi\u1ec1u \u0111\u01a1n v\u1ecb thu\u00ea xe 7 ch\u1ed7 Nha Trang cam k\u1ebft xe \u0111\u01b0\u1ee3c ki\u1ec3m tra \u0111\u1ecbnh k\u1ef3, v\u1ec7 sinh s\u1ea1ch s\u1ebd, trang b\u1ecb \u0111i\u1ec1u h\u00f2a, \u00e2m thanh, th\u1eadm ch\u00ed wifi. V\u00ed d\u1ee5: \u201cxe \u0111\u1eddi m\u1edbi, \u0111a d\u1ea1ng v\u00e0 lu\u00f4n \u0111\u01b0\u1ee3c n\u00e2ng c\u1ea5p b\u1ea3o d\u01b0\u1ee1ng th\u01b0\u1eddng xuy\u00ean\u2026cam k\u1ebft c\u00f3 ch\u1ea5t l\u01b0\u1ee3ng v\u00e0 uy t\u00edn h\u00e0ng \u0111\u1ea7u\u201d<\/p>\n<\/li>\n<li data-start=\"5610\" data-end=\"5752\">\n<p data-start=\"5612\" data-end=\"5752\">T\u00e0i x\u1ebf hi\u1ec3u \u0111\u1ecba ph\u01b0\u01a1ng: T\u00e0i x\u1ebf bi\u1ebft \u0111\u01b0\u1eddng, bi\u1ebft c\u00e1c \u0111i\u1ec3m tham quan, bi\u1ebft c\u00e1c tuy\u1ebfn tr\u00e1nh t\u1eafc \u0111\u01b0\u1eddng ho\u1eb7c \u0111\u01b0\u1eddng \u0111\u1eb9p \u0111\u1ec3 b\u1ea1n gh\u00e9 ch\u1ee5p \u1ea3nh.<\/p>\n<\/li>\n<li data-start=\"5753\" data-end=\"5907\">\n<p data-start=\"5755\" data-end=\"5907\">Ti\u1ebft ki\u1ec7m so v\u1edbi vi\u1ec7c thu\u00ea hai xe nh\u1ecf: V\u00ed d\u1ee5, nh\u00f3m 6 ng\u01b0\u1eddi n\u1ebfu thu\u00ea hai xe 4-5 ch\u1ed7 b\u00ean ngo\u00e0i s\u1ebd t\u1ed1n k\u00e9m v\u00e0 b\u1ea5t ti\u1ec7n h\u01a1n nhi\u1ec1u so v\u1edbi m\u1ed9t xe 7 ch\u1ed7.<\/p>\n<\/li>\n<li data-start=\"5908\" data-end=\"6028\">\n<p data-start=\"5910\" data-end=\"6028\">Ch\u1ee7 \u0111\u1ed9ng gi\u1edd gi\u1ea5c v\u00e0 d\u1eebng ngh\u1ec9: \u0110i ch\u01a1i, ch\u1ee5p \u1ea3nh, ngh\u1ec9 ng\u01a1i theo \u00fd mu\u1ed1n m\u00e0 kh\u00f4ng ph\u1ee5 thu\u1ed9c l\u1ecbch \u0111\u00f3n\/tr\u1ea3 c\u1ee7a kh\u00e1c.<\/p>\n<\/li>\n<\/ul>\n<h2 data-start=\"6030\" data-end=\"6077\"><span class=\"ez-toc-section\" id=\"Khi_nao_ban_nen_thue_xe_7_cho_tai_Nha_Trang\"><\/span>Khi n\u00e0o b\u1ea1n n\u00ean thu\u00ea xe 7 ch\u1ed7 t\u1ea1i Nha Trang?<span class=\"ez-toc-section-end\"><\/span><\/h2>\n<ul data-start=\"6079\" data-end=\"6541\">\n<li data-start=\"6079\" data-end=\"6168\">\n<p data-start=\"6081\" data-end=\"6168\">Khi \u0111i c\u00f9ng gia \u0111\u00ecnh ho\u1eb7c nh\u00f3m b\u1ea1n kho\u1ea3ng 4-7 ng\u01b0\u1eddi (c\u00f3 tr\u1ebb em ho\u1eb7c c\u1ea7n h\u00e0nh l\u00fd).<\/p>\n<\/li>\n<li data-start=\"6169\" data-end=\"6293\">\n<p data-start=\"6171\" data-end=\"6293\">Khi c\u00f3 l\u1ecbch tr\u00ecnh ri\u00eang, mu\u1ed1n tham quan nhi\u1ec1u \u0111i\u1ec3m, kh\u00f4ng mu\u1ed1n b\u1ecb r\u00e0ng bu\u1ed9c b\u1edfi tour nh\u00f3m ho\u1eb7c v\u1eadn chuy\u1ec3n c\u00f4ng c\u1ed9ng.<\/p>\n<\/li>\n<li data-start=\"6294\" data-end=\"6408\">\n<p data-start=\"6296\" data-end=\"6408\">Khi c\u1ea7n \u0111\u00f3n\/ti\u1ec5n s\u00e2n bay Cam Ranh, ho\u1eb7c t\u1eeb s\u00e2n bay v\u1ec1 kh\u00e1ch s\u1ea1n, mu\u1ed1n d\u1ecbch v\u1ee5 ri\u00eang, ch\u1ee7 \u0111\u1ed9ng v\u00e0 ti\u1ec7n l\u1ee3i.<\/p>\n<\/li>\n<li data-start=\"6409\" data-end=\"6541\">\n<p data-start=\"6411\" data-end=\"6541\">Khi di chuy\u1ec3n ngo\u1ea1i th\u00e0nh ho\u1eb7c li\u00ean t\u1ec9nh t\u1eeb Nha Trang, mu\u1ed1n xe ri\u00eang ph\u1ee5c v\u1ee5, kh\u00f4ng mu\u1ed1n ph\u1ee5 thu\u1ed9c v\u00e0o xe kh\u00e1ch ho\u1eb7c xe chung.<\/p>\n<\/li>\n<\/ul>\n<h2 data-start=\"6543\" data-end=\"6584\"><span class=\"ez-toc-section\" id=\"Lien_he_dat_xe_%E2%80%93_vai_luu_y_cuoi_cung\"><\/span>Li\u00ean h\u1ec7 &amp; \u0111\u1eb7t xe \u2013 v\u00e0i l\u01b0u \u00fd cu\u1ed1i c\u00f9ng<span class=\"ez-toc-section-end\"><\/span><\/h2>\n<p data-start=\"6586\" data-end=\"6919\">Khi b\u1ea1n \u0111\u00e3 quy\u1ebft \u0111\u1ecbnh thu\u00ea xe 7 ch\u1ed7 t\u1ea1i Nha Trang, h\u00e3y t\u00ecm \u0111\u01a1n v\u1ecb uy t\u00edn, y\u00eau c\u1ea7u b\u00e1o gi\u00e1 chi ti\u1ebft (gi\u00e1 gi\u1edd, l\u1ed9 tr\u00ecnh, ph\u1ee5 ph\u00ed, lo\u1ea1i xe, t\u00e0i x\u1ebf, \u0111i\u1ec1u kho\u1ea3n h\u1ee7y b\u1ecf), sau \u0111\u00f3 \u0111\u1eb7t c\u1ecdc ho\u1eb7c ch\u1ed1t h\u1ee3p \u0111\u1ed3ng s\u1edbm \u0111\u1ec3 gi\u1eef xe. N\u00ean g\u1eedi th\u00f4ng tin s\u1ed1 ng\u01b0\u1eddi, \u0111i\u1ec3m \u0111\u00f3n \u2013 tr\u1ea3, th\u1eddi gian s\u1eed d\u1ee5ng, c\u00f3 h\u00e0nh l\u00fd l\u1edbn hay kh\u00f4ng, \u0111\u1ec3 \u0111\u01a1n v\u1ecb chu\u1ea9n b\u1ecb xe ph\u00f9 h\u1ee3p.<\/p>\n<p data-start=\"6921\" data-end=\"7147\">H\u00e3y \u01b0u ti\u00ean \u0111\u1eb7t xe s\u1edbm, \u0111\u1eb7c bi\u1ec7t v\u00e0o m\u00f9a cao \u0111i\u1ec3m ho\u1eb7c d\u1ecbp l\u1ec5 T\u1ebft \u2013 v\u00ec nhu c\u1ea7u t\u0103ng cao, xe \u0111\u1eddi \u0111\u1eb9p v\u00e0 gi\u00e1 t\u1ed1t c\u00f3 th\u1ec3 h\u1ebft. V\u00ed d\u1ee5, nhi\u1ec1u \u0111\u01a1n v\u1ecb l\u01b0u \u00fd r\u1eb1ng gi\u00e1 d\u1ecbp l\u1ec5\/t\u1ebft th\u01b0\u1eddng cao h\u01a1n.<\/p>\n<p data-start=\"7149\" data-end=\"7395\">Cu\u1ed1i c\u00f9ng, d\u1ecbch v\u1ee5 thu\u00ea xe 7 ch\u1ed7 t\u1ea1i Nha Trang l\u00e0 m\u1ed9t l\u1ef1a ch\u1ecdn \u0111\u00e1ng c\u00e2n nh\u1eafc n\u1ebfu b\u1ea1n mu\u1ed1n chuy\u1ebfn \u0111i kh\u00e1m ph\u00e1 th\u00e0nh ph\u1ed1 bi\u1ec3n n\u00e0y tr\u1edf n\u00ean ti\u1ec7n nghi, ri\u00eang t\u01b0 v\u00e0 \u0111\u00e1ng nh\u1edb. H\u00e3y l\u1ef1a ch\u1ecdn \u0111\u00fang \u0111\u01a1n v\u1ecb, \u0111\u00fang lo\u1ea1i xe, v\u00e0 b\u1ea1n s\u1ebd c\u00f3 m\u1ed9t h\u00e0nh tr\u00ecnh tr\u1ecdn v\u1eb9n.<\/p>","protected":false},"excerpt":{"rendered":"<h3 class=\"product-title product_title entry-title\"><span style=\"color: #0000ff; font-size: 100%;\">\u041f\u0440\u043e\u043a\u0430\u0442 7-\u043c\u0435\u0441\u0442\u043d\u044b\u0445 \u0430\u0432\u0442\u043e\u043c\u043e\u0431\u0438\u043b\u0435\u0439 \u0432 \u041d\u044f\u0447\u0430\u043d\u0433\u0435<\/span><\/h3>\n<ul>\n<li>Xe 7 ch\u1ed5 \u0111\u1eddi m\u1edbi<\/li>\n<li>Xe Kia<\/li>\n<li>Xe Ford<\/li>\n<li>Xe Huyndai<\/li>\n<li>Xe Toyota<\/li>\n<li><span style=\"color: #0000ff;\">\u041f\u0440\u043e\u0434\u0432\u0438\u0436\u0435\u043d\u0438\u0435 \u043f\u043b\u0430\u0442\u0435\u0436\u0430 5%<\/span><\/li>\n<\/ul>\n<div class=\"hJDwNd-AhqUyc-qWD73c purZT-AhqUyc-II5mzb pSzOP-AhqUyc-qWD73c JNdkSc\">\n<div class=\"JNdkSc-SmKAyb\">\n<div class=\"\">\n<div class=\"oKdM2c Kzv0Me\">\n<div class=\"hJDwNd-AhqUyc-qWD73c purZT-AhqUyc-II5mzb pSzOP-AhqUyc-qWD73c JNdkSc\">\n<div class=\"JNdkSc-SmKAyb\">\n<div class=\"\">\n<div class=\"oKdM2c Kzv0Me\">\n<div id=\"h.f128f2fe5256b73_1433\" class=\"hJDwNd-AhqUyc-qWD73c jXK9ad D2fZ2 OjCsFc wHaque GNzUNc\">\n<div class=\"jXK9ad-SmKAyb\">\n<div class=\"tyJCtd mGzaTb baZpAe\">\n<div class=\"row row-small mua-ngay-button\">\n<div class=\"cot1 medium-6 small-12 large-6\">\n<div class=\"col-inner\"><a class=\"button primary is-large lowercase expand\" style=\"border-radius: 3px;\" href=\"tel:0849256256\">\ud83d\udcde \u041a\u043e\u043d\u0442\u0430\u043a\u0442\u044b<br \/>\n<\/a><\/div>\n<\/div>\n<div class=\"cot2 medium-6 small-12 large-6\">\n<div class=\"col-inner\"><a class=\"button success is-large lowercase expand\" style=\"border-radius: 3px;\" href=\"https:\/\/tourdaonhatrang.com\/ru\/%d0%bf%d1%80%d0%be%d0%ba%d0%b0%d1%82-%d0%b0%d0%b2%d1%82%d0%be%d0%bc%d0%be%d0%b1%d0%b8%d0%bb%d0%b5%d0%b9-%d0%b2-%d0%bd%d1%8f%d1%87%d0%b0%d0%bd%d0%b3%d0%b5\/\" target=\"_self\" rel=\"noopener\"><span style=\"vertical-align: inherit;\">\ud83d\uded2 \u0411\u044b\u0441\u0442\u0440\u043e\u0435 \u0431\u0440\u043e\u043d\u0438\u0440\u043e\u0432\u0430\u043d\u0438\u0435 \u0430\u0432\u0442\u043e\u043c\u043e\u0431\u0438\u043b\u044f<\/span><\/a><\/div>\n<\/div>\n<\/div>\n<\/div>\n<\/div>\n<\/div>\n<\/div>\n<\/div>\n<\/div>\n<\/div>\n<\/div>\n<\/div>\n<\/div>\n<\/div>","protected":false},"featured_media":38401,"comment_status":"open","ping_status":"closed","template":"","meta":[],"product_brand":[],"product_cat":[645],"product_tag":[],"class_list":{"0":"post-35908","1":"product","2":"type-product","3":"status-publish","4":"has-post-thumbnail","6":"product_cat-thue-xe-du-lich","8":"first","9":"instock","10":"shipping-taxable","11":"product-type-simple"},"_links":{"self":[{"href":"https:\/\/tourdaonhatrang.com\/ru\/wp-json\/wp\/v2\/product\/35908","targetHints":{"allow":["GET"]}}],"collection":[{"href":"https:\/\/tourdaonhatrang.com\/ru\/wp-json\/wp\/v2\/product"}],"about":[{"href":"https:\/\/tourdaonhatrang.com\/ru\/wp-json\/wp\/v2\/types\/product"}],"replies":[{"embeddable":true,"href":"https:\/\/tourdaonhatrang.com\/ru\/wp-json\/wp\/v2\/comments?post=35908"}],"wp:featuredmedia":[{"embeddable":true,"href":"https:\/\/tourdaonhatrang.com\/ru\/wp-json\/wp\/v2\/media\/38401"}],"wp:attachment":[{"href":"https:\/\/tourdaonhatrang.com\/ru\/wp-json\/wp\/v2\/media?parent=35908"}],"wp:term":[{"taxonomy":"product_brand","embeddable":true,"href":"https:\/\/tourdaonhatrang.com\/ru\/wp-json\/wp\/v2\/product_brand?post=35908"},{"taxonomy":"product_cat","embeddable":true,"href":"https:\/\/tourdaonhatrang.com\/ru\/wp-json\/wp\/v2\/product_cat?post=35908"},{"taxonomy":"product_tag","embeddable":true,"href":"https:\/\/tourdaonhatrang.com\/ru\/wp-json\/wp\/v2\/product_tag?post=35908"}],"curies":[{"name":"wp","href":"https:\/\/api.w.org\/{rel}","templated":true}]}}