{"id":37477,"date":"2023-01-21T13:46:29","date_gmt":"2023-01-21T06:46:29","guid":{"rendered":"https:\/\/tourdaonhatrang.com\/?post_type=product&#038;p=37477"},"modified":"2026-03-14T07:47:26","modified_gmt":"2026-03-14T00:47:26","slug":"%d0%b2%d0%be%d0%b4%d0%bd%d1%8b%d0%b9-%d0%bc%d0%be%d1%82%d0%be%d1%80-%d0%bd%d1%8f%d1%87%d0%b0%d0%bd%d0%b3","status":"publish","type":"product","link":"https:\/\/tourdaonhatrang.com\/ru\/%d0%b2%d0%be%d0%b4%d0%bd%d1%8b%d0%b9-%d0%bc%d0%be%d1%82%d0%be%d1%80-%d0%bd%d1%8f%d1%87%d0%b0%d0%bd%d0%b3\/","title":{"rendered":"\u0413\u0438\u0434\u0440\u043e\u0446\u0438\u043a\u043b \u0432 \u041d\u044f\u0447\u0430\u043d\u0433\u0435 \u2013 \u0413\u0438\u0434\u0440\u043e\u0446\u0438\u043a\u043b \u0432 \u041d\u044f\u0447\u0430\u043d\u0433\u0435"},"content":{"rendered":"<p>Trong v\u00f4 s\u1ed1 tr\u00f2 ch\u01a1i tr\u00ean bi\u1ec3n m\u00e0 du kh\u00e1ch c\u00f3 th\u1ec3 th\u1eed khi tham gia <a href=\"https:\/\/tourdaonhatrang.com\/ru\/\">\u042d\u043a\u0441\u043a\u0443\u0440\u0441\u0438\u044f \u043f\u043e \u043e\u0441\u0442\u0440\u043e\u0432\u0443 \u041d\u044f\u0447\u0430\u043d\u0433<\/a>, Motor nu\u1edbc lu\u00f4n n\u1eb1m trong danh s\u00e1ch \u0111\u01b0\u1ee3c y\u00eau th\u00edch nh\u1ea5t nh\u1edd c\u1ea3m gi\u00e1c m\u1ea1nh m\u1ebd, ph\u1ea5n kh\u00edch m\u00e0 n\u00f3 mang l\u1ea1i.<\/p>\n<p>N\u1ebfu b\u1ea1n c\u0169ng \u0111ang l\u00ean k\u1ebf ho\u1ea1ch tr\u1ea3i nghi\u1ec7m tr\u00f2 ch\u01a1i n\u00e0y, \u0111\u1eebng b\u1ecf qua nh\u1eefng kinh nghi\u1ec7m h\u1eefu \u00edch m\u00e0 C\u00f4ng ty TNHH Tour \u0110\u1ea3o chia s\u1ebb d\u01b0\u1edbi \u0111\u00e2y: t\u1eeb c\u00e1ch thu\u00ea motor n\u01b0\u1edbc, l\u1ef1a ch\u1ecdn \u0111i\u1ec3m ch\u01a1i ph\u00f9 h\u1ee3p cho \u0111\u1ebfn m\u1eb9o \u0111\u1ea3m b\u1ea3o an to\u00e0n.<\/p>\n<div id=\"ez-toc-container\" class=\"ez-toc-v2_0_81 counter-hierarchy ez-toc-counter ez-toc-grey ez-toc-container-direction\">\n<div class=\"ez-toc-title-container\">\n<p class=\"ez-toc-title\" style=\"cursor:inherit\">\u0421\u043e\u0434\u0435\u0440\u0436\u0430\u043d\u0438\u0435<\/p>\n<span class=\"ez-toc-title-toggle\"><a href=\"#\" class=\"ez-toc-pull-right ez-toc-btn ez-toc-btn-xs ez-toc-btn-default ez-toc-toggle\" aria-label=\"Toggle Table of Content\"><span class=\"ez-toc-js-icon-con\"><span class=\"\"><span class=\"eztoc-hide\" style=\"display:none;\">\u041f\u0435\u0440\u0435\u043a\u043b\u044e\u0447\u0430\u0442\u044c<\/span><span class=\"ez-toc-icon-toggle-span\"><svg style=\"fill: #999;color:#999\" xmlns=\"http:\/\/www.w3.org\/2000\/svg\" class=\"list-377408\" width=\"20px\" height=\"20px\" viewbox=\"0 0 24 24\" fill=\"none\"><path d=\"M6 6H4v2h2V6zm14 0H8v2h12V6zM4 11h2v2H4v-2zm16 0H8v2h12v-2zM4 16h2v2H4v-2zm16 0H8v2h12v-2z\" fill=\"currentColor\"><\/path><\/svg><svg style=\"fill: #999;color:#999\" class=\"arrow-unsorted-368013\" xmlns=\"http:\/\/www.w3.org\/2000\/svg\" width=\"10px\" height=\"10px\" viewbox=\"0 0 24 24\" version=\"1.2\" baseprofile=\"tiny\"><path d=\"M18.2 9.3l-6.2-6.3-6.2 6.3c-.2.2-.3.4-.3.7s.1.5.3.7c.2.2.4.3.7.3h11c.3 0 .5-.1.7-.3.2-.2.3-.5.3-.7s-.1-.5-.3-.7zM5.8 14.7l6.2 6.3 6.2-6.3c.2-.2.3-.5.3-.7s-.1-.5-.3-.7c-.2-.2-.4-.3-.7-.3h-11c-.3 0-.5.1-.7.3-.2.2-.3.5-.3.7s.1.5.3.7z\"\/><\/svg><\/span><\/span><\/span><\/a><\/span><\/div>\n<nav><ul class='ez-toc-list ez-toc-list-level-1' ><li class='ez-toc-page-1 ez-toc-heading-level-2'><a class=\"ez-toc-link ez-toc-heading-1\" href=\"https:\/\/tourdaonhatrang.com\/ru\/%d0%b2%d0%be%d0%b4%d0%bd%d1%8b%d0%b9-%d0%bc%d0%be%d1%82%d0%be%d1%80-%d0%bd%d1%8f%d1%87%d0%b0%d0%bd%d0%b3\/#Motor_nuoc_Nha_Trang_%E2%80%93_Jetski_Tro_choi_bien_%E2%80%9Cmust_try%E2%80%9D_khi_di_tour_dao\" >Motor n\u01b0\u1edbc Nha Trang \u2013 Jetski: Tr\u00f2 ch\u01a1i bi\u1ec3n \u201cmust try\u201d khi \u0111i tour \u0111\u1ea3o<\/a><ul class='ez-toc-list-level-3' ><li class='ez-toc-heading-level-3'><a class=\"ez-toc-link ez-toc-heading-2\" href=\"https:\/\/tourdaonhatrang.com\/ru\/%d0%b2%d0%be%d0%b4%d0%bd%d1%8b%d0%b9-%d0%bc%d0%be%d1%82%d0%be%d1%80-%d0%bd%d1%8f%d1%87%d0%b0%d0%bd%d0%b3\/#Vi_sao_nen_trai_nghiem_motor_nuoc_Nha_Trang\" >V\u00ec sao n\u00ean tr\u1ea3i nghi\u1ec7m motor n\u01b0\u1edbc Nha Trang?<\/a><\/li><\/ul><\/li><li class='ez-toc-page-1 ez-toc-heading-level-2'><a class=\"ez-toc-link ez-toc-heading-3\" href=\"https:\/\/tourdaonhatrang.com\/ru\/%d0%b2%d0%be%d0%b4%d0%bd%d1%8b%d0%b9-%d0%bc%d0%be%d1%82%d0%be%d1%80-%d0%bd%d1%8f%d1%87%d0%b0%d0%bd%d0%b3\/#Gia_thue_va_cach_thue_motor_nuoc_Nha_Trang\" >Gi\u00e1 thu\u00ea v\u00e0 c\u00e1ch thu\u00ea motor n\u01b0\u1edbc Nha Trang<\/a><\/li><li class='ez-toc-page-1 ez-toc-heading-level-2'><a class=\"ez-toc-link ez-toc-heading-4\" href=\"https:\/\/tourdaonhatrang.com\/ru\/%d0%b2%d0%be%d0%b4%d0%bd%d1%8b%d0%b9-%d0%bc%d0%be%d1%82%d0%be%d1%80-%d0%bd%d1%8f%d1%87%d0%b0%d0%bd%d0%b3\/#Mot_so_luu_y_khi_trai_nghiem_Jetski_motor_nuoc_tai_Nha_Trang\" >M\u1ed9t s\u1ed1 l\u01b0u \u00fd khi tr\u1ea3i nghi\u1ec7m Jetski motor n\u01b0\u1edbc t\u1ea1i Nha Trang<\/a><\/li><\/ul><\/nav><\/div>\n<h2><span class=\"ez-toc-section\" id=\"Motor_nuoc_Nha_Trang_%E2%80%93_Jetski_Tro_choi_bien_%E2%80%9Cmust_try%E2%80%9D_khi_di_tour_dao\"><\/span>Motor n\u01b0\u1edbc Nha Trang \u2013 Jetski: Tr\u00f2 ch\u01a1i bi\u1ec3n \u201cmust try\u201d khi \u0111i tour \u0111\u1ea3o<span class=\"ez-toc-section-end\"><\/span><\/h2>\n<p>M\u1ed9t trong nh\u1eefng tr\u00f2 ch\u01a1i c\u1ea3m gi\u00e1c m\u1ea1nh h\u1ea5p d\u1eabn b\u1eadc nh\u1ea5t tr\u00ean bi\u1ec3n, v\u00e0 Nha Trang ch\u00ednh l\u00e0 \u0111i\u1ec3m \u0111\u1ebfn l\u00fd t\u01b0\u1edfng \u0111\u1ec3 b\u1ea1n th\u1eed s\u1ee9c<\/p>\n<h3 data-start=\"585\" data-end=\"637\"><span class=\"ez-toc-section\" id=\"Vi_sao_nen_trai_nghiem_motor_nuoc_Nha_Trang\"><\/span>V\u00ec sao n\u00ean tr\u1ea3i nghi\u1ec7m motor n\u01b0\u1edbc Nha Trang?<span class=\"ez-toc-section-end\"><\/span><\/h3>\n<p data-start=\"639\" data-end=\"886\"><strong data-start=\"639\" data-end=\"666\">Bi\u1ec3n r\u1ed9ng v\u00e0 s\u00f3ng \u00eam<\/strong><br data-start=\"666\" data-end=\"669\" \/>C\u00e1c v\u1ecbnh n\u1ed5i ti\u1ebfng nh\u01b0 Nha Trang, V\u00e2n Phong, Nha Phu, Cam Ranh \u0111\u1ec1u \u0111\u01b0\u1ee3c c\u00e1c \u0111\u1ea3o bao quanh, t\u1ea1o n\u00ean v\u00f9ng n\u01b0\u1edbc y\u00ean b\u00ecnh. \u0110i\u1ec1u n\u00e0y gi\u00fap vi\u1ec7c l\u00e1i m\u00f4 t\u00f4 n\u01b0\u1edbc tr\u1edf n\u00ean m\u01b0\u1ee3t m\u00e0, ph\u00f9 h\u1ee3p c\u1ea3 v\u1edbi ng\u01b0\u1eddi m\u1edbi l\u1ea7n \u0111\u1ea7u tr\u1ea3i nghi\u1ec7m.<\/p>\n<p data-start=\"888\" data-end=\"1168\"><strong data-start=\"888\" data-end=\"924\">C\u1ea3nh quan hoang s\u01a1, ngo\u1ea1n m\u1ee5c<\/strong><br data-start=\"924\" data-end=\"927\" \/>Nha Trang s\u1edf h\u1eefu nh\u1eefng h\u00f2n \u0111\u1ea3o xinh \u0111\u1eb9p nh\u01b0 H\u00f2n Mi\u1ec5u, H\u00f2n Tre, H\u00f2n Lao\u2026 cho b\u1ea1n c\u1ea3m gi\u00e1c v\u1eeba l\u01b0\u1edbt s\u00f3ng, v\u1eeba chi\u00eam ng\u01b0\u1ee1ng khung c\u1ea3nh bi\u1ec3n xanh ng\u1ecdc, c\u00e1t tr\u1eafng v\u00e0 n\u00fai non h\u00f9ng v\u0129 \u2013 m\u1ed9t tr\u1ea3i nghi\u1ec7m kh\u00f3 t\u00ecm th\u1ea5y \u1edf nh\u1eefng b\u00e3i bi\u1ec3n \u0111\u00f4ng \u0111\u00fac kh\u00e1c.<\/p>\n<p data-start=\"1170\" data-end=\"1406\"><strong data-start=\"1170\" data-end=\"1205\">D\u1ec5 d\u00e0ng k\u1ebft h\u1ee3p v\u1edbi tour \u0111\u1ea3o<\/strong><br data-start=\"1205\" data-end=\"1208\" \/>H\u1ea7u h\u1ebft c\u00e1c tour \u0111\u1ea3o Nha Trang \u0111\u1ec1u t\u00edch h\u1ee3p d\u1ecbch v\u1ee5 m\u00f4 t\u00f4 n\u01b0\u1edbc. B\u1ea1n v\u1eeba c\u00f3 th\u1ec3 vui ch\u01a1i th\u1ecfa th\u00edch, v\u1eeba kh\u00e1m ph\u00e1 nh\u1eefng h\u00f2n \u0111\u1ea3o n\u1ed5i ti\u1ebfng nh\u01b0 B\u00e3i Tranh, <a href=\"https:\/\/hontamnhatrang.com\/\" rel=\"noopener\">\u0425\u043e\u043d \u0422\u0430\u043c<\/a>, Mini Beach Nha Trang \u2013 v\u1eeba v\u1eadn \u0111\u1ed9ng, v\u1eeba th\u01b0 gi\u00e3n.<\/p>\n<h2 data-start=\"1588\" data-end=\"1637\"><span class=\"ez-toc-section\" id=\"Gia_thue_va_cach_thue_motor_nuoc_Nha_Trang\"><\/span>Gi\u00e1 thu\u00ea v\u00e0 c\u00e1ch thu\u00ea motor n\u01b0\u1edbc Nha Trang<span class=\"ez-toc-section-end\"><\/span><\/h2>\n<p data-start=\"1639\" data-end=\"1745\">Vi\u1ec7c thu\u00ea motor n\u01b0\u1edbc Nha Trang r\u1ea5t d\u1ec5 d\u00e0ng \u2013 h\u1ea7u h\u1ebft c\u00e1c b\u00e3i bi\u1ec3n l\u1edbn, \u0111\u1ea3o du l\u1ecbch ho\u1eb7c resort \u0111\u1ec1u c\u00f3 d\u1ecbch v\u1ee5 n\u00e0y.<\/p>\n<ul data-start=\"1747\" data-end=\"1992\">\n<li data-start=\"1747\" data-end=\"1839\">\n<p data-start=\"1749\" data-end=\"1839\"><strong data-start=\"1749\" data-end=\"1761\">Gi\u00e1 thu\u00ea<\/strong>: Dao \u0111\u1ed9ng t\u1eeb <strong>800.000 \u2013 1.200.000 VN\u0110\/15-30 ph\u00fat<\/strong>, t\u00f9y lo\u1ea1i xe v\u00e0 \u0111\u1ecba \u0111i\u1ec3m.<\/p>\n<\/li>\n<li data-start=\"1840\" data-end=\"1992\">\n<p data-start=\"1842\" data-end=\"1992\"><strong data-start=\"1842\" data-end=\"1855\">C\u00e1ch thu\u00ea<\/strong>: \u0110\u0103ng k\u00fd tr\u1ef1c ti\u1ebfp t\u1ea1i qu\u1ea7y d\u1ecbch v\u1ee5 ho\u1eb7c qua c\u00f4ng ty du l\u1ecbch. Tr\u01b0\u1edbc khi l\u00e1i, b\u1ea1n s\u1ebd \u0111\u01b0\u1ee3c h\u01b0\u1edbng d\u1eabn thao t\u00e1c c\u01a1 b\u1ea3n v\u00e0 quy t\u1eafc an to\u00e0n.<\/p>\n<\/li>\n<\/ul>\n<h2 data-start=\"160\" data-end=\"225\"><span class=\"ez-toc-section\" id=\"Mot_so_luu_y_khi_trai_nghiem_Jetski_motor_nuoc_tai_Nha_Trang\"><\/span>M\u1ed9t s\u1ed1 l\u01b0u \u00fd khi tr\u1ea3i nghi\u1ec7m Jetski motor n\u01b0\u1edbc t\u1ea1i Nha Trang<span class=\"ez-toc-section-end\"><\/span><\/h2>\n<p data-start=\"227\" data-end=\"320\">\u0110\u1ec3 chuy\u1ebfn vui ch\u01a1i v\u1edbi m\u00f4 t\u00f4 n\u01b0\u1edbc v\u1eeba an to\u00e0n v\u1eeba tr\u1ecdn v\u1eb9n, b\u1ea1n n\u00ean ghi nh\u1edb nh\u1eefng \u0111i\u1ec3m sau:<\/p>\n<p data-start=\"322\" data-end=\"484\"><strong data-start=\"322\" data-end=\"345\">1. Lu\u00f4n m\u1eb7c \u00e1o phao<\/strong><br data-start=\"345\" data-end=\"348\" \/>D\u00f9 l\u00e0 ng\u01b0\u1eddi \u0111\u00e3 c\u00f3 kinh nghi\u1ec7m hay m\u1edbi ch\u01a1i l\u1ea7n \u0111\u1ea7u, \u00e1o phao l\u00e0 trang b\u1ecb b\u1eaft bu\u1ed9c. N\u00f3 s\u1ebd gi\u00fap b\u1ea1n an to\u00e0n n\u1ebfu ch\u1eb3ng may r\u01a1i xu\u1ed1ng n\u01b0\u1edbc.<\/p>\n<p data-start=\"486\" data-end=\"703\"><strong data-start=\"486\" data-end=\"530\">2. Tu\u00e2n th\u1ee7 bi\u1ec3n b\u00e1o v\u00e0 khu v\u1ef1c cho ph\u00e9p<\/strong><br data-start=\"530\" data-end=\"533\" \/>Tr\u00ean bi\u1ec3n lu\u00f4n c\u00f3 khu v\u1ef1c \u0111\u01b0\u1ee3c \u0111\u00e1nh d\u1ea5u d\u00e0nh ri\u00eang cho m\u00f4 t\u00f4 n\u01b0\u1edbc. H\u00e3y ch\u00fa \u00fd quan s\u00e1t, tu\u00e2n th\u1ee7 h\u01b0\u1edbng d\u1eabn \u0111\u1ec3 tr\u00e1nh va ch\u1ea1m ho\u1eb7c \u0111i v\u00e0o v\u00f9ng c\u00f3 d\u00f2ng ch\u1ea3y m\u1ea1nh nguy hi\u1ec3m.<\/p>\n<p data-start=\"705\" data-end=\"870\"><strong data-start=\"705\" data-end=\"736\">3. Ch\u1ecdn th\u1eddi \u0111i\u1ec3m th\u00edch h\u1ee3p<\/strong><br data-start=\"736\" data-end=\"739\" \/>H\u1ea1n ch\u1ebf ch\u01a1i v\u00e0o ng\u00e0y bi\u1ec3n \u0111\u1ed9ng, gi\u00f3 l\u1edbn ho\u1eb7c m\u01b0a b\u00e3o, v\u00ec s\u00f3ng to s\u1ebd khi\u1ebfn vi\u1ec7c \u0111i\u1ec1u khi\u1ec3n Jetski kh\u00f3 kh\u0103n h\u01a1n v\u00e0 ti\u1ec1m \u1ea9n r\u1ee7i ro.<\/p>\n<p data-start=\"872\" data-end=\"1069\"><strong data-start=\"872\" data-end=\"907\">4. L\u1eafng nghe h\u01b0\u1edbng d\u1eabn k\u1ef9 thu\u1eadt<\/strong><br data-start=\"907\" data-end=\"910\" \/>Tr\u01b0\u1edbc khi l\u00e1i, h\u00e3y ch\u00fa \u00fd nghe k\u1ef9 ph\u1ea7n h\u01b0\u1edbng d\u1eabn t\u1eeb nh\u00e2n vi\u00ean. \u0110i\u1ec1u n\u00e0y gi\u00fap b\u1ea1n n\u1eafm r\u00f5 c\u00e1ch t\u0103ng ga, gi\u1ea3m ga, x\u1eed l\u00fd t\u00ecnh hu\u1ed1ng b\u1ea5t ng\u1edd v\u00e0 \u0111i\u1ec1u khi\u1ec3n an to\u00e0n.<\/p>\n<p data-start=\"1071\" data-end=\"1313\"><strong data-start=\"1071\" data-end=\"1108\">5. H\u1ecfi v\u00e0 ch\u1ed1t gi\u00e1 tr\u01b0\u1edbc khi thu\u00ea<\/strong><br data-start=\"1108\" data-end=\"1111\" \/>\u0110\u1ec3 tr\u00e1nh ph\u00e1t sinh chi ph\u00ed ngo\u00e0i \u00fd mu\u1ed1n, b\u1ea1n n\u00ean h\u1ecfi r\u00f5 gi\u00e1 thu\u00ea theo th\u1eddi gian (10, 20 ho\u1eb7c 30 ph\u00fat) v\u00e0 th\u01b0\u01a1ng l\u01b0\u1ee3ng tr\u01b0\u1edbc khi b\u1eaft \u0111\u1ea7u. N\u1ebfu th\u1ea5y gi\u00e1 qu\u00e1 cao, c\u00f3 th\u1ec3 tham kh\u1ea3o th\u00eam c\u00e1c \u0111i\u1ec3m thu\u00ea kh\u00e1c.<\/p>","protected":false},"excerpt":{"rendered":"<h3 class=\"product-title product_title entry-title\"><span style=\"color: #0000ff; font-size: 100%;\">\u0412\u043e\u0434\u043d\u044b\u0439 \u043c\u043e\u0442\u043e\u0446\u0438\u043a\u043b 15 \u043c\u0438\u043d\u0443\u0442: 800 000 \u0434\u043e\u043d\u0433\u043e\u0432 \u2013 <\/span><span style=\"color: #0000ff; font-size: 100%;\">\u0413\u0438\u0434\u0440\u043e\u0446\u0438\u043a\u043b 30 \u043c\u0438\u043d\u0443\u0442: 1 400 000 \u0434\u043e\u043d\u0433\u043e\u0432.<\/span><\/h3>\n<p><img loading=\"lazy\" decoding=\"async\" class=\"size-full wp-image-40046 alignnone\" src=\"https:\/\/tourdaonhatrang.com\/wp-content\/uploads\/2023\/01\/phieu-khuyen-mai-thanh-toan-ngay.png\" alt=\"\" width=\"420\" height=\"180\" srcset=\"https:\/\/tourdaonhatrang.com\/wp-content\/uploads\/2023\/01\/phieu-khuyen-mai-thanh-toan-ngay.png 420w, https:\/\/tourdaonhatrang.com\/wp-content\/uploads\/2023\/01\/phieu-khuyen-mai-thanh-toan-ngay-300x129.png 300w, https:\/\/tourdaonhatrang.com\/wp-content\/uploads\/2023\/01\/phieu-khuyen-mai-thanh-toan-ngay-18x8.png 18w, https:\/\/tourdaonhatrang.com\/wp-content\/uploads\/2023\/01\/phieu-khuyen-mai-thanh-toan-ngay-400x171.png 400w\" sizes=\"auto, (max-width: 420px) 100vw, 420px\" \/><\/p>\n<ul>\n<li data-start=\"3403\" data-end=\"3429\">\u0421\u043f\u0430\u0441\u0430\u0442\u0435\u043b\u044c\u043d\u044b\u0439 \u0436\u0438\u043b\u0435\u0442<\/li>\n<li data-start=\"3403\" data-end=\"3429\">\u041d\u043e\u0432\u044b\u0439 \u0433\u0438\u0434\u0440\u043e\u0446\u0438\u043a\u043b<\/li>\n<li data-start=\"3445\" data-end=\"3468\">\u041f\u043e\u0434\u0434\u0435\u0440\u0436\u043a\u0430 \u0433\u0438\u0434\u0430 (\u043f\u0440\u0438 \u043d\u0435\u043e\u0431\u0445\u043e\u0434\u0438\u043c\u043e\u0441\u0442\u0438)<\/li>\n<li data-start=\"3471\" data-end=\"3489\">\u0421\u0442\u0440\u0430\u0445\u043e\u0432\u0430\u043d\u0438\u0435 \u0443\u0441\u043b\u0443\u0433<\/li>\n<li data-start=\"3471\" data-end=\"3489\"><span style=\"color: #333333;\">\u0413\u043e\u0440\u044f\u0447\u0430\u044f \u043b\u0438\u043d\u0438\u044f: <\/span><a href=\"tel:0849256256\">0849 256 256<\/a><\/li>\n<li><span style=\"color: #0000ff;\">\u041f\u0440\u0435\u0434\u043b\u043e\u0436\u0435\u043d\u0438\u0435 \u043f\u043e \u043e\u043f\u043b\u0430\u0442\u0435 10%<\/span><\/li>\n<li>\u0423\u0441\u043b\u0443\u0433\u0438 \u043d\u0430 \u043e\u0441\u0442\u0440\u043e\u0432\u0435 \u0425\u043e\u043d \u0422\u0430\u043c<\/li>\n<\/ul>\n<div class=\"hJDwNd-AhqUyc-qWD73c purZT-AhqUyc-II5mzb pSzOP-AhqUyc-qWD73c JNdkSc\">\n<div class=\"JNdkSc-SmKAyb\">\n<div class=\"\">\n<div class=\"oKdM2c Kzv0Me\">\n<div class=\"hJDwNd-AhqUyc-qWD73c purZT-AhqUyc-II5mzb pSzOP-AhqUyc-qWD73c JNdkSc\">\n<div class=\"JNdkSc-SmKAyb\">\n<div class=\"\">\n<div class=\"oKdM2c Kzv0Me\">\n<div id=\"h.f128f2fe5256b73_1433\" class=\"hJDwNd-AhqUyc-qWD73c jXK9ad D2fZ2 OjCsFc wHaque GNzUNc\">\n<div class=\"jXK9ad-SmKAyb\">\n<div class=\"tyJCtd mGzaTb baZpAe\">\n<div class=\"row row-small mua-ngay-button\">\n<div class=\"cot1 medium-6 small-12 large-6\">\n<div class=\"col-inner\"><a class=\"button primary is-large lowercase expand\" style=\"border-radius: 3px;\" href=\"https:\/\/tourdaonhatrang.com\/ru\/%d0%b2%d0%be%d0%b4%d0%bd%d1%8b%d0%b9-%d0%bc%d0%be%d1%82%d0%be%d1%80-%d0%bd%d1%8f%d1%87%d0%b0%d0%bd%d0%b3\/\">\u041f\u043e\u0434\u0440\u043e\u0431\u043d\u043e\u0441\u0442\u0438 \u0441\u043c.<br \/>\n<\/a><\/div>\n<\/div>\n<div class=\"cot2 medium-6 small-12 large-6\">\n<div class=\"col-inner\"><a class=\"button success is-large lowercase expand\" style=\"border-radius: 3px;\" href=\"https:\/\/tourdaonhatrang.com\/ru\/%d0%bf%d0%bb%d1%8f%d0%b6-%d1%85%d0%be%d0%bd-%d1%82%d0%b0%d0%bc\/#the-thao-bien-hon-tam\" target=\"_self\" rel=\"noopener\"><span style=\"vertical-align: inherit;\">\ud83d\uded2 \u0411\u0440\u043e\u043d\u0438\u0440\u0443\u0439\u0442\u0435 \u0431\u0438\u043b\u0435\u0442\u044b \u0431\u044b\u0441\u0442\u0440\u043e<\/span><\/a><\/div>\n<\/div>\n<\/div>\n<\/div>\n<\/div>\n<\/div>\n<\/div>\n<\/div>\n<\/div>\n<\/div>\n<\/div>\n<\/div>\n<\/div>\n<\/div>","protected":false},"featured_media":37479,"comment_status":"open","ping_status":"closed","template":"","meta":[],"product_brand":[],"product_cat":[739],"product_tag":[742,740,741],"class_list":{"0":"post-37477","1":"product","2":"type-product","3":"status-publish","4":"has-post-thumbnail","6":"product_cat-the-thao-bien-nha-trang","7":"product_tag-bay-du-dao-hon-tam-gia-bao-nhieu","8":"product_tag-cano-keo-du-bay-nha-trang","9":"product_tag-parasailing-nha-trang","11":"first","12":"instock","13":"shipping-taxable","14":"product-type-simple"},"_links":{"self":[{"href":"https:\/\/tourdaonhatrang.com\/ru\/wp-json\/wp\/v2\/product\/37477","targetHints":{"allow":["GET"]}}],"collection":[{"href":"https:\/\/tourdaonhatrang.com\/ru\/wp-json\/wp\/v2\/product"}],"about":[{"href":"https:\/\/tourdaonhatrang.com\/ru\/wp-json\/wp\/v2\/types\/product"}],"replies":[{"embeddable":true,"href":"https:\/\/tourdaonhatrang.com\/ru\/wp-json\/wp\/v2\/comments?post=37477"}],"wp:featuredmedia":[{"embeddable":true,"href":"https:\/\/tourdaonhatrang.com\/ru\/wp-json\/wp\/v2\/media\/37479"}],"wp:attachment":[{"href":"https:\/\/tourdaonhatrang.com\/ru\/wp-json\/wp\/v2\/media?parent=37477"}],"wp:term":[{"taxonomy":"product_brand","embeddable":true,"href":"https:\/\/tourdaonhatrang.com\/ru\/wp-json\/wp\/v2\/product_brand?post=37477"},{"taxonomy":"product_cat","embeddable":true,"href":"https:\/\/tourdaonhatrang.com\/ru\/wp-json\/wp\/v2\/product_cat?post=37477"},{"taxonomy":"product_tag","embeddable":true,"href":"https:\/\/tourdaonhatrang.com\/ru\/wp-json\/wp\/v2\/product_tag?post=37477"}],"curies":[{"name":"wp","href":"https:\/\/api.w.org\/{rel}","templated":true}]}}