{"id":37536,"date":"2023-01-21T15:25:27","date_gmt":"2023-01-21T08:25:27","guid":{"rendered":"https:\/\/tourdaonhatrang.com\/?post_type=product&#038;p=37536"},"modified":"2026-03-14T07:46:28","modified_gmt":"2026-03-14T00:46:28","slug":"%d0%ba%d0%b0%d0%bd%d0%be%d1%8d-%d0%b1%d0%b0%d0%bd%d0%b0%d0%bd%d0%be%d0%b2%d0%b0%d1%8f-%d0%bb%d0%be%d0%b4%d0%ba%d0%b0-%d0%bd%d1%8f%d1%87%d0%b0%d0%bd%d0%b3","status":"publish","type":"product","link":"https:\/\/tourdaonhatrang.com\/ru\/%d0%ba%d0%b0%d0%bd%d0%be%d1%8d-%d0%b1%d0%b0%d0%bd%d0%b0%d0%bd%d0%be%d0%b2%d0%b0%d1%8f-%d0%bb%d0%be%d0%b4%d0%ba%d0%b0-%d0%bd%d1%8f%d1%87%d0%b0%d0%bd%d0%b3\/","title":{"rendered":"\u0431\u0430\u043d\u0430\u043d\u043e\u0432\u0430\u044f \u043b\u043e\u0434\u043a\u0430 \u0432 \u041d\u044f\u0447\u0430\u043d\u0433\u0435"},"content":{"rendered":"<p>Cano k\u00e9o phao chu\u1ed1i l\u00e0 m\u1ed9t trong nh\u1eefng tr\u00f2 ch\u01a1i gi\u1ea3i tr\u00ed tr\u00ean bi\u1ec3n \u0111\u01b0\u1ee3c y\u00eau th\u00edch nh\u1ea5t b\u1edfi s\u1ef1 vui nh\u1ed9n v\u00e0 m\u1ea1o hi\u1ec3m nh\u1eb9 nh\u00e0ng m\u00e0 n\u00f3 mang l\u1ea1i.<\/p>\n<p>\u0110\u00fang nh\u01b0 t\u00ean g\u1ecdi, \u0111\u00e2y l\u00e0 m\u1ed9t chi\u1ebfc phao b\u01a1m h\u01a1i kh\u1ed5ng l\u1ed3, th\u01b0\u1eddng c\u00f3 m\u00e0u v\u00e0ng v\u00e0 h\u00ecnh d\u00e1ng m\u00f4 ph\u1ecfng m\u1ed9t qu\u1ea3 chu\u1ed1i d\u00e0i, c\u00f3 ch\u1ed7 ng\u1ed3i t\u1eeb 1 \u2013 5 ng\u01b0\u1eddi.<\/p>\n<div id=\"ez-toc-container\" class=\"ez-toc-v2_0_82_2 counter-hierarchy ez-toc-counter ez-toc-grey ez-toc-container-direction\">\n<div class=\"ez-toc-title-container\">\n<p class=\"ez-toc-title\" style=\"cursor:inherit\">\u0421\u043e\u0434\u0435\u0440\u0436\u0430\u043d\u0438\u0435<\/p>\n<span class=\"ez-toc-title-toggle\"><a href=\"#\" class=\"ez-toc-pull-right ez-toc-btn ez-toc-btn-xs ez-toc-btn-default ez-toc-toggle\" aria-label=\"Toggle Table of Content\"><span class=\"ez-toc-js-icon-con\"><span class=\"\"><span class=\"eztoc-hide\" style=\"display:none;\">\u041f\u0435\u0440\u0435\u043a\u043b\u044e\u0447\u0430\u0442\u044c<\/span><span class=\"ez-toc-icon-toggle-span\"><svg style=\"fill: #999;color:#999\" xmlns=\"http:\/\/www.w3.org\/2000\/svg\" class=\"list-377408\" width=\"20px\" height=\"20px\" viewbox=\"0 0 24 24\" fill=\"none\"><path d=\"M6 6H4v2h2V6zm14 0H8v2h12V6zM4 11h2v2H4v-2zm16 0H8v2h12v-2zM4 16h2v2H4v-2zm16 0H8v2h12v-2z\" fill=\"currentColor\"><\/path><\/svg><svg style=\"fill: #999;color:#999\" class=\"arrow-unsorted-368013\" xmlns=\"http:\/\/www.w3.org\/2000\/svg\" width=\"10px\" height=\"10px\" viewbox=\"0 0 24 24\" version=\"1.2\" baseprofile=\"tiny\"><path d=\"M18.2 9.3l-6.2-6.3-6.2 6.3c-.2.2-.3.4-.3.7s.1.5.3.7c.2.2.4.3.7.3h11c.3 0 .5-.1.7-.3.2-.2.3-.5.3-.7s-.1-.5-.3-.7zM5.8 14.7l6.2 6.3 6.2-6.3c.2-.2.3-.5.3-.7s-.1-.5-.3-.7c-.2-.2-.4-.3-.7-.3h-11c-.3 0-.5.1-.7.3-.2.2-.3.5-.3.7s.1.5.3.7z\"\/><\/svg><\/span><\/span><\/span><\/a><\/span><\/div>\n<nav><ul class='ez-toc-list ez-toc-list-level-1' ><li class='ez-toc-page-1 ez-toc-heading-level-2'><a class=\"ez-toc-link ez-toc-heading-1\" href=\"https:\/\/tourdaonhatrang.com\/ru\/%d0%ba%d0%b0%d0%bd%d0%be%d1%8d-%d0%b1%d0%b0%d0%bd%d0%b0%d0%bd%d0%be%d0%b2%d0%b0%d1%8f-%d0%bb%d0%be%d0%b4%d0%ba%d0%b0-%d0%bd%d1%8f%d1%87%d0%b0%d0%bd%d0%b3\/#Cano_keo_phao_chuoi_Nha_Trang_choi_nhu_the_nao\" >Cano k\u00e9o phao chu\u1ed1i Nha Trang ch\u01a1i nh\u01b0 th\u1ebf n\u00e0o?<\/a><\/li><li class='ez-toc-page-1 ez-toc-heading-level-2'><a class=\"ez-toc-link ez-toc-heading-2\" href=\"https:\/\/tourdaonhatrang.com\/ru\/%d0%ba%d0%b0%d0%bd%d0%be%d1%8d-%d0%b1%d0%b0%d0%bd%d0%b0%d0%bd%d0%be%d0%b2%d0%b0%d1%8f-%d0%bb%d0%be%d0%b4%d0%ba%d0%b0-%d0%bd%d1%8f%d1%87%d0%b0%d0%bd%d0%b3\/#Cano_keo_phao_chuoi_co_gi_hap_dan\" >Cano k\u00e9o phao chu\u1ed1i c\u00f3 g\u00ec h\u1ea5p d\u1eabn?<\/a><\/li><li class='ez-toc-page-1 ez-toc-heading-level-2'><a class=\"ez-toc-link ez-toc-heading-3\" href=\"https:\/\/tourdaonhatrang.com\/ru\/%d0%ba%d0%b0%d0%bd%d0%be%d1%8d-%d0%b1%d0%b0%d0%bd%d0%b0%d0%bd%d0%be%d0%b2%d0%b0%d1%8f-%d0%bb%d0%be%d0%b4%d0%ba%d0%b0-%d0%bd%d1%8f%d1%87%d0%b0%d0%bd%d0%b3\/#Gia_Cano_keo_phao_chuoi_Nha_Trang\" >Gi\u00e1 Cano k\u00e9o phao chu\u1ed1i Nha Trang<\/a><\/li><\/ul><\/nav><\/div>\n<h2><span class=\"ez-toc-section\" id=\"Cano_keo_phao_chuoi_Nha_Trang_choi_nhu_the_nao\"><\/span>Cano k\u00e9o phao chu\u1ed1i Nha Trang ch\u01a1i nh\u01b0 th\u1ebf n\u00e0o?<span class=\"ez-toc-section-end\"><\/span><\/h2>\n<p>Khi tr\u00f2 ch\u01a1i b\u1eaft \u0111\u1ea7u, t\u1ea5t c\u1ea3 ng\u01b0\u1eddi ch\u01a1i s\u1ebd m\u1eb7c \u00e1o phao v\u00e0 c\u00f9ng nhau gi\u1eef ch\u1eb7t tay v\u1ecbn, v\u00e0 chi\u1ebfc phao chu\u1ed1i n\u00e0y s\u1ebd \u0111\u01b0\u1ee3c m\u1ed9t chi\u1ebfc cano cao t\u1ed1c k\u00e9o \u0111i v\u1edbi t\u1ed1c \u0111\u1ed9 cao tr\u00ean m\u1eb7t bi\u1ec3n.<\/p>\n<p><img loading=\"lazy\" decoding=\"async\" class=\"wp-image-37537 size-full alignnone\" src=\"https:\/\/tourdaonhatrang.com\/wp-content\/uploads\/2025\/10\/cano-keo-phao-chuoi-nha-trang-02.jpg\" alt=\"cano k\u00e9o phao chu\u1ed1i nha trang\" width=\"750\" height=\"500\" title=\"\" srcset=\"https:\/\/tourdaonhatrang.com\/wp-content\/uploads\/2025\/10\/cano-keo-phao-chuoi-nha-trang-02.jpg 750w, https:\/\/tourdaonhatrang.com\/wp-content\/uploads\/2025\/10\/cano-keo-phao-chuoi-nha-trang-02-300x200.jpg 300w, https:\/\/tourdaonhatrang.com\/wp-content\/uploads\/2025\/10\/cano-keo-phao-chuoi-nha-trang-02-400x267.jpg 400w, https:\/\/tourdaonhatrang.com\/wp-content\/uploads\/2025\/10\/cano-keo-phao-chuoi-nha-trang-02-600x400.jpg 600w\" sizes=\"auto, (max-width: 750px) 100vw, 750px\" \/><\/p>\n<p>\u0110i\u1ec1u b\u1ea1n c\u1ea7n l\u00e0m l\u00e0 gi\u1eef th\u0103ng b\u1eb1ng v\u00e0 b\u00e1m tr\u1ee5 th\u1eadt ch\u1eafc khi cano li\u00ean t\u1ee5c t\u1ea1o ra nh\u1eefng c\u00fa ngo\u1eb7t \u0111\u1ed9t ng\u1ed9t v\u00e0 m\u1ea1nh m\u1ebd \u0111\u1ec3 c\u1ed1 g\u1eafng h\u1ea5t b\u1ea1n xu\u1ed1ng n\u01b0\u1edbc. Ch\u00ednh nh\u1eefng kho\u1ea3nh kh\u1eafc h\u1ed3i h\u1ed9p, ti\u1ebfng c\u01b0\u1eddi vang l\u00ean khi m\u1ecdi ng\u01b0\u1eddi c\u1ed1 g\u1eafng h\u1ee3p s\u1ee9c ch\u1ed1ng ch\u1ecdi ho\u1eb7c cu\u1ed1i c\u00f9ng c\u00f9ng nhau r\u01a1i \u00f9m xu\u1ed1ng bi\u1ec3n \u0111\u00e3 t\u1ea1o n\u00ean s\u1ee9c h\u00fat kh\u00f3 c\u01b0\u1ee1ng c\u1ee7a tr\u00f2 ch\u01a1i t\u1eadp th\u1ec3 \u0111\u1ea7y s\u1ea3ng kho\u00e1i n\u00e0y.<\/p>\n<h2><span class=\"ez-toc-section\" id=\"Cano_keo_phao_chuoi_co_gi_hap_dan\"><\/span>Cano k\u00e9o phao chu\u1ed1i c\u00f3 g\u00ec h\u1ea5p d\u1eabn?<span class=\"ez-toc-section-end\"><\/span><\/h2>\n<p><strong>Th\u1eed s\u1ee9c v\u1edbi c\u1ea3m gi\u00e1c m\u1ea1nh:<\/strong> Ca n\u00f4 k\u00e9o phao chu\u1ed1i \u0111i r\u1ea5t nhanh (c\u00f3 th\u1ec3 l\u00ean \u0111\u1ebfn 80 km\/h), t\u1ea1o ra nh\u1eefng c\u00fa l\u01b0\u1edbt s\u00f3ng v\u00e0 nh\u1ea3y v\u1ecdt \u0111\u1ea7y ph\u1ea5n kh\u00edch, mang l\u1ea1i c\u1ea3m gi\u00e1c h\u1ed3i h\u1ed9p t\u1ed9t \u0111\u1ed9.<\/p>\n<p><strong>T\u0103ng tr\u1ea3i nghi\u1ec7m ho\u1ea1t \u0111\u1ed9ng nh\u00f3m<\/strong>: Phao ch\u1edf \u0111\u01b0\u1ee3c nhi\u1ec1u ng\u01b0\u1eddi, l\u00e0 c\u01a1 h\u1ed9i \u0111\u1ec3 c\u1ea3 nh\u00f3m c\u00f9ng nhau b\u00e1m tr\u1ee5, h\u00f2 h\u00e9t v\u00e0 c\u01b0\u1eddi s\u1ea3ng kho\u00e1i khi b\u1ecb r\u01a1i xu\u1ed1ng n\u01b0\u1edbc, gi\u00fap t\u0103ng s\u1ef1 g\u1eafn k\u1ebft.<\/p>\n<p><strong>Ti\u1ec7n l\u1ee3i <\/strong>: M\u1ed7i l\u01b0\u1ee3t ch\u01a1i ng\u1eafn (10-15 ph\u00fat) v\u00e0 lu\u00f4n \u0111\u01b0\u1ee3c trang b\u1ecb \u00e1o phao, v\u1eeba \u0111\u1ea3m b\u1ea3o s\u1ef1 an to\u00e0n v\u00e0 ph\u00f9 h\u1ee3p v\u1edbi m\u1ecdi ng\u01b0\u1eddi.<\/p>\n<p><strong>An to\u00e0n d\u1ec5 ti\u1ebfp c\u1eadn<\/strong>: : Tr\u00f2 ch\u01a1i y\u00eau c\u1ea7u ng\u01b0\u1eddi ch\u01a1i m\u1eb7c \u00e1o phao v\u00e0 tu\u00e2n th\u1ee7 quy \u0111\u1ecbnh an to\u00e0n, \u0111\u1ea3m b\u1ea3o tr\u1ea3i nghi\u1ec7m an to\u00e0n cho t\u1ea5t c\u1ea3, k\u1ec3 c\u1ea3 nh\u1eefng ng\u01b0\u1eddi l\u1ea7n \u0111\u1ea7u tham gia.<\/p>\n<h2><span class=\"ez-toc-section\" id=\"Gia_Cano_keo_phao_chuoi_Nha_Trang\"><\/span>Gi\u00e1 Cano k\u00e9o phao chu\u1ed1i Nha Trang<span class=\"ez-toc-section-end\"><\/span><\/h2>\n<p>Gi\u00e1 v\u00e9 cho tr\u00f2 ch\u01a1i cano k\u00e9o phao chu\u1ed1i t\u1ea1i Nha Trang dao \u0111\u1ed9ng t\u1eeb 1.200.000 VN\u0110 \u0111\u1ebfn 1.500.000 VN\u0110 cho m\u1ed9t l\u01b0\u1ee3t ch\u01a1i t\u1eeb 5 \u0111\u1ebfn 6 ng\u01b0\u1eddi. C\u1ee5 th\u1ec3, \u1edf khu du l\u1ecbch H\u00f2n T\u1eb1m, gi\u00e1 kho\u1ea3ng 1.200.0000 VN\u0110 cho m\u1ed9t l\u01b0\u1ee3t (kho\u1ea3ng 240.000 VN\u0110 m\u1ed7i ng\u01b0\u1eddi). Th\u1eddi gian ch\u01a1i th\u01b0\u1eddng k\u00e9o d\u00e0i kho\u1ea3ng 10 ph\u00fat v\u1edbi t\u1ed1c \u0111\u1ed9 t\u1eeb 50 \u0111\u1ebfn 80 km\/h.<\/p>\n<p>Vi\u1ec7c tr\u1ea3i nghi\u1ec7m c\u01b0\u1ee1i phao chu\u1ed1i \u1edf Nha Trang r\u1ea5t thu\u1eadn ti\u1ec7n \u2013 b\u1ea1n c\u00f3 th\u1ec3 t\u00ecm th\u1ea5y d\u1ecbch v\u1ee5 n\u00e0y t\u1ea1i h\u1ea7u h\u1ebft c\u00e1c b\u00e3i bi\u1ec3n l\u1edbn, khu du l\u1ecbch \u0111\u1ea3o (nh\u01b0 <a href=\"https:\/\/hontamnhatrang.com\/\" rel=\"noopener\">\u0425\u043e\u043d \u0422\u0430\u043c<\/a>, VinWonders) ho\u1eb7c c\u00e1c resort ven bi\u1ec3n.<\/p>\n<p>C\u00e1ch thu\u00ea: B\u1ea1n ch\u1ec9 c\u1ea7n \u0111\u0103ng k\u00fd tr\u1ef1c ti\u1ebfp t\u1ea1i c\u00e1c qu\u1ea7y d\u1ecbch v\u1ee5 tr\u00f2 ch\u01a1i d\u01b0\u1edbi n\u01b0\u1edbc \u1edf b\u00e3i bi\u1ec3n ho\u1eb7c mua v\u00e9 th\u00f4ng qua c\u00e1c c\u00f4ng ty du l\u1ecbch.<\/p>\n<p>L\u01b0u \u00fd: Tr\u01b0\u1edbc khi ra kh\u01a1i, b\u1ea1n lu\u00f4n \u0111\u01b0\u1ee3c trang b\u1ecb \u00e1o phao v\u00e0 \u0111\u01b0\u1ee3c h\u01b0\u1edbng d\u1eabn chi ti\u1ebft v\u1ec1 c\u00e1ch b\u00e1m phao an to\u00e0n \u0111\u1ec3 s\u1eb5n s\u00e0ng cho chuy\u1ebfn \u0111i \u0111\u1ea7y t\u1ed1c \u0111\u1ed9.<\/p>\n<p>&gt;&gt;&gt; <a href=\"https:\/\/tourdaonhatrang.com\/ru\/%d0%ba%d0%b0%d0%bd%d0%be%d1%8d-%d0%b2-%d0%b7%d0%b0%d0%bb%d0%b8%d0%b2-%d0%bd%d1%8f%d1%87%d0%b0%d0%bd%d0%b3\/\">Cano k\u00e9o d\u00f9 bay Nha Trang<\/a><\/p>","protected":false},"excerpt":{"rendered":"<h3 class=\"product-title product_title entry-title\"><span style=\"color: #0000ff; font-size: 100%;\">\u0411\u0430\u043d\u0430\u043d\u043e\u0432\u0430\u044f \u043b\u043e\u0434\u043a\u0430: 1 200 000 \u0434\u043e\u043d\u0433\u043e\u0432\/10 \u043c\u0438\u043d\u0443\u0442\/5 \u0447\u0435\u043b\u043e\u0432\u0435\u043a<\/span><\/h3>\n<p><img loading=\"lazy\" decoding=\"async\" class=\"size-full wp-image-40046 alignnone\" src=\"https:\/\/tourdaonhatrang.com\/wp-content\/uploads\/2023\/01\/phieu-khuyen-mai-thanh-toan-ngay.png\" alt=\"\" width=\"420\" height=\"180\" srcset=\"https:\/\/tourdaonhatrang.com\/wp-content\/uploads\/2023\/01\/phieu-khuyen-mai-thanh-toan-ngay.png 420w, https:\/\/tourdaonhatrang.com\/wp-content\/uploads\/2023\/01\/phieu-khuyen-mai-thanh-toan-ngay-300x129.png 300w, https:\/\/tourdaonhatrang.com\/wp-content\/uploads\/2023\/01\/phieu-khuyen-mai-thanh-toan-ngay-18x8.png 18w, https:\/\/tourdaonhatrang.com\/wp-content\/uploads\/2023\/01\/phieu-khuyen-mai-thanh-toan-ngay-400x171.png 400w\" sizes=\"auto, (max-width: 420px) 100vw, 420px\" \/><\/p>\n<ul>\n<li data-start=\"3403\" data-end=\"3429\">\u0421\u043f\u0430\u0441\u0430\u0442\u0435\u043b\u044c\u043d\u044b\u0439 \u0436\u0438\u043b\u0435\u0442<\/li>\n<li data-start=\"3403\" data-end=\"3429\">\u041d\u043e\u0432\u043e\u0435 \u043a\u0430\u043d\u043e\u044d<\/li>\n<li data-start=\"3445\" data-end=\"3468\">\u0411\u0430\u043d\u0430\u043d\u043e\u0432\u044b\u0439 \u043f\u043e\u043f\u043b\u0430\u0432\u043e\u043a<\/li>\n<li data-start=\"3471\" data-end=\"3489\">\u0421\u0442\u0440\u0430\u0445\u043e\u0432\u0430\u043d\u0438\u0435 \u0443\u0441\u043b\u0443\u0433<\/li>\n<li data-start=\"3471\" data-end=\"3489\"><span style=\"color: #333333;\">\u0413\u043e\u0440\u044f\u0447\u0430\u044f \u043b\u0438\u043d\u0438\u044f: <\/span><a href=\"tel:0849256256\">0849 256 256<\/a><\/li>\n<li><span style=\"color: #0000ff;\">\u041f\u0440\u0435\u0434\u043b\u043e\u0436\u0435\u043d\u0438\u0435 \u043f\u043e \u043e\u043f\u043b\u0430\u0442\u0435 10%<\/span><\/li>\n<li>\u0423\u0441\u043b\u0443\u0433\u0438 \u043d\u0430 \u043e\u0441\u0442\u0440\u043e\u0432\u0435 \u0425\u043e\u043d \u0422\u0430\u043c<\/li>\n<\/ul>\n<div class=\"hJDwNd-AhqUyc-qWD73c purZT-AhqUyc-II5mzb pSzOP-AhqUyc-qWD73c JNdkSc\">\n<div class=\"JNdkSc-SmKAyb\">\n<div class=\"\">\n<div class=\"oKdM2c Kzv0Me\">\n<div class=\"hJDwNd-AhqUyc-qWD73c purZT-AhqUyc-II5mzb pSzOP-AhqUyc-qWD73c JNdkSc\">\n<div class=\"JNdkSc-SmKAyb\">\n<div class=\"\">\n<div class=\"oKdM2c Kzv0Me\">\n<div id=\"h.f128f2fe5256b73_1433\" class=\"hJDwNd-AhqUyc-qWD73c jXK9ad D2fZ2 OjCsFc wHaque GNzUNc\">\n<div class=\"jXK9ad-SmKAyb\">\n<div class=\"tyJCtd mGzaTb baZpAe\">\n<div class=\"row row-small mua-ngay-button\">\n<div class=\"cot1 medium-6 small-12 large-6\">\n<div class=\"col-inner\"><a class=\"button primary is-large lowercase expand\" style=\"border-radius: 3px;\" href=\"https:\/\/tourdaonhatrang.com\/ru\/%d0%ba%d0%b0%d0%bd%d0%be%d1%8d-%d0%b1%d0%b0%d0%bd%d0%b0%d0%bd%d0%be%d0%b2%d0%b0%d1%8f-%d0%bb%d0%be%d0%b4%d0%ba%d0%b0-%d0%bd%d1%8f%d1%87%d0%b0%d0%bd%d0%b3\/\">\u041f\u043e\u0434\u0440\u043e\u0431\u043d\u043e\u0441\u0442\u0438 \u0441\u043c.<br \/>\n<\/a><\/div>\n<\/div>\n<div class=\"cot2 medium-6 small-12 large-6\">\n<div class=\"col-inner\"><a class=\"button success is-large lowercase expand\" style=\"border-radius: 3px;\" href=\"https:\/\/tourdaonhatrang.com\/ru\/%d0%bf%d0%bb%d1%8f%d0%b6-%d1%85%d0%be%d0%bd-%d1%82%d0%b0%d0%bc\/#the-thao-bien-hon-tam\" target=\"_self\" rel=\"noopener\"><span style=\"vertical-align: inherit;\">\ud83d\uded2 \u0411\u0440\u043e\u043d\u0438\u0440\u0443\u0439\u0442\u0435 \u0431\u0438\u043b\u0435\u0442\u044b \u0431\u044b\u0441\u0442\u0440\u043e<\/span><\/a><\/div>\n<\/div>\n<\/div>\n<\/div>\n<\/div>\n<\/div>\n<\/div>\n<\/div>\n<\/div>\n<\/div>\n<\/div>\n<\/div>\n<\/div>\n<\/div>","protected":false},"featured_media":38318,"comment_status":"open","ping_status":"closed","template":"","meta":[],"product_brand":[],"product_cat":[739],"product_tag":[742,740,741],"class_list":{"0":"post-37536","1":"product","2":"type-product","3":"status-publish","4":"has-post-thumbnail","6":"product_cat-the-thao-bien-nha-trang","7":"product_tag-bay-du-dao-hon-tam-gia-bao-nhieu","8":"product_tag-cano-keo-du-bay-nha-trang","9":"product_tag-parasailing-nha-trang","11":"first","12":"instock","13":"shipping-taxable","14":"product-type-simple"},"_links":{"self":[{"href":"https:\/\/tourdaonhatrang.com\/ru\/wp-json\/wp\/v2\/product\/37536","targetHints":{"allow":["GET"]}}],"collection":[{"href":"https:\/\/tourdaonhatrang.com\/ru\/wp-json\/wp\/v2\/product"}],"about":[{"href":"https:\/\/tourdaonhatrang.com\/ru\/wp-json\/wp\/v2\/types\/product"}],"replies":[{"embeddable":true,"href":"https:\/\/tourdaonhatrang.com\/ru\/wp-json\/wp\/v2\/comments?post=37536"}],"wp:featuredmedia":[{"embeddable":true,"href":"https:\/\/tourdaonhatrang.com\/ru\/wp-json\/wp\/v2\/media\/38318"}],"wp:attachment":[{"href":"https:\/\/tourdaonhatrang.com\/ru\/wp-json\/wp\/v2\/media?parent=37536"}],"wp:term":[{"taxonomy":"product_brand","embeddable":true,"href":"https:\/\/tourdaonhatrang.com\/ru\/wp-json\/wp\/v2\/product_brand?post=37536"},{"taxonomy":"product_cat","embeddable":true,"href":"https:\/\/tourdaonhatrang.com\/ru\/wp-json\/wp\/v2\/product_cat?post=37536"},{"taxonomy":"product_tag","embeddable":true,"href":"https:\/\/tourdaonhatrang.com\/ru\/wp-json\/wp\/v2\/product_tag?post=37536"}],"curies":[{"name":"wp","href":"https:\/\/api.w.org\/{rel}","templated":true}]}}