{"id":38328,"date":"2023-01-21T14:09:07","date_gmt":"2023-01-21T07:09:07","guid":{"rendered":"https:\/\/tourdaonhatrang.com\/?post_type=product&#038;p=38328"},"modified":"2026-03-14T07:47:08","modified_gmt":"2026-03-14T00:47:08","slug":"trai-nghiem-phao-bay-flying-banana-boat","status":"publish","type":"product","link":"https:\/\/tourdaonhatrang.com\/ru\/trai-nghiem-phao-bay-flying-banana-boat\/","title":{"rendered":"Phao Bay (Flying Banana Boat)"},"content":{"rendered":"<p><span style=\"font-weight: 400;\">N\u1ebfu b\u1ea1n \u0111\u00e3 quen thu\u1ed9c v\u1edbi Phao Chu\u1ed1i truy\u1ec1n th\u1ed1ng, h\u00e3y n\u00e2ng c\u1ea5p tr\u1ea3i nghi\u1ec7m c\u1ee7a m\u00ecnh v\u1edbi <\/span><b>Phao Bay<\/b><span style=\"font-weight: 400;\">\u00a0(Flying Banana Boat) \u2013 m\u1ed9t phi\u00ean b\u1ea3n n\u00e2ng c\u1ea5p mang l\u1ea1i c\u1ea3m gi\u00e1c m\u1ea1nh v\u00e0 \u0111\u1ed9c \u0111\u00e1o h\u01a1n. <\/span><\/p>\n<p><span style=\"font-weight: 400;\">Kh\u00e1c bi\u1ec7t v\u1edbi Phao Chu\u1ed1i ch\u1ec9 l\u01b0\u1edbt tr\u00ean m\u1eb7t n\u01b0\u1edbc, <strong>Flying<\/strong><\/span><b>\u00a0Banana Boat Nha Trang<\/b><span style=\"font-weight: 400;\"> \u0111\u01b0\u1ee3c thi\u1ebft k\u1ebf \u0111\u1eb7c bi\u1ec7t \u0111\u1ec3 c\u00f3 th\u1ec3 bay v\u1ecdt l\u00ean kh\u00f4ng trung (kho\u1ea3ng 1-2 m\u00e9t) khi cano cao t\u1ed1c k\u00e9o qua nh\u1eefng con s\u00f3ng l\u1edbn, t\u1ea1o ra nh\u1eefng c\u00fa nh\u00e0o l\u1ed9n b\u1ea5t ng\u1edd v\u00e0 \u0111\u1ea7y k\u1ecbch t\u00ednh. \u0110\u00e2y l\u00e0 l\u1ef1a ch\u1ecdn ho\u00e0n h\u1ea3o cho nh\u00f3m b\u1ea1n ho\u1eb7c gia \u0111\u00ecnh mu\u1ed1n t\u00ecm ki\u1ebfm ti\u1ebfng c\u01b0\u1eddi v\u00e0 s\u1ef1 h\u1ee9ng kh\u1edfi t\u1eadp th\u1ec3 t\u1ed9t \u0111\u1ed9.<\/span><\/p>\n<div id=\"ez-toc-container\" class=\"ez-toc-v2_0_82_2 counter-hierarchy ez-toc-counter ez-toc-grey ez-toc-container-direction\">\n<div class=\"ez-toc-title-container\">\n<p class=\"ez-toc-title\" style=\"cursor:inherit\">\u0421\u043e\u0434\u0435\u0440\u0436\u0430\u043d\u0438\u0435<\/p>\n<span class=\"ez-toc-title-toggle\"><a href=\"#\" class=\"ez-toc-pull-right ez-toc-btn ez-toc-btn-xs ez-toc-btn-default ez-toc-toggle\" aria-label=\"Toggle Table of Content\"><span class=\"ez-toc-js-icon-con\"><span class=\"\"><span class=\"eztoc-hide\" style=\"display:none;\">\u041f\u0435\u0440\u0435\u043a\u043b\u044e\u0447\u0430\u0442\u044c<\/span><span class=\"ez-toc-icon-toggle-span\"><svg style=\"fill: #999;color:#999\" xmlns=\"http:\/\/www.w3.org\/2000\/svg\" class=\"list-377408\" width=\"20px\" height=\"20px\" viewbox=\"0 0 24 24\" fill=\"none\"><path d=\"M6 6H4v2h2V6zm14 0H8v2h12V6zM4 11h2v2H4v-2zm16 0H8v2h12v-2zM4 16h2v2H4v-2zm16 0H8v2h12v-2z\" fill=\"currentColor\"><\/path><\/svg><svg style=\"fill: #999;color:#999\" class=\"arrow-unsorted-368013\" xmlns=\"http:\/\/www.w3.org\/2000\/svg\" width=\"10px\" height=\"10px\" viewbox=\"0 0 24 24\" version=\"1.2\" baseprofile=\"tiny\"><path d=\"M18.2 9.3l-6.2-6.3-6.2 6.3c-.2.2-.3.4-.3.7s.1.5.3.7c.2.2.4.3.7.3h11c.3 0 .5-.1.7-.3.2-.2.3-.5.3-.7s-.1-.5-.3-.7zM5.8 14.7l6.2 6.3 6.2-6.3c.2-.2.3-.5.3-.7s-.1-.5-.3-.7c-.2-.2-.4-.3-.7-.3h-11c-.3 0-.5.1-.7.3-.2.2-.3.5-.3.7s.1.5.3.7z\"\/><\/svg><\/span><\/span><\/span><\/a><\/span><\/div>\n<nav><ul class='ez-toc-list ez-toc-list-level-1' ><li class='ez-toc-page-1 ez-toc-heading-level-2'><a class=\"ez-toc-link ez-toc-heading-1\" href=\"https:\/\/tourdaonhatrang.com\/ru\/trai-nghiem-phao-bay-flying-banana-boat\/#Phao_Bay_Flying_Banana_Boat_choi_nhu_the_nao\" >Phao Bay (Flying Banana Boat) ch\u01a1i nh\u01b0 th\u1ebf n\u00e0o?<\/a><\/li><li class='ez-toc-page-1 ez-toc-heading-level-2'><a class=\"ez-toc-link ez-toc-heading-2\" href=\"https:\/\/tourdaonhatrang.com\/ru\/trai-nghiem-phao-bay-flying-banana-boat\/#Phao_Bay_Flying_Banana_Boat_co_gi_hap_dan\" >Phao Bay (Flying Banana Boat) c\u00f3 g\u00ec h\u1ea5p d\u1eabn?<\/a><\/li><li class='ez-toc-page-1 ez-toc-heading-level-2'><a class=\"ez-toc-link ez-toc-heading-3\" href=\"https:\/\/tourdaonhatrang.com\/ru\/trai-nghiem-phao-bay-flying-banana-boat\/#Gia_Phao_bay_Flying_Banana_Boat_tai_Vinh_Nha_Trang\" >Gi\u00e1 Phao bay (Flying Banana Boat) t\u1ea1i V\u1ecbnh Nha Trang<\/a><\/li><\/ul><\/nav><\/div>\n<h2><span class=\"ez-toc-section\" id=\"Phao_Bay_Flying_Banana_Boat_choi_nhu_the_nao\"><\/span>Phao Bay (Flying Banana Boat) ch\u01a1i nh\u01b0 th\u1ebf n\u00e0o?<span class=\"ez-toc-section-end\"><\/span><\/h2>\n<p>Tr\u00f2 ch\u01a1i <b>Phao Bay <\/b>(Flying Banana Boat) l\u00e0 ho\u1ea1t \u0111\u1ed9ng \u0111\u1ed3ng \u0111\u1ed9i tr\u00ean bi\u1ec3n c\u1ef1c k\u1ef3 h\u1ea5p d\u1eabn, b\u1eaft \u0111\u1ea7u v\u1edbi giai \u0111o\u1ea1n <b>chu\u1ea9n b\u1ecb an to\u00e0n<\/b> v\u00e0 \u1ed5n \u0111\u1ecbnh. Ng\u01b0\u1eddi ch\u01a1i (th\u01b0\u1eddng 3-5 ng\u01b0\u1eddi) s\u1ebd \u0111\u01b0\u1ee3c trang b\u1ecb <b>\u00e1o phao c\u1ee9u h\u1ed9<\/b>, sau \u0111\u00f3 \u0111\u01b0\u1ee3c h\u01b0\u1edbng d\u1eabn ng\u1ed3i v\u00e0o c\u00e1c v\u1ecb tr\u00ed c\u1ed1 \u0111\u1ecbnh tr\u00ean chi\u1ebfc phao l\u1edbn v\u00e0 th\u1eaft ch\u1eb7t c\u00e1c d\u00e2y \u0111ai an to\u00e0n n\u1ed1i v\u1edbi d\u00e2y c\u00e1p k\u00e9o. Vi\u1ec7c l\u1eafng nghe k\u1ef9 c\u00e1c ch\u1ec9 d\u1eabn t\u1eeb hu\u1ea5n luy\u1ec7n vi\u00ean l\u00e0 b\u01b0\u1edbc \u0111\u1ea7u ti\u00ean v\u00e0 quan tr\u1ecdng nh\u1ea5t \u0111\u1ec3 \u0111\u1ea3m b\u1ea3o an to\u00e0n tuy\u1ec7t \u0111\u1ed1i.<\/p>\n<p>Sau khi chu\u1ea9n b\u1ecb xong, giai \u0111o\u1ea1n <b>c\u1ea5t c\u00e1nh v\u00e0 bay l\u01b0\u1ee3n<\/b> s\u1ebd mang l\u1ea1i c\u1ea3m gi\u00e1c ph\u1ea5n kh\u00edch t\u1ed9t \u0111\u1ed9. Chi\u1ebfc phao \u0111\u01b0\u1ee3c k\u1ebft n\u1ed1i v\u1edbi m\u1ed9t chi\u1ebfc ca n\u00f4 t\u1ed1c \u0111\u1ed9 cao. Khi ca n\u00f4 t\u0103ng t\u1ed1c \u0111\u1ed9t ng\u1ed9t, l\u1ef1c k\u00e9o m\u1ea1nh k\u1ebft h\u1ee3p v\u1edbi l\u1ef1c c\u1ea3n c\u1ee7a gi\u00f3 s\u1ebd khi\u1ebfn chi\u1ebfc phao kh\u1ed5ng l\u1ed3 <b>nhanh ch\u00f3ng bay v\u00fat l\u00ean kh\u00f4ng trung<\/b>, \u0111\u01b0a ng\u01b0\u1eddi ch\u01a1i l\u01a1 l\u1eedng tr\u00ean m\u1eb7t bi\u1ec3n \u1edf \u0111\u1ed9 cao l\u00fd t\u01b0\u1edfng. L\u00fac n\u00e0y, b\u1ea1n ch\u1ec9 c\u1ea7n gi\u1eef ch\u1eb7t tay n\u1eafm, th\u1ea3 l\u1ecfng c\u01a1 th\u1ec3 v\u00e0 t\u1eadn h\u01b0\u1edfng c\u1ea3m gi\u00e1c bay l\u01b0\u1ee3n t\u1ef1 do, c\u00f9ng nhau ng\u1eafm nh\u00ecn to\u00e0n c\u1ea3nh \u0111\u1ea1i d\u01b0\u01a1ng t\u1eeb tr\u00ean cao.<\/p>\n<p>Cu\u1ed1i c\u00f9ng, <b>qu\u00e1 tr\u00ecnh h\u1ea1 c\u00e1nh<\/b> \u0111\u01b0\u1ee3c th\u1ef1c hi\u1ec7n nh\u1eb9 nh\u00e0ng v\u00e0 an to\u00e0n. Khi l\u01b0\u1ee3t ch\u01a1i k\u1ebft th\u00fac (th\u01b0\u1eddng k\u00e9o d\u00e0i kho\u1ea3ng 10-15 ph\u00fat), ng\u01b0\u1eddi \u0111i\u1ec1u khi\u1ec3n ca n\u00f4 s\u1ebd t\u1eeb t\u1eeb gi\u1ea3m t\u1ed1c \u0111\u1ed9, khi\u1ebfn chi\u1ebfc phao h\u1ea1 d\u1ea7n \u0111\u1ed9 cao v\u00e0 ti\u1ebfp n\u01b0\u1edbc m\u1ed9t c\u00e1ch \u00eam \u00e1i, k\u1ebft th\u00fac m\u1ed9t chuy\u1ebfn phi\u00eau l\u01b0u tr\u00ean kh\u00f4ng \u0111\u1ea7y \u0111\u00e1ng nh\u1edb.<\/p>\n<p><img loading=\"lazy\" decoding=\"async\" class=\"wp-image-38332 size-large alignnone\" src=\"https:\/\/tourdaonhatrang.com\/wp-content\/uploads\/2025\/11\/Phao-chuoi-bay-3_Hon-Tam-1024x683.png\" alt=\"phao bay\" width=\"1020\" height=\"680\" title=\"\" srcset=\"https:\/\/tourdaonhatrang.com\/wp-content\/uploads\/2025\/11\/Phao-chuoi-bay-3_Hon-Tam-1024x683.png 1024w, https:\/\/tourdaonhatrang.com\/wp-content\/uploads\/2025\/11\/Phao-chuoi-bay-3_Hon-Tam-300x200.png 300w, https:\/\/tourdaonhatrang.com\/wp-content\/uploads\/2025\/11\/Phao-chuoi-bay-3_Hon-Tam-768x512.png 768w, https:\/\/tourdaonhatrang.com\/wp-content\/uploads\/2025\/11\/Phao-chuoi-bay-3_Hon-Tam-18x12.png 18w, https:\/\/tourdaonhatrang.com\/wp-content\/uploads\/2025\/11\/Phao-chuoi-bay-3_Hon-Tam-400x267.png 400w, https:\/\/tourdaonhatrang.com\/wp-content\/uploads\/2025\/11\/Phao-chuoi-bay-3_Hon-Tam-600x400.png 600w, https:\/\/tourdaonhatrang.com\/wp-content\/uploads\/2025\/11\/Phao-chuoi-bay-3_Hon-Tam.png 1140w\" sizes=\"auto, (max-width: 1020px) 100vw, 1020px\" \/><\/p>\n<h2><span class=\"ez-toc-section\" id=\"Phao_Bay_Flying_Banana_Boat_co_gi_hap_dan\"><\/span>Phao Bay (Flying Banana Boat) c\u00f3 g\u00ec h\u1ea5p d\u1eabn?<span class=\"ez-toc-section-end\"><\/span><\/h2>\n<ul>\n<li><b>Tr\u1ea3i nghi\u1ec7m t\u1eadp th\u1ec3 vui nh\u1ed9n:<\/b> Kh\u00f4ng gi\u1ed1ng c\u00e1c tr\u00f2 ch\u01a1i c\u00e1 nh\u00e2n, Phao Bay cho ph\u00e9p 6<b>\u00a0ng\u01b0\u1eddi<\/b> c\u00f9ng tham gia m\u1ed9t l\u00fac, t\u1ea1o n\u00ean nh\u1eefng kho\u1ea3nh kh\u1eafc c\u01b0\u1eddi s\u1ea3ng kho\u00e1i v\u00e0 g\u1eafn k\u1ebft \u0111\u1ed3ng \u0111\u1ed9i kh\u00f4ng th\u1ec3 n\u00e0o qu\u00ean.<\/li>\n<li><b>C\u1ea3m gi\u00e1c &#8220;c\u1ea5t c\u00e1nh&#8221; b\u1ea5t ng\u1edd:<\/b> Khi thuy\u1ec1n k\u00e9o t\u0103ng t\u1ed1c, chi\u1ebfc phao kh\u1ed5ng l\u1ed3 s\u1ebd t\u1eeb t\u1eeb <b>bay l\u00ean kh\u00f4ng trung<\/b>, \u0111\u01b0a b\u1ea1n l\u00ean \u0111\u1ed9 cao l\u00fd t\u01b0\u1edfng \u0111\u1ec3 ng\u1eafm nh\u00ecn to\u00e0n c\u1ea3nh b\u00e3i bi\u1ec3n t\u1eeb tr\u00ean cao. C\u1ea3m gi\u00e1c l\u01a1 l\u1eedng, bay l\u01b0\u1ee3n tr\u00ean m\u1eb7t n\u01b0\u1edbc c\u1ef1c k\u1ef3 <b>th\u01b0 gi\u00e3n<\/b> nh\u01b0ng c\u0169ng \u0111\u1ea7y <b>k\u1ecbch t\u00ednh<\/b> khi phao nh\u00fan nh\u1ea3y theo gi\u00f3!<\/li>\n<li><b>An to\u00e0n v\u00e0 d\u1ec5 d\u00e0ng:<\/b> Ho\u1ea1t \u0111\u1ed9ng n\u00e0y <b>kh\u00f4ng \u0111\u00f2i h\u1ecfi k\u1ef9 n\u0103ng<\/b> \u0111\u1eb7c bi\u1ec7t. B\u1ea1n ch\u1ec9 c\u1ea7n ng\u1ed3i ch\u1eafc ch\u1eafn v\u00e0 t\u1eadn h\u01b0\u1edfng. Lu\u00f4n c\u00f3 \u00e1o phao, d\u00e2y v\u1ecbn ch\u1eafc ch\u1eafn v\u00e0 thuy\u1ec1n k\u00e9o chuy\u00ean nghi\u1ec7p \u0111i\u1ec1u khi\u1ec3n.<\/li>\n<\/ul>\n<h2><span class=\"ez-toc-section\" id=\"Gia_Phao_bay_Flying_Banana_Boat_tai_Vinh_Nha_Trang\"><\/span>Gi\u00e1 Phao bay (Flying Banana Boat) t\u1ea1i V\u1ecbnh Nha Trang<span class=\"ez-toc-section-end\"><\/span><\/h2>\n<p><span style=\"font-weight: 400;\">Ch\u1ec9 v\u1edbi <\/span><b>1.300.000 VN\u0110<\/b><span style=\"font-weight: 400;\"> cho <\/span><b>10 ph\u00fat<\/b><span style=\"font-weight: 400;\"> s\u1ea3ng kho\u00e1i v\u1edbi <strong>5 ng\u01b0\u1eddi ch\u01a1i<\/strong>, <\/span><b>gi\u00e1 Phao Bay H\u00f2n T\u1eb1m<\/b><span style=\"font-weight: 400;\"> l\u00e0 m\u1ee9c \u0111\u1ea7u t\u01b0 x\u1ee9ng \u0111\u00e1ng cho nh\u1eefng ph\u00fat gi\u00e2y vui v\u1ebb kh\u00f4ng gi\u1edbi h\u1ea1n.<\/span><\/p>\n<p>Vi\u1ec7c tr\u1ea3i nghi\u1ec7m Phao bay (Fly Banana Boat) \u1edf Nha Trang r\u1ea5t thu\u1eadn ti\u1ec7n \u2013 b\u1ea1n c\u00f3 th\u1ec3 t\u00ecm th\u1ea5y d\u1ecbch v\u1ee5 n\u00e0y t\u1ea1i h\u1ea7u h\u1ebft c\u00e1c b\u00e3i bi\u1ec3n l\u1edbn, khu du l\u1ecbch \u0111\u1ea3o (nh\u01b0 <a href=\"https:\/\/hontamnhatrang.com\/\" rel=\"noopener\">\u0425\u043e\u043d \u0422\u0430\u043c<\/a>, VinWonders) ho\u1eb7c c\u00e1c resort ven bi\u1ec3n.<\/p>\n<p><strong>C\u00e1ch thu\u00ea:<\/strong> B\u1ea1n ch\u1ec9 c\u1ea7n \u0111\u0103ng k\u00fd tr\u1ef1c ti\u1ebfp t\u1ea1i c\u00e1c qu\u1ea7y d\u1ecbch v\u1ee5 tr\u00f2 ch\u01a1i d\u01b0\u1edbi n\u01b0\u1edbc \u1edf b\u00e3i bi\u1ec3n ho\u1eb7c mua v\u00e9 th\u00f4ng qua c\u00e1c c\u00f4ng ty du l\u1ecbch.<\/p>\n<p><strong>\u041f\u0440\u0438\u043c\u0435\u0447\u0430\u043d\u0438\u0435: <\/strong><span style=\"font-weight: 400;\">Tr\u01b0\u1edbc khi tham gia, du kh\u00e1ch s\u1ebd \u0111\u01b0\u1ee3c m\u1eb7c \u00e1o phao v\u00e0 nh\u1eadn h\u01b0\u1edbng d\u1eabn k\u1ef9 l\u01b0\u1ee1ng t\u1eeb \u0111\u1ed9i ng\u0169 c\u1ee9u h\u1ed9. D\u00f9 tr\u00f2 ch\u01a1i mang t\u00ednh m\u1ea1o hi\u1ec3m, nh\u01b0ng s\u1ef1 gi\u00e1m s\u00e1t chuy\u00ean nghi\u1ec7p s\u1ebd gi\u00fap b\u1ea1n y\u00ean t\u00e2m ho\u00e0n to\u00e0n \u0111\u1ec3 t\u1eadn h\u01b0\u1edfng tr\u1ecdn v\u1eb9n c\u1ea3m gi\u00e1c bay l\u01b0\u1ee3n, r\u01a1i t\u1ef1 do v\u00e0 l\u01b0\u1edbt tr\u00ean m\u1eb7t s\u00f3ng. <\/span><\/p>\n<p><span style=\"font-weight: 400;\">\u0110\u1eebng b\u1ecf l\u1ee1 c\u01a1 h\u1ed9i ghi l\u1ea1i nh\u1eefng kho\u1ea3nh kh\u1eafc m\u1ecdi ng\u01b0\u1eddi c\u00f9ng nhau &#8220;h\u1ea1 c\u00e1nh&#8221; xu\u1ed1ng bi\u1ec3n trong ti\u1ebfng reo h\u00f2 s\u1ea3ng kho\u00e1i. H\u00e3y <\/span><b>\u0111\u1eb7t Phao Bay H\u00f2n T\u1eb1m<\/b><span style=\"font-weight: 400;\"> ngay h\u00f4m nay \u0111\u1ec3 bi\u1ebfn chuy\u1ebfn du l\u1ecbch Nha Trang c\u1ee7a nh\u00f3m b\u1ea1n tr\u1edf n\u00ean s\u00f4i \u0111\u1ed9ng v\u00e0 \u0111\u00e1ng nh\u1edb h\u01a1n bao gi\u1edd h\u1ebft!<\/span><\/p>\n<p>Xem th\u00eam c\u00e1c tr\u00f2 ch\u01a1i th\u1ec3 thao bi\u1ec3n kh\u00e1c <a href=\"https:\/\/tourdaonhatrang.com\/ru\/%d0%bf%d0%bb%d1%8f%d0%b6-%d1%85%d0%be%d0%bd-%d1%82%d0%b0%d0%bc\/\">\u0437\u0434\u0435\u0441\u044c<\/a><\/p>\n<p>&gt;&gt;&gt; <a href=\"https:\/\/tourdaonhatrang.com\/ru\/%d0%ba%d0%b0%d0%bd%d0%be%d1%8d-%d0%b2-%d0%b7%d0%b0%d0%bb%d0%b8%d0%b2-%d0%bd%d1%8f%d1%87%d0%b0%d0%bd%d0%b3\/\">Cano k\u00e9o d\u00f9 bay Nha Trang<\/a><\/p>","protected":false},"excerpt":{"rendered":"<h3><span style=\"color: #0000ff; font-size: 100%;\">Phao bay 1.400.000 VN\u0110\/ 6 ng\u01b0\u1eddi\/ 10 ph\u00fat<\/span><\/h3>\n<p><img loading=\"lazy\" decoding=\"async\" class=\"size-full wp-image-40046 alignnone\" src=\"https:\/\/tourdaonhatrang.com\/wp-content\/uploads\/2023\/01\/phieu-khuyen-mai-thanh-toan-ngay.png\" alt=\"\" width=\"420\" height=\"180\" srcset=\"https:\/\/tourdaonhatrang.com\/wp-content\/uploads\/2023\/01\/phieu-khuyen-mai-thanh-toan-ngay.png 420w, https:\/\/tourdaonhatrang.com\/wp-content\/uploads\/2023\/01\/phieu-khuyen-mai-thanh-toan-ngay-300x129.png 300w, https:\/\/tourdaonhatrang.com\/wp-content\/uploads\/2023\/01\/phieu-khuyen-mai-thanh-toan-ngay-18x8.png 18w, https:\/\/tourdaonhatrang.com\/wp-content\/uploads\/2023\/01\/phieu-khuyen-mai-thanh-toan-ngay-400x171.png 400w\" sizes=\"auto, (max-width: 420px) 100vw, 420px\" \/><\/p>\n<ul>\n<li data-start=\"3403\" data-end=\"3429\">\u0421\u043f\u0430\u0441\u0430\u0442\u0435\u043b\u044c\u043d\u044b\u0439 \u0436\u0438\u043b\u0435\u0442<\/li>\n<li data-start=\"3403\" data-end=\"3429\">\u041d\u043e\u0432\u043e\u0435 \u043a\u0430\u043d\u043e\u044d<\/li>\n<li data-start=\"3445\" data-end=\"3468\">Phao bay<\/li>\n<li class=\"product-title product_title entry-title\">\u0421\u0442\u0440\u0430\u0445\u043e\u0432\u0430\u043d\u0438\u0435 \u0443\u0441\u043b\u0443\u0433<\/li>\n<li class=\"product-title product_title entry-title\">\u0413\u043e\u0440\u044f\u0447\u0430\u044f \u043b\u0438\u043d\u0438\u044f:\u00a0<a href=\"tel:0849256256\">0849 256 256<\/a><\/li>\n<li class=\"product-title product_title entry-title\">\u041f\u0440\u0435\u0434\u043b\u043e\u0436\u0435\u043d\u0438\u0435 \u043f\u043e \u043e\u043f\u043b\u0430\u0442\u0435 10%<\/li>\n<li class=\"product-title product_title entry-title\">\u0423\u0441\u043b\u0443\u0433\u0438 \u043d\u0430 \u043e\u0441\u0442\u0440\u043e\u0432\u0435 \u0425\u043e\u043d \u0422\u0430\u043c<\/li>\n<li style=\"list-style-type: none;\"><\/li>\n<\/ul>\n<div class=\"hJDwNd-AhqUyc-qWD73c purZT-AhqUyc-II5mzb pSzOP-AhqUyc-qWD73c JNdkSc\">\n<div class=\"JNdkSc-SmKAyb\">\n<div class=\"\">\n<div class=\"oKdM2c Kzv0Me\">\n<div class=\"hJDwNd-AhqUyc-qWD73c purZT-AhqUyc-II5mzb pSzOP-AhqUyc-qWD73c JNdkSc\">\n<div class=\"JNdkSc-SmKAyb\">\n<div class=\"\">\n<div class=\"oKdM2c Kzv0Me\">\n<div id=\"h.f128f2fe5256b73_1433\" class=\"hJDwNd-AhqUyc-qWD73c jXK9ad D2fZ2 OjCsFc wHaque GNzUNc\">\n<div class=\"jXK9ad-SmKAyb\">\n<div class=\"tyJCtd mGzaTb baZpAe\">\n<div class=\"row row-small mua-ngay-button\">\n<div class=\"cot1 medium-6 small-12 large-6\">\n<div class=\"col-inner\"><a class=\"button primary is-large lowercase expand\" style=\"border-radius: 3px;\" href=\"https:\/\/tourdaonhatrang.com\/ru\/trai-nghiem-phao-bay-flying-banana-boat\/\">\u041f\u043e\u0434\u0440\u043e\u0431\u043d\u043e\u0441\u0442\u0438 \u0441\u043c.<br \/>\n<\/a><\/div>\n<\/div>\n<div class=\"cot2 medium-6 small-12 large-6\">\n<div class=\"col-inner\"><a class=\"button success is-large lowercase expand\" style=\"border-radius: 3px;\" href=\"https:\/\/tourdaonhatrang.com\/ru\/%d0%bf%d0%bb%d1%8f%d0%b6-%d1%85%d0%be%d0%bd-%d1%82%d0%b0%d0%bc\/#the-thao-bien-hon-tam\" target=\"_self\" rel=\"noopener\"><span style=\"vertical-align: inherit;\">\ud83d\uded2 \u0411\u0440\u043e\u043d\u0438\u0440\u0443\u0439\u0442\u0435 \u0431\u0438\u043b\u0435\u0442\u044b \u0431\u044b\u0441\u0442\u0440\u043e<\/span><\/a><\/div>\n<\/div>\n<\/div>\n<\/div>\n<\/div>\n<\/div>\n<\/div>\n<\/div>\n<\/div>\n<\/div>\n<\/div>\n<\/div>\n<\/div>\n<\/div>","protected":false},"featured_media":38330,"comment_status":"open","ping_status":"closed","template":"","meta":[],"product_brand":[],"product_cat":[739],"product_tag":[751,750],"class_list":{"0":"post-38328","1":"product","2":"type-product","3":"status-publish","4":"has-post-thumbnail","6":"product_cat-the-thao-bien-nha-trang","7":"product_tag-flying-banana-boat","8":"product_tag-phao-bay","10":"first","11":"instock","12":"shipping-taxable","13":"product-type-simple"},"_links":{"self":[{"href":"https:\/\/tourdaonhatrang.com\/ru\/wp-json\/wp\/v2\/product\/38328","targetHints":{"allow":["GET"]}}],"collection":[{"href":"https:\/\/tourdaonhatrang.com\/ru\/wp-json\/wp\/v2\/product"}],"about":[{"href":"https:\/\/tourdaonhatrang.com\/ru\/wp-json\/wp\/v2\/types\/product"}],"replies":[{"embeddable":true,"href":"https:\/\/tourdaonhatrang.com\/ru\/wp-json\/wp\/v2\/comments?post=38328"}],"wp:featuredmedia":[{"embeddable":true,"href":"https:\/\/tourdaonhatrang.com\/ru\/wp-json\/wp\/v2\/media\/38330"}],"wp:attachment":[{"href":"https:\/\/tourdaonhatrang.com\/ru\/wp-json\/wp\/v2\/media?parent=38328"}],"wp:term":[{"taxonomy":"product_brand","embeddable":true,"href":"https:\/\/tourdaonhatrang.com\/ru\/wp-json\/wp\/v2\/product_brand?post=38328"},{"taxonomy":"product_cat","embeddable":true,"href":"https:\/\/tourdaonhatrang.com\/ru\/wp-json\/wp\/v2\/product_cat?post=38328"},{"taxonomy":"product_tag","embeddable":true,"href":"https:\/\/tourdaonhatrang.com\/ru\/wp-json\/wp\/v2\/product_tag?post=38328"}],"curies":[{"name":"wp","href":"https:\/\/api.w.org\/{rel}","templated":true}]}}