{"id":38986,"date":"2022-10-20T07:34:50","date_gmt":"2022-10-20T00:34:50","guid":{"rendered":"https:\/\/tourdaonhatrang.com\/?post_type=product&#038;p=38986"},"modified":"2025-12-08T14:33:08","modified_gmt":"2025-12-08T07:33:08","slug":"review-tam-bun-hon-tam-ve-cano-di-hon-tam","status":"publish","type":"product","link":"https:\/\/tourdaonhatrang.com\/ru\/review-tam-bun-hon-tam-ve-cano-di-hon-tam\/","title":{"rendered":"\u041e\u0431\u0437\u043e\u0440 \u0433\u0440\u044f\u0437\u0435\u0432\u044b\u0445 \u0432\u0430\u043d\u043d \u0432 \u0425\u043e\u043d \u0422\u0430\u043c\u0435 \u2013 \u0411\u0438\u043b\u0435\u0442\u044b \u043d\u0430 \u043a\u0430\u043d\u043e\u044d \u0432 \u0425\u043e\u043d \u0422\u0430\u043c"},"content":{"rendered":"<div id=\"ez-toc-container\" class=\"ez-toc-v2_0_82_2 counter-hierarchy ez-toc-counter ez-toc-grey ez-toc-container-direction\">\n<div class=\"ez-toc-title-container\">\n<p class=\"ez-toc-title\" style=\"cursor:inherit\">\u0421\u043e\u0434\u0435\u0440\u0436\u0430\u043d\u0438\u0435<\/p>\n<span class=\"ez-toc-title-toggle\"><a href=\"#\" class=\"ez-toc-pull-right ez-toc-btn ez-toc-btn-xs ez-toc-btn-default ez-toc-toggle\" aria-label=\"Toggle Table of Content\"><span class=\"ez-toc-js-icon-con\"><span class=\"\"><span class=\"eztoc-hide\" style=\"display:none;\">\u041f\u0435\u0440\u0435\u043a\u043b\u044e\u0447\u0430\u0442\u044c<\/span><span class=\"ez-toc-icon-toggle-span\"><svg style=\"fill: #999;color:#999\" xmlns=\"http:\/\/www.w3.org\/2000\/svg\" class=\"list-377408\" width=\"20px\" height=\"20px\" viewbox=\"0 0 24 24\" fill=\"none\"><path d=\"M6 6H4v2h2V6zm14 0H8v2h12V6zM4 11h2v2H4v-2zm16 0H8v2h12v-2zM4 16h2v2H4v-2zm16 0H8v2h12v-2z\" fill=\"currentColor\"><\/path><\/svg><svg style=\"fill: #999;color:#999\" class=\"arrow-unsorted-368013\" xmlns=\"http:\/\/www.w3.org\/2000\/svg\" width=\"10px\" height=\"10px\" viewbox=\"0 0 24 24\" version=\"1.2\" baseprofile=\"tiny\"><path d=\"M18.2 9.3l-6.2-6.3-6.2 6.3c-.2.2-.3.4-.3.7s.1.5.3.7c.2.2.4.3.7.3h11c.3 0 .5-.1.7-.3.2-.2.3-.5.3-.7s-.1-.5-.3-.7zM5.8 14.7l6.2 6.3 6.2-6.3c.2-.2.3-.5.3-.7s-.1-.5-.3-.7c-.2-.2-.4-.3-.7-.3h-11c-.3 0-.5.1-.7.3-.2.2-.3.5-.3.7s.1.5.3.7z\"\/><\/svg><\/span><\/span><\/span><\/a><\/span><\/div>\n<nav><ul class='ez-toc-list ez-toc-list-level-1' ><li class='ez-toc-page-1 ez-toc-heading-level-1'><a class=\"ez-toc-link ez-toc-heading-1\" href=\"https:\/\/tourdaonhatrang.com\/ru\/review-tam-bun-hon-tam-ve-cano-di-hon-tam\/#Review_tam_bun_Hon_Tam\" >\u041e\u0431\u0437\u043e\u0440 \u0433\u0440\u044f\u0437\u0435\u0432\u044b\u0445 \u0432\u0430\u043d\u043d Hon Tam<\/a><ul class='ez-toc-list-level-2' ><li class='ez-toc-heading-level-2'><a class=\"ez-toc-link ez-toc-heading-2\" href=\"https:\/\/tourdaonhatrang.com\/ru\/review-tam-bun-hon-tam-ve-cano-di-hon-tam\/#Review_tam_bun_Hon_Tam_Nha_Trang_co_gi_dac_biet\" >Review t\u1eafm b\u00f9n H\u00f2n T\u1eb1m Nha Trang c\u00f3 g\u00ec \u0111\u1eb7c bi\u1ec7t<\/a><\/li><li class='ez-toc-page-1 ez-toc-heading-level-2'><a class=\"ez-toc-link ez-toc-heading-3\" href=\"https:\/\/tourdaonhatrang.com\/ru\/review-tam-bun-hon-tam-ve-cano-di-hon-tam\/#Khoi_hanh_o_dau_khi_dat_tour_Hon_Tam_tam_bun\" >Kh\u1edfi h\u00e0nh \u1edf \u0111\u00e2u khi \u0111\u1eb7t tour H\u00f2n T\u1eb1m t\u1eafm b\u00f9n<\/a><\/li><li class='ez-toc-page-1 ez-toc-heading-level-2'><a class=\"ez-toc-link ez-toc-heading-4\" href=\"https:\/\/tourdaonhatrang.com\/ru\/review-tam-bun-hon-tam-ve-cano-di-hon-tam\/#Tam_bun_Hon_Tam_Nha_Trang_Mudbath_04_bao_gom_nhung_gi\" >T\u1eafm b\u00f9n H\u00f2n T\u1eb1m Nha Trang Mudbath 04 bao g\u1ed3m nh\u1eefng g\u00ec<\/a><ul class='ez-toc-list-level-3' ><li class='ez-toc-heading-level-3'><a class=\"ez-toc-link ez-toc-heading-5\" href=\"https:\/\/tourdaonhatrang.com\/ru\/review-tam-bun-hon-tam-ve-cano-di-hon-tam\/#Gia_ve\" >\u0426\u0435\u043d\u0430 \u0431\u0438\u043b\u0435\u0442\u0430<\/a><\/li><li class='ez-toc-page-1 ez-toc-heading-level-3'><a class=\"ez-toc-link ez-toc-heading-6\" href=\"https:\/\/tourdaonhatrang.com\/ru\/review-tam-bun-hon-tam-ve-cano-di-hon-tam\/#Quyen_loi_bao_gom\" >Quy\u1ec1n l\u1ee3i bao g\u1ed3m<\/a><ul class='ez-toc-list-level-4' ><li class='ez-toc-heading-level-4'><a class=\"ez-toc-link ez-toc-heading-7\" href=\"https:\/\/tourdaonhatrang.com\/ru\/review-tam-bun-hon-tam-ve-cano-di-hon-tam\/#Ve_bao_gom\" >\u0411\u0438\u043b\u0435\u0442 \u0432\u043a\u043b\u044e\u0447\u0430\u0435\u0442 \u0432 \u0441\u0435\u0431\u044f:<\/a><\/li><li class='ez-toc-page-1 ez-toc-heading-level-4'><a class=\"ez-toc-link ez-toc-heading-8\" href=\"https:\/\/tourdaonhatrang.com\/ru\/review-tam-bun-hon-tam-ve-cano-di-hon-tam\/#Ve_khong_bao_gom\" >\u0411\u0438\u043b\u0435\u0442\u044b \u043d\u0435 \u0432\u043a\u043b\u044e\u0447\u0435\u043d\u044b<\/a><\/li><\/ul><\/li><\/ul><\/li><li class='ez-toc-page-1 ez-toc-heading-level-2'><a class=\"ez-toc-link ez-toc-heading-9\" href=\"https:\/\/tourdaonhatrang.com\/ru\/review-tam-bun-hon-tam-ve-cano-di-hon-tam\/#Review_Tam_bun_Hon_Tam_lam_dep_hieu_qua\" >Review T\u1eafm b\u00f9n H\u00f2n T\u1eb1m, l\u00e0m \u0111\u1eb9p hi\u1ec7u qu\u1ea3<\/a><\/li><li class='ez-toc-page-1 ez-toc-heading-level-2'><a class=\"ez-toc-link ez-toc-heading-10\" href=\"https:\/\/tourdaonhatrang.com\/ru\/review-tam-bun-hon-tam-ve-cano-di-hon-tam\/#Nhung_vat_dung_can_chuan_bi_khi_di_tam_bun_Hon_Tam\" >Nh\u1eefng v\u1eadt d\u1ee5ng c\u1ea7n chu\u1ea9n b\u1ecb khi \u0111i t\u1eafm b\u00f9n H\u00f2n T\u1eb1m<\/a><\/li><\/ul><\/li><\/ul><\/nav><\/div>\n<h1><span class=\"ez-toc-section\" id=\"Review_tam_bun_Hon_Tam\"><\/span>\u041e\u0431\u0437\u043e\u0440 \u0433\u0440\u044f\u0437\u0435\u0432\u044b\u0445 \u0432\u0430\u043d\u043d Hon Tam<span class=\"ez-toc-section-end\"><\/span><\/h1>\n<p>Review t\u1eafm b\u00f9n H\u00f2n T\u1eb1m Nha Trang mudbath 04 ch\u1ec9 350.000 VN\u0110, mang \u0111\u1ebfn tr\u1ea3i nghi\u1ec7m t\u1eafm b\u00f9n nha trang 1 ng\u00e0y t\u1ea1i \u0111\u1ea3o H\u00f2n T\u1eb1m nh\u01b0: ng\u00e2m b\u00f9n kho\u00e1ng n\u00f3ng, \u00f4n tuy\u1ec1n thu\u1ef7 li\u1ec7u ph\u00e1p, h\u1ed3 b\u01a1i v\u00f4 c\u1ef1c,&#8230;<\/p>\n<h2><span class=\"ez-toc-section\" id=\"Review_tam_bun_Hon_Tam_Nha_Trang_co_gi_dac_biet\"><\/span>Review t\u1eafm b\u00f9n H\u00f2n T\u1eb1m Nha Trang c\u00f3 g\u00ec \u0111\u1eb7c bi\u1ec7t<span class=\"ez-toc-section-end\"><\/span><\/h2>\n<p><a href=\"https:\/\/hontamnhatrang.com\/tam-bun-hon-tam\" rel=\"noopener\"><strong>\u0413\u0440\u044f\u0437\u0435\u0432\u044b\u0435 \u0432\u0430\u043d\u043d\u044b \u0425\u043e\u043d \u0422\u0430\u043c<\/strong><\/a> t\u1ecda l\u1ea1c tr\u00ean \u1edf ph\u00eda T\u00e2y tr\u00ean \u0111\u1ea3o H\u00f2n T\u1eb1m- m\u1ed9t trong nh\u1eefng h\u00f2n \u0111\u1ea3o xinh \u0111\u1eb9p nh\u1ea5t c\u1ee7a v\u1ecbnh Nha Trang. V\u00ec v\u1eabn c\u00f2n l\u01b0u gi\u1eef n\u00e9t t\u1ef1 nhi\u00ean, hoang s\u01a1 (80%) n\u00ean H\u00f2n T\u1eb1m \u0111\u01b0\u1ee3c khai th\u00e1c \u0111\u1ec3 tr\u1edf th\u00e0nh thi\u00ean \u0111\u01b0\u1eddng c\u1ee7a nh\u1eefng khu du l\u1ecbch ngh\u1ec9 d\u01b0\u1ee1ng v\u00e0 ch\u0103m s\u00f3c s\u1ee9c kho\u1ebb.<\/p>\n<p><img loading=\"lazy\" decoding=\"async\" src=\"https:\/\/tourdaonhatrang.com\/wp-content\/uploads\/2021\/04\/tam-bun-hon-tam-019.jpg\" alt=\"\" width=\"750\" height=\"500\" title=\"\"><\/p>\n<ul>\n<li>Khu\u00f4n vi\u00ean t\u1eafm b\u00f9n tr\u00ean \u0111\u1ea3o H\u00f2n T\u1eb1m r\u1ed9ng l\u1edbn<\/li>\n<li>H\u01b0\u1edbng nh\u00ecn tuy\u00eat \u0111\u1eb9p ra bi\u1ec3n Nha Trang<\/li>\n<li>H\u1ed3 b\u01a1i v\u00f4 c\u1ef1c tr\u00ean \u0111\u1ea3o<\/li>\n<li>H\u1ed3 jacuzzi \u1edf v\u1ecb tr\u00ed trung t\u00e2m l\u00e0m \u0111i\u1ec3m nh\u1ea5t<\/li>\n<li>Khu\u00f4n vi\u00ean t\u1eafm b\u00f9n d\u1ea1ng b\u1eadc thang mang l\u1ea1i c\u1ea3m gi\u00e1c \u00f4m tr\u1ecdn l\u1ea5y thi\u00ean nhi\u00ean<\/li>\n<li>Khu gi\u1eef \u0111\u1ed3 hi\u1ec7n \u0111\u1ea1i v\u1edbi t\u1ea5t c\u1ea3 c\u00e1c t\u1ee7 \u0111\u1ed3 \u0111\u01b0\u1ee3c qu\u1ea3n l\u00fd b\u1eb1ng chip th\u00f4ng minh<\/li>\n<\/ul>\n<p><strong>\u0421\u043c\u043e\u0442\u0440\u0435\u0442\u044c \u0431\u043e\u043b\u044c\u0448\u0435 &gt;&gt;&gt; <a href=\"https:\/\/hontamnhatrang.com\/ve-hon-tam-nha-trang-tron-goi\/\" rel=\"noopener\">\u041f\u0430\u043a\u0435\u0442\u043d\u044b\u0435 \u0431\u0438\u043b\u0435\u0442\u044b \u043d\u0430 \u043e\u0441\u0442\u0440\u043e\u0432 \u0425\u043e\u043d \u0422\u0430\u043c \u2013 \u043e\u0434\u043d\u043e\u0434\u043d\u0435\u0432\u043d\u044b\u0439 \u0442\u0443\u0440 \u043f\u043e \u043e\u0441\u0442\u0440\u043e\u0432\u0443 \u0425\u043e\u043d \u0422\u0430\u043c, \u0437\u043e\u043d\u0430 B<\/a><\/strong><\/p>\n<h2><span class=\"ez-toc-section\" id=\"Khoi_hanh_o_dau_khi_dat_tour_Hon_Tam_tam_bun\"><\/span>Kh\u1edfi h\u00e0nh \u1edf \u0111\u00e2u khi \u0111\u1eb7t tour H\u00f2n T\u1eb1m t\u1eafm b\u00f9n<span class=\"ez-toc-section-end\"><\/span><\/h2>\n<p>V\u00ec tour ch\u01b0a bao g\u1ed3m canoe \u0111\u01b0a \u0111\u00f3n n\u00ean khi c\u00e1c b\u1ea1n mua g\u00f3i t\u1eafm b\u00f9n 04 th\u00ec ph\u1ea3i thu\u00ea cano ra \u0111\u1ea3o H\u00f2n T\u1eb1m. Gi\u00e1 giao \u0111\u1ed9ng 1 chi\u1ebfc cano 10 ng\u01b0\u1eddi kho\u1ea3ng 1300.000 VN\u0110. Kh\u1edfi h\u00e0nh t\u1ea1i <strong><a href=\"https:\/\/tourdaonhatrang.com\/ru\/ben-tau-du-lich-nha-trang\/\">\u0422\u0443\u0440\u0438\u0441\u0442\u0438\u0447\u0435\u0441\u043a\u0438\u0439 \u043f\u0440\u0438\u0447\u0430\u043b \u041d\u044f\u0447\u0430\u043d\u0433\u0430<\/a><\/strong> (C\u1ea3ng V\u0129nh Tr\u01b0\u1eddng).<\/p>\n<p>\u0110\u1ecba ch\u1ec9 388 V\u00f5 Th\u1ecb S\u00e1u, Nha Trang, Kh\u00e1nh Ho\u00e0.<\/p>\n<p>Ho\u1eb7c b\u1ea1n c\u00f3 th\u1ec3 tham gia <strong><a href=\"https:\/\/tourdaonhatrang.com\/ru\/tour-dao-nha-trang\/\">tour 3 \u0111\u1ea3o Vip Nha Trang<\/a><\/strong> \u0111\u00e3 bao g\u1ed3m t\u1eafm b\u00f9n t\u1ea1i H\u00f2n T\u1eb1m, l\u1ecbch tr\u00ecnh chi ti\u1ebft, c\u00f3 H\u01b0\u1edbng D\u1eabn Vi\u00ean, xe \u0111\u01b0a \u0111\u00f3n t\u1ea1i kh\u00e1ch s\u1ea1n, canoe \u0111\u01b0a \u0111\u00f3n, \u0103n tr\u01b0a, t\u1eafm bi\u1ec3n,&#8230;.<\/p>\n<h2><span class=\"ez-toc-section\" id=\"Tam_bun_Hon_Tam_Nha_Trang_Mudbath_04_bao_gom_nhung_gi\"><\/span>T\u1eafm b\u00f9n H\u00f2n T\u1eb1m Nha Trang Mudbath 04 bao g\u1ed3m nh\u1eefng g\u00ec<span class=\"ez-toc-section-end\"><\/span><\/h2>\n<p>T\u1eafm b\u00f9n H\u00f2n T\u1eb1m Nha Trang muabath 04 l\u00e0 v\u00e9 r\u1ebb nh\u1ea5t trong b\u1ed9 s\u1ea3n ph\u1ea9m v\u00e9 t\u1eafm b\u00f9n H\u00f2n T\u1eb1m.<\/p>\n<h3><span class=\"ez-toc-section\" id=\"Gia_ve\"><\/span>\u0426\u0435\u043d\u0430 \u0431\u0438\u043b\u0435\u0442\u0430<span class=\"ez-toc-section-end\"><\/span><\/h3>\n<ul>\n<li>V\u00e9 ng\u01b0\u1eddi l\u1edbn : 350,000 \u0111\u1ed3ng<\/li>\n<li>V\u00e9 tr\u1ebb em : 240,000 \u0111\u1ed3ng<\/li>\n<\/ul>\n<p>Kh\u00f4ng bao g\u1ed3m cano H\u00f2n T\u1eb1m \u0111\u01b0a \u0111\u00f3n 2 chi\u1ec1u\u00a0,\u00a0\u0102n buffet tr\u01b0a.<\/p>\n<hr \/>\n<p>\u041f\u043e\u043b\u0438\u0442\u0438\u043a\u0430 \u0432 \u043e\u0442\u043d\u043e\u0448\u0435\u043d\u0438\u0438 \u0434\u0435\u0442\u0441\u043a\u0438\u0445 \u0431\u0438\u043b\u0435\u0442\u043e\u0432<\/p>\n<ul>\n<li>\u0414\u0435\u0442\u044f\u043c \u0434\u043e 1 \u043c \u0432\u0445\u043e\u0434 \u0431\u0435\u0441\u043f\u043b\u0430\u0442\u043d\u044b\u0439.<\/li>\n<li>\u041f\u043e\u0434\u0441\u0447\u0435\u0442 \u0434\u0435\u0442\u0435\u0439 \u0432\u0435\u0434\u0435\u0442\u0441\u044f \u043e\u0442 1\u043c \u0434\u043e 1\u043c39.<\/li>\n<li>\u0411\u0438\u043b\u0435\u0442 \u0434\u043b\u044f \u0432\u0437\u0440\u043e\u0441\u043b\u044b\u0445 \u0441\u0442\u0430\u0440\u0448\u0435 1\u043c39.<\/li>\n<\/ul>\n<hr \/>\n<h3><span class=\"ez-toc-section\" id=\"Quyen_loi_bao_gom\"><\/span>Quy\u1ec1n l\u1ee3i bao g\u1ed3m<span class=\"ez-toc-section-end\"><\/span><\/h3>\n<h4><span class=\"ez-toc-section\" id=\"Ve_bao_gom\"><\/span>\u0411\u0438\u043b\u0435\u0442 \u0432\u043a\u043b\u044e\u0447\u0430\u0435\u0442 \u0432 \u0441\u0435\u0431\u044f:<span class=\"ez-toc-section-end\"><\/span><\/h4>\n<p><img loading=\"lazy\" decoding=\"async\" src=\"https:\/\/tourdaonhatrang.com\/wp-content\/uploads\/2021\/04\/tam-bun-hon-tam-022.jpg\" alt=\"t\u1eafm b\u00f9n h\u00f2n t\u1eb1m nha trang g\u00f3i 04\" width=\"750\" height=\"500\" title=\"\"><\/p>\n<p>\u0411\u0435\u0441\u043f\u043b\u0430\u0442\u043d\u043e\u0435 \u043f\u043e\u043b\u044c\u0437\u043e\u0432\u0430\u043d\u0438\u0435 \u043f\u043e\u043b\u043e\u0442\u0435\u043d\u0446\u0430\u043c\u0438, \u0442\u0443\u0430\u043b\u0435\u0442\u043d\u044b\u043c\u0438 \u043f\u0440\u0438\u043d\u0430\u0434\u043b\u0435\u0436\u043d\u043e\u0441\u0442\u044f\u043c\u0438 \u0438 \u0448\u043a\u0430\u0444\u0447\u0438\u043a\u0430\u043c\u0438.<\/p>\n<p>Ng\u00e2m b\u00f9n kho\u00e1ng n\u00f3ng t\u1eeb 20 \u0111\u1ebfn 30 ph\u00fat.<\/p>\n<p><img loading=\"lazy\" decoding=\"async\" src=\"https:\/\/tourdaonhatrang.com\/wp-content\/uploads\/2021\/04\/tam-bun-hon-tam-03.jpg\" alt=\"\" width=\"750\" height=\"500\" title=\"\"><\/p>\n<p>\u041c\u0430\u0441\u0441\u0430\u0436 \u0432\u0441\u0435\u0433\u043e \u0442\u0435\u043b\u0430 \u0441 \u0441\u0438\u0441\u0442\u0435\u043c\u043e\u0439 \u0433\u0438\u0434\u0440\u043e\u0442\u0435\u0440\u0430\u043f\u0438\u0438.<\/p>\n<p><img loading=\"lazy\" decoding=\"async\" src=\"https:\/\/tourdaonhatrang.com\/wp-content\/uploads\/2021\/04\/tam-bun-hon-tam-025-1.jpg\" alt=\"\u0433\u0438\u0434\u0440\u043e\u0442\u0435\u0440\u0430\u043f\u0438\u044f \u0432 \u0433\u043e\u0440\u044f\u0447\u0438\u0445 \u0438\u0441\u0442\u043e\u0447\u043d\u0438\u043a\u0430\u0445\" width=\"750\" height=\"500\" title=\"\"><\/p>\n<p>T\u1ef1 do th\u1ea3 m\u00ecnh trong h\u1ed3 kho\u00e1ng n\u00f3ng Jacuzzi, b\u1ec3 b\u01a1i v\u00f4 c\u1ef1c r\u1ed9ng 1,350m2.<\/p>\n<p>Tr\u1ea3i nghi\u1ec7m t\u1eafm th\u00e1c kho\u00e1ng.<\/p>\n<p>\u0420\u0430\u0437\u0432\u043b\u0435\u0447\u0435\u043d\u0438\u044f \u0438 \u043a\u0443\u043f\u0430\u043d\u0438\u0435 \u0432 \u0437\u043e\u043d\u0435 \u0410<\/p>\n<h4><span class=\"ez-toc-section\" id=\"Ve_khong_bao_gom\"><\/span>\u0411\u0438\u043b\u0435\u0442\u044b \u043d\u0435 \u0432\u043a\u043b\u044e\u0447\u0435\u043d\u044b<span class=\"ez-toc-section-end\"><\/span><\/h4>\n<ul>\n<li>Cano cao t\u1ed1c + Xe \u0111\u01b0a \u0111\u00f3n xu\u1ed1ng kh\u00e1ch s\u1ea1n<\/li>\n<li>\u0414\u043e\u043f\u043e\u043b\u043d\u0438\u0442\u0435\u043b\u044c\u043d\u044b\u0435 \u0440\u0430\u0441\u0445\u043e\u0434\u044b, \u0442\u0430\u043a\u0438\u0435 \u043a\u0430\u043a \u043f\u043e\u0434\u0432\u043e\u0434\u043d\u043e\u0435 \u043f\u043b\u0430\u0432\u0430\u043d\u0438\u0435, \u043f\u043e\u043f\u043b\u0430\u0432\u043a\u0438, \u043f\u043e\u043f\u043b\u0430\u0432\u043a\u0438-\u0431\u0430\u043d\u0430\u043d\u044b, \u043f\u0430\u0440\u0430\u0448\u044e\u0442\u044b, \u0432\u043e\u0434\u043d\u044b\u0435 \u043c\u043e\u0442\u043e\u0446\u0438\u043a\u043b\u044b, \u0445\u043e\u0432\u0435\u0440\u0431\u043e\u0440\u0434\u044b<\/li>\n<li>\u041e\u0431\u0435\u0434\u0435\u043d\u043d\u044b\u0439 \u0448\u0432\u0435\u0434\u0441\u043a\u0438\u0439 \u0441\u0442\u043e\u043b<\/li>\n<\/ul>\n<p>&gt;&gt;&gt; <strong><a href=\"https:\/\/tourdaonhatrang.com\/ru\/%d1%82%d0%b0%d0%bc-%d0%b1%d1%83%d0%bd-%d1%85%d0%be%d0%bd-%d1%82%d0%b0%d0%bc-%d0%bd%d1%8f%d1%87%d0%b0%d0%bd%d0%b3-%d0%b3%d0%be%d0%b9-03\/\">T\u1eafm b\u00f9n H\u00f2n T\u1eb1m Nha Trang g\u00f3i 03<\/a><\/strong><\/p>\n<h2><span class=\"ez-toc-section\" id=\"Review_Tam_bun_Hon_Tam_lam_dep_hieu_qua\"><\/span>Review T\u1eafm b\u00f9n H\u00f2n T\u1eb1m, l\u00e0m \u0111\u1eb9p hi\u1ec7u qu\u1ea3<span class=\"ez-toc-section-end\"><\/span><\/h2>\n<p>T\u1eafm b\u00f9n l\u00e0 ho\u1ea1t \u0111\u1ed9ng mang l\u1ea1i nhi\u1ec1u c\u00f4ng d\u1ee5ng \u0111\u1ed1i v\u1edbi l\u00e0n da v\u00e0 s\u1ee9c kho\u1ebb.<\/p>\n<p>L\u00e0m \u0111\u1eb9p da:\u00a0V\u1edbi th\u00e0nh ph\u1ea7n kho\u00e1ng ch\u1ea5t t\u1ef1 nhi\u00ean, t\u1eafm b\u00f9n gi\u00fap l\u00e0m d\u1ecbu c\u00e1c th\u00edch th\u00edch tr\u00ean da, h\u1ed7 tr\u1ee3 th\u1ea3i \u0111\u1ed9c da, gi\u1ea3m m\u1ee5n \u0111\u1ea7u \u0111en, ch\u1ed1ng l\u00e3o h\u00f3a v\u00e0 gi\u00fap l\u00e0m da c\u0103ng b\u00f3ng, kh\u1ecfe \u0111\u1eb9p.<\/p>\n<p>C\u1ea3i thi\u1ec7n s\u1ee9c kho\u1ebb:\u00a0Ngo\u00e0i c\u00f4ng d\u1ee5ng gi\u00fap tu\u1ea7n ho\u00e0n m\u00e1u t\u1ed1t v\u00e0 th\u1ea3i \u0111\u1ed9c t\u1ed1 trong c\u01a1 th\u1ec3, t\u1eafm b\u00f9n c\u00f2n l\u00e0m th\u01b0 gi\u00e3n c\u01a1 b\u1eafp, gi\u1ea3m vi\u00eam kh\u1edbp, h\u1ed7 tr\u1ee3 \u0111i\u1ec1u tr\u1ecb c\u00e1c b\u1ec7nh \u0111au kh\u1edbp, th\u1ea5p kh\u1edbp v\u00e0 \u0111au c\u1ed9t s\u1ed1ng,<\/p>\n<p>Ho\u1ea1t \u0111\u1ed9ng th\u01b0 gi\u1ea3n th\u00fa v\u1ecb:\u00a0Nh\u1eefng nh\u00f3m b\u1ea1n th\u01b0\u1eddng r\u1ea5t th\u00edch c\u00f9ng nhau t\u1eafm b\u00f9n, v\u1eeba c\u1ea3i thi\u1ec7n s\u1ee9c kh\u1ecfe l\u1ea1i v\u1eeba c\u00f3 th\u1ec3 th\u01b0 gi\u00e3n sau nh\u1eefng gi\u1edd l\u00e0m vi\u1ec7c m\u1ec7t m\u1ecfi.<\/p>\n<h2><span class=\"ez-toc-section\" id=\"Nhung_vat_dung_can_chuan_bi_khi_di_tam_bun_Hon_Tam\"><\/span>Nh\u1eefng v\u1eadt d\u1ee5ng c\u1ea7n chu\u1ea9n b\u1ecb khi \u0111i t\u1eafm b\u00f9n H\u00f2n T\u1eb1m<span class=\"ez-toc-section-end\"><\/span><\/h2>\n<ul>\n<li>\u041a\u0443\u043f\u0430\u043b\u044c\u043d\u0438\u043a, \u0441\u043e\u043b\u043d\u0446\u0435\u0437\u0430\u0449\u0438\u0442\u043d\u044b\u0439 \u043a\u0440\u0435\u043c, \u0441\u043e\u043b\u043d\u0446\u0435\u0437\u0430\u0449\u0438\u0442\u043d\u044b\u0435 \u043e\u0447\u043a\u0438, \u043e\u0434\u0435\u0432\u0430\u0439\u0442\u0435\u0441\u044c \u043b\u0435\u0433\u043a\u043e, \u043d\u0430\u0434\u0435\u043d\u044c\u0442\u0435 \u0448\u043b\u0435\u043f\u0430\u043d\u0446\u044b \u0438\u043b\u0438 \u043f\u043b\u0430\u0441\u0442\u0438\u043a\u043e\u0432\u0443\u044e \u043e\u0431\u0443\u0432\u044c, \u0432\u043e\u0437\u044c\u043c\u0438\u0442\u0435 \u0441 \u0441\u043e\u0431\u043e\u0439 \u043d\u0435\u043c\u043d\u043e\u0433\u043e \u0434\u0435\u043d\u0435\u0433, \u043d\u0435 \u0437\u0430\u0431\u0443\u0434\u044c\u0442\u0435 \u0444\u043e\u0442\u043e\u0430\u043f\u043f\u0430\u0440\u0430\u0442, \u0441\u0434\u0435\u043b\u0430\u0439\u0442\u0435 \u0444\u043e\u0442\u043e\u0433\u0440\u0430\u0444\u0438\u0438 \u043d\u0430 \u043f\u0430\u043c\u044f\u0442\u044c, \u043d\u0430 \u043e\u0441\u0442\u0440\u043e\u0432\u0435 \u0443 \u0432\u0430\u0448\u0435\u0433\u043e \u0442\u0435\u043b\u0435\u0444\u043e\u043d\u0430 \u0432\u0441\u0435 \u0435\u0449\u0435 \u0445\u043e\u0440\u043e\u0448\u0438\u0439 \u0441\u0438\u0433\u043d\u0430\u043b.<\/li>\n<\/ul>\n<p>\u0421\u043c\u043e\u0442\u0440\u0438\u0442\u0435 \u0442\u0430\u043a\u0436\u0435: <strong><a href=\"https:\/\/tourdaonhatrang.com\/ru\/%d0%bf%d0%be%d0%bb%d0%bd%d1%8b%d0%b9-%d0%bf%d0%b0%d0%ba%d0%b5%d1%82-%d1%81%d1%83%d0%bf%d0%b0-%d1%81-%d0%bb%d0%b0%d0%bf%d1%88%d0%be%d0%b9-%d0%bd%d1%8f%d1%87%d0%b0%d0%bd%d0%b3\/\">\u041f\u0430\u043a\u0435\u0442 \u0433\u0440\u044f\u0437\u0435\u0432\u044b\u0445 \u0432\u0430\u043d\u043d Hon Tam<\/a><\/strong><\/p>\n<p>&nbsp;<\/p>","protected":false},"excerpt":{"rendered":"<h3><span style=\"color: #0000ff;\">\u0412\u0437\u0440\u043e\u0441\u043b\u044b\u0435: 350 000 \u0434\u043e\u043d\u0433\u043e\u0432<\/span><\/h3>\n<h3><span style=\"color: #0000ff;\">\u041f\u0435\u043d\u0441\u0438\u043e\u043d\u0435\u0440\u044b\/\u0434\u0435\u0442\u0438: 240 000 \u0434\u043e\u043d\u0433\u043e\u0432<\/span><\/h3>\n<ul>\n<li><span style=\"color: #ff0000;\">\u041a\u0430\u043d\u043e\u044d \u043d\u0435 \u0432\u0445\u043e\u0434\u0438\u0442 \u0432 \u043a\u043e\u043c\u043f\u043b\u0435\u043a\u0442.<\/span><\/li>\n<li>\u0423\u0441\u043b\u0443\u0433\u0438 \u0437\u043e\u043d\u044b \u0410 <span style=\"color: #ff0000;\">(t\u1eb7ng khu B b\u00e3i bi\u1ec3n)<\/span><\/li>\n<li>\u0418\u0441\u043f\u044b\u0442\u0430\u0439\u0442\u0435 \u0433\u043e\u0440\u044f\u0447\u0443\u044e \u043c\u0438\u043d\u0435\u0440\u0430\u043b\u044c\u043d\u0443\u044e \u0433\u0440\u044f\u0437\u0435\u0432\u0443\u044e \u0432\u0430\u043d\u043d\u0443<\/li>\n<li>\u041c\u0438\u043d\u0435\u0440\u0430\u043b\u044c\u043d\u0430\u044f \u0432\u0430\u043d\u043d\u0430 \u0438 \u043f\u0435\u0439\u0437\u0430\u0436\u043d\u044b\u0439 \u0431\u0430\u0441\u0441\u0435\u0439\u043d<\/li>\n<li>\u041a\u0430\u044f\u043a\u0438\u043d\u0433<\/li>\n<li><span style=\"color: #ff0000;\">\u041e\u0431\u0435\u0434 (\u0448\u0432\u0435\u0434\u0441\u043a\u0438\u0439 \u0441\u0442\u043e\u043b) \u043d\u0435 \u0432\u043a\u043b\u044e\u0447\u0435\u043d.<\/span><\/li>\n<li>\u041f\u043e\u0434\u0434\u0435\u0440\u0436\u043a\u0430 \u043d\u0430 \u043f\u0440\u043e\u0442\u044f\u0436\u0435\u043d\u0438\u0438 \u0432\u0441\u0435\u0433\u043e \u043f\u0443\u0442\u0435\u0448\u0435\u0441\u0442\u0432\u0438\u044f<\/li>\n<li>\u0413\u043e\u0440\u044f\u0447\u0430\u044f \u043b\u0438\u043d\u0438\u044f: <a href=\"tel:0849256256\">0849 256 256<\/a><\/li>\n<li><span style=\"color: #0000ff;\">\u041f\u0440\u043e\u0434\u0432\u0438\u0436\u0435\u043d\u0438\u0435 \u043f\u043b\u0430\u0442\u0435\u0436\u0430 5%<\/span><\/li>\n<\/ul>\n<div class=\"hJDwNd-AhqUyc-qWD73c purZT-AhqUyc-II5mzb pSzOP-AhqUyc-qWD73c JNdkSc\">\n<div class=\"JNdkSc-SmKAyb\">\n<div class=\"\">\n<div class=\"oKdM2c Kzv0Me\">\n<div class=\"hJDwNd-AhqUyc-qWD73c purZT-AhqUyc-II5mzb pSzOP-AhqUyc-qWD73c JNdkSc\">\n<div class=\"JNdkSc-SmKAyb\">\n<div class=\"\">\n<div class=\"oKdM2c Kzv0Me\">\n<div id=\"h.f128f2fe5256b73_1433\" class=\"hJDwNd-AhqUyc-qWD73c jXK9ad D2fZ2 OjCsFc wHaque GNzUNc\">\n<div class=\"jXK9ad-SmKAyb\">\n<div class=\"tyJCtd mGzaTb baZpAe\">\n<div class=\"row row-small mua-ngay-button\">\n<div class=\"cot1 medium-6 small-12 large-6\">\n<div class=\"col-inner\"><a class=\"button primary is-large lowercase expand\" style=\"border-radius: 3px;\" href=\"https:\/\/tourdaonhatrang.com\/ru\/tam-bun-hon-tam-nha-trang-goi-04\/\">\u041f\u043e\u0434\u0440\u043e\u0431\u043d\u043e\u0441\u0442\u0438 \u0441\u043c.<\/a><\/div>\n<\/div>\n<div class=\"cot2 medium-6 small-12 large-6\">\n<div class=\"col-inner\"><a class=\"button success is-large lowercase expand\" style=\"border-radius: 3px;\" href=\"https:\/\/tourdaonhatrang.com\/ru\/#dat-ve\" target=\"_self\" rel=\"noopener\"><span style=\"vertical-align: inherit;\">\ud83d\uded2 \u0411\u0440\u043e\u043d\u0438\u0440\u0443\u0439\u0442\u0435 \u0431\u0438\u043b\u0435\u0442\u044b \u0431\u044b\u0441\u0442\u0440\u043e<\/span><\/a><\/div>\n<\/div>\n<\/div>\n<\/div>\n<\/div>\n<\/div>\n<\/div>\n<\/div>\n<\/div>\n<\/div>\n<\/div>\n<\/div>\n<\/div>\n<\/div>","protected":false},"featured_media":36466,"comment_status":"closed","ping_status":"closed","template":"","meta":[],"product_brand":[],"product_cat":[50,35,666,65],"product_tag":[730,690,681,722,723,724,675,725,587,687,53,695,727,728,673],"class_list":{"0":"post-38986","1":"product","2":"type-product","3":"status-publish","4":"has-post-thumbnail","6":"product_cat-tam-bun-hon-tam","7":"product_cat-tour-cac-dao-nha-trang","8":"product_cat-tour-hon-tam-nha-trang","9":"product_cat-ve-hon-tam-nha-trang","10":"product_tag-cang-du-lich-nha-trang","11":"product_tag-du-lich-hon-tam-tu-tuc","12":"product_tag-gia-ve-hon-tam-nha-trang","13":"product_tag-hon-tam-nha-trang","14":"product_tag-mua-ve-hon-tam-o-dau","15":"product_tag-review-hon-tam-nha-trang","16":"product_tag-review-tam-bun-hon-tam","17":"product_tag-tam-bun-hon-tam","18":"product_tag-tam-bun-hon-tam-tron-goi","19":"product_tag-tour-1-dao-nha-trang","20":"product_tag-tour-dao-nha-trang","21":"product_tag-tour-dao-nha-trang-nua-ngay","22":"product_tag-ve-cano-di-hon-tam","23":"product_tag-ve-hon-tam","24":"product_tag-ve-hon-tam-nha-trang","26":"first","27":"instock","28":"shipping-taxable","29":"product-type-simple"},"_links":{"self":[{"href":"https:\/\/tourdaonhatrang.com\/ru\/wp-json\/wp\/v2\/product\/38986","targetHints":{"allow":["GET"]}}],"collection":[{"href":"https:\/\/tourdaonhatrang.com\/ru\/wp-json\/wp\/v2\/product"}],"about":[{"href":"https:\/\/tourdaonhatrang.com\/ru\/wp-json\/wp\/v2\/types\/product"}],"replies":[{"embeddable":true,"href":"https:\/\/tourdaonhatrang.com\/ru\/wp-json\/wp\/v2\/comments?post=38986"}],"wp:featuredmedia":[{"embeddable":true,"href":"https:\/\/tourdaonhatrang.com\/ru\/wp-json\/wp\/v2\/media\/36466"}],"wp:attachment":[{"href":"https:\/\/tourdaonhatrang.com\/ru\/wp-json\/wp\/v2\/media?parent=38986"}],"wp:term":[{"taxonomy":"product_brand","embeddable":true,"href":"https:\/\/tourdaonhatrang.com\/ru\/wp-json\/wp\/v2\/product_brand?post=38986"},{"taxonomy":"product_cat","embeddable":true,"href":"https:\/\/tourdaonhatrang.com\/ru\/wp-json\/wp\/v2\/product_cat?post=38986"},{"taxonomy":"product_tag","embeddable":true,"href":"https:\/\/tourdaonhatrang.com\/ru\/wp-json\/wp\/v2\/product_tag?post=38986"}],"curies":[{"name":"wp","href":"https:\/\/api.w.org\/{rel}","templated":true}]}}