{"id":28617,"date":"2022-09-16T08:45:38","date_gmt":"2022-09-16T01:45:38","guid":{"rendered":"https:\/\/tourdaonhatrang.com\/?page_id=28617"},"modified":"2026-01-16T07:43:04","modified_gmt":"2026-01-16T00:43:04","slug":"lien-he","status":"publish","type":"page","link":"https:\/\/tourdaonhatrang.com\/zh\/lien-he\/","title":{"rendered":"\u63a5\u89e6"},"content":{"rendered":"<section class=\"section dark\" id=\"section_857158046\">\n\t\t<div class=\"section-bg fill\" >\n\t\t\t<img loading=\"lazy\" decoding=\"async\" width=\"1500\" height=\"1000\" src=\"https:\/\/tourdaonhatrang.com\/wp-content\/uploads\/2023\/11\/bang-gia-ve-hon-tam-082.jpeg\" class=\"bg attachment-original size-original\" alt=\"b\u1ea3ng gi\u00e1 v\u00e9 h\u00f2n t\u1eb1m\" title=\"\">\t\t\t\t\t\t\n\t\t\t\n\n\t\t<\/div>\n\n\t\t\n\n\t\t<div class=\"section-content relative\">\n\t\t\t\n\n<div class=\"row align-center\"  id=\"row-1080653165\">\n\n\n\t<div id=\"col-46932821\" class=\"col medium-8 small-12 large-8\"  >\n\t\t\t\t<div class=\"col-inner text-center\"  >\n\t\t\t\n\t\t\t\n\n<h1>LI\u00caN H\u1ec6<\/h1>\n\n\t\t<\/div>\n\t\t\t\t\n<style>\n#col-46932821 > .col-inner {\n  padding: 20px 0px 0px 0px;\n}\n<\/style>\n\t<\/div>\n\n\t\n\n<\/div>\n\n\t\t<\/div>\n\n\t\t\n<style>\n#section_857158046 {\n  padding-top: 300px;\n  padding-bottom: 300px;\n}\n#section_857158046 .section-bg img {\n  object-position: 86% 96%;\n}\n<\/style>\n\t<\/section>\n\t\n\n\t<section class=\"section\" id=\"section_1180851373\">\n\t\t<div class=\"section-bg fill\" >\n\t\t\t\t\t\t\t\t\t\n\t\t\t\n\n\t\t<\/div>\n\n\t\t\n\n\t\t<div class=\"section-content relative\">\n\t\t\t\n\n<div class=\"row\"  id=\"row-1333687297\">\n\n\n\t<div id=\"col-239212222\" class=\"col small-12 large-12\"  >\n\t\t\t\t<div class=\"col-inner\"  >\n\t\t\t\n\t\t\t\n\n<div class=\"row align-equal\"  id=\"row-677080296\">\n\n\n\t<div id=\"col-477068395\" class=\"col medium-6 small-12 large-6\"  >\n\t\t\t\t<div class=\"col-inner text-center\"  >\n\t\t\t\n\t\t\t\n\n\n\t\t<div class=\"icon-box featured-box icon-box-center text-center\"  >\n\t\t\t\t\t<div class=\"icon-box-img\" style=\"width: 60px\">\n\t\t\t\t<div class=\"icon\">\n\t\t\t\t\t<div class=\"icon-inner\" >\n\t\t\t\t\t\t\t\t\t\t\t<\/div>\n\t\t\t\t<\/div>\n\t\t\t<\/div>\n\t\t\t\t<div class=\"icon-box-text last-reset\">\n\t\t\t\t\t\t\t\t\t\n\n<h3><strong>T\u01af V\u1ea4N MI\u1ec4N PH\u00cd<\/strong><\/h3>\n<p style=\"text-align: left;\">Li\u00ean h\u1ec7 qua Hotline \u0111\u1ec3 \u0111\u01b0\u1ee3c t\u01b0 v\u1ea5n nhanh, ch\u1ecdn nh\u1eefng g\u00f3i <a href=\"https:\/\/tourdao.com.vn\/dat-ve-hon-tam-nha-trang\/\" rel=\"noopener\">tour H\u00f2n T\u1eb1m<\/a> ph\u00f9 h\u1ee3p, l\u1ecbch tr\u00ecnh cho chuy\u1ebfn \u0111i.<\/p>\n\t<div id=\"gap-1190573226\" class=\"gap-element clearfix\" style=\"display:block; height:auto;\">\n\t\t\n<style>\n#gap-1190573226 {\n  padding-top: 20px;\n}\n<\/style>\n\t<\/div>\n\t\n\n<a href=\"tel:0849256256\" class=\"button secondary\" >\n\t\t<span>0849 256 256<\/span>\n\t<\/a>\n\n\n\n\t\t<\/div>\n\t<\/div>\n\t\n\t\n\n\t\t<\/div>\n\t\t\t\t\t<\/div>\n\n\t\n\n\t<div id=\"col-469266443\" class=\"col medium-6 small-12 large-6\"  >\n\t\t\t\t<div class=\"col-inner text-center\"  >\n\t\t\t\n\t\t\t\n\n\n\t\t<div class=\"icon-box featured-box icon-box-center text-center\"  >\n\t\t\t\t\t<div class=\"icon-box-img\" style=\"width: 60px\">\n\t\t\t\t<div class=\"icon\">\n\t\t\t\t\t<div class=\"icon-inner\" >\n\t\t\t\t\t\t\t\t\t\t\t<\/div>\n\t\t\t\t<\/div>\n\t\t\t<\/div>\n\t\t\t\t<div class=\"icon-box-text last-reset\">\n\t\t\t\t\t\t\t\t\t\n\n<h3><b>LI\u00caN H\u1ec6 NH\u1eacN TH\u00d4NG TIN<\/b><\/h3>\n<p style=\"text-align: left;\">Gi\u1ea3i \u0111\u00e1p th\u1eafc m\u1eafc, t\u01b0 v\u1ea5n chi ti\u1ebft v\u1ec1 d\u1ecbch v\u1ee5 <a href=\"https:\/\/tourdaonhatrang.com\/zh\/\">\u82bd\u5e84\u5c9b\u4e4b\u65c5<\/a>\/ H\u1ed7 tr\u1ee3 24\/24<\/p>\n\t<div id=\"gap-74673181\" class=\"gap-element clearfix\" style=\"display:block; height:auto;\">\n\t\t\n<style>\n#gap-74673181 {\n  padding-top: 20px;\n}\n<\/style>\n\t<\/div>\n\t\n\n\n\t\t<\/div>\n\t<\/div>\n\t\n\t\n<a href=\"https:\/\/zalo.me\/0849256256\" class=\"button secondary\" rel=\"noopener\">\n\t\t<span>ZALO<\/span>\n\t<\/a>\n\n\n\n\t\t<\/div>\n\t\t\t\t\t<\/div>\n\n\t\n\n\n<style>\n#row-677080296 > .col > .col-inner {\n  padding: 40px 40px 40px 40px;\n  background-color: rgb(255,255,255);\n}\n<\/style>\n<\/div>\n\n\t\t<\/div>\n\t\t\t\t\n<style>\n#col-239212222 > .col-inner {\n  margin: -100px 0px 0px 0px;\n}\n<\/style>\n\t<\/div>\n\n\t\n\n<\/div>\n<div class=\"row\"  id=\"row-650735908\">\n\n\n\t<div id=\"col-541082098\" class=\"col small-12 large-12\"  >\n\t\t\t\t<div class=\"col-inner text-center\"  >\n\t\t\t\n\t\t\t\n\n<h4><a href=\"https:\/\/tourdaonhatrang.com\/zh\/\">\u0110\u1ea0I L\u00dd TOUR \u0110\u1ea2O NHA TRANG<\/a><\/h4>\n<p>Email: saleadmin@tourdao.vn<\/p>\n\n\t\t<\/div>\n\t\t\t\t\t<\/div>\n\n\t\n\n<\/div>\n\n\t\t<\/div>\n\n\t\t\n<style>\n#section_1180851373 {\n  padding-top: 30px;\n  padding-bottom: 30px;\n  background-color: rgb(244, 244, 244);\n}\n<\/style>\n\t<\/section>\n\t\n\n\t<section class=\"section\" id=\"section_1000985022\">\n\t\t<div class=\"section-bg fill\" >\n\t\t\t\t\t\t\t\t\t\n\t\t\t\n\n\t\t<\/div>\n\n\t\t\n\n\t\t<div class=\"section-content relative\">\n\t\t\t\n\n<p><iframe src=\"https:\/\/www.google.com\/maps\/embed?pb=!1m14!1m8!1m3!1d15595.41074848989!2d109.165818!3d12.2582466!3m2!1i1024!2i768!4f13.1!3m3!1m2!1s0x31705d8a2a838511%3A0x6eecb0f2c271cb89!2zVG91ciDEkeG6o28gTmhhIFRyYW5n!5e0!3m2!1svi!2s!4v1703583555448!5m2!1svi!2s\" width=\"1200\" height=\"450\" style=\"border:0;\" allowfullscreen=\"\" loading=\"lazy\" referrerpolicy=\"no-referrer-when-downgrade\"><\/iframe><\/p>\n\n\t\t<\/div>\n\n\t\t\n<style>\n#section_1000985022 {\n  padding-top: 30px;\n  padding-bottom: 30px;\n}\n<\/style>\n\t<\/section>","protected":false},"excerpt":{"rendered":"","protected":false},"author":6,"featured_media":29342,"parent":0,"menu_order":0,"comment_status":"closed","ping_status":"closed","template":"","meta":{"footnotes":""},"class_list":["post-28617","page","type-page","status-publish","has-post-thumbnail","hentry"],"_links":{"self":[{"href":"https:\/\/tourdaonhatrang.com\/zh\/wp-json\/wp\/v2\/pages\/28617","targetHints":{"allow":["GET"]}}],"collection":[{"href":"https:\/\/tourdaonhatrang.com\/zh\/wp-json\/wp\/v2\/pages"}],"about":[{"href":"https:\/\/tourdaonhatrang.com\/zh\/wp-json\/wp\/v2\/types\/page"}],"author":[{"embeddable":true,"href":"https:\/\/tourdaonhatrang.com\/zh\/wp-json\/wp\/v2\/users\/6"}],"replies":[{"embeddable":true,"href":"https:\/\/tourdaonhatrang.com\/zh\/wp-json\/wp\/v2\/comments?post=28617"}],"version-history":[{"count":3,"href":"https:\/\/tourdaonhatrang.com\/zh\/wp-json\/wp\/v2\/pages\/28617\/revisions"}],"predecessor-version":[{"id":39512,"href":"https:\/\/tourdaonhatrang.com\/zh\/wp-json\/wp\/v2\/pages\/28617\/revisions\/39512"}],"wp:featuredmedia":[{"embeddable":true,"href":"https:\/\/tourdaonhatrang.com\/zh\/wp-json\/wp\/v2\/media\/29342"}],"wp:attachment":[{"href":"https:\/\/tourdaonhatrang.com\/zh\/wp-json\/wp\/v2\/media?parent=28617"}],"curies":[{"name":"wp","href":"https:\/\/api.w.org\/{rel}","templated":true}]}}