{"id":1505,"date":"2021-02-18T07:20:52","date_gmt":"2021-02-18T00:20:52","guid":{"rendered":"https:\/\/tourdao.com.vn\/?post_type=product&#038;p=1505"},"modified":"2025-12-08T10:59:05","modified_gmt":"2025-12-08T03:59:05","slug":"thue-cano-di-vinh-san-ho","status":"publish","type":"product","link":"https:\/\/tourdaonhatrang.com\/zh\/thue-cano-di-vinh-san-ho\/","title":{"rendered":"\u79df\u4e00\u8258\u72ec\u6728\u821f\u53bb\u82bd\u5e84\u73ca\u745a\u6e7e"},"content":{"rendered":"<div id=\"ez-toc-container\" class=\"ez-toc-v2_0_82_2 counter-hierarchy ez-toc-counter ez-toc-grey ez-toc-container-direction\">\n<div class=\"ez-toc-title-container\">\n<p class=\"ez-toc-title\" style=\"cursor:inherit\">\u5185\u5bb9<\/p>\n<span class=\"ez-toc-title-toggle\"><a href=\"#\" class=\"ez-toc-pull-right ez-toc-btn ez-toc-btn-xs ez-toc-btn-default ez-toc-toggle\" aria-label=\"Toggle Table of Content\"><span class=\"ez-toc-js-icon-con\"><span class=\"\"><span class=\"eztoc-hide\" style=\"display:none;\">\u5207\u6362<\/span><span class=\"ez-toc-icon-toggle-span\"><svg style=\"fill: #999;color:#999\" xmlns=\"http:\/\/www.w3.org\/2000\/svg\" class=\"list-377408\" width=\"20px\" height=\"20px\" viewbox=\"0 0 24 24\" fill=\"none\"><path d=\"M6 6H4v2h2V6zm14 0H8v2h12V6zM4 11h2v2H4v-2zm16 0H8v2h12v-2zM4 16h2v2H4v-2zm16 0H8v2h12v-2z\" fill=\"currentColor\"><\/path><\/svg><svg style=\"fill: #999;color:#999\" class=\"arrow-unsorted-368013\" xmlns=\"http:\/\/www.w3.org\/2000\/svg\" width=\"10px\" height=\"10px\" viewbox=\"0 0 24 24\" version=\"1.2\" baseprofile=\"tiny\"><path d=\"M18.2 9.3l-6.2-6.3-6.2 6.3c-.2.2-.3.4-.3.7s.1.5.3.7c.2.2.4.3.7.3h11c.3 0 .5-.1.7-.3.2-.2.3-.5.3-.7s-.1-.5-.3-.7zM5.8 14.7l6.2 6.3 6.2-6.3c.2-.2.3-.5.3-.7s-.1-.5-.3-.7c-.2-.2-.4-.3-.7-.3h-11c-.3 0-.5.1-.7.3-.2.2-.3.5-.3.7s.1.5.3.7z\"\/><\/svg><\/span><\/span><\/span><\/a><\/span><\/div>\n<nav><ul class='ez-toc-list ez-toc-list-level-1' ><li class='ez-toc-page-1 ez-toc-heading-level-1'><a class=\"ez-toc-link ez-toc-heading-1\" href=\"https:\/\/tourdaonhatrang.com\/zh\/thue-cano-di-vinh-san-ho\/#Thue_cano_di_Vinh_San_Ho_Nha_Trang\" >\u79df\u4e00\u8258\u72ec\u6728\u821f\u53bb\u82bd\u5e84\u73ca\u745a\u6e7e<\/a><ul class='ez-toc-list-level-2' ><li class='ez-toc-heading-level-2'><a class=\"ez-toc-link ez-toc-heading-2\" href=\"https:\/\/tourdaonhatrang.com\/zh\/thue-cano-di-vinh-san-ho\/#Thue_cano_di_Vinh_San_Ho_Nha_Trang-2\" >\u79df\u4e00\u8258\u72ec\u6728\u821f\u53bb\u82bd\u5e84\u73ca\u745a\u6e7e<\/a><ul class='ez-toc-list-level-3' ><li class='ez-toc-heading-level-3'><a class=\"ez-toc-link ez-toc-heading-3\" href=\"https:\/\/tourdaonhatrang.com\/zh\/thue-cano-di-vinh-san-ho\/#Trai_nghiem_khi_thue_cano_di_dao_Nha_Trang\" >Tr\u1ea3i nghi\u1ec7m khi thu\u00ea cano \u0111i \u0111\u1ea3o Nha Trang<\/a><ul class='ez-toc-list-level-4' ><li class='ez-toc-heading-level-4'><a class=\"ez-toc-link ez-toc-heading-4\" href=\"https:\/\/tourdaonhatrang.com\/zh\/thue-cano-di-vinh-san-ho\/#Nguoi_thich_rieng_tu\" >Ng\u01b0\u1eddi th\u00edch ri\u00eang t\u01b0<\/a><\/li><li class='ez-toc-page-1 ez-toc-heading-level-4'><a class=\"ez-toc-link ez-toc-heading-5\" href=\"https:\/\/tourdaonhatrang.com\/zh\/thue-cano-di-vinh-san-ho\/#Nguoi_co_dieu_kien_kinh_te\" >Ng\u01b0\u1eddi c\u00f3 \u0111i\u1ec1u ki\u1ec7n kinh t\u1ebf<\/a><\/li><li class='ez-toc-page-1 ez-toc-heading-level-4'><a class=\"ez-toc-link ez-toc-heading-6\" href=\"https:\/\/tourdaonhatrang.com\/zh\/thue-cano-di-vinh-san-ho\/#Nguoi_di_theo_doan_nhom\" >Ng\u01b0\u1eddi \u0111i theo \u0111o\u00e0n, nh\u00f3m<\/a><\/li><li class='ez-toc-page-1 ez-toc-heading-level-4'><a class=\"ez-toc-link ez-toc-heading-7\" href=\"https:\/\/tourdaonhatrang.com\/zh\/thue-cano-di-vinh-san-ho\/#Nguoi_ua_thich_toc_do\" >Ng\u01b0\u1eddi \u01b0a th\u00edch t\u1ed1c \u0111\u1ed9<\/a><\/li><li class='ez-toc-page-1 ez-toc-heading-level-4'><a class=\"ez-toc-link ez-toc-heading-8\" href=\"https:\/\/tourdaonhatrang.com\/zh\/thue-cano-di-vinh-san-ho\/#Nguoi_muon_thue_cano_de_di_tham_quan_cac_dao_ma_minh_thich\" >Ng\u01b0\u1eddi mu\u1ed1n thu\u00ea cano \u0111\u1ec3 \u0111i tham quan c\u00e1c \u0111\u1ea3o m\u00e0 m\u00ecnh th\u00edch<\/a><\/li><li class='ez-toc-page-1 ez-toc-heading-level-4'><a class=\"ez-toc-link ez-toc-heading-9\" href=\"https:\/\/tourdaonhatrang.com\/zh\/thue-cano-di-vinh-san-ho\/#Nguoi_muon_thue_cano_de_di_lan_ngam_san_ho\" >Ng\u01b0\u1eddi mu\u1ed1n thu\u00ea cano \u0111\u1ec3 \u0111i l\u1eb7n ng\u1eafm san h\u00f4<\/a><\/li><\/ul><\/li><li class='ez-toc-page-1 ez-toc-heading-level-3'><a class=\"ez-toc-link ez-toc-heading-10\" href=\"https:\/\/tourdaonhatrang.com\/zh\/thue-cano-di-vinh-san-ho\/#Review_hanh_trinh_thue_cano_di_3_dao_co_Vinh_San_Ho_Nha_Trang\" >Review h\u00e0nh tr\u00ecnh thu\u00ea cano \u0111i 3 \u0111\u1ea3o c\u00f3 V\u1ecbnh San H\u00f4 Nha Trang<\/a><\/li><\/ul><\/li><\/ul><\/li><\/ul><\/nav><\/div>\n<h1><span class=\"ez-toc-section\" id=\"Thue_cano_di_Vinh_San_Ho_Nha_Trang\"><\/span>\u79df\u4e00\u8258\u72ec\u6728\u821f\u53bb\u82bd\u5e84\u73ca\u745a\u6e7e<span class=\"ez-toc-section-end\"><\/span><\/h1>\n<p>Thu\u00ea cano \u0111i V\u1ecbnh San H\u00f4 Nha Trang. Khu du li\u0323ch Vi\u0323nh San H\u00f4 Nha Trang la\u0300 m\u00f4\u0323t trong nh\u01b0\u0303ng khu du li\u0323ch m\u01a1\u0301i trong khu v\u01b0\u0323c Vi\u0323nh Nha Trang. N\u01a1i \u0111\u00e2y n\u00f4\u0309i ti\u00ea\u0301ng v\u01a1\u0301i di\u0323ch vu\u0323 Ta\u0300u \u0111a\u0301y ki\u0301nh va\u0300 l\u0103\u0323n bi\u00ea\u0309n ng\u0103\u0301m san h\u00f4. Du kha\u0301ch \u0111\u00ea\u0301n v\u01a1\u0301i Vi\u0323nh San H\u00f4 se\u0303 co\u0301 \u0111\u01b0\u01a1\u0323c m\u00f4\u0323t ca\u0309m gia\u0301c thoa\u0309i ma\u0301i, \u0111\u01b0\u01a1\u0323c ng\u00e2m mi\u0300nh trong la\u0300n n\u01b0\u01a1\u0301c ma\u0301t la\u0323nh, trong veo se\u0303 xua tan \u0111i bao \u00e2u lo mu\u00f4\u0323n phi\u00ea\u0300n \u0111ang \u0111eo ba\u0301m. \u0110\u0103\u0323c bi\u00ea\u0323t h\u01a1n quy\u0301 kha\u0301ch co\u0301 th\u00ea\u0309 thu\u00ea di\u0323ch vu\u0323 ta\u0300u \u0111a\u0301y ki\u0301nh \u0111\u00ea\u0309 \u0111i m\u00f4\u0323t vo\u0300ng ng\u0103\u0301m nhi\u0300n ra\u0323n san h\u00f4 \u0111u\u0309 ma\u0300u s\u0103\u0301c.<\/p>\n<p><!--more--><\/p>\n<table>\n<tbody>\n<tr>\n<td>\u51fa\u53d1\u5730\u70b9<\/td>\n<td>\u82bd\u5e84\u77f3\u6865\u65c5\u6e38\u6e2f<\/td>\n<\/tr>\n<tr>\n<td>\u51fa\u53d1\u65f6\u95f4<\/td>\n<td>\u4e0a\u5348 7:30 - \u4e0a\u5348 8:00 - \u4e0a\u5348 8:30 - \u4e0a\u5348 9:00 - \u4e0a\u5348 9:30 - \u4e0a\u5348 10:00<\/td>\n<\/tr>\n<tr>\n<td>\u56de\u5f52\u4e4b\u65f6<\/td>\n<td>13:30 \u2013 14:00 \u2013 14:30 \u2013 15:00 \u2013 15:30 \u2013 16:00<\/td>\n<\/tr>\n<tr>\n<td>\u9700\u8981\u643a\u5e26\u4ec0\u4e48<\/td>\n<td>\u6cf3\u8863\u3001\u6bdb\u5dfe\uff08\u5927\u91cf\u6e38\u6cf3\u7528\uff09\u3001\u9632\u6652\u971c\u3001\u592a\u9633\u955c\u3001\u7a7f\u7740\u8f7b\u4fbf\u3001\u5e26\u4e0a\u4eba\u5b57\u62d6\u6216\u5851\u6599\u978b\u3001\u4e00\u4e9b\u989d\u5916\u7684\u94b1\uff0c\u4e0d\u8981\u5fd8\u8bb0\u5e26\u76f8\u673a\uff0c\u62cd\u4e9b\u7eaa\u5ff5\u7167\u7247\uff0c\u4f60\u7684\u624b\u673a\u5728\u5c9b\u4e0a\u4ecd\u7136\u6709\u826f\u597d\u7684\u4fe1\u53f7\u3002.<\/td>\n<\/tr>\n<tr>\n<td>\u5305\u62ec<\/td>\n<td>\n<table>\n<tbody>\n<tr>\n<td>\u7528\u4e8e\u8f7d\u5ba2\u7684\u72ec\u6728\u821f\u3002.<\/td>\n<\/tr>\n<tr>\n<td>\u6e2f\u53e3\u8d39\u7528\u3002.<\/td>\n<\/tr>\n<tr>\n<td>\u6551\u751f\u8863\u3002.<\/td>\n<\/tr>\n<tr>\n<td>\u5375\u77f3\u5c9b\u3002.<\/td>\n<\/tr>\n<tr>\n<td>V\u1ecbnh San H\u00f4.<\/td>\n<\/tr>\n<tr>\n<td>H\u00f2n M\u1ed9t.<\/td>\n<\/tr>\n<tr>\n<td>\u8ff7\u4f60\u6c99\u6ee9\u3002.<\/td>\n<\/tr>\n<tr>\n<td>\u7279\u5170\u6d77\u6ee9\u3002.<\/td>\n<\/tr>\n<tr>\n<td>\u6e14\u6751\u3002.<\/td>\n<\/tr>\n<\/tbody>\n<\/table>\n<\/td>\n<\/tr>\n<tr>\n<td>\u4e0d\u5305\u62ec<\/td>\n<td>\n<table width=\"300\">\n<tbody>\n<tr>\n<td>\u6c34\u4e0a\u8fd0\u52a8\uff1a\u76ae\u5212\u8247\u3001\u6c34\u4e0a\u6469\u6258\u8247\u3001\u6ed1\u7fd4\u4f1e\u3001\u9999\u8549\u8239\u2026\u2026.<\/td>\n<\/tr>\n<tr>\n<td>\u6c34\u80ba\u6f5c\u6c34\u3001\u5934\u76d4\u6f5c\u6c34\u3001\u6d6e\u6f5c\u3002.<\/td>\n<\/tr>\n<tr>\n<td>\u524d\u5f80\u5c9b\u5c7f\u7684\u95e8\u7968\u3002.<\/td>\n<\/tr>\n<tr>\n<td>\u7f8e\u98df\u3002.<\/td>\n<\/tr>\n<\/tbody>\n<\/table>\n<\/td>\n<\/tr>\n<tr>\n<td>\u5047\u671f<\/td>\n<td>\u9644\u52a0\u8d39 200,00 \u8d8a\u5357\u76fe\/\u6b21\u3002.<\/td>\n<\/tr>\n<tr>\n<td>\u5b69\u5b50\u4eec<\/td>\n<td>\u8eab\u9ad8\u4e0d\u8db31\u7c73\u7684\u513f\u7ae5\u514d\u8d39\u3002.<\/td>\n<\/tr>\n<\/tbody>\n<\/table>\n<p>&nbsp;<\/p>\n<blockquote><p>\u53c2\u89c1\uff1a <a href=\"https:\/\/tourdaonhatrang.com\/zh\/%e5%88%80%e6%b8%b8\/%e8%8a%bd%e5%ba%84%e7%a7%9f%e8%88%b9\/\"><strong>\u82bd\u5e84\u6728\u8239\u79df\u8d41<\/strong><\/a><\/p><\/blockquote>\n<h2><span class=\"ez-toc-section\" id=\"Thue_cano_di_Vinh_San_Ho_Nha_Trang-2\"><\/span>\u79df\u4e00\u8258\u72ec\u6728\u821f\u53bb\u82bd\u5e84\u73ca\u745a\u6e7e<span class=\"ez-toc-section-end\"><\/span><\/h2>\n<p>Khi c\u00e1c b\u1ea1n thu\u00ea cano \u0111i V\u1ecbnh San H\u00f4 \u1edf v\u1ecbnh Nha Trang, th\u00ec gi\u00e1 thu\u00ea cano s\u1ebd bao g\u1ed3m:<\/p>\n<ul>\n<li>Chi\u1ebfc cano m\u00e0 b\u1ea1n thu\u00ea, gi\u00e1 giao \u0111\u1ed9ng theo s\u1ed1 l\u01b0\u1ee3ng kh\u00e1ch<\/li>\n<li>Tr\u00ean cano \u0111\u1ec1u c\u00f3 gh\u1ebf ng\u1ed3i r\u1ed9ng r\u00e3i, l\u00f3t \u00eam, th\u00e0nh b\u1ea3o v\u1ec7, m\u00e1i che n\u1eafng<\/li>\n<li>\u00c1o phao, k\u00ednh l\u1eb7n, \u1ed1ng th\u1edf k\u00e8m theo n\u1ebfu c\u00e1c b\u1ea1n th\u00edch ng\u1eafm san h\u00f4<\/li>\n<li>L\u00e1i cano 1 ng\u01b0\u1eddi c\u00f3 b\u1eb1ng c\u1ea5p<\/li>\n<li>Ph\u1ee5 cano c\u00f3 kinh nghi\u1ec7m \u0111i k\u00e8m su\u1ed1t h\u00e0nh tr\u00ecnh \u0111\u1ec3 h\u01b0\u1edbng d\u1eabn<\/li>\n<li>\u0110\u01b0\u1ee3c h\u1ed7 tr\u1ee3 ch\u1ee5p h\u00ecnh nh\u00f3m khi c\u00f3 nhu c\u1ea7u<\/li>\n<\/ul>\n<figure id=\"attachment_35949\" aria-describedby=\"caption-attachment-35949\" style=\"width: 750px\" class=\"wp-caption aligncenter\"><img loading=\"lazy\" decoding=\"async\" class=\"wp-image-35949 size-full\" src=\"https:\/\/tourdaonhatrang.com\/wp-content\/uploads\/2021\/02\/thue-cano-nha-trang-16-1.jpg\" alt=\"thu\u00ea ca n\u00f4 \u0111i v\u1ecbnh san h\u00f4 nha trang\" width=\"750\" height=\"500\" title=\"\" srcset=\"https:\/\/tourdaonhatrang.com\/wp-content\/uploads\/2021\/02\/thue-cano-nha-trang-16-1.jpg 750w, https:\/\/tourdaonhatrang.com\/wp-content\/uploads\/2021\/02\/thue-cano-nha-trang-16-1-300x200.jpg 300w, https:\/\/tourdaonhatrang.com\/wp-content\/uploads\/2021\/02\/thue-cano-nha-trang-16-1-400x267.jpg 400w, https:\/\/tourdaonhatrang.com\/wp-content\/uploads\/2021\/02\/thue-cano-nha-trang-16-1-600x400.jpg 600w\" sizes=\"auto, (max-width: 750px) 100vw, 750px\" \/><figcaption id=\"caption-attachment-35949\" class=\"wp-caption-text\">Thu\u00ea ca n\u00f4 \u0111i V\u1ecbnh San H\u00f4 Nha Trang<\/figcaption><\/figure>\n<h3><span class=\"ez-toc-section\" id=\"Trai_nghiem_khi_thue_cano_di_dao_Nha_Trang\"><\/span>Tr\u1ea3i nghi\u1ec7m khi thu\u00ea cano \u0111i \u0111\u1ea3o Nha Trang<span class=\"ez-toc-section-end\"><\/span><\/h3>\n<p>M\u1ed7i ng\u01b0\u1eddi c\u00f3 s\u1edf th\u00edch t\u00ednh c\u00e1ch v\u00e0 mong mu\u1ed1n kh\u00e1c nhau, \u0111\u1eb7c bi\u1ec7t l\u00e0 qu\u1ef7 th\u1eddi gian v\u00e0 t\u00e0i ch\u00ednh c\u1ee7a t\u1eebng gia \u0111\u00ecnh m\u00e0 \u0111\u01b0a ra s\u1ef1 l\u1ef1a ch\u1ecdn ph\u00f9 h\u1ee3p nh\u1ea5t.<\/p>\n<h4><span class=\"ez-toc-section\" id=\"Nguoi_thich_rieng_tu\"><\/span><strong>Ng\u01b0\u1eddi th\u00edch ri\u00eang t\u01b0<\/strong><span class=\"ez-toc-section-end\"><\/span><\/h4>\n<p>N\u1ebfu c\u00e1c b\u1ea1n l\u00e0 ng\u01b0\u1eddi th\u00edch s\u1ef1 ri\u00eang t\u01b0 th\u00ec thu\u00ea cano ri\u00eang l\u00e0 s\u1ef1 l\u1ef1a ch\u1ecdn h\u1ee3p l\u00fd, thu\u00ea cano ri\u00eang l\u00e0 thu\u00ea d\u1ecbch v\u1ee5 ri\u00eang, ch\u1ec9 c\u00f3 gia \u0111\u00ecnh v\u00e0 b\u1ea1n b\u00e8 c\u1ee7a b\u1ea1n tr\u00ean chi\u1ebfc cano \u0111\u00f3. B\u1ea1n mu\u1ed1n l\u00e0m g\u00ec, mu\u1ed1n \u0111i \u0111\u1ea3o n\u00e0o, mu\u1ed1n d\u1eebng l\u1ea1i bao l\u00e2u hay v\u1ec1 lu\u00f4n th\u00ec \u0111\u00f3 l\u00e0 quy\u1ec1n c\u1ee7a b\u1ea1n.<\/p>\n<h4><span class=\"ez-toc-section\" id=\"Nguoi_co_dieu_kien_kinh_te\"><\/span><strong>Ng\u01b0\u1eddi c\u00f3 \u0111i\u1ec1u ki\u1ec7n kinh t\u1ebf<\/strong><span class=\"ez-toc-section-end\"><\/span><\/h4>\n<p>V\u1edbi nh\u1eefng gia \u0111\u00ecnh v\u1eeba \u01b0a th\u00edch s\u1ef1 ri\u00eang t\u01b0, v\u1eeba c\u00f3 \u0111i\u1ec1u ki\u1ec7n kinh t\u1ebf th\u00ec vi\u1ec7c thu\u00ea ri\u00eang cano \u0111\u1ec3 tham quan \u0111\u1ea3o ho\u1eb7c \u0111i theo tour ri\u00eang \u0111\u1ec3 tham quan \u0111\u1ea3o l\u00e0 l\u1ef1a ch\u1ecdn r\u1ea5t h\u1ee3p l\u00fd.<\/p>\n<h4><span class=\"ez-toc-section\" id=\"Nguoi_di_theo_doan_nhom\"><\/span><strong>Ng\u01b0\u1eddi \u0111i theo \u0111o\u00e0n, nh\u00f3m<\/strong><span class=\"ez-toc-section-end\"><\/span><\/h4>\n<p>N\u1ebfu b\u1ea1n \u0111i v\u1edbi gia \u0111\u00ecnh v\u00e0 nh\u00f3m b\u1ea1n t\u1eeb 7 \u2013 10 ng\u01b0\u1eddi ho\u1eb7c h\u01a1n th\u1ebf, th\u00ec vi\u1ec7c thu\u00ea cano ri\u00eang r\u1ea5t hay, n\u1ebfu t\u00ednh chia \u0111\u1ea7u ng\u01b0\u1eddi th\u00ec c\u00f3 th\u1ec3 r\u1ebb v\u00e0 tho\u1ea3i m\u00e1i h\u01a1n \u0111i theo tour gh\u00e9p trong ng\u00e0y \u0111\u00f3 \u1ea1.<\/p>\n<h4><span class=\"ez-toc-section\" id=\"Nguoi_ua_thich_toc_do\"><\/span><strong>Ng\u01b0\u1eddi \u01b0a th\u00edch t\u1ed1c \u0111\u1ed9<\/strong><span class=\"ez-toc-section-end\"><\/span><\/h4>\n<p>B\u1ea1n l\u00e0 ng\u01b0\u1eddi \u01b0a th\u00edch t\u1ed1c \u0111\u1ed9 v\u00e0 mu\u1ed1n tr\u1ea3i nghi\u1ec7m c\u1ea3m gi\u00e1c ph\u01b0u l\u01b0u khi cano l\u01b0\u1edbt tr\u00ean m\u1eb7t bi\u1ec3n hay l\u00e0m v\u00e0i v\u00f2ng \u0111\u00e1nh tay l\u00e1i th\u00ec ch\u1ea7n ch\u1edd g\u00ec kh\u00f4ng l\u1ef1a ch\u1ecdn h\u00ecnh th\u1ee9c n\u00e0y \u0111\u00fang kh\u00f4ng n\u00e0o<\/p>\n<h4><span class=\"ez-toc-section\" id=\"Nguoi_muon_thue_cano_de_di_tham_quan_cac_dao_ma_minh_thich\"><\/span><strong>Ng\u01b0\u1eddi mu\u1ed1n thu\u00ea cano \u0111\u1ec3 \u0111i tham quan c\u00e1c \u0111\u1ea3o m\u00e0 m\u00ecnh th\u00edch<\/strong><span class=\"ez-toc-section-end\"><\/span><\/h4>\n<p>N\u1ebfu b\u1ea1n th\u00edch \u0111\u1ebfn nh\u1eefng \u0111\u1ea3o m\u00e0 kh\u00f4ng c\u00f3 trong nh\u1eefng ch\u01b0\u01a1ng tr\u00ecnh tour gh\u00e9p th\u00ec thu\u00ea cano ri\u00eang \u0111\u1ec3 \u0111\u1ebfn nh\u1eefng \u0111\u1ea3o \u0111\u00f3 l\u00e0 \u0111i\u1ec1u m\u00e0 b\u1ea1n n\u00ean l\u00e0m n\u00e8.<\/p>\n<h4><span class=\"ez-toc-section\" id=\"Nguoi_muon_thue_cano_de_di_lan_ngam_san_ho\"><\/span><strong>Ng\u01b0\u1eddi mu\u1ed1n thu\u00ea cano \u0111\u1ec3 \u0111i l\u1eb7n ng\u1eafm san h\u00f4<\/strong><span class=\"ez-toc-section-end\"><\/span><\/h4>\n<p>Th\u00f4ng th\u01b0\u1eddng b\u1ea1n n\u00e0o kh\u00f4ng mu\u1ed1n \u0111i tham quan \u0111\u1ea3o m\u00e0 ch\u1ec9 mu\u1ed1n \u0111i l\u1eb7n ng\u1eafm san h\u00f4 hay \u0111i b\u1ed9 d\u01b0\u1edbi bi\u1ec3n th\u00ec s\u1ebd l\u1ef1a ch\u1ecdn h\u00ecnh th\u1ee9c thu\u00ea cano, thu\u00ea cano r\u1ed3i \u0111\u1ebfn th\u1eb3ng \u0111i\u1ec3m l\u1eb7n v\u00e0 \u0111i b\u1ed9 cho nhanh g\u1ecdn l\u1eb9 \u0111\u00f3 m\u00e0<\/p>\n<blockquote><p>\u53c2\u89c1\uff1a <a href=\"https:\/\/tourdaonhatrang.com\/zh\/%e5%88%80%e6%b8%b8\/thue-cano-nha-trang\/\"><strong>\u82bd\u5e84\u72ec\u6728\u821f\u79df\u8d41<\/strong><\/a><\/p><\/blockquote>\n<h3><span class=\"ez-toc-section\" id=\"Review_hanh_trinh_thue_cano_di_3_dao_co_Vinh_San_Ho_Nha_Trang\"><\/span>Review h\u00e0nh tr\u00ecnh thu\u00ea cano \u0111i 3 \u0111\u1ea3o c\u00f3 V\u1ecbnh San H\u00f4 Nha Trang<span class=\"ez-toc-section-end\"><\/span><\/h3>\n<p>D\u01b0\u1edbi \u0111\u00e2y l\u00e0 h\u00e0nh tr\u00ecnh thu\u00ea cano \u0111i V\u1ecbnh San H\u00f4, L\u00e0ng Ch\u00e0i, H\u00f2n T\u1eb1m, c\u00e1c b\u1ea1n c\u00f3 th\u1ec3 tham kh\u1ea3o qua nh\u00e9, ch\u00fang bao g\u1ed3m c\u1ea3 nh\u1eefng th\u00f4ng tin th\u01b0\u01a1ng \u0111\u1ed1i chi ti\u1ebft v\u1ec1 c\u00e1c \u0111\u1ea3o m\u00e0 m\u00ecnh \u0111\u00e3 \u0111i qua v\u00e0 tr\u00e3i nghi\u1ec7m.<\/p>\n<p>8h30: Sau khi \u0111\u00e3 \u0103n s\u00e1ng, c\u00e1c b\u1ea1n xu\u1ea5t ph\u00e1t t\u1eeb kh\u00e1ch s\u1ea1n ra \u0111\u01b0\u1eddng Tr\u1ea7n Ph\u00fa, di chuy\u1ec3n b\u1eb1ng taxi, grad, hay xe gia \u0111\u00ecnh xu\u1ed1ng c\u1ea3ng du l\u1ecbch V\u0129nh Tr\u01b0\u1eddng Nha Trang. \u0110\u1ecba Ch\u1ec9: 388 V\u00f5 Th\u1ecb S\u00e1u, P V\u0129nh Nguy\u00ean, TP Nha Trang. T\u1eeb \u0111\u01b0\u1eddng Tr\u1ea7n Ph\u00fa b\u1ea1n \u0111i xu\u1ed1ng c\u1ea3ng kh\u00e1 g\u1ea7n, t\u1ea7m 3 km<\/p>\n<p>C\u00f3 m\u1ed9t l\u01b0u \u00fd d\u00e0nh cho c\u00e1c b\u1ea1n \u0111\u00f3 l\u00e0 n\u1ebfu c\u00e1c b\u1ea1n \u0111\u00e3 \u0111\u1eb7t d\u1ecbch v\u1ee5 cano \u1edf m\u1ed9t c\u00f4ng ty du l\u1ecbch uy t\u00edn r\u1ed3i th\u00ec \u0111\u1eebng nghe c\u00e1c b\u00e1c t\u00e0i x\u1ebf l\u00f4i k\u00e9o t\u01b0 v\u1ea5n nh\u1eefng \u0111\u1ecba \u0111i\u1ec3m thu\u00ea cano v\u1edbi gi\u00e1 r\u1ebb h\u01a1n nh\u00e9, v\u00ec th\u01b0\u1eddng c\u00e1c b\u1ea1n s\u1ebd \u0111\u01b0\u1ee3c s\u1eed d\u1ee5ng m\u1ed9t d\u1ecbch v\u1ee5 kh\u00f4ng t\u1ed1t, cano ch\u1edf kh\u00f4ng \u0111\u1ee7 \u0111i\u1ec3m v\u00e0 ch\u1edf \u0111\u1ebfn nh\u1eefng nh\u00e0 h\u00e0ng \u0103n u\u1ed1ng v\u1edbi gi\u00e1 c\u1eaft c\u1ed5 \u0111\u1ec3 b\u00f9 l\u1ea1i chi ph\u00ed thu\u00ea cano r\u1ebb m\u00e0 b\u1ea1n \u0111\u00e3 \u0111\u1eb7t.<\/p>\n<p>9h45: Sau khi xu\u1ed1ng c\u1ea3ng du l\u1ecbch Nha Trang th\u00ec li\u00ean h\u1ec7 v\u1edbi s\u1ed1 \u0111i\u1ec7n tho\u1ea1i \u1edf c\u1ea3ng \u0111\u00e3 \u0111\u1eb7t tr\u01b0\u1edbc ra \u0111\u00f3n. Sau \u0111\u00f3 c\u00e1c anh h\u1ed7 tr\u1ee3 xu\u1ed1ng cano, m\u1eb7c \u00e1o phao chu\u1ea9n b\u1ecb xu\u1ea5t ph\u00e1t \u0111\u1ebfn v\u1edbi \u0111\u1ea3o \u0111\u1ea7u ti\u00ean \u0111\u00f3 l\u00e0 V\u1ecbnh San H\u00f4.<\/p>\n<p>9h00: Cano di chuy\u1ec3n \u0111\u1ebfn V\u1ecbnh San H\u00f4, c\u00e1c b\u1ea1n \u0111\u1ebfn \u0111\u1ea3o, l\u00ean b\u1edd s\u1ebd di chuy\u1ec3n v\u00e0o trong mua v\u00e9 t\u1ea1i qu\u1ea7y v\u00e9. V\u00e9 v\u00e0o c\u1ed5ng \u1edf \u0111\u00e2y l\u00e0 70k\/ ng\u01b0\u1eddi.V\u00e9 n\u00e0y c\u00e1c b\u1ea1n v\u00e0o s\u1ebd \u0111\u01b0\u1ee3c \u0111i tham quan quanh \u0111\u1ea3o v\u00e0 t\u1eafm bi\u1ec3n t\u1ea1i \u0111\u1ea3o.<\/p>\n<p>\u1ede \u0111\u00e2y c\u00f3 c\u00e1c d\u1ecbch v\u1ee5 l\u1eb7n ng\u1eafm san h\u00f4 kh\u00e1c nhau nh\u01b0: \u0111i t\u00e0u \u0111\u00e1y k\u00ednh v\u00e0 thuy\u1ec1n th\u00fang \u0111\u00e1y k\u00ednh \u0111\u1ec3 ng\u1eafm san h\u00f4, s\u1eed d\u1ee5ng m\u1eaft k\u00ednh \u1ed1ng th\u1edf \u00e1o phao \u0111\u1ec3 b\u01a1i v\u00e0 ng\u1eafm san h\u00f4 g\u1ea7n b\u1edd. N\u1ebfu c\u00e1c b\u1ea1n mu\u1ed1n l\u1eb7n s\u00e2u \u0111\u1ec3 ng\u1eafm san h\u00f4 \u0111\u1eb9p h\u01a1n th\u00ec c\u00f3 d\u1ecbch v\u1ee5 l\u1eb7n b\u1eb1ng b\u00ecnh oxy v\u1edbi gi\u00e1 500k\/ ng\u01b0\u1eddi ho\u1eb7c \u0111i b\u1ed9 d\u01b0\u1edbi bi\u1ec3n v\u1edbi gi\u00e1 800k\/ ng\u01b0\u1eddi. (N\u1ebfu b\u1ea1n n\u00e0o c\u00f3 nhu c\u1ea7u l\u1eb7n b\u00ecnh oxy hay \u0111i b\u1ed9 th\u00ec cano s\u1ebd ch\u1edf \u0111\u1ebfn \u0111i\u1ec3m l\u1eb7n s\u00e2u nh\u00e9).<\/p>\n<ul>\n<li>Gi\u00e1 \u0111i m\u00f4 t\u00f4 n\u01b0\u1edbc l\u00e0 800k\/ 2 ng\u01b0\u1eddi<\/li>\n<li>Gi\u00e1 \u0111i d\u00f9 bay l\u00e0 650k\/ ng\u01b0\u1eddi<\/li>\n<li>Gi\u00e1 di phao chu\u1ed1i l\u00e0 700k\/ 5 ng\u01b0\u1eddi<\/li>\n<\/ul>\n<p>Tr\u1eddi n\u1eafng \u0111\u1eb9p n\u00ean bi\u1ec3n c\u1ef1c k\u1ef3 trong xanh, khung c\u1ea3nh quanh \u0111\u1ea3o kh\u00f4ng c\u00f3 g\u00ec tham quan ngo\u00e0i nh\u1eefng ngh\u1ebf l\u1ec1u ng\u1ed3i ngh\u1ec9 ng\u01a1i v\u00e0 \u0103n u\u1ed1ng. N\u1ebfu \u0111\u1ebfn \u0111\u00e2y th\u00ec ch\u1ee7 y\u1ebfu l\u00e0 t\u1eafm bi\u1ec3n v\u00e0 ng\u1eafm san h\u00f4 th\u00f4i b\u1ea1n \u1ea1. Sau khi t\u1eafm bi\u1ec3n vui ch\u01a1i th\u1ea3 ga th\u00ec c\u1ea3 nh\u00e0 \u0111\u00e3 th\u1ea5y \u0111\u00f3i b\u1ee5ng, c\u00e1c anh l\u00e1i cano b\u1eaft \u0111\u1ea7u ch\u1edf m\u00ecnh \u0111\u1ebfn nh\u00e0 h\u00e0ng \u1edf khu v\u1ef1c l\u00e0ng ch\u00e0i \u0111\u1ec3 d\u00f9ng c\u01a1m tr\u01b0a.<\/p>\n<p>11h00: Di chuy\u1ec3n \u0111\u1ebfn L\u00e0ng ch\u00e0i \u0103n tr\u01b0a, \u1edf \u0111\u00e2y c\u00f3 r\u1ea5t nhi\u1ec1u nh\u00e0 b\u00e8 nu\u00f4i h\u1ea3i s\u1ea3n, m\u00ecnh gh\u00e9 v\u00e0o nh\u00e0 h\u00e0ng \u2026.. T\u1ea1i \u0111\u00e2y c\u00f3 c\u00e1c l\u1ed3ng b\u00e8 nu\u00f4i h\u1ea3i s\u1ea3n t\u01b0\u01a1i s\u1ed1ng, gi\u00e1 c\u1ea3 c\u0169ng h\u1ee3p l\u00fd. \u0102n xong ngh\u1ec9 ng\u01a1i th\u00ec c\u00e1c b\u1ea1n l\u1ea1i ti\u1ebfp t\u1ee5c di chuy\u1ec3n \u0111\u1ebfn \u0111\u1ea3o H\u00f2n T\u1eb1m Nha Trang.<\/p>\n<p>13h00: C\u00f3 m\u1eb7t t\u1ea1i \u0111\u1ea3o H\u00f2n T\u1eb1m, \u0111\u1ea3o <a href=\"https:\/\/hontamnhatrang.com\/tour-du-lich-dao-nha-trang\/\" rel=\"noopener\"><strong>\u82bd\u5e84\u5e02\u8c2d\u5148\u751f<\/strong><\/a> kh\u00e1 th\u01a1 m\u1ed9ng v\u00e0 l\u00e3ng m\u1ea1ng, c\u00e1c b\u1ea1n t\u1edbi \u0111\u00e2y c\u00f3 th\u1ec3 tham quan, t\u1eafm bi\u1ec3n v\u00e0 s\u1eed d\u1ee5ng d\u1ecbch v\u1ee5 t\u1eafm b\u00f9n t\u1eafm kho\u00e1ng nh\u00e9.<\/p>\n<p>M\u00ecnh \u0111\u00e3 c\u00f3 tr\u00e3i nghi\u1ec7m c\u1ef1c t\u1ed1t t\u1ea1i \u0111\u00e2y, v\u1edbi d\u1ecbch v\u1ee5 ng\u00e2m b\u00f9n kho\u00e1ng n\u00f3ng tr\u00ean \u0111\u1ea3o l\u1edbn nh\u1ea5t t\u1ea1i Vi\u1ec7t Nam, h\u00f2a m\u00ecnh trong l\u00e0n n\u01b0\u1edbc m\u00e1t t\u1ea1i h\u1ed3 b\u01a1i v\u00f4 c\u1ef1c nh\u00ecn ra v\u1ecbnh bi\u1ec3n Nha Trang xanh ng\u1eaft, ngo\u00e0i ra c\u00f2n c\u00f3 h\u1ed3 s\u1ee5c Jaccuzzi v\u1edbi thi\u1ebft k\u1ebf \u0111\u1ed9c \u0111\u00e1o l\u00e0m m\u00ecnh th\u1ea5y th\u00edch th\u00fa nh\u1ea5t.<\/p>\n<p>T\u1edbi \u0111\u00e2y m\u00ecnh mua tr\u01b0\u1edbc v\u00e9 t\u1eafm b\u00f9n t\u1eafm kho\u00e1ng t\u1eafm h\u1ed3 b\u01a1i v\u1edbi gi\u00e1 390k, c\u00e1c b\u1ea1n c\u00f3 th\u1ec3 tham kh\u1ea3o qua c\u00e1c g\u00f3i t\u1eafm b\u00f9n H\u00f2n T\u1eb1m t\u1ea1i \u0111\u00e2y nh\u00e9<\/p>\n<p>15h30: Sau khi ch\u01a1i \u1edf H\u00f2n T\u1eb1m th\u1ecfa th\u00edch th\u00ec m\u1ecdi ng\u01b0\u1eddi kh\u00e1 \u0111u\u1ed1i r\u1ed3i, c\u00e1c b\u1ea1n chu\u1ea9n b\u1ecb v\u1ec1 l\u1ea1i c\u1ea3ng<\/p>\n<p>15h:45 L\u00ean xe \u0111\u1ec3 v\u1ec1 kh\u00e1ch s\u1ea1n ngh\u1ec9 ng\u01a1i th\u00f4i, k\u1ebft th\u00fac chuy\u1ebfn thu\u00ea cano ri\u00eang \u0111i <a href=\"https:\/\/tourdaonhatrang.com\/zh\/\"><strong>\u82bd\u5e84\u5c9b\u4e4b\u65c5<\/strong><\/a> \u0111\u1ea7y th\u00fa v\u1ecb v\u00e0 tr\u1ecdn v\u1eb9n.<\/p>\n<p>\u53c2\u89c1\uff1a <a href=\"https:\/\/tourdaonhatrang.com\/zh\/%e5%88%80%e6%b8%b8\/thue-du-thuyen-nha-trang\/\"><strong>\u82bd\u5e84\u6e38\u8247\u79df\u8d41<\/strong><\/a><\/p>","protected":false},"excerpt":{"rendered":"<h3><span style=\"color: #0000ff;\"><strong>\u79df\u4e00\u8258\u72ec\u6728\u821f\u53bb\u82bd\u5e84\u73ca\u745a\u6e7e<\/strong><\/span><\/h3>\n<ul>\n<li>\u6e38\u89c81\u4e2a\u5c9b\u5c7f\uff1aMini Beach\u3001Vipearl<\/li>\n<li>2\u5c9b\u6e38\uff1aBai Tranh - Hon Soi<\/li>\n<li>\u4e09\u5c9b\u6e38\uff1aHon Mun \u2013 \u6e14\u6751 \u2013 Hon Tam<\/li>\n<li>\u72ec\u6728\u821f\u79df\u8d41\u662f\u6309\u4eba\u6570\u8ba1\u7b97\u7684\u3002.<\/li>\n<li><strong><span style=\"color: #0000ff;\">\u4f18\u60e0 5%<\/span><\/strong><\/li>\n<\/ul>\n<div class=\"hJDwNd-AhqUyc-qWD73c purZT-AhqUyc-II5mzb pSzOP-AhqUyc-qWD73c JNdkSc\">\n<div class=\"JNdkSc-SmKAyb\">\n<div class=\"\">\n<div class=\"oKdM2c Kzv0Me\"><\/div>\n<\/div>\n<\/div>\n<\/div>\n<div class=\"hJDwNd-AhqUyc-qWD73c purZT-AhqUyc-II5mzb pSzOP-AhqUyc-qWD73c JNdkSc\">\n<div class=\"JNdkSc-SmKAyb\">\n<div class=\"\">\n<div class=\"oKdM2c Kzv0Me\">\n<div id=\"h.f128f2fe5256b73_1433\" class=\"hJDwNd-AhqUyc-qWD73c jXK9ad D2fZ2 OjCsFc wHaque GNzUNc\">\n<div class=\"jXK9ad-SmKAyb\">\n<div class=\"tyJCtd mGzaTb baZpAe\">\n<div class=\"row row-small mua-ngay-button\">\n<div class=\"cot1 medium-6 small-12 large-6\">\n<div class=\"col-inner\"><a class=\"button primary is-large lowercase expand\" style=\"border-radius: 3px;\" href=\"https:\/\/zalo.me\/0849256256\" target=\"_blank\" rel=\"noopener noreferrer\"><i class=\"icon-checkmark\"><\/i> \u804a\u5929 Zalo<br \/>\n<\/a><\/div>\n<\/div>\n<div class=\"cot2 medium-6 small-12 large-6\">\n<div class=\"col-inner\"><a class=\"button success is-large lowercase expand\" style=\"border-radius: 3px;\" href=\"https:\/\/tourdaonhatrang.com\/zh\/%e8%8a%bd%e5%ba%84%e7%8b%ac%e6%9c%a8%e8%88%9f%e7%a7%9f%e8%b5%81\/\" target=\"_self\" rel=\"noopener\">\u7acb\u5373\u9884\u8ba2\u72ec\u6728\u821f<\/a><\/div>\n<\/div>\n<\/div>\n<\/div>\n<\/div>\n<\/div>\n<\/div>\n<\/div>\n<\/div>\n<\/div>","protected":false},"featured_media":26911,"comment_status":"open","ping_status":"closed","template":"","meta":[],"product_brand":[],"product_cat":[644],"product_tag":[88],"class_list":{"0":"post-1505","1":"product","2":"type-product","3":"status-publish","4":"has-post-thumbnail","6":"product_cat-thue-cano","7":"product_tag-thue-cano-nha-trang","9":"first","10":"instock","11":"shipping-taxable","12":"product-type-simple"},"_links":{"self":[{"href":"https:\/\/tourdaonhatrang.com\/zh\/wp-json\/wp\/v2\/product\/1505","targetHints":{"allow":["GET"]}}],"collection":[{"href":"https:\/\/tourdaonhatrang.com\/zh\/wp-json\/wp\/v2\/product"}],"about":[{"href":"https:\/\/tourdaonhatrang.com\/zh\/wp-json\/wp\/v2\/types\/product"}],"replies":[{"embeddable":true,"href":"https:\/\/tourdaonhatrang.com\/zh\/wp-json\/wp\/v2\/comments?post=1505"}],"wp:featuredmedia":[{"embeddable":true,"href":"https:\/\/tourdaonhatrang.com\/zh\/wp-json\/wp\/v2\/media\/26911"}],"wp:attachment":[{"href":"https:\/\/tourdaonhatrang.com\/zh\/wp-json\/wp\/v2\/media?parent=1505"}],"wp:term":[{"taxonomy":"product_brand","embeddable":true,"href":"https:\/\/tourdaonhatrang.com\/zh\/wp-json\/wp\/v2\/product_brand?post=1505"},{"taxonomy":"product_cat","embeddable":true,"href":"https:\/\/tourdaonhatrang.com\/zh\/wp-json\/wp\/v2\/product_cat?post=1505"},{"taxonomy":"product_tag","embeddable":true,"href":"https:\/\/tourdaonhatrang.com\/zh\/wp-json\/wp\/v2\/product_tag?post=1505"}],"curies":[{"name":"wp","href":"https:\/\/api.w.org\/{rel}","templated":true}]}}