{"id":1590,"date":"2021-02-10T19:13:19","date_gmt":"2021-02-10T12:13:19","guid":{"rendered":"https:\/\/tourdao.com.vn\/?post_type=product&#038;p=1590"},"modified":"2025-12-08T13:58:08","modified_gmt":"2025-12-08T06:58:08","slug":"tour-du-thuyen-nha-trang-ban-dem","status":"publish","type":"product","link":"https:\/\/tourdaonhatrang.com\/zh\/tour-du-thuyen-nha-trang-ban-dem\/","title":{"rendered":"\u82bd\u5e84\u591c\u95f4\u6e38\u8f6e\u4e4b\u65c5|\u4e0b\u5348 3:30 \u2013 \u665a\u4e0a 8:30"},"content":{"rendered":"<p>Tour du thuy\u1ec1n Nha Trang ban \u0111\u00eam ng\u1eafm ho\u00e0ng h\u00f4n l\u00e0 l\u1ef1a ch\u1ecdn th\u00fa v\u1ecb. Ch\u01b0\u01a1ng tr\u00ecnh tour n\u00e0y th\u00edch h\u1ee3p v\u1edbi nh\u1eefng ng\u01b0\u1eddi c\u1ea3m th\u1ea5y m\u1ec7t m\u1ecfi v\u1edbi \u00e1nh n\u1eafng gay g\u1eaft v\u00e0 mu\u1ed1n t\u00ecm l\u1ea1i nh\u1eefng c\u01a1n gi\u00f3 h\u00e8 m\u00e1t l\u1ea1nh. \u0110\u00e2y c\u0169ng l\u00e0 l\u1ef1a ch\u1ecdn tuy\u1ec7t v\u1eddi cho bu\u1ed5i h\u1eb9n h\u00f2 l\u00e3ng m\u1ea1n hay ti\u1ec7c t\u00f9ng v\u1edbi b\u1ea1n b\u00e8.<\/p>\n<p>Qu\u00fd kh\u00e1ch c\u00f3 th\u1ec3 tham gia ch\u01b0\u01a1ng tr\u00ecnh gh\u00e9p \u0111o\u00e0n ho\u1eb7c thu\u00ea tr\u1ecdn du thuy\u1ec1n \u0111\u1ec3 t\u1eadn h\u01b0\u1edfng s\u1ef1 ri\u00eang t\u01b0.<\/p>\n<div id=\"ez-toc-container\" class=\"ez-toc-v2_0_82_2 counter-hierarchy ez-toc-counter ez-toc-grey ez-toc-container-direction\">\n<div class=\"ez-toc-title-container\">\n<p class=\"ez-toc-title\" style=\"cursor:inherit\">\u5185\u5bb9<\/p>\n<span class=\"ez-toc-title-toggle\"><a href=\"#\" class=\"ez-toc-pull-right ez-toc-btn ez-toc-btn-xs ez-toc-btn-default ez-toc-toggle\" aria-label=\"Toggle Table of Content\"><span class=\"ez-toc-js-icon-con\"><span class=\"\"><span class=\"eztoc-hide\" style=\"display:none;\">\u5207\u6362<\/span><span class=\"ez-toc-icon-toggle-span\"><svg style=\"fill: #999;color:#999\" xmlns=\"http:\/\/www.w3.org\/2000\/svg\" class=\"list-377408\" width=\"20px\" height=\"20px\" viewbox=\"0 0 24 24\" fill=\"none\"><path d=\"M6 6H4v2h2V6zm14 0H8v2h12V6zM4 11h2v2H4v-2zm16 0H8v2h12v-2zM4 16h2v2H4v-2zm16 0H8v2h12v-2z\" fill=\"currentColor\"><\/path><\/svg><svg style=\"fill: #999;color:#999\" class=\"arrow-unsorted-368013\" xmlns=\"http:\/\/www.w3.org\/2000\/svg\" width=\"10px\" height=\"10px\" viewbox=\"0 0 24 24\" version=\"1.2\" baseprofile=\"tiny\"><path d=\"M18.2 9.3l-6.2-6.3-6.2 6.3c-.2.2-.3.4-.3.7s.1.5.3.7c.2.2.4.3.7.3h11c.3 0 .5-.1.7-.3.2-.2.3-.5.3-.7s-.1-.5-.3-.7zM5.8 14.7l6.2 6.3 6.2-6.3c.2-.2.3-.5.3-.7s-.1-.5-.3-.7c-.2-.2-.4-.3-.7-.3h-11c-.3 0-.5.1-.7.3-.2.2-.3.5-.3.7s.1.5.3.7z\"\/><\/svg><\/span><\/span><\/span><\/a><\/span><\/div>\n<nav><ul class='ez-toc-list ez-toc-list-level-1' ><li class='ez-toc-page-1 ez-toc-heading-level-2'><a class=\"ez-toc-link ez-toc-heading-1\" href=\"https:\/\/tourdaonhatrang.com\/zh\/tour-du-thuyen-nha-trang-ban-dem\/#Du_thuyen_dang_cap_%E2%80%93_Hanh_trinh_thu_vi_kham_pha_vinh_Nha_Trang\" >Du thuy\u1ec1n \u0111\u1eb3ng c\u1ea5p &#8211; H\u00e0nh tr\u00ecnh th\u00fa v\u1ecb kh\u00e1m ph\u00e1 v\u1ecbnh Nha Trang<\/a><\/li><li class='ez-toc-page-1 ez-toc-heading-level-2'><a class=\"ez-toc-link ez-toc-heading-2\" href=\"https:\/\/tourdaonhatrang.com\/zh\/tour-du-thuyen-nha-trang-ban-dem\/#Tour_du_thuyen_Nha_Trang_ban_dem_%E2%80%93_Sunset_Yacht_Party\" >Tour du thuy\u1ec1n Nha Trang ban \u0111\u00eam &#8211; Sunset Yacht Party<\/a><ul class='ez-toc-list-level-3' ><li class='ez-toc-heading-level-3'><a class=\"ez-toc-link ez-toc-heading-3\" href=\"https:\/\/tourdaonhatrang.com\/zh\/tour-du-thuyen-nha-trang-ban-dem\/#Tour_bao_gom\" >Tour bao g\u1ed3m:<\/a><\/li><\/ul><\/li><li class='ez-toc-page-1 ez-toc-heading-level-2'><a class=\"ez-toc-link ez-toc-heading-4\" href=\"https:\/\/tourdaonhatrang.com\/zh\/tour-du-thuyen-nha-trang-ban-dem\/#Lich_trinh_tour_du_thuyen_Nha_Trang_ngam_hoang_hon\" >L\u1ecbch tr\u00ecnh tour du thuy\u1ec1n Nha Trang ng\u1eafm ho\u00e0ng h\u00f4n<\/a><ul class='ez-toc-list-level-3' ><li class='ez-toc-heading-level-3'><a class=\"ez-toc-link ez-toc-heading-5\" href=\"https:\/\/tourdaonhatrang.com\/zh\/tour-du-thuyen-nha-trang-ban-dem\/#15h00_den_15h30\" >15h00 \u0111\u1ebfn 15h30<\/a><\/li><li class='ez-toc-page-1 ez-toc-heading-level-3'><a class=\"ez-toc-link ez-toc-heading-6\" href=\"https:\/\/tourdaonhatrang.com\/zh\/tour-du-thuyen-nha-trang-ban-dem\/#16h20\" >16h20<\/a><\/li><li class='ez-toc-page-1 ez-toc-heading-level-3'><a class=\"ez-toc-link ez-toc-heading-7\" href=\"https:\/\/tourdaonhatrang.com\/zh\/tour-du-thuyen-nha-trang-ban-dem\/#17h50\" >17h50<\/a><\/li><li class='ez-toc-page-1 ez-toc-heading-level-3'><a class=\"ez-toc-link ez-toc-heading-8\" href=\"https:\/\/tourdaonhatrang.com\/zh\/tour-du-thuyen-nha-trang-ban-dem\/#18h30\" >18h30<\/a><\/li><li class='ez-toc-page-1 ez-toc-heading-level-3'><a class=\"ez-toc-link ez-toc-heading-9\" href=\"https:\/\/tourdaonhatrang.com\/zh\/tour-du-thuyen-nha-trang-ban-dem\/#20h00\" >20:00<\/a><\/li><\/ul><\/li><li class='ez-toc-page-1 ez-toc-heading-level-2'><a class=\"ez-toc-link ez-toc-heading-10\" href=\"https:\/\/tourdaonhatrang.com\/zh\/tour-du-thuyen-nha-trang-ban-dem\/#Luu_y\" >\u7b14\u8bb0<\/a><\/li><\/ul><\/nav><\/div>\n<h2><span class=\"ez-toc-section\" id=\"Du_thuyen_dang_cap_%E2%80%93_Hanh_trinh_thu_vi_kham_pha_vinh_Nha_Trang\"><\/span>Du thuy\u1ec1n \u0111\u1eb3ng c\u1ea5p &#8211; H\u00e0nh tr\u00ecnh th\u00fa v\u1ecb kh\u00e1m ph\u00e1 v\u1ecbnh Nha Trang<span class=\"ez-toc-section-end\"><\/span><\/h2>\n<p>Tr\u1ea3i nghi\u1ec7m du thuy\u1ec1n quanh qu\u1ea7n \u0111\u1ea3o ph\u00eda Nam Nha Trang v\u00e0 ng\u1eafm nh\u00ecn th\u00e0nh ph\u1ed1. Qu\u00fd kh\u00e1ch c\u00f3 th\u1ec3 ch\u1ecdn tour ban ng\u00e0y, tour ban \u0111\u00eam ng\u1eafm ho\u00e0ng h\u00f4n \u0111\u1ec3 c\u00f3 th\u1ec3 th\u01b0 gi\u00e3n v\u00e0 t\u1eadn h\u01b0\u1edfng d\u1ecbch v\u1ee5 ch\u1ea5t l\u01b0\u1ee3ng b\u00ean c\u1ea1nh c\u00e1c ho\u1ea1t \u0111\u1ed9ng gi\u1ea3i tr\u00ed bi\u1ec3n kh\u00e1c nhau.<\/p>\n<p><img loading=\"lazy\" decoding=\"async\" src=\"https:\/\/tourdaonhatrang.com\/wp-content\/uploads\/2020\/12\/du-thuyen-nha-trang-ban-dem.jpg\" alt=\"Tour du thuy\u1ec1n Nha Trang ban \u0111\u00eam\" width=\"750\" height=\"500\" title=\"\"><\/p>\n<p>Tour ng\u1eafn v\u1edbi h\u00e0nh tr\u00ecnh t\u00f9y ch\u1ecdn c\u0169ng l\u00e0 l\u1ef1a ch\u1ecdn th\u00fa v\u1ecb. Qu\u00fd kh\u00e1ch c\u00f3 th\u1ec3 tham gia ch\u01b0\u01a1ng tr\u00ecnh gh\u00e9p \u0111o\u00e0n ho\u1eb7c thu\u00ea tr\u1ecdn du thuy\u1ec1n \u0111\u1ec3 t\u1eadn h\u01b0\u1edfng s\u1ef1 ri\u00eang t\u01b0.<\/p>\n<blockquote><p>\u53c2\u89c1\uff1a <strong><a href=\"https:\/\/hontamnhatrang.com\/\" rel=\"noopener\">\u82bd\u5e84\u5e02\u8c2d\u5148\u751f<\/a><\/strong><\/p><\/blockquote>\n<h2><span class=\"ez-toc-section\" id=\"Tour_du_thuyen_Nha_Trang_ban_dem_%E2%80%93_Sunset_Yacht_Party\"><\/span>Tour du thuy\u1ec1n Nha Trang ban \u0111\u00eam &#8211; Sunset Yacht Party<span class=\"ez-toc-section-end\"><\/span><\/h2>\n<p>Gi\u00e1 tour: 1.300.000VN\u0110\/kh\u00e1ch.<\/p>\n<p>\u82bd\u5e84\u591c\u95f4\u6e38\u8239\u4e4b\u65c5\u662f\u56e2\u4f53\u65c5\u6e38\u3002.<\/p>\n<p>Kh\u1edfi h\u00e0nh th\u1ee9 5 v\u00e0 th\u1ee9 7 h\u00e0ng tu\u1ea7n t\u1ea1i B\u1ebfn Du Thuy\u1ec1n Ana Mariana<\/p>\n<p>Th\u1eddi gian th\u1ef1c hi\u1ec7n: 15h00 \u0111\u1ebfn 20h00.<\/p>\n<h3><span class=\"ez-toc-section\" id=\"Tour_bao_gom\"><\/span>Tour bao g\u1ed3m:<span class=\"ez-toc-section-end\"><\/span><\/h3>\n<ul>\n<li>5 gi\u1edd tr\u1ea3i nghi\u1ec7m du thuy\u1ec1n.<\/li>\n<li>\u0110\u1ed3 u\u1ed1ng kh\u00f4ng gi\u1edbi h\u1ea1n.<\/li>\n<li>Bartender chuy\u00ean nghi\u1ec7p.<\/li>\n<li>Set menu BBQ.<\/li>\n<li>\u00c2m nh\u1ea1c xuy\u00ean su\u1ed1t h\u00e0nh tr\u00ecnh<\/li>\n<li>\u65c5\u884c\u4fdd\u9669<\/li>\n<li>Nh\u00e2n vi\u00ean \u0111i c\u00f9ng<\/li>\n<li>Thi\u1ebft b\u1ecb an to\u00e0n<\/li>\n<\/ul>\n<h2><span class=\"ez-toc-section\" id=\"Lich_trinh_tour_du_thuyen_Nha_Trang_ngam_hoang_hon\"><\/span>L\u1ecbch tr\u00ecnh tour du thuy\u1ec1n Nha Trang ng\u1eafm ho\u00e0ng h\u00f4n<span class=\"ez-toc-section-end\"><\/span><\/h2>\n<p>Th\u1eddi gian th\u1ef1c hi\u1ec7n: 15h00 \u0111\u1ebfn 20h00.<\/p>\n<h3><span class=\"ez-toc-section\" id=\"15h00_den_15h30\"><\/span>15h00 \u0111\u1ebfn 15h30<span class=\"ez-toc-section-end\"><\/span><\/h3>\n<p>T\u1eadp trung v\u00e0 check in <strong><a href=\"https:\/\/g.page\/AnaMarinaNhaTrang?share\">\u5b89\u5a1c\u00b7\u739b\u4e3d\u5b89\u5a1c\u00b7\u739b\u4e3d\u5a1c<\/a>,<\/strong> g\u1eb7p g\u1ee1 \u0111\u1ed9i thu\u1ef7 th\u1ee7. Qu\u00fd kh\u00e1ch c\u00f3 th\u1ec3 ch\u1ecdn cho m\u00ecnh \u0111\u1ed3 u\u1ed1ng y\u00eau th\u00edch kh\u00f4ng gi\u1edbi h\u1ea1n c\u00f9ng bartender chuy\u00ean nghi\u1ec7p .<\/p>\n<p><img loading=\"lazy\" decoding=\"async\" src=\"https:\/\/tourdaonhatrang.com\/wp-content\/uploads\/2020\/12\/tour-du-thuyen-nha-trang-2.jpg\" alt=\"Tour du thuy\u1ec1n Nha Trang ban \u0111\u00eam\" width=\"750\" height=\"500\" title=\"\"><\/p>\n<p>H\u00e0nh tr\u00ecnh t\u1edbi \u0111i\u1ec3m d\u1eebng \u0111\u1ea7u ti\u00ean s\u1ebd m\u1ea5t kho\u1ea3ng 40 ph\u00fat, \u0111\u00e2y l\u00e0 kho\u1ea3ng th\u1eddi gian l\u00fd t\u01b0\u1edfng \u0111\u1ec3 t\u1eadn h\u01b0\u1edfng nh\u1eefng c\u01a1n gi\u00f3 bi\u1ec3n, ch\u1ee5p h\u00ecnh k\u1ef7 ni\u1ec7m hay n\u1ebfm th\u1eed ly r\u01b0\u1ee3u Champagne.<\/p>\n<h3><span class=\"ez-toc-section\" id=\"16h20\"><\/span>16h20<span class=\"ez-toc-section-end\"><\/span><\/h3>\n<p>\u0110i\u1ec3m d\u1eebng ch\u00e2n \u0111\u1ea7u ti\u00ean \u2013 v\u1ecbnh Ninh V\u00e2n, \u0111\u00e2y l\u00e0 v\u00f9ng v\u1ecbnh kh\u00e1 y\u00ean b\u00ecnh s\u1edf h\u1eefu r\u1eb7ng san h\u00f4 tuy\u1ec7t \u0111\u1eb9p. Qu\u00fd kh\u00e1ch c\u00f3 th\u1ec3 l\u1eb7n \u1ed1ng th\u1edf hay c\u00e2u c\u00e1 tr\u00ean t\u00e0u, \u00a0t\u1eafm bi\u1ec3n, ng\u1eafm ho\u00e0ng h\u00f4n,&#8230;<\/p>\n<p><img loading=\"lazy\" decoding=\"async\" src=\"https:\/\/tourdaonhatrang.com\/wp-content\/uploads\/2020\/12\/tour-du-thuyen-nha-trang-1.jpg\" alt=\"Tour du thuy\u1ec1n Nha Trang ban \u0111\u00eam\" width=\"750\" height=\"500\" title=\"\"><\/p>\n<h3><span class=\"ez-toc-section\" id=\"17h50\"><\/span>17h50<span class=\"ez-toc-section-end\"><\/span><\/h3>\n<p>Ti\u1ebfp t\u1ee5c kh\u1edfi h\u00e0nh! Qu\u00fd kh\u00e1ch s\u1ebd \u0111\u01b0\u1ee3c th\u01b0\u1edfng th\u1ee9c khung c\u1ea3nh ho\u00e0ng h\u00f4n th\u01a1 m\u1ed9ng d\u01b0\u1edbi l\u00e0n gi\u00f3 bi\u1ec3n m\u00e1t r\u01b0\u1eddi r\u01b0\u1ee3i. Trong l\u00fac \u0111\u00f3 nh\u00e2n vi\u00ean s\u1ebd ch\u1ebf bi\u1ebfn b\u1eefa t\u1ed1i v\u1edbi th\u1ecbt n\u01b0\u1edbng BBQ, h\u1ea3i s\u1ea3n v\u00e0 rau s\u1ea1ch ngay tr\u00ean t\u00e0u.<\/p>\n<p><img loading=\"lazy\" decoding=\"async\" src=\"https:\/\/tourdaonhatrang.com\/wp-content\/uploads\/2020\/12\/tour-du-thuyen-nha-trang-9.jpg\" alt=\"Tour du thuy\u1ec1n Nha Trang ban \u0111\u00eam\" width=\"750\" height=\"500\" title=\"\"><\/p>\n<h3><span class=\"ez-toc-section\" id=\"18h30\"><\/span>18h30<span class=\"ez-toc-section-end\"><\/span><\/h3>\n<p>M\u1eddi qu\u00fd kh\u00e1ch d\u00f9ng b\u1eefa.\u00a0 Ph\u1ee5c v\u1ee5 s\u1ebd gi\u1edbi thi\u1ec7u r\u1ea5t nhi\u1ec1u lo\u1ea1i \u0111\u1ed3 u\u1ed1ng kh\u00e1c nhau, ch\u1eadm r\u00e3i t\u1eadn h\u01b0\u1edfng b\u1eefa t\u1ed1i v\u1edbi t\u1ea7m nh\u00ecn bao tr\u1ecdn t\u1ea7m nh\u00ecn ra bi\u1ec3n \u2013 d\u01b0\u1edbi ti\u1ebfng nh\u1ea1c du d\u01b0\u01a1ng v\u00e0 b\u00ean c\u1ea1nh nh\u1eefng ng\u01b0\u1eddi th\u00e2n y\u00eau.<\/p>\n<p><img loading=\"lazy\" decoding=\"async\" src=\"https:\/\/tourdaonhatrang.com\/wp-content\/uploads\/2020\/12\/tour-du-thuyen-nha-trang-5.jpg\" alt=\"Tour du thuy\u1ec1n Nha Trang ban \u0111\u00eam\" width=\"750\" height=\"500\" title=\"\"><\/p>\n<h3><span class=\"ez-toc-section\" id=\"20h00\"><\/span>20:00<span class=\"ez-toc-section-end\"><\/span><\/h3>\n<p>Quay tr\u1edf v\u1ec1 B\u1ebfn Du Thuy\u1ec1n Ana Mariana, \u0111\u01b0a qu\u00fd kh\u00e1ch tr\u1edf v\u1ec1 kh\u00e1ch s\u1ea1n v\u00e0 r\u1ea5t h\u00e2n h\u1ea1nh \u0111\u01b0\u1ee3c ph\u1ee5c v\u1ee5 qu\u00fd kh\u00e1ch v\u00e0o chuy\u1ebfn \u0111i ti\u1ebfp theo.<\/p>\n<h2><span class=\"ez-toc-section\" id=\"Luu_y\"><\/span>\u7b14\u8bb0<span class=\"ez-toc-section-end\"><\/span><\/h2>\n<ul>\n<li>V\u00ec tour gi\u1edbi h\u1ea1n s\u1ed1 l\u01b0\u1ee3ng ng\u01b0\u1eddi n\u00ean qu\u00fd kh\u00e1ch vui l\u00f2ng \u0111\u1eb7t tr\u01b0\u1edbc 4 ng\u00e0y.<\/li>\n<li>Qu\u00fd kh\u00e1ch vui l\u00f2ng c\u00f3 m\u1eb7t \u1edf b\u1ebfn t\u00e0u tr\u01b0\u1edbc 10 ph\u00fat so v\u1edbi gi\u1edd h\u1eb9n \u0111\u1ec3 \u0111\u1ea3m b\u1ea3o quy\u1ec1n l\u1ee3i c\u00e1 nh\u00e2n.<\/li>\n<li>Qu\u00fd kh\u00e1ch n\u00ean chu\u1ea9n b\u1ecb thu\u1ed1c say s\u00f3ng c\u0169ng nh\u01b0 kem ch\u1ed1ng n\u1eafng \u0111\u1ec3 t\u1eadn h\u01b0\u1edfng tr\u1ea3i nghi\u1ec7m t\u1ed1t nh\u1ea5t.<\/li>\n<li>Qu\u00fd kh\u00e1ch n\u00ean m\u1eb7c trang ph\u1ee5c b\u01a1i, k\u00ednh m\u00e1t v\u00e0 m\u0169 n\u00f3n c\u00e1c lo\u1ea1i. C\u0169ng n\u00ean chu\u1ea9n b\u1ecb qu\u1ea7n \u00e1o \u0111\u1ec3 thay sau khi tham gia ch\u01a1i tr\u00f2 ch\u01a1i tr\u00ean bi\u1ec3n.<\/li>\n<\/ul>\n<p>\u53c2\u89c1\uff1a <strong><a href=\"https:\/\/tourdaonhatrang.com\/zh\/tour\/%e9%b8%bf%e6%bd%ad%e8%b4%b5%e5%ae%be%e5%b2%9b1%e5%b2%9b%e6%b8%b8\/\">\u884c\u7a0b 1 Vip Hon Tam \u5c9b<\/a><\/strong><\/p>","protected":false},"excerpt":{"rendered":"<h3><span style=\"color: #0000ff;\"><strong>Tranh Nha Trang \u6e38\u8f6e\u79df\u8d41<\/strong><\/span><\/h3>\n<ul>\n<li>\u82bd\u5e84\u591c\u95f4\u6e38\u8239\u4e4b\u65c5\u662f\u56e2\u4f53\u65c5\u6e38\u3002.<\/li>\n<li>\u51fa\u53d1\u65f6\u95f4 <span style=\"color: #ff0000;\">\u5b89\u5a1c\u00b7\u739b\u4e3d\u5b89\u5a1c\u00b7\u739b\u4e3d\u5a1c<\/span><\/li>\n<li>Th\u1eddi gian: 15h30 &#8211; 20h30<\/li>\n<li>\u6309\u4eba\u5747\u79df\u91d1\u3002.<\/li>\n<li><strong><span style=\"color: #0000ff;\">\u4f18\u60e0 5%<\/span><\/strong><\/li>\n<\/ul>\n<div class=\"hJDwNd-AhqUyc-qWD73c purZT-AhqUyc-II5mzb pSzOP-AhqUyc-qWD73c JNdkSc\">\n<div class=\"JNdkSc-SmKAyb\">\n<div class=\"\">\n<div class=\"oKdM2c Kzv0Me\"><\/div>\n<\/div>\n<\/div>\n<\/div>\n<div class=\"hJDwNd-AhqUyc-qWD73c purZT-AhqUyc-II5mzb pSzOP-AhqUyc-qWD73c JNdkSc\">\n<div class=\"JNdkSc-SmKAyb\">\n<div class=\"\">\n<div class=\"oKdM2c Kzv0Me\">\n<div id=\"h.f128f2fe5256b73_1433\" class=\"hJDwNd-AhqUyc-qWD73c jXK9ad D2fZ2 OjCsFc wHaque GNzUNc\">\n<div class=\"jXK9ad-SmKAyb\">\n<div class=\"tyJCtd mGzaTb baZpAe\">\n<div class=\"row row-small mua-ngay-button\">\n<div class=\"cot1 medium-6 small-12 large-6\">\n<div class=\"col-inner\"><a class=\"button primary is-large lowercase expand\" style=\"border-radius: 3px;\" href=\"https:\/\/zalo.me\/0849256256\" target=\"_blank\" rel=\"noopener noreferrer\"><i class=\"icon-checkmark\"><\/i> \u804a\u5929 Zalo<br \/>\n<\/a><\/div>\n<\/div>\n<div class=\"cot2 medium-6 small-12 large-6\">\n<div class=\"col-inner\"><a class=\"button success is-large lowercase expand\" style=\"border-radius: 3px;\" href=\"https:\/\/tourdaonhatrang.com\/zh\/%e8%8a%bd%e5%ba%84%e7%8b%ac%e6%9c%a8%e8%88%9f%e7%a7%9f%e8%b5%81\/\" target=\"_self\" rel=\"noopener\">\u7acb\u5373\u9884\u8ba2\u72ec\u6728\u821f<\/a><\/div>\n<\/div>\n<\/div>\n<\/div>\n<\/div>\n<\/div>\n<\/div>\n<\/div>\n<\/div>\n<\/div>","protected":false},"featured_media":29703,"comment_status":"open","ping_status":"closed","template":"","meta":[],"product_brand":[],"product_cat":[35],"product_tag":[96],"class_list":{"0":"post-1590","1":"product","2":"type-product","3":"status-publish","4":"has-post-thumbnail","6":"product_cat-tour-cac-dao-nha-trang","7":"product_tag-tour-du-thuyen-nha-trang","9":"first","10":"instock","11":"shipping-taxable","12":"product-type-simple"},"_links":{"self":[{"href":"https:\/\/tourdaonhatrang.com\/zh\/wp-json\/wp\/v2\/product\/1590","targetHints":{"allow":["GET"]}}],"collection":[{"href":"https:\/\/tourdaonhatrang.com\/zh\/wp-json\/wp\/v2\/product"}],"about":[{"href":"https:\/\/tourdaonhatrang.com\/zh\/wp-json\/wp\/v2\/types\/product"}],"replies":[{"embeddable":true,"href":"https:\/\/tourdaonhatrang.com\/zh\/wp-json\/wp\/v2\/comments?post=1590"}],"wp:featuredmedia":[{"embeddable":true,"href":"https:\/\/tourdaonhatrang.com\/zh\/wp-json\/wp\/v2\/media\/29703"}],"wp:attachment":[{"href":"https:\/\/tourdaonhatrang.com\/zh\/wp-json\/wp\/v2\/media?parent=1590"}],"wp:term":[{"taxonomy":"product_brand","embeddable":true,"href":"https:\/\/tourdaonhatrang.com\/zh\/wp-json\/wp\/v2\/product_brand?post=1590"},{"taxonomy":"product_cat","embeddable":true,"href":"https:\/\/tourdaonhatrang.com\/zh\/wp-json\/wp\/v2\/product_cat?post=1590"},{"taxonomy":"product_tag","embeddable":true,"href":"https:\/\/tourdaonhatrang.com\/zh\/wp-json\/wp\/v2\/product_tag?post=1590"}],"curies":[{"name":"wp","href":"https:\/\/api.w.org\/{rel}","templated":true}]}}