{"id":1669,"date":"2021-02-20T14:24:30","date_gmt":"2021-02-20T07:24:30","guid":{"rendered":"https:\/\/tourdao.com.vn\/?post_type=product&#038;p=1669"},"modified":"2026-02-14T10:20:06","modified_gmt":"2026-02-14T03:20:06","slug":"ve-vinpearl-nha-trang-tron-goi","status":"publish","type":"product","link":"https:\/\/tourdaonhatrang.com\/zh\/ve-vinpearl-nha-trang-tron-goi\/","title":{"rendered":"\u82bd\u5e84\u73cd\u73e0\u5c9b 1 \u65e5\u7968\u4ef7 |\u4e50\u8da3+\u5348\u9910\uff08Vin 3\uff09"},"content":{"rendered":"<p>V\u00e9 Vinpearl Nha Trang tr\u1ecdn g\u00f3i \u0111ang c\u00f3 nhi\u1ec1u \u01b0u \u0111\u00e3i h\u1ea5p d\u1eabn. Gi\u1ea3m 2% khi \u0111\u1eb7t tr\u01b0\u1edbc. \u0110\u1ea1i l\u00fd v\u00e9 Vinpearl Nha Trang giao v\u00e9 t\u1eadn n\u01a1i khu v\u1ef1c th\u00e0nh ph\u1ed1 Nha Trang.<\/p>\n<p>T\u1eadn h\u01b0\u1edfng tr\u1ecdn g\u00f3i khi \u0111\u1eb7t tour Vinpearl Nha Trang v\u1edbi to\u00e0n b\u1ed9 c\u00e1c khu tr\u00f2 ch\u01a1i n\u1eb1m trong khu\u00f4n vi\u00ean thi\u00ean \u0111\u01b0\u1eddng gi\u1ea3i tr\u00ed n\u1ed5i ti\u1ebfng nh\u1ea5t nh\u00ec Vi\u1ec7t Nam. C\u00e1c show di\u1ec5n tri\u1ec7u \u0111\u00f4 c\u0169ng li\u00ean t\u1ee5c di\u1ec5n ra t\u1ea1i c\u00e1c khu v\u1ef1c kh\u00e1c nhau l\u00e0 tr\u1ea3i nghi\u1ec7m m\u00e0 du kh\u00e1ch kh\u00f4ng n\u00ean b\u1ecf qua.<\/p>\n<div id=\"ez-toc-container\" class=\"ez-toc-v2_0_82_2 counter-hierarchy ez-toc-counter ez-toc-grey ez-toc-container-direction\">\n<div class=\"ez-toc-title-container\">\n<p class=\"ez-toc-title\" style=\"cursor:inherit\">\u5185\u5bb9<\/p>\n<span class=\"ez-toc-title-toggle\"><a href=\"#\" class=\"ez-toc-pull-right ez-toc-btn ez-toc-btn-xs ez-toc-btn-default ez-toc-toggle\" aria-label=\"Toggle Table of Content\"><span class=\"ez-toc-js-icon-con\"><span class=\"\"><span class=\"eztoc-hide\" style=\"display:none;\">\u5207\u6362<\/span><span class=\"ez-toc-icon-toggle-span\"><svg style=\"fill: #999;color:#999\" xmlns=\"http:\/\/www.w3.org\/2000\/svg\" class=\"list-377408\" width=\"20px\" height=\"20px\" viewbox=\"0 0 24 24\" fill=\"none\"><path d=\"M6 6H4v2h2V6zm14 0H8v2h12V6zM4 11h2v2H4v-2zm16 0H8v2h12v-2zM4 16h2v2H4v-2zm16 0H8v2h12v-2z\" fill=\"currentColor\"><\/path><\/svg><svg style=\"fill: #999;color:#999\" class=\"arrow-unsorted-368013\" xmlns=\"http:\/\/www.w3.org\/2000\/svg\" width=\"10px\" height=\"10px\" viewbox=\"0 0 24 24\" version=\"1.2\" baseprofile=\"tiny\"><path d=\"M18.2 9.3l-6.2-6.3-6.2 6.3c-.2.2-.3.4-.3.7s.1.5.3.7c.2.2.4.3.7.3h11c.3 0 .5-.1.7-.3.2-.2.3-.5.3-.7s-.1-.5-.3-.7zM5.8 14.7l6.2 6.3 6.2-6.3c.2-.2.3-.5.3-.7s-.1-.5-.3-.7c-.2-.2-.4-.3-.7-.3h-11c-.3 0-.5.1-.7.3-.2.2-.3.5-.3.7s.1.5.3.7z\"\/><\/svg><\/span><\/span><\/span><\/a><\/span><\/div>\n<nav><ul class='ez-toc-list ez-toc-list-level-1' ><li class='ez-toc-page-1 ez-toc-heading-level-2'><a class=\"ez-toc-link ez-toc-heading-1\" href=\"https:\/\/tourdaonhatrang.com\/zh\/ve-vinpearl-nha-trang-tron-goi\/#Vinpearl_Land_Nha_Trang\" >Vinpearl Land Nha Trang<\/a><\/li><li class='ez-toc-page-1 ez-toc-heading-level-2'><a class=\"ez-toc-link ez-toc-heading-2\" href=\"https:\/\/tourdaonhatrang.com\/zh\/ve-vinpearl-nha-trang-tron-goi\/#Bang_gia_ve_Vinpearl_Nha_Trang_tron_goi\" >B\u1ea3ng gi\u00e1 v\u00e9 Vinpearl Nha Trang tr\u1ecdn g\u00f3i<\/a><\/li><li class='ez-toc-page-1 ez-toc-heading-level-2'><a class=\"ez-toc-link ez-toc-heading-3\" href=\"https:\/\/tourdaonhatrang.com\/zh\/ve-vinpearl-nha-trang-tron-goi\/#Tong_hop_nhung_tro_choi_Vinpearl_Nha_Trang_khong_nen_bo_qua\" >T\u1ed5ng h\u1ee3p nh\u1eefng tr\u00f2 ch\u01a1i Vinpearl Nha Trang kh\u00f4ng n\u00ean b\u1ecf qua<\/a><ul class='ez-toc-list-level-3' ><li class='ez-toc-heading-level-3'><a class=\"ez-toc-link ez-toc-heading-4\" href=\"https:\/\/tourdaonhatrang.com\/zh\/ve-vinpearl-nha-trang-tron-goi\/#Adventure_Land\" >Adventure Land<\/a><\/li><li class='ez-toc-page-1 ez-toc-heading-level-3'><a class=\"ez-toc-link ez-toc-heading-5\" href=\"https:\/\/tourdaonhatrang.com\/zh\/ve-vinpearl-nha-trang-tron-goi\/#Kings_Garden\" >King\u2019s Garden<\/a><\/li><li class='ez-toc-page-1 ez-toc-heading-level-3'><a class=\"ez-toc-link ez-toc-heading-6\" href=\"https:\/\/tourdaonhatrang.com\/zh\/ve-vinpearl-nha-trang-tron-goi\/#The_World_Garden\" >The World Garden<\/a><\/li><li class='ez-toc-page-1 ez-toc-heading-level-3'><a class=\"ez-toc-link ez-toc-heading-7\" href=\"https:\/\/tourdaonhatrang.com\/zh\/ve-vinpearl-nha-trang-tron-goi\/#Water_World\" >Water World<\/a><\/li><li class='ez-toc-page-1 ez-toc-heading-level-3'><a class=\"ez-toc-link ez-toc-heading-8\" href=\"https:\/\/tourdaonhatrang.com\/zh\/ve-vinpearl-nha-trang-tron-goi\/#Sea_World\" >Sea World<\/a><\/li><li class='ez-toc-page-1 ez-toc-heading-level-3'><a class=\"ez-toc-link ez-toc-heading-9\" href=\"https:\/\/tourdaonhatrang.com\/zh\/ve-vinpearl-nha-trang-tron-goi\/#Fairy_Land\" >Fairy Land<\/a><\/li><li class='ez-toc-page-1 ez-toc-heading-level-3'><a class=\"ez-toc-link ez-toc-heading-10\" href=\"https:\/\/tourdaonhatrang.com\/zh\/ve-vinpearl-nha-trang-tron-goi\/#Tata_Show\" >\u5854\u5854\u79c0<\/a><\/li><\/ul><\/li><li class='ez-toc-page-1 ez-toc-heading-level-2'><a class=\"ez-toc-link ez-toc-heading-11\" href=\"https:\/\/tourdaonhatrang.com\/zh\/ve-vinpearl-nha-trang-tron-goi\/#Dat_ve_Vinpearl_Nha_Trang_o_dau_tot_nhat\" >\u0110\u1eb7t v\u00e9 Vinpearl Nha Trang \u1edf \u0111\u00e2u t\u1ed1t nh\u1ea5t<\/a><\/li><\/ul><\/nav><\/div>\n<h2><span class=\"ez-toc-section\" id=\"Vinpearl_Land_Nha_Trang\"><\/span>Vinpearl Land Nha Trang<span class=\"ez-toc-section-end\"><\/span><\/h2>\n<p>Tr\u1ea3i r\u1ed9ng tr\u00ean di\u1ec7n t\u00edch 50 ha, <strong><a href=\"https:\/\/vinpearl.com\/vi\" rel=\"noopener\">Vinpearl Land Nha Trang<\/a><\/strong> \u0111\u01b0\u1ee3c x\u00e2y d\u1ef1ng theo m\u00f4 h\u00ecnh c\u00f4ng vi\u00ean gi\u1ea3i tr\u00ed t\u1ea5t-c\u1ea3-trong-m\u1ed9t v\u1edbi 6 ph\u00e2n khu v\u00e0 h\u00e0ng lo\u1ea1t ho\u1ea1t \u0111\u1ed9ng vui ch\u01a1i \u0111\u1eb3ng c\u1ea5p th\u1ebf gi\u1edbi. Kh\u00f4ng nh\u1eefng v\u1eady, n\u01a1i \u0111\u00e2y c\u00f2n l\u00e0 l\u1ef1a ch\u1ecdn h\u00e0ng \u0111\u1ea7u cho k\u1ef3 ngh\u1ec9 trong m\u01a1.<\/p>\n<p>\u53c2\u89c1\uff1a<strong><a href=\"https:\/\/tourdaonhatrang.com\/wp-content\/uploads\/2021\/02\/040522_VWNT_GuideMap.pdf\" data-schema-attribute=\"mentions\"> \u82bd\u5e84\u73cd\u73e0\u9152\u5e97\u5730\u56fe<\/a><\/strong><\/p>\n<h2><span class=\"ez-toc-section\" id=\"Bang_gia_ve_Vinpearl_Nha_Trang_tron_goi\"><\/span>B\u1ea3ng gi\u00e1 v\u00e9 Vinpearl Nha Trang tr\u1ecdn g\u00f3i<span class=\"ez-toc-section-end\"><\/span><\/h2>\n<p>Gi\u00e1 v\u00e9 Vinpearl Nha Trang \u0111\u01b0\u1ee3c c\u1eadp nh\u1eadt trong b\u00e0i vi\u1ebft s\u1ebd gi\u00fap b\u1ea1n thu\u1eadn ti\u1ec7n h\u01a1n trong vi\u1ec7c l\u00ean k\u1ebf ho\u1ea1ch v\u00e0 ph\u00e2n b\u1ed5 chi ph\u00ed cho h\u00e0nh tr\u00ecnh du l\u1ecbch s\u1eafp t\u1edbi t\u1ea1i v\u1ecbnh bi\u1ec3n \u0111\u1eb9p b\u1eadc nh\u1ea5t h\u00e0nh tinh.<\/p>\n<p>Gi\u00e1 v\u00e9 v\u00e0o c\u1ed5ng Vinpearl Nha Trang bao g\u1ed3m \u0103n buffet hi\u1ec7n \u0111ang \u0111\u01b0\u1ee3c \u00e1p d\u1ee5ng nh\u01b0 sau:<\/p>\n<blockquote><p>NG\u01af\u1edcI L\u1edaN: 1.250.000 VN\u0110<\/p>\n<p>TR\u1eba EM (1m &#8211; 1m39): 900.000VN\u0110<\/p>\n<p>V\u00c9 CHO NG\u01af\u1edcI CAO TU\u1ed4I (60 tr\u1edf l\u00ean): 1.000.000 VN\u0110<\/p><\/blockquote>\n<p>\u00c1P D\u1ee4NG T\u1eea 12\/02\/2026 &#8211; 31\/12\/2026<\/p>\n<p>\u0110\u1ed1i v\u1edbi ng\u01b0\u1eddi cao tu\u1ed5i, qu\u00fd kh\u00e1ch vui l\u00f2ng xu\u1ea5t tr\u00ecnh CMND\/ C\u0103n c\u01b0\u1edbc c\u00f4ng d\u00e2n\/ Gi\u1ea5y ph\u00e9p l\u00e1i xe ho\u1eb7c gi\u1ea5y t\u1edd t\u00f9y th\u00e2n c\u00f3 \u1ea3nh. (S\u1ed5 h\u1ed9 kh\u1ea9u\/ gi\u1ea5y khai sinh cho kh\u00e1ch t\u1eeb 100-140cm)<\/p>\n<h2><span class=\"ez-toc-section\" id=\"Tong_hop_nhung_tro_choi_Vinpearl_Nha_Trang_khong_nen_bo_qua\"><\/span>T\u1ed5ng h\u1ee3p nh\u1eefng tr\u00f2 ch\u01a1i Vinpearl Nha Trang kh\u00f4ng n\u00ean b\u1ecf qua<span class=\"ez-toc-section-end\"><\/span><\/h2>\n<p>Gi\u00e1 v\u00e9 Vinpearl Nha Trang \u0111\u00e3 bao g\u1ed3m tr\u1ecdn g\u00f3i ho\u1ea1t \u0111\u1ed9ng tham quan, vui ch\u01a1i, th\u01b0\u1edfng th\u1ee9c show di\u1ec5n t\u1ea1i t\u1ea5t c\u1ea3 c\u00e1c khu v\u1ef1c c\u1ee7a c\u00f4ng vi\u00ean, \u0103n buffet tr\u01b0a, cano \u0111\u01b0a \u0111\u00f3n.<\/p>\n<p>C\u1ee5 th\u1ec3, du kh\u00e1ch s\u1ebd d\u1ea5n th\u00e2n v\u00e0o h\u00e0nh tr\u00ecnh v\u1ea1n tr\u1ea3i nghi\u1ec7m v\u1edbi nh\u1eefng ho\u1ea1t \u0111\u1ed9ng vui ch\u01a1i k\u1ef3 th\u00fa t\u1ea1i c\u00e1c ph\u00e2n khu:<\/p>\n<h3><span class=\"ez-toc-section\" id=\"Adventure_Land\"><\/span>Adventure Land<span class=\"ez-toc-section-end\"><\/span><\/h3>\n<p>\u0110i\u1ec3m \u0111\u1ebfn l\u00e0 thi\u00ean \u0111\u01b0\u1eddng d\u00e0nh cho nh\u1eefng tr\u00e1i tim d\u0169ng c\u1ea3m, khao kh\u00e1t chinh ph\u1ee5c b\u1ea3n th\u00e2n. B\u1ea1n s\u1ebd \u0111\u01b0\u1ee3c th\u1eed th\u00e1ch ch\u00ednh m\u00ecnh v\u1edbi nh\u1eefng tr\u1ea3i nghi\u1ec7m \u0111\u1ea7y ph\u1ea5n kh\u00edch khi tham gia nh\u1eefng tr\u00f2 ch\u01a1i m\u1ea1o hi\u1ec3m t\u1ea1i Vinwonders Nha Trang nh\u01b0: cu\u1ed9c phi\u00eau l\u01b0u h\u1ea7m m\u1ecf, \u0111u quay d\u00e2y v\u0103ng, \u0111u quay l\u1ed9n \u0111\u1ea7u, t\u00e0u h\u1ea3i t\u1eb7c,\u2026<\/p>\n<h3><span class=\"ez-toc-section\" id=\"Kings_Garden\"><\/span>King\u2019s Garden<span class=\"ez-toc-section-end\"><\/span><\/h3>\n<p>V\u01b0\u1eddn th\u00fa King\u2019s Garden gi\u1eefa l\u00f2ng Vinpearl Land Nha Trang l\u00e0 n\u01a1i mang \u0111\u1ebfn cho b\u1ea1n nh\u1eefng tr\u1ea3i nghi\u1ec7m \u0111\u1ed9c \u0111\u00e1o v\u1edbi h\u00e0nh tr\u00ecnh kh\u00e1m ph\u00e1 h\u00e0ng ch\u1ee5c lo\u00e0i th\u00fa qu\u00fd hi\u1ebfm, v\u1edbi b\u1ee9c tranh tuy\u1ec7t \u0111\u1eb9p c\u1ee7a h\u1ed3 h\u1ed3ng h\u1ea1c c\u00f9ng nh\u1eefng ti\u1ebft m\u1ee5c bi\u1ec3u di\u1ec5n chim \u0111\u1eb7c s\u1eafc,\u2026<\/p>\n<h3><span class=\"ez-toc-section\" id=\"The_World_Garden\"><\/span>The World Garden<span class=\"ez-toc-section-end\"><\/span><\/h3>\n<p>B\u1ea1n s\u1ebd th\u1ef1c s\u1ef1 ng\u1ee1 ng\u00e0ng tr\u01b0\u1edbc x\u1ee9 s\u1edf v\u1ea1n hoa l\u1ed9ng l\u1eaby khi l\u1ea1c b\u01b0\u1edbc v\u00e0o The World Garden. Ph\u00e2n khu s\u1edf h\u1eefu nh\u1eefng b\u1ed9 s\u01b0u t\u1eadp \u201ck\u1ef3 hoa d\u1ecb th\u1ea3o\u201d kh\u1eafp 5 ch\u00e2u, kh\u00f4ng gian v\u0103n h\u00f3a t\u1ea1i V\u01b0\u1eddn Nh\u1eadt v\u00e0 tr\u00f2 ch\u01a1i b\u00e1nh xe b\u1ea7u tr\u1eddi \u2013 v\u00f2ng xoay l\u1edbn nh\u1ea5t Vi\u1ec7t Nam, top 10 th\u1ebf gi\u1edbi.<\/p>\n<h3><span class=\"ez-toc-section\" id=\"Water_World\"><\/span>Water World<span class=\"ez-toc-section-end\"><\/span><\/h3>\n<p>Ph\u00e2n khu \u0111\u01b0\u1ee3c m\u1ec7nh danh l\u00e0 thi\u00ean \u0111\u01b0\u1eddng nhi\u1ec7t \u0111\u1edbi v\u1edbi c\u00f4ng vi\u00ean n\u01b0\u1edbc ng\u1ecdt tr\u00ean b\u00e3i bi\u1ec3n \u0111\u1ea7u ti\u00ean v\u00e0 duy nh\u1ea5t t\u1ea1i Vi\u1ec7t Nam. \u0110\u1ebfn \u0111\u00e2y, b\u1ea1n s\u1ebd \u0111\u01b0\u1ee3c th\u1ecfa s\u1ee9c kh\u00e1m ph\u00e1 20 tr\u00f2 ch\u01a1i si\u00eau h\u1ea5p d\u1eabn v\u00e0 tr\u1ea3i nghi\u1ec7m vui ch\u01a1i tr\u00ean v\u1ecbnh phao n\u1ed5i l\u1edbn nh\u1ea5t th\u1ebf gi\u1edbi.<\/p>\n<h3><span class=\"ez-toc-section\" id=\"Sea_World\"><\/span>Sea World<span class=\"ez-toc-section-end\"><\/span><\/h3>\n<p>Cung \u0111i\u1ec7n H\u1ea3i V\u01b0\u01a1ng t\u1ea1i Sea World s\u1ebd m\u1edf ra tr\u01b0\u1edbc m\u1eaft b\u1ea1n th\u1ebf gi\u1edbi \u0111\u1ea1i d\u01b0\u01a1ng k\u1ef3 b\u00ed v\u1edbi h\u1ec7 sinh th\u00e1i bi\u1ec3n lung linh \u2013 n\u01a1i c\u01b0 ng\u1ee5 c\u1ee7a h\u01a1n 30.000 sinh v\u1eadt bi\u1ec3n. Ph\u00e2n khu c\u00f2n mang \u0111\u1ebfn cho du kh\u00e1ch nhi\u1ec1u tr\u1ea3i nghi\u1ec7m \u0111\u00e1ng nh\u1edb qua c\u00e1c ti\u1ebft m\u1ee5c bi\u1ec3u di\u1ec5n \u0111\u1eb7c s\u1eafc c\u1ee7a \u201cn\u00e0ng ti\u00ean c\u00e1\u201d, c\u00e1 heo v\u00e0 h\u1ea3i c\u1ea9u.<\/p>\n<h3><span class=\"ez-toc-section\" id=\"Fairy_Land\"><\/span>Fairy Land<span class=\"ez-toc-section-end\"><\/span><\/h3>\n<p>Th\u1ebf gi\u1edbi di\u1ec7u k\u1ef3 Fairy Land ghi d\u1ea5u \u1ea5n \u0111\u1eb7c bi\u1ec7t trong l\u00f2ng du kh\u00e1ch v\u1edbi nh\u1eefng t\u00f2a l\u00e2u \u0111\u00e0i tr\u00e1ng l\u1ec7 v\u00e0 c\u00e1c tr\u00f2 ch\u01a1i m\u1ea1o hi\u1ec3m \u0111\u1ec9nh cao nh\u01b0: zipline 3 k\u1ef7 l\u1ee5c, \u0111\u01b0\u1eddng l\u01b0\u1ee3n nh\u1edb \u0111\u1eddi,\u2026<\/p>\n<h3><span class=\"ez-toc-section\" id=\"Tata_Show\"><\/span>\u5854\u5854\u79c0<span class=\"ez-toc-section-end\"><\/span><\/h3>\n<p>Gi\u00e1 v\u00e9 VinWonders Nha Trang \u0111\u00e3 bao g\u1ed3m chi ph\u00ed th\u01b0\u1edfng th\u1ee9c bom t\u1ea5n th\u1ef1c c\u1ea3nh tri\u1ec7u \u0111\u00f4 Tata Show \u2013 ch\u01b0\u01a1ng tr\u00ecnh di\u1ec5n ra t\u1ea1i Qu\u1ea3ng tr\u01b0\u1eddng th\u1ea7n tho\u1ea1i thu\u1ed9c ph\u00e2n khu Fairy Land.<\/p>\n<p>Tata Show Vinpearl Land Nha Trang l\u00e0 si\u00eau ph\u1ea9m th\u1ef1c c\u1ea3nh \u0111a ph\u01b0\u01a1ng ti\u1ec7n mang \u0111\u1ebfn cho kh\u00e1n gi\u1ea3 nh\u1eefng tr\u1ea3i nghi\u1ec7m \u0111\u1ea7u ti\u00ean v\u00e0 duy nh\u1ea5t. Show di\u1ec5n truy\u1ec1n t\u1ea3i n\u1ed9i dung nh\u00e2n v\u0103n \u0111\u01b0\u1ee3c th\u1ec3 hi\u1ec7n qua m\u00e0n tr\u00ecnh di\u1ec5n ho\u00e0nh tr\u00e1ng, k\u1ebft h\u1ee3p 3D mapping k\u1ef3 \u1ea3o, hi\u1ec7u \u1ee9ng \u00e2m thanh, kh\u00f3i l\u1eeda hi\u1ec7n \u0111\u1ea1i.<\/p>\n<blockquote><p>H\u00e0nh tr\u00ecnh vui ch\u01a1i, kh\u00e1m ph\u00e1 t\u1ea1i 6 ph\u00e2n khu \u0111\u00e3 \u0111\u01b0\u1ee3c bao g\u1ed3m trong gi\u00e1 v\u00e9 tr\u1ecdn g\u00f3i.<\/p><\/blockquote>\n<p>\u53c2\u89c1\uff1a <strong><a href=\"https:\/\/tourdaonhatrang.com\/zh\/%e8%8a%bd%e5%ba%84%e7%8f%8d%e7%8f%a0%e5%b2%9b%e6%bc%94%e5%87%ba%e6%97%b6%e9%97%b4%e8%a1%a8\/\">\u82bd\u5e84\u73cd\u73e0\u5c9b\u6f14\u51fa\u65f6\u95f4\u8868<\/a><\/strong><\/p>\n<h2><span class=\"ez-toc-section\" id=\"Dat_ve_Vinpearl_Nha_Trang_o_dau_tot_nhat\"><\/span>\u0110\u1eb7t v\u00e9 Vinpearl Nha Trang \u1edf \u0111\u00e2u t\u1ed1t nh\u1ea5t<span class=\"ez-toc-section-end\"><\/span><\/h2>\n<p>\u9664\u4e86\u7ec4\u7ec7\u5c9b\u5c7f\u65c5\u6e38\u5916\uff0c\u5c9b\u5c7f\u65c5\u884c\u793e\u8fd8\u652f\u6301\u60a8\u9884\u8ba2 Vinpearl Nha Trang \u95e8\u7968\uff0c\u5e76\u63d0\u4f9b\u8bb8\u591a\u8bf1\u4eba\u7684\u4f18\u60e0\u548c\u5956\u52b1\uff1a<\/p>\n<ul>\n<li>\u0110\u1eb7t online tr\u00ean Website \u0111\u01b0\u1ee3c gi\u1ea3m 2%.<\/li>\n<li>\u4fbf\u6377\u7684\u8ba2\u7968\u65b9\u5f0f\uff0c\u8ba2\u5355\u5373\u65f6\u786e\u8ba4\u3002.<\/li>\n<li>\u5927\u578b\u56e2\u4f53\u7279\u522b\u4f18\u60e0<\/li>\n<li>\u652f\u6301\u9152\u5e97\u7968\u914d\u9001\uff0c\u8282\u7701\u65f6\u95f4\uff0c\u65e0\u9700\u6392\u961f\u7b49\u5019\u3002.<\/li>\n<li>Mua v\u00e9 Vinpearl Nha Trang t\u1ea1i \u0111\u00e2y b\u1ea1n s\u1ebd \u0111\u01b0\u1ee3c gi\u1ea3m gi\u00e1 th\u00eam nhi\u1ec1u d\u1ecbch v\u1ee5 du l\u1ecbch Nha Trang: Tour 3 \u0111\u1ea3o Nha Trang, V\u00e9 H\u00f2n T\u1eb1m, thu\u00ea xe du l\u1ecbch Nha Trang,&#8230;..<\/li>\n<\/ul>\n<p>\u53c2\u89c1\uff1a <strong><a href=\"https:\/\/tourdaonhatrang.com\/zh\/vinpearl-nha-trang-gio-mo-cua\/\">Gi\u1edd m\u1edf c\u1eeda Vinpearl Land Nha Trang<\/a><\/strong><\/p>\n<p>&nbsp;<\/p>","protected":false},"excerpt":{"rendered":"<p><span style=\"text-decoration: underline;\"><strong><span style=\"font-size: 120%; color: #ff0000; text-decoration: underline;\">Vin 3<\/span><\/strong><\/span><\/p>\n<h3><span style=\"color: #0000ff;\">Ng\u01b0\u1eddi l\u1edbn: 1,250,000\u0111 \u2013 Ng\u01b0\u1eddi cao tu\u1ed5i: 1,000,000\u0111 \u2013 Tr\u1ebb em: 900,000\u0111<\/span><\/h3>\n<ul>\n<li>\u7f06\u8f66+\u5a31\u4e50+\u81ea\u52a9\u9910\u5957\u7968<\/li>\n<li><span style=\"color: #ff0000;\">\u4ed8\u6b3e\u4fc3\u9500 3%<\/span><\/li>\n<li><span style=\"color: #0000ff;\">\u70ed\u7ebf\uff1a <a href=\"tel:0849256256\">0849 256 256<\/a><\/span><\/li>\n<li><span style=\"color: #0000ff;\">\u4e0b\u8f7d\uff1a<\/span> <a href=\"https:\/\/tourdaonhatrang.com\/wp-content\/uploads\/2021\/02\/040522_VWNT_GuideMap.pdf\" data-schema-attribute=\"mentions\">\u82bd\u5e84\u73cd\u73e0\u9152\u5e97\u5730\u56fe<\/a><\/li>\n<\/ul>\n<div class=\"hJDwNd-AhqUyc-qWD73c purZT-AhqUyc-II5mzb pSzOP-AhqUyc-qWD73c JNdkSc\">\n<div class=\"JNdkSc-SmKAyb\">\n<div class=\"\">\n<div class=\"oKdM2c Kzv0Me\">\n<div class=\"hJDwNd-AhqUyc-qWD73c purZT-AhqUyc-II5mzb pSzOP-AhqUyc-qWD73c JNdkSc\">\n<div class=\"JNdkSc-SmKAyb\">\n<div class=\"\">\n<div class=\"oKdM2c Kzv0Me\">\n<div id=\"h.f128f2fe5256b73_1433\" class=\"hJDwNd-AhqUyc-qWD73c jXK9ad D2fZ2 OjCsFc wHaque GNzUNc\">\n<div class=\"jXK9ad-SmKAyb\">\n<div class=\"tyJCtd mGzaTb baZpAe\">\n<div class=\"row row-small mua-ngay-button\">\n<div class=\"cot1 medium-6 small-12 large-6\">\n<div class=\"col-inner\"><a class=\"button primary is-large lowercase expand\" style=\"border-radius: 3px;\" href=\"https:\/\/tourdaonhatrang.com\/zh\/ve-vinpearl-nha-trang-tron-goi\/\">\u67e5\u770b\u8be6\u60c5<\/a><\/div>\n<\/div>\n<div class=\"cot2 medium-6 small-12 large-6\">\n<div class=\"col-inner\"><a class=\"button success is-large lowercase expand\" style=\"border-radius: 3px;\" href=\"https:\/\/tourdaonhatrang.com\/zh\/%e8%8a%bd%e5%ba%84%e6%96%87%e6%97%ba%e5%be%b7%e9%85%92%e5%ba%97\/#dat-ve-vin\" target=\"_self\" rel=\"noopener\"><span style=\"vertical-align: inherit;\">\ud83d\uded2 \u5feb\u901f\u8ba2\u7968<\/span><\/a><\/div>\n<\/div>\n<\/div>\n<\/div>\n<\/div>\n<\/div>\n<\/div>\n<\/div>\n<\/div>\n<\/div>\n<\/div>\n<\/div>\n<\/div>\n<\/div>","protected":false},"featured_media":29036,"comment_status":"open","ping_status":"closed","template":"","meta":[],"product_brand":[],"product_cat":[45],"product_tag":[396,395],"class_list":{"0":"post-1669","1":"product","2":"type-product","3":"status-publish","4":"has-post-thumbnail","6":"product_cat-ve-vinpearl-nha-trang","7":"product_tag-ban-do-vinpearl-nha-trang","8":"product_tag-vinpearl-nha-trang","10":"first","11":"instock","12":"shipping-taxable","13":"product-type-simple"},"_links":{"self":[{"href":"https:\/\/tourdaonhatrang.com\/zh\/wp-json\/wp\/v2\/product\/1669","targetHints":{"allow":["GET"]}}],"collection":[{"href":"https:\/\/tourdaonhatrang.com\/zh\/wp-json\/wp\/v2\/product"}],"about":[{"href":"https:\/\/tourdaonhatrang.com\/zh\/wp-json\/wp\/v2\/types\/product"}],"replies":[{"embeddable":true,"href":"https:\/\/tourdaonhatrang.com\/zh\/wp-json\/wp\/v2\/comments?post=1669"}],"wp:featuredmedia":[{"embeddable":true,"href":"https:\/\/tourdaonhatrang.com\/zh\/wp-json\/wp\/v2\/media\/29036"}],"wp:attachment":[{"href":"https:\/\/tourdaonhatrang.com\/zh\/wp-json\/wp\/v2\/media?parent=1669"}],"wp:term":[{"taxonomy":"product_brand","embeddable":true,"href":"https:\/\/tourdaonhatrang.com\/zh\/wp-json\/wp\/v2\/product_brand?post=1669"},{"taxonomy":"product_cat","embeddable":true,"href":"https:\/\/tourdaonhatrang.com\/zh\/wp-json\/wp\/v2\/product_cat?post=1669"},{"taxonomy":"product_tag","embeddable":true,"href":"https:\/\/tourdaonhatrang.com\/zh\/wp-json\/wp\/v2\/product_tag?post=1669"}],"curies":[{"name":"wp","href":"https:\/\/api.w.org\/{rel}","templated":true}]}}