{"id":17496,"date":"2023-03-24T21:48:53","date_gmt":"2023-03-24T14:48:53","guid":{"rendered":"https:\/\/biennhatrang.com.vn\/?post_type=product&#038;p=17496"},"modified":"2026-03-14T06:56:16","modified_gmt":"2026-03-13T23:56:16","slug":"tam-bun-hon-tam-nha-trang-goi-03","status":"publish","type":"product","link":"https:\/\/tourdaonhatrang.com\/zh\/tam-bun-hon-tam-nha-trang-goi-03\/","title":{"rendered":"Hon Tam\u6ce5\u6d74\u95e8\u7968\u4ef7\u683c - Hon Tam\u81ea\u52a9\u6e38\uff08\u5957\u99106\uff09"},"content":{"rendered":"<div id=\"ez-toc-container\" class=\"ez-toc-v2_0_82_2 counter-hierarchy ez-toc-counter ez-toc-grey ez-toc-container-direction\">\n<div class=\"ez-toc-title-container\">\n<p class=\"ez-toc-title\" style=\"cursor:inherit\">\u5185\u5bb9<\/p>\n<span class=\"ez-toc-title-toggle\"><a href=\"#\" class=\"ez-toc-pull-right ez-toc-btn ez-toc-btn-xs ez-toc-btn-default ez-toc-toggle\" aria-label=\"Toggle Table of Content\"><span class=\"ez-toc-js-icon-con\"><span class=\"\"><span class=\"eztoc-hide\" style=\"display:none;\">\u5207\u6362<\/span><span class=\"ez-toc-icon-toggle-span\"><svg style=\"fill: #999;color:#999\" xmlns=\"http:\/\/www.w3.org\/2000\/svg\" class=\"list-377408\" width=\"20px\" height=\"20px\" viewbox=\"0 0 24 24\" fill=\"none\"><path d=\"M6 6H4v2h2V6zm14 0H8v2h12V6zM4 11h2v2H4v-2zm16 0H8v2h12v-2zM4 16h2v2H4v-2zm16 0H8v2h12v-2z\" fill=\"currentColor\"><\/path><\/svg><svg style=\"fill: #999;color:#999\" class=\"arrow-unsorted-368013\" xmlns=\"http:\/\/www.w3.org\/2000\/svg\" width=\"10px\" height=\"10px\" viewbox=\"0 0 24 24\" version=\"1.2\" baseprofile=\"tiny\"><path d=\"M18.2 9.3l-6.2-6.3-6.2 6.3c-.2.2-.3.4-.3.7s.1.5.3.7c.2.2.4.3.7.3h11c.3 0 .5-.1.7-.3.2-.2.3-.5.3-.7s-.1-.5-.3-.7zM5.8 14.7l6.2 6.3 6.2-6.3c.2-.2.3-.5.3-.7s-.1-.5-.3-.7c-.2-.2-.4-.3-.7-.3h-11c-.3 0-.5.1-.7.3-.2.2-.3.5-.3.7s.1.5.3.7z\"\/><\/svg><\/span><\/span><\/span><\/a><\/span><\/div>\n<nav><ul class='ez-toc-list ez-toc-list-level-1' ><li class='ez-toc-page-1 ez-toc-heading-level-1'><a class=\"ez-toc-link ez-toc-heading-1\" href=\"https:\/\/tourdaonhatrang.com\/zh\/tam-bun-hon-tam-nha-trang-goi-03\/#Gia_ve_tam_bun_Hon_Tam_%E2%80%93_Du_lich_Hon_Tam_tu_tuc\" >Gi\u00e1 v\u00e9 t\u1eafm b\u00f9n H\u00f2n T\u1eb1m &#8211; Du l\u1ecbch H\u00f2n T\u1eb1m t\u1ef1 t\u00fac<\/a><ul class='ez-toc-list-level-2' ><li class='ez-toc-heading-level-2'><a class=\"ez-toc-link ez-toc-heading-2\" href=\"https:\/\/tourdaonhatrang.com\/zh\/tam-bun-hon-tam-nha-trang-goi-03\/#Gia_ve_tam_bun_Hon_Tam_Nha_Trang_%E2%80%93_Du_lich_Hon_Tam_tu_tuc\" >Gi\u00e1 v\u00e9 t\u1eafm b\u00f9n H\u00f2n T\u1eb1m Nha Trang &#8211; Du l\u1ecbch H\u00f2n T\u1eb1m t\u1ef1 t\u00fac<\/a><\/li><li class='ez-toc-page-1 ez-toc-heading-level-2'><a class=\"ez-toc-link ez-toc-heading-3\" href=\"https:\/\/tourdaonhatrang.com\/zh\/tam-bun-hon-tam-nha-trang-goi-03\/#Tam_bun_Hon_Tam_khoi_hanh_tai_cang_rieng\" >T\u1eafm b\u00f9n H\u00f2n T\u1eb1m kh\u1edfi h\u00e0nh t\u1ea1i c\u1ea3ng ri\u00eang<\/a><\/li><li class='ez-toc-page-1 ez-toc-heading-level-2'><a class=\"ez-toc-link ez-toc-heading-4\" href=\"https:\/\/tourdaonhatrang.com\/zh\/tam-bun-hon-tam-nha-trang-goi-03\/#Gia_ve_tam_bun_Hon_Tam_%E2%80%93_Mudbath_03_%E2%80%93_Cano_van_chuyen_tam_bun\" >Gi\u00e1 v\u00e9 t\u1eafm b\u00f9n H\u00f2n T\u1eb1m &#8211; Mudbath 03 \u2013 Cano v\u1eadn chuy\u1ec3n + t\u1eafm b\u00f9n<\/a><ul class='ez-toc-list-level-3' ><li class='ez-toc-heading-level-3'><a class=\"ez-toc-link ez-toc-heading-5\" href=\"https:\/\/tourdaonhatrang.com\/zh\/tam-bun-hon-tam-nha-trang-goi-03\/#Quyen_loi_bao_gom_trong_ve_di_Hon_Tam\" >Quy\u1ec1n l\u1ee3i bao g\u1ed3m trong v\u00e9 \u0111i H\u00f2n T\u1eb1m<\/a><ul class='ez-toc-list-level-4' ><li class='ez-toc-heading-level-4'><a class=\"ez-toc-link ez-toc-heading-6\" href=\"https:\/\/tourdaonhatrang.com\/zh\/tam-bun-hon-tam-nha-trang-goi-03\/#Gia_ve_tam_bun_Hon_Tam_Nha_Trang_Mudbath_03_bao_gom\" >Gi\u00e1 v\u00e9 t\u1eafm b\u00f9n H\u00f2n T\u1eb1m Nha Trang Mudbath 03 bao g\u1ed3m:<\/a><\/li><li class='ez-toc-page-1 ez-toc-heading-level-4'><a class=\"ez-toc-link ez-toc-heading-7\" href=\"https:\/\/tourdaonhatrang.com\/zh\/tam-bun-hon-tam-nha-trang-goi-03\/#Gia_ve_chua_bao_gom\" >Gi\u00e1 v\u00e9 ch\u01b0a bao g\u1ed3m<\/a><\/li><\/ul><\/li><\/ul><\/li><li class='ez-toc-page-1 ez-toc-heading-level-2'><a class=\"ez-toc-link ez-toc-heading-8\" href=\"https:\/\/tourdaonhatrang.com\/zh\/tam-bun-hon-tam-nha-trang-goi-03\/#Nhung_quy_dinh_ban_can_biet_ve_ve_Hon_Tam\" >\u60a8\u9700\u8981\u4e86\u89e3\u7684 Hon Tam \u95e8\u7968\u89c4\u5b9a<\/a><\/li><li class='ez-toc-page-1 ez-toc-heading-level-2'><a class=\"ez-toc-link ez-toc-heading-9\" href=\"https:\/\/tourdaonhatrang.com\/zh\/tam-bun-hon-tam-nha-trang-goi-03\/#Chuan_bi_nhung_gi_khi_di_tam_bun_Hon_Tam_Nha_Trang\" >\u53bb\u82bd\u5e84\u4f53\u9a8cHon Tam\u6ce5\u6d74\u9700\u8981\u51c6\u5907\u4ec0\u4e48<\/a><\/li><li class='ez-toc-page-1 ez-toc-heading-level-2'><a class=\"ez-toc-link ez-toc-heading-10\" href=\"https:\/\/tourdaonhatrang.com\/zh\/tam-bun-hon-tam-nha-trang-goi-03\/#Nhung_loi_ich_tuyet_voi_tu_tam_bun_khoang\" >Nh\u1eefng l\u1ee3i \u00edch tuy\u1ec7t v\u1eddi t\u1eeb t\u1eafm b\u00f9n kho\u00e1ng<\/a><\/li><\/ul><\/li><\/ul><\/nav><\/div>\n<h1><span class=\"ez-toc-section\" id=\"Gia_ve_tam_bun_Hon_Tam_%E2%80%93_Du_lich_Hon_Tam_tu_tuc\"><\/span>Gi\u00e1 v\u00e9 t\u1eafm b\u00f9n H\u00f2n T\u1eb1m &#8211; Du l\u1ecbch H\u00f2n T\u1eb1m t\u1ef1 t\u00fac<span class=\"ez-toc-section-end\"><\/span><\/h1>\n<p>Gi\u00e1 v\u00e9 t\u1eafm b\u00f9n H\u00f2n T\u1eb1m Nha Trang ch\u01b0a bao g\u1ed3m \u0103n buffet tr\u01b0a mang \u0111\u1ebfn tr\u1ea3i nghi\u1ec7m tuy\u1ec7t v\u1eddi.<\/p>\n<p>\u0110\u00e2y c\u0169ng l\u00e0 g\u00f3i tour d\u00e0nh cho du kh\u00e1ch du l\u1ecbch H\u00f2n T\u1eb1m t\u1ef1 t\u00fac ch\u1ec9 mu\u1ed1n tham quan, <strong><a href=\"https:\/\/tourdaonhatrang.com\/zh\/tour-du-lich-dao-hon-tam-nha-trang\/\">du l\u1ecbch \u0111\u1ea3o H\u00f2n T\u1eb1m<\/a><\/strong> trong m\u1ed9t bu\u1ed5i s\u00e1ng ho\u1eb7c chi\u1ec1u. K\u1ec3 t\u1eeb th\u00e1ng 6 n\u0103m 2019, t\u1eafm b\u00f9n h\u00f2n T\u1eb1m gia nh\u1eadp v\u00e0o nh\u00f3m d\u1ecbch v\u1ee5 t\u1eafm b\u00f9n Nha Trang nh\u01b0 m\u1ed9t \u0111i\u1ec3m nh\u1ea5n c\u1ee7a du l\u1ecbch Nha Trang.<\/p>\n<p><span style=\"color: #ff0000;\"><strong>\u6700\u65b0\u6d88\u606f\uff1aHon Tam \u6e2f\u53e3\u56e0\u65bd\u5de5\u548c\u7ef4\u4fee\u6682\u65f6\u5173\u95ed\u3002\u6e38\u5ba2\u9700\u6539\u4ece Vinpearl Nha Trang \u6e2f\u53e3\u524d\u5f80 Hon Tam\u3002.<\/strong><\/span><\/p>\n<p><span style=\"color: #0000ff;\"><em>Sau khi b\u1ea1n \u0111\u1eb7t v\u00e9 v\u1edbi s\u1ed1 \u0111i\u1ec7n tho\u1ea1i. T\u01b0 v\u1ea5n vi\u00ean h\u01b0\u1edbng d\u1eabn di chuy\u1ec3n, \u0111\u00f3n b\u1ea1n t\u1ea1i c\u1ea3ng, h\u1ed7 tr\u1ee3 check-in , h\u1ed7 tr\u1ee3 kh\u00e1c t\u1ea1i c\u1ea3ng tr\u01b0\u1edbc khi b\u1ea1n l\u00ean t\u00e0u, n\u00ean b\u1ea1n ho\u00e0n to\u00e0n y\u00ean t\u00e2m nh\u00e9 !<\/em><\/span><\/p>\n<h2><span class=\"ez-toc-section\" id=\"Gia_ve_tam_bun_Hon_Tam_Nha_Trang_%E2%80%93_Du_lich_Hon_Tam_tu_tuc\"><\/span>Gi\u00e1 v\u00e9 t\u1eafm b\u00f9n H\u00f2n T\u1eb1m Nha Trang &#8211; Du l\u1ecbch H\u00f2n T\u1eb1m t\u1ef1 t\u00fac<span class=\"ez-toc-section-end\"><\/span><\/h2>\n<p>Gi\u00e1 v\u00e9 t\u1eafm b\u00f9n H\u00f2n T\u1eb1m ch\u1eafc ch\u1eafn s\u1ebd kh\u00f4ng l\u00e0m b\u1ea1n th\u1ea5t v\u1ecdng, n\u01a1i \u0111\u00e2y v\u1edbi b\u00e3i c\u00e1t d\u00e0i tr\u1eafng m\u1ecbn v\u00e0 m\u1ed9t khu ch\u0103m s\u00f3c s\u1ee9c kho\u1ebb \u0111\u1eb3ng c\u1ea5p 5 sao r\u1ea5t l\u00fd t\u01b0\u1edfng cho nh\u1eefng ai y\u00eau th\u00edch lo\u1ea1i h\u00ecnh du l\u1ecbch t\u1eafm b\u00f9n kho\u00e1ng Nha Trang v\u1edbi gi\u00e1 si\u00eau r\u1ebb<\/p>\n<p><img loading=\"lazy\" decoding=\"async\" src=\"https:\/\/tourdaonhatrang.com\/wp-content\/uploads\/2021\/05\/tam-bun-hon-tam-01-2.jpg\" alt=\"\" width=\"750\" height=\"500\" title=\"\"><\/p>\n<p>\u533a\u57df <a href=\"https:\/\/tambunhontam.com\/tam-bun-hon-tam-nha-trang\/\" rel=\"noopener\">Hon Tam\u6ce5\u6d74<\/a> c\u00f2n l\u01b0u gi\u1eef nh\u1eefng n\u00e9t \u0111\u1eb9p hoang s\u01a1 v\u00e0 thu\u1ea7n khi\u1ebft v\u1edbi \u0111\u1ecba th\u1ebf tuy\u1ec7t \u0111\u1eb9p trong V\u1ecbnh Bi\u1ec3n Nha Trang. \u0110\u1ea1t k\u1ef7 l\u1ee5c l\u00e0 khu t\u1eafm b\u00f9n kho\u00e1ng l\u1edbn nh\u1ea5t Vi\u1ec7t Nam.<\/p>\n<p>N\u1eb1m tr\u00ean \u0111\u1ea3o H\u00f2n T\u1eb1m, Khu t\u1eafm b\u00f9n H\u00f2n T\u1eb1m v\u1edbi di\u1ec7n t\u00edch to\u00e0n khu r\u1ed9ng 16.000m\u00b2, \u0111\u01b0\u1ee3c l\u1ea5y \u00fd t\u01b0\u1edfng thi\u1ebft k\u1ebf t\u1eeb ru\u1ed9ng b\u1eadc thang v\u1edbi l\u1ed1i thi\u1ebft k\u1ebf m\u1edf xen k\u1ebb c\u00e2y xanh, ho\u00e0 v\u00e0o bi\u1ec3n c\u1ea3.<\/p>\n<p><strong>\u67e5\u770b\u66f4\u591a &gt;&gt;&gt; <a href=\"https:\/\/hontamnhatrang.com\/ve-hon-tam-nha-trang-tron-goi\/\" rel=\"noopener\">Hon Tam \u5957\u7968 \u2013 Hon Tam \u4e00\u65e5\u6e38 B \u533a<\/a><\/strong><\/p>\n<h2><span class=\"ez-toc-section\" id=\"Tam_bun_Hon_Tam_khoi_hanh_tai_cang_rieng\"><\/span>T\u1eafm b\u00f9n H\u00f2n T\u1eb1m kh\u1edfi h\u00e0nh t\u1ea1i c\u1ea3ng ri\u00eang<span class=\"ez-toc-section-end\"><\/span><\/h2>\n<p>C\u1ea3ng H\u00f2n T\u1eb1m Nha Trang l\u00e0 c\u1ea3ng ph\u1ee5c v\u1ee5 kh\u00e2u v\u1eadn chuy\u1ec3n ch\u00ednh c\u1ee7a \u0111\u1ea3o H\u00f2n T\u1eb1m, ph\u1ee5c v\u1ee5 ri\u00eang cho du kh\u00e1ch khi mua v\u00e9 t\u00e0u H\u00f2n T\u1eb1m. Tour di chuy\u1ec3n b\u1eb1ng cano du l\u1ecbch cao t\u1ed1c 45 ch\u1ed7 c\u1ee7a H\u00f2n T\u1eb1m ch\u1ec9 kho\u1ea3ng 7 ph\u00fat.<\/p>\n<p>V\u1ecb tr\u00ed: N\u1eb1m ph\u00eda \u0111\u00f4ng nam th\u00e0nh ph\u1ed1 Nha Trang. C\u00e1ch trung t\u00e2m th\u00e0nh ph\u1ed1 Nha Trang 7km, thu\u1ed9c ph\u01b0\u1eddng V\u0129nh Nguy\u00ean.<\/p>\n<ul>\n<li>Gi\u1edd \u0111i cano : 8h00 &#8211; 9h00 \u2013 10h00 \u2013 11h00 \u2013 12h00<\/li>\n<li>\u72ec\u6728\u821f\u5f52\u8fd8\u65f6\u95f4\uff1a10:20 - 11:20 - 12:20 - 13:20 - 14:20 - 15:20 - 16:20<\/li>\n<\/ul>\n<p><span style=\"color: #0000ff;\"><strong>\u6ce8\u610f\uff1a\u60a8\u9700\u8981\u63d0\u524d 10-15 \u5206\u949f\u5230\u8fbe\u6e56\u6f6d\u7801\u5934\u529e\u7406\u767b\u5c9b\u624b\u7eed\u3002.<\/strong><\/span><\/p>\n<h2><span class=\"ez-toc-section\" id=\"Gia_ve_tam_bun_Hon_Tam_%E2%80%93_Mudbath_03_%E2%80%93_Cano_van_chuyen_tam_bun\"><\/span>Gi\u00e1 v\u00e9 t\u1eafm b\u00f9n H\u00f2n T\u1eb1m &#8211; Mudbath 03 \u2013 Cano v\u1eadn chuy\u1ec3n + t\u1eafm b\u00f9n<span class=\"ez-toc-section-end\"><\/span><\/h2>\n<p>T\u1eeb ng\u00e0y 20\/11\/2025 \u0111\u1ebfn ng\u00e0y 29\/04\/2026, mua v\u00e9 <strong>Hon Tam\u6ce5\u6d74<\/strong>, qu\u00fd kh\u00e1ch \u0111\u01b0\u1ee3c <strong>t\u1eb7ng<\/strong> v\u00e9 tham quan <strong>khu b\u00e3i bi\u1ec3n<\/strong><\/p>\n<ul>\n<li>V\u00e9 ng\u01b0\u1eddi l\u1edbn : 540,000 \u0111\u1ed3ng<\/li>\n<li>V\u00e9 tr\u1ebb em : 430,000 \u0111\u1ed3ng<\/li>\n<\/ul>\n<hr \/>\n<p>\u513f\u7ae5\u7968\u653f\u7b56<\/p>\n<ol>\n<li>1\u7c73\u4ee5\u4e0b\u513f\u7ae5\u514d\u8d39\u5165\u573a<\/li>\n<li>\u513f\u7ae5\u8eab\u9ad8\u4ece 1 \u7c73\u5230 1 \u7c73 39 \u4e0d\u7b49\u3002.<\/li>\n<li>1\u7c7339\u4ee5\u4e0a\u9700\u8d2d\u4e70\u6210\u4eba\u7968\u3002.<\/li>\n<\/ol>\n<hr \/>\n<h3><span class=\"ez-toc-section\" id=\"Quyen_loi_bao_gom_trong_ve_di_Hon_Tam\"><\/span>Quy\u1ec1n l\u1ee3i bao g\u1ed3m trong v\u00e9 \u0111i H\u00f2n T\u1eb1m<span class=\"ez-toc-section-end\"><\/span><\/h3>\n<h4><span class=\"ez-toc-section\" id=\"Gia_ve_tam_bun_Hon_Tam_Nha_Trang_Mudbath_03_bao_gom\"><\/span>Gi\u00e1 v\u00e9 t\u1eafm b\u00f9n H\u00f2n T\u1eb1m Nha Trang Mudbath 03 bao g\u1ed3m:<span class=\"ez-toc-section-end\"><\/span><\/h4>\n<p>Hai l\u01b0\u1ee3t v\u1eadn chuy\u1ec3n t\u1eeb \u0111\u1ea5t li\u1ec1n sang \u0111\u1ea3o v\u00e0 ng\u01b0\u1ee3c l\u1ea1i, b\u1eb1ng t\u00e0u du l\u1ecbch c\u1ee7a H\u00f2n T\u1eb1m.<\/p>\n<figure id=\"attachment_39897\" aria-describedby=\"caption-attachment-39897\" style=\"width: 1020px\" class=\"wp-caption aligncenter\"><img loading=\"lazy\" decoding=\"async\" class=\"size-large wp-image-39897\" src=\"https:\/\/tourdaonhatrang.com\/wp-content\/uploads\/2023\/03\/cano-hon-tam-nha-trang-001-1024x683.jpg\" alt=\"\" width=\"1020\" height=\"680\" title=\"\" srcset=\"https:\/\/tourdaonhatrang.com\/wp-content\/uploads\/2023\/03\/cano-hon-tam-nha-trang-001-1024x683.jpg 1024w, https:\/\/tourdaonhatrang.com\/wp-content\/uploads\/2023\/03\/cano-hon-tam-nha-trang-001-300x200.jpg 300w, https:\/\/tourdaonhatrang.com\/wp-content\/uploads\/2023\/03\/cano-hon-tam-nha-trang-001-768x512.jpg 768w, https:\/\/tourdaonhatrang.com\/wp-content\/uploads\/2023\/03\/cano-hon-tam-nha-trang-001-18x12.jpg 18w, https:\/\/tourdaonhatrang.com\/wp-content\/uploads\/2023\/03\/cano-hon-tam-nha-trang-001-400x267.jpg 400w, https:\/\/tourdaonhatrang.com\/wp-content\/uploads\/2023\/03\/cano-hon-tam-nha-trang-001-600x400.jpg 600w, https:\/\/tourdaonhatrang.com\/wp-content\/uploads\/2023\/03\/cano-hon-tam-nha-trang-001.jpg 1140w\" sizes=\"auto, (max-width: 1020px) 100vw, 1020px\" \/><figcaption id=\"caption-attachment-39897\" class=\"wp-caption-text\">Cano \u0111i H\u00f2n T\u1eb1m Nha Trang<\/figcaption><\/figure>\n<p>H\u1ed7 tr\u1ee3 \u0111\u1ed3 b\u01a1i, kh\u0103n t\u1eafm, t\u1ee7 g\u1eedi \u0111\u1ed3, ch\u00eca kho\u00e1.<\/p>\n<p>Tr\u1ea3i nghi\u1ec7m ng\u00e2m b\u00f9n kho\u00e1ng n\u00f3ng v\u1edbi \u0111a d\u1ea1ng c\u00e1c lo\u1ea1i b\u1ed3n.<\/p>\n<p><img loading=\"lazy\" decoding=\"async\" src=\"https:\/\/tourdaonhatrang.com\/wp-content\/uploads\/2021\/05\/tam-bun-hon-tam-03-2.jpg\" alt=\"\" width=\"750\" height=\"500\" title=\"\"><\/p>\n<p>\u91c7\u7528\u6c34\u7597\u7cfb\u7edf\u8fdb\u884c\u5168\u8eab\u6309\u6469\u3002.<\/p>\n<p><img loading=\"lazy\" decoding=\"async\" src=\"https:\/\/tourdaonhatrang.com\/wp-content\/uploads\/2021\/05\/tam-bun-hon-tam-05.jpg\" alt=\"\u9e3f\u8c2d\u6ce5\u6d74\u5957\u991003\" width=\"750\" height=\"500\" title=\"\"><\/p>\n<p>T\u1ef1 do th\u1ea3 m\u00ecnh trong h\u1ed3 kho\u00e1ng n\u00f3ng r\u1ed9ng 1,350m\u00b2.<\/p>\n<p>Tr\u1ea3i nghi\u1ec7m t\u1eafm th\u00e1c kho\u00e1ng v\u00e0 h\u1ed3 kho\u00e1ng tr\u00e0n v\u00f4 c\u1ef1c.<\/p>\n<p>A\u533a\u5a31\u4e50\u548c\u6e38\u6cf3<\/p>\n<p><img loading=\"lazy\" decoding=\"async\" src=\"https:\/\/tourdaonhatrang.com\/wp-content\/uploads\/2021\/05\/tam-bun-hon-tam-06.jpg\" alt=\"\" width=\"750\" height=\"500\" title=\"\"><\/p>\n<h4><span class=\"ez-toc-section\" id=\"Gia_ve_chua_bao_gom\"><\/span>Gi\u00e1 v\u00e9 ch\u01b0a bao g\u1ed3m<span class=\"ez-toc-section-end\"><\/span><\/h4>\n<ul>\n<li>\u5348\u9910\u81ea\u52a9\u9910\u3002.<\/li>\n<li>Th\u1ec3 thao bi\u1ec3n, d\u00f9 bay, l\u1eb7n bi\u1ec3n,&#8230;<\/li>\n<li>D\u1ecbch v\u1ee5 \u0111\u01b0a \u0111\u00f3n kh\u00e1ch s\u1ea1n.<\/li>\n<\/ul>\n<h2><span class=\"ez-toc-section\" id=\"Nhung_quy_dinh_ban_can_biet_ve_ve_Hon_Tam\"><\/span>\u60a8\u9700\u8981\u4e86\u89e3\u7684 Hon Tam \u95e8\u7968\u89c4\u5b9a<span class=\"ez-toc-section-end\"><\/span><\/h2>\n<p>V\u00e9 t\u00e0u \u0111i T\u1eb1m Nha Trang \u0111\u01b0\u1ee3c t\u00edch h\u1ee3p m\u00e3 QR tr\u00ean v\u00e9 s\u1eed d\u1ee5ng su\u1ed1t h\u00e0nh tr\u00ecnh. V\u00ec v\u1eady b\u1ea1n c\u1ea7n ph\u1ea3i gi\u1eef l\u1ea1i v\u00e9 c\u1ee7a m\u00ecnh \u0111\u1ec3 s\u1eed d\u1ee5ng t\u1eebng d\u1ecbch v\u1ee5.<\/p>\n<p>\u8bf7\u6ce8\u610f\uff0c\u5217\u8f66\u65f6\u523b\u8868\u662f\u56fa\u5b9a\u7684\uff0c\u8bf7\u52a1\u5fc5\u5728\u5217\u8f66\u53d1\u8f66\u65f6\u95f4\u524d\u5230\u8fbe\u6e2f\u53e3\uff01<\/p>\n<p><span style=\"color: #0000ff;\"><strong>\u91cd\u8981\u63d0\u793a\uff1a\u8d2d\u4e70\u5305\u542b\u5348\u9910\u7684\u9e3f\u6f6d\u95e8\u7968\u5957\u9910\u7684\u6e38\u5ba2\uff0c\u8bf7\u8bb0\u5f97\u643a\u5e26\u95e8\u7968\u524d\u5f80\u9910\u5385\u7528\u9910\u3002.<\/strong><\/span><\/p>\n<hr \/>\n<h2><span class=\"ez-toc-section\" id=\"Chuan_bi_nhung_gi_khi_di_tam_bun_Hon_Tam_Nha_Trang\"><\/span>\u53bb\u82bd\u5e84\u4f53\u9a8cHon Tam\u6ce5\u6d74\u9700\u8981\u51c6\u5907\u4ec0\u4e48<span class=\"ez-toc-section-end\"><\/span><\/h2>\n<p>Khi \u0111i <strong><a href=\"https:\/\/tourdaonhatrang.com\/zh\/tam-bun-hon-tam\/\">t\u1eafm b\u00f9n t\u1ea1i H\u00f2n T\u1eb1m Nha Trang<\/a><\/strong> th\u00ec du kh\u00e1ch n\u00ean l\u01b0u \u00fd c\u1ea7n chu\u1ea9n b\u1ecb \u0111\u1ea7y \u0111\u1ee7 c\u00e1c \u0111\u1ed3 \u0111\u1ea1c c\u1ea7n thi\u1ebft nh\u01b0:<\/p>\n<ul>\n<li>\u6ce5\u6d74\u6240\u9700\u7684\u4e00\u4e9b\u4e2a\u4eba\u7269\u54c1\uff0c\u4f8b\u5982\uff1a\u8863\u670d\u3001\u9632\u6652\u971c\u3001\u6ce5\u6d74\u540e\u66f4\u6362\u7684\u8863\u670d\u3002.<\/li>\n<li>B\u1ea1n n\u00ean chu\u1ea9n b\u1ecb c\u1ea3 t\u00fai nilon \u0111\u1ec3 c\u00f3 th\u1ec3 \u0111\u1ef1ng \u0111\u1ed3 \u01b0\u1edbt sau khi t\u1eafm b\u00f9n.<\/li>\n<li>B\u1ea1n c\u00f3 th\u1ec3 mang th\u00eam m\u1ed9t s\u1ed1 lo\u1ea1i thu\u1ed1c nh\u01b0: thu\u1ed1c h\u1ea1 s\u1ed1t, thu\u1ed1c say s\u00f3ng,&#8230; \u0111\u1ec3 b\u1ea3o v\u1ec7 s\u1ee9c kh\u1ecfe t\u1ed1t nh\u1ea5t trong c\u00e1c tr\u01b0\u1eddng h\u1ee3p x\u1ea5u.<\/li>\n<\/ul>\n<h2><span class=\"ez-toc-section\" id=\"Nhung_loi_ich_tuyet_voi_tu_tam_bun_khoang\"><\/span>Nh\u1eefng l\u1ee3i \u00edch tuy\u1ec7t v\u1eddi t\u1eeb t\u1eafm b\u00f9n kho\u00e1ng<span class=\"ez-toc-section-end\"><\/span><\/h2>\n<p>T\u1eafm b\u00f9n kho\u00e1ng c\u1ea7n th\u1ef1c hi\u1ec7n trong m\u1ed9t kho\u1ea3ng th\u1eddi gian \u00edt nh\u1ea5t 15-30 ph\u00fat. N\u1ebfu b\u1ea1n ch\u1ec9 ng\u00e2m 5-10 ph\u00fat, s\u1ebd kh\u00f4ng \u0111em l\u1ea1i hi\u1ec7u qu\u1ea3 cao.<\/p>\n<p>Trong qu\u00e1 tr\u00ecnh ng\u00e2m b\u00f9n, ng\u01b0\u1eddi d\u00f9ng c\u1ea7n th\u1ef1c hi\u1ec7n c\u00e1c thao t\u00e1c massage nh\u1eb9 nh\u00e0ng l\u00ean c\u00e1c b\u1ed9 ph\u1eadn \u1edf to\u00e0n c\u01a1 th\u1ec3. C\u00e1c thao t\u00e1c massage s\u1ebd gi\u00fap d\u01b0\u1ee1ng ch\u1ea5t trong b\u00f9n kho\u00e1ng, th\u1ea9m th\u1ea5u t\u1ed1t h\u01a1n v\u00e0o da.<\/p>\n<p>Trong b\u00f9n kho\u00e1ng c\u00f3 nh\u1eefng \u0111\u1eb7c t\u00ednh v\u1eadt l\u00fd v\u00e0 h\u00f3a h\u1ecdc cao, c\u00f3 c\u00f4ng d\u1ee5ng s\u00e1t khu\u1ea9n t\u1ed1t. Ng\u00e2m m\u00ecnh trong b\u00f9n kho\u00e1ng s\u1ebd gi\u00fap t\u00e1i t\u1ea1o c\u00e1c t\u1ebf b\u00e0o b\u00ean trong da, l\u00e0n da s\u1ebd \u0111\u01b0\u1ee3c th\u1ea3i \u0111\u1ed9c v\u00e0 tr\u1edf n\u00ean s\u0103n ch\u1eafc h\u01a1n r\u1ea5t nhi\u1ec1u.<\/p>\n<p>Sau khi t\u1eafm b\u00f9n kho\u00e1ng xong, b\u1ea1n n\u00ean t\u1eafm s\u1ea1ch v\u1edbi n\u01b0\u1edbc.<\/p>\n<p>\u53c2\u89c1\uff1a <strong><a href=\"https:\/\/tourdaonhatrang.com\/zh\/tam-bun-hon-tam-nha-trang-tron-goi\/\">T\u1eafm b\u00f9n H\u00f2n T\u1eb1m Nha Trang tr\u1ecdn g\u00f3i<\/a><\/strong><\/p>","protected":false},"excerpt":{"rendered":"<p><span style=\"text-decoration: underline; color: #ff0000; font-size: 120%;\"><strong>\u5957\u9910 6<\/strong><\/span> <img loading=\"lazy\" decoding=\"async\" class=\"alignnone wp-image-39871\" src=\"https:\/\/tourdaonhatrang.com\/wp-content\/uploads\/2023\/01\/khuyen-mai-ngay.png\" alt=\"\" width=\"88\" height=\"88\" srcset=\"https:\/\/tourdaonhatrang.com\/wp-content\/uploads\/2023\/01\/khuyen-mai-ngay.png 530w, https:\/\/tourdaonhatrang.com\/wp-content\/uploads\/2023\/01\/khuyen-mai-ngay-300x300.png 300w, https:\/\/tourdaonhatrang.com\/wp-content\/uploads\/2023\/01\/khuyen-mai-ngay-150x150.png 150w, https:\/\/tourdaonhatrang.com\/wp-content\/uploads\/2023\/01\/khuyen-mai-ngay-12x12.png 12w, https:\/\/tourdaonhatrang.com\/wp-content\/uploads\/2023\/01\/khuyen-mai-ngay-400x400.png 400w, https:\/\/tourdaonhatrang.com\/wp-content\/uploads\/2023\/01\/khuyen-mai-ngay-100x100.png 100w\" sizes=\"auto, (max-width: 88px) 100vw, 88px\" \/><\/p>\n<p><img loading=\"lazy\" decoding=\"async\" class=\"size-full wp-image-39900\" src=\"https:\/\/tourdaonhatrang.com\/wp-content\/uploads\/2024\/03\/phieu-khuyen-mai-thanh-toan-ngay-1.png\" alt=\"\u01afu \u0111\u00e3i thanh to\u00e1n ngay\" width=\"840\" height=\"360\" srcset=\"https:\/\/tourdaonhatrang.com\/wp-content\/uploads\/2024\/03\/phieu-khuyen-mai-thanh-toan-ngay-1.png 840w, https:\/\/tourdaonhatrang.com\/wp-content\/uploads\/2024\/03\/phieu-khuyen-mai-thanh-toan-ngay-1-300x129.png 300w, https:\/\/tourdaonhatrang.com\/wp-content\/uploads\/2024\/03\/phieu-khuyen-mai-thanh-toan-ngay-1-768x329.png 768w, https:\/\/tourdaonhatrang.com\/wp-content\/uploads\/2024\/03\/phieu-khuyen-mai-thanh-toan-ngay-1-18x8.png 18w, https:\/\/tourdaonhatrang.com\/wp-content\/uploads\/2024\/03\/phieu-khuyen-mai-thanh-toan-ngay-1-400x171.png 400w, https:\/\/tourdaonhatrang.com\/wp-content\/uploads\/2024\/03\/phieu-khuyen-mai-thanh-toan-ngay-1-600x257.png 600w\" sizes=\"auto, (max-width: 840px) 100vw, 840px\" \/><\/p>\n<h3><span style=\"color: #0000ff;\">\u6210\u4eba\uff1a540,000 \u8d8a\u5357\u76fe<\/span><\/h3>\n<h3><span style=\"color: #0000ff;\">\u8001\u5e74\u4eba\/\u513f\u7ae5\uff1a430,000 \u8d8a\u5357\u76fe<\/span><\/h3>\n<ul>\n<li>\u4ece Hon Tam \u6e2f\u53e3\u51fa\u53d1<\/li>\n<li>\u53cc\u5411\u7a7f\u68ad\u72ec\u6728\u821f<\/li>\n<li>A\u533a\u670d\u52a1 <span style=\"color: #ff0000;\">(t\u1eb7ng khu B b\u00e3i bi\u1ec3n)<\/span><\/li>\n<li>\u4f53\u9a8c\u70ed\u77ff\u6ce5\u6d74<\/li>\n<li>\u77ff\u6cc9\u6d74\u548c\u65e0\u8fb9\u6cf3\u6c60<\/li>\n<li>\u8282\u5047\u65e5\u9644\u52a0\u8d39 15%<\/li>\n<li>\u70ed\u7ebf\uff1a <a href=\"tel:0849256256\">0849 256 256<\/a><\/li>\n<li><span style=\"color: #0000ff;\">\u4ed8\u6b3e\u4fc3\u9500 5%<\/span><\/li>\n<\/ul>\n<div class=\"hJDwNd-AhqUyc-qWD73c purZT-AhqUyc-II5mzb pSzOP-AhqUyc-qWD73c JNdkSc\">\n<div class=\"JNdkSc-SmKAyb\">\n<div class=\"\">\n<div class=\"oKdM2c Kzv0Me\">\n<div class=\"hJDwNd-AhqUyc-qWD73c purZT-AhqUyc-II5mzb pSzOP-AhqUyc-qWD73c JNdkSc\">\n<div class=\"JNdkSc-SmKAyb\">\n<div class=\"\">\n<div class=\"oKdM2c Kzv0Me\">\n<div id=\"h.f128f2fe5256b73_1433\" class=\"hJDwNd-AhqUyc-qWD73c jXK9ad D2fZ2 OjCsFc wHaque GNzUNc\">\n<div class=\"jXK9ad-SmKAyb\">\n<div class=\"tyJCtd mGzaTb baZpAe\">\n<div class=\"row row-small mua-ngay-button\">\n<div class=\"cot1 medium-6 small-12 large-6\">\n<div class=\"col-inner\"><a class=\"button primary is-large lowercase expand\" style=\"border-radius: 3px;\" href=\"https:\/\/tourdaonhatrang.com\/zh\/tam-bun-hon-tam-nha-trang-goi-03\/\">\u67e5\u770b\u8be6\u60c5<\/a><\/div>\n<\/div>\n<div class=\"cot2 medium-6 small-12 large-6\">\n<div class=\"col-inner\"><a class=\"button success is-large lowercase expand\" style=\"border-radius: 3px;\" href=\"https:\/\/hontamnhatrang.com\/tour-hon-tam\/dat-ve-tour-hon-tam-tam-bun-khu-a\/\" target=\"_self\" rel=\"noopener\"><span style=\"vertical-align: inherit;\">\ud83d\uded2 \u5feb\u901f\u8ba2\u7968<\/span><\/a><\/div>\n<\/div>\n<\/div>\n<\/div>\n<\/div>\n<\/div>\n<\/div>\n<\/div>\n<\/div>\n<\/div>\n<\/div>\n<\/div>\n<\/div>\n<\/div>","protected":false},"featured_media":36462,"comment_status":"closed","ping_status":"closed","template":"","meta":[],"product_brand":[],"product_cat":[50,35,666,65],"product_tag":[721,690,681,722,723,724,675,725,587,687,53,726,679,727,728,673],"class_list":{"0":"post-17496","1":"product","2":"type-product","3":"status-publish","4":"has-post-thumbnail","6":"product_cat-tam-bun-hon-tam","7":"product_cat-tour-cac-dao-nha-trang","8":"product_cat-tour-hon-tam-nha-trang","9":"product_cat-ve-hon-tam-nha-trang","10":"product_tag-du-lich-hon-tam-tron-goi","11":"product_tag-du-lich-hon-tam-tu-tuc","12":"product_tag-gia-ve-hon-tam-nha-trang","13":"product_tag-hon-tam-nha-trang","14":"product_tag-mua-ve-hon-tam-o-dau","15":"product_tag-review-hon-tam-nha-trang","16":"product_tag-review-tam-bun-hon-tam","17":"product_tag-tam-bun-hon-tam","18":"product_tag-tam-bun-hon-tam-tron-goi","19":"product_tag-tour-1-dao-nha-trang","20":"product_tag-tour-dao-nha-trang","21":"product_tag-tour-dao-nha-trang-1-ngay","22":"product_tag-tour-hon-tam-tron-goi","23":"product_tag-ve-cano-di-hon-tam","24":"product_tag-ve-hon-tam","25":"product_tag-ve-hon-tam-nha-trang","27":"first","28":"instock","29":"shipping-taxable","30":"product-type-simple"},"_links":{"self":[{"href":"https:\/\/tourdaonhatrang.com\/zh\/wp-json\/wp\/v2\/product\/17496","targetHints":{"allow":["GET"]}}],"collection":[{"href":"https:\/\/tourdaonhatrang.com\/zh\/wp-json\/wp\/v2\/product"}],"about":[{"href":"https:\/\/tourdaonhatrang.com\/zh\/wp-json\/wp\/v2\/types\/product"}],"replies":[{"embeddable":true,"href":"https:\/\/tourdaonhatrang.com\/zh\/wp-json\/wp\/v2\/comments?post=17496"}],"wp:featuredmedia":[{"embeddable":true,"href":"https:\/\/tourdaonhatrang.com\/zh\/wp-json\/wp\/v2\/media\/36462"}],"wp:attachment":[{"href":"https:\/\/tourdaonhatrang.com\/zh\/wp-json\/wp\/v2\/media?parent=17496"}],"wp:term":[{"taxonomy":"product_brand","embeddable":true,"href":"https:\/\/tourdaonhatrang.com\/zh\/wp-json\/wp\/v2\/product_brand?post=17496"},{"taxonomy":"product_cat","embeddable":true,"href":"https:\/\/tourdaonhatrang.com\/zh\/wp-json\/wp\/v2\/product_cat?post=17496"},{"taxonomy":"product_tag","embeddable":true,"href":"https:\/\/tourdaonhatrang.com\/zh\/wp-json\/wp\/v2\/product_tag?post=17496"}],"curies":[{"name":"wp","href":"https:\/\/api.w.org\/{rel}","templated":true}]}}