{"id":17702,"date":"2024-01-16T11:22:07","date_gmt":"2024-01-16T04:22:07","guid":{"rendered":"https:\/\/tourdao.com.vn\/?post_type=product&#038;p=17702"},"modified":"2026-03-07T16:46:18","modified_gmt":"2026-03-07T09:46:18","slug":"%e5%85%b0%e8%8a%b1%e6%ba%aa%e4%b9%8b%e6%97%85","status":"publish","type":"product","link":"https:\/\/tourdaonhatrang.com\/zh\/%e5%85%b0%e8%8a%b1%e6%ba%aa%e4%b9%8b%e6%97%85\/","title":{"rendered":"\u7334\u5c9b\u548c\u5170\u6eaa\u65c5\u6e38\u5957\u7968 | \u8d85\u503c\u4f18\u60e0\uff08\u7ebf\u8def 7\uff09"},"content":{"rendered":"<div id=\"ez-toc-container\" class=\"ez-toc-v2_0_82_2 counter-hierarchy ez-toc-counter ez-toc-grey ez-toc-container-direction\">\n<div class=\"ez-toc-title-container\">\n<p class=\"ez-toc-title\" style=\"cursor:inherit\">\u5185\u5bb9<\/p>\n<span class=\"ez-toc-title-toggle\"><a href=\"#\" class=\"ez-toc-pull-right ez-toc-btn ez-toc-btn-xs ez-toc-btn-default ez-toc-toggle\" aria-label=\"Toggle Table of Content\"><span class=\"ez-toc-js-icon-con\"><span class=\"\"><span class=\"eztoc-hide\" style=\"display:none;\">\u5207\u6362<\/span><span class=\"ez-toc-icon-toggle-span\"><svg style=\"fill: #999;color:#999\" xmlns=\"http:\/\/www.w3.org\/2000\/svg\" class=\"list-377408\" width=\"20px\" height=\"20px\" viewbox=\"0 0 24 24\" fill=\"none\"><path d=\"M6 6H4v2h2V6zm14 0H8v2h12V6zM4 11h2v2H4v-2zm16 0H8v2h12v-2zM4 16h2v2H4v-2zm16 0H8v2h12v-2z\" fill=\"currentColor\"><\/path><\/svg><svg style=\"fill: #999;color:#999\" class=\"arrow-unsorted-368013\" xmlns=\"http:\/\/www.w3.org\/2000\/svg\" width=\"10px\" height=\"10px\" viewbox=\"0 0 24 24\" version=\"1.2\" baseprofile=\"tiny\"><path d=\"M18.2 9.3l-6.2-6.3-6.2 6.3c-.2.2-.3.4-.3.7s.1.5.3.7c.2.2.4.3.7.3h11c.3 0 .5-.1.7-.3.2-.2.3-.5.3-.7s-.1-.5-.3-.7zM5.8 14.7l6.2 6.3 6.2-6.3c.2-.2.3-.5.3-.7s-.1-.5-.3-.7c-.2-.2-.4-.3-.7-.3h-11c-.3 0-.5.1-.7.3-.2.2-.3.5-.3.7s.1.5.3.7z\"\/><\/svg><\/span><\/span><\/span><\/a><\/span><\/div>\n<nav><ul class='ez-toc-list ez-toc-list-level-1' ><li class='ez-toc-page-1 ez-toc-heading-level-1'><a class=\"ez-toc-link ez-toc-heading-1\" href=\"https:\/\/tourdaonhatrang.com\/zh\/%e5%85%b0%e8%8a%b1%e6%ba%aa%e4%b9%8b%e6%97%85\/#TOUR_DAO_KHI_SUOI_HOA_LAN_NHA_TRANG\" >\u82bd\u5e84\u7334\u5c9b\u548c\u5170\u6eaa\u4e4b\u65c5<\/a><ul class='ez-toc-list-level-2' ><li class='ez-toc-heading-level-2'><a class=\"ez-toc-link ez-toc-heading-2\" href=\"https:\/\/tourdaonhatrang.com\/zh\/%e5%85%b0%e8%8a%b1%e6%ba%aa%e4%b9%8b%e6%97%85\/#Vai_net_ve_vinh_Nha_Phu\" >\u82bd\u5bcc\u6e7e\u7684\u4e00\u4e9b\u7279\u8272<\/a><\/li><li class='ez-toc-page-1 ez-toc-heading-level-2'><a class=\"ez-toc-link ez-toc-heading-3\" href=\"https:\/\/tourdaonhatrang.com\/zh\/%e5%85%b0%e8%8a%b1%e6%ba%aa%e4%b9%8b%e6%97%85\/#Gia_tour_dao_Khi_suoi_Hoa_Lan_Nha_Trang\" >\u82bd\u5e84\u7334\u5c9b\u548c\u5170\u82b1\u6eaa\u4e4b\u65c5\u4ef7\u683c<\/a><ul class='ez-toc-list-level-3' ><li class='ez-toc-heading-level-3'><a class=\"ez-toc-link ez-toc-heading-4\" href=\"https:\/\/tourdaonhatrang.com\/zh\/%e5%85%b0%e8%8a%b1%e6%ba%aa%e4%b9%8b%e6%97%85\/#Diem_khoi_hanh_tour\" >\u65c5\u6e38\u51fa\u53d1\u70b9<\/a><\/li><li class='ez-toc-page-1 ez-toc-heading-level-3'><a class=\"ez-toc-link ez-toc-heading-5\" href=\"https:\/\/tourdaonhatrang.com\/zh\/%e5%85%b0%e8%8a%b1%e6%ba%aa%e4%b9%8b%e6%97%85\/#Tour_dao_Khi_va_Suoi_Hoa_Lan_bao_gom_nhung_gi\" >\u7334\u5c9b\u548c\u5170\u6eaa\u4e4b\u65c5\u5305\u542b\u54ea\u4e9b\u5185\u5bb9\uff1f<\/a><\/li><li class='ez-toc-page-1 ez-toc-heading-level-3'><a class=\"ez-toc-link ez-toc-heading-6\" href=\"https:\/\/tourdaonhatrang.com\/zh\/%e5%85%b0%e8%8a%b1%e6%ba%aa%e4%b9%8b%e6%97%85\/#Tour_khong_bao_gom\" >\u884c\u7a0b\u4e0d\u5305\u62ec\uff1a<\/a><\/li><li class='ez-toc-page-1 ez-toc-heading-level-3'><a class=\"ez-toc-link ez-toc-heading-7\" href=\"https:\/\/tourdaonhatrang.com\/zh\/%e5%85%b0%e8%8a%b1%e6%ba%aa%e4%b9%8b%e6%97%85\/#Thuc_don_an_trua\" >\u5348\u9910\u83dc\u5355<\/a><\/li><\/ul><\/li><li class='ez-toc-page-1 ez-toc-heading-level-2'><a class=\"ez-toc-link ez-toc-heading-8\" href=\"https:\/\/tourdaonhatrang.com\/zh\/%e5%85%b0%e8%8a%b1%e6%ba%aa%e4%b9%8b%e6%97%85\/#Lich_trinh_tour_Dao_Khi_suoi_Hoa_Lan_trong_ngay\" >\u7334\u5c9b\u548c\u5170\u6eaa\u4e00\u65e5\u6e38\u884c\u7a0b\u5b89\u6392<\/a><\/li><li class='ez-toc-page-1 ez-toc-heading-level-2'><a class=\"ez-toc-link ez-toc-heading-9\" href=\"https:\/\/tourdaonhatrang.com\/zh\/%e5%85%b0%e8%8a%b1%e6%ba%aa%e4%b9%8b%e6%97%85\/#Luu_y_khi_di_tour_dao_Khi_dao_suoi_Hoa_Lan\" >\u6e38\u89c8\u7334\u5c9b\u548c\u5170\u6eaa\u5c9b\u7684\u6ce8\u610f\u4e8b\u9879<\/a><\/li><\/ul><\/li><\/ul><\/nav><\/div>\n<h1><span class=\"ez-toc-section\" id=\"TOUR_DAO_KHI_SUOI_HOA_LAN_NHA_TRANG\"><\/span>\u82bd\u5e84\u7334\u5c9b\u548c\u5170\u6eaa\u4e4b\u65c5<span class=\"ez-toc-section-end\"><\/span><\/h1>\n<p>\u7334\u5c9b\u548c\u5170\u6eaa\u4e4b\u65c5\u662f\u5176\u4e2d\u4e4b\u4e00 <strong><a href=\"https:\/\/tourdaonhatrang.com\/zh\/%e4%ba%a7%e5%93%81\/\">\u82bd\u5e84\u5c9b\u4e4b\u65c5<\/a><\/strong> \u9002\u5408\u6240\u6709\u5bb6\u5ead\u6210\u5458\uff0c\u4ece\u6210\u4eba\u5230\u513f\u7ae5\u3002\u8fd9\u6b21\u65c5\u884c\u5c06\u5e2e\u52a9\u5bb6\u4eba\u5728\u5fd9\u788c\u7684\u65e5\u5e38\u751f\u6d3b\u540e\u589e\u8fdb\u611f\u60c5\u3002.<\/p>\n<h2><span class=\"ez-toc-section\" id=\"Vai_net_ve_vinh_Nha_Phu\"><\/span>\u82bd\u5bcc\u6e7e\u7684\u4e00\u4e9b\u7279\u8272<span class=\"ez-toc-section-end\"><\/span><\/h2>\n<p>\u82bd\u5bcc\u6e7e\u4f4d\u4e8e\u82bd\u5e84\u5e02\u4ee5\u531715\u516c\u91cc\u5904\uff0c\u9762\u79ef\u8fd11500\u516c\u9877\uff0c\u8fde\u63a5\u82bd\u5e84\u6e7e\u548c\u4e91\u5cf0\u6e7e\u3002\u82bd\u5bcc\u6e7e\u662f\u5e86\u548c\u7701\u4e24\u5927\u6f5f\u6e56\u4e4b\u4e00\uff0c\u81f3\u4eca\u4ecd\u4fdd\u7559\u7740\u72ec\u7279\u7684\u751f\u6001\u7279\u5f81\uff0c\u62e5\u6709\u5c71\u8109\u3001\u68ee\u6797\u3001\u6cb3\u6d41\u3001\u6eaa\u6d41\u548c\u5c9b\u5c7f\u3002.<\/p>\n<p><img loading=\"lazy\" decoding=\"async\" src=\"https:\/\/tourdaonhatrang.com\/wp-content\/uploads\/2021\/02\/tour-dao-khi-suoi-hoa-lan-01.jpg\" alt=\"\u7334\u5c9b\u548c\u5170\u6eaa\u4e4b\u65c5\" width=\"750\" height=\"500\" title=\"\"><\/p>\n<p>\u8fd9\u662f\u5e86\u548c\u7701\u4e24\u5927\u6cfb\u6e56\u4e4b\u4e00\uff0c\u81f3\u4eca\u4ecd\u4fdd\u7559\u7740\u72ec\u7279\u800c\u7f55\u89c1\u7684\u751f\u6001\u533a\u57df\u7684\u6240\u6709\u7279\u5f81\uff0c\u62e5\u6709\u5c71\u8109\u3001\u68ee\u6797\u3001\u6cb3\u6d41\u548c\u5c9b\u5c7f\uff0c\u5728\u82bd\u5e84\u4e43\u81f3\u6574\u4e2a\u8d8a\u5357\u7684\u6d77\u5c9b\u65c5\u6e38\u4e2d\u90fd\u72ec\u6811\u4e00\u5e1c\u3002.<\/p>\n<p><img loading=\"lazy\" decoding=\"async\" src=\"https:\/\/tourdaonhatrang.com\/wp-content\/uploads\/2021\/02\/tour-dao-khi-suoi-hoa-lan-09.jpg\" alt=\"\u7334\u5c9b\u548c\u5170\u6eaa\u4e4b\u65c5\" width=\"750\" height=\"500\" title=\"\"><\/p>\n<p>\u6e38\u89c8\u82bd\u5e84\u6e7e\uff0c\u60a8\u5c06\u6709\u673a\u4f1a\u5145\u5206\u6c89\u6d78\u4e8e\u4e24\u5ea7\u5c9b\u5c7f\u2014\u2014\u82bd\u5e84\u5170\u82b1\u5c9b\u548c\u7334\u5c9b\u2014\u2014\u4ee4\u4eba\u60ca\u53f9\u7684\u81ea\u7136\u5947\u89c2\u4e4b\u4e2d\u3002\u5c3d\u60c5\u4eab\u53d7\u8fd9\u7247\u5b81\u9759\u3001\u8bd7\u610f\u3001\u6e05\u65b0\u4e14\u540c\u6837\u5f15\u4eba\u5165\u80dc\u7684\u72ec\u7279\u7a7a\u95f4\u3002.<\/p>\n<p><strong>\u67e5\u770b\u66f4\u591a &gt;&gt;&gt; <a href=\"https:\/\/hontamnhatrang.com\/tour-hon-tam-tron-goi\/\" rel=\"noopener\">Hon Tam 1\u65e5\u6e38<\/a><\/strong><\/p>\n<h2><span class=\"ez-toc-section\" id=\"Gia_tour_dao_Khi_suoi_Hoa_Lan_Nha_Trang\"><\/span>\u82bd\u5e84\u7334\u5c9b\u548c\u5170\u82b1\u6eaa\u4e4b\u65c5\u4ef7\u683c<span class=\"ez-toc-section-end\"><\/span><\/h2>\n<ul>\n<li>Ng\u01b0\u01a1\u0300i l\u01a1\u0301n: 730.000 VN\u0110\/Kh\u00e1ch<\/li>\n<li>Tr\u1ebb em t\u1eeb 1.0m \u2013 1.4m: 510.000 VN\u0110\/Kh\u00e1ch<\/li>\n<li>\u8eab\u9ad8\u4e0d\u8db31\u7c73\u7684\u513f\u7ae5\uff1a\u514d\u8d39\u3002.<\/li>\n<\/ul>\n<h3><span class=\"ez-toc-section\" id=\"Diem_khoi_hanh_tour\"><\/span>\u65c5\u6e38\u51fa\u53d1\u70b9<span class=\"ez-toc-section-end\"><\/span><\/h3>\n<p>\u53c8\u79f0\u51b2\u77f3\u6e2f,\u00a0<strong><a href=\"https:\/\/tourdaonhatrang.com\/zh\/%e4%b9%98%e7%81%ab%e8%bd%a6%e5%89%8d%e5%be%80%e8%8a%bd%e5%ba%84\/\" target=\"_blank\" rel=\"nofollow noopener\">\u7801\u5934\u524d\u5f80\u82bd\u5e84\u7334\u5c9b<\/a><\/strong>\u00a0\u4f4d\u4e8e\u82bd\u5e84\u5e02\u4e2d\u5fc3\u4ee5\u5317\u7ea622\u516c\u91cc\u5904\u3002.<\/p>\n<p>\u5730\u5740\uff1a\u5e86\u548c\u7701\u82bd\u5e84\u5e02Vinh Luong\u516c\u793eCat Loi\u6751Da Chong\u56fd\u90531A\u53f7\u3002.<\/p>\n<h3><span class=\"ez-toc-section\" id=\"Tour_dao_Khi_va_Suoi_Hoa_Lan_bao_gom_nhung_gi\"><\/span>\u7334\u5c9b\u548c\u5170\u6eaa\u4e4b\u65c5\u5305\u542b\u54ea\u4e9b\u5185\u5bb9\uff1f<span class=\"ez-toc-section-end\"><\/span><\/h3>\n<ul>\n<li>\u7a7f\u68ad\u5df4\u58eb<\/li>\n<li>\u53cc\u5c9b\u8fd0\u8f93\u8239<\/li>\n<li>\u53c2\u89c2\u8be5\u9879\u76ee\u7684\u95e8\u7968<\/li>\n<li>\u89c2\u770b\u8282\u76ee\u4e2d\u7684\u9a6c\u620f\u8868\u6f14<\/li>\n<li>\u5ea7\u4f4d + \u51c9\u4ead<\/li>\n<li>\u5348\u9910\u6309\u8ba1\u5212\u8fdb\u884c<\/li>\n<li>\u5168\u7a0b\u5bfc\u6e38\u966a\u540c<\/li>\n<li>\u6625\u5929<\/li>\n<\/ul>\n<p><img loading=\"lazy\" decoding=\"async\" src=\"https:\/\/tourdaonhatrang.com\/wp-content\/uploads\/2021\/02\/dam-nha-phu-nha-trang-1.jpg\" alt=\"\" width=\"750\" height=\"500\" title=\"\"><\/p>\n<h3><span class=\"ez-toc-section\" id=\"Tour_khong_bao_gom\"><\/span>\u884c\u7a0b\u4e0d\u5305\u62ec\uff1a<span class=\"ez-toc-section-end\"><\/span><\/h3>\n<p>\u9879\u76ee\u4ee5\u5916\u7684\u5176\u4ed6\u8d39\u7528\u3002.<\/p>\n<h3><span class=\"ez-toc-section\" id=\"Thuc_don_an_trua\"><\/span>\u5348\u9910\u83dc\u5355<span class=\"ez-toc-section-end\"><\/span><\/h3>\n<figure id=\"attachment_39455\" aria-describedby=\"caption-attachment-39455\" style=\"width: 853px\" class=\"wp-caption aligncenter\"><img loading=\"lazy\" decoding=\"async\" class=\"size-large wp-image-39455\" src=\"https:\/\/tourdaonhatrang.com\/wp-content\/uploads\/2024\/01\/menu-thuc-don-an-trua-dao-khi-suoi-hoa-lan-1-853x1024.jpg\" alt=\"menu th\u1ef1c \u0111\u01a1n \u0103n tr\u01b0a \u0111\u1ea3o kh\u1ec9 su\u1ed1i hoa lan\" width=\"853\" height=\"1024\" title=\"\" srcset=\"https:\/\/tourdaonhatrang.com\/wp-content\/uploads\/2024\/01\/menu-thuc-don-an-trua-dao-khi-suoi-hoa-lan-1-853x1024.jpg 853w, https:\/\/tourdaonhatrang.com\/wp-content\/uploads\/2024\/01\/menu-thuc-don-an-trua-dao-khi-suoi-hoa-lan-1-250x300.jpg 250w, https:\/\/tourdaonhatrang.com\/wp-content\/uploads\/2024\/01\/menu-thuc-don-an-trua-dao-khi-suoi-hoa-lan-1-768x922.jpg 768w, https:\/\/tourdaonhatrang.com\/wp-content\/uploads\/2024\/01\/menu-thuc-don-an-trua-dao-khi-suoi-hoa-lan-1-10x12.jpg 10w, https:\/\/tourdaonhatrang.com\/wp-content\/uploads\/2024\/01\/menu-thuc-don-an-trua-dao-khi-suoi-hoa-lan-1-400x480.jpg 400w, https:\/\/tourdaonhatrang.com\/wp-content\/uploads\/2024\/01\/menu-thuc-don-an-trua-dao-khi-suoi-hoa-lan-1-600x720.jpg 600w, https:\/\/tourdaonhatrang.com\/wp-content\/uploads\/2024\/01\/menu-thuc-don-an-trua-dao-khi-suoi-hoa-lan-1.jpg 1000w\" sizes=\"auto, (max-width: 853px) 100vw, 853px\" \/><figcaption id=\"caption-attachment-39455\" class=\"wp-caption-text\">menu th\u1ef1c \u0111\u01a1n \u0103n tr\u01b0a \u0111\u1ea3o kh\u1ec9 su\u1ed1i hoa lan<\/figcaption><\/figure>\n<p>Th\u1ef1c \u0111\u01a1n c\u01a1m tr\u01b0a Tour Nha Phu 2026 ph\u1ee5c v\u1ee5 theo h\u00ecnh th\u1ee9c buffet l\u00e0 ch\u00ednh. Tuy nhi\u00ean, t\u00f9y t\u1eebng th\u1eddi \u0111i\u1ec3m, nh\u00e0 h\u00e0ng c\u00f3 th\u1ec3 chuy\u1ec3n sang h\u00ecnh th\u1ee9c ph\u1ee5c v\u1ee5 theo set menu.<\/p>\n<h2><span class=\"ez-toc-section\" id=\"Lich_trinh_tour_Dao_Khi_suoi_Hoa_Lan_trong_ngay\"><\/span>\u7334\u5c9b\u548c\u5170\u6eaa\u4e00\u65e5\u6e38\u884c\u7a0b\u5b89\u6392<span class=\"ez-toc-section-end\"><\/span><\/h2>\n<p>08:00 \u2013 09:00\uff1a\u63a5\u9001\u5ba2\u4eba<\/p>\n<p>\u6211\u4eec\u7684\u8f66\u5c06\u5728\u82bd\u5e84\u5e02\u7684\u96c6\u5408\u70b9\u63a5\u60a8\uff0c\u7136\u540e\u524d\u5f80\u5927\u51b2\u6e2f\uff08\u82bd\u5e84\u5e02\u6c38\u826f\u4e61\uff09\u3002.<\/p>\n<p>\u9009\u62e9\u5728\u82bd\u5e84\uff08\u5927\u51b2\u6e2f\uff09\u7801\u5934\u63a5\u5ba2\u524d\u5f80\u7334\u5c9b\u7684\u6e38\u5ba2\uff0c\u8bf7\u5728\u4e0a\u5348 9 \u70b9\u524d\u81ea\u884c\u524d\u5f80\u7801\u5934\u3002.<\/p>\n<p>09:00\uff1a\u51fa\u53d1<\/p>\n<p>\u5bfc\u6e38\u5c06\u5e26\u60a8\u767b\u8239\uff0c\u5f00\u59cb\u6e38\u89c8\u82bd\u5e84\u6cfb\u6e56\u7684\u5170\u82b1\u5c9b\u548c\u7334\u5c9b\u3002.<\/p>\n<p>09:40\uff1a\u62b5\u8fbe\u5170\u5c7f\u5c9b<\/p>\n<p>\u5728 <strong><a href=\"https:\/\/tourdaonhatrang.com\/zh\/dao-hoa-lan-nha-trang\/\">\u82bd\u5e84\u5170\u5c9b<\/a><\/strong>, \u60a8\u5c06\u4f53\u9a8c\u5230\uff1a<\/p>\n<ul>\n<li>\u53ef\u514d\u8d39\u53c2\u89c2\u5170\u82b1\u56ed\u3001\u9e35\u9e1f\u56ed\u548c\u9e7f\u82d1\u3002, <strong><a href=\"https:\/\/vi.wikipedia.org\/wiki\/C%C3%B4ng_(chim)\" rel=\"noopener\">\u5b54\u96c0<\/a><\/strong>, \u72ec\u7279\u7684\u8774\u8776\u56ed\uff0c\u5e86\u548c\u68ee\u6797\u751f\u7269\u591a\u6837\u6027\u533a\u3002.<\/li>\n<li>\u6b23\u8d4f\u7f8e\u4e3d\u7684\u5174\u6625\u6e56\u548c\u7fe0\u4ed9\u6e56\u3002.<\/li>\n<li>\u6b23\u8d4f\u7cbe\u5f69\u7684\u5927\u8c61\u3001\u718a\u548c\u87d2\u86c7\u9a6c\u620f\u8868\u6f14\u3002.<\/li>\n<li>\u60a8\u5c06\u6709\u673a\u4f1a\u53c2\u89c2\u5e76\u4e0e\u975e\u6d32\u9e35\u9e1f\u548c\u9e7f\u7fa4\u5728\u5929\u7136\u68ee\u6797\u4e2d\u4e92\u52a8\uff0c\u5728\u8fd9\u91cc\u60a8\u53ef\u4ee5\u4f53\u9a8c\u5750\u5728\u975e\u6d32\u9e35\u9e1f\u80cc\u4e0a\u6216\u9a91\u5728\u5927\u8c61\u80cc\u4e0a\u7684\u611f\u89c9\u3002.<\/li>\n<li>\u7eaa\u5ff5\u7167\u7247\uff1a\u82b1\u56ed <a href=\"https:\/\/vi.wikipedia.org\/wiki\/Disneyland\" rel=\"noopener\"><strong>\u8fea\u58eb\u5c3c\u4e50\u56ed<\/strong>,<\/a> \u5de8\u578b\u5409\u4ed6\u3001\u9526\u9ca4\u6c60\u3001\u5929\u7136\u6eaa\u6d41\u3001\u82b1\u56ed\u3002.<\/li>\n<li>\u53c2\u89c2\u8d8a\u5357\u4e61\u6751\u5c55\u73b0\u7684\u662f\u4e00\u4e2a\u5b81\u9759\u8d28\u6734\u7684\u6751\u5e84\uff0c\u8305\u8349\u5c4b\u9876\u3001\u8377\u5858\u3001\u9c7c\u5858\u3001\u846b\u82a6\u548c\u5357\u74dc\u56ed\u2026\u2026<\/li>\n<\/ul>\n<p><img loading=\"lazy\" decoding=\"async\" src=\"https:\/\/tourdaonhatrang.com\/wp-content\/uploads\/2021\/02\/tour-dao-khi-suoi-hoa-lan-06.jpg\" alt=\"\u7334\u5c9b\u548c\u5170\u6eaa\u4e4b\u65c5\" width=\"750\" height=\"500\" title=\"\"><\/p>\n<p>10:45\uff1a\u6b23\u8d4f\u72ec\u7279\u7684\u9e1f\u7c7b\u9a6c\u620f\u8868\u6f14\u3002.<\/p>\n<p>\u4e4b\u540e\uff0c\u60a8\u53ef\u4ee5\u8eba\u5728\u8611\u83c7\u5c4b\u91cc\u4f11\u606f\u3002\u7cbe\u529b\u5145\u6c9b\u7684\u4eba\u53ef\u4ee5\u7ee7\u7eed\u5212\u76ae\u5212\u8247\uff0c\u6216\u8005\u73a9\u4e00\u4e9b\u523a\u6fc0\u7684\u6e38\u620f\uff0c\u6bd4\u5982\u6c34\u4e0a\u6469\u6258\u8247\u3001\u6ed1\u7fd4\u4f1e\u7b49\u7b49\u3002<\/p>\n<p>\u5982\u679c\u6709\u4eba\u65e9\u65e9\u5c31\u997f\u4e86\uff0c\u53ef\u4ee5\u53bb\u9999\u8d8a\u7f8e\u98df\u5e7f\u573a\uff0c\u90a3\u91cc\u6709\u7740\u6d53\u539a\u7684\u4e61\u6751\u98ce\u60c5\uff0c\u6c47\u96c6\u4e86\u4e09\u4e2a\u5730\u533a\u7684\u4e61\u6751\u83dc\u80b4\u548c\u7279\u8272\u8461\u8404\u9152\uff0c\u4ee5\u53ca\u6765\u81ea\u5168\u56fd\u5404\u5730\u7684\u751c\u6c64\u548c\u7cd5\u70b9\uff0c\u4f1a\u8ba9\u6e38\u5ba2\u611f\u5230\u66f4\u52a0\u6709\u8da3\u3002.<\/p>\n<p>\u6b64\u5916\uff0c\u65c5\u6e38\u533a\u5185\u8fd8\u6709\u53ef\u5bb9\u7eb3 600 \u591a\u4f4d\u5ba2\u4eba\u7684\u9999\u5170\u9910\u5385\uff0c\u63d0\u4f9b\u591a\u79cd\u591a\u6837\u7684\u83dc\u80b4\u3002.<\/p>\n<p>12:00-13:00\uff1a\u5348\u9910<\/p>\n<p>\u60a8\u5c06\u5728\u9999\u5170\u9910\u5385\u4eab\u7528\u5348\u9910\uff0c\u83dc\u54c1\u5305\u62ec\uff08\u4ec0\u9526\u6c99\u62c9\u3001\u6d77\u5e26\u6c64\u3001\u9c7c\u9732\u7116\u867e\u3001\u9171\u6cb9\u84b8\u9c7c\u3001\u9e35\u9e1f\u5976\u6614\u3001\u6d0b\u8471\u714e\u86cb\u3001\u767d\u7c73\u996d\u3001\u4eba\u53c2\u51b0\u8336\u548c\u751c\u70b9\uff09\uff0c\u7136\u540e\u5728\u84dd\u6d77\u8fb9\u7684\u8611\u83c7\u5c4b\u653e\u677e\u8eab\u5fc3\u3002.<\/p>\n<p>\u5728\u6b64\u671f\u95f4\uff0c\u60a8\u5e94\u8be5\u54c1\u5c1d\u4e00\u676f\u7eaf\u6b63\u7684\u767e\u9999\u679c\u6c41\uff0c\u5473\u9053\u6781\u4f73\uff0c\u800c\u4e14\u53ea\u6709\u5728\u7ee5\u82b1\u5170\u624d\u80fd\u627e\u5230\u3002.<\/p>\n<p>13:15\uff1a\u62b5\u8fbe\u7334\u5c9b\uff08Hon Lao\uff09<\/p>\n<p>\u60a8\u5df2\u8e0f\u5165\u5b59\u609f\u7a7a\u7684\u738b\u56fd\uff0c\u8fd9\u91cc\u6709\u8d85\u8fc7 1000 \u53ea\u91ce\u751f\u7334\u5b50\u548c\u8bb8\u591a\u4e16\u754c\u4e0a\u7684\u73cd\u7a00\u7269\u79cd\u3002.<\/p>\n<p>\u5728 <strong><a href=\"https:\/\/tourdaonhatrang.com\/zh\/tour-dao-khi-nha-trang-hang-ngay\/\">\u82bd\u5e84\u7334\u5c9b<\/a><\/strong> \u60a8\u5c06\u83b7\u5f97\uff1a<\/p>\n<p><img loading=\"lazy\" decoding=\"async\" src=\"https:\/\/tourdaonhatrang.com\/wp-content\/uploads\/2021\/02\/tour-dao-khi-suoi-hoa-lan-08.jpg\" alt=\"\u7334\u5c9b\u548c\u5170\u6eaa\u4e4b\u65c5\" width=\"750\" height=\"500\" title=\"\"><\/p>\n<ul>\n<li>\u4e0e\u91ce\u751f\u7334\u5b50\u53cb\u597d\u63a5\u89e6\uff0c\u89c2\u770b\u52a8\u7269\u9a6c\u620f\u8868\u6f14\uff08\u7334\u5b50\u3001\u718a\u3001\u72d7\u2026\u2026\uff09\u3002.<\/li>\n<li>\u89c2\u770b\u5e76\u6295\u6ce8\u8d5b\u72d7\u6bd4\u8d5b\uff0c\u8d62\u53d6\u4e30\u539a\u5956\u54c1\u3002.<\/li>\n<li>\u5728\u8fd9\u6b3e\u60ca\u9669\u523a\u6fc0\u7684F1\u8d5b\u8f66\u6e38\u620f\u4e2d\uff0c\u6d4b\u8bd5\u4f60\u7684\u901f\u5ea6\u8d5b\u8f66\u6280\u5de7\u3002.<\/li>\n<li>\u4f53\u9a8c\u4e00\u4e0b\u88ab\u6570\u767e\u53cc\u773c\u775b\u76d1\u89c6\u7684\u611f\u89c9\u3002\u54ea\u6015\u53ea\u662f\u51e0\u79d2\u949f\u7684\u758f\u5ffd\uff0c\u4f60\u7684\u6c34\u74f6\u6216\u98df\u7269\u90fd\u53ef\u80fd\u5728\u5149\u5929\u5316\u65e5\u4e4b\u4e0b\u88ab\u4eba\u62a2\u8d70\u3002.<\/li>\n<li>\u53c2\u89c2\u827a\u672f\u4f5c\u54c1\uff1aZone Studio \u767b\u8bb0\u533a\uff0c\u8bbe\u6709\u79cb\u5343\u3001\u98ce\u8f66\u3001\u901a\u5f80\u5929\u5802\u7684\u9636\u68af\u2026\u2026\u3001\u5fc3\u5f62\u82b1\u56ed\u3001\u8272\u5f69\u7f24\u7eb7\u7684\u4e09\u89d2\u6885\u5927\u9053\u3002.<\/li>\n<li>\u5728\u8611\u83c7\u5e10\u7bf7\u91cc\u653e\u677e\u8eab\u5fc3\uff0c\u5728\u6d77\u91cc\u7545\u6e38\u2026\u2026<\/li>\n<\/ul>\n<p>15:30-16:00\uff1a\u884c\u7a0b\u7ed3\u675f<\/p>\n<p>\u4e58\u8239\u8fd4\u56de\u6e2f\u53e3\u3002\u884c\u7a0b\u7ed3\u675f\uff0c\u4e13\u8f66\uff08\u542b\u79c1\u4eba\u63a5\u9001\u670d\u52a1\uff09\u9001\u60a8\u8fd4\u56de\u82bd\u5e84\u7684\u9152\u5e97\u3002.<\/p>\n<p>\u53c2\u89c1\uff1a <strong><a href=\"https:\/\/tourdao.vn\/can-chuan-bi-nhung-gi-khi-di-du-lich-nha-trang\/\" rel=\"noopener\">\u524d\u5f80\u82bd\u5e84\u65c5\u884c\u7684\u51c6\u5907\u5efa\u8bae<\/a><\/strong><\/p>\n<h2><span class=\"ez-toc-section\" id=\"Luu_y_khi_di_tour_dao_Khi_dao_suoi_Hoa_Lan\"><\/span>\u6e38\u89c8\u7334\u5c9b\u548c\u5170\u6eaa\u5c9b\u7684\u6ce8\u610f\u4e8b\u9879<span class=\"ez-toc-section-end\"><\/span><\/h2>\n<p>\u8fd9\u9876\u5e3d\u5b50\u662f\u53c2\u52a0\u4e00\u65e5\u5170\u6eaa\u7334\u5c9b\u4e4b\u65c5\u7684\u6e38\u5ba2\u8d60\u9001\u7684\uff0c\u4f46\u60a8\u4ecd\u7136\u5e94\u8be5\u643a\u5e26\u4e00\u4e9b\u9632\u62a4\u88c5\u5907\uff0c\u4f8b\u5982\u9632\u6652\u971c\u3001\u6c99\u6ee9\u51c9\u978b\u7b49\u3002.<\/p>\n<p>\u51c6\u5907\u5f88\u591a\u6f02\u4eae\u7684\u8863\u670d\uff0c\u4ee5\u4fbf\u968f\u65f6\u62cd\u6444\u7f8e\u7167\u3002<\/p>\n<p>\u5f53\u4f60\u6765\u5230\u9e3f\u8001\u7334\u5c9b\u7684\u7334\u5b50\u533a\u65f6\uff0c\u8981\u5c0f\u5fc3\uff0c\u5426\u5219\u7334\u5b50\u4f1a\u51fa\u6765\u62a2\u52ab\u4f60\u3002.<\/p>\n<p>&gt;&gt;&gt;<strong>\u00a0<a href=\"https:\/\/tourdaonhatrang.com\/zh\/%e6%b9%96%e6%bd%ad%e6%b5%b7%e6%b3%a5%e6%97%85%e6%b8%b8%e5%a5%97%e9%a4%90\/\">Hon Tam \u6d77\u6ce5\u4e4b\u65c5\u5957\u9910<\/a><\/strong><\/p>","protected":false},"excerpt":{"rendered":"<p><span style=\"text-decoration: underline; color: #ff0000; font-size: 120%;\"><strong>\u6e38\u89c8 7<\/strong><\/span><\/p>\n<p><img loading=\"lazy\" decoding=\"async\" class=\"alignnone wp-image-39900\" src=\"https:\/\/tourdaonhatrang.com\/wp-content\/uploads\/2024\/03\/phieu-khuyen-mai-thanh-toan-ngay-1.png\" alt=\"\u01afu \u0111\u00e3i thanh to\u00e1n ngay\" width=\"550\" height=\"236\" srcset=\"https:\/\/tourdaonhatrang.com\/wp-content\/uploads\/2024\/03\/phieu-khuyen-mai-thanh-toan-ngay-1.png 840w, https:\/\/tourdaonhatrang.com\/wp-content\/uploads\/2024\/03\/phieu-khuyen-mai-thanh-toan-ngay-1-300x129.png 300w, https:\/\/tourdaonhatrang.com\/wp-content\/uploads\/2024\/03\/phieu-khuyen-mai-thanh-toan-ngay-1-768x329.png 768w, https:\/\/tourdaonhatrang.com\/wp-content\/uploads\/2024\/03\/phieu-khuyen-mai-thanh-toan-ngay-1-18x8.png 18w, https:\/\/tourdaonhatrang.com\/wp-content\/uploads\/2024\/03\/phieu-khuyen-mai-thanh-toan-ngay-1-400x171.png 400w, https:\/\/tourdaonhatrang.com\/wp-content\/uploads\/2024\/03\/phieu-khuyen-mai-thanh-toan-ngay-1-600x257.png 600w\" sizes=\"auto, (max-width: 550px) 100vw, 550px\" \/><\/p>\n<h3><span style=\"color: #0000ff;\">Ng\u01b0\u1eddi l\u1edbn: 730,000\u0111 \u2013 Tr\u1ebb em: 510,000\u0111<\/span><\/h3>\n<ul>\n<li>Can\u00f4 cao t\u1ed1c gh\u00e9p \u0111o\u00e0n<\/li>\n<li>\u5728\u57ce\u5e02\u96c6\u5408\u70b9\u63a5\u5ba2<\/li>\n<li>\u884c\u7a0b\u4ece\u5927\u51b2\u6e2f\u51fa\u53d1<\/li>\n<li>\u7334\u5c9b+\u5170\u6eaa\u95e8\u7968\u3002.<\/li>\n<li>\u5348\u9910\u6309\u8ba1\u5212\u8fdb\u884c<\/li>\n<li>\u62b5\u8fbe\u5170\u5c7f\u529e\u7406\u5165\u4f4f<\/li>\n<li>\u5165\u4f4f\u7334\u5c9b<\/li>\n<li>\u70ed\u7ebf\uff1a\u00a0<a href=\"tel:0849256256\">0849 256 256<\/a><\/li>\n<li><span style=\"color: #0000ff;\">\u4ed8\u6b3e\u4fc3\u9500 5%<\/span><\/li>\n<\/ul>\n<div class=\"hJDwNd-AhqUyc-qWD73c purZT-AhqUyc-II5mzb pSzOP-AhqUyc-qWD73c JNdkSc\">\n<div class=\"JNdkSc-SmKAyb\">\n<div class=\"\">\n<div class=\"oKdM2c Kzv0Me\">\n<div class=\"hJDwNd-AhqUyc-qWD73c purZT-AhqUyc-II5mzb pSzOP-AhqUyc-qWD73c JNdkSc\">\n<div class=\"JNdkSc-SmKAyb\">\n<div class=\"\">\n<div class=\"oKdM2c Kzv0Me\">\n<div id=\"h.f128f2fe5256b73_1433\" class=\"hJDwNd-AhqUyc-qWD73c jXK9ad D2fZ2 OjCsFc wHaque GNzUNc\">\n<div class=\"jXK9ad-SmKAyb\">\n<div class=\"tyJCtd mGzaTb baZpAe\">\n<div class=\"row row-small mua-ngay-button\">\n<div class=\"cot1 medium-6 small-12 large-6\">\n<div class=\"col-inner\"><a class=\"button primary is-large lowercase expand\" style=\"border-radius: 3px;\" href=\"https:\/\/tourdaonhatrang.com\/zh\/%e5%85%b0%e8%8a%b1%e6%ba%aa%e4%b9%8b%e6%97%85\/\">\u67e5\u770b\u8be6\u60c5<\/a><\/div>\n<\/div>\n<div class=\"cot2 medium-6 small-12 large-6\">\n<div class=\"col-inner\"><a class=\"button success is-large lowercase expand\" style=\"border-radius: 3px;\" href=\"https:\/\/tourdaonhatrang.com\/zh\/%e5%88%80%e6%b8%b8\/dat-ve-tour-dao-khi-suoi-hoa-lan\/\" target=\"_self\" rel=\"noopener\"><span style=\"vertical-align: inherit;\">\ud83d\uded2 \u5feb\u901f\u8ba2\u7968<\/span><\/a><\/div>\n<\/div>\n<\/div>\n<\/div>\n<\/div>\n<\/div>\n<\/div>\n<\/div>\n<\/div>\n<\/div>\n<\/div>\n<\/div>\n<\/div>\n<\/div>","protected":false},"featured_media":34970,"comment_status":"open","ping_status":"closed","template":"","meta":[],"product_brand":[],"product_cat":[35],"product_tag":[729,53],"class_list":{"0":"post-17702","1":"product","2":"type-product","3":"status-publish","4":"has-post-thumbnail","6":"product_cat-tour-cac-dao-nha-trang","7":"product_tag-tour-dao-khi-suoi-hoa-lan","8":"product_tag-tour-dao-nha-trang","10":"first","11":"instock","12":"shipping-taxable","13":"product-type-simple"},"_links":{"self":[{"href":"https:\/\/tourdaonhatrang.com\/zh\/wp-json\/wp\/v2\/product\/17702","targetHints":{"allow":["GET"]}}],"collection":[{"href":"https:\/\/tourdaonhatrang.com\/zh\/wp-json\/wp\/v2\/product"}],"about":[{"href":"https:\/\/tourdaonhatrang.com\/zh\/wp-json\/wp\/v2\/types\/product"}],"replies":[{"embeddable":true,"href":"https:\/\/tourdaonhatrang.com\/zh\/wp-json\/wp\/v2\/comments?post=17702"}],"wp:featuredmedia":[{"embeddable":true,"href":"https:\/\/tourdaonhatrang.com\/zh\/wp-json\/wp\/v2\/media\/34970"}],"wp:attachment":[{"href":"https:\/\/tourdaonhatrang.com\/zh\/wp-json\/wp\/v2\/media?parent=17702"}],"wp:term":[{"taxonomy":"product_brand","embeddable":true,"href":"https:\/\/tourdaonhatrang.com\/zh\/wp-json\/wp\/v2\/product_brand?post=17702"},{"taxonomy":"product_cat","embeddable":true,"href":"https:\/\/tourdaonhatrang.com\/zh\/wp-json\/wp\/v2\/product_cat?post=17702"},{"taxonomy":"product_tag","embeddable":true,"href":"https:\/\/tourdaonhatrang.com\/zh\/wp-json\/wp\/v2\/product_tag?post=17702"}],"curies":[{"name":"wp","href":"https:\/\/api.w.org\/{rel}","templated":true}]}}