{"id":19616,"date":"2024-02-25T08:40:36","date_gmt":"2024-02-25T01:40:36","guid":{"rendered":"https:\/\/tourdao.com.vn\/?post_type=product&#038;p=19616"},"modified":"2026-04-04T18:32:56","modified_gmt":"2026-04-04T11:32:56","slug":"%e9%b8%bf%e6%bd%ad%e8%b4%b5%e5%ae%be%e5%b2%9b1%e5%b2%9b%e6%b8%b8","status":"publish","type":"product","link":"https:\/\/tourdaonhatrang.com\/zh\/%e9%b8%bf%e6%bd%ad%e8%b4%b5%e5%ae%be%e5%b2%9b1%e5%b2%9b%e6%b8%b8\/","title":{"rendered":"\u884c\u7a0b 1 Vip Hon Tam \u5c9b | \u6d77\u5e95\u6f2b\u6b65\uff08\u5957\u9910 1\uff09"},"content":{"rendered":"<div id=\"ez-toc-container\" class=\"ez-toc-v2_0_82_2 counter-hierarchy ez-toc-counter ez-toc-grey ez-toc-container-direction\">\n<div class=\"ez-toc-title-container\">\n<p class=\"ez-toc-title\" style=\"cursor:inherit\">\u5185\u5bb9<\/p>\n<span class=\"ez-toc-title-toggle\"><a href=\"#\" class=\"ez-toc-pull-right ez-toc-btn ez-toc-btn-xs ez-toc-btn-default ez-toc-toggle\" aria-label=\"Toggle Table of Content\"><span class=\"ez-toc-js-icon-con\"><span class=\"\"><span class=\"eztoc-hide\" style=\"display:none;\">\u5207\u6362<\/span><span class=\"ez-toc-icon-toggle-span\"><svg style=\"fill: #999;color:#999\" xmlns=\"http:\/\/www.w3.org\/2000\/svg\" class=\"list-377408\" width=\"20px\" height=\"20px\" viewbox=\"0 0 24 24\" fill=\"none\"><path d=\"M6 6H4v2h2V6zm14 0H8v2h12V6zM4 11h2v2H4v-2zm16 0H8v2h12v-2zM4 16h2v2H4v-2zm16 0H8v2h12v-2z\" fill=\"currentColor\"><\/path><\/svg><svg style=\"fill: #999;color:#999\" class=\"arrow-unsorted-368013\" xmlns=\"http:\/\/www.w3.org\/2000\/svg\" width=\"10px\" height=\"10px\" viewbox=\"0 0 24 24\" version=\"1.2\" baseprofile=\"tiny\"><path d=\"M18.2 9.3l-6.2-6.3-6.2 6.3c-.2.2-.3.4-.3.7s.1.5.3.7c.2.2.4.3.7.3h11c.3 0 .5-.1.7-.3.2-.2.3-.5.3-.7s-.1-.5-.3-.7zM5.8 14.7l6.2 6.3 6.2-6.3c.2-.2.3-.5.3-.7s-.1-.5-.3-.7c-.2-.2-.4-.3-.7-.3h-11c-.3 0-.5.1-.7.3-.2.2-.3.5-.3.7s.1.5.3.7z\"\/><\/svg><\/span><\/span><\/span><\/a><\/span><\/div>\n<nav><ul class='ez-toc-list ez-toc-list-level-1' ><li class='ez-toc-page-1 ez-toc-heading-level-1'><a class=\"ez-toc-link ez-toc-heading-1\" href=\"https:\/\/tourdaonhatrang.com\/zh\/%e9%b8%bf%e6%bd%ad%e8%b4%b5%e5%ae%be%e5%b2%9b1%e5%b2%9b%e6%b8%b8\/#Tour_1_dao_Vip_Hon_Tam\" >\u884c\u7a0b 1 Vip Hon Tam \u5c9b<\/a><ul class='ez-toc-list-level-2' ><li class='ez-toc-heading-level-2'><a class=\"ez-toc-link ez-toc-heading-2\" href=\"https:\/\/tourdaonhatrang.com\/zh\/%e9%b8%bf%e6%bd%ad%e8%b4%b5%e5%ae%be%e5%b2%9b1%e5%b2%9b%e6%b8%b8\/#Tour_1_dao_Vip_Hon_Tam_%E2%80%93_Sea_Walker\" >\u884c\u7a0b\u4e00\uff1aVIP\u5c9b\u5c7f\u9e3f\u6f6d - \u6d77\u5e95\u6f2b\u6b65<\/a><\/li><li class='ez-toc-page-1 ez-toc-heading-level-2'><a class=\"ez-toc-link ez-toc-heading-3\" href=\"https:\/\/tourdaonhatrang.com\/zh\/%e9%b8%bf%e6%bd%ad%e8%b4%b5%e5%ae%be%e5%b2%9b1%e5%b2%9b%e6%b8%b8\/#Mot_vai_net_dep_ve_Hon_Tam_Nha_Trang\" >\u82bd\u5e84\u6e56\u7684\u4e00\u4e9b\u7f8e\u4e3d\u666f\u8272<\/a><\/li><li class='ez-toc-page-1 ez-toc-heading-level-2'><a class=\"ez-toc-link ez-toc-heading-4\" href=\"https:\/\/tourdaonhatrang.com\/zh\/%e9%b8%bf%e6%bd%ad%e8%b4%b5%e5%ae%be%e5%b2%9b1%e5%b2%9b%e6%b8%b8\/#Di_bo_duoi_day_bien_SeaWalker_la_gi\" >\u4ec0\u4e48\u662fSeaWalker\uff1f<\/a><\/li><li class='ez-toc-page-1 ez-toc-heading-level-2'><a class=\"ez-toc-link ez-toc-heading-5\" href=\"https:\/\/tourdaonhatrang.com\/zh\/%e9%b8%bf%e6%bd%ad%e8%b4%b5%e5%ae%be%e5%b2%9b1%e5%b2%9b%e6%b8%b8\/#Diem_khoi_hanh_Tour_1_dao_Vip_Hon_Tam_Nha_Trang\" >1\u53f7VIP\u5c9b\u4e4b\u65c5\u51fa\u53d1\u70b9\uff1a\u82bd\u5e84Hon Tam\u5c9b<\/a><\/li><li class='ez-toc-page-1 ez-toc-heading-level-2'><a class=\"ez-toc-link ez-toc-heading-6\" href=\"https:\/\/tourdaonhatrang.com\/zh\/%e9%b8%bf%e6%bd%ad%e8%b4%b5%e5%ae%be%e5%b2%9b1%e5%b2%9b%e6%b8%b8\/#Tour_1_dao_Vip_Hon_Tam_bao_gom_nhung_hoat_dong_gi\" >VIP \u9e3f\u6f6d\u5c9b\u4e4b\u65c5\u5305\u542b\u54ea\u4e9b\u6d3b\u52a8\uff1f<\/a><ul class='ez-toc-list-level-3' ><li class='ez-toc-heading-level-3'><a class=\"ez-toc-link ez-toc-heading-7\" href=\"https:\/\/tourdaonhatrang.com\/zh\/%e9%b8%bf%e6%bd%ad%e8%b4%b5%e5%ae%be%e5%b2%9b1%e5%b2%9b%e6%b8%b8\/#Gia_ve_Tour_Vip_Hon_Tam_co_lan_bien\" >VIP \u9e3f\u6f6d\u6f5c\u6c34\u4e4b\u65c5\u95e8\u7968\u4ef7\u683c<\/a><\/li><li class='ez-toc-page-1 ez-toc-heading-level-3'><a class=\"ez-toc-link ez-toc-heading-8\" href=\"https:\/\/tourdaonhatrang.com\/zh\/%e9%b8%bf%e6%bd%ad%e8%b4%b5%e5%ae%be%e5%b2%9b1%e5%b2%9b%e6%b8%b8\/#Nhung_quyen_loi_trong_tour_Vip_Hon_Tam_co_lan_bien_ngam_san_ho\" >\u53c2\u52a0VIP\u9e3f\u6f6d\u4e4b\u65c5\uff0c\u4f53\u9a8c\u6d6e\u6f5c\u89c2\u8d4f\u73ca\u745a\u7901\u7684\u76ca\u5904<\/a><ul class='ez-toc-list-level-4' ><li class='ez-toc-heading-level-4'><a class=\"ez-toc-link ez-toc-heading-9\" href=\"https:\/\/tourdaonhatrang.com\/zh\/%e9%b8%bf%e6%bd%ad%e8%b4%b5%e5%ae%be%e5%b2%9b1%e5%b2%9b%e6%b8%b8\/#Quy_dinh_ve_tre_em_va_nguoi_cao_tuoi\" >\u513f\u7ae5\u53ca\u8001\u5e74\u4eba\u8d2d\u7968\u89c4\u5b9a<\/a><\/li><li class='ez-toc-page-1 ez-toc-heading-level-4'><a class=\"ez-toc-link ez-toc-heading-10\" href=\"https:\/\/tourdaonhatrang.com\/zh\/%e9%b8%bf%e6%bd%ad%e8%b4%b5%e5%ae%be%e5%b2%9b1%e5%b2%9b%e6%b8%b8\/#Tour_Vip_Hon_Tam_bao_gom\" >VIP \u97e9\u8c2d\u4e4b\u65c5\u5305\u542b\uff1a<\/a><\/li><li class='ez-toc-page-1 ez-toc-heading-level-4'><a class=\"ez-toc-link ez-toc-heading-11\" href=\"https:\/\/tourdaonhatrang.com\/zh\/%e9%b8%bf%e6%bd%ad%e8%b4%b5%e5%ae%be%e5%b2%9b1%e5%b2%9b%e6%b8%b8\/#Tour_khong_bao_gom\" >\u884c\u7a0b\u4e0d\u5305\u62ec<\/a><\/li><\/ul><\/li><\/ul><\/li><li class='ez-toc-page-1 ez-toc-heading-level-2'><a class=\"ez-toc-link ez-toc-heading-12\" href=\"https:\/\/tourdaonhatrang.com\/zh\/%e9%b8%bf%e6%bd%ad%e8%b4%b5%e5%ae%be%e5%b2%9b1%e5%b2%9b%e6%b8%b8\/#Khong_biet_boi_tham_gia_Sea_Walker_duoc_khong\" >\u4e0d\u4f1a\u6e38\u6cf3\u5c31\u65e0\u6cd5\u52a0\u5165\u201c\u6d77\u5e95\u6f2b\u6b65\u8005\u201d\u8ba1\u5212\u5417\uff1f<\/a><\/li><li class='ez-toc-page-1 ez-toc-heading-level-2'><a class=\"ez-toc-link ez-toc-heading-13\" href=\"https:\/\/tourdaonhatrang.com\/zh\/%e9%b8%bf%e6%bd%ad%e8%b4%b5%e5%ae%be%e5%b2%9b1%e5%b2%9b%e6%b8%b8\/#Tham_gia_Tour_1_dao_Vip_Hon_Tam_co_lan_bien_can_luu_y_nhung_gi\" >\u53c2\u52a0VIP\u9e3f\u6f6d\u5c9b1\u53f7\u6f5c\u6c34\u4e4b\u65c5\u65f6\u5e94\u8be5\u6ce8\u610f\u4ec0\u4e48\uff1f<\/a><\/li><\/ul><\/li><\/ul><\/nav><\/div>\n<h1><span class=\"ez-toc-section\" id=\"Tour_1_dao_Vip_Hon_Tam\"><\/span>\u884c\u7a0b 1 Vip Hon Tam \u5c9b<span class=\"ez-toc-section-end\"><\/span><\/h1>\n<p>1\u53f7VIP\u6e56\u6f6d\u5c9b\u4e4b\u65c5\u662f\u6e56\u6f6d\u5c9b\u6700\u9ad8\u6807\u51c6\u7684\u65c5\u6e38\u5957\u9910\uff0c\u9002\u5408\u6240\u6709\u5e74\u9f84\u6bb5\u7684\u6e38\u5ba2\u3002\u884c\u7a0b\u5305\u542b\u514d\u8d39\u81ea\u52a9\u5348\u9910\uff0c\u5e76\u53ef\u4e58\u5750\u6d77\u5e95\u6f2b\u6b65\u8f66\u63a2\u7d22\u6d77\u6d0b\u3002<\/p>\n<p>\u5feb\u901f\u65c5\u6e38\u9884\u8ba2\u54a8\u8be2\uff0c\u53ef\u901a\u8fc7\u7535\u8bdd\u6216\u5728\u7ebf\u9884\u8ba2\uff1a0849 256 256<\/p>\n<h2><span class=\"ez-toc-section\" id=\"Tour_1_dao_Vip_Hon_Tam_%E2%80%93_Sea_Walker\"><\/span>\u884c\u7a0b\u4e00\uff1aVIP\u5c9b\u5c7f\u9e3f\u6f6d - \u6d77\u5e95\u6f2b\u6b65<span class=\"ez-toc-section-end\"><\/span><\/h2>\n<p>VIP \u871c\u5e84\u4e00\u5c9b\u6e38\u5305\u542b\u6c34\u4e0b\u6f2b\u6b65\u89c2\u8d4f\u73ca\u745a\u7684\u670d\u52a1\uff0c\u4e13\u4e3a\u5bb6\u5ead\u56e2\u4f53\u5b89\u6392\u3002\u65e0\u8bba\u662f\u5426\u4f1a\u6e38\u6cf3\uff0c\u5747\u53ef\u53c2\u52a0\u6f5c\u6c34\u6d3b\u52a8\u3002.<\/p>\n<p>\u4ef7\u683c\u4ec5\u4e3a 2,200,000 \u8d8a\u5357\u76fe\/\u4eba\uff0c\u5305\u62ec\u72ec\u6728\u821f\u63a5\u9001\u3001\u6d77\u5e95\u6f2b\u6b65\u89c2\u8d4f\u73ca\u745a\u3001\u65e0\u9650\u6b21\u4f53\u9a8c Hon Tam \u6ce5\u6d74\u533a\u3001Hon Tam \u8c6a\u534e\u4f53\u9a8c\u3002.<\/p>\n<figure style=\"width: 750px\" class=\"wp-caption alignnone\"><img loading=\"lazy\" decoding=\"async\" src=\"https:\/\/tourdaonhatrang.com\/wp-content\/uploads\/2021\/03\/tour-1-dao-vip-hon-tam.jpeg\" alt=\"\u884c\u7a0b 1 Vip Hon Tam \u5c9b\" width=\"750\" height=\"500\" title=\"\"><figcaption class=\"wp-caption-text\">\u5728\u82bd\u5e84\u6e7e\u6700\u7f8e\u7684\u6728\u6865\u4e0a\u62cd\u7167\u7559\u5ff5\u5427\uff01<\/figcaption><\/figure>\n<p>\u78a7\u84dd\u7684\u6d77\u6c34\u3001\u7ef5\u5ef6\u7684\u767d\u8272\u6c99\u6ee9\uff0c\u6570\u767e\u79cd\u73cd\u7a00\u6d77\u6d0b\u751f\u7269\u7684\u5bb6\u56ed\uff0c\u4ee5\u53ca\u8272\u5f69\u6591\u6593\u7684\u73ca\u745a\u7901\u2026\u2026\u4e00\u5b9a\u4f1a\u7ed9\u6e38\u5ba2\u5e26\u6765\u96be\u5fd8\u7684\u4f53\u9a8c\u3002.<\/p>\n<p>\u53c2\u89c1\uff1a <strong><a href=\"https:\/\/tourdaonhatrang.com\/zh\/tour-du-lich-dao-hon-tam-nha-trang\/\">\u82bd\u5e84\u6c49\u8c2d\u5c9b\u65c5\u6e38<\/a><\/strong><\/p>\n<h2><span class=\"ez-toc-section\" id=\"Mot_vai_net_dep_ve_Hon_Tam_Nha_Trang\"><\/span>\u82bd\u5e84\u6e56\u7684\u4e00\u4e9b\u7f8e\u4e3d\u666f\u8272<span class=\"ez-toc-section-end\"><\/span><\/h2>\n<p><a href=\"https:\/\/hontamnhatrang.com\/tour-hon-tam-sea-mud\/\" target=\"_blank\" rel=\"noopener noreferrer\"><strong>\u82bd\u5e84\u5e02\u8c2d\u5148\u751f<\/strong><\/a> \u662f\u4e00\u4e2a\u6781\u5177\u5438\u5f15\u529b\u7684\u65c5\u6e38\u76ee\u7684\u5730\uff0c\u5438\u5f15\u7740\u4f17\u591a\u65c5\u884c\u7231\u597d\u8005\u524d\u6765\u89c2\u5149\u3002\u5b83\u662f\u5e86\u548c\u7701\u7684\u4e00\u4e2a\u8457\u540d\u5c9b\u5c7f\uff0c\u4f4d\u4e8e\u82bd\u5e84\u5e02\u4e1c\u53576\u516c\u91cc\u5904\u3002.<\/p>\n<p>\u8fd9\u91cc\u62e5\u6709\u68a6\u5e7b\u822c\u7684\u7edd\u7f8e\u666f\u8272\u3001\u7cbe\u5f69\u7eb7\u5448\u7684\u5a31\u4e50\u6d3b\u52a8\u548c\u4e13\u4e1a\u7684\u670d\u52a1\u56e2\u961f\u3002Hon Tam \u582a\u79f0\u82bd\u5e84\u4e0d\u5bb9\u9519\u8fc7\u7684\u5ea6\u5047\u5929\u5802\u3002.<\/p>\n<figure style=\"width: 750px\" class=\"wp-caption alignnone\"><img loading=\"lazy\" decoding=\"async\" src=\"https:\/\/tourdaonhatrang.com\/wp-content\/uploads\/2021\/03\/dao-hon-tam-nha-trang.jpg\" alt=\"\u884c\u7a0b 1 Vip Hon Tam \u5c9b\" width=\"750\" height=\"500\" title=\"\"><figcaption class=\"wp-caption-text\">\u4ece\u8fdc\u5904\u62cd\u6444\u7684\u82bd\u5e84\u6e56\u6f6d\u5c9b<\/figcaption><\/figure>\n<p>\u5728\u53c2\u52a0Hon Tam Island\u65c5\u6e38\u6d3b\u52a8\u65f6\uff0c\u4e0e\u670b\u53cb\u548c\u7231\u4eba\u4e00\u8d77\u6f2b\u6b65\u6c99\u6ee9\uff0c\u6b23\u8d4f\u7eff\u6811\u63a9\u6620\u4e0b\u7684\u8305\u8349\u5c4b\uff0c\u662f\u4e00\u6b21\u4e0d\u5bb9\u9519\u8fc7\u7684\u4f53\u9a8c\u3002 <a href=\"https:\/\/tourdaonhatrang.com\/zh\/%e8%8a%bd%e5%ba%84%e4%b9%8b%e6%97%85-2\/\" target=\"_blank\" rel=\"noopener noreferrer\"><strong>\u82bd\u5e84\u5c9b\u4e4b\u65c5<\/strong><\/a>.<\/p>\n<p>\u522b\u5fd8\u4e86\u5728\u6e05\u51c9\u7684\u6d77\u6c34\u4e2d\u6ce1\u4e2a\u6fa1\uff0c\u6b23\u8d4f\u8fd9\u7247\u7f8e\u4e3d\u6d77\u57df\u7684\u73ca\u745a\u7901\u3002.<\/p>\n<p><strong>\u67e5\u770b\u66f4\u591a &gt;&gt;&gt; <a href=\"https:\/\/hontamnhatrang.com\/tour-hon-tam-tron-goi\/\" rel=\"noopener\">Hon Tam 1\u65e5\u6e38<\/a><\/strong><\/p>\n<h2><span class=\"ez-toc-section\" id=\"Di_bo_duoi_day_bien_SeaWalker_la_gi\"><\/span>\u4ec0\u4e48\u662fSeaWalker\uff1f<span class=\"ez-toc-section-end\"><\/span><\/h2>\n<p><a href=\"https:\/\/tourdaonhatrang.com\/zh\/%e8%8a%bd%e5%ba%84%e6%b5%b7%e6%bb%a9%e5%be%92%e6%ad%a5%e4%b9%8b%e6%97%85\/\"><strong>\u6f2b\u6b65\u82bd\u5e84\u6d77\u5e95<\/strong><\/a> \uff08\u82bd\u5e84\u6d77\u5e95\u6f2b\u6b65\uff09\u662f\u4e00\u9879\u9002\u5408\u4e0d\u540c\u5e74\u9f84\u6bb5\u4e0d\u4f1a\u6e38\u6cf3\u7684\u4eba\u63a2\u7d22\u6c34\u4e0b\u4e16\u754c\u7684\u6d3b\u52a8\u3002.<\/p>\n<figure style=\"width: 750px\" class=\"wp-caption alignnone\"><img loading=\"lazy\" decoding=\"async\" src=\"https:\/\/tourdaonhatrang.com\/wp-content\/uploads\/2021\/03\/tour-1-dao-vip-hon-tam-02.jpg\" alt=\"\u884c\u7a0b 1 Vip Hon Tam \u5c9b\" width=\"750\" height=\"500\" title=\"\"><figcaption class=\"wp-caption-text\">\u5728Hon Tam\u6f5c\u6c34\u89c2\u8d4f\u73ca\u745a\uff08\u6d77\u5e95\u6f2b\u6b65\uff09<\/figcaption><\/figure>\n<p>\u6e38\u5ba2\u4eec\u6234\u4e0a\u80fd\u63d0\u4f9b\u8db3\u591f\u6c27\u6c14\u7684\u5934\u76d4\uff0c\u6309\u7167\u6559\u7ec3\u7684\u6307\u5bfc\uff0c\u4ed6\u4eec\u53ef\u4ee5\u50cf\u5728\u9646\u5730\u4e0a\u4e00\u6837\u5728\u6d77\u91cc\u884c\u8d70\uff0c\u89c2\u8d4f\u6570\u767e\u79cd\u73ca\u745a\u6216\u4e94\u5f69\u7f24\u7eb7\u7684\u9c7c\u7fa4\u2026\u2026<\/p>\n<p>\u9009\u62e91\u53f7VIP\u6e56\u6f6d\u5c9b\u4e4b\u65c5\uff0c\u6e38\u5ba2\u5c06\u6709\u673a\u4f1a\u6b23\u8d4f\u82bd\u5e84\u6e7e\u6d77\u5e95\u7684\u5947\u5999\u4e16\u754c\u3002\u6b64\u5916\uff0c\u4ed6\u4eec\u8fd8\u53ef\u4ee5\u4f53\u9a8c\u6e56\u6f6d\u5c9b\u4e0a\u6570\u4e0d\u80dc\u6570\u7684\u9ad8\u7aef\u8bbe\u65bd\uff0c\u5305\u62ec\u77ff\u7269\u6ce5\u6d74\uff08\u6e56\u6f6d\u5c9b\u4e0a\u9996\u4e2a\u6ce5\u6d74\u533a\uff09\u3002.<\/p>\n<p>\u53c2\u89c1\uff1a <strong><a href=\"https:\/\/tourdaonhatrang.com\/zh\/tour\/tour-3-dao-nha-trang-1-ngay\/\">\u82bd\u5e84\u4e09\u5c9b\u4e4b\u65c5<\/a><\/strong><\/p>\n<h2><span class=\"ez-toc-section\" id=\"Diem_khoi_hanh_Tour_1_dao_Vip_Hon_Tam_Nha_Trang\"><\/span>1\u53f7VIP\u5c9b\u4e4b\u65c5\u51fa\u53d1\u70b9\uff1a\u82bd\u5e84Hon Tam\u5c9b<span class=\"ez-toc-section-end\"><\/span><\/h2>\n<p>VIP Hon Tam Island 1 \u4e4b\u65c5\u4ece Hon Tam Island \u65c5\u6e38\u533a\u7684\u79c1\u4eba\u6e2f\u53e3\u51fa\u53d1\u3002.<\/p>\n<p>Hon Tam \u6e2f\u53e3\u8ddd\u79bb\u82bd\u5e84\u5e7f\u573a\u7ea6 5 \u516c\u91cc\uff0c\u8ddd\u79bb\u73cd\u73e0\u5c9b\u7f06\u8f66 800 \u7c73\uff0c\u8ddd\u79bb\u82bd\u5e84\u65c5\u6e38\u6e2f 1.5 \u516c\u91cc\uff0c\u5747\u4f4d\u4e8e Tran Phu \u8857\uff0c\u6bd7\u90bb Cau Da \u6e2f\u53e3\u548c Yen Sao \u6e2f\u53e3\u3002.<\/p>\n<ul>\n<li>\u5212\u72ec\u6728\u821f\u65f6\u95f4\uff1a\u4e0a\u5348 9:00 \u2013 \u4e0a\u5348 10:00 \u2013 \u4e0a\u5348 11:00 \u2013 \u4e0b\u5348 12:00<\/li>\n<li>\u72ec\u6728\u821f\u5f52\u8fd8\u65f6\u95f4\uff1a10:20 \u2013 12:20 \u2013 14:20 \u2013 16:20<\/li>\n<\/ul>\n<blockquote><p>\u6ce8\u610f\uff1a\u60a8\u9700\u8981\u63d0\u524d 10-15 \u5206\u949f\u5230\u8fbe\u6e56\u6f6d\u7801\u5934\u529e\u7406\u767b\u5c9b\u624b\u7eed\u3002.<\/p><\/blockquote>\n<h2><span class=\"ez-toc-section\" id=\"Tour_1_dao_Vip_Hon_Tam_bao_gom_nhung_hoat_dong_gi\"><\/span>VIP \u9e3f\u6f6d\u5c9b\u4e4b\u65c5\u5305\u542b\u54ea\u4e9b\u6d3b\u52a8\uff1f<span class=\"ez-toc-section-end\"><\/span><\/h2>\n<h3><span class=\"ez-toc-section\" id=\"Gia_ve_Tour_Vip_Hon_Tam_co_lan_bien\"><\/span>VIP \u9e3f\u6f6d\u6f5c\u6c34\u4e4b\u65c5\u95e8\u7968\u4ef7\u683c<span class=\"ez-toc-section-end\"><\/span><\/h3>\n<ul>\n<li>\u6210\u4eba\uff1a2,200,000 \u8d8a\u5357\u76fe\u3002.<\/li>\n<li>\u513f\u7ae5\uff081\u7c73\u81f31\u7c7339\uff09\uff1a1,900,000\u8d8a\u5357\u76fe,<\/li>\n<li>\u513f\u7ae5\uff08\u4e0d\u6f5c\u6c34\uff09\uff1a710,000\u8d8a\u5357\u76fe<\/li>\n<\/ul>\n<h3><span class=\"ez-toc-section\" id=\"Nhung_quyen_loi_trong_tour_Vip_Hon_Tam_co_lan_bien_ngam_san_ho\"><\/span>\u53c2\u52a0VIP\u9e3f\u6f6d\u4e4b\u65c5\uff0c\u4f53\u9a8c\u6d6e\u6f5c\u89c2\u8d4f\u73ca\u745a\u7901\u7684\u76ca\u5904<span class=\"ez-toc-section-end\"><\/span><\/h3>\n<h4><span class=\"ez-toc-section\" id=\"Quy_dinh_ve_tre_em_va_nguoi_cao_tuoi\"><\/span><strong>\u513f\u7ae5\u53ca\u8001\u5e74\u4eba\u8d2d\u7968\u89c4\u5b9a<\/strong><span class=\"ez-toc-section-end\"><\/span><\/h4>\n<ul>\n<li>1\u7c73\u4ee5\u4e0b\u513f\u7ae5\u514d\u8d39\u5165\u573a<\/li>\n<li>\u513f\u7ae5\u8eab\u9ad8\u4ece 1 \u7c73\u5230 1 \u7c73 39<\/li>\n<li>60\u5c81\u4ee5\u4e0a\u7684\u8001\u5e74\u4eba\u6309\u513f\u7ae5\u7968\u6536\u8d39\u3002<\/li>\n<li>\u8eab\u9ad8\u8d85\u8fc71\u7c7339\u7684\u6210\u4eba\u7968<\/li>\n<\/ul>\n<p><em>\u8001\u5e74\u4eba\u987b\u643a\u5e26\u9644\u7167\u7247\u7684\u8eab\u4efd\u8bc1\u660e\u3002\u8eab\u9ad8\u4e0d\u8db31\u7c73\u7684\u513f\u7ae5\u5728\u6210\u4eba\u966a\u540c\u4e0b\u514d\u8d39\u3002\u00a0<\/em><\/p>\n<h4><span class=\"ez-toc-section\" id=\"Tour_Vip_Hon_Tam_bao_gom\"><\/span><strong>VIP \u97e9\u8c2d\u4e4b\u65c5\u5305\u542b\uff1a<\/strong><span class=\"ez-toc-section-end\"><\/span><\/h4>\n<ul>\n<li>\u53cc\u5411\u5feb\u8247\u63a5\u9001<\/li>\n<li>\u514d\u8d39\u63d0\u4f9b\u6cf3\u8863\u3001\u6bdb\u5dfe\u548c\u50a8\u7269\u67dc\u3002.<\/li>\n<li><span style=\"color: #d83131;\">\u4f53\u9a8c\u6d77\u5e95\u6f2b\u6b65\u89c2\u8d4f\u73ca\u745a\uff0815\u5206\u949f\uff09+\u62cd\u6444<\/span><\/li>\n<li>\u79c1\u4eba\u6d77\u6ee9<\/li>\n<li>\u6d77\u6ee9\u8bbe\u65bd\u514d\u8d39\u63d0\u4f9b\uff1a\u8eba\u6905\u3001\u906e\u9633\u4f1e\u7b49\u3002.<\/li>\n<li>\u5728Hon Tam\u6ce5\u6d74\u6c60\u6d78\u6ce1\u77ff\u7269\u6ce5\u3002.<\/li>\n<li>\u6c34\u7597\u6309\u6469\u7cfb\u7edf\u3002.<\/li>\n<li>\u5c3d\u60c5\u4eab\u53d7\u6e29\u6cc9\u6309\u6469\u6d74\u7f38\u548c\u65e0\u8fb9\u6cf3\u6c60\u5e26\u6765\u7684\u8212\u9002\u4f53\u9a8c\u3002.<\/li>\n<li>\u4f53\u9a8c\u503e\u6cfb\u800c\u4e0b\u7684\u77ff\u7269\u7011\u5e03\u6d74\u3002.<\/li>\n<li>\u0102n buffet tr\u01b0a t\u1ea1i nh\u00e0 h\u00e0ng view bi\u1ec3n.<\/li>\n<\/ul>\n<figure id=\"attachment_39423\" aria-describedby=\"caption-attachment-39423\" style=\"width: 1020px\" class=\"wp-caption aligncenter\"><img loading=\"lazy\" decoding=\"async\" class=\"size-large wp-image-39423\" src=\"https:\/\/tourdaonhatrang.com\/wp-content\/uploads\/2023\/01\/menu-bufet-hon-tam-1024x683.jpg\" alt=\"Menu Buffet H\u00f2n T\u1eb1m\" width=\"1020\" height=\"680\" title=\"\" srcset=\"https:\/\/tourdaonhatrang.com\/wp-content\/uploads\/2023\/01\/menu-bufet-hon-tam-1024x683.jpg 1024w, https:\/\/tourdaonhatrang.com\/wp-content\/uploads\/2023\/01\/menu-bufet-hon-tam-300x200.jpg 300w, https:\/\/tourdaonhatrang.com\/wp-content\/uploads\/2023\/01\/menu-bufet-hon-tam-768x512.jpg 768w, https:\/\/tourdaonhatrang.com\/wp-content\/uploads\/2023\/01\/menu-bufet-hon-tam-18x12.jpg 18w, https:\/\/tourdaonhatrang.com\/wp-content\/uploads\/2023\/01\/menu-bufet-hon-tam-400x267.jpg 400w, https:\/\/tourdaonhatrang.com\/wp-content\/uploads\/2023\/01\/menu-bufet-hon-tam-600x400.jpg 600w, https:\/\/tourdaonhatrang.com\/wp-content\/uploads\/2023\/01\/menu-bufet-hon-tam.jpg 1140w\" sizes=\"auto, (max-width: 1020px) 100vw, 1020px\" \/><figcaption id=\"caption-attachment-39423\" class=\"wp-caption-text\">Menu Buffet H\u00f2n T\u1eb1m<\/figcaption><\/figure>\n<h4><span class=\"ez-toc-section\" id=\"Tour_khong_bao_gom\"><\/span><strong>\u884c\u7a0b\u4e0d\u5305\u62ec<\/strong><span class=\"ez-toc-section-end\"><\/span><\/h4>\n<ul>\n<li>\u9152\u5e97\u73ed\u8f66<\/li>\n<li>\u672c\u8ba1\u5212\u4e0d\u5305\u542b\u4ee5\u4e0b\u670d\u52a1\u3002.<\/li>\n<\/ul>\n<h2><span class=\"ez-toc-section\" id=\"Khong_biet_boi_tham_gia_Sea_Walker_duoc_khong\"><\/span>\u4e0d\u4f1a\u6e38\u6cf3\u5c31\u65e0\u6cd5\u52a0\u5165\u201c\u6d77\u5e95\u6f2b\u6b65\u8005\u201d\u8ba1\u5212\u5417\uff1f<span class=\"ez-toc-section-end\"><\/span><\/h2>\n<p>\u4e0d\u4f1a\u6e38\u6cf3\u7684\u5ba2\u4eba\u4e5f\u53ef\u4ee5\u53c2\u52a0\u3002\u53ea\u9700\u53c2\u89c21\u53f7VIP Hon Tam\u5373\u53ef\u3002<\/p>\n<p>Vip Hon Tam \u6d77\u5e95\u6f2b\u6b65\u4e4b\u65c5\u5305\u542b\u6240\u6709\u6e38\u5ba2\u5b89\u5168\u63aa\u65bd 100%\u3002.<\/p>\n<p>\u6211\u4eec\u8bad\u7ec3\u6709\u7d20\u3001\u7ecf\u9a8c\u4e30\u5bcc\u7684\u4e13\u4e1a\u56e2\u961f\u5236\u5b9a\u4e86\u5b89\u5168\u51c6\u5219\uff0c\u4ee5\u786e\u4fdd\u6e38\u5ba2\u5728\u6d77\u5e95\u6f2b\u6b65\u65f6\u62e5\u6709\u7f8e\u597d\u7684\u4f53\u9a8c\u3002.<\/p>\n<p>\u4e0d\u4ec5\u5982\u6b64\uff0c\u8fd8\u6709\u4e00\u4e2a\u597d\u6d88\u606f\uff1a7\u5c81\u53ca\u4ee5\u4e0a\u7684\u513f\u7ae5\u4e5f\u53ef\u4ee5\u53c2\u52a0\u6d77\u5e95\u6f2b\u6b65\u4e4b\u65c5\uff01\u6240\u4ee5\u4eca\u5e74\u590f\u5929\uff0c\u60a8\u53ef\u4ee5\u5e26\u7740\u5168\u5bb6\u4e00\u8d77\u4f53\u9a8c\u5373\u5c06\u63a8\u51fa\u7684\u5355\u5c9bVIP\u9e3f\u6f6d\u4e4b\u65c5\u3002.<\/p>\n<p>\u53c2\u89c1\uff1a <strong><a href=\"https:\/\/tourdaonhatrang.com\/zh\/trai-nghiem-bay-du-luon-nha-trang\/\">\u5728\u82bd\u5e84\u4f53\u9a8c\u6ed1\u7fd4\u4f1e<\/a><\/strong><\/p>\n<h2><span class=\"ez-toc-section\" id=\"Tham_gia_Tour_1_dao_Vip_Hon_Tam_co_lan_bien_can_luu_y_nhung_gi\"><\/span>\u53c2\u52a0VIP\u9e3f\u6f6d\u5c9b1\u53f7\u6f5c\u6c34\u4e4b\u65c5\u65f6\u5e94\u8be5\u6ce8\u610f\u4ec0\u4e48\uff1f<span class=\"ez-toc-section-end\"><\/span><\/h2>\n<ul>\n<li>\u6cf3\u88c5\u5e94\u6574\u6d01\u5e72\u51c0\uff0c\u4e0d\u8981\u4f69\u6234\u8d35\u91cd\u9996\u9970\u3002.<\/li>\n<li>\u4e0b\u53bb\u4e4b\u524d\uff0c\u8bf7\u4ed4\u7ec6\u542c\u6559\u7ec3\u7684\u6307\u793a\uff0c\u5e76\u59cb\u7ec8\u6309\u7167\u5411\u5bfc\u7684\u6307\u793a\u884c\u4e8b\u3002.<\/li>\n<li>\u5b66\u4e60\u4e0b\u6d77\u65f6\u8981\u4f7f\u7528\u7684\u624b\u8bed\uff0c\u56e0\u4e3a\u5728\u6d77\u91cc\u542c\u4e0d\u5230\u58f0\u97f3\uff0c\u6240\u4ee5\u4f7f\u7528\u624b\u8bed\u662f\u5fc5\u8981\u7684\u3002<\/li>\n<li>\u8fd9\u9876\u9752\u94dc\u5e3d\u975e\u5e38\u91cd\uff0c\u63a5\u8fd1 30 \u516c\u65a4\uff0c\u6240\u4ee5\u4e0b\u6c34\u65f6\u9700\u8981\u4fdd\u6301\u5934\u90e8\u76f4\u7acb\uff0c\u5e76\u4e14\u8981\u7a7f\u9774\u5b50\uff0c\u4ee5\u514d\u88ab\u73ca\u745a\u5212\u4f24\u3002.<\/li>\n<li>\u4e3a\u4e86\u4fdd\u62a4\u6d77\u6d0b\u751f\u6001\u73af\u5883\uff0c\u8bf7\u52ff\u89e6\u6478\u3001\u89e6\u78b0\u6216\u6298\u65ad\u73ca\u745a\u679d\u3002.<\/li>\n<li>\u7b2c\u4e00\u6b21\u4e0b\u6d77\u65f6\uff0c\u90a3\u79cd\u611f\u89c9\u53ef\u80fd\u4f1a\u6709\u70b9\u5413\u4eba\u6216\u5bb3\u6015\uff0c\u4f46\u4e00\u65e6\u4e60\u60ef\u4e86\uff0c\u4f60\u5c31\u4e0d\u60f3\u518d\u56de\u53bb\u4e86\u3002.<\/li>\n<\/ul>\n<p>\u53c2\u89c1\uff1a <strong><a href=\"https:\/\/tourdaonhatrang.com\/zh\/tour-3-dao-nha-trang-ghep-doan-va-tour-tu-tuc\/\">\u82bd\u5e84\u4e09\u5c9b\u8ddf\u56e2\u6e38\u548c\u81ea\u52a9\u6e38\u7684\u533a\u522b<\/a><\/strong><\/p>","protected":false},"excerpt":{"rendered":"<p><span style=\"text-decoration: underline; color: #ff0000; font-size: 120%;\"><strong>\u5957\u9910 1<\/strong><\/span><\/p>\n<p><img loading=\"lazy\" decoding=\"async\" class=\"alignnone wp-image-39900\" src=\"https:\/\/tourdaonhatrang.com\/wp-content\/uploads\/2024\/03\/phieu-khuyen-mai-thanh-toan-ngay-1.png\" alt=\"\u01afu \u0111\u00e3i thanh to\u00e1n ngay\" width=\"550\" height=\"236\" srcset=\"https:\/\/tourdaonhatrang.com\/wp-content\/uploads\/2024\/03\/phieu-khuyen-mai-thanh-toan-ngay-1.png 840w, https:\/\/tourdaonhatrang.com\/wp-content\/uploads\/2024\/03\/phieu-khuyen-mai-thanh-toan-ngay-1-300x129.png 300w, https:\/\/tourdaonhatrang.com\/wp-content\/uploads\/2024\/03\/phieu-khuyen-mai-thanh-toan-ngay-1-768x329.png 768w, https:\/\/tourdaonhatrang.com\/wp-content\/uploads\/2024\/03\/phieu-khuyen-mai-thanh-toan-ngay-1-18x8.png 18w, https:\/\/tourdaonhatrang.com\/wp-content\/uploads\/2024\/03\/phieu-khuyen-mai-thanh-toan-ngay-1-400x171.png 400w, https:\/\/tourdaonhatrang.com\/wp-content\/uploads\/2024\/03\/phieu-khuyen-mai-thanh-toan-ngay-1-600x257.png 600w\" sizes=\"auto, (max-width: 550px) 100vw, 550px\" \/><\/p>\n<h3><span style=\"color: #0000ff;\">Ng\u01b0\u1eddi l\u1edbn: 1,955,000\u0111 \u2013 Ng\u01b0\u1eddi cao tu\u1ed5i: 1,685,000\u0111 \u2013 Tr\u1ebb em: 1,685,000\u0111<\/span><\/h3>\n<div class=\"product-short-description\">\n<ul>\n<li>Ng\u01b0\u1eddi cao tu\u1ed5i, tr\u1ebb em kh\u00f4ng l\u1eb7n: 585,000\u0111<\/li>\n<li>\u53cc\u5411\u7a7f\u68ad\u72ec\u6728\u821f<\/li>\n<li>\u6c34\u80ba\u6f5c\u6c34<\/li>\n<li>\u62cd\u6444+\u6444\u5f71<\/li>\n<li>\u4f53\u9a8c\u70ed\u77ff\u6ce5\u6d74<\/li>\n<li>\u79c1\u4eba\u6d77\u6ee9\u3001\u76ae\u5212\u8247<\/li>\n<li>\u5348\u9910\u81ea\u52a9\u9910<\/li>\n<li>\u70ed\u7ebf\uff1a\u00a0<a href=\"tel:0849256256\">0849 256 256<\/a><\/li>\n<li><span style=\"color: #0000ff;\">\u4ed8\u6b3e\u4fc3\u9500 5%<\/span><\/li>\n<\/ul>\n<\/div>\n<div class=\"hJDwNd-AhqUyc-qWD73c purZT-AhqUyc-II5mzb pSzOP-AhqUyc-qWD73c JNdkSc\">\n<div class=\"JNdkSc-SmKAyb\">\n<div class=\"\">\n<div class=\"oKdM2c Kzv0Me\">\n<div class=\"hJDwNd-AhqUyc-qWD73c purZT-AhqUyc-II5mzb pSzOP-AhqUyc-qWD73c JNdkSc\">\n<div class=\"JNdkSc-SmKAyb\">\n<div class=\"\">\n<div class=\"oKdM2c Kzv0Me\">\n<div id=\"h.f128f2fe5256b73_1433\" class=\"hJDwNd-AhqUyc-qWD73c jXK9ad D2fZ2 OjCsFc wHaque GNzUNc\">\n<div class=\"jXK9ad-SmKAyb\">\n<div class=\"tyJCtd mGzaTb baZpAe\">\n<div class=\"row row-small mua-ngay-button\">\n<div class=\"cot1 medium-6 small-12 large-6\">\n<div class=\"col-inner\"><a class=\"button primary is-large lowercase expand\" style=\"border-radius: 3px;\" href=\"https:\/\/tourdaonhatrang.com\/zh\/%e9%b8%bf%e6%bd%ad%e8%b4%b5%e5%ae%be%e5%b2%9b1%e5%b2%9b%e6%b8%b8\/\">\u67e5\u770b\u8be6\u60c5<\/a><\/div>\n<\/div>\n<div class=\"cot2 medium-6 small-12 large-6\">\n<div class=\"col-inner\"><a class=\"button success is-large lowercase expand\" style=\"border-radius: 3px;\" href=\"https:\/\/hontamnhatrang.com\/tour-hon-tam\/dat-ve-tour-1-dao-nha-trang\/\" target=\"_self\" rel=\"noopener\"><span style=\"vertical-align: inherit;\">\ud83d\uded2 \u5feb\u901f\u8ba2\u7968<\/span><\/a><\/div>\n<\/div>\n<\/div>\n<\/div>\n<\/div>\n<\/div>\n<\/div>\n<\/div>\n<\/div>\n<\/div>\n<\/div>\n<\/div>\n<\/div>\n<\/div>","protected":false},"featured_media":34962,"comment_status":"open","ping_status":"closed","template":"","meta":[],"product_brand":[],"product_cat":[666,667,65],"product_tag":[691,680,690,681,723,687,53,692,702,716,717,728,673],"class_list":{"0":"post-19616","1":"product","2":"type-product","3":"status-publish","4":"has-post-thumbnail","6":"product_cat-tour-hon-tam-nha-trang","7":"product_cat-tour-lan-bien-nha-trang","8":"product_cat-ve-hon-tam-nha-trang","9":"product_tag-buffet-hon-tam","10":"product_tag-cang-hon-tam-nha-trang-o-dau","11":"product_tag-du-lich-hon-tam-tu-tuc","12":"product_tag-gia-ve-hon-tam-nha-trang","13":"product_tag-mua-ve-hon-tam-o-dau","14":"product_tag-tour-1-dao-nha-trang","15":"product_tag-tour-dao-nha-trang","16":"product_tag-tour-hon-tam-nha-trang","17":"product_tag-tour-lan-bien-nha-trang","18":"product_tag-tour-lan-snorkeling-nha-trang","19":"product_tag-tour-tam-bun-hon-tam","20":"product_tag-ve-hon-tam","21":"product_tag-ve-hon-tam-nha-trang","23":"first","24":"instock","25":"shipping-taxable","26":"product-type-simple"},"_links":{"self":[{"href":"https:\/\/tourdaonhatrang.com\/zh\/wp-json\/wp\/v2\/product\/19616","targetHints":{"allow":["GET"]}}],"collection":[{"href":"https:\/\/tourdaonhatrang.com\/zh\/wp-json\/wp\/v2\/product"}],"about":[{"href":"https:\/\/tourdaonhatrang.com\/zh\/wp-json\/wp\/v2\/types\/product"}],"replies":[{"embeddable":true,"href":"https:\/\/tourdaonhatrang.com\/zh\/wp-json\/wp\/v2\/comments?post=19616"}],"wp:featuredmedia":[{"embeddable":true,"href":"https:\/\/tourdaonhatrang.com\/zh\/wp-json\/wp\/v2\/media\/34962"}],"wp:attachment":[{"href":"https:\/\/tourdaonhatrang.com\/zh\/wp-json\/wp\/v2\/media?parent=19616"}],"wp:term":[{"taxonomy":"product_brand","embeddable":true,"href":"https:\/\/tourdaonhatrang.com\/zh\/wp-json\/wp\/v2\/product_brand?post=19616"},{"taxonomy":"product_cat","embeddable":true,"href":"https:\/\/tourdaonhatrang.com\/zh\/wp-json\/wp\/v2\/product_cat?post=19616"},{"taxonomy":"product_tag","embeddable":true,"href":"https:\/\/tourdaonhatrang.com\/zh\/wp-json\/wp\/v2\/product_tag?post=19616"}],"curies":[{"name":"wp","href":"https:\/\/api.w.org\/{rel}","templated":true}]}}