{"id":38306,"date":"2023-01-21T09:12:43","date_gmt":"2023-01-21T02:12:43","guid":{"rendered":"https:\/\/tourdaonhatrang.com\/?post_type=product&#038;p=38306"},"modified":"2026-03-14T07:48:14","modified_gmt":"2026-03-14T00:48:14","slug":"scuba-diving-lan-binh-khi-nha-trang","status":"publish","type":"product","link":"https:\/\/tourdaonhatrang.com\/zh\/scuba-diving-lan-binh-khi-nha-trang\/","title":{"rendered":"Scuba Diving &#8211; L\u1eb7n b\u00ecnh kh\u00ed Nha Trang"},"content":{"rendered":"<div id=\"ez-toc-container\" class=\"ez-toc-v2_0_82_2 counter-hierarchy ez-toc-counter ez-toc-grey ez-toc-container-direction\">\n<div class=\"ez-toc-title-container\">\n<p class=\"ez-toc-title\" style=\"cursor:inherit\">\u5185\u5bb9<\/p>\n<span class=\"ez-toc-title-toggle\"><a href=\"#\" class=\"ez-toc-pull-right ez-toc-btn ez-toc-btn-xs ez-toc-btn-default ez-toc-toggle\" aria-label=\"Toggle Table of Content\"><span class=\"ez-toc-js-icon-con\"><span class=\"\"><span class=\"eztoc-hide\" style=\"display:none;\">\u5207\u6362<\/span><span class=\"ez-toc-icon-toggle-span\"><svg style=\"fill: #999;color:#999\" xmlns=\"http:\/\/www.w3.org\/2000\/svg\" class=\"list-377408\" width=\"20px\" height=\"20px\" viewbox=\"0 0 24 24\" fill=\"none\"><path d=\"M6 6H4v2h2V6zm14 0H8v2h12V6zM4 11h2v2H4v-2zm16 0H8v2h12v-2zM4 16h2v2H4v-2zm16 0H8v2h12v-2z\" fill=\"currentColor\"><\/path><\/svg><svg style=\"fill: #999;color:#999\" class=\"arrow-unsorted-368013\" xmlns=\"http:\/\/www.w3.org\/2000\/svg\" width=\"10px\" height=\"10px\" viewbox=\"0 0 24 24\" version=\"1.2\" baseprofile=\"tiny\"><path d=\"M18.2 9.3l-6.2-6.3-6.2 6.3c-.2.2-.3.4-.3.7s.1.5.3.7c.2.2.4.3.7.3h11c.3 0 .5-.1.7-.3.2-.2.3-.5.3-.7s-.1-.5-.3-.7zM5.8 14.7l6.2 6.3 6.2-6.3c.2-.2.3-.5.3-.7s-.1-.5-.3-.7c-.2-.2-.4-.3-.7-.3h-11c-.3 0-.5.1-.7.3-.2.2-.3.5-.3.7s.1.5.3.7z\"\/><\/svg><\/span><\/span><\/span><\/a><\/span><\/div>\n<nav><ul class='ez-toc-list ez-toc-list-level-1' ><li class='ez-toc-page-1 ez-toc-heading-level-1'><a class=\"ez-toc-link ez-toc-heading-1\" href=\"https:\/\/tourdaonhatrang.com\/zh\/scuba-diving-lan-binh-khi-nha-trang\/#Lan_Binh_Khi_Nha_Trang_La_Gi\" >L\u1eb7n B\u00ecnh Kh\u00ed Nha Trang L\u00e0 G\u00ec?<\/a><\/li><li class='ez-toc-page-1 ez-toc-heading-level-1'><a class=\"ez-toc-link ez-toc-heading-2\" href=\"https:\/\/tourdaonhatrang.com\/zh\/scuba-diving-lan-binh-khi-nha-trang\/#Tai_Sao_Nen_Chon_Nha_Trang_De_Lan_Binh_Khi\" >T\u1ea1i Sao N\u00ean Ch\u1ecdn Nha Trang \u0110\u1ec3 L\u1eb7n B\u00ecnh Kh\u00ed?<\/a><ul class='ez-toc-list-level-2' ><li class='ez-toc-heading-level-2'><a class=\"ez-toc-link ez-toc-heading-3\" href=\"https:\/\/tourdaonhatrang.com\/zh\/scuba-diving-lan-binh-khi-nha-trang\/#Quy_Trinh_Tham_Gia_Lan_Binh_Khi_Nha_Trang\" >Quy Tr\u00ecnh Tham Gia L\u1eb7n B\u00ecnh Kh\u00ed Nha Trang<\/a><\/li><li class='ez-toc-page-1 ez-toc-heading-level-2'><a class=\"ez-toc-link ez-toc-heading-4\" href=\"https:\/\/tourdaonhatrang.com\/zh\/scuba-diving-lan-binh-khi-nha-trang\/#Nen_Lan_Binh_Khi_O_Nha_Trang_Vao_Thang_Nao\" >N\u00ean L\u1eb7n B\u00ecnh Kh\u00ed \u1ede Nha Trang V\u00e0o Th\u00e1ng N\u00e0o?<\/a><\/li><\/ul><\/li><\/ul><\/nav><\/div>\n<h1 data-start=\"962\" data-end=\"1001\"><span class=\"ez-toc-section\" id=\"Lan_Binh_Khi_Nha_Trang_La_Gi\"><\/span><strong data-start=\"965\" data-end=\"1001\">L\u1eb7n B\u00ecnh Kh\u00ed Nha Trang L\u00e0 G\u00ec?<\/strong><span class=\"ez-toc-section-end\"><\/span><\/h1>\n<p data-start=\"1003\" data-end=\"1272\"><strong data-start=\"1003\" data-end=\"1019\">L\u1eb7n b\u00ecnh kh\u00ed<\/strong> (scuba diving) l\u00e0 h\u00ecnh th\u1ee9c l\u1eb7n s\u1eed d\u1ee5ng b\u00ecnh d\u01b0\u1ee1ng kh\u00ed chuy\u00ean d\u1ee5ng tr\u00ean l\u01b0ng, gi\u00fap ng\u01b0\u1eddi l\u1eb7n c\u00f3 th\u1ec3 h\u00f4 h\u1ea5p b\u00ecnh th\u01b0\u1eddng d\u01b0\u1edbi n\u01b0\u1edbc trong m\u1ed9t kho\u1ea3ng th\u1eddi gian nh\u1ea5t \u0111\u1ecbnh. B\u1ea1n c\u00f3 th\u1ec3 t\u00ecm th\u1ea5y d\u1ecbch v\u1ee5 n\u00e0y t\u1ea1i h\u1ea7u h\u1ebft c\u00e1c khu du l\u1ecbch \u0111\u1ea3o (nh\u01b0 <a href=\"https:\/\/hontamnhatrang.com\/\" rel=\"noopener\">\u8c2d\u6c49<\/a>, VinWonders) ho\u1eb7c c\u00e1c resort ven bi\u1ec3n. Kh\u00e1c v\u1edbi l\u1eb7n ng\u1eafm b\u1eb1ng \u1ed1ng th\u1edf (snorkeling), l\u1eb7n b\u00ecnh kh\u00ed cho ph\u00e9p ng\u01b0\u1eddi tr\u1ea3i nghi\u1ec7m:<\/p>\n<ul data-start=\"1274\" data-end=\"1511\">\n<li data-start=\"1274\" data-end=\"1325\">\n<p data-start=\"1276\" data-end=\"1325\"><strong data-start=\"1276\" data-end=\"1291\">L\u1eb7n s\u00e2u h\u01a1n<\/strong> (t\u1eeb 5\u201312 m\u00e9t ho\u1eb7c h\u01a1n tu\u1ef3 c\u1ea5p \u0111\u1ed9)<\/p>\n<\/li>\n<li data-start=\"1326\" data-end=\"1376\">\n<p data-start=\"1328\" data-end=\"1376\"><strong data-start=\"1328\" data-end=\"1376\">D\u1ec5 d\u00e0ng ti\u1ebfp c\u1eadn r\u1ea1n san h\u00f4 v\u00e0 sinh v\u1eadt bi\u1ec3n<\/strong><\/p>\n<\/li>\n<li data-start=\"1377\" data-end=\"1433\">\n<p data-start=\"1379\" data-end=\"1433\"><strong data-start=\"1379\" data-end=\"1433\">Quan s\u00e1t th\u1ebf gi\u1edbi d\u01b0\u1edbi n\u01b0\u1edbc r\u00f5 r\u00e0ng v\u00e0 g\u1ea7n g\u0169i h\u01a1n<\/strong><\/p>\n<\/li>\n<li data-start=\"1434\" data-end=\"1511\">\n<p data-start=\"1436\" data-end=\"1511\"><strong data-start=\"1436\" data-end=\"1478\">Kh\u00f4ng c\u1ea7n bi\u1ebft b\u01a1i v\u1eabn c\u00f3 th\u1ec3 tham gia<\/strong> (v\u1edbi h\u01b0\u1edbng d\u1eabn vi\u00ean k\u00e8m s\u00e1t 1:1)<\/p>\n<\/li>\n<\/ul>\n<p data-start=\"1513\" data-end=\"1646\">T\u1ea1i Nha Trang, l\u1eb7n b\u00ecnh kh\u00ed \u0111\u01b0\u1ee3c t\u1ed5 ch\u1ee9c chuy\u00ean nghi\u1ec7p, an to\u00e0n v\u00e0 ph\u00f9 h\u1ee3p v\u1edbi m\u1ecdi \u0111\u1ed1i t\u01b0\u1ee3ng, t\u1eeb ng\u01b0\u1eddi m\u1edbi \u0111\u1ebfn th\u1ee3 l\u1eb7n chuy\u00ean nghi\u1ec7p.<\/p>\n<p data-start=\"1513\" data-end=\"1646\"><img loading=\"lazy\" decoding=\"async\" class=\"size-large wp-image-38308 alignnone\" src=\"https:\/\/tourdaonhatrang.com\/wp-content\/uploads\/2025\/11\/lan-binh-khi-001-1024x683.jpg\" alt=\"\" width=\"1020\" height=\"680\" title=\"\" srcset=\"https:\/\/tourdaonhatrang.com\/wp-content\/uploads\/2025\/11\/lan-binh-khi-001-1024x683.jpg 1024w, https:\/\/tourdaonhatrang.com\/wp-content\/uploads\/2025\/11\/lan-binh-khi-001-300x200.jpg 300w, https:\/\/tourdaonhatrang.com\/wp-content\/uploads\/2025\/11\/lan-binh-khi-001-768x512.jpg 768w, https:\/\/tourdaonhatrang.com\/wp-content\/uploads\/2025\/11\/lan-binh-khi-001-18x12.jpg 18w, https:\/\/tourdaonhatrang.com\/wp-content\/uploads\/2025\/11\/lan-binh-khi-001-400x267.jpg 400w, https:\/\/tourdaonhatrang.com\/wp-content\/uploads\/2025\/11\/lan-binh-khi-001-600x400.jpg 600w, https:\/\/tourdaonhatrang.com\/wp-content\/uploads\/2025\/11\/lan-binh-khi-001.jpg 1140w\" sizes=\"auto, (max-width: 1020px) 100vw, 1020px\" \/><\/p>\n<p>&nbsp;<\/p>\n<h1 data-start=\"1653\" data-end=\"1706\"><span class=\"ez-toc-section\" id=\"Tai_Sao_Nen_Chon_Nha_Trang_De_Lan_Binh_Khi\"><\/span><strong data-start=\"1656\" data-end=\"1706\">T\u1ea1i Sao N\u00ean Ch\u1ecdn Nha Trang \u0110\u1ec3 L\u1eb7n B\u00ecnh Kh\u00ed?<\/strong><span class=\"ez-toc-section-end\"><\/span><\/h1>\n<p data-start=\"1708\" data-end=\"1745\"><strong data-start=\"1712\" data-end=\"1745\">H\u1ec7 Sinh Th\u00e1i Bi\u1ec3n \u0110a D\u1ea1ng: <\/strong>V\u1ecbnh Nha Trang c\u00f3 h\u01a1n <strong data-start=\"1768\" data-end=\"1787\">350 lo\u00e0i san h\u00f4<\/strong>, h\u00e0ng tr\u0103m lo\u00e0i c\u00e1, h\u1ea3i qu\u1ef3, h\u1ea3i s\u00e2m v\u00e0 sinh v\u1eadt bi\u1ec3n \u0111\u1eb7c s\u1eafc. Nh\u1eefng khu v\u1ef1c nh\u01b0 <strong data-start=\"1869\" data-end=\"1880\">\u6d2a\u6587<\/strong>, <strong data-start=\"1882\" data-end=\"1893\">H\u00f2n M\u1ed9t<\/strong>, <strong data-start=\"1895\" data-end=\"1910\">\u73ca\u745a\u6e7e<\/strong>, v\u00e0 <strong data-start=\"1915\" data-end=\"1926\">\u8c2d\u6c49<\/strong> l\u00e0 n\u01a1i c\u00f3 h\u1ec7 sinh th\u00e1i bi\u1ec3n \u0111\u01b0\u1ee3c b\u1ea3o t\u1ed3n t\u1ed1t nh\u1ea5t.<\/p>\n<p data-start=\"1979\" data-end=\"2020\"><strong data-start=\"1983\" data-end=\"2020\">N\u01b0\u1edbc Bi\u1ec3n Trong \u2013 T\u1ea7m Nh\u00ecn R\u00f5: <\/strong>\u0110\u1ed9 trong c\u1ee7a n\u01b0\u1edbc bi\u1ec3n t\u1ea1i Nha Trang th\u01b0\u1eddng \u0111\u1ea1t <strong data-start=\"2069\" data-end=\"2085\">t\u1eeb 10\u201320 m\u00e9t<\/strong>, t\u1ea1o \u0111i\u1ec1u ki\u1ec7n quan s\u00e1t d\u1ec5 d\u00e0ng d\u01b0\u1edbi n\u01b0\u1edbc.<\/p>\n<p data-start=\"2130\" data-end=\"2175\"><strong data-start=\"2134\" data-end=\"2175\">\u0110i\u1ec1u Ki\u1ec7n Bi\u1ec3n L\u00fd T\u01b0\u1edfng Quanh N\u0103m: <\/strong>Kh\u00ed h\u1eadu bi\u1ec3n Nha Trang \u1ed5n \u0111\u1ecbnh, \u00edt b\u00e3o, b\u1ea1n c\u00f3 th\u1ec3 l\u1eb7n h\u1ea7u nh\u01b0 <strong data-start=\"2239\" data-end=\"2269\">t\u1ea5t c\u1ea3 c\u00e1c th\u00e1ng trong n\u0103m<\/strong>.<\/p>\n<p data-start=\"2272\" data-end=\"2325\"><strong data-start=\"2276\" data-end=\"2325\">D\u1ecbch V\u1ee5 Chuy\u00ean Nghi\u1ec7p \u2013 An To\u00e0n Tuy\u1ec7t \u0110\u1ed1i: <\/strong>C\u00e1c trung t\u00e2m l\u1eb7n t\u1ea1i Nha Trang \u0111\u1ec1u c\u00f3 h\u01b0\u1edbng d\u1eabn vi\u00ean qu\u1ed1c t\u1ebf, trang thi\u1ebft b\u1ecb \u0111\u1ea1t chu\u1ea9n PADI v\u00e0 \u0111\u01b0\u1ee3c ki\u1ec3m \u0111\u1ecbnh th\u01b0\u1eddng xuy\u00ean.<\/p>\n<p><img loading=\"lazy\" decoding=\"async\" class=\"size-large wp-image-38309\" src=\"https:\/\/tourdaonhatrang.com\/wp-content\/uploads\/2025\/11\/lan-binh-khi-002-1024x683.jpg\" alt=\"l\u1eb7n b\u00ecnh kh\u00ed\" width=\"1020\" height=\"680\" title=\"\" srcset=\"https:\/\/tourdaonhatrang.com\/wp-content\/uploads\/2025\/11\/lan-binh-khi-002-1024x683.jpg 1024w, https:\/\/tourdaonhatrang.com\/wp-content\/uploads\/2025\/11\/lan-binh-khi-002-300x200.jpg 300w, https:\/\/tourdaonhatrang.com\/wp-content\/uploads\/2025\/11\/lan-binh-khi-002-768x512.jpg 768w, https:\/\/tourdaonhatrang.com\/wp-content\/uploads\/2025\/11\/lan-binh-khi-002-18x12.jpg 18w, https:\/\/tourdaonhatrang.com\/wp-content\/uploads\/2025\/11\/lan-binh-khi-002-400x267.jpg 400w, https:\/\/tourdaonhatrang.com\/wp-content\/uploads\/2025\/11\/lan-binh-khi-002-600x400.jpg 600w, https:\/\/tourdaonhatrang.com\/wp-content\/uploads\/2025\/11\/lan-binh-khi-002.jpg 1140w\" sizes=\"auto, (max-width: 1020px) 100vw, 1020px\" \/><\/p>\n<h2 data-start=\"2941\" data-end=\"2992\"><span class=\"ez-toc-section\" id=\"Quy_Trinh_Tham_Gia_Lan_Binh_Khi_Nha_Trang\"><\/span><strong data-start=\"2944\" data-end=\"2992\">Quy Tr\u00ecnh Tham Gia L\u1eb7n B\u00ecnh Kh\u00ed Nha Trang<\/strong><span class=\"ez-toc-section-end\"><\/span><\/h2>\n<p data-start=\"2994\" data-end=\"3076\">Ngay c\u1ea3 ng\u01b0\u1eddi ch\u01b0a t\u1eebng l\u1eb7n bao gi\u1edd c\u0169ng c\u00f3 th\u1ec3 tham gia v\u00ec quy tr\u00ecnh r\u1ea5t b\u00e0i b\u1ea3n:<\/p>\n<p data-start=\"3078\" data-end=\"3123\"><strong data-start=\"3082\" data-end=\"3123\">B\u01b0\u1edbc 1: Di chuy\u1ec3n ra \u0111i\u1ec3m l\u1eb7n. <\/strong>B\u1ea1n s\u1ebd di chuy\u1ec3n ra \u0111i\u1ec3m l\u1eb7n tr\u00ean \u0111\u1ea3o c\u1ee7a Khu du l\u1ecbch H\u00f2n T\u1eb1m.<\/p>\n<p data-start=\"3190\" data-end=\"3228\"><strong data-start=\"3194\" data-end=\"3228\">B\u01b0\u1edbc 2: Nghe h\u01b0\u1edbng d\u1eabn an to\u00e0n. <\/strong>H\u01b0\u1edbng d\u1eabn vi\u00ean gi\u1ea3i th\u00edch c\u00e1ch s\u1eed d\u1ee5ng m\u1eb7t n\u1ea1, b\u00ecnh kh\u00ed, c\u00e1ch th\u1edf v\u00e0 t\u00edn hi\u1ec7u tay.<\/p>\n<p data-start=\"3313\" data-end=\"3356\"><strong data-start=\"3317\" data-end=\"3356\">B\u01b0\u1edbc 3: T\u1eadp l\u00e0m quen d\u01b0\u1edbi n\u01b0\u1edbc n\u00f4ng. <\/strong>B\u1ea1n s\u1ebd th\u1ef1c h\u00e0nh h\u00edt \u2013 th\u1edf b\u1eb1ng b\u00ecnh kh\u00ed d\u01b0\u1edbi \u0111\u1ed9 s\u00e2u 1\u20132m tr\u01b0\u1edbc.<\/p>\n<p data-start=\"3423\" data-end=\"3468\"><strong data-start=\"3427\" data-end=\"3468\">B\u01b0\u1edbc 4: L\u1eb7n ch\u00ednh th\u1ee9c xu\u1ed1ng \u0111\u00e1y bi\u1ec3n. <\/strong>H\u01b0\u1edbng d\u1eabn vi\u00ean theo s\u00e1t 1:1, \u0111\u1ea3m b\u1ea3o an to\u00e0n tuy\u1ec7t \u0111\u1ed1i.<\/p>\n<p data-start=\"3526\" data-end=\"3573\"><strong data-start=\"3530\" data-end=\"3573\">B\u01b0\u1edbc 5: Ch\u1ee5p \u1ea3nh \u2013 Quay video d\u01b0\u1edbi n\u01b0\u1edbc. <\/strong>Ch\u1ee5p \u1ea3nh l\u01b0u ni\u1ec7m v\u1edbi r\u1ea1n san h\u00f4 v\u00e0 \u0111\u00e0n c\u00e1, ph\u00ed quay ch\u1ee5p \u0111\u00e3 bao g\u1ed3m.<\/p>\n<h2 data-start=\"4796\" data-end=\"4849\"><span class=\"ez-toc-section\" id=\"Nen_Lan_Binh_Khi_O_Nha_Trang_Vao_Thang_Nao\"><\/span><strong data-start=\"4799\" data-end=\"4849\">N\u00ean L\u1eb7n B\u00ecnh Kh\u00ed \u1ede Nha Trang V\u00e0o Th\u00e1ng N\u00e0o?<\/strong><span class=\"ez-toc-section-end\"><\/span><\/h2>\n<div class=\"_tableContainer_1rjym_1\">\n<div class=\"group _tableWrapper_1rjym_13 flex w-fit flex-col-reverse\" tabindex=\"-1\">\n<table class=\"w-fit min-w-(--thread-content-width)\" data-start=\"4851\" data-end=\"5183\">\n<thead data-start=\"4851\" data-end=\"4883\">\n<tr data-start=\"4851\" data-end=\"4883\">\n<th data-start=\"4851\" data-end=\"4863\" data-col-size=\"sm\">\u65f6\u95f4<\/th>\n<th data-start=\"4863\" data-end=\"4874\" data-col-size=\"sm\">\u7279\u5f81<\/th>\n<th data-start=\"4874\" data-end=\"4883\" data-col-size=\"md\">\u5efa\u8bae<\/th>\n<\/tr>\n<\/thead>\n<tbody data-start=\"4916\" data-end=\"5183\">\n<tr data-start=\"4916\" data-end=\"4995\">\n<td data-start=\"4916\" data-end=\"4940\" data-col-size=\"sm\"><strong data-start=\"4918\" data-end=\"4939\">Th\u00e1ng 3 \u2013 Th\u00e1ng 9<\/strong><\/td>\n<td data-col-size=\"sm\" data-start=\"4940\" data-end=\"4968\">Bi\u1ec3n \u0111\u1eb9p nh\u1ea5t, n\u01b0\u1edbc trong<\/td>\n<td data-col-size=\"md\" data-start=\"4968\" data-end=\"4995\">Th\u1eddi \u0111i\u1ec3m l\u00fd t\u01b0\u1edfng nh\u1ea5t<\/td>\n<\/tr>\n<tr data-start=\"4996\" data-end=\"5097\">\n<td data-start=\"4996\" data-end=\"5022\" data-col-size=\"sm\"><strong data-start=\"4998\" data-end=\"5021\">Th\u00e1ng 10 \u2013 Th\u00e1ng 12<\/strong><\/td>\n<td data-col-size=\"sm\" data-start=\"5022\" data-end=\"5043\">C\u00f3 th\u1ec3 c\u00f3 s\u00f3ng nh\u1eb9<\/td>\n<td data-col-size=\"md\" data-start=\"5043\" data-end=\"5097\">L\u1eb7n \u0111\u01b0\u1ee3c nh\u01b0ng n\u00ean \u0111\u1eb7t tr\u01b0\u1edbc \u0111\u1ec3 ki\u1ec3m tra th\u1eddi ti\u1ebft<\/td>\n<\/tr>\n<tr data-start=\"5098\" data-end=\"5183\">\n<td data-start=\"5098\" data-end=\"5122\" data-col-size=\"sm\"><strong data-start=\"5100\" data-end=\"5121\">Th\u00e1ng 1 \u2013 Th\u00e1ng 2<\/strong><\/td>\n<td data-col-size=\"sm\" data-start=\"5122\" data-end=\"5138\">N\u01b0\u1edbc h\u01a1i l\u1ea1nh<\/td>\n<td data-col-size=\"md\" data-start=\"5138\" data-end=\"5183\">V\u1eabn l\u1eb7n \u0111\u01b0\u1ee3c, ph\u00f9 h\u1ee3p ng\u01b0\u1eddi ch\u1ecbu l\u1ea1nh t\u1ed1t<\/td>\n<\/tr>\n<\/tbody>\n<\/table>\n<\/div>\n<\/div>\n<p data-start=\"5210\" data-end=\"5528\"><strong data-start=\"5210\" data-end=\"5236\">L\u1eb7n b\u00ecnh kh\u00ed Nha Trang<\/strong> kh\u00f4ng ch\u1ec9 l\u00e0 m\u1ed9t tr\u1ea3i nghi\u1ec7m du l\u1ecbch b\u00ecnh th\u01b0\u1eddng m\u00e0 c\u00f2n l\u00e0 h\u00e0nh tr\u00ecnh kh\u00e1m ph\u00e1 m\u1ed9t th\u1ebf gi\u1edbi m\u1edbi \u2013 n\u01a1i \u00e1nh s\u00e1ng, m\u00e0u s\u1eafc v\u00e0 s\u1ef1 s\u1ed1ng h\u00f2a quy\u1ec7n d\u01b0\u1edbi m\u1eb7t bi\u1ec3n. \u0110\u00e2y ch\u00ednh l\u00e0 ho\u1ea1t \u0111\u1ed9ng gi\u00fap b\u1ea1n t\u00ecm l\u1ea1i s\u1ef1 b\u00ecnh y\u00ean, c\u1ea3m nh\u1eadn v\u1ebb \u0111\u1eb9p thu\u1ea7n khi\u1ebft c\u1ee7a thi\u00ean nhi\u00ean v\u00e0 l\u01b0u l\u1ea1i nh\u1eefng kho\u1ea3nh kh\u1eafc \u0111\u00e1ng nh\u1edb.<\/p>\n<p data-start=\"5530\" data-end=\"5648\">N\u1ebfu b\u1ea1n \u0111ang chu\u1ea9n b\u1ecb \u0111\u1ebfn Nha Trang, \u0111\u1eebng qu\u00ean th\u00eam <strong data-start=\"5582\" data-end=\"5598\">l\u1eb7n b\u00ecnh kh\u00ed<\/strong> v\u00e0o l\u1ecbch tr\u00ecnh \u2013 b\u1ea1n ch\u1eafc ch\u1eafn s\u1ebd kh\u00f4ng h\u1ed1i ti\u1ebfc!<\/p>","protected":false},"excerpt":{"rendered":"<h3 class=\"product-title product_title entry-title\"><span style=\"color: #0000ff; font-size: 100%;\">Scuba Diving &#8211; L\u1eb7n b\u00ecnh kh\u00ed: 1.300.000 VN\u0110\/ng\u01b0\u1eddi (quay phim + ch\u1ee5p \u1ea3nh)<\/span><\/h3>\n<p><img loading=\"lazy\" decoding=\"async\" class=\"size-full wp-image-40046 alignnone\" src=\"https:\/\/tourdaonhatrang.com\/wp-content\/uploads\/2023\/01\/phieu-khuyen-mai-thanh-toan-ngay.png\" alt=\"\" width=\"420\" height=\"180\" srcset=\"https:\/\/tourdaonhatrang.com\/wp-content\/uploads\/2023\/01\/phieu-khuyen-mai-thanh-toan-ngay.png 420w, https:\/\/tourdaonhatrang.com\/wp-content\/uploads\/2023\/01\/phieu-khuyen-mai-thanh-toan-ngay-300x129.png 300w, https:\/\/tourdaonhatrang.com\/wp-content\/uploads\/2023\/01\/phieu-khuyen-mai-thanh-toan-ngay-18x8.png 18w, https:\/\/tourdaonhatrang.com\/wp-content\/uploads\/2023\/01\/phieu-khuyen-mai-thanh-toan-ngay-400x171.png 400w\" sizes=\"auto, (max-width: 420px) 100vw, 420px\" \/><\/p>\n<ul>\n<li data-start=\"3445\" data-end=\"3468\">H\u01b0\u1edbng d\u1eabn vi\u00ean k\u00e8m 1:1<\/li>\n<li data-start=\"3471\" data-end=\"3489\">\u670d\u52a1\u4fdd\u9669<\/li>\n<li data-start=\"3471\" data-end=\"3489\">\u62cd\u6444+\u6444\u5f71<\/li>\n<li data-start=\"3471\" data-end=\"3489\">Trang thi\u1ebft b\u1ecb hi\u1ec7n \u0111\u1ea1i<\/li>\n<li data-start=\"3471\" data-end=\"3489\"><span style=\"color: #333333;\">\u70ed\u7ebf\uff1a <\/span><a href=\"tel:0849256256\">0849 256 256<\/a><\/li>\n<li><span style=\"color: #0000ff;\">10% \u4ed8\u6b3e\u4f18\u60e0<\/span><\/li>\n<li>\u6e2f\u6f6d\u5c9b\u670d\u52a1<\/li>\n<\/ul>\n<div class=\"hJDwNd-AhqUyc-qWD73c purZT-AhqUyc-II5mzb pSzOP-AhqUyc-qWD73c JNdkSc\">\n<div class=\"JNdkSc-SmKAyb\">\n<div class=\"\">\n<div class=\"oKdM2c Kzv0Me\">\n<div class=\"hJDwNd-AhqUyc-qWD73c purZT-AhqUyc-II5mzb pSzOP-AhqUyc-qWD73c JNdkSc\">\n<div class=\"JNdkSc-SmKAyb\">\n<div class=\"\">\n<div class=\"oKdM2c Kzv0Me\">\n<div id=\"h.f128f2fe5256b73_1433\" class=\"hJDwNd-AhqUyc-qWD73c jXK9ad D2fZ2 OjCsFc wHaque GNzUNc\">\n<div class=\"jXK9ad-SmKAyb\">\n<div class=\"tyJCtd mGzaTb baZpAe\">\n<div class=\"row row-small mua-ngay-button\">\n<div class=\"cot1 medium-6 small-12 large-6\">\n<div class=\"col-inner\"><a class=\"button primary is-large lowercase expand\" style=\"border-radius: 3px;\" href=\"https:\/\/tourdaonhatrang.com\/zh\/scuba-diving-lan-binh-khi-nha-trang\/\">\u67e5\u770b\u8be6\u60c5<br \/>\n<\/a><\/div>\n<\/div>\n<div class=\"cot2 medium-6 small-12 large-6\">\n<div class=\"col-inner\"><a class=\"button success is-large lowercase expand\" style=\"border-radius: 3px;\" href=\"https:\/\/hontamnhatrang.com\/tour-hon-tam\/dat-ve-tour-1-dao-nha-trang\/\" target=\"_self\" rel=\"noopener\"><span style=\"vertical-align: inherit;\">\ud83d\uded2 \u5feb\u901f\u8ba2\u7968<\/span><\/a><\/div>\n<\/div>\n<\/div>\n<\/div>\n<\/div>\n<\/div>\n<\/div>\n<\/div>\n<\/div>\n<\/div>\n<\/div>\n<\/div>\n<\/div>\n<\/div>","protected":false},"featured_media":38308,"comment_status":"open","ping_status":"closed","template":"","meta":[],"product_brand":[],"product_cat":[739],"product_tag":[745,744],"class_list":{"0":"post-38306","1":"product","2":"type-product","3":"status-publish","4":"has-post-thumbnail","6":"product_cat-the-thao-bien-nha-trang","7":"product_tag-lan-bien-nha-trang","8":"product_tag-lan-binh-khi-nha-trang","10":"first","11":"instock","12":"shipping-taxable","13":"product-type-simple"},"_links":{"self":[{"href":"https:\/\/tourdaonhatrang.com\/zh\/wp-json\/wp\/v2\/product\/38306","targetHints":{"allow":["GET"]}}],"collection":[{"href":"https:\/\/tourdaonhatrang.com\/zh\/wp-json\/wp\/v2\/product"}],"about":[{"href":"https:\/\/tourdaonhatrang.com\/zh\/wp-json\/wp\/v2\/types\/product"}],"replies":[{"embeddable":true,"href":"https:\/\/tourdaonhatrang.com\/zh\/wp-json\/wp\/v2\/comments?post=38306"}],"wp:featuredmedia":[{"embeddable":true,"href":"https:\/\/tourdaonhatrang.com\/zh\/wp-json\/wp\/v2\/media\/38308"}],"wp:attachment":[{"href":"https:\/\/tourdaonhatrang.com\/zh\/wp-json\/wp\/v2\/media?parent=38306"}],"wp:term":[{"taxonomy":"product_brand","embeddable":true,"href":"https:\/\/tourdaonhatrang.com\/zh\/wp-json\/wp\/v2\/product_brand?post=38306"},{"taxonomy":"product_cat","embeddable":true,"href":"https:\/\/tourdaonhatrang.com\/zh\/wp-json\/wp\/v2\/product_cat?post=38306"},{"taxonomy":"product_tag","embeddable":true,"href":"https:\/\/tourdaonhatrang.com\/zh\/wp-json\/wp\/v2\/product_tag?post=38306"}],"curies":[{"name":"wp","href":"https:\/\/api.w.org\/{rel}","templated":true}]}}