{"id":38307,"date":"2023-01-21T09:21:34","date_gmt":"2023-01-21T02:21:34","guid":{"rendered":"https:\/\/tourdaonhatrang.com\/?post_type=product&#038;p=38307"},"modified":"2026-03-14T07:47:43","modified_gmt":"2026-03-14T00:47:43","slug":"seawalker-di-bo-duoi-day-bien","status":"publish","type":"product","link":"https:\/\/tourdaonhatrang.com\/zh\/seawalker-di-bo-duoi-day-bien\/","title":{"rendered":"Seawalker &#8211; \u0110i b\u1ed9 d\u01b0\u1edbi \u0111\u00e1y bi\u1ec3n"},"content":{"rendered":"<p><b>\u0110i b\u1ed9 d\u01b0\u1edbi bi\u1ec3n H\u00f2n T\u1eb1m<\/b><span style=\"font-weight: 400;\"> (Sea Walker) l\u00e0 m\u1ed9t trong nh\u1eefng tr\u1ea3i nghi\u1ec7m \u0111\u1ed9c \u0111\u00e1o v\u00e0 \u0111\u01b0\u1ee3c s\u0103n \u0111\u00f3n nh\u1ea5t t\u1ea1i Nha Trang. \u0110i\u1ec3m \u0111\u1eb7c bi\u1ec7t c\u1ee7a d\u1ecbch v\u1ee5 n\u00e0y l\u00e0 du kh\u00e1ch ho\u00e0n to\u00e0n kh\u00f4ng c\u1ea7n bi\u1ebft b\u01a1i hay c\u00f3 kinh nghi\u1ec7m l\u1eb7n. <\/span><\/p>\n<div id=\"ez-toc-container\" class=\"ez-toc-v2_0_82_2 counter-hierarchy ez-toc-counter ez-toc-grey ez-toc-container-direction\">\n<div class=\"ez-toc-title-container\">\n<p class=\"ez-toc-title\" style=\"cursor:inherit\">\u5185\u5bb9<\/p>\n<span class=\"ez-toc-title-toggle\"><a href=\"#\" class=\"ez-toc-pull-right ez-toc-btn ez-toc-btn-xs ez-toc-btn-default ez-toc-toggle\" aria-label=\"Toggle Table of Content\"><span class=\"ez-toc-js-icon-con\"><span class=\"\"><span class=\"eztoc-hide\" style=\"display:none;\">\u5207\u6362<\/span><span class=\"ez-toc-icon-toggle-span\"><svg style=\"fill: #999;color:#999\" xmlns=\"http:\/\/www.w3.org\/2000\/svg\" class=\"list-377408\" width=\"20px\" height=\"20px\" viewbox=\"0 0 24 24\" fill=\"none\"><path d=\"M6 6H4v2h2V6zm14 0H8v2h12V6zM4 11h2v2H4v-2zm16 0H8v2h12v-2zM4 16h2v2H4v-2zm16 0H8v2h12v-2z\" fill=\"currentColor\"><\/path><\/svg><svg style=\"fill: #999;color:#999\" class=\"arrow-unsorted-368013\" xmlns=\"http:\/\/www.w3.org\/2000\/svg\" width=\"10px\" height=\"10px\" viewbox=\"0 0 24 24\" version=\"1.2\" baseprofile=\"tiny\"><path d=\"M18.2 9.3l-6.2-6.3-6.2 6.3c-.2.2-.3.4-.3.7s.1.5.3.7c.2.2.4.3.7.3h11c.3 0 .5-.1.7-.3.2-.2.3-.5.3-.7s-.1-.5-.3-.7zM5.8 14.7l6.2 6.3 6.2-6.3c.2-.2.3-.5.3-.7s-.1-.5-.3-.7c-.2-.2-.4-.3-.7-.3h-11c-.3 0-.5.1-.7.3-.2.2-.3.5-.3.7s.1.5.3.7z\"\/><\/svg><\/span><\/span><\/span><\/a><\/span><\/div>\n<nav><ul class='ez-toc-list ez-toc-list-level-1' ><li class='ez-toc-page-1 ez-toc-heading-level-2'><a class=\"ez-toc-link ez-toc-heading-1\" href=\"https:\/\/tourdaonhatrang.com\/zh\/seawalker-di-bo-duoi-day-bien\/#Di_bo_duoi_day_bien_choi_nhu_the_nao\" >\u0110i b\u1ed9 d\u01b0\u1edbi \u0111\u00e1y bi\u1ec3n ch\u01a1i nh\u01b0 th\u1ebf n\u00e0o?<\/a><\/li><li class='ez-toc-page-1 ez-toc-heading-level-2'><a class=\"ez-toc-link ez-toc-heading-2\" href=\"https:\/\/tourdaonhatrang.com\/zh\/seawalker-di-bo-duoi-day-bien\/#Di_bo_duoi_day_bien_co_gi_hap_dan\" >\u0110i b\u1ed9 d\u01b0\u1edbi \u0111\u00e1y bi\u1ec3n c\u00f3 g\u00ec h\u1ea5p d\u1eabn?<\/a><\/li><li class='ez-toc-page-1 ez-toc-heading-level-2'><a class=\"ez-toc-link ez-toc-heading-3\" href=\"https:\/\/tourdaonhatrang.com\/zh\/seawalker-di-bo-duoi-day-bien\/#Gia_Seawalker_%E2%80%93_Di_bo_duoi_day_bien_tai_Vinh_Nha_Trang\" >Gi\u00e1 Seawalker &#8211; \u0110i b\u1ed9 d\u01b0\u1edbi \u0111\u00e1y bi\u1ec3n t\u1ea1i V\u1ecbnh Nha Trang<\/a><\/li><\/ul><\/nav><\/div>\n<h2><span class=\"ez-toc-section\" id=\"Di_bo_duoi_day_bien_choi_nhu_the_nao\"><\/span>\u0110i b\u1ed9 d\u01b0\u1edbi \u0111\u00e1y bi\u1ec3n ch\u01a1i nh\u01b0 th\u1ebf n\u00e0o?<span class=\"ez-toc-section-end\"><\/span><\/h2>\n<p><span style=\"font-weight: 400;\">B\u1ea1n ch\u1ec9 c\u1ea7n \u0111\u1ed9i chi\u1ebfc m\u0169 b\u1ea3o hi\u1ec3m d\u01b0\u1ee1ng kh\u00ed chuy\u00ean d\u1ee5ng, c\u00f3 thi\u1ebft k\u1ebf \u0111\u1eb7c bi\u1ec7t gi\u00fap \u0111\u1ea7u v\u00e0 vai kh\u00f4 r\u00e1o, sau \u0111\u00f3 \u0111i b\u1ed9 th\u1eb3ng xu\u1ed1ng \u0111\u00e1y bi\u1ec3n \u0111\u1ec3 kh\u00e1m ph\u00e1 th\u1ebf gi\u1edbi san h\u00f4 r\u1ef1c r\u1ee1 m\u1ed9t c\u00e1ch d\u1ec5 d\u00e0ng.<\/span><\/p>\n<p><span style=\"font-weight: 400;\">Tr\u1ea3i nghi\u1ec7m <\/span><b>Sea Walker Nha Trang<\/b><span style=\"font-weight: 400;\"> t\u1ea1i H\u00f2n T\u1eb1m m\u1edf ra m\u1ed9t th\u1ebf gi\u1edbi k\u1ef3 di\u1ec7u: b\u1ea1n s\u1ebd \u0111\u01b0\u1ee3c ng\u1eafm nh\u00ecn \u0111\u00e0n c\u00e1 nhi\u1ec7t \u0111\u1edbi b\u01a1i l\u1ed9i xung quanh, t\u1eadn m\u1eaft chi\u00eam ng\u01b0\u1ee1ng nh\u1eefng r\u1ea1n san h\u00f4 \u0111a s\u1eafc m\u00e0u v\u00e0 th\u1eadm ch\u00ed l\u00e0 ch\u1ea1m nh\u1eb9 v\u00e0o ch\u00fang. <\/span><\/p>\n<p><span style=\"font-weight: 400;\">To\u00e0n b\u1ed9 qu\u00e1 tr\u00ecnh di\u1ec5n ra d\u01b0\u1edbi s\u1ef1 gi\u00e1m s\u00e1t ch\u1eb7t ch\u1ebd c\u1ee7a \u0111\u1ed9i ng\u0169 th\u1ee3 l\u1eb7n chuy\u00ean nghi\u1ec7p, \u0111\u1ea3m b\u1ea3o an to\u00e0n tuy\u1ec7t \u0111\u1ed1i cho du kh\u00e1ch.<\/span><\/p>\n<h2><img loading=\"lazy\" decoding=\"async\" class=\"wp-image-38319 size-large alignnone\" src=\"https:\/\/tourdaonhatrang.com\/wp-content\/uploads\/2025\/11\/Sea-walker_Hon-Tam-1024x683.jpg\" alt=\"seawalker\" width=\"1020\" height=\"680\" title=\"\" srcset=\"https:\/\/tourdaonhatrang.com\/wp-content\/uploads\/2025\/11\/Sea-walker_Hon-Tam-1024x683.jpg 1024w, https:\/\/tourdaonhatrang.com\/wp-content\/uploads\/2025\/11\/Sea-walker_Hon-Tam-300x200.jpg 300w, https:\/\/tourdaonhatrang.com\/wp-content\/uploads\/2025\/11\/Sea-walker_Hon-Tam-768x512.jpg 768w, https:\/\/tourdaonhatrang.com\/wp-content\/uploads\/2025\/11\/Sea-walker_Hon-Tam-18x12.jpg 18w, https:\/\/tourdaonhatrang.com\/wp-content\/uploads\/2025\/11\/Sea-walker_Hon-Tam-400x267.jpg 400w, https:\/\/tourdaonhatrang.com\/wp-content\/uploads\/2025\/11\/Sea-walker_Hon-Tam-600x400.jpg 600w, https:\/\/tourdaonhatrang.com\/wp-content\/uploads\/2025\/11\/Sea-walker_Hon-Tam.jpg 1140w\" sizes=\"auto, (max-width: 1020px) 100vw, 1020px\" \/><\/h2>\n<h2><span class=\"ez-toc-section\" id=\"Di_bo_duoi_day_bien_co_gi_hap_dan\"><\/span>\u0110i b\u1ed9 d\u01b0\u1edbi \u0111\u00e1y bi\u1ec3n c\u00f3 g\u00ec h\u1ea5p d\u1eabn?<span class=\"ez-toc-section-end\"><\/span><\/h2>\n<ul>\n<li><b>Kh\u00e1m ph\u00e1 &#8220;V\u01b0\u01a1ng Qu\u1ed1c San H\u00f4&#8221; Tr\u1ecdn V\u1eb9n:<\/b> B\u1ea1n s\u1ebd \u0111\u01b0\u1ee3c trang b\u1ecb chi\u1ebfc <b>m\u0169 l\u1eb7n chuy\u00ean d\u1ee5ng<\/b> (gi\u1ed1ng nh\u01b0 m\u0169 phi h\u00e0nh gia) cung c\u1ea5p oxy li\u00ean t\u1ee5c, cho ph\u00e9p b\u1ea1n <b>\u0111i b\u1ed9 tho\u1ea3i m\u00e1i<\/b> tr\u00ean n\u1ec1n c\u00e1t \u1edf \u0111\u1ed9 s\u00e2u kho\u1ea3ng 5-6 m\u00e9t. T\u1eadn m\u1eaft chi\u00eam ng\u01b0\u1ee1ng nh\u1eefng <b>r\u1ea1n san h\u00f4 r\u1ef1c r\u1ee1<\/b> v\u00e0 h\u1ec7 sinh th\u00e1i bi\u1ec3n \u0111a d\u1ea1ng nh\u01b0 \u0111ang \u0111i d\u1ea1o tr\u00ean \u0111\u1ea5t li\u1ec1n.<\/li>\n<li><b>Tr\u1ea3i nghi\u1ec7m T\u01b0\u01a1ng t\u00e1c Th\u00e2n thi\u1ec7n:<\/b> \u0110i\u1ec1u h\u1ea5p d\u1eabn nh\u1ea5t l\u00e0 b\u1ea1n c\u00f3 th\u1ec3 <b>ch\u1ea1m tay v\u00e0 cho nh\u1eefng \u0111\u00e0n c\u00e1 \u0111\u1ee7 m\u00e0u s\u1eafc \u0103n<\/b> ngay d\u01b0\u1edbi \u0111\u00e1y bi\u1ec3n. C\u1ea3m gi\u00e1c h\u00e0ng tr\u0103m ch\u00fa c\u00e1 b\u01a1i l\u1ed9i xung quanh ch\u1eafc ch\u1eafn s\u1ebd l\u00e0 m\u1ed9t k\u1ef7 ni\u1ec7m kh\u00f3 qu\u00ean.<\/li>\n<li><b>An to\u00e0n Tuy\u1ec7t \u0111\u1ed1i \u2013 Kh\u00f4ng C\u1ea7n K\u1ef9 n\u0103ng:<\/b> Seawalker \u0111\u01b0\u1ee3c thi\u1ebft k\u1ebf cho <b>ng\u01b0\u1eddi kh\u00f4ng bi\u1ebft b\u01a1i<\/b> ho\u1eb7c ng\u1ea1i l\u1eb7n. B\u1ea1n c\u00f3 th\u1ec3 th\u1edf b\u00ecnh th\u01b0\u1eddng, <b>kh\u00f4ng s\u1ee3 \u01b0\u1edbt t\u00f3c<\/b>, v\u00e0 lu\u00f4n c\u00f3 <b>h\u01b0\u1edbng d\u1eabn vi\u00ean chuy\u00ean nghi\u1ec7p<\/b> \u0111i k\u00e8m 1-1 ho\u1eb7c theo nh\u00f3m nh\u1ecf \u0111\u1ec3 \u0111\u1ea3m b\u1ea3o an to\u00e0n su\u1ed1t h\u00e0nh tr\u00ecnh.<\/li>\n<li><b>Ghi l\u1ea1i Kho\u1ea3nh Kh\u1eafc &#8220;\u0110\u1ed9c Quy\u1ec1n&#8221;:<\/b> D\u1ecbch v\u1ee5 th\u01b0\u1eddng bao g\u1ed3m <b>quay phim, ch\u1ee5p \u1ea3nh<\/b> ch\u1ea5t l\u01b0\u1ee3ng cao, gi\u00fap b\u1ea1n l\u01b0u gi\u1eef l\u1ea1i kho\u1ea3nh kh\u1eafc &#8220;phi h\u00e0nh gia d\u01b0\u1edbi \u0111\u1ea1i d\u01b0\u01a1ng&#8221; c\u00f3 m\u1ed9t kh\u00f4ng hai, t\u1ea1o n\u00ean nh\u1eefng b\u1ee9c \u1ea3nh check-in c\u1ef1c k\u1ef3 \u1ea5n t\u01b0\u1ee3ng.<\/li>\n<\/ul>\n<h2><span class=\"ez-toc-section\" id=\"Gia_Seawalker_%E2%80%93_Di_bo_duoi_day_bien_tai_Vinh_Nha_Trang\"><\/span>Gi\u00e1 Seawalker &#8211; \u0110i b\u1ed9 d\u01b0\u1edbi \u0111\u00e1y bi\u1ec3n t\u1ea1i V\u1ecbnh Nha Trang<span class=\"ez-toc-section-end\"><\/span><\/h2>\n<p><strong>\u7968\u4ef7<\/strong> cho tr\u00f2 ch\u01a1i Seawalker &#8211; \u0110i b\u1ed9 d\u01b0\u1edbi \u0111\u00e1y bi\u1ec3n t\u1ea1i Nha Trang: 1.300.000 cho m\u1ed9t ng\u01b0\u1eddi. D<span style=\"font-weight: 400;\">\u1ecbch v\u1ee5 n\u00e0y c\u00f2n <\/span><b>bao g\u1ed3m c\u1ea3 quay phim v\u00e0 ch\u1ee5p \u1ea3nh<\/b><span style=\"font-weight: 400;\">, gi\u00fap b\u1ea1n ghi l\u1ea1i tr\u1ecdn v\u1eb9n nh\u1eefng kho\u1ea3nh kh\u1eafc \u0111\u00e1ng nh\u1edb d\u01b0\u1edbi l\u00f2ng \u0111\u1ea1i d\u01b0\u01a1ng.<\/span><\/p>\n<p>Vi\u1ec7c tr\u1ea3i nghi\u1ec7m Seawalker &#8211; \u0110i b\u1ed9 d\u01b0\u1edbi \u0111\u00e1y bi\u1ec3n \u1edf Nha Trang r\u1ea5t thu\u1eadn ti\u1ec7n \u2013 b\u1ea1n c\u00f3 th\u1ec3 t\u00ecm th\u1ea5y d\u1ecbch v\u1ee5 n\u00e0y t\u1ea1i h\u1ea7u h\u1ebft c\u00e1c b\u00e3i bi\u1ec3n l\u1edbn, khu du l\u1ecbch \u0111\u1ea3o (nh\u01b0 <a href=\"https:\/\/hontamnhatrang.com\/\" rel=\"noopener\">\u8c2d\u6c49<\/a>, VinWonders) ho\u1eb7c c\u00e1c resort ven bi\u1ec3n.<\/p>\n<p><strong>C\u00e1ch thu\u00ea:<\/strong> B\u1ea1n ch\u1ec9 c\u1ea7n \u0111\u0103ng k\u00fd tr\u1ef1c ti\u1ebfp t\u1ea1i c\u00e1c qu\u1ea7y d\u1ecbch v\u1ee5 tr\u00f2 ch\u01a1i d\u01b0\u1edbi n\u01b0\u1edbc \u1edf b\u00e3i bi\u1ec3n ho\u1eb7c mua v\u00e9 th\u00f4ng qua c\u00e1c c\u00f4ng ty du l\u1ecbch.<\/p>\n<p><strong>\u7b14\u8bb0\uff1a<\/strong> Tr\u01b0\u1edbc khi ra kh\u01a1i, b\u1ea1n lu\u00f4n \u0111\u01b0\u1ee3c trang b\u1ecb v\u00e0 h\u01b0\u1edbng d\u1eabn chi ti\u1ebft v\u1ec1 c\u00e1ch ch\u01a1i, b\u00ean c\u1ea1nh \u0111\u00f3 lu\u00f4n c\u00f3 s\u1ef1 gi\u00e1m s\u00e1t c\u1ee7a <span style=\"font-weight: 400;\">\u0111\u1ed9i ng\u0169 th\u1ee3 l\u1eb7n chuy\u00ean nghi\u1ec7p \u0111\u1ec3 gi\u00fap qu\u00fd kh\u00e1ch c\u00f3 tr\u1ea3i nghi\u1ec7m an to\u00e0n, tr\u1ecdn v\u1eb9n<\/span>.<\/p>\n<p>Xem th\u00eam c\u00e1c tr\u00f2 ch\u01a1i th\u1ec3 thao bi\u1ec3n kh\u00e1c <a href=\"https:\/\/tourdaonhatrang.com\/zh\/%e6%b1%89%e8%b0%ad%e6%b5%b7%e6%bb%a9\/\">\u8fd9\u91cc<\/a><\/p>\n<p>&gt;&gt;&gt; <a href=\"https:\/\/tourdaonhatrang.com\/zh\/%e4%b9%98%e7%8b%ac%e6%9c%a8%e8%88%9f%e5%89%8d%e5%be%80%e8%8a%bd%e5%ba%84%e6%b9%be\/\">Cano k\u00e9o d\u00f9 bay Nha Trang<\/a><\/p>","protected":false},"excerpt":{"rendered":"<h3 class=\"product-title product_title entry-title\"><span style=\"color: #0000ff; font-size: 100%;\">\u0110i b\u1ed9 d\u01b0\u1edbi \u0111\u00e1y bi\u1ec3n: 1.300.000 VN\u0110\/ng\u01b0\u1eddi (quay phim + ch\u1ee5p \u1ea3nh)<\/span><\/h3>\n<p><img loading=\"lazy\" decoding=\"async\" class=\"size-full wp-image-40046 alignnone\" src=\"https:\/\/tourdaonhatrang.com\/wp-content\/uploads\/2023\/01\/phieu-khuyen-mai-thanh-toan-ngay.png\" alt=\"\" width=\"420\" height=\"180\" srcset=\"https:\/\/tourdaonhatrang.com\/wp-content\/uploads\/2023\/01\/phieu-khuyen-mai-thanh-toan-ngay.png 420w, https:\/\/tourdaonhatrang.com\/wp-content\/uploads\/2023\/01\/phieu-khuyen-mai-thanh-toan-ngay-300x129.png 300w, https:\/\/tourdaonhatrang.com\/wp-content\/uploads\/2023\/01\/phieu-khuyen-mai-thanh-toan-ngay-18x8.png 18w, https:\/\/tourdaonhatrang.com\/wp-content\/uploads\/2023\/01\/phieu-khuyen-mai-thanh-toan-ngay-400x171.png 400w\" sizes=\"auto, (max-width: 420px) 100vw, 420px\" \/><\/p>\n<ul>\n<li>\u62cd\u6444+\u6444\u5f71<\/li>\n<li>H\u01b0\u1edbng d\u1eabn vi\u00ean k\u00e8m 1:1<\/li>\n<li>\u670d\u52a1\u4fdd\u9669<\/li>\n<li>Trang thi\u1ebft b\u1ecb hi\u1ec7n \u0111\u1ea1i<\/li>\n<li>\u70ed\u7ebf\uff1a\u00a0<a href=\"tel:0849256256\">0849 256 256<\/a><\/li>\n<li><span style=\"color: #0000ff;\">10% \u4ed8\u6b3e\u4f18\u60e0<\/span><\/li>\n<li>\u6e2f\u6f6d\u5c9b\u670d\u52a1<\/li>\n<\/ul>\n<div class=\"hJDwNd-AhqUyc-qWD73c purZT-AhqUyc-II5mzb pSzOP-AhqUyc-qWD73c JNdkSc\">\n<div class=\"JNdkSc-SmKAyb\">\n<div class=\"\">\n<div class=\"oKdM2c Kzv0Me\">\n<div class=\"hJDwNd-AhqUyc-qWD73c purZT-AhqUyc-II5mzb pSzOP-AhqUyc-qWD73c JNdkSc\">\n<div class=\"JNdkSc-SmKAyb\">\n<div class=\"\">\n<div class=\"oKdM2c Kzv0Me\">\n<div id=\"h.f128f2fe5256b73_1433\" class=\"hJDwNd-AhqUyc-qWD73c jXK9ad D2fZ2 OjCsFc wHaque GNzUNc\">\n<div class=\"jXK9ad-SmKAyb\">\n<div class=\"tyJCtd mGzaTb baZpAe\">\n<div class=\"row row-small mua-ngay-button\">\n<div class=\"cot1 medium-6 small-12 large-6\">\n<div class=\"col-inner\"><a class=\"button primary is-large lowercase expand\" style=\"border-radius: 3px;\" href=\"https:\/\/tourdaonhatrang.com\/zh\/seawalker-di-bo-duoi-day-bien\/\">\u67e5\u770b\u8be6\u60c5<br \/>\n<\/a><\/div>\n<\/div>\n<div class=\"cot2 medium-6 small-12 large-6\">\n<div class=\"col-inner\"><a class=\"button success is-large lowercase expand\" style=\"border-radius: 3px;\" href=\"https:\/\/tourdaonhatrang.com\/zh\/%e6%b1%89%e8%b0%ad%e6%b5%b7%e6%bb%a9\/#the-thao-bien-hon-tam\" target=\"_self\" rel=\"noopener\"><span style=\"vertical-align: inherit;\">\ud83d\uded2 \u5feb\u901f\u8ba2\u7968<\/span><\/a><\/div>\n<\/div>\n<\/div>\n<\/div>\n<\/div>\n<\/div>\n<\/div>\n<\/div>\n<\/div>\n<\/div>\n<\/div>\n<\/div>\n<\/div>\n<\/div>","protected":false},"featured_media":38324,"comment_status":"open","ping_status":"closed","template":"","meta":[],"product_brand":[],"product_cat":[739],"product_tag":[747,746],"class_list":{"0":"post-38307","1":"product","2":"type-product","3":"status-publish","4":"has-post-thumbnail","6":"product_cat-the-thao-bien-nha-trang","7":"product_tag-di-bo-duoi-day-bien","8":"product_tag-seawalker","10":"first","11":"instock","12":"shipping-taxable","13":"product-type-simple"},"_links":{"self":[{"href":"https:\/\/tourdaonhatrang.com\/zh\/wp-json\/wp\/v2\/product\/38307","targetHints":{"allow":["GET"]}}],"collection":[{"href":"https:\/\/tourdaonhatrang.com\/zh\/wp-json\/wp\/v2\/product"}],"about":[{"href":"https:\/\/tourdaonhatrang.com\/zh\/wp-json\/wp\/v2\/types\/product"}],"replies":[{"embeddable":true,"href":"https:\/\/tourdaonhatrang.com\/zh\/wp-json\/wp\/v2\/comments?post=38307"}],"wp:featuredmedia":[{"embeddable":true,"href":"https:\/\/tourdaonhatrang.com\/zh\/wp-json\/wp\/v2\/media\/38324"}],"wp:attachment":[{"href":"https:\/\/tourdaonhatrang.com\/zh\/wp-json\/wp\/v2\/media?parent=38307"}],"wp:term":[{"taxonomy":"product_brand","embeddable":true,"href":"https:\/\/tourdaonhatrang.com\/zh\/wp-json\/wp\/v2\/product_brand?post=38307"},{"taxonomy":"product_cat","embeddable":true,"href":"https:\/\/tourdaonhatrang.com\/zh\/wp-json\/wp\/v2\/product_cat?post=38307"},{"taxonomy":"product_tag","embeddable":true,"href":"https:\/\/tourdaonhatrang.com\/zh\/wp-json\/wp\/v2\/product_tag?post=38307"}],"curies":[{"name":"wp","href":"https:\/\/api.w.org\/{rel}","templated":true}]}}